{"id":9807,"date":"2025-05-19T17:41:33","date_gmt":"2025-05-19T15:41:33","guid":{"rendered":"https:\/\/www.easyledstore.it\/prodotto\/bande-led-zigzag-ip65-chaude-5-metres\/"},"modified":"2026-01-19T12:35:13","modified_gmt":"2026-01-19T11:35:13","slug":"bande-led-zigzag-ip65-chaude-5-metres","status":"publish","type":"product","link":"https:\/\/www.easyledstore.it\/fr\/produit\/bande-led-zigzag-ip65-chaude-5-metres\/","title":{"rendered":"Bande LED ZigZag &#8211; IP65 &#8211; Chaude &#8211; 5 m\u00e8tres"},"content":{"rendered":"<p><strong>Bande LED Zig Zag pour l&#8217;ext\u00e9rieur, blanc chaud<\/strong><\/p>\n<p>SP\u00c9CIFICATIONS TECHNIQUES<\/p>\n<ul>\n<li>Longueur : <strong>5 m\u00e8tres<\/strong><\/li>\n<li>Tension : <strong>12<\/strong> V<\/li>\n<li>Couleur : Blanc chaud <strong>3000\u00b0K<\/strong><\/li>\n<li>Watts par m\u00e8tre : <strong>7,2 W\/m<\/strong><\/li>\n<li>IP Degr\u00e9 de protection :<strong> IP65<\/strong><\/li>\n<\/ul>\n","protected":false},"excerpt":{"rendered":"<p>Bande LED Zig Zag blanc chaud 3000K pour l&#8217;ext\u00e9rieur &#8211; pour la signalisation et la d\u00e9coration ext\u00e9rieure<\/p>\n","protected":false},"featured_media":9792,"comment_status":"open","ping_status":"closed","template":"","meta":[],"product_brand":[],"product_cat":[1396,1221,1397],"product_tag":[1055,1179,1088,1178,1061],"class_list":{"0":"post-9807","1":"product","2":"type-product","3":"status-publish","4":"has-post-thumbnail","6":"product_cat-bande-en-zig-zag","7":"product_cat-bande-led","8":"product_cat-zigzag-outdoor","9":"product_tag-12v","10":"product_tag-3000k","11":"product_tag-7-2w-m","12":"product_tag-blanc-chaud","13":"product_tag-certifie-ip65","15":"first","16":"instock","17":"taxable","18":"shipping-taxable","19":"purchasable","20":"product-type-simple"},"yoast_head":"<!-- This site is optimized with the Yoast SEO plugin v27.3 - https:\/\/yoast.com\/product\/yoast-seo-wordpress\/ -->\n<title>Bande LED ZigZag - IP65 - Chaude - 5 m\u00e8tres - Easyledstore<\/title>\n<meta name=\"description\" content=\"Bande LED Zig Zag blanc chaud 3000K pour l&#039;ext\u00e9rieur - pour la signalisation et la d\u00e9coration ext\u00e9rieure. Longueur : 5 m\u00e8tres\" \/>\n<meta name=\"robots\" content=\"index, follow, max-snippet:-1, max-image-preview:large, max-video-preview:-1\" \/>\n<link rel=\"canonical\" href=\"https:\/\/www.easyledstore.it\/fr\/produit\/bande-led-zigzag-ip65-chaude-5-metres\/\" \/>\n<meta property=\"og:locale\" content=\"fr_FR\" \/>\n<meta property=\"og:type\" content=\"article\" \/>\n<meta property=\"og:title\" content=\"Bande LED ZigZag - IP65 - Chaude - 5 m\u00e8tres - Easyledstore\" \/>\n<meta property=\"og:description\" content=\"Bande LED Zig Zag blanc chaud 3000K pour l&#039;ext\u00e9rieur - pour la signalisation et la d\u00e9coration ext\u00e9rieure. Longueur : 5 m\u00e8tres\" \/>\n<meta property=\"og:url\" content=\"https:\/\/www.easyledstore.it\/fr\/produit\/bande-led-zigzag-ip65-chaude-5-metres\/\" \/>\n<meta property=\"og:site_name\" content=\"Easyledstore\" \/>\n<meta property=\"article:publisher\" content=\"https:\/\/www.facebook.com\/easyledstore\" \/>\n<meta property=\"article:modified_time\" content=\"2026-01-19T11:35:13+00:00\" \/>\n<meta property=\"og:image\" content=\"https:\/\/www.easyledstore.it\/wp-content\/uploads\/2024\/05\/strisciaLed-zigzag-IP65.jpg\" \/>\n\t<meta property=\"og:image:width\" content=\"800\" \/>\n\t<meta property=\"og:image:height\" content=\"800\" \/>\n\t<meta property=\"og:image:type\" content=\"image\/jpeg\" \/>\n<meta name=\"twitter:card\" content=\"summary_large_image\" \/>\n<!-- \/ Yoast SEO plugin. -->","yoast_head_json":{"title":"Bande LED ZigZag - IP65 - Chaude - 5 m\u00e8tres - Easyledstore","description":"Bande LED Zig Zag blanc chaud 3000K pour l'ext\u00e9rieur - pour la signalisation et la d\u00e9coration ext\u00e9rieure. Longueur : 5 m\u00e8tres","robots":{"index":"index","follow":"follow","max-snippet":"max-snippet:-1","max-image-preview":"max-image-preview:large","max-video-preview":"max-video-preview:-1"},"canonical":"https:\/\/www.easyledstore.it\/fr\/produit\/bande-led-zigzag-ip65-chaude-5-metres\/","og_locale":"fr_FR","og_type":"article","og_title":"Bande LED ZigZag - IP65 - Chaude - 5 m\u00e8tres - Easyledstore","og_description":"Bande LED Zig Zag blanc chaud 3000K pour l'ext\u00e9rieur - pour la signalisation et la d\u00e9coration ext\u00e9rieure. Longueur : 5 m\u00e8tres","og_url":"https:\/\/www.easyledstore.it\/fr\/produit\/bande-led-zigzag-ip65-chaude-5-metres\/","og_site_name":"Easyledstore","article_publisher":"https:\/\/www.facebook.com\/easyledstore","article_modified_time":"2026-01-19T11:35:13+00:00","og_image":[{"width":800,"height":800,"url":"https:\/\/www.easyledstore.it\/wp-content\/uploads\/2024\/05\/strisciaLed-zigzag-IP65.jpg","type":"image\/jpeg"}],"twitter_card":"summary_large_image","schema":{"@context":"https:\/\/schema.org","@graph":[{"@type":"WebPage","@id":"https:\/\/www.easyledstore.it\/fr\/produit\/bande-led-zigzag-ip65-chaude-5-metres\/","url":"https:\/\/www.easyledstore.it\/fr\/produit\/bande-led-zigzag-ip65-chaude-5-metres\/","name":"Bande LED ZigZag - IP65 - Chaude - 5 m\u00e8tres - Easyledstore","isPartOf":{"@id":"https:\/\/www.easyledstore.it\/fr\/#website"},"primaryImageOfPage":{"@id":"https:\/\/www.easyledstore.it\/fr\/produit\/bande-led-zigzag-ip65-chaude-5-metres\/#primaryimage"},"image":{"@id":"https:\/\/www.easyledstore.it\/fr\/produit\/bande-led-zigzag-ip65-chaude-5-metres\/#primaryimage"},"thumbnailUrl":"https:\/\/www.easyledstore.it\/wp-content\/uploads\/2024\/05\/strisciaLed-zigzag-IP65.jpg","datePublished":"2025-05-19T15:41:33+00:00","dateModified":"2026-01-19T11:35:13+00:00","description":"Bande LED Zig Zag blanc chaud 3000K pour l'ext\u00e9rieur - pour la signalisation et la d\u00e9coration ext\u00e9rieure. Longueur : 5 m\u00e8tres","breadcrumb":{"@id":"https:\/\/www.easyledstore.it\/fr\/produit\/bande-led-zigzag-ip65-chaude-5-metres\/#breadcrumb"},"inLanguage":"fr-FR","potentialAction":[{"@type":"ReadAction","target":["https:\/\/www.easyledstore.it\/fr\/produit\/bande-led-zigzag-ip65-chaude-5-metres\/"]}]},{"@type":"ImageObject","inLanguage":"fr-FR","@id":"https:\/\/www.easyledstore.it\/fr\/produit\/bande-led-zigzag-ip65-chaude-5-metres\/#primaryimage","url":"https:\/\/www.easyledstore.it\/wp-content\/uploads\/2024\/05\/strisciaLed-zigzag-IP65.jpg","contentUrl":"https:\/\/www.easyledstore.it\/wp-content\/uploads\/2024\/05\/strisciaLed-zigzag-IP65.jpg","width":800,"height":800,"caption":"Bande LED ZigZag IP65 - 5 m\u00e8tres"},{"@type":"BreadcrumbList","@id":"https:\/\/www.easyledstore.it\/fr\/produit\/bande-led-zigzag-ip65-chaude-5-metres\/#breadcrumb","itemListElement":[{"@type":"ListItem","position":1,"name":"Home","item":"https:\/\/www.easyledstore.it\/fr\/modules-de-signalisation-led\/"},{"@type":"ListItem","position":2,"name":"Shop IT","item":"https:\/\/www.easyledstore.it\/fr\/boutique\/"},{"@type":"ListItem","position":3,"name":"Bande LED ZigZag &#8211; IP65 &#8211; Chaude &#8211; 5 m\u00e8tres"}]},{"@type":"WebSite","@id":"https:\/\/www.easyledstore.it\/fr\/#website","url":"https:\/\/www.easyledstore.it\/fr\/","name":"Easyledstore","description":"Alimentatori e Moduli LED per Insegne Luminose","publisher":{"@id":"https:\/\/www.easyledstore.it\/fr\/#organization"},"potentialAction":[{"@type":"SearchAction","target":{"@type":"EntryPoint","urlTemplate":"https:\/\/www.easyledstore.it\/fr\/?s={search_term_string}"},"query-input":{"@type":"PropertyValueSpecification","valueRequired":true,"valueName":"search_term_string"}}],"inLanguage":"fr-FR"},{"@type":"Organization","@id":"https:\/\/www.easyledstore.it\/fr\/#organization","name":"LTC Lighting Trading Company srls","url":"https:\/\/www.easyledstore.it\/fr\/","logo":{"@type":"ImageObject","inLanguage":"fr-FR","@id":"https:\/\/www.easyledstore.it\/fr\/#\/schema\/logo\/image\/","url":"https:\/\/www.easyledstore.it\/wp-content\/uploads\/2018\/03\/Landscape-FullColor-2000.png","contentUrl":"https:\/\/www.easyledstore.it\/wp-content\/uploads\/2018\/03\/Landscape-FullColor-2000.png","width":2000,"height":641,"caption":"LTC Lighting Trading Company srls"},"image":{"@id":"https:\/\/www.easyledstore.it\/fr\/#\/schema\/logo\/image\/"},"sameAs":["https:\/\/www.facebook.com\/easyledstore"]}]}},"_links":{"self":[{"href":"https:\/\/www.easyledstore.it\/fr\/wp-json\/wp\/v2\/product\/9807","targetHints":{"allow":["GET"]}}],"collection":[{"href":"https:\/\/www.easyledstore.it\/fr\/wp-json\/wp\/v2\/product"}],"about":[{"href":"https:\/\/www.easyledstore.it\/fr\/wp-json\/wp\/v2\/types\/product"}],"replies":[{"embeddable":true,"href":"https:\/\/www.easyledstore.it\/fr\/wp-json\/wp\/v2\/comments?post=9807"}],"wp:featuredmedia":[{"embeddable":true,"href":"https:\/\/www.easyledstore.it\/fr\/wp-json\/wp\/v2\/media\/9792"}],"wp:attachment":[{"href":"https:\/\/www.easyledstore.it\/fr\/wp-json\/wp\/v2\/media?parent=9807"}],"wp:term":[{"taxonomy":"product_brand","embeddable":true,"href":"https:\/\/www.easyledstore.it\/fr\/wp-json\/wp\/v2\/product_brand?post=9807"},{"taxonomy":"product_cat","embeddable":true,"href":"https:\/\/www.easyledstore.it\/fr\/wp-json\/wp\/v2\/product_cat?post=9807"},{"taxonomy":"product_tag","embeddable":true,"href":"https:\/\/www.easyledstore.it\/fr\/wp-json\/wp\/v2\/product_tag?post=9807"}],"curies":[{"name":"wp","href":"https:\/\/api.w.org\/{rel}","templated":true}]}}