{"id":9675,"date":"2018-03-22T12:03:18","date_gmt":"2018-03-22T11:03:18","guid":{"rendered":"https:\/\/www.easyledstore.it\/prodotto\/pixel-led-rgb-03w\/"},"modified":"2026-01-19T12:53:54","modified_gmt":"2026-01-19T11:53:54","slug":"pixel-led-rgb-03w","status":"publish","type":"product","link":"https:\/\/www.easyledstore.it\/fr\/produit\/pixel-led-rgb-03w\/","title":{"rendered":"Pixel LED RGB &#8211; 0,3W"},"content":{"rendered":"<h3>Couleur et luminosit\u00e9 avec LED Pixel RGB<\/h3>\n<p>Ces pixels LED RVB, petits mais puissants, sont con\u00e7us pour porter votre projet d&#8217;\u00e9clairage au sommet.<\/p>\n<p>C&#8217;est pourquoi vous devriez envisager de les utiliser dans votre prochain projet :<\/p>\n<p><strong>1. Une luminosit\u00e9 et des couleurs \u00e9tonnantes<\/strong>: Avec une puissance de 0,3 W, ces LED RVB Pixel offrent une luminosit\u00e9 impressionnante pour leur taille. La technologie RVB vous permet de cr\u00e9er une large gamme de couleurs vives et \u00e9clatantes, parfaites pour attirer l&#8217;attention et donner de l&#8217;\u00e9clat \u00e0 n&#8217;importe quel environnement. <\/p>\n<p><strong>2. Grand<\/strong> angle d&#8217;<strong>\u00e9clairage<\/strong>: avec un angle de 90-180 degr\u00e9s, ces LED Pixel assurent une distribution uniforme de la lumi\u00e8re, \u00e9clairant efficacement les plus grandes surfaces. Qu&#8217;il s&#8217;agisse d&#8217;\u00e9clairer un panneau publicitaire ou un grand \u00e9cran, ces LED garantissent une couverture optimale. <\/p>\n<p><strong>3. Longue<\/strong> dur\u00e9e de vie : avec une dur\u00e9e de vie de 50 000 heures, vous pouvez \u00eatre s\u00fbr que ces LED Pixel dureront, offrant des performances fiables et constantes sans compromettre la qualit\u00e9 de la lumi\u00e8re.<\/p>\n<p><strong>4. S\u00e9curit\u00e9 et facilit\u00e9 d&#8217;utilisation<\/strong>: aliment\u00e9s par un courant continu de 5 V, ces pixels LED garantissent une exp\u00e9rience d&#8217;\u00e9clairage s\u00fbre et sans probl\u00e8me. En outre, leur bo\u00eetier flexible permet une installation simple et une maintenance ais\u00e9e, ce qui les rend id\u00e9aux pour les projets n\u00e9cessitant commodit\u00e9 et durabilit\u00e9. <\/p>\n<p><strong>5. Polyvalence d&#8217;utilisation<\/strong>: des lettres lumineuses aux panneaux d&#8217;affichage, des panneaux de signalisation aux illuminations publicitaires, ces LED RVB Pixel sont le choix id\u00e9al pour une large gamme d&#8217;applications d&#8217;\u00e9clairage commercial et publicitaire. L&#8217;espacement des trous de forage peut \u00eatre personnalis\u00e9 pour r\u00e9pondre \u00e0 vos besoins sp\u00e9cifiques, ce qui vous offre une grande flexibilit\u00e9 en mati\u00e8re de conception et d&#8217;installation. <\/p>\n<p><strong><a href=\"https:\/\/www.easyledstore.it\/fr\/categories-produits\/pixel-led\/\">D\u00e9couvrez la gamme Pixel LED sur Easyledstore.fr<\/a><\/strong> et transformez votre projet d&#8217;\u00e9clairage en une \u0153uvre d&#8217;art lumineuse qui attire l&#8217;attention et laisse une impression durable !<\/p>\n","protected":false},"excerpt":{"rendered":"<p>LED Pixel RGB encastr\u00e9. Largement utilis\u00e9 pour les enseignes mobiles avec des lettres et des formes sur lesquelles il peut \u00eatre appliqu\u00e9 apr\u00e8s le per\u00e7age. <\/p>\n","protected":false},"featured_media":9679,"comment_status":"open","ping_status":"closed","template":"","meta":[],"product_brand":[],"product_cat":[1174,1329,1054],"product_tag":[1330,1331,1058,1332,1060,1223],"class_list":{"0":"post-9675","1":"product","2":"type-product","3":"status-publish","4":"has-post-thumbnail","6":"product_cat-modules-led","7":"product_cat-modules-rgb","8":"product_cat-pixel-led","9":"product_tag-0-3w","10":"product_tag-120-degres","11":"product_tag-1058","12":"product_tag-5v","13":"product_tag-del-colorees","14":"product_tag-rvb","16":"first","17":"instock","18":"taxable","19":"shipping-taxable","20":"purchasable","21":"product-type-simple"},"yoast_head":"<!-- This site is optimized with the Yoast SEO plugin v27.3 - https:\/\/yoast.com\/product\/yoast-seo-wordpress\/ -->\n<title>LED Pixel RGB - 0.3W | Easyledstore<\/title>\n<meta name=\"description\" content=\"LED Pixel RGB encastr\u00e9e. Largement utilis\u00e9 pour d\u00e9placer les lettres ou les gabarits sur lesquels il est appliqu\u00e9, apr\u00e8s per\u00e7age.\" \/>\n<meta name=\"robots\" content=\"index, follow, max-snippet:-1, max-image-preview:large, max-video-preview:-1\" \/>\n<link rel=\"canonical\" href=\"https:\/\/www.easyledstore.it\/fr\/produit\/pixel-led-rgb-03w\/\" \/>\n<meta property=\"og:locale\" content=\"fr_FR\" \/>\n<meta property=\"og:type\" content=\"article\" \/>\n<meta property=\"og:title\" content=\"LED Pixel RGB - 0.3W | Easyledstore\" \/>\n<meta property=\"og:description\" content=\"LED Pixel RGB encastr\u00e9e. Largement utilis\u00e9 pour d\u00e9placer les lettres ou les gabarits sur lesquels il est appliqu\u00e9, apr\u00e8s per\u00e7age.\" \/>\n<meta property=\"og:url\" content=\"https:\/\/www.easyledstore.it\/fr\/produit\/pixel-led-rgb-03w\/\" \/>\n<meta property=\"og:site_name\" content=\"Easyledstore\" \/>\n<meta property=\"article:publisher\" content=\"https:\/\/www.facebook.com\/easyledstore\" \/>\n<meta property=\"article:modified_time\" content=\"2026-01-19T11:53:54+00:00\" \/>\n<meta property=\"og:image\" content=\"https:\/\/www.easyledstore.it\/wp-content\/uploads\/2018\/03\/pixekrgb-1.png\" \/>\n\t<meta property=\"og:image:width\" content=\"1500\" \/>\n\t<meta property=\"og:image:height\" content=\"1500\" \/>\n\t<meta property=\"og:image:type\" content=\"image\/png\" \/>\n<meta name=\"twitter:card\" content=\"summary_large_image\" \/>\n<meta name=\"twitter:label1\" content=\"Dur\u00e9e de lecture estim\u00e9e\" \/>\n\t<meta name=\"twitter:data1\" content=\"2 minutes\" \/>\n<!-- \/ Yoast SEO plugin. -->","yoast_head_json":{"title":"LED Pixel RGB - 0.3W | Easyledstore","description":"LED Pixel RGB encastr\u00e9e. Largement utilis\u00e9 pour d\u00e9placer les lettres ou les gabarits sur lesquels il est appliqu\u00e9, apr\u00e8s per\u00e7age.","robots":{"index":"index","follow":"follow","max-snippet":"max-snippet:-1","max-image-preview":"max-image-preview:large","max-video-preview":"max-video-preview:-1"},"canonical":"https:\/\/www.easyledstore.it\/fr\/produit\/pixel-led-rgb-03w\/","og_locale":"fr_FR","og_type":"article","og_title":"LED Pixel RGB - 0.3W | Easyledstore","og_description":"LED Pixel RGB encastr\u00e9e. Largement utilis\u00e9 pour d\u00e9placer les lettres ou les gabarits sur lesquels il est appliqu\u00e9, apr\u00e8s per\u00e7age.","og_url":"https:\/\/www.easyledstore.it\/fr\/produit\/pixel-led-rgb-03w\/","og_site_name":"Easyledstore","article_publisher":"https:\/\/www.facebook.com\/easyledstore","article_modified_time":"2026-01-19T11:53:54+00:00","og_image":[{"width":1500,"height":1500,"url":"https:\/\/www.easyledstore.it\/wp-content\/uploads\/2018\/03\/pixekrgb-1.png","type":"image\/png"}],"twitter_card":"summary_large_image","twitter_misc":{"Dur\u00e9e de lecture estim\u00e9e":"2 minutes"},"schema":{"@context":"https:\/\/schema.org","@graph":[{"@type":"WebPage","@id":"https:\/\/www.easyledstore.it\/fr\/produit\/pixel-led-rgb-03w\/","url":"https:\/\/www.easyledstore.it\/fr\/produit\/pixel-led-rgb-03w\/","name":"LED Pixel RGB - 0.3W | Easyledstore","isPartOf":{"@id":"https:\/\/www.easyledstore.it\/fr\/#website"},"primaryImageOfPage":{"@id":"https:\/\/www.easyledstore.it\/fr\/produit\/pixel-led-rgb-03w\/#primaryimage"},"image":{"@id":"https:\/\/www.easyledstore.it\/fr\/produit\/pixel-led-rgb-03w\/#primaryimage"},"thumbnailUrl":"https:\/\/www.easyledstore.it\/wp-content\/uploads\/2018\/03\/pixekrgb-1.png","datePublished":"2018-03-22T11:03:18+00:00","dateModified":"2026-01-19T11:53:54+00:00","description":"LED Pixel RGB encastr\u00e9e. Largement utilis\u00e9 pour d\u00e9placer les lettres ou les gabarits sur lesquels il est appliqu\u00e9, apr\u00e8s per\u00e7age.","breadcrumb":{"@id":"https:\/\/www.easyledstore.it\/fr\/produit\/pixel-led-rgb-03w\/#breadcrumb"},"inLanguage":"fr-FR","potentialAction":[{"@type":"ReadAction","target":["https:\/\/www.easyledstore.it\/fr\/produit\/pixel-led-rgb-03w\/"]}]},{"@type":"ImageObject","inLanguage":"fr-FR","@id":"https:\/\/www.easyledstore.it\/fr\/produit\/pixel-led-rgb-03w\/#primaryimage","url":"https:\/\/www.easyledstore.it\/wp-content\/uploads\/2018\/03\/pixekrgb-1.png","contentUrl":"https:\/\/www.easyledstore.it\/wp-content\/uploads\/2018\/03\/pixekrgb-1.png","width":1500,"height":1500,"caption":"Led Pixel RGB"},{"@type":"BreadcrumbList","@id":"https:\/\/www.easyledstore.it\/fr\/produit\/pixel-led-rgb-03w\/#breadcrumb","itemListElement":[{"@type":"ListItem","position":1,"name":"Home","item":"https:\/\/www.easyledstore.it\/fr\/modules-de-signalisation-led\/"},{"@type":"ListItem","position":2,"name":"Shop IT","item":"https:\/\/www.easyledstore.it\/fr\/boutique\/"},{"@type":"ListItem","position":3,"name":"Pixel LED RGB &#8211; 0,3W"}]},{"@type":"WebSite","@id":"https:\/\/www.easyledstore.it\/fr\/#website","url":"https:\/\/www.easyledstore.it\/fr\/","name":"Easyledstore","description":"Alimentatori e Moduli LED per Insegne Luminose","publisher":{"@id":"https:\/\/www.easyledstore.it\/fr\/#organization"},"potentialAction":[{"@type":"SearchAction","target":{"@type":"EntryPoint","urlTemplate":"https:\/\/www.easyledstore.it\/fr\/?s={search_term_string}"},"query-input":{"@type":"PropertyValueSpecification","valueRequired":true,"valueName":"search_term_string"}}],"inLanguage":"fr-FR"},{"@type":"Organization","@id":"https:\/\/www.easyledstore.it\/fr\/#organization","name":"LTC Lighting Trading Company srls","url":"https:\/\/www.easyledstore.it\/fr\/","logo":{"@type":"ImageObject","inLanguage":"fr-FR","@id":"https:\/\/www.easyledstore.it\/fr\/#\/schema\/logo\/image\/","url":"https:\/\/www.easyledstore.it\/wp-content\/uploads\/2018\/03\/Landscape-FullColor-2000.png","contentUrl":"https:\/\/www.easyledstore.it\/wp-content\/uploads\/2018\/03\/Landscape-FullColor-2000.png","width":2000,"height":641,"caption":"LTC Lighting Trading Company srls"},"image":{"@id":"https:\/\/www.easyledstore.it\/fr\/#\/schema\/logo\/image\/"},"sameAs":["https:\/\/www.facebook.com\/easyledstore"]}]}},"_links":{"self":[{"href":"https:\/\/www.easyledstore.it\/fr\/wp-json\/wp\/v2\/product\/9675","targetHints":{"allow":["GET"]}}],"collection":[{"href":"https:\/\/www.easyledstore.it\/fr\/wp-json\/wp\/v2\/product"}],"about":[{"href":"https:\/\/www.easyledstore.it\/fr\/wp-json\/wp\/v2\/types\/product"}],"replies":[{"embeddable":true,"href":"https:\/\/www.easyledstore.it\/fr\/wp-json\/wp\/v2\/comments?post=9675"}],"wp:featuredmedia":[{"embeddable":true,"href":"https:\/\/www.easyledstore.it\/fr\/wp-json\/wp\/v2\/media\/9679"}],"wp:attachment":[{"href":"https:\/\/www.easyledstore.it\/fr\/wp-json\/wp\/v2\/media?parent=9675"}],"wp:term":[{"taxonomy":"product_brand","embeddable":true,"href":"https:\/\/www.easyledstore.it\/fr\/wp-json\/wp\/v2\/product_brand?post=9675"},{"taxonomy":"product_cat","embeddable":true,"href":"https:\/\/www.easyledstore.it\/fr\/wp-json\/wp\/v2\/product_cat?post=9675"},{"taxonomy":"product_tag","embeddable":true,"href":"https:\/\/www.easyledstore.it\/fr\/wp-json\/wp\/v2\/product_tag?post=9675"}],"curies":[{"name":"wp","href":"https:\/\/api.w.org\/{rel}","templated":true}]}}