{"id":9632,"date":"2018-03-22T12:04:21","date_gmt":"2018-03-22T11:04:21","guid":{"rendered":"https:\/\/www.easyledstore.it\/prodotto\/amplificateur-led-30a-rgb\/"},"modified":"2026-01-20T14:16:34","modified_gmt":"2026-01-20T13:16:34","slug":"amplificateur-led-30a-rgb","status":"publish","type":"product","link":"https:\/\/www.easyledstore.it\/fr\/produit\/amplificateur-led-30a-rgb\/","title":{"rendered":"Amplificateur LED 30A RGB"},"content":{"rendered":"<p data-start=\"246\" data-end=\"675\">L&#8217;<strong data-start=\"325\" data-end=\"354\">amplificateur LED 30A RGB<\/strong> est le choix id\u00e9al pour les professionnels et les installateurs travaillant sur des installations d&#8217;\u00e9clairage \u00e0 grande \u00e9chelle. Con\u00e7u pour assurer une transmission stable et puissante du signal, ce dispositif permet d&#8217;augmenter l&#8217;amp\u00e9rage du contr\u00f4leur principal, en maintenant une luminosit\u00e9 uniforme m\u00eame sur de longues distances.<\/p>\n<p data-start=\"677\" data-end=\"1019\">Dot\u00e9 de <strong data-start=\"687\" data-end=\"715\">trois canaux de 10A chacun<\/strong> et capable de g\u00e9rer une <strong data-start=\"741\" data-end=\"765\">charge totale de 30A<\/strong>, il est compatible avec une tension de sortie <strong data-start=\"808\" data-end=\"826\">DC de 5V \u00e0 24V<\/strong>, s&#8217;adaptant parfaitement \u00e0 une vari\u00e9t\u00e9 de configurations RGB. Ses dimensions compactes<strong data-start=\"913\" data-end=\"929\">(110x90x25 mm)<\/strong> lui permettent de s&#8217;int\u00e9grer facilement dans les espaces restreints, sans sacrifier la puissance.<\/p>\n<p data-start=\"1021\" data-end=\"1363\">Gr\u00e2ce \u00e0 sa polyvalence, il peut fonctionner avec des <strong data-start=\"1067\" data-end=\"1100\">modules LED (jusqu&#8217;\u00e0 500 unit\u00e9s)<\/strong>, des <strong data-start=\"1102\" data-end=\"1137\">bandes LED RVB (jusqu&#8217;\u00e0 50 m\u00e8tres)<\/strong> et des <strong data-start=\"1140\" data-end=\"1172\">pixels LED (jusqu&#8217;\u00e0 500 pi\u00e8ces)<\/strong>, ce qui en fait un outil indispensable pour les r\u00e9alisations complexes telles que les <strong data-start=\"1247\" data-end=\"1272\">enseignes publicitaires<\/strong>, les <strong data-start=\"1274\" data-end=\"1307\">installations architecturales<\/strong>, les <strong data-start=\"1309\" data-end=\"1330\">vitrines dynamiques<\/strong> ou les <strong data-start=\"1333\" data-end=\"1362\">installations sc\u00e9nographiques<\/strong>.<\/p>\n<p data-start=\"1365\" data-end=\"1646\">La connexion est simple et directe, et le dispositif est compatible avec la plupart des contr\u00f4leurs RVB du march\u00e9. Il est con\u00e7u pour reproduire fid\u00e8lement le signal d&#8217;entr\u00e9e, \u00e9vitant ainsi le scintillement, la perte de couleur ou la d\u00e9synchronisation de la lumi\u00e8re sur de longues distances. <\/p>\n<p data-start=\"1648\" data-end=\"1959\">Robuste, efficace et durable, l&#8217;<strong data-start=\"1689\" data-end=\"1718\">amplificateur LED 30A RGB<\/strong> garantit une continuit\u00e9 de fonctionnement m\u00eame dans des environnements critiques ou des installations expos\u00e9es \u00e0 des cycles de commutation intensifs. Si vous recherchez la fiabilit\u00e9 et des performances constantes, c&#8217;est le composant id\u00e9al pour \u00e9tendre votre syst\u00e8me sans compromis.<\/p>\n","protected":false},"excerpt":{"rendered":"<p>Amplificateur LED RVB 30A \u00e0 3 canaux (10A x 3). Augmente l&#8217;amp\u00e9rage du contr\u00f4leur et peut \u00e9galement fonctionner avec des modules LED, des bandes et des pixels LED. Id\u00e9al pour les grandes enseignes.  <\/p>\n","protected":false},"featured_media":9641,"comment_status":"open","ping_status":"closed","template":"","meta":[],"product_brand":[],"product_cat":[1281,1280],"product_tag":[1282],"class_list":{"0":"post-9632","1":"product","2":"type-product","3":"status-publish","4":"has-post-thumbnail","6":"product_cat-amplificateurs","7":"product_cat-unites-de-controle","8":"product_tag-dc-5v-12v-24v","10":"first","11":"instock","12":"taxable","13":"shipping-taxable","14":"purchasable","15":"product-type-simple"},"yoast_head":"<!-- This site is optimized with the Yoast SEO plugin v27.3 - https:\/\/yoast.com\/product\/yoast-seo-wordpress\/ -->\n<title>Amplificateur LED 30A RGB - Easyledstore.<\/title>\n<meta name=\"description\" content=\"Amplificateur LED RVB 30A, 3 canaux. Prend en charge jusqu&#039;\u00e0 500 modules, 50 m de bandes ou 500 pixels. Id\u00e9al pour les grandes installations LED.\" \/>\n<meta name=\"robots\" content=\"index, follow, max-snippet:-1, max-image-preview:large, max-video-preview:-1\" \/>\n<link rel=\"canonical\" href=\"https:\/\/www.easyledstore.it\/fr\/produit\/amplificateur-led-30a-rgb\/\" \/>\n<meta property=\"og:locale\" content=\"fr_FR\" \/>\n<meta property=\"og:type\" content=\"article\" \/>\n<meta property=\"og:title\" content=\"Amplificateur LED 30A RGB - Easyledstore.\" \/>\n<meta property=\"og:description\" content=\"Amplificateur LED RVB 30A, 3 canaux. Prend en charge jusqu&#039;\u00e0 500 modules, 50 m de bandes ou 500 pixels. Id\u00e9al pour les grandes installations LED.\" \/>\n<meta property=\"og:url\" content=\"https:\/\/www.easyledstore.it\/fr\/produit\/amplificateur-led-30a-rgb\/\" \/>\n<meta property=\"og:site_name\" content=\"Easyledstore\" \/>\n<meta property=\"article:publisher\" content=\"https:\/\/www.facebook.com\/easyledstore\" \/>\n<meta property=\"article:modified_time\" content=\"2026-01-20T13:16:34+00:00\" \/>\n<meta property=\"og:image\" content=\"https:\/\/www.easyledstore.it\/wp-content\/uploads\/2018\/03\/a.jpg\" \/>\n\t<meta property=\"og:image:width\" content=\"2000\" \/>\n\t<meta property=\"og:image:height\" content=\"2000\" \/>\n\t<meta property=\"og:image:type\" content=\"image\/jpeg\" \/>\n<meta name=\"twitter:card\" content=\"summary_large_image\" \/>\n<meta name=\"twitter:label1\" content=\"Dur\u00e9e de lecture estim\u00e9e\" \/>\n\t<meta name=\"twitter:data1\" content=\"1 minute\" \/>\n<!-- \/ Yoast SEO plugin. -->","yoast_head_json":{"title":"Amplificateur LED 30A RGB - Easyledstore.","description":"Amplificateur LED RVB 30A, 3 canaux. Prend en charge jusqu'\u00e0 500 modules, 50 m de bandes ou 500 pixels. Id\u00e9al pour les grandes installations LED.","robots":{"index":"index","follow":"follow","max-snippet":"max-snippet:-1","max-image-preview":"max-image-preview:large","max-video-preview":"max-video-preview:-1"},"canonical":"https:\/\/www.easyledstore.it\/fr\/produit\/amplificateur-led-30a-rgb\/","og_locale":"fr_FR","og_type":"article","og_title":"Amplificateur LED 30A RGB - Easyledstore.","og_description":"Amplificateur LED RVB 30A, 3 canaux. Prend en charge jusqu'\u00e0 500 modules, 50 m de bandes ou 500 pixels. Id\u00e9al pour les grandes installations LED.","og_url":"https:\/\/www.easyledstore.it\/fr\/produit\/amplificateur-led-30a-rgb\/","og_site_name":"Easyledstore","article_publisher":"https:\/\/www.facebook.com\/easyledstore","article_modified_time":"2026-01-20T13:16:34+00:00","og_image":[{"width":2000,"height":2000,"url":"https:\/\/www.easyledstore.it\/wp-content\/uploads\/2018\/03\/a.jpg","type":"image\/jpeg"}],"twitter_card":"summary_large_image","twitter_misc":{"Dur\u00e9e de lecture estim\u00e9e":"1 minute"},"schema":{"@context":"https:\/\/schema.org","@graph":[{"@type":"WebPage","@id":"https:\/\/www.easyledstore.it\/fr\/produit\/amplificateur-led-30a-rgb\/","url":"https:\/\/www.easyledstore.it\/fr\/produit\/amplificateur-led-30a-rgb\/","name":"Amplificateur LED 30A RGB - Easyledstore.","isPartOf":{"@id":"https:\/\/www.easyledstore.it\/fr\/#website"},"primaryImageOfPage":{"@id":"https:\/\/www.easyledstore.it\/fr\/produit\/amplificateur-led-30a-rgb\/#primaryimage"},"image":{"@id":"https:\/\/www.easyledstore.it\/fr\/produit\/amplificateur-led-30a-rgb\/#primaryimage"},"thumbnailUrl":"https:\/\/www.easyledstore.it\/wp-content\/uploads\/2018\/03\/a.jpg","datePublished":"2018-03-22T11:04:21+00:00","dateModified":"2026-01-20T13:16:34+00:00","description":"Amplificateur LED RVB 30A, 3 canaux. Prend en charge jusqu'\u00e0 500 modules, 50 m de bandes ou 500 pixels. Id\u00e9al pour les grandes installations LED.","breadcrumb":{"@id":"https:\/\/www.easyledstore.it\/fr\/produit\/amplificateur-led-30a-rgb\/#breadcrumb"},"inLanguage":"fr-FR","potentialAction":[{"@type":"ReadAction","target":["https:\/\/www.easyledstore.it\/fr\/produit\/amplificateur-led-30a-rgb\/"]}]},{"@type":"ImageObject","inLanguage":"fr-FR","@id":"https:\/\/www.easyledstore.it\/fr\/produit\/amplificateur-led-30a-rgb\/#primaryimage","url":"https:\/\/www.easyledstore.it\/wp-content\/uploads\/2018\/03\/a.jpg","contentUrl":"https:\/\/www.easyledstore.it\/wp-content\/uploads\/2018\/03\/a.jpg","width":2000,"height":2000,"caption":"Amplificateur LED 30A RGB"},{"@type":"BreadcrumbList","@id":"https:\/\/www.easyledstore.it\/fr\/produit\/amplificateur-led-30a-rgb\/#breadcrumb","itemListElement":[{"@type":"ListItem","position":1,"name":"Home","item":"https:\/\/www.easyledstore.it\/fr\/modules-de-signalisation-led\/"},{"@type":"ListItem","position":2,"name":"Shop IT","item":"https:\/\/www.easyledstore.it\/fr\/boutique\/"},{"@type":"ListItem","position":3,"name":"Amplificateur LED 30A RGB"}]},{"@type":"WebSite","@id":"https:\/\/www.easyledstore.it\/fr\/#website","url":"https:\/\/www.easyledstore.it\/fr\/","name":"Easyledstore","description":"Alimentatori e Moduli LED per Insegne Luminose","publisher":{"@id":"https:\/\/www.easyledstore.it\/fr\/#organization"},"potentialAction":[{"@type":"SearchAction","target":{"@type":"EntryPoint","urlTemplate":"https:\/\/www.easyledstore.it\/fr\/?s={search_term_string}"},"query-input":{"@type":"PropertyValueSpecification","valueRequired":true,"valueName":"search_term_string"}}],"inLanguage":"fr-FR"},{"@type":"Organization","@id":"https:\/\/www.easyledstore.it\/fr\/#organization","name":"LTC Lighting Trading Company srls","url":"https:\/\/www.easyledstore.it\/fr\/","logo":{"@type":"ImageObject","inLanguage":"fr-FR","@id":"https:\/\/www.easyledstore.it\/fr\/#\/schema\/logo\/image\/","url":"https:\/\/www.easyledstore.it\/wp-content\/uploads\/2018\/03\/Landscape-FullColor-2000.png","contentUrl":"https:\/\/www.easyledstore.it\/wp-content\/uploads\/2018\/03\/Landscape-FullColor-2000.png","width":2000,"height":641,"caption":"LTC Lighting Trading Company srls"},"image":{"@id":"https:\/\/www.easyledstore.it\/fr\/#\/schema\/logo\/image\/"},"sameAs":["https:\/\/www.facebook.com\/easyledstore"]}]}},"_links":{"self":[{"href":"https:\/\/www.easyledstore.it\/fr\/wp-json\/wp\/v2\/product\/9632","targetHints":{"allow":["GET"]}}],"collection":[{"href":"https:\/\/www.easyledstore.it\/fr\/wp-json\/wp\/v2\/product"}],"about":[{"href":"https:\/\/www.easyledstore.it\/fr\/wp-json\/wp\/v2\/types\/product"}],"replies":[{"embeddable":true,"href":"https:\/\/www.easyledstore.it\/fr\/wp-json\/wp\/v2\/comments?post=9632"}],"wp:featuredmedia":[{"embeddable":true,"href":"https:\/\/www.easyledstore.it\/fr\/wp-json\/wp\/v2\/media\/9641"}],"wp:attachment":[{"href":"https:\/\/www.easyledstore.it\/fr\/wp-json\/wp\/v2\/media?parent=9632"}],"wp:term":[{"taxonomy":"product_brand","embeddable":true,"href":"https:\/\/www.easyledstore.it\/fr\/wp-json\/wp\/v2\/product_brand?post=9632"},{"taxonomy":"product_cat","embeddable":true,"href":"https:\/\/www.easyledstore.it\/fr\/wp-json\/wp\/v2\/product_cat?post=9632"},{"taxonomy":"product_tag","embeddable":true,"href":"https:\/\/www.easyledstore.it\/fr\/wp-json\/wp\/v2\/product_tag?post=9632"}],"curies":[{"name":"wp","href":"https:\/\/api.w.org\/{rel}","templated":true}]}}