{"id":9593,"date":"2024-04-24T11:59:15","date_gmt":"2024-04-24T09:59:15","guid":{"rendered":"https:\/\/www.easyledstore.it\/prodotto\/module-led-pour-enseignes-double-face-blanc-chaud-2w\/"},"modified":"2026-03-09T15:51:17","modified_gmt":"2026-03-09T14:51:17","slug":"module-led-pour-enseignes-double-face-blanc-chaud-2w","status":"publish","type":"product","link":"https:\/\/www.easyledstore.it\/fr\/produit\/module-led-pour-enseignes-double-face-blanc-chaud-2w\/","title":{"rendered":"Module LED pour enseignes double face Blanc chaud &#8211; 2W"},"content":{"rendered":"<h3>Led pour panneaux double face<\/h3>\n<p>Couleur : blanc chaud (3000k)<\/p>\n<p>Dimensions : 53x31x14,6 mm<\/p>\n<p>Angle d&#8217;ouverture : 20\u00b0x 45\u00b0<\/p>\n<p>Faisceau lumineux : 160-180 lumens<\/p>\n","protected":false},"excerpt":{"rendered":"<p>Module LED pour enseignes double face de couleur blanc chaud, \u00e9quip\u00e9 d&#8217;une lentille \u00e0 45\u00b0 qui r\u00e9duit le flux lumineux. \u00c9quip\u00e9 d&#8217;une plaque de base en aluminium pour augmenter la dissipation de la chaleur. <\/p>\n","protected":false},"featured_media":9595,"comment_status":"open","ping_status":"closed","template":"","meta":[],"product_brand":[],"product_cat":[1174,1175],"product_tag":[1180,1055,1182,1183,1181,1179,1185,1184,1176,1178,1177,1186,1187],"class_list":{"0":"post-9593","1":"product","2":"type-product","3":"status-publish","4":"has-post-thumbnail","6":"product_cat-modules-led","7":"product_cat-modules-pour-double-face","8":"product_tag-1-led","9":"product_tag-12v","10":"product_tag-160-180-lumen","11":"product_tag-20-x-45-degres","12":"product_tag-2w","13":"product_tag-3000k","14":"product_tag-1185","15":"product_tag-70cm","16":"product_tag-avec-lentille","17":"product_tag-blanc-chaud","18":"product_tag-certification-ip67","19":"product_tag-led-blanches","20":"product_tag-oui","22":"first","23":"onbackorder","24":"taxable","25":"shipping-taxable","26":"purchasable","27":"product-type-simple"},"yoast_head":"<!-- This site is optimized with the Yoast SEO plugin v27.3 - https:\/\/yoast.com\/product\/yoast-seo-wordpress\/ -->\n<title>Module LED pour enseignes double face Blanc chaud - 2W - Easyledstore<\/title>\n<meta name=\"description\" content=\"LED pour enseignes double face blanc chaud. Lentille de 45\u00b0. Plaque de base en aluminium pour une meilleure dissipation de la chaleur. IP67\" \/>\n<meta name=\"robots\" content=\"index, follow, max-snippet:-1, max-image-preview:large, max-video-preview:-1\" \/>\n<link rel=\"canonical\" href=\"https:\/\/www.easyledstore.it\/fr\/produit\/module-led-pour-enseignes-double-face-blanc-chaud-2w\/\" \/>\n<meta property=\"og:locale\" content=\"fr_FR\" \/>\n<meta property=\"og:type\" content=\"article\" \/>\n<meta property=\"og:title\" content=\"Module LED pour enseignes double face Blanc chaud - 2W - Easyledstore\" \/>\n<meta property=\"og:description\" content=\"LED pour enseignes double face blanc chaud. Lentille de 45\u00b0. Plaque de base en aluminium pour une meilleure dissipation de la chaleur. IP67\" \/>\n<meta property=\"og:url\" content=\"https:\/\/www.easyledstore.it\/fr\/produit\/module-led-pour-enseignes-double-face-blanc-chaud-2w\/\" \/>\n<meta property=\"og:site_name\" content=\"Easyledstore\" \/>\n<meta property=\"article:publisher\" content=\"https:\/\/www.facebook.com\/easyledstore\" \/>\n<meta property=\"article:modified_time\" content=\"2026-03-09T14:51:17+00:00\" \/>\n<meta property=\"og:image\" content=\"https:\/\/www.easyledstore.it\/wp-content\/uploads\/2018\/04\/LIB012-1.jpg\" \/>\n\t<meta property=\"og:image:width\" content=\"800\" \/>\n\t<meta property=\"og:image:height\" content=\"800\" \/>\n\t<meta property=\"og:image:type\" content=\"image\/jpeg\" \/>\n<meta name=\"twitter:card\" content=\"summary_large_image\" \/>\n<!-- \/ Yoast SEO plugin. -->","yoast_head_json":{"title":"Module LED pour enseignes double face Blanc chaud - 2W - Easyledstore","description":"LED pour enseignes double face blanc chaud. Lentille de 45\u00b0. Plaque de base en aluminium pour une meilleure dissipation de la chaleur. IP67","robots":{"index":"index","follow":"follow","max-snippet":"max-snippet:-1","max-image-preview":"max-image-preview:large","max-video-preview":"max-video-preview:-1"},"canonical":"https:\/\/www.easyledstore.it\/fr\/produit\/module-led-pour-enseignes-double-face-blanc-chaud-2w\/","og_locale":"fr_FR","og_type":"article","og_title":"Module LED pour enseignes double face Blanc chaud - 2W - Easyledstore","og_description":"LED pour enseignes double face blanc chaud. Lentille de 45\u00b0. Plaque de base en aluminium pour une meilleure dissipation de la chaleur. IP67","og_url":"https:\/\/www.easyledstore.it\/fr\/produit\/module-led-pour-enseignes-double-face-blanc-chaud-2w\/","og_site_name":"Easyledstore","article_publisher":"https:\/\/www.facebook.com\/easyledstore","article_modified_time":"2026-03-09T14:51:17+00:00","og_image":[{"width":800,"height":800,"url":"https:\/\/www.easyledstore.it\/wp-content\/uploads\/2018\/04\/LIB012-1.jpg","type":"image\/jpeg"}],"twitter_card":"summary_large_image","schema":{"@context":"https:\/\/schema.org","@graph":[{"@type":"WebPage","@id":"https:\/\/www.easyledstore.it\/fr\/produit\/module-led-pour-enseignes-double-face-blanc-chaud-2w\/","url":"https:\/\/www.easyledstore.it\/fr\/produit\/module-led-pour-enseignes-double-face-blanc-chaud-2w\/","name":"Module LED pour enseignes double face Blanc chaud - 2W - Easyledstore","isPartOf":{"@id":"https:\/\/www.easyledstore.it\/fr\/#website"},"primaryImageOfPage":{"@id":"https:\/\/www.easyledstore.it\/fr\/produit\/module-led-pour-enseignes-double-face-blanc-chaud-2w\/#primaryimage"},"image":{"@id":"https:\/\/www.easyledstore.it\/fr\/produit\/module-led-pour-enseignes-double-face-blanc-chaud-2w\/#primaryimage"},"thumbnailUrl":"https:\/\/www.easyledstore.it\/wp-content\/uploads\/2018\/04\/LIB012-1.jpg","datePublished":"2024-04-24T09:59:15+00:00","dateModified":"2026-03-09T14:51:17+00:00","description":"LED pour enseignes double face blanc chaud. Lentille de 45\u00b0. Plaque de base en aluminium pour une meilleure dissipation de la chaleur. IP67","breadcrumb":{"@id":"https:\/\/www.easyledstore.it\/fr\/produit\/module-led-pour-enseignes-double-face-blanc-chaud-2w\/#breadcrumb"},"inLanguage":"fr-FR","potentialAction":[{"@type":"ReadAction","target":["https:\/\/www.easyledstore.it\/fr\/produit\/module-led-pour-enseignes-double-face-blanc-chaud-2w\/"]}]},{"@type":"ImageObject","inLanguage":"fr-FR","@id":"https:\/\/www.easyledstore.it\/fr\/produit\/module-led-pour-enseignes-double-face-blanc-chaud-2w\/#primaryimage","url":"https:\/\/www.easyledstore.it\/wp-content\/uploads\/2018\/04\/LIB012-1.jpg","contentUrl":"https:\/\/www.easyledstore.it\/wp-content\/uploads\/2018\/04\/LIB012-1.jpg","width":800,"height":800,"caption":"LIB012"},{"@type":"BreadcrumbList","@id":"https:\/\/www.easyledstore.it\/fr\/produit\/module-led-pour-enseignes-double-face-blanc-chaud-2w\/#breadcrumb","itemListElement":[{"@type":"ListItem","position":1,"name":"Home","item":"https:\/\/www.easyledstore.it\/fr\/modules-de-signalisation-led\/"},{"@type":"ListItem","position":2,"name":"Shop IT","item":"https:\/\/www.easyledstore.it\/fr\/boutique\/"},{"@type":"ListItem","position":3,"name":"Module LED pour enseignes double face Blanc chaud &#8211; 2W"}]},{"@type":"WebSite","@id":"https:\/\/www.easyledstore.it\/fr\/#website","url":"https:\/\/www.easyledstore.it\/fr\/","name":"Easyledstore","description":"Alimentatori e Moduli LED per Insegne Luminose","publisher":{"@id":"https:\/\/www.easyledstore.it\/fr\/#organization"},"potentialAction":[{"@type":"SearchAction","target":{"@type":"EntryPoint","urlTemplate":"https:\/\/www.easyledstore.it\/fr\/?s={search_term_string}"},"query-input":{"@type":"PropertyValueSpecification","valueRequired":true,"valueName":"search_term_string"}}],"inLanguage":"fr-FR"},{"@type":"Organization","@id":"https:\/\/www.easyledstore.it\/fr\/#organization","name":"LTC Lighting Trading Company srls","url":"https:\/\/www.easyledstore.it\/fr\/","logo":{"@type":"ImageObject","inLanguage":"fr-FR","@id":"https:\/\/www.easyledstore.it\/fr\/#\/schema\/logo\/image\/","url":"https:\/\/www.easyledstore.it\/wp-content\/uploads\/2018\/03\/Landscape-FullColor-2000.png","contentUrl":"https:\/\/www.easyledstore.it\/wp-content\/uploads\/2018\/03\/Landscape-FullColor-2000.png","width":2000,"height":641,"caption":"LTC Lighting Trading Company srls"},"image":{"@id":"https:\/\/www.easyledstore.it\/fr\/#\/schema\/logo\/image\/"},"sameAs":["https:\/\/www.facebook.com\/easyledstore"]}]}},"_links":{"self":[{"href":"https:\/\/www.easyledstore.it\/fr\/wp-json\/wp\/v2\/product\/9593","targetHints":{"allow":["GET"]}}],"collection":[{"href":"https:\/\/www.easyledstore.it\/fr\/wp-json\/wp\/v2\/product"}],"about":[{"href":"https:\/\/www.easyledstore.it\/fr\/wp-json\/wp\/v2\/types\/product"}],"replies":[{"embeddable":true,"href":"https:\/\/www.easyledstore.it\/fr\/wp-json\/wp\/v2\/comments?post=9593"}],"wp:featuredmedia":[{"embeddable":true,"href":"https:\/\/www.easyledstore.it\/fr\/wp-json\/wp\/v2\/media\/9595"}],"wp:attachment":[{"href":"https:\/\/www.easyledstore.it\/fr\/wp-json\/wp\/v2\/media?parent=9593"}],"wp:term":[{"taxonomy":"product_brand","embeddable":true,"href":"https:\/\/www.easyledstore.it\/fr\/wp-json\/wp\/v2\/product_brand?post=9593"},{"taxonomy":"product_cat","embeddable":true,"href":"https:\/\/www.easyledstore.it\/fr\/wp-json\/wp\/v2\/product_cat?post=9593"},{"taxonomy":"product_tag","embeddable":true,"href":"https:\/\/www.easyledstore.it\/fr\/wp-json\/wp\/v2\/product_tag?post=9593"}],"curies":[{"name":"wp","href":"https:\/\/api.w.org\/{rel}","templated":true}]}}