{"id":9553,"date":"2018-03-22T12:03:32","date_gmt":"2018-03-22T11:03:32","guid":{"rendered":"https:\/\/www.easyledstore.it\/prodotto\/led-pixel-rouge-0-12w\/"},"modified":"2026-04-11T12:26:07","modified_gmt":"2026-04-11T10:26:07","slug":"led-pixel-rouge-0-12w","status":"publish","type":"product","link":"https:\/\/www.easyledstore.it\/fr\/produit\/led-pixel-rouge-0-12w\/","title":{"rendered":"LED Pixel Rouge &#8211; 0.12W"},"content":{"rendered":"<h3>Simplicit\u00e9 et commodit\u00e9 avec la LED Red Pixel<\/h3>\n<p>Apportez une touche de couleur et de luminosit\u00e9 \u00e0 votre projet avec la LED Red Pixel d&#8217;EasyLEDStore.co.uk. Avec une puissance de 0,12 W, cette petite mais puissante LED est un v\u00e9ritable champion de la luminosit\u00e9. <\/p>\n<h3>Sp\u00e9cifications techniques :<\/h3>\n<ul>\n<li><strong>Couleur :<\/strong> rouge<\/li>\n<li><strong>Angle d&#8217;ouverture :<\/strong> 120<\/li>\n<li><strong>Tension :<\/strong> 12 <strong>V<\/strong> <\/li>\n<li><strong>Luminosit\u00e9 :<\/strong> 18-20 lumens<\/li>\n<li><strong>Protection IP65 :<\/strong> R\u00e9sistante aux intemp\u00e9ries, cette LED peut \u00eatre install\u00e9e \u00e0 l&#8217;ext\u00e9rieur et dans des environnements humides.<\/li>\n<\/ul>\n<h3>Caract\u00e9ristiques principales :<\/h3>\n<ul>\n<li><strong>Design<\/strong> fin et <strong>polyvalent :<\/strong> Gr\u00e2ce \u00e0 son design fin et compact, cette LED est id\u00e9ale pour une installation dans des espaces confin\u00e9s ou lorsqu&#8217;une discr\u00e9tion esth\u00e9tique est requise.<\/li>\n<li><strong>Applications infinies :<\/strong> parfait pour cr\u00e9er des enseignes lumineuses, des lettres ou des bo\u00eetes, ce pixel LED est un excellent choix pour les projets d&#8217;\u00e9clairage ext\u00e9rieur qui requi\u00e8rent une touche de cr\u00e9ativit\u00e9 et de style.<\/li>\n<li><strong>Compatibilit\u00e9 universelle :<\/strong> pour une utilisation avec des unit\u00e9s de contr\u00f4le adapt\u00e9es aux LED unicolores, ce pixel LED offre la flexibilit\u00e9 n\u00e9cessaire pour cr\u00e9er une vari\u00e9t\u00e9 de mouvements lumineux et d&#8217;effets dynamiques.<\/li>\n<\/ul>\n<h3>D\u00e9couvrez la gamme LED Pixel d&#8217;Easyledstore<\/h3>\n<p>Que vous souhaitiez \u00e9clairer un magasin, un bar ou un \u00e9v\u00e9nement sp\u00e9cial, la LED Pixel verte est pr\u00eate \u00e0 mettre en lumi\u00e8re votre vision. Choisissez la luminosit\u00e9, choisissez l&#8217;\u00e9l\u00e9gance, choisissez EasyLEDStore.co.uk. <strong><a href=\"https:\/\/www.easyledstore.it\/fr\/categories-produits\/pixel-led\/\">D\u00e9couvrez notre large gamme de LED Pixel disponibles<\/a><\/strong> dans une grande vari\u00e9t\u00e9 de couleurs, y compris en RVB programmable. Transformez n&#8217;importe quelle pi\u00e8ce en une \u0153uvre d&#8217;art lumineuse.  <\/p>\n","protected":false},"excerpt":{"rendered":"<p>LED Pixel Red Recessed Id\u00e9al pour donner une luminosit\u00e9 externe aux lettres ou aux bo\u00eetes. S&#8217;utilise \u00e9galement avec des unit\u00e9s de contr\u00f4le adapt\u00e9es aux LED unicolores pour cr\u00e9er diff\u00e9rents mouvements lumineux. <\/p>\n","protected":false},"featured_media":9557,"comment_status":"open","ping_status":"closed","template":"","meta":[],"product_brand":[],"product_cat":[1054],"product_tag":[1059,1055,1056,1058,1061,1057,1060],"class_list":{"0":"post-9553","1":"product","2":"type-product","3":"status-publish","4":"has-post-thumbnail","6":"product_cat-pixel-led","7":"product_tag-0-12w","8":"product_tag-12v","9":"product_tag-160-degres","10":"product_tag-1058","11":"product_tag-certifie-ip65","12":"product_tag-couleur-rouge","13":"product_tag-del-colorees","15":"first","16":"instock","17":"featured","18":"taxable","19":"shipping-taxable","20":"purchasable","21":"product-type-simple"},"yoast_head":"<!-- This site is optimized with the Yoast SEO plugin v27.3 - https:\/\/yoast.com\/product\/yoast-seo-wordpress\/ -->\n<title>LED Pixel Rouge - 0.12W | Easyledstore<\/title>\n<meta name=\"description\" content=\"LED Pixel Rouge Id\u00e9al pour les lettres ou les bo\u00eetes. S&#039;utilise \u00e9galement avec des unit\u00e9s de commande adapt\u00e9es aux LED unicolores pour cr\u00e9er diff\u00e9rents mouvements lumineux.\" \/>\n<meta name=\"robots\" content=\"index, follow, max-snippet:-1, max-image-preview:large, max-video-preview:-1\" \/>\n<link rel=\"canonical\" href=\"https:\/\/www.easyledstore.it\/fr\/produit\/led-pixel-rouge-0-12w\/\" \/>\n<meta property=\"og:locale\" content=\"fr_FR\" \/>\n<meta property=\"og:type\" content=\"article\" \/>\n<meta property=\"og:title\" content=\"LED Pixel Rouge - 0.12W | Easyledstore\" \/>\n<meta property=\"og:description\" content=\"LED Pixel Rouge Id\u00e9al pour les lettres ou les bo\u00eetes. S&#039;utilise \u00e9galement avec des unit\u00e9s de commande adapt\u00e9es aux LED unicolores pour cr\u00e9er diff\u00e9rents mouvements lumineux.\" \/>\n<meta property=\"og:url\" content=\"https:\/\/www.easyledstore.it\/fr\/produit\/led-pixel-rouge-0-12w\/\" \/>\n<meta property=\"og:site_name\" content=\"Easyledstore\" \/>\n<meta property=\"article:publisher\" content=\"https:\/\/www.facebook.com\/easyledstore\" \/>\n<meta property=\"article:modified_time\" content=\"2026-04-11T10:26:07+00:00\" \/>\n<meta property=\"og:image\" content=\"https:\/\/www.easyledstore.it\/wp-content\/uploads\/2018\/03\/pixelrosso.png\" \/>\n\t<meta property=\"og:image:width\" content=\"1500\" \/>\n\t<meta property=\"og:image:height\" content=\"1500\" \/>\n\t<meta property=\"og:image:type\" content=\"image\/png\" \/>\n<meta name=\"twitter:card\" content=\"summary_large_image\" \/>\n<meta name=\"twitter:label1\" content=\"Dur\u00e9e de lecture estim\u00e9e\" \/>\n\t<meta name=\"twitter:data1\" content=\"1 minute\" \/>\n<!-- \/ Yoast SEO plugin. -->","yoast_head_json":{"title":"LED Pixel Rouge - 0.12W | Easyledstore","description":"LED Pixel Rouge Id\u00e9al pour les lettres ou les bo\u00eetes. S'utilise \u00e9galement avec des unit\u00e9s de commande adapt\u00e9es aux LED unicolores pour cr\u00e9er diff\u00e9rents mouvements lumineux.","robots":{"index":"index","follow":"follow","max-snippet":"max-snippet:-1","max-image-preview":"max-image-preview:large","max-video-preview":"max-video-preview:-1"},"canonical":"https:\/\/www.easyledstore.it\/fr\/produit\/led-pixel-rouge-0-12w\/","og_locale":"fr_FR","og_type":"article","og_title":"LED Pixel Rouge - 0.12W | Easyledstore","og_description":"LED Pixel Rouge Id\u00e9al pour les lettres ou les bo\u00eetes. S'utilise \u00e9galement avec des unit\u00e9s de commande adapt\u00e9es aux LED unicolores pour cr\u00e9er diff\u00e9rents mouvements lumineux.","og_url":"https:\/\/www.easyledstore.it\/fr\/produit\/led-pixel-rouge-0-12w\/","og_site_name":"Easyledstore","article_publisher":"https:\/\/www.facebook.com\/easyledstore","article_modified_time":"2026-04-11T10:26:07+00:00","og_image":[{"width":1500,"height":1500,"url":"https:\/\/www.easyledstore.it\/wp-content\/uploads\/2018\/03\/pixelrosso.png","type":"image\/png"}],"twitter_card":"summary_large_image","twitter_misc":{"Dur\u00e9e de lecture estim\u00e9e":"1 minute"},"schema":{"@context":"https:\/\/schema.org","@graph":[{"@type":"WebPage","@id":"https:\/\/www.easyledstore.it\/fr\/produit\/led-pixel-rouge-0-12w\/","url":"https:\/\/www.easyledstore.it\/fr\/produit\/led-pixel-rouge-0-12w\/","name":"LED Pixel Rouge - 0.12W | Easyledstore","isPartOf":{"@id":"https:\/\/www.easyledstore.it\/fr\/#website"},"primaryImageOfPage":{"@id":"https:\/\/www.easyledstore.it\/fr\/produit\/led-pixel-rouge-0-12w\/#primaryimage"},"image":{"@id":"https:\/\/www.easyledstore.it\/fr\/produit\/led-pixel-rouge-0-12w\/#primaryimage"},"thumbnailUrl":"https:\/\/www.easyledstore.it\/wp-content\/uploads\/2018\/03\/pixelrosso.png","datePublished":"2018-03-22T11:03:32+00:00","dateModified":"2026-04-11T10:26:07+00:00","description":"LED Pixel Rouge Id\u00e9al pour les lettres ou les bo\u00eetes. S'utilise \u00e9galement avec des unit\u00e9s de commande adapt\u00e9es aux LED unicolores pour cr\u00e9er diff\u00e9rents mouvements lumineux.","breadcrumb":{"@id":"https:\/\/www.easyledstore.it\/fr\/produit\/led-pixel-rouge-0-12w\/#breadcrumb"},"inLanguage":"fr-FR","potentialAction":[{"@type":"ReadAction","target":["https:\/\/www.easyledstore.it\/fr\/produit\/led-pixel-rouge-0-12w\/"]}]},{"@type":"ImageObject","inLanguage":"fr-FR","@id":"https:\/\/www.easyledstore.it\/fr\/produit\/led-pixel-rouge-0-12w\/#primaryimage","url":"https:\/\/www.easyledstore.it\/wp-content\/uploads\/2018\/03\/pixelrosso.png","contentUrl":"https:\/\/www.easyledstore.it\/wp-content\/uploads\/2018\/03\/pixelrosso.png","width":1500,"height":1500,"caption":"Led Pixel Rosso"},{"@type":"BreadcrumbList","@id":"https:\/\/www.easyledstore.it\/fr\/produit\/led-pixel-rouge-0-12w\/#breadcrumb","itemListElement":[{"@type":"ListItem","position":1,"name":"Home","item":"https:\/\/www.easyledstore.it\/fr\/modules-de-signalisation-led\/"},{"@type":"ListItem","position":2,"name":"Shop IT","item":"https:\/\/www.easyledstore.it\/fr\/boutique\/"},{"@type":"ListItem","position":3,"name":"LED Pixel Rouge &#8211; 0.12W"}]},{"@type":"WebSite","@id":"https:\/\/www.easyledstore.it\/fr\/#website","url":"https:\/\/www.easyledstore.it\/fr\/","name":"Easyledstore","description":"Alimentatori e Moduli LED per Insegne Luminose","publisher":{"@id":"https:\/\/www.easyledstore.it\/fr\/#organization"},"potentialAction":[{"@type":"SearchAction","target":{"@type":"EntryPoint","urlTemplate":"https:\/\/www.easyledstore.it\/fr\/?s={search_term_string}"},"query-input":{"@type":"PropertyValueSpecification","valueRequired":true,"valueName":"search_term_string"}}],"inLanguage":"fr-FR"},{"@type":"Organization","@id":"https:\/\/www.easyledstore.it\/fr\/#organization","name":"LTC Lighting Trading Company srls","url":"https:\/\/www.easyledstore.it\/fr\/","logo":{"@type":"ImageObject","inLanguage":"fr-FR","@id":"https:\/\/www.easyledstore.it\/fr\/#\/schema\/logo\/image\/","url":"https:\/\/www.easyledstore.it\/wp-content\/uploads\/2018\/03\/Landscape-FullColor-2000.png","contentUrl":"https:\/\/www.easyledstore.it\/wp-content\/uploads\/2018\/03\/Landscape-FullColor-2000.png","width":2000,"height":641,"caption":"LTC Lighting Trading Company srls"},"image":{"@id":"https:\/\/www.easyledstore.it\/fr\/#\/schema\/logo\/image\/"},"sameAs":["https:\/\/www.facebook.com\/easyledstore"]}]}},"_links":{"self":[{"href":"https:\/\/www.easyledstore.it\/fr\/wp-json\/wp\/v2\/product\/9553","targetHints":{"allow":["GET"]}}],"collection":[{"href":"https:\/\/www.easyledstore.it\/fr\/wp-json\/wp\/v2\/product"}],"about":[{"href":"https:\/\/www.easyledstore.it\/fr\/wp-json\/wp\/v2\/types\/product"}],"replies":[{"embeddable":true,"href":"https:\/\/www.easyledstore.it\/fr\/wp-json\/wp\/v2\/comments?post=9553"}],"wp:featuredmedia":[{"embeddable":true,"href":"https:\/\/www.easyledstore.it\/fr\/wp-json\/wp\/v2\/media\/9557"}],"wp:attachment":[{"href":"https:\/\/www.easyledstore.it\/fr\/wp-json\/wp\/v2\/media?parent=9553"}],"wp:term":[{"taxonomy":"product_brand","embeddable":true,"href":"https:\/\/www.easyledstore.it\/fr\/wp-json\/wp\/v2\/product_brand?post=9553"},{"taxonomy":"product_cat","embeddable":true,"href":"https:\/\/www.easyledstore.it\/fr\/wp-json\/wp\/v2\/product_cat?post=9553"},{"taxonomy":"product_tag","embeddable":true,"href":"https:\/\/www.easyledstore.it\/fr\/wp-json\/wp\/v2\/product_tag?post=9553"}],"curies":[{"name":"wp","href":"https:\/\/api.w.org\/{rel}","templated":true}]}}