{"id":13426,"date":"2026-03-18T09:25:43","date_gmt":"2026-03-18T08:25:43","guid":{"rendered":"https:\/\/www.easyledstore.it\/?post_type=product&#038;p=13426"},"modified":"2026-03-18T09:28:42","modified_gmt":"2026-03-18T08:28:42","slug":"barre-led-pour-boite-a-lumiere-double-face-12v-27w-lentille-45-decoupable-copia","status":"publish","type":"product","link":"https:\/\/www.easyledstore.it\/fr\/produit\/barre-led-pour-boite-a-lumiere-double-face-12v-27w-lentille-45-decoupable-copia\/","title":{"rendered":"Barre LED pour bo\u00eete \u00e0 lumi\u00e8re double face 12V 27W &#8211; Lentille 45\u00b0 &#8211; D\u00e9coupable (Copia)"},"content":{"rendered":"<p data-start=\"315\" data-end=\"703\">La <strong data-start=\"318\" data-end=\"362\">barre LED double face 12V 27W<\/strong> est exclusivement con\u00e7ue pour obtenir un rendement lumineux maximal dans les enseignes double face, telles que les totems et les caissons publicitaires visibles des deux c\u00f4t\u00e9s. Gr\u00e2ce \u00e0 sa conception compacte et robuste, 94 cm de long et seulement 25 mm de large, cette barre LED offre puissance, pr\u00e9cision et fiabilit\u00e9 en un seul produit professionnel. <\/p>\n<p data-start=\"705\" data-end=\"1085\">La technologie d&#8217;\u00e9clairage est bas\u00e9e sur <strong data-start=\"748\" data-end=\"797\">18 LED \u00e0 haute efficacit\u00e9 avec une lentille int\u00e9gr\u00e9e<\/strong>, con\u00e7ue pour g\u00e9n\u00e9rer un faisceau lumineux uniforme et direct. L&#8217;ouverture de 45\u00b0 de la lentille est sp\u00e9cialement con\u00e7ue pour les enseignes double face : elle \u00e9vite la dispersion de la lumi\u00e8re, r\u00e9duit les zones d&#8217;ombre et garantit que les deux faces de l&#8217;enseigne sont \u00e9clair\u00e9es de mani\u00e8re coh\u00e9rente et attrayante. <\/p>\n<p data-start=\"1087\" data-end=\"1434\">L&#8217;un des avantages les plus appr\u00e9ci\u00e9s par les installateurs est la <strong data-start=\"1143\" data-end=\"1199\">possibilit\u00e9 de couper la barre de chaque LED<\/strong>, ce qui permet d&#8217;adapter parfaitement la longueur du module \u00e0 la taille r\u00e9elle de l&#8217;enseigne. Il en r\u00e9sulte une installation propre, sans d\u00e9chets, avec des \u00e9conomies consid\u00e9rables en termes de temps et de mat\u00e9riaux. <\/p>\n<p data-start=\"1436\" data-end=\"1715\">La combinaison de <strong data-start=\"1455\" data-end=\"1468\">12V et 27W<\/strong> offre un excellent compromis entre l&#8217;efficacit\u00e9 \u00e9nerg\u00e9tique et le rendement lumineux. La faible consommation r\u00e9duit les co\u00fbts d&#8217;exploitation, tandis que la performance garantit que le panneau est toujours lumineux et clairement visible, de jour comme de nuit. <\/p>\n<p data-start=\"1717\" data-end=\"2047\">En termes de durabilit\u00e9, les LED int\u00e9gr\u00e9es aux lentilles sont con\u00e7ues pour durer longtemps, avec une dissipation thermique optimis\u00e9e qui garantit la stabilit\u00e9 et la fiabilit\u00e9 m\u00eame en cas d&#8217;utilisation prolong\u00e9e et intensive. Cela r\u00e9duit les besoins de maintenance et permet d&#8217;obtenir un produit robuste et rentable \u00e0 long terme. <\/p>\n<p data-start=\"2049\" data-end=\"2375\">Gr\u00e2ce \u00e0 ses dimensions r\u00e9duites (25 mm de largeur), la barre LED peut \u00e9galement \u00eatre facilement install\u00e9e dans des panneaux double face de faible \u00e9paisseur, sans compromettre la qualit\u00e9 de l&#8217;\u00e9clairage. De plus, elle est parfaitement compatible avec les alimentations 12V, ce qui la rend polyvalente et facile \u00e0 int\u00e9grer dans les designs existants. <\/p>\n<p data-start=\"2377\" data-end=\"2754\">En conclusion, la <strong data-start=\"2396\" data-end=\"2440\">barre LED pour enseignes double face 12V 27W<\/strong> avec lentille \u00e0 45\u00b0, d&#8217;une longueur de 94 cm et d\u00e9coupable sur chaque LED, est la solution id\u00e9ale pour ceux qui souhaitent r\u00e9aliser des enseignes double face lumineuses, professionnelles et \u00e0 fort impact. Elle allie efficacit\u00e9, \u00e9conomie et qualit\u00e9, devenant une r\u00e9f\u00e9rence pour les installateurs et les entreprises du secteur de la publicit\u00e9. <\/p>\n","protected":false},"excerpt":{"rendered":"<p data-start=\"2794\" data-end=\"3101\">La <strong data-start=\"2797\" data-end=\"2841\">barre LED double face 12V 27W<\/strong> est la solution parfaite pour \u00e9clairer de mani\u00e8re uniforme et professionnelle les totems et les bo\u00eetes double face. D&#8217;une longueur de 94 cm et d&#8217;une largeur de seulement 25 mm, elle se compose de 18 LED avec une lentille de 45\u00b0 qui diffuse la lumi\u00e8re de mani\u00e8re optimale des deux c\u00f4t\u00e9s. <\/p>\n<p data-start=\"3103\" data-end=\"3465\">Sa particularit\u00e9 est qu&#8217;il peut \u00eatre <strong data-start=\"3151\" data-end=\"3183\">d\u00e9coup\u00e9 en fonction de chaque LED<\/strong>, ce qui permet de l&#8217;adapter \u00e0 la taille exacte de l&#8217;enseigne et de rendre l&#8217;installation simple et personnalis\u00e9e. L&#8217;alimentation de 12 V et la puissance de 27 W offrent un \u00e9quilibre id\u00e9al entre une faible consommation d&#8217;\u00e9nergie et une forte luminosit\u00e9, garantissant ainsi une signalisation toujours visible et attrayante. <\/p>\n<p data-start=\"3467\" data-end=\"3688\">Gr\u00e2ce \u00e0 sa conception sp\u00e9cifique pour les enseignes double face, cette barre LED garantit durabilit\u00e9, efficacit\u00e9 et fiabilit\u00e9 m\u00eame en cas d&#8217;utilisation continue, minimisant ainsi la maintenance.<\/p>\n","protected":false},"featured_media":11285,"comment_status":"open","ping_status":"closed","template":"","meta":[],"product_brand":[],"product_cat":[1450,1842],"product_tag":[1305,1055,1183,1843,1405],"class_list":{"0":"post-13426","1":"product","2":"type-product","3":"status-publish","4":"has-post-thumbnail","6":"product_cat-barres-led","7":"product_cat-barres-lumineuses","8":"product_tag-1305","9":"product_tag-12v","10":"product_tag-20-x-45-degres","11":"product_tag-27w-m","12":"product_tag-4000k","14":"first","15":"instock","16":"taxable","17":"shipping-taxable","18":"purchasable","19":"product-type-simple"},"yoast_head":"<!-- This site is optimized with the Yoast SEO plugin v27.3 - https:\/\/yoast.com\/product\/yoast-seo-wordpress\/ -->\n<title>Enseigne double face Barre LED 12V 27W - Lentille 45<\/title>\n<meta name=\"description\" content=\"Barre LED 12V 27W pour enseignes double face, 94cm avec 18 LED et lentille 45\u00b0. Peut \u00eatre d\u00e9coup\u00e9e \u00e0 n&#039;importe quelle LED, puissante, efficace et adapt\u00e9e aux totems et aux poubelles.\" \/>\n<meta name=\"robots\" content=\"index, follow, max-snippet:-1, max-image-preview:large, max-video-preview:-1\" \/>\n<link rel=\"canonical\" href=\"https:\/\/www.easyledstore.it\/fr\/produit\/barre-led-pour-boite-a-lumiere-double-face-12v-27w-lentille-45-decoupable-copia\/\" \/>\n<meta property=\"og:locale\" content=\"fr_FR\" \/>\n<meta property=\"og:type\" content=\"article\" \/>\n<meta property=\"og:title\" content=\"Enseigne double face Barre LED 12V 27W - Lentille 45\" \/>\n<meta property=\"og:description\" content=\"Barre LED 12V 27W pour enseignes double face, 94cm avec 18 LED et lentille 45\u00b0. Peut \u00eatre d\u00e9coup\u00e9e \u00e0 n&#039;importe quelle LED, puissante, efficace et adapt\u00e9e aux totems et aux poubelles.\" \/>\n<meta property=\"og:url\" content=\"https:\/\/www.easyledstore.it\/fr\/produit\/barre-led-pour-boite-a-lumiere-double-face-12v-27w-lentille-45-decoupable-copia\/\" \/>\n<meta property=\"og:site_name\" content=\"Easyledstore\" \/>\n<meta property=\"article:publisher\" content=\"https:\/\/www.facebook.com\/easyledstore\" \/>\n<meta property=\"article:modified_time\" content=\"2026-03-18T08:28:42+00:00\" \/>\n<meta property=\"og:image\" content=\"https:\/\/www.easyledstore.it\/wp-content\/uploads\/2025\/09\/4-scaled.jpg\" \/>\n\t<meta property=\"og:image:width\" content=\"2560\" \/>\n\t<meta property=\"og:image:height\" content=\"2560\" \/>\n\t<meta property=\"og:image:type\" content=\"image\/jpeg\" \/>\n<meta name=\"twitter:card\" content=\"summary_large_image\" \/>\n<meta name=\"twitter:label1\" content=\"Dur\u00e9e de lecture estim\u00e9e\" \/>\n\t<meta name=\"twitter:data1\" content=\"2 minutes\" \/>\n<!-- \/ Yoast SEO plugin. -->","yoast_head_json":{"title":"Enseigne double face Barre LED 12V 27W - Lentille 45","description":"Barre LED 12V 27W pour enseignes double face, 94cm avec 18 LED et lentille 45\u00b0. Peut \u00eatre d\u00e9coup\u00e9e \u00e0 n'importe quelle LED, puissante, efficace et adapt\u00e9e aux totems et aux poubelles.","robots":{"index":"index","follow":"follow","max-snippet":"max-snippet:-1","max-image-preview":"max-image-preview:large","max-video-preview":"max-video-preview:-1"},"canonical":"https:\/\/www.easyledstore.it\/fr\/produit\/barre-led-pour-boite-a-lumiere-double-face-12v-27w-lentille-45-decoupable-copia\/","og_locale":"fr_FR","og_type":"article","og_title":"Enseigne double face Barre LED 12V 27W - Lentille 45","og_description":"Barre LED 12V 27W pour enseignes double face, 94cm avec 18 LED et lentille 45\u00b0. Peut \u00eatre d\u00e9coup\u00e9e \u00e0 n'importe quelle LED, puissante, efficace et adapt\u00e9e aux totems et aux poubelles.","og_url":"https:\/\/www.easyledstore.it\/fr\/produit\/barre-led-pour-boite-a-lumiere-double-face-12v-27w-lentille-45-decoupable-copia\/","og_site_name":"Easyledstore","article_publisher":"https:\/\/www.facebook.com\/easyledstore","article_modified_time":"2026-03-18T08:28:42+00:00","og_image":[{"width":2560,"height":2560,"url":"https:\/\/www.easyledstore.it\/wp-content\/uploads\/2025\/09\/4-scaled.jpg","type":"image\/jpeg"}],"twitter_card":"summary_large_image","twitter_misc":{"Dur\u00e9e de lecture estim\u00e9e":"2 minutes"},"schema":{"@context":"https:\/\/schema.org","@graph":[{"@type":"WebPage","@id":"https:\/\/www.easyledstore.it\/fr\/produit\/barre-led-pour-boite-a-lumiere-double-face-12v-27w-lentille-45-decoupable-copia\/","url":"https:\/\/www.easyledstore.it\/fr\/produit\/barre-led-pour-boite-a-lumiere-double-face-12v-27w-lentille-45-decoupable-copia\/","name":"Enseigne double face Barre LED 12V 27W - Lentille 45","isPartOf":{"@id":"https:\/\/www.easyledstore.it\/fr\/#website"},"primaryImageOfPage":{"@id":"https:\/\/www.easyledstore.it\/fr\/produit\/barre-led-pour-boite-a-lumiere-double-face-12v-27w-lentille-45-decoupable-copia\/#primaryimage"},"image":{"@id":"https:\/\/www.easyledstore.it\/fr\/produit\/barre-led-pour-boite-a-lumiere-double-face-12v-27w-lentille-45-decoupable-copia\/#primaryimage"},"thumbnailUrl":"https:\/\/www.easyledstore.it\/wp-content\/uploads\/2025\/09\/4-scaled.jpg","datePublished":"2026-03-18T08:25:43+00:00","dateModified":"2026-03-18T08:28:42+00:00","description":"Barre LED 12V 27W pour enseignes double face, 94cm avec 18 LED et lentille 45\u00b0. Peut \u00eatre d\u00e9coup\u00e9e \u00e0 n'importe quelle LED, puissante, efficace et adapt\u00e9e aux totems et aux poubelles.","breadcrumb":{"@id":"https:\/\/www.easyledstore.it\/fr\/produit\/barre-led-pour-boite-a-lumiere-double-face-12v-27w-lentille-45-decoupable-copia\/#breadcrumb"},"inLanguage":"fr-FR","potentialAction":[{"@type":"ReadAction","target":["https:\/\/www.easyledstore.it\/fr\/produit\/barre-led-pour-boite-a-lumiere-double-face-12v-27w-lentille-45-decoupable-copia\/"]}]},{"@type":"ImageObject","inLanguage":"fr-FR","@id":"https:\/\/www.easyledstore.it\/fr\/produit\/barre-led-pour-boite-a-lumiere-double-face-12v-27w-lentille-45-decoupable-copia\/#primaryimage","url":"https:\/\/www.easyledstore.it\/wp-content\/uploads\/2025\/09\/4-scaled.jpg","contentUrl":"https:\/\/www.easyledstore.it\/wp-content\/uploads\/2025\/09\/4-scaled.jpg","width":2560,"height":2560,"caption":"Barra Led Bifacciale"},{"@type":"BreadcrumbList","@id":"https:\/\/www.easyledstore.it\/fr\/produit\/barre-led-pour-boite-a-lumiere-double-face-12v-27w-lentille-45-decoupable-copia\/#breadcrumb","itemListElement":[{"@type":"ListItem","position":1,"name":"Home","item":"https:\/\/www.easyledstore.it\/fr\/modules-de-signalisation-led\/"},{"@type":"ListItem","position":2,"name":"Shop IT","item":"https:\/\/www.easyledstore.it\/fr\/boutique\/"},{"@type":"ListItem","position":3,"name":"Barre LED pour bo\u00eete \u00e0 lumi\u00e8re double face 12V 27W &#8211; Lentille 45\u00b0 &#8211; D\u00e9coupable (Copia)"}]},{"@type":"WebSite","@id":"https:\/\/www.easyledstore.it\/fr\/#website","url":"https:\/\/www.easyledstore.it\/fr\/","name":"Easyledstore","description":"Alimentatori e Moduli LED per Insegne Luminose","publisher":{"@id":"https:\/\/www.easyledstore.it\/fr\/#organization"},"potentialAction":[{"@type":"SearchAction","target":{"@type":"EntryPoint","urlTemplate":"https:\/\/www.easyledstore.it\/fr\/?s={search_term_string}"},"query-input":{"@type":"PropertyValueSpecification","valueRequired":true,"valueName":"search_term_string"}}],"inLanguage":"fr-FR"},{"@type":"Organization","@id":"https:\/\/www.easyledstore.it\/fr\/#organization","name":"LTC Lighting Trading Company srls","url":"https:\/\/www.easyledstore.it\/fr\/","logo":{"@type":"ImageObject","inLanguage":"fr-FR","@id":"https:\/\/www.easyledstore.it\/fr\/#\/schema\/logo\/image\/","url":"https:\/\/www.easyledstore.it\/wp-content\/uploads\/2018\/03\/Landscape-FullColor-2000.png","contentUrl":"https:\/\/www.easyledstore.it\/wp-content\/uploads\/2018\/03\/Landscape-FullColor-2000.png","width":2000,"height":641,"caption":"LTC Lighting Trading Company srls"},"image":{"@id":"https:\/\/www.easyledstore.it\/fr\/#\/schema\/logo\/image\/"},"sameAs":["https:\/\/www.facebook.com\/easyledstore"]}]}},"_links":{"self":[{"href":"https:\/\/www.easyledstore.it\/fr\/wp-json\/wp\/v2\/product\/13426","targetHints":{"allow":["GET"]}}],"collection":[{"href":"https:\/\/www.easyledstore.it\/fr\/wp-json\/wp\/v2\/product"}],"about":[{"href":"https:\/\/www.easyledstore.it\/fr\/wp-json\/wp\/v2\/types\/product"}],"replies":[{"embeddable":true,"href":"https:\/\/www.easyledstore.it\/fr\/wp-json\/wp\/v2\/comments?post=13426"}],"wp:featuredmedia":[{"embeddable":true,"href":"https:\/\/www.easyledstore.it\/fr\/wp-json\/wp\/v2\/media\/11285"}],"wp:attachment":[{"href":"https:\/\/www.easyledstore.it\/fr\/wp-json\/wp\/v2\/media?parent=13426"}],"wp:term":[{"taxonomy":"product_brand","embeddable":true,"href":"https:\/\/www.easyledstore.it\/fr\/wp-json\/wp\/v2\/product_brand?post=13426"},{"taxonomy":"product_cat","embeddable":true,"href":"https:\/\/www.easyledstore.it\/fr\/wp-json\/wp\/v2\/product_cat?post=13426"},{"taxonomy":"product_tag","embeddable":true,"href":"https:\/\/www.easyledstore.it\/fr\/wp-json\/wp\/v2\/product_tag?post=13426"}],"curies":[{"name":"wp","href":"https:\/\/api.w.org\/{rel}","templated":true}]}}