{"id":12335,"date":"2026-01-20T12:44:16","date_gmt":"2026-01-20T11:44:16","guid":{"rendered":"https:\/\/www.easyledstore.it\/?post_type=product&#038;p=12335"},"modified":"2026-01-27T14:27:37","modified_gmt":"2026-01-27T13:27:37","slug":"led-split-neon-rgb-6mm-bande-led-et-tube-silicone-copia","status":"publish","type":"product","link":"https:\/\/www.easyledstore.it\/fr\/produit\/led-split-neon-rgb-6mm-bande-led-et-tube-silicone-copia\/","title":{"rendered":"LED Split Neon RGB Digital 6mm &#8211; Bande LED et tube silicone"},"content":{"rendered":"<p>LED Split Neon RGB Digital 6mm &#8211; Kit complet avec bande LED et tube silicone<\/p>\n<p>Le <strong>split neon LED RGB Digital <\/strong> est une solution professionnelle d&#8217;\u00e9clairage d\u00e9coratif pour ceux qui recherchent un effet lumineux continu, \u00e9l\u00e9gant et personnalisable. Ce kit complet de 10 m\u00e8tres comprend une bande LED haute densit\u00e9 12V et un tube flexible en silicone de la m\u00eame longueur, dans la teinte RGB Digital, qui permet de cr\u00e9er des formes courbes, des lettrages lumineux et des d\u00e9corations modernes, aussi bien en int\u00e9rieur qu&#8217;en ext\u00e9rieur. <\/p>\n<p>Gr\u00e2ce \u00e0 la technologie <strong data-start=\"648\" data-end=\"677\">num\u00e9rique RVB adressable<\/strong>, chaque LED peut \u00eatre contr\u00f4l\u00e9e ind\u00e9pendamment, ce qui permet d&#8217;obtenir <strong data-start=\"753\" data-end=\"780\">des effets de lumi\u00e8re dynamiques<\/strong> avec des transitions douces, des effets sc\u00e9niques et des combinaisons de couleurs avanc\u00e9es. Il est possible, par exemple, d&#8217;obtenir des <strong data-start=\"896\" data-end=\"946\">LED de diff\u00e9rentes couleurs les unes \u00e0 c\u00f4t\u00e9 des autres<\/strong>, de cr\u00e9er des <strong data-start=\"955\" data-end=\"984\">animations personnalis\u00e9es<\/strong>, des effets de &#8220;poursuite&#8221;, des gradients multicolores et des variations de lumi\u00e8re <strong data-start=\"1047\" data-end=\"1063\">d&#8217;une LED \u00e0 l&#8217;autre<\/strong>, ce qui est impossible avec les bandes RVB conventionnelles.<\/p>\n<h2>Qu&#8217;est-ce que le n\u00e9on divis\u00e9 LED et \u00e0 quoi sert-il ?<\/h2>\n<p>Contrairement aux bandes LED conventionnelles, le syst\u00e8me Split Neon se compose de deux \u00e9l\u00e9ments distincts : une bande LED flexible \u00e0 tr\u00e8s haute densit\u00e9 lumineuse et un tube en silicone color\u00e9, qui fait office de diffuseur. Ce type de configuration garantit un \u00e9clairage continu sans mouchetures, id\u00e9al pour cr\u00e9er des effets semblables \u00e0 ceux des n\u00e9ons, mais avec une consommation d&#8217;\u00e9nergie r\u00e9duite et une s\u00e9curit\u00e9 accrue. <\/p>\n<h2>Contenu du kit num\u00e9rique LED Neon RGB<\/h2>\n<ul>\n<li>10 m\u00e8tres de bande LED RVB Digital 12V avec support adh\u00e9sif<\/li>\n<li>10 m\u00e8tres de tuyau en silicone flexible de 6&#215;8 mm<\/li>\n<li>Compatibilit\u00e9 avec les accessoires pour les coupes d&#8217;angle, les \u00e9pissures et les pi\u00e8ces d&#8217;extr\u00e9mit\u00e9 (non inclus)<\/li>\n<\/ul>\n<h2>Pourquoi choisir le kit de n\u00e9ons LED EasyLEDStore ?<\/h2>\n<ul>\n<li>Lumi\u00e8re continue et diffuse sans interruption visuelle<\/li>\n<li>Installation simple sur des surfaces courbes ou lin\u00e9aires<\/li>\n<li>Efficacit\u00e9 \u00e9nerg\u00e9tique \u00e9lev\u00e9e et longue dur\u00e9e de vie<\/li>\n<li>Design moderne et finition professionnelle<\/li>\n<li>Compatible avec tous les accessoires Split LED<\/li>\n<\/ul>\n<h2>Comment monter le n\u00e9on divis\u00e9 \u00e0 LED<\/h2>\n<p>Le montage du LED Split Neon est simple mais n\u00e9cessite de la pr\u00e9cision. Pour un r\u00e9sultat parfait : <\/p>\n<ol>\n<li>R\u00e9alisez une rainure de 6 mm \u00e0 l&#8217;aide d&#8217;une fraise appropri\u00e9e.<\/li>\n<li>Ins\u00e9rez la bande LED dans le tube de silicone, en veillant \u00e0 ne pas endommager les contacts.<\/li>\n<li>Fixez le tube dans le si\u00e8ge cr\u00e9\u00e9, en veillant \u00e0 ce qu&#8217;il soit bien align\u00e9.<\/li>\n<li>Utilisez les raccords d&#8217;angle et d&#8217;extr\u00e9mit\u00e9 pour terminer l&#8217;installation.<\/li>\n<\/ol>\n<p><img loading=\"lazy\" decoding=\"async\" class=\"alignnone size-full wp-image-4213\" src=\"https:\/\/www.easyledstore.it\/wp-content\/uploads\/2024\/05\/montaggio-led-split-neon.jpg\" alt=\"Montage LED Split N\u00e9on Rose Rouge\" width=\"640\" height=\"307\" srcset=\"https:\/\/www.easyledstore.it\/wp-content\/uploads\/2024\/05\/montaggio-led-split-neon.jpg 640w, https:\/\/www.easyledstore.it\/wp-content\/uploads\/2024\/05\/montaggio-led-split-neon-480x230.jpg 480w\" sizes=\"(min-width: 0px) and (max-width: 480px) 480px, (min-width: 481px) 640px, 100vw\" \/><\/p>\n<h3 style=\"color: #ff3800;\"><a href=\"https:\/\/www.easyledstore.it\/fr\/categories-produits\/accessoires\/\">D\u00e9couvrez tous les accessoires de montage compatibles<\/a><\/h3>\n<h2>Applications du n\u00e9on divis\u00e9 par des diodes \u00e9lectroluminescentes<\/h2>\n<p>Ce type d&#8217;\u00e9clairage est parfait pour :<\/p>\n<ul>\n<li>Fabrication d&#8217;enseignes lumineuses sur mesure<\/li>\n<li>D\u00e9coration des murs, des plafonds, des meubles ou des vitrines<\/li>\n<li>\u00c9clairage des locaux commerciaux, des salles d&#8217;exposition et des restaurants<\/li>\n<li>Effets d&#8217;\u00e9clairage pour les \u00e9v\u00e9nements, les foires, les lieux et les stands<\/li>\n<\/ul>\n<h2>Produits connexes et alternatives<\/h2>\n<ul>\n<li><a href=\"https:\/\/www.easyledstore.it\/?s=split+neon&amp;lang=it\">D\u00e9couvrez les autres couleurs de la gamme LED Split Neon<\/a><\/li>\n<li><a href=\"https:\/\/www.easyledstore.it\/fr\/categories-produits\/accessoires\/\">Accessoires pour LED : coupes, courbes, bornes<\/a><\/li>\n<li><a href=\"https:\/\/www.easyledstore.it\/?s=neon+flex&amp;lang=it\">Neon Flex pr\u00e9-assembl\u00e9<\/a><\/li>\n<\/ul>\n<h2>Plus d&#8217;informations<\/h2>\n<p>Pour en savoir plus sur la technologie LED et ses avantages par rapport au n\u00e9on traditionnel, vous pouvez consulter cette <a href=\"https:\/\/it.wikipedia.org\/wiki\/LED\" target=\"_blank\" rel=\"nofollow noopener\">page d&#8217;information sur Wikipedia<\/a>.<\/p>\n<p><em>Avec les <strong>LED RVB \u00e0 n\u00e9on divis\u00e9 d&#8217;<\/strong> EasyLEDStore, vous pouvez modeler la lumi\u00e8re et transformer n&#8217;importe quel espace en un environnement unique et visuellement saisissant.<\/em><\/p>\n","protected":false},"excerpt":{"rendered":"<h2>Split Neon RGB Digital &#8211; Kit LED pour lettrage personnalis\u00e9<\/h2>\n<p>Le <strong>Split Neon RGB Digital <\/strong> est un kit complet de 10 m\u00e8tres, id\u00e9al pour les lettres lumineuses personnalis\u00e9es, les enseignes d\u00e9coratives ou les installations cr\u00e9atives \u00e0 l&#8217;int\u00e9rieur et \u00e0 l&#8217;ext\u00e9rieur. Le syst\u00e8me se compose d&#8217;une bande de LED et d&#8217;un tube en silicone fournis s\u00e9par\u00e9ment, ce qui offre une libert\u00e9 maximale en mati\u00e8re de conception et d&#8217;assemblage. <\/p>\n<p>D&#8217;un prix comp\u00e9titif, ce kit est la solution id\u00e9ale pour les artisans, les cr\u00e9atifs, les entreprises ou les amateurs de design d&#8217;\u00e9clairage qui souhaitent r\u00e9aliser des projets uniques et professionnels.<\/p>\n<h3>Contenu du kit<\/h3>\n<ul>\n<li><strong>10 m\u00e8tres de<\/strong> tuyau en silicone blanc flexible (taille : 6\u00d78 mm), parfait pour encastrer la bande LED et obtenir un effet n\u00e9on lisse et uniforme.<\/li>\n<li><strong>10 m\u00e8tres de<\/strong> bande LED num\u00e9rique RVB haute luminosit\u00e9, d\u00e9j\u00e0 \u00e9quip\u00e9e d&#8217;un support adh\u00e9sif pour une application facile sur les surfaces lisses.<\/li>\n<\/ul>\n<h3>Caract\u00e9ristiques principales<\/h3>\n<ul>\n<li>\u00c9clairage continu et sans point gr\u00e2ce \u00e0 la technologie LED haute densit\u00e9.<\/li>\n<li>Tube en silicone durable, id\u00e9al pour les courbes, les coins et les dessins complexes.<\/li>\n<li>Compatible avec les outils de coupe pour cr\u00e9er des angles pr\u00e9cis et des fixations professionnelles (accessoires vendus s\u00e9par\u00e9ment).<\/li>\n<li>Installation simple : il suffit de cr\u00e9er une rainure de 6 mm dans le silicone et d&#8217;y ins\u00e9rer la bande LED.<\/li>\n<\/ul>\n<h3>Accessoires et ressources utiles<\/h3>\n<p>Pour compl\u00e9ter au mieux votre installation, nous vous recommandons quelques accessoires et ressources :<\/p>\n<ul>\n<li><a href=\"https:\/\/www.easyledstore.it\/prodotto\/punta-per-fresa-6mm\" target=\"_blank\" rel=\"noopener\">Fraise de 6 mm<\/a> pour cr\u00e9er le bo\u00eetier<\/li>\n<li><a href=\"https:\/\/www.easyledstore.it\/categoria-prodotto\/strip-led\/flex-neon-split\/accessori-flex-neon-split\/\">Accessoires<\/a> pour une finition professionnelle<\/li>\n<\/ul>\n<p>Parfait pour les enseignes personnalis\u00e9es, les logos d&#8217;entreprise, les d\u00e9corations d&#8217;\u00e9v\u00e9nements ou les installations artistiques, le <strong>Split Neon RGB Digital<\/strong> offre qualit\u00e9, polyvalence et esth\u00e9tique accrocheuse.<\/p>\n<h2>D\u00e9couvrez toutes les variantes disponibles<\/h2>\n<ul>\n<li><a href=\"https:\/\/www.easyledstore.it\/prodotto\/led-split-6mm-b\/\">Split LED Bleu<\/a><\/li>\n<li><a href=\"https:\/\/www.easyledstore.it\/prodotto\/led-split-6mm-r\/\">LED rouge divis\u00e9e<\/a><\/li>\n<li><a href=\"https:\/\/www.easyledstore.it\/prodotto\/led-split-neon-con-tubo-in-silicone-rose-red-6mm\/\">Split LED Rose Red<\/a><\/li>\n<li><a href=\"https:\/\/www.easyledstore.it\/prodotto\/led-split-neon-con-tubo-in-silicone-warm-white-6mm\/\">Split LED Blanc chaud<\/a><\/li>\n<li><a href=\"https:\/\/www.easyledstore.it\/prodotto\/led-split-neon-con-tubo-in-silicone-natural-white-6mm\/\">Split LED Blanc Naturel<\/a><\/li>\n<li><a href=\"https:\/\/www.easyledstore.it\/prodotto\/led-split-neon-con-tubo-in-silicone-pure-white-6mm\/\">Split LED Pure White<\/a><\/li>\n<li><a href=\"https:\/\/www.easyledstore.it\/prodotto\/led-split-neon-con-tubo-in-silicone-cool-white-6mm\/\">Split LED Blanc froid<\/a><\/li>\n<li><a href=\"https:\/\/www.easyledstore.it\/prodotto\/led-split-neon-con-tubo-in-silicone-mars-green-6mm\/\">Split LED Mars Green<\/a><\/li>\n<li><a href=\"https:\/\/www.easyledstore.it\/prodotto\/led-split-6mm-v\/\">DEL verte pour le fractionnement<\/a><\/li>\n<li><a href=\"https:\/\/www.easyledstore.it\/prodotto\/led-split-neon-con-tubo-in-silicone-ice-blue-6mm\/\">Split LED Ice Blue<\/a><\/li>\n<li><a href=\"https:\/\/www.easyledstore.it\/prodotto\/led-split-neon-con-tubo-in-silicone-purple-6mm\/\">Split LED Purple<\/a><\/li>\n<li><a href=\"https:\/\/www.easyledstore.it\/prodotto\/led-split-neon-con-tubo-in-silicone-gold-yellow-6mm\/\">Split LED Gold Yellow<\/a><\/li>\n<li><a href=\"https:\/\/www.easyledstore.it\/prodotto\/led-split-neon-con-tubo-in-silicone-orange-6mm\/\">Split LED Orange<\/a><\/li>\n<li><a href=\"https:\/\/www.easyledstore.it\/prodotto\/led-split-6mm-g\/\">Split LED Jaune citron<\/a><\/li>\n<li><a href=\"https:\/\/www.easyledstore.it\/prodotto\/led-split-6mm-rs\/\">Split LED Pink<\/a><\/li>\n<\/ul>\n<p>Tension : 12V<br \/>\nCouleur de la bande LED : RGB Digital<br \/>\nCouleur du silicone : Blanc<br \/>\nWatt par m\u00e8tre : 9 W \/ m<br \/>\nType de LED : 2835<br \/>\nNombre de LED par m\u00e8tre : 120<br \/>\nDegr\u00e9 de protection IP : IP20<\/p>\n","protected":false},"featured_media":12323,"comment_status":"open","ping_status":"closed","template":"","meta":[],"product_brand":[],"product_cat":[1085,1277,1329],"product_tag":[1055,1225,1223],"class_list":{"0":"post-12335","1":"product","2":"type-product","3":"status-publish","4":"has-post-thumbnail","6":"product_cat-flex-led","7":"product_cat-flex-neon-split","8":"product_cat-modules-rgb","9":"product_tag-12v","10":"product_tag-certification-ip20","11":"product_tag-rvb","13":"first","14":"onbackorder","15":"taxable","16":"shipping-taxable","17":"purchasable","18":"product-type-simple"},"yoast_head":"<!-- This site is optimized with the Yoast SEO plugin v27.3 - https:\/\/yoast.com\/product\/yoast-seo-wordpress\/ -->\n<title>LED Split Neon RGB Digital 6mm - Bande LED et tube silicone - Easyledstore<\/title>\n<meta name=\"description\" content=\"LED Split Neon RGB Digital 6mm : kit avec bande LED adh\u00e9sive et tube silicone de 10m. Parfait pour les installations esth\u00e9tiques. Achetez-le sur EasyLEDStore !\" \/>\n<meta name=\"robots\" content=\"index, follow, max-snippet:-1, max-image-preview:large, max-video-preview:-1\" \/>\n<link rel=\"canonical\" href=\"https:\/\/www.easyledstore.it\/fr\/produit\/led-split-neon-rgb-6mm-bande-led-et-tube-silicone-copia\/\" \/>\n<meta property=\"og:locale\" content=\"fr_FR\" \/>\n<meta property=\"og:type\" content=\"article\" \/>\n<meta property=\"og:title\" content=\"LED Split Neon RGB Digital 6mm - Bande LED et tube silicone - Easyledstore\" \/>\n<meta property=\"og:description\" content=\"LED Split Neon RGB Digital 6mm : kit avec bande LED adh\u00e9sive et tube silicone de 10m. Parfait pour les installations esth\u00e9tiques. Achetez-le sur EasyLEDStore !\" \/>\n<meta property=\"og:url\" content=\"https:\/\/www.easyledstore.it\/fr\/produit\/led-split-neon-rgb-6mm-bande-led-et-tube-silicone-copia\/\" \/>\n<meta property=\"og:site_name\" content=\"Easyledstore\" \/>\n<meta property=\"article:publisher\" content=\"https:\/\/www.facebook.com\/easyledstore\" \/>\n<meta property=\"article:modified_time\" content=\"2026-01-27T13:27:37+00:00\" \/>\n<meta property=\"og:image\" content=\"https:\/\/www.easyledstore.it\/wp-content\/uploads\/2026\/01\/DIGITAL.jpg\" \/>\n\t<meta property=\"og:image:width\" content=\"800\" \/>\n\t<meta property=\"og:image:height\" content=\"800\" \/>\n\t<meta property=\"og:image:type\" content=\"image\/jpeg\" \/>\n<meta name=\"twitter:card\" content=\"summary_large_image\" \/>\n<meta name=\"twitter:label1\" content=\"Dur\u00e9e de lecture estim\u00e9e\" \/>\n\t<meta name=\"twitter:data1\" content=\"3 minutes\" \/>\n<!-- \/ Yoast SEO plugin. -->","yoast_head_json":{"title":"LED Split Neon RGB Digital 6mm - Bande LED et tube silicone - Easyledstore","description":"LED Split Neon RGB Digital 6mm : kit avec bande LED adh\u00e9sive et tube silicone de 10m. Parfait pour les installations esth\u00e9tiques. Achetez-le sur EasyLEDStore !","robots":{"index":"index","follow":"follow","max-snippet":"max-snippet:-1","max-image-preview":"max-image-preview:large","max-video-preview":"max-video-preview:-1"},"canonical":"https:\/\/www.easyledstore.it\/fr\/produit\/led-split-neon-rgb-6mm-bande-led-et-tube-silicone-copia\/","og_locale":"fr_FR","og_type":"article","og_title":"LED Split Neon RGB Digital 6mm - Bande LED et tube silicone - Easyledstore","og_description":"LED Split Neon RGB Digital 6mm : kit avec bande LED adh\u00e9sive et tube silicone de 10m. Parfait pour les installations esth\u00e9tiques. Achetez-le sur EasyLEDStore !","og_url":"https:\/\/www.easyledstore.it\/fr\/produit\/led-split-neon-rgb-6mm-bande-led-et-tube-silicone-copia\/","og_site_name":"Easyledstore","article_publisher":"https:\/\/www.facebook.com\/easyledstore","article_modified_time":"2026-01-27T13:27:37+00:00","og_image":[{"width":800,"height":800,"url":"https:\/\/www.easyledstore.it\/wp-content\/uploads\/2026\/01\/DIGITAL.jpg","type":"image\/jpeg"}],"twitter_card":"summary_large_image","twitter_misc":{"Dur\u00e9e de lecture estim\u00e9e":"3 minutes"},"schema":{"@context":"https:\/\/schema.org","@graph":[{"@type":"WebPage","@id":"https:\/\/www.easyledstore.it\/fr\/produit\/led-split-neon-rgb-6mm-bande-led-et-tube-silicone-copia\/","url":"https:\/\/www.easyledstore.it\/fr\/produit\/led-split-neon-rgb-6mm-bande-led-et-tube-silicone-copia\/","name":"LED Split Neon RGB Digital 6mm - Bande LED et tube silicone - Easyledstore","isPartOf":{"@id":"https:\/\/www.easyledstore.it\/fr\/#website"},"primaryImageOfPage":{"@id":"https:\/\/www.easyledstore.it\/fr\/produit\/led-split-neon-rgb-6mm-bande-led-et-tube-silicone-copia\/#primaryimage"},"image":{"@id":"https:\/\/www.easyledstore.it\/fr\/produit\/led-split-neon-rgb-6mm-bande-led-et-tube-silicone-copia\/#primaryimage"},"thumbnailUrl":"https:\/\/www.easyledstore.it\/wp-content\/uploads\/2026\/01\/DIGITAL.jpg","datePublished":"2026-01-20T11:44:16+00:00","dateModified":"2026-01-27T13:27:37+00:00","description":"LED Split Neon RGB Digital 6mm : kit avec bande LED adh\u00e9sive et tube silicone de 10m. Parfait pour les installations esth\u00e9tiques. Achetez-le sur EasyLEDStore !","breadcrumb":{"@id":"https:\/\/www.easyledstore.it\/fr\/produit\/led-split-neon-rgb-6mm-bande-led-et-tube-silicone-copia\/#breadcrumb"},"inLanguage":"fr-FR","potentialAction":[{"@type":"ReadAction","target":["https:\/\/www.easyledstore.it\/fr\/produit\/led-split-neon-rgb-6mm-bande-led-et-tube-silicone-copia\/"]}]},{"@type":"ImageObject","inLanguage":"fr-FR","@id":"https:\/\/www.easyledstore.it\/fr\/produit\/led-split-neon-rgb-6mm-bande-led-et-tube-silicone-copia\/#primaryimage","url":"https:\/\/www.easyledstore.it\/wp-content\/uploads\/2026\/01\/DIGITAL.jpg","contentUrl":"https:\/\/www.easyledstore.it\/wp-content\/uploads\/2026\/01\/DIGITAL.jpg","width":800,"height":800,"caption":"LED Split Neon 6mm - Bande LED et tube silicone"},{"@type":"BreadcrumbList","@id":"https:\/\/www.easyledstore.it\/fr\/produit\/led-split-neon-rgb-6mm-bande-led-et-tube-silicone-copia\/#breadcrumb","itemListElement":[{"@type":"ListItem","position":1,"name":"Home","item":"https:\/\/www.easyledstore.it\/fr\/modules-de-signalisation-led\/"},{"@type":"ListItem","position":2,"name":"Shop IT","item":"https:\/\/www.easyledstore.it\/fr\/boutique\/"},{"@type":"ListItem","position":3,"name":"LED Split Neon RGB Digital 6mm &#8211; Bande LED et tube silicone"}]},{"@type":"WebSite","@id":"https:\/\/www.easyledstore.it\/fr\/#website","url":"https:\/\/www.easyledstore.it\/fr\/","name":"Easyledstore","description":"Alimentatori e Moduli LED per Insegne Luminose","publisher":{"@id":"https:\/\/www.easyledstore.it\/fr\/#organization"},"potentialAction":[{"@type":"SearchAction","target":{"@type":"EntryPoint","urlTemplate":"https:\/\/www.easyledstore.it\/fr\/?s={search_term_string}"},"query-input":{"@type":"PropertyValueSpecification","valueRequired":true,"valueName":"search_term_string"}}],"inLanguage":"fr-FR"},{"@type":"Organization","@id":"https:\/\/www.easyledstore.it\/fr\/#organization","name":"LTC Lighting Trading Company srls","url":"https:\/\/www.easyledstore.it\/fr\/","logo":{"@type":"ImageObject","inLanguage":"fr-FR","@id":"https:\/\/www.easyledstore.it\/fr\/#\/schema\/logo\/image\/","url":"https:\/\/www.easyledstore.it\/wp-content\/uploads\/2018\/03\/Landscape-FullColor-2000.png","contentUrl":"https:\/\/www.easyledstore.it\/wp-content\/uploads\/2018\/03\/Landscape-FullColor-2000.png","width":2000,"height":641,"caption":"LTC Lighting Trading Company srls"},"image":{"@id":"https:\/\/www.easyledstore.it\/fr\/#\/schema\/logo\/image\/"},"sameAs":["https:\/\/www.facebook.com\/easyledstore"]}]}},"_links":{"self":[{"href":"https:\/\/www.easyledstore.it\/fr\/wp-json\/wp\/v2\/product\/12335","targetHints":{"allow":["GET"]}}],"collection":[{"href":"https:\/\/www.easyledstore.it\/fr\/wp-json\/wp\/v2\/product"}],"about":[{"href":"https:\/\/www.easyledstore.it\/fr\/wp-json\/wp\/v2\/types\/product"}],"replies":[{"embeddable":true,"href":"https:\/\/www.easyledstore.it\/fr\/wp-json\/wp\/v2\/comments?post=12335"}],"wp:featuredmedia":[{"embeddable":true,"href":"https:\/\/www.easyledstore.it\/fr\/wp-json\/wp\/v2\/media\/12323"}],"wp:attachment":[{"href":"https:\/\/www.easyledstore.it\/fr\/wp-json\/wp\/v2\/media?parent=12335"}],"wp:term":[{"taxonomy":"product_brand","embeddable":true,"href":"https:\/\/www.easyledstore.it\/fr\/wp-json\/wp\/v2\/product_brand?post=12335"},{"taxonomy":"product_cat","embeddable":true,"href":"https:\/\/www.easyledstore.it\/fr\/wp-json\/wp\/v2\/product_cat?post=12335"},{"taxonomy":"product_tag","embeddable":true,"href":"https:\/\/www.easyledstore.it\/fr\/wp-json\/wp\/v2\/product_tag?post=12335"}],"curies":[{"name":"wp","href":"https:\/\/api.w.org\/{rel}","templated":true}]}}