{"id":11381,"date":"2025-09-11T09:48:59","date_gmt":"2025-09-11T07:48:59","guid":{"rendered":"https:\/\/www.easyledstore.it\/prodotto\/alimentation-novadrive-12v-100w-nwp\/"},"modified":"2025-09-11T09:48:59","modified_gmt":"2025-09-11T07:48:59","slug":"alimentation-novadrive-12v-100w-nwp","status":"publish","type":"product","link":"https:\/\/www.easyledstore.it\/fr\/produit\/alimentation-novadrive-12v-100w-nwp\/","title":{"rendered":"Alimentation NovaDrive 12V &#8211; 100W &#8211; NWP"},"content":{"rendered":"<p data-start=\"200\" data-end=\"633\">Le<strong data-start=\"202\" data-end=\"268\">bloc d&#8217;alimentation non \u00e9tanche 12V 100W ND-12V-100W-NWP de Novadrive<\/strong> est un dispositif con\u00e7u pour assurer la fiabilit\u00e9, la stabilit\u00e9 et la s\u00e9curit\u00e9 de l&#8217;alimentation des syst\u00e8mes basse tension. Avec une sortie constante de <strong data-start=\"421\" data-end=\"439\">12V DC &#8211; 8,33A<\/strong> et une puissance maximale de <strong data-start=\"465\" data-end=\"473\">100W<\/strong>, il est la solution id\u00e9ale pour alimenter en toute s\u00e9curit\u00e9 les <strong data-start=\"527\" data-end=\"630\">bandes LED, les enseignes lumineuses, les modules LED, les appareils \u00e9lectroniques et les petits appareils industriels.<\/strong> <\/p>\n<p data-start=\"635\" data-end=\"965\">Cette alimentation 12V 100W non \u00e9tanche est con\u00e7ue pour des applications <strong data-start=\"706\" data-end=\"716\">int\u00e9rieures<\/strong>, elle ne convient donc pas pour une installation \u00e0 l&#8217;ext\u00e9rieur ou expos\u00e9e \u00e0 l&#8217;eau et \u00e0 l&#8217;humidit\u00e9. Ses dimensions compactes de <strong data-start=\"834\" data-end=\"854\">110 x 35 x 80 mm<\/strong> permettent une installation pratique m\u00eame dans des espaces r\u00e9duits, sans compromettre la puissance et la fiabilit\u00e9. <\/p>\n<p data-start=\"967\" data-end=\"1306\">Le corps m\u00e9tallique assure une excellente dissipation de la chaleur et une longue dur\u00e9e de vie, tandis que <strong data-start=\"1060\" data-end=\"1084\">les protections int\u00e9gr\u00e9es contre les<\/strong> courts-circuits, les surcharges et les surchauffes garantissent une s\u00e9curit\u00e9 maximale. Gr\u00e2ce \u00e0 l&#8217;entr\u00e9e universelle <strong data-start=\"1203\" data-end=\"1217\">170-250VAC<\/strong>, il est compatible avec les r\u00e9seaux \u00e9lectriques standard et assure une faible consommation d&#8217;\u00e9nergie (1A \u00e0 230V). <\/p>\n<p data-start=\"1308\" data-end=\"1681\">Un autre point fort de l&#8217;alimentation 12V 100W non \u00e9tanche est sa stabilit\u00e9 : elle maintient une tension constante m\u00eame en cas de variations de charge, prot\u00e9geant ainsi les appareils connect\u00e9s contre les surtensions. Elle est donc parfaite pour les <strong data-start=\"1560\" data-end=\"1678\">installations LED professionnelles, les syst\u00e8mes de vid\u00e9osurveillance, les unit\u00e9s de contr\u00f4le \u00e9lectronique et les petits syst\u00e8mes d&#8217;automatisation<\/strong>. <\/p>\n<p data-start=\"1683\" data-end=\"1971\">L&#8217;installation est simple gr\u00e2ce aux trous de fixation pr\u00e9-perc\u00e9s et aux connexions claires et intuitives. Sa conception compacte et robuste lui permet d&#8217;\u00eatre utilis\u00e9 en continu sans perte de performance, ce qui garantit sa fiabilit\u00e9 dans les environnements <strong data-start=\"1937\" data-end=\"1968\">domestiques et professionnels<\/strong>. <\/p>\n<p data-start=\"1973\" data-end=\"2235\">En conclusion, l&#8217;alimentation Novadrive 12V 100W non \u00e9tanche allie <strong data-start=\"2045\" data-end=\"2083\">efficacit\u00e9, protection et praticit\u00e9<\/strong> dans un format compact. Un produit de qualit\u00e9 con\u00e7u pour ceux qui recherchent une solution s\u00fbre et durable pour alimenter leurs appareils \u00e9lectroniques. <\/p>\n<p><strong style=\"font-size: 18px;\">Suivez EasyLedStore.co.uk \u00e9galement sur les m\u00e9dias sociaux<\/strong><\/p>\n<ul style=\"list-style: none; padding: 0; font-size: 18px;\">\n<li style=\"text-align: left;\"><a href=\"https:\/\/www.instagram.com\/easyledstore.it\" target=\"_blank\" rel=\"noopener noreferrer nofollow\">Instagram &#8211; <\/a><a href=\"https:\/\/www.facebook.com\/easyledstore\" target=\"_blank\" rel=\"noopener noreferrer nofollow\">Facebook &#8211; <\/a><a href=\"https:\/\/www.tiktok.com\/@easyledstore.it\" target=\"_blank\" rel=\"noopener noreferrer nofollow\">TikTok &#8211; <\/a><a href=\"https:\/\/www.youtube.com\/@easyledstore4589\" target=\"_blank\" rel=\"noopener noreferrer nofollow\">YouTube<\/a><\/li>\n<\/ul>\n","protected":false},"excerpt":{"rendered":"<p>Alimentation Novadrive 12V 100W non \u00e9tanche, id\u00e9ale pour les bandes LED et les appareils \u00e9lectroniques. Sortie 12V DC 8,33A, protections int\u00e9gr\u00e9es et bo\u00eetier m\u00e9tallique pour une longue dur\u00e9e de vie et une grande s\u00e9curit\u00e9. <\/p>\n","protected":false},"featured_media":11294,"comment_status":"open","ping_status":"closed","template":"","meta":[],"product_brand":[],"product_cat":[1254,1845],"product_tag":[1672,1055],"class_list":{"0":"post-11381","1":"product","2":"type-product","3":"status-publish","4":"has-post-thumbnail","6":"product_cat-alimentations-electriques","7":"product_cat-alimentations-interieures","8":"product_tag-100w","9":"product_tag-12v","11":"first","12":"instock","13":"taxable","14":"shipping-taxable","15":"purchasable","16":"product-type-simple"},"yoast_head":"<!-- This site is optimized with the Yoast SEO plugin v27.3 - https:\/\/yoast.com\/product\/yoast-seo-wordpress\/ -->\n<title>Alimentation NovaDrive 12V - 100W - NWP - Easyledstore<\/title>\n<meta name=\"description\" content=\"Alimentation Novadrive 12V 100W non \u00e9tanche. Sortie 12V DC 8,33A, id\u00e9ale pour les LED et les appareils \u00e9lectroniques. Fiable, s\u00fbre et facile \u00e0 installer.\" \/>\n<meta name=\"robots\" content=\"index, follow, max-snippet:-1, max-image-preview:large, max-video-preview:-1\" \/>\n<link rel=\"canonical\" href=\"https:\/\/www.easyledstore.it\/fr\/produit\/alimentation-novadrive-12v-100w-nwp\/\" \/>\n<meta property=\"og:locale\" content=\"fr_FR\" \/>\n<meta property=\"og:type\" content=\"article\" \/>\n<meta property=\"og:title\" content=\"Alimentation NovaDrive 12V - 100W - NWP - Easyledstore\" \/>\n<meta property=\"og:description\" content=\"Alimentation Novadrive 12V 100W non \u00e9tanche. Sortie 12V DC 8,33A, id\u00e9ale pour les LED et les appareils \u00e9lectroniques. Fiable, s\u00fbre et facile \u00e0 installer.\" \/>\n<meta property=\"og:url\" content=\"https:\/\/www.easyledstore.it\/fr\/produit\/alimentation-novadrive-12v-100w-nwp\/\" \/>\n<meta property=\"og:site_name\" content=\"Easyledstore\" \/>\n<meta property=\"article:publisher\" content=\"https:\/\/www.facebook.com\/easyledstore\" \/>\n<meta property=\"og:image\" content=\"https:\/\/www.easyledstore.it\/wp-content\/uploads\/2025\/08\/100-12v.jpg\" \/>\n\t<meta property=\"og:image:width\" content=\"2000\" \/>\n\t<meta property=\"og:image:height\" content=\"2000\" \/>\n\t<meta property=\"og:image:type\" content=\"image\/jpeg\" \/>\n<meta name=\"twitter:card\" content=\"summary_large_image\" \/>\n<meta name=\"twitter:label1\" content=\"Dur\u00e9e de lecture estim\u00e9e\" \/>\n\t<meta name=\"twitter:data1\" content=\"2 minutes\" \/>\n<!-- \/ Yoast SEO plugin. -->","yoast_head_json":{"title":"Alimentation NovaDrive 12V - 100W - NWP - Easyledstore","description":"Alimentation Novadrive 12V 100W non \u00e9tanche. Sortie 12V DC 8,33A, id\u00e9ale pour les LED et les appareils \u00e9lectroniques. Fiable, s\u00fbre et facile \u00e0 installer.","robots":{"index":"index","follow":"follow","max-snippet":"max-snippet:-1","max-image-preview":"max-image-preview:large","max-video-preview":"max-video-preview:-1"},"canonical":"https:\/\/www.easyledstore.it\/fr\/produit\/alimentation-novadrive-12v-100w-nwp\/","og_locale":"fr_FR","og_type":"article","og_title":"Alimentation NovaDrive 12V - 100W - NWP - Easyledstore","og_description":"Alimentation Novadrive 12V 100W non \u00e9tanche. Sortie 12V DC 8,33A, id\u00e9ale pour les LED et les appareils \u00e9lectroniques. Fiable, s\u00fbre et facile \u00e0 installer.","og_url":"https:\/\/www.easyledstore.it\/fr\/produit\/alimentation-novadrive-12v-100w-nwp\/","og_site_name":"Easyledstore","article_publisher":"https:\/\/www.facebook.com\/easyledstore","og_image":[{"width":2000,"height":2000,"url":"https:\/\/www.easyledstore.it\/wp-content\/uploads\/2025\/08\/100-12v.jpg","type":"image\/jpeg"}],"twitter_card":"summary_large_image","twitter_misc":{"Dur\u00e9e de lecture estim\u00e9e":"2 minutes"},"schema":{"@context":"https:\/\/schema.org","@graph":[{"@type":"WebPage","@id":"https:\/\/www.easyledstore.it\/fr\/produit\/alimentation-novadrive-12v-100w-nwp\/","url":"https:\/\/www.easyledstore.it\/fr\/produit\/alimentation-novadrive-12v-100w-nwp\/","name":"Alimentation NovaDrive 12V - 100W - NWP - Easyledstore","isPartOf":{"@id":"https:\/\/www.easyledstore.it\/fr\/#website"},"primaryImageOfPage":{"@id":"https:\/\/www.easyledstore.it\/fr\/produit\/alimentation-novadrive-12v-100w-nwp\/#primaryimage"},"image":{"@id":"https:\/\/www.easyledstore.it\/fr\/produit\/alimentation-novadrive-12v-100w-nwp\/#primaryimage"},"thumbnailUrl":"https:\/\/www.easyledstore.it\/wp-content\/uploads\/2025\/08\/100-12v.jpg","datePublished":"2025-09-11T07:48:59+00:00","description":"Alimentation Novadrive 12V 100W non \u00e9tanche. Sortie 12V DC 8,33A, id\u00e9ale pour les LED et les appareils \u00e9lectroniques. Fiable, s\u00fbre et facile \u00e0 installer.","breadcrumb":{"@id":"https:\/\/www.easyledstore.it\/fr\/produit\/alimentation-novadrive-12v-100w-nwp\/#breadcrumb"},"inLanguage":"fr-FR","potentialAction":[{"@type":"ReadAction","target":["https:\/\/www.easyledstore.it\/fr\/produit\/alimentation-novadrive-12v-100w-nwp\/"]}]},{"@type":"ImageObject","inLanguage":"fr-FR","@id":"https:\/\/www.easyledstore.it\/fr\/produit\/alimentation-novadrive-12v-100w-nwp\/#primaryimage","url":"https:\/\/www.easyledstore.it\/wp-content\/uploads\/2025\/08\/100-12v.jpg","contentUrl":"https:\/\/www.easyledstore.it\/wp-content\/uploads\/2025\/08\/100-12v.jpg","width":2000,"height":2000,"caption":"Bloc d'alimentation ND-12V-100W-NWP"},{"@type":"BreadcrumbList","@id":"https:\/\/www.easyledstore.it\/fr\/produit\/alimentation-novadrive-12v-100w-nwp\/#breadcrumb","itemListElement":[{"@type":"ListItem","position":1,"name":"Home","item":"https:\/\/www.easyledstore.it\/fr\/modules-de-signalisation-led\/"},{"@type":"ListItem","position":2,"name":"Shop IT","item":"https:\/\/www.easyledstore.it\/fr\/boutique\/"},{"@type":"ListItem","position":3,"name":"Alimentation NovaDrive 12V &#8211; 100W &#8211; NWP"}]},{"@type":"WebSite","@id":"https:\/\/www.easyledstore.it\/fr\/#website","url":"https:\/\/www.easyledstore.it\/fr\/","name":"Easyledstore","description":"Alimentatori e Moduli LED per Insegne Luminose","publisher":{"@id":"https:\/\/www.easyledstore.it\/fr\/#organization"},"potentialAction":[{"@type":"SearchAction","target":{"@type":"EntryPoint","urlTemplate":"https:\/\/www.easyledstore.it\/fr\/?s={search_term_string}"},"query-input":{"@type":"PropertyValueSpecification","valueRequired":true,"valueName":"search_term_string"}}],"inLanguage":"fr-FR"},{"@type":"Organization","@id":"https:\/\/www.easyledstore.it\/fr\/#organization","name":"LTC Lighting Trading Company srls","url":"https:\/\/www.easyledstore.it\/fr\/","logo":{"@type":"ImageObject","inLanguage":"fr-FR","@id":"https:\/\/www.easyledstore.it\/fr\/#\/schema\/logo\/image\/","url":"https:\/\/www.easyledstore.it\/wp-content\/uploads\/2018\/03\/Landscape-FullColor-2000.png","contentUrl":"https:\/\/www.easyledstore.it\/wp-content\/uploads\/2018\/03\/Landscape-FullColor-2000.png","width":2000,"height":641,"caption":"LTC Lighting Trading Company srls"},"image":{"@id":"https:\/\/www.easyledstore.it\/fr\/#\/schema\/logo\/image\/"},"sameAs":["https:\/\/www.facebook.com\/easyledstore"]}]}},"_links":{"self":[{"href":"https:\/\/www.easyledstore.it\/fr\/wp-json\/wp\/v2\/product\/11381","targetHints":{"allow":["GET"]}}],"collection":[{"href":"https:\/\/www.easyledstore.it\/fr\/wp-json\/wp\/v2\/product"}],"about":[{"href":"https:\/\/www.easyledstore.it\/fr\/wp-json\/wp\/v2\/types\/product"}],"replies":[{"embeddable":true,"href":"https:\/\/www.easyledstore.it\/fr\/wp-json\/wp\/v2\/comments?post=11381"}],"wp:featuredmedia":[{"embeddable":true,"href":"https:\/\/www.easyledstore.it\/fr\/wp-json\/wp\/v2\/media\/11294"}],"wp:attachment":[{"href":"https:\/\/www.easyledstore.it\/fr\/wp-json\/wp\/v2\/media?parent=11381"}],"wp:term":[{"taxonomy":"product_brand","embeddable":true,"href":"https:\/\/www.easyledstore.it\/fr\/wp-json\/wp\/v2\/product_brand?post=11381"},{"taxonomy":"product_cat","embeddable":true,"href":"https:\/\/www.easyledstore.it\/fr\/wp-json\/wp\/v2\/product_cat?post=11381"},{"taxonomy":"product_tag","embeddable":true,"href":"https:\/\/www.easyledstore.it\/fr\/wp-json\/wp\/v2\/product_tag?post=11381"}],"curies":[{"name":"wp","href":"https:\/\/api.w.org\/{rel}","templated":true}]}}