{"id":11357,"date":"2025-09-03T12:22:19","date_gmt":"2025-09-03T10:22:19","guid":{"rendered":"https:\/\/www.easyledstore.it\/prodotto\/variateur-led-avec-telecommande-12-24v-30a\/"},"modified":"2025-09-03T12:22:19","modified_gmt":"2025-09-03T10:22:19","slug":"variateur-led-avec-telecommande-12-24v-30a","status":"publish","type":"product","link":"https:\/\/www.easyledstore.it\/fr\/produit\/variateur-led-avec-telecommande-12-24v-30a\/","title":{"rendered":"Variateur LED avec t\u00e9l\u00e9commande 12-24V 30A"},"content":{"rendered":"<p data-start=\"758\" data-end=\"1079\">Si vous cherchez un moyen simple, pratique et fonctionnel de contr\u00f4ler vos bandes lumineuses, le <strong data-start=\"858\" data-end=\"888\">variateur LED avec t\u00e9l\u00e9commande<\/strong> est la solution id\u00e9ale. Cet appareil compact vous permet de r\u00e9gler avec pr\u00e9cision l&#8217;intensit\u00e9 de la lumi\u00e8re, cr\u00e9ant ainsi l&#8217;atmosph\u00e8re id\u00e9ale dans n&#8217;importe quel environnement, qu&#8217;il soit domestique ou professionnel. <\/p>\n<p data-start=\"1081\" data-end=\"1474\">Le variateur LED fonctionne sur une alimentation en courant continu (DC) et prend en charge une large gamme de tensions d&#8217;entr\u00e9e et de sortie, de 12 \u00e0 24V. Avec une puissance maximale de 360 W \u00e0 12 V et jusqu&#8217;\u00e0 720 W \u00e0 24 V, il peut supporter sans probl\u00e8me des charges \u00e9lev\u00e9es, ce qui le rend adapt\u00e9 aux installations d&#8217;\u00e9clairage les plus complexes. De plus, la sortie de 30A garantit la stabilit\u00e9 et la s\u00e9curit\u00e9 pendant l&#8217;utilisation.  <\/p>\n<p data-start=\"1476\" data-end=\"2003\">L&#8217;un des principaux avantages de ce <strong data-start=\"1514\" data-end=\"1544\">variateur LED avec t\u00e9l\u00e9commande<\/strong> est la possibilit\u00e9 de contr\u00f4ler les lumi\u00e8res \u00e0 distance. Gr\u00e2ce \u00e0 la t\u00e9l\u00e9commande pratique fournie, il vous suffit de 3 touches pour allumer, \u00e9teindre ou r\u00e9gler la luminosit\u00e9 de vos bandes LED de mani\u00e8re rapide et intuitive. Vous n&#8217;avez plus besoin d&#8217;intervenir manuellement sur l&#8217;appareil : un seul clic suffit pour modifier l&#8217;intensit\u00e9 lumineuse et cr\u00e9er l&#8217;atmosph\u00e8re ad\u00e9quate dans le salon, la chambre \u00e0 coucher, le bureau ou m\u00eame dans les environnements commerciaux tels que les bars, les restaurants et les magasins.  <\/p>\n<p data-start=\"2005\" data-end=\"2268\">Sa conception compacte et robuste le rend facile \u00e0 installer et peu encombrant. Il peut \u00eatre plac\u00e9 dans des bo\u00eetes de jonction, des meubles ou derri\u00e8re des panneaux, sans compromettre l&#8217;espace disponible. Il est livr\u00e9 dans un emballage blanc standard, pr\u00eat \u00e0 l&#8217;emploi.  <\/p>\n<p data-start=\"2270\" data-end=\"2580\">Gr\u00e2ce \u00e0 sa polyvalence, ce contr\u00f4leur convient \u00e0 diff\u00e9rents types d&#8217;installations LED, telles que les bandes monochromes, les lampes d\u00e9coratives et les syst\u00e8mes d&#8217;\u00e9clairage architectural. Il est particuli\u00e8rement utile pour ceux qui souhaitent \u00e9conomiser de l&#8217;\u00e9nergie tout en ayant un contr\u00f4le total sur l&#8217;\u00e9clairage. <\/p>\n<p data-start=\"2582\" data-end=\"2850\">En r\u00e9sum\u00e9, le <strong data-start=\"2597\" data-end=\"2627\">variateur LED avec t\u00e9l\u00e9commande<\/strong> est le choix id\u00e9al pour ceux qui recherchent un produit fiable, puissant et facile \u00e0 utiliser. Avec un seul appareil, vous pouvez tirer le meilleur parti de vos bandes LED, en am\u00e9liorant l&#8217;esth\u00e9tique et l&#8217;efficacit\u00e9 de votre syst\u00e8me d&#8217;\u00e9clairage. <\/p>\n","protected":false},"excerpt":{"rendered":"<p>Variateur LED avec t\u00e9l\u00e9commande 12-24V 30A, id\u00e9al pour la gradation de bandes LED jusqu&#8217;\u00e0 720W. Simple, compact et avec t\u00e9l\u00e9commande. <\/p>\n","protected":false},"featured_media":11359,"comment_status":"open","ping_status":"closed","template":"","meta":[],"product_brand":[],"product_cat":[1280,1785],"product_tag":[1055,1224,1865],"class_list":{"0":"post-11357","1":"product","2":"type-product","3":"status-publish","4":"has-post-thumbnail","6":"product_cat-unites-de-controle","7":"product_cat-variateur","8":"product_tag-12v","9":"product_tag-24v","10":"product_tag-360w-720w","12":"first","13":"instock","14":"taxable","15":"shipping-taxable","16":"purchasable","17":"product-type-simple"},"yoast_head":"<!-- This site is optimized with the Yoast SEO plugin v27.3 - https:\/\/yoast.com\/product\/yoast-seo-wordpress\/ -->\n<title>Variateur LED avec t\u00e9l\u00e9commande 12-24V 30A - Easyledstore<\/title>\n<meta name=\"description\" content=\"D\u00e9couvrez le Dimmer LED avec t\u00e9l\u00e9commande 12-24V 30A, id\u00e9al pour ajuster l&#039;intensit\u00e9 de vos bandes LED jusqu&#039;\u00e0 720W. Facile \u00e0 utiliser, compact et puissant.\" \/>\n<meta name=\"robots\" content=\"index, follow, max-snippet:-1, max-image-preview:large, max-video-preview:-1\" \/>\n<link rel=\"canonical\" href=\"https:\/\/www.easyledstore.it\/fr\/produit\/variateur-led-avec-telecommande-12-24v-30a\/\" \/>\n<meta property=\"og:locale\" content=\"fr_FR\" \/>\n<meta property=\"og:type\" content=\"article\" \/>\n<meta property=\"og:title\" content=\"Variateur LED avec t\u00e9l\u00e9commande 12-24V 30A - Easyledstore\" \/>\n<meta property=\"og:description\" content=\"D\u00e9couvrez le Dimmer LED avec t\u00e9l\u00e9commande 12-24V 30A, id\u00e9al pour ajuster l&#039;intensit\u00e9 de vos bandes LED jusqu&#039;\u00e0 720W. Facile \u00e0 utiliser, compact et puissant.\" \/>\n<meta property=\"og:url\" content=\"https:\/\/www.easyledstore.it\/fr\/produit\/variateur-led-avec-telecommande-12-24v-30a\/\" \/>\n<meta property=\"og:site_name\" content=\"Easyledstore\" \/>\n<meta property=\"article:publisher\" content=\"https:\/\/www.facebook.com\/easyledstore\" \/>\n<meta property=\"og:image\" content=\"https:\/\/www.easyledstore.it\/wp-content\/uploads\/2025\/08\/91-scaled.jpg\" \/>\n\t<meta property=\"og:image:width\" content=\"2560\" \/>\n\t<meta property=\"og:image:height\" content=\"2560\" \/>\n\t<meta property=\"og:image:type\" content=\"image\/jpeg\" \/>\n<meta name=\"twitter:card\" content=\"summary_large_image\" \/>\n<meta name=\"twitter:label1\" content=\"Dur\u00e9e de lecture estim\u00e9e\" \/>\n\t<meta name=\"twitter:data1\" content=\"2 minutes\" \/>\n<!-- \/ Yoast SEO plugin. -->","yoast_head_json":{"title":"Variateur LED avec t\u00e9l\u00e9commande 12-24V 30A - Easyledstore","description":"D\u00e9couvrez le Dimmer LED avec t\u00e9l\u00e9commande 12-24V 30A, id\u00e9al pour ajuster l'intensit\u00e9 de vos bandes LED jusqu'\u00e0 720W. Facile \u00e0 utiliser, compact et puissant.","robots":{"index":"index","follow":"follow","max-snippet":"max-snippet:-1","max-image-preview":"max-image-preview:large","max-video-preview":"max-video-preview:-1"},"canonical":"https:\/\/www.easyledstore.it\/fr\/produit\/variateur-led-avec-telecommande-12-24v-30a\/","og_locale":"fr_FR","og_type":"article","og_title":"Variateur LED avec t\u00e9l\u00e9commande 12-24V 30A - Easyledstore","og_description":"D\u00e9couvrez le Dimmer LED avec t\u00e9l\u00e9commande 12-24V 30A, id\u00e9al pour ajuster l'intensit\u00e9 de vos bandes LED jusqu'\u00e0 720W. Facile \u00e0 utiliser, compact et puissant.","og_url":"https:\/\/www.easyledstore.it\/fr\/produit\/variateur-led-avec-telecommande-12-24v-30a\/","og_site_name":"Easyledstore","article_publisher":"https:\/\/www.facebook.com\/easyledstore","og_image":[{"width":2560,"height":2560,"url":"https:\/\/www.easyledstore.it\/wp-content\/uploads\/2025\/08\/91-scaled.jpg","type":"image\/jpeg"}],"twitter_card":"summary_large_image","twitter_misc":{"Dur\u00e9e de lecture estim\u00e9e":"2 minutes"},"schema":{"@context":"https:\/\/schema.org","@graph":[{"@type":"WebPage","@id":"https:\/\/www.easyledstore.it\/fr\/produit\/variateur-led-avec-telecommande-12-24v-30a\/","url":"https:\/\/www.easyledstore.it\/fr\/produit\/variateur-led-avec-telecommande-12-24v-30a\/","name":"Variateur LED avec t\u00e9l\u00e9commande 12-24V 30A - Easyledstore","isPartOf":{"@id":"https:\/\/www.easyledstore.it\/fr\/#website"},"primaryImageOfPage":{"@id":"https:\/\/www.easyledstore.it\/fr\/produit\/variateur-led-avec-telecommande-12-24v-30a\/#primaryimage"},"image":{"@id":"https:\/\/www.easyledstore.it\/fr\/produit\/variateur-led-avec-telecommande-12-24v-30a\/#primaryimage"},"thumbnailUrl":"https:\/\/www.easyledstore.it\/wp-content\/uploads\/2025\/08\/91-scaled.jpg","datePublished":"2025-09-03T10:22:19+00:00","description":"D\u00e9couvrez le Dimmer LED avec t\u00e9l\u00e9commande 12-24V 30A, id\u00e9al pour ajuster l'intensit\u00e9 de vos bandes LED jusqu'\u00e0 720W. Facile \u00e0 utiliser, compact et puissant.","breadcrumb":{"@id":"https:\/\/www.easyledstore.it\/fr\/produit\/variateur-led-avec-telecommande-12-24v-30a\/#breadcrumb"},"inLanguage":"fr-FR","potentialAction":[{"@type":"ReadAction","target":["https:\/\/www.easyledstore.it\/fr\/produit\/variateur-led-avec-telecommande-12-24v-30a\/"]}]},{"@type":"ImageObject","inLanguage":"fr-FR","@id":"https:\/\/www.easyledstore.it\/fr\/produit\/variateur-led-avec-telecommande-12-24v-30a\/#primaryimage","url":"https:\/\/www.easyledstore.it\/wp-content\/uploads\/2025\/08\/91-scaled.jpg","contentUrl":"https:\/\/www.easyledstore.it\/wp-content\/uploads\/2025\/08\/91-scaled.jpg","width":2560,"height":2560,"caption":"Led Single Color Dimmer"},{"@type":"BreadcrumbList","@id":"https:\/\/www.easyledstore.it\/fr\/produit\/variateur-led-avec-telecommande-12-24v-30a\/#breadcrumb","itemListElement":[{"@type":"ListItem","position":1,"name":"Home","item":"https:\/\/www.easyledstore.it\/fr\/modules-de-signalisation-led\/"},{"@type":"ListItem","position":2,"name":"Shop IT","item":"https:\/\/www.easyledstore.it\/fr\/boutique\/"},{"@type":"ListItem","position":3,"name":"Variateur LED avec t\u00e9l\u00e9commande 12-24V 30A"}]},{"@type":"WebSite","@id":"https:\/\/www.easyledstore.it\/fr\/#website","url":"https:\/\/www.easyledstore.it\/fr\/","name":"Easyledstore","description":"Alimentatori e Moduli LED per Insegne Luminose","publisher":{"@id":"https:\/\/www.easyledstore.it\/fr\/#organization"},"potentialAction":[{"@type":"SearchAction","target":{"@type":"EntryPoint","urlTemplate":"https:\/\/www.easyledstore.it\/fr\/?s={search_term_string}"},"query-input":{"@type":"PropertyValueSpecification","valueRequired":true,"valueName":"search_term_string"}}],"inLanguage":"fr-FR"},{"@type":"Organization","@id":"https:\/\/www.easyledstore.it\/fr\/#organization","name":"LTC Lighting Trading Company srls","url":"https:\/\/www.easyledstore.it\/fr\/","logo":{"@type":"ImageObject","inLanguage":"fr-FR","@id":"https:\/\/www.easyledstore.it\/fr\/#\/schema\/logo\/image\/","url":"https:\/\/www.easyledstore.it\/wp-content\/uploads\/2018\/03\/Landscape-FullColor-2000.png","contentUrl":"https:\/\/www.easyledstore.it\/wp-content\/uploads\/2018\/03\/Landscape-FullColor-2000.png","width":2000,"height":641,"caption":"LTC Lighting Trading Company srls"},"image":{"@id":"https:\/\/www.easyledstore.it\/fr\/#\/schema\/logo\/image\/"},"sameAs":["https:\/\/www.facebook.com\/easyledstore"]}]}},"_links":{"self":[{"href":"https:\/\/www.easyledstore.it\/fr\/wp-json\/wp\/v2\/product\/11357","targetHints":{"allow":["GET"]}}],"collection":[{"href":"https:\/\/www.easyledstore.it\/fr\/wp-json\/wp\/v2\/product"}],"about":[{"href":"https:\/\/www.easyledstore.it\/fr\/wp-json\/wp\/v2\/types\/product"}],"replies":[{"embeddable":true,"href":"https:\/\/www.easyledstore.it\/fr\/wp-json\/wp\/v2\/comments?post=11357"}],"wp:featuredmedia":[{"embeddable":true,"href":"https:\/\/www.easyledstore.it\/fr\/wp-json\/wp\/v2\/media\/11359"}],"wp:attachment":[{"href":"https:\/\/www.easyledstore.it\/fr\/wp-json\/wp\/v2\/media?parent=11357"}],"wp:term":[{"taxonomy":"product_brand","embeddable":true,"href":"https:\/\/www.easyledstore.it\/fr\/wp-json\/wp\/v2\/product_brand?post=11357"},{"taxonomy":"product_cat","embeddable":true,"href":"https:\/\/www.easyledstore.it\/fr\/wp-json\/wp\/v2\/product_cat?post=11357"},{"taxonomy":"product_tag","embeddable":true,"href":"https:\/\/www.easyledstore.it\/fr\/wp-json\/wp\/v2\/product_tag?post=11357"}],"curies":[{"name":"wp","href":"https:\/\/api.w.org\/{rel}","templated":true}]}}