{"id":11339,"date":"2025-09-03T14:42:29","date_gmt":"2025-09-03T12:42:29","guid":{"rendered":"https:\/\/www.easyledstore.it\/prodotto\/controleur-led-rf-a-8-boutons-variateur-et-controleur-declairage-5v-24v-avec-telecommande\/"},"modified":"2025-09-03T14:42:29","modified_gmt":"2025-09-03T12:42:29","slug":"controleur-led-rf-a-8-boutons-variateur-et-controleur-declairage-5v-24v-avec-telecommande","status":"publish","type":"product","link":"https:\/\/www.easyledstore.it\/fr\/produit\/controleur-led-rf-a-8-boutons-variateur-et-controleur-declairage-5v-24v-avec-telecommande\/","title":{"rendered":"Contr\u00f4leur LED RF \u00e0 8 boutons &#8211; Variateur et contr\u00f4leur d&#8217;\u00e9clairage 5V-24V avec t\u00e9l\u00e9commande"},"content":{"rendered":"<p data-start=\"776\" data-end=\"1149\">Le <strong data-start=\"779\" data-end=\"808\">contr\u00f4leur LED RF \u00e0 8 boutons<\/strong> est la solution id\u00e9ale pour ceux qui souhaitent g\u00e9rer facilement et commod\u00e9ment l&#8217;\u00e9clairage LED \u00e0 la maison, au bureau ou dans un environnement commercial. Gr\u00e2ce \u00e0 la t\u00e9l\u00e9commande \u00e0 radiofr\u00e9quence incluse, vous pouvez contr\u00f4ler les bandes LED sans avoir \u00e0 les diriger directement vers le r\u00e9cepteur, ce qui garantit un maximum de commodit\u00e9 et de souplesse d&#8217;utilisation. <\/p>\n<p data-start=\"1151\" data-end=\"1556\">Ce contr\u00f4leur supporte une large gamme de tensions d&#8217;entr\u00e9e, de <strong data-start=\"1221\" data-end=\"1236\">5V DC \u00e0 24V<\/strong>, et est donc compatible avec diff\u00e9rents types de bandes LED monochromes. Sa puissance varie en fonction de la tension utilis\u00e9e : jusqu&#8217;\u00e0 20W \u00e0 5V, 48W \u00e0 12V et jusqu&#8217;\u00e0 96W \u00e0 24V. Il peut donc g\u00e9rer efficacement et en toute s\u00e9curit\u00e9 des barrettes de LED de diff\u00e9rentes longueurs et consommations, sans risque de surcharge.  <\/p>\n<p data-start=\"1558\" data-end=\"2054\">Le <strong data-start=\"1561\" data-end=\"1590\">contr\u00f4leur LED RF \u00e0 8 boutons<\/strong> offre deux canaux de sortie avec un courant maximum de 4A par canal, ce qui garantit des performances stables et fiables. Les boutons de la t\u00e9l\u00e9commande vous permettent d&#8217;allumer et d&#8217;\u00e9teindre les lumi\u00e8res, de r\u00e9gler la luminosit\u00e9 sur plusieurs niveaux et de s\u00e9lectionner diff\u00e9rents modes d&#8217;\u00e9clairage. Il est donc parfait non seulement pour une utilisation domestique, mais aussi pour les magasins, les restaurants, les bars et tout espace n\u00e9cessitant un \u00e9clairage personnalis\u00e9 et d&#8217;ambiance.  <\/p>\n<p data-start=\"2056\" data-end=\"2449\">Un autre grand avantage de ce dispositif est sa commodit\u00e9 : la t\u00e9l\u00e9commande RF fonctionne sans ligne de vis\u00e9e, de sorte que vous pouvez g\u00e9rer les lumi\u00e8res m\u00eame \u00e0 partir d&#8217;une autre pi\u00e8ce ou sans avoir \u00e0 pointer directement vers le contr\u00f4leur. En outre, l&#8217;installation est extr\u00eamement simple : il suffit de connecter le contr\u00f4leur \u00e0 l&#8217;alimentation \u00e9lectrique et \u00e0 la bande LED, et vous pouvez commencer \u00e0 l&#8217;utiliser imm\u00e9diatement. <\/p>\n<p data-start=\"2451\" data-end=\"2765\">Esth\u00e9tiquement, son design compact et l\u00e9ger lui permet d&#8217;\u00eatre facilement positionn\u00e9 n&#8217;importe o\u00f9 sans encombrer l&#8217;espace. Le contr\u00f4leur est livr\u00e9 dans un emballage pratique et pr\u00eat \u00e0 l&#8217;emploi. C&#8217;est un accessoire indispensable pour ceux qui veulent avoir le contr\u00f4le total de leur \u00e9clairage LED \u00e0 tout moment. <\/p>\n<p data-start=\"2767\" data-end=\"3082\">En conclusion, le <strong data-start=\"2786\" data-end=\"2815\">contr\u00f4leur LED RF \u00e0 8 boutons<\/strong> est un appareil polyvalent, fiable et convivial. Avec sa large compatibilit\u00e9, sa puissance de sortie r\u00e9glable et sa t\u00e9l\u00e9commande intuitive, c&#8217;est le choix id\u00e9al pour ceux qui veulent un contr\u00f4le complet et professionnel de leurs bandes LED. <\/p>\n","protected":false},"excerpt":{"rendered":"<p>Le contr\u00f4leur de LED RF \u00e0 8 boutons permet de contr\u00f4ler facilement les bandes de LED avec une tension DC 5V-24V. Gr\u00e2ce \u00e0 la t\u00e9l\u00e9commande sans fil, vous pouvez r\u00e9gler la luminosit\u00e9, les effets et la commutation jusqu&#8217;\u00e0 une puissance de 96 W. <\/p>\n","protected":false},"featured_media":11341,"comment_status":"open","ping_status":"closed","template":"","meta":[],"product_brand":[],"product_cat":[1280,1785],"product_tag":[1055,1224,1855,1850],"class_list":{"0":"post-11339","1":"product","2":"type-product","3":"status-publish","4":"has-post-thumbnail","6":"product_cat-unites-de-controle","7":"product_cat-variateur","8":"product_tag-12v","9":"product_tag-24v","10":"product_tag-48w","11":"product_tag-96w","13":"first","14":"instock","15":"taxable","16":"shipping-taxable","17":"purchasable","18":"product-type-simple"},"yoast_head":"<!-- This site is optimized with the Yoast SEO plugin v27.3 - https:\/\/yoast.com\/product\/yoast-seo-wordpress\/ -->\n<title>Variateur et contr\u00f4leur d&#039;\u00e9clairage 5V-24V avec t\u00e9l\u00e9commande<\/title>\n<meta name=\"description\" content=\"D\u00e9couvrez le contr\u00f4leur LED RF \u00e0 8 boutons avec t\u00e9l\u00e9commande, compatible avec les bandes LED DC 5V-24V. Facile \u00e0 utiliser, puissance jusqu&#039;\u00e0 96W\" \/>\n<meta name=\"robots\" content=\"index, follow, max-snippet:-1, max-image-preview:large, max-video-preview:-1\" \/>\n<link rel=\"canonical\" href=\"https:\/\/www.easyledstore.it\/fr\/produit\/controleur-led-rf-a-8-boutons-variateur-et-controleur-declairage-5v-24v-avec-telecommande\/\" \/>\n<meta property=\"og:locale\" content=\"fr_FR\" \/>\n<meta property=\"og:type\" content=\"article\" \/>\n<meta property=\"og:title\" content=\"Variateur et contr\u00f4leur d&#039;\u00e9clairage 5V-24V avec t\u00e9l\u00e9commande\" \/>\n<meta property=\"og:description\" content=\"D\u00e9couvrez le contr\u00f4leur LED RF \u00e0 8 boutons avec t\u00e9l\u00e9commande, compatible avec les bandes LED DC 5V-24V. Facile \u00e0 utiliser, puissance jusqu&#039;\u00e0 96W\" \/>\n<meta property=\"og:url\" content=\"https:\/\/www.easyledstore.it\/fr\/produit\/controleur-led-rf-a-8-boutons-variateur-et-controleur-declairage-5v-24v-avec-telecommande\/\" \/>\n<meta property=\"og:site_name\" content=\"Easyledstore\" \/>\n<meta property=\"article:publisher\" content=\"https:\/\/www.facebook.com\/easyledstore\" \/>\n<meta property=\"og:image\" content=\"https:\/\/www.easyledstore.it\/wp-content\/uploads\/2025\/08\/94-scaled.jpg\" \/>\n\t<meta property=\"og:image:width\" content=\"2560\" \/>\n\t<meta property=\"og:image:height\" content=\"2560\" \/>\n\t<meta property=\"og:image:type\" content=\"image\/jpeg\" \/>\n<meta name=\"twitter:card\" content=\"summary_large_image\" \/>\n<meta name=\"twitter:label1\" content=\"Dur\u00e9e de lecture estim\u00e9e\" \/>\n\t<meta name=\"twitter:data1\" content=\"2 minutes\" \/>\n<!-- \/ Yoast SEO plugin. -->","yoast_head_json":{"title":"Variateur et contr\u00f4leur d'\u00e9clairage 5V-24V avec t\u00e9l\u00e9commande","description":"D\u00e9couvrez le contr\u00f4leur LED RF \u00e0 8 boutons avec t\u00e9l\u00e9commande, compatible avec les bandes LED DC 5V-24V. Facile \u00e0 utiliser, puissance jusqu'\u00e0 96W","robots":{"index":"index","follow":"follow","max-snippet":"max-snippet:-1","max-image-preview":"max-image-preview:large","max-video-preview":"max-video-preview:-1"},"canonical":"https:\/\/www.easyledstore.it\/fr\/produit\/controleur-led-rf-a-8-boutons-variateur-et-controleur-declairage-5v-24v-avec-telecommande\/","og_locale":"fr_FR","og_type":"article","og_title":"Variateur et contr\u00f4leur d'\u00e9clairage 5V-24V avec t\u00e9l\u00e9commande","og_description":"D\u00e9couvrez le contr\u00f4leur LED RF \u00e0 8 boutons avec t\u00e9l\u00e9commande, compatible avec les bandes LED DC 5V-24V. Facile \u00e0 utiliser, puissance jusqu'\u00e0 96W","og_url":"https:\/\/www.easyledstore.it\/fr\/produit\/controleur-led-rf-a-8-boutons-variateur-et-controleur-declairage-5v-24v-avec-telecommande\/","og_site_name":"Easyledstore","article_publisher":"https:\/\/www.facebook.com\/easyledstore","og_image":[{"width":2560,"height":2560,"url":"https:\/\/www.easyledstore.it\/wp-content\/uploads\/2025\/08\/94-scaled.jpg","type":"image\/jpeg"}],"twitter_card":"summary_large_image","twitter_misc":{"Dur\u00e9e de lecture estim\u00e9e":"2 minutes"},"schema":{"@context":"https:\/\/schema.org","@graph":[{"@type":"WebPage","@id":"https:\/\/www.easyledstore.it\/fr\/produit\/controleur-led-rf-a-8-boutons-variateur-et-controleur-declairage-5v-24v-avec-telecommande\/","url":"https:\/\/www.easyledstore.it\/fr\/produit\/controleur-led-rf-a-8-boutons-variateur-et-controleur-declairage-5v-24v-avec-telecommande\/","name":"Variateur et contr\u00f4leur d'\u00e9clairage 5V-24V avec t\u00e9l\u00e9commande","isPartOf":{"@id":"https:\/\/www.easyledstore.it\/fr\/#website"},"primaryImageOfPage":{"@id":"https:\/\/www.easyledstore.it\/fr\/produit\/controleur-led-rf-a-8-boutons-variateur-et-controleur-declairage-5v-24v-avec-telecommande\/#primaryimage"},"image":{"@id":"https:\/\/www.easyledstore.it\/fr\/produit\/controleur-led-rf-a-8-boutons-variateur-et-controleur-declairage-5v-24v-avec-telecommande\/#primaryimage"},"thumbnailUrl":"https:\/\/www.easyledstore.it\/wp-content\/uploads\/2025\/08\/94-scaled.jpg","datePublished":"2025-09-03T12:42:29+00:00","description":"D\u00e9couvrez le contr\u00f4leur LED RF \u00e0 8 boutons avec t\u00e9l\u00e9commande, compatible avec les bandes LED DC 5V-24V. Facile \u00e0 utiliser, puissance jusqu'\u00e0 96W","breadcrumb":{"@id":"https:\/\/www.easyledstore.it\/fr\/produit\/controleur-led-rf-a-8-boutons-variateur-et-controleur-declairage-5v-24v-avec-telecommande\/#breadcrumb"},"inLanguage":"fr-FR","potentialAction":[{"@type":"ReadAction","target":["https:\/\/www.easyledstore.it\/fr\/produit\/controleur-led-rf-a-8-boutons-variateur-et-controleur-declairage-5v-24v-avec-telecommande\/"]}]},{"@type":"ImageObject","inLanguage":"fr-FR","@id":"https:\/\/www.easyledstore.it\/fr\/produit\/controleur-led-rf-a-8-boutons-variateur-et-controleur-declairage-5v-24v-avec-telecommande\/#primaryimage","url":"https:\/\/www.easyledstore.it\/wp-content\/uploads\/2025\/08\/94-scaled.jpg","contentUrl":"https:\/\/www.easyledstore.it\/wp-content\/uploads\/2025\/08\/94-scaled.jpg","width":2560,"height":2560,"caption":"Led Single Color Dimmer"},{"@type":"BreadcrumbList","@id":"https:\/\/www.easyledstore.it\/fr\/produit\/controleur-led-rf-a-8-boutons-variateur-et-controleur-declairage-5v-24v-avec-telecommande\/#breadcrumb","itemListElement":[{"@type":"ListItem","position":1,"name":"Home","item":"https:\/\/www.easyledstore.it\/fr\/modules-de-signalisation-led\/"},{"@type":"ListItem","position":2,"name":"Shop IT","item":"https:\/\/www.easyledstore.it\/fr\/boutique\/"},{"@type":"ListItem","position":3,"name":"Contr\u00f4leur LED RF \u00e0 8 boutons &#8211; Variateur et contr\u00f4leur d&#8217;\u00e9clairage 5V-24V avec t\u00e9l\u00e9commande"}]},{"@type":"WebSite","@id":"https:\/\/www.easyledstore.it\/fr\/#website","url":"https:\/\/www.easyledstore.it\/fr\/","name":"Easyledstore","description":"Alimentatori e Moduli LED per Insegne Luminose","publisher":{"@id":"https:\/\/www.easyledstore.it\/fr\/#organization"},"potentialAction":[{"@type":"SearchAction","target":{"@type":"EntryPoint","urlTemplate":"https:\/\/www.easyledstore.it\/fr\/?s={search_term_string}"},"query-input":{"@type":"PropertyValueSpecification","valueRequired":true,"valueName":"search_term_string"}}],"inLanguage":"fr-FR"},{"@type":"Organization","@id":"https:\/\/www.easyledstore.it\/fr\/#organization","name":"LTC Lighting Trading Company srls","url":"https:\/\/www.easyledstore.it\/fr\/","logo":{"@type":"ImageObject","inLanguage":"fr-FR","@id":"https:\/\/www.easyledstore.it\/fr\/#\/schema\/logo\/image\/","url":"https:\/\/www.easyledstore.it\/wp-content\/uploads\/2018\/03\/Landscape-FullColor-2000.png","contentUrl":"https:\/\/www.easyledstore.it\/wp-content\/uploads\/2018\/03\/Landscape-FullColor-2000.png","width":2000,"height":641,"caption":"LTC Lighting Trading Company srls"},"image":{"@id":"https:\/\/www.easyledstore.it\/fr\/#\/schema\/logo\/image\/"},"sameAs":["https:\/\/www.facebook.com\/easyledstore"]}]}},"_links":{"self":[{"href":"https:\/\/www.easyledstore.it\/fr\/wp-json\/wp\/v2\/product\/11339","targetHints":{"allow":["GET"]}}],"collection":[{"href":"https:\/\/www.easyledstore.it\/fr\/wp-json\/wp\/v2\/product"}],"about":[{"href":"https:\/\/www.easyledstore.it\/fr\/wp-json\/wp\/v2\/types\/product"}],"replies":[{"embeddable":true,"href":"https:\/\/www.easyledstore.it\/fr\/wp-json\/wp\/v2\/comments?post=11339"}],"wp:featuredmedia":[{"embeddable":true,"href":"https:\/\/www.easyledstore.it\/fr\/wp-json\/wp\/v2\/media\/11341"}],"wp:attachment":[{"href":"https:\/\/www.easyledstore.it\/fr\/wp-json\/wp\/v2\/media?parent=11339"}],"wp:term":[{"taxonomy":"product_brand","embeddable":true,"href":"https:\/\/www.easyledstore.it\/fr\/wp-json\/wp\/v2\/product_brand?post=11339"},{"taxonomy":"product_cat","embeddable":true,"href":"https:\/\/www.easyledstore.it\/fr\/wp-json\/wp\/v2\/product_cat?post=11339"},{"taxonomy":"product_tag","embeddable":true,"href":"https:\/\/www.easyledstore.it\/fr\/wp-json\/wp\/v2\/product_tag?post=11339"}],"curies":[{"name":"wp","href":"https:\/\/api.w.org\/{rel}","templated":true}]}}