{"id":11329,"date":"2025-09-01T09:35:26","date_gmt":"2025-09-01T07:35:26","guid":{"rendered":"https:\/\/www.easyledstore.it\/prodotto\/variateur-led-rf-12-24v-avec-telecommande-11-touches-dimmer-8a\/"},"modified":"2025-09-01T09:35:26","modified_gmt":"2025-09-01T07:35:26","slug":"variateur-led-rf-12-24v-avec-telecommande-11-touches-dimmer-8a","status":"publish","type":"product","link":"https:\/\/www.easyledstore.it\/fr\/produit\/variateur-led-rf-12-24v-avec-telecommande-11-touches-dimmer-8a\/","title":{"rendered":"Variateur LED RF 12-24V avec t\u00e9l\u00e9commande 11 touches &#8211; Dimmer 8A"},"content":{"rendered":"<p data-start=\"941\" data-end=\"1302\">Le <strong data-start=\"944\" data-end=\"984\">variateur LED RF 12-24V avec t\u00e9l\u00e9commande<\/strong> est la solution id\u00e9ale pour ceux qui souhaitent contr\u00f4ler enti\u00e8rement leur \u00e9clairage LED de mani\u00e8re simple, pratique et rapide. Gr\u00e2ce \u00e0 la t\u00e9l\u00e9commande \u00e0 11 boutons incluse, vous pouvez r\u00e9gler l&#8217;intensit\u00e9 lumineuse des bandes LED et cr\u00e9er l&#8217;atmosph\u00e8re parfaite pour chaque occasion, aussi bien \u00e0 la maison que dans les environnements commerciaux. <\/p>\n<p data-start=\"1304\" data-end=\"1664\">Ce variateur fonctionne avec une alimentation <strong data-start=\"1345\" data-end=\"1359\">DC 12V-24V<\/strong> et offre une sortie de courant maximale de <strong data-start=\"1405\" data-end=\"1411\">8A<\/strong>, garantissant de hautes performances et une compatibilit\u00e9 avec diff\u00e9rents types de bandes LED monochromes. Sa capacit\u00e9 de gestion de la puissance peut atteindre <strong data-start=\"1561\" data-end=\"1574\">96 W \u00e0 12 V<\/strong> et <strong data-start=\"1577\" data-end=\"1591\">192 W \u00e0 24 V<\/strong>, ce qui le rend adapt\u00e9 aux installations de moyenne et grande taille. <\/p>\n<p data-start=\"1666\" data-end=\"2136\">L&#8217;un des principaux avantages du <strong data-start=\"1698\" data-end=\"1738\">variateur LED RF 12-24V avec t\u00e9l\u00e9commande<\/strong> est la commodit\u00e9 de la commande \u00e0 distance. En effet, la t\u00e9l\u00e9commande RF (radiofr\u00e9quence) vous permet de g\u00e9rer le niveau de luminosit\u00e9 sans avoir \u00e0 vous approcher de l&#8217;appareil, offrant ainsi une plus grande libert\u00e9 que les variateurs manuels classiques. Avec ses 11 boutons, elle vous permet d&#8217;allumer, d&#8217;\u00e9teindre, d&#8217;augmenter ou de diminuer la luminosit\u00e9 et de m\u00e9moriser vos r\u00e9glages favoris pour une utilisation encore plus intuitive.  <\/p>\n<p data-start=\"2138\" data-end=\"2517\">Du point de vue de l&#8217;installation, le variateur est extr\u00eamement facile \u00e0 connecter gr\u00e2ce aux bornes \u00e0 vis qui permettent un c\u00e2blage s\u00fbr et stable. Son design compact et robuste lui permet de s&#8217;adapter \u00e0 de nombreux contextes : maisons, magasins, bureaux, salles d&#8217;exposition, bars et restaurants. C&#8217;est le choix id\u00e9al pour ceux qui veulent personnaliser leur \u00e9clairage sans complications techniques.  <\/p>\n<p data-start=\"2519\" data-end=\"2729\">En outre, ce contr\u00f4leur LED RF contribue aux \u00e9conomies d&#8217;\u00e9nergie, car il permet de r\u00e9duire l&#8217;intensit\u00e9 lumineuse lorsque la puissance maximale n&#8217;est pas n\u00e9cessaire, ce qui augmente la dur\u00e9e de vie des bandes LED.<\/p>\n<p data-start=\"2731\" data-end=\"3098\">En r\u00e9sum\u00e9, le <strong data-start=\"2746\" data-end=\"2786\">variateur LED RF 12-24V avec t\u00e9l\u00e9commande<\/strong> est un accessoire indispensable pour ceux qui souhaitent un contr\u00f4le flexible, fiable et moderne de leur \u00e9clairage LED. Avec ses caract\u00e9ristiques techniques avanc\u00e9es, sa puissance g\u00e9r\u00e9e jusqu&#8217;\u00e0 192 W et la commodit\u00e9 de la t\u00e9l\u00e9commande RF, il constitue une solution compl\u00e8te pour tous les besoins en mati\u00e8re d&#8217;\u00e9clairage. <\/p>\n","protected":false},"excerpt":{"rendered":"<p>Variateur LED RF 12-24V avec t\u00e9l\u00e9commande 11 boutons, sortie 8A et puissance jusqu&#8217;\u00e0 192W. Ajustez facilement la luminosit\u00e9 de vos bandes LED avec commodit\u00e9 et pr\u00e9cision. <\/p>\n","protected":false},"featured_media":11335,"comment_status":"open","ping_status":"closed","template":"","meta":[],"product_brand":[],"product_cat":[1280,1785],"product_tag":[1055,1851,1224,1850],"class_list":{"0":"post-11329","1":"product","2":"type-product","3":"status-publish","4":"has-post-thumbnail","6":"product_cat-unites-de-controle","7":"product_cat-variateur","8":"product_tag-12v","9":"product_tag-192w","10":"product_tag-24v","11":"product_tag-96w","13":"first","14":"instock","15":"taxable","16":"shipping-taxable","17":"purchasable","18":"product-type-simple"},"yoast_head":"<!-- This site is optimized with the Yoast SEO plugin v27.3 - https:\/\/yoast.com\/product\/yoast-seo-wordpress\/ -->\n<title>Variateur LED RF 12-24V avec t\u00e9l\u00e9commande 11 touches<\/title>\n<meta name=\"description\" content=\"D\u00e9couvrez le variateur LED RF 12-24V avec t\u00e9l\u00e9commande 11 boutons, id\u00e9al pour r\u00e9gler l&#039;intensit\u00e9 lumineuse de vos bandes LED. Puissance jusqu&#039;\u00e0 192W, sortie 8A.\" \/>\n<meta name=\"robots\" content=\"index, follow, max-snippet:-1, max-image-preview:large, max-video-preview:-1\" \/>\n<link rel=\"canonical\" href=\"https:\/\/www.easyledstore.it\/fr\/produit\/variateur-led-rf-12-24v-avec-telecommande-11-touches-dimmer-8a\/\" \/>\n<meta property=\"og:locale\" content=\"fr_FR\" \/>\n<meta property=\"og:type\" content=\"article\" \/>\n<meta property=\"og:title\" content=\"Variateur LED RF 12-24V avec t\u00e9l\u00e9commande 11 touches\" \/>\n<meta property=\"og:description\" content=\"D\u00e9couvrez le variateur LED RF 12-24V avec t\u00e9l\u00e9commande 11 boutons, id\u00e9al pour r\u00e9gler l&#039;intensit\u00e9 lumineuse de vos bandes LED. Puissance jusqu&#039;\u00e0 192W, sortie 8A.\" \/>\n<meta property=\"og:url\" content=\"https:\/\/www.easyledstore.it\/fr\/produit\/variateur-led-rf-12-24v-avec-telecommande-11-touches-dimmer-8a\/\" \/>\n<meta property=\"og:site_name\" content=\"Easyledstore\" \/>\n<meta property=\"article:publisher\" content=\"https:\/\/www.facebook.com\/easyledstore\" \/>\n<meta property=\"og:image\" content=\"https:\/\/www.easyledstore.it\/wp-content\/uploads\/2025\/08\/5-scaled.jpg\" \/>\n\t<meta property=\"og:image:width\" content=\"2560\" \/>\n\t<meta property=\"og:image:height\" content=\"2560\" \/>\n\t<meta property=\"og:image:type\" content=\"image\/jpeg\" \/>\n<meta name=\"twitter:card\" content=\"summary_large_image\" \/>\n<meta name=\"twitter:label1\" content=\"Dur\u00e9e de lecture estim\u00e9e\" \/>\n\t<meta name=\"twitter:data1\" content=\"2 minutes\" \/>\n<!-- \/ Yoast SEO plugin. -->","yoast_head_json":{"title":"Variateur LED RF 12-24V avec t\u00e9l\u00e9commande 11 touches","description":"D\u00e9couvrez le variateur LED RF 12-24V avec t\u00e9l\u00e9commande 11 boutons, id\u00e9al pour r\u00e9gler l'intensit\u00e9 lumineuse de vos bandes LED. Puissance jusqu'\u00e0 192W, sortie 8A.","robots":{"index":"index","follow":"follow","max-snippet":"max-snippet:-1","max-image-preview":"max-image-preview:large","max-video-preview":"max-video-preview:-1"},"canonical":"https:\/\/www.easyledstore.it\/fr\/produit\/variateur-led-rf-12-24v-avec-telecommande-11-touches-dimmer-8a\/","og_locale":"fr_FR","og_type":"article","og_title":"Variateur LED RF 12-24V avec t\u00e9l\u00e9commande 11 touches","og_description":"D\u00e9couvrez le variateur LED RF 12-24V avec t\u00e9l\u00e9commande 11 boutons, id\u00e9al pour r\u00e9gler l'intensit\u00e9 lumineuse de vos bandes LED. Puissance jusqu'\u00e0 192W, sortie 8A.","og_url":"https:\/\/www.easyledstore.it\/fr\/produit\/variateur-led-rf-12-24v-avec-telecommande-11-touches-dimmer-8a\/","og_site_name":"Easyledstore","article_publisher":"https:\/\/www.facebook.com\/easyledstore","og_image":[{"width":2560,"height":2560,"url":"https:\/\/www.easyledstore.it\/wp-content\/uploads\/2025\/08\/5-scaled.jpg","type":"image\/jpeg"}],"twitter_card":"summary_large_image","twitter_misc":{"Dur\u00e9e de lecture estim\u00e9e":"2 minutes"},"schema":{"@context":"https:\/\/schema.org","@graph":[{"@type":"WebPage","@id":"https:\/\/www.easyledstore.it\/fr\/produit\/variateur-led-rf-12-24v-avec-telecommande-11-touches-dimmer-8a\/","url":"https:\/\/www.easyledstore.it\/fr\/produit\/variateur-led-rf-12-24v-avec-telecommande-11-touches-dimmer-8a\/","name":"Variateur LED RF 12-24V avec t\u00e9l\u00e9commande 11 touches","isPartOf":{"@id":"https:\/\/www.easyledstore.it\/fr\/#website"},"primaryImageOfPage":{"@id":"https:\/\/www.easyledstore.it\/fr\/produit\/variateur-led-rf-12-24v-avec-telecommande-11-touches-dimmer-8a\/#primaryimage"},"image":{"@id":"https:\/\/www.easyledstore.it\/fr\/produit\/variateur-led-rf-12-24v-avec-telecommande-11-touches-dimmer-8a\/#primaryimage"},"thumbnailUrl":"https:\/\/www.easyledstore.it\/wp-content\/uploads\/2025\/08\/5-scaled.jpg","datePublished":"2025-09-01T07:35:26+00:00","description":"D\u00e9couvrez le variateur LED RF 12-24V avec t\u00e9l\u00e9commande 11 boutons, id\u00e9al pour r\u00e9gler l'intensit\u00e9 lumineuse de vos bandes LED. Puissance jusqu'\u00e0 192W, sortie 8A.","breadcrumb":{"@id":"https:\/\/www.easyledstore.it\/fr\/produit\/variateur-led-rf-12-24v-avec-telecommande-11-touches-dimmer-8a\/#breadcrumb"},"inLanguage":"fr-FR","potentialAction":[{"@type":"ReadAction","target":["https:\/\/www.easyledstore.it\/fr\/produit\/variateur-led-rf-12-24v-avec-telecommande-11-touches-dimmer-8a\/"]}]},{"@type":"ImageObject","inLanguage":"fr-FR","@id":"https:\/\/www.easyledstore.it\/fr\/produit\/variateur-led-rf-12-24v-avec-telecommande-11-touches-dimmer-8a\/#primaryimage","url":"https:\/\/www.easyledstore.it\/wp-content\/uploads\/2025\/08\/5-scaled.jpg","contentUrl":"https:\/\/www.easyledstore.it\/wp-content\/uploads\/2025\/08\/5-scaled.jpg","width":2560,"height":2560,"caption":"Led Single Color Dimmer"},{"@type":"BreadcrumbList","@id":"https:\/\/www.easyledstore.it\/fr\/produit\/variateur-led-rf-12-24v-avec-telecommande-11-touches-dimmer-8a\/#breadcrumb","itemListElement":[{"@type":"ListItem","position":1,"name":"Home","item":"https:\/\/www.easyledstore.it\/fr\/modules-de-signalisation-led\/"},{"@type":"ListItem","position":2,"name":"Shop IT","item":"https:\/\/www.easyledstore.it\/fr\/boutique\/"},{"@type":"ListItem","position":3,"name":"Variateur LED RF 12-24V avec t\u00e9l\u00e9commande 11 touches &#8211; Dimmer 8A"}]},{"@type":"WebSite","@id":"https:\/\/www.easyledstore.it\/fr\/#website","url":"https:\/\/www.easyledstore.it\/fr\/","name":"Easyledstore","description":"Alimentatori e Moduli LED per Insegne Luminose","publisher":{"@id":"https:\/\/www.easyledstore.it\/fr\/#organization"},"potentialAction":[{"@type":"SearchAction","target":{"@type":"EntryPoint","urlTemplate":"https:\/\/www.easyledstore.it\/fr\/?s={search_term_string}"},"query-input":{"@type":"PropertyValueSpecification","valueRequired":true,"valueName":"search_term_string"}}],"inLanguage":"fr-FR"},{"@type":"Organization","@id":"https:\/\/www.easyledstore.it\/fr\/#organization","name":"LTC Lighting Trading Company srls","url":"https:\/\/www.easyledstore.it\/fr\/","logo":{"@type":"ImageObject","inLanguage":"fr-FR","@id":"https:\/\/www.easyledstore.it\/fr\/#\/schema\/logo\/image\/","url":"https:\/\/www.easyledstore.it\/wp-content\/uploads\/2018\/03\/Landscape-FullColor-2000.png","contentUrl":"https:\/\/www.easyledstore.it\/wp-content\/uploads\/2018\/03\/Landscape-FullColor-2000.png","width":2000,"height":641,"caption":"LTC Lighting Trading Company srls"},"image":{"@id":"https:\/\/www.easyledstore.it\/fr\/#\/schema\/logo\/image\/"},"sameAs":["https:\/\/www.facebook.com\/easyledstore"]}]}},"_links":{"self":[{"href":"https:\/\/www.easyledstore.it\/fr\/wp-json\/wp\/v2\/product\/11329","targetHints":{"allow":["GET"]}}],"collection":[{"href":"https:\/\/www.easyledstore.it\/fr\/wp-json\/wp\/v2\/product"}],"about":[{"href":"https:\/\/www.easyledstore.it\/fr\/wp-json\/wp\/v2\/types\/product"}],"replies":[{"embeddable":true,"href":"https:\/\/www.easyledstore.it\/fr\/wp-json\/wp\/v2\/comments?post=11329"}],"wp:featuredmedia":[{"embeddable":true,"href":"https:\/\/www.easyledstore.it\/fr\/wp-json\/wp\/v2\/media\/11335"}],"wp:attachment":[{"href":"https:\/\/www.easyledstore.it\/fr\/wp-json\/wp\/v2\/media?parent=11329"}],"wp:term":[{"taxonomy":"product_brand","embeddable":true,"href":"https:\/\/www.easyledstore.it\/fr\/wp-json\/wp\/v2\/product_brand?post=11329"},{"taxonomy":"product_cat","embeddable":true,"href":"https:\/\/www.easyledstore.it\/fr\/wp-json\/wp\/v2\/product_cat?post=11329"},{"taxonomy":"product_tag","embeddable":true,"href":"https:\/\/www.easyledstore.it\/fr\/wp-json\/wp\/v2\/product_tag?post=11329"}],"curies":[{"name":"wp","href":"https:\/\/api.w.org\/{rel}","templated":true}]}}