{"id":11303,"date":"2025-09-01T09:09:02","date_gmt":"2025-09-01T07:09:02","guid":{"rendered":"https:\/\/www.easyledstore.it\/prodotto\/controleur-led-rvb-12v-24v-3ch-18a-avec-telecommande-24-boutons\/"},"modified":"2025-09-01T09:09:02","modified_gmt":"2025-09-01T07:09:02","slug":"controleur-led-rvb-12v-24v-3ch-18a-avec-telecommande-24-boutons","status":"publish","type":"product","link":"https:\/\/www.easyledstore.it\/fr\/produit\/controleur-led-rvb-12v-24v-3ch-18a-avec-telecommande-24-boutons\/","title":{"rendered":"Contr\u00f4leur LED RVB 12V-24V 3CH 18A avec t\u00e9l\u00e9commande 24 boutons"},"content":{"rendered":"<p data-start=\"931\" data-end=\"1275\">Le <strong data-start=\"934\" data-end=\"981\">contr\u00f4leur LED RVB avec t\u00e9l\u00e9commande \u00e0 24 boutons<\/strong> est la solution id\u00e9ale pour ceux qui souhaitent g\u00e9rer facilement leurs bandes lumineuses multicolores \u00e0 l&#8217;aide d&#8217;un seul appareil. Ce contr\u00f4leur vous permet de contr\u00f4ler l&#8217;intensit\u00e9, les couleurs et les modes dynamiques de vos lumi\u00e8res, transformant ainsi n&#8217;importe quelle pi\u00e8ce en un espace confortable et personnalis\u00e9. <\/p>\n<p data-start=\"1277\" data-end=\"1574\">Compatible avec les bandes LED RVB <strong data-start=\"1311\" data-end=\"1324\">12V et 24V<\/strong>, l&#8217;appareil supporte une puissance maximale de 216W \u00e0 12V et jusqu&#8217;\u00e0 432W \u00e0 24V, garantissant une utilisation polyvalente et performante. La sortie \u00e0 3 canaux avec un courant allant jusqu&#8217;\u00e0 18A permet de g\u00e9rer de grandes installations lumineuses sans perte de qualit\u00e9. <\/p>\n<p data-start=\"1576\" data-end=\"1958\">La <strong data-start=\"1579\" data-end=\"1605\">t\u00e9l\u00e9commande \u00e0 24 boutons<\/strong> incluse est simple et intuitive, offrant la possibilit\u00e9 de choisir parmi une large gamme de couleurs, de r\u00e9gler la luminosit\u00e9 et de d\u00e9finir divers effets d&#8217;\u00e9clairage tels que les fondus, les stroboscopes et les changements de couleur automatiques. Gr\u00e2ce \u00e0 la technologie RF, le signal ne n\u00e9cessite pas de ligne directe avec le contr\u00f4leur, ce qui garantit une port\u00e9e large et stable. <\/p>\n<p data-start=\"1960\" data-end=\"2341\">Le <strong data-start=\"1963\" data-end=\"2010\">contr\u00f4leur LED RVB avec t\u00e9l\u00e9commande \u00e0 24 boutons<\/strong> se distingue \u00e9galement par sa facilit\u00e9 d&#8217;installation : il suffit de le brancher entre l&#8217;alimentation et la bande LED pour en avoir imm\u00e9diatement le contr\u00f4le. Il s&#8217;agit d&#8217;un accessoire parfait pour les applications domestiques telles que les salons, les chambres et les cuisines, ainsi que pour les environnements professionnels tels que les magasins, les vitrines, les clubs et les restaurants. <\/p>\n<p data-start=\"2343\" data-end=\"2640\">Techniquement, le contr\u00f4leur offre une entr\u00e9e et une sortie de tension continue <strong data-start=\"2432\" data-end=\"2446\">12V-24V<\/strong> DC, avec une protection int\u00e9gr\u00e9e contre les surcharges et les courts-circuits. La conception compacte et robuste garantit une longue dur\u00e9e de vie et un fonctionnement fiable, m\u00eame en cas d&#8217;utilisation intensive. <\/p>\n<p data-start=\"2642\" data-end=\"2969\">Gr\u00e2ce \u00e0 ce contr\u00f4leur, vous pouvez cr\u00e9er des atmosph\u00e8res saisissantes et dynamiques, en adaptant l&#8217;\u00e9clairage \u00e0 diff\u00e9rentes occasions : d&#8217;une soir\u00e9e relaxante \u00e0 la maison \u00e0 un \u00e9v\u00e9nement sp\u00e9cial ou une f\u00eate. La combinaison de la puissance, de la commodit\u00e9 et de la fiabilit\u00e9 en fait un outil indispensable pour tous ceux qui utilisent des bandes LED RVB. <\/p>\n<p data-start=\"2971\" data-end=\"3312\">En conclusion, le <strong data-start=\"2990\" data-end=\"3037\">contr\u00f4leur LED RVB avec t\u00e9l\u00e9commande \u00e0 24 boutons<\/strong> est une solution polyvalente, s\u00fbre et de haute qualit\u00e9 pour contr\u00f4ler l&#8217;\u00e9clairage LED. Gr\u00e2ce \u00e0 sa compatibilit\u00e9 universelle et \u00e0 sa facilit\u00e9 d&#8217;utilisation, c&#8217;est l&#8217;accessoire parfait pour rendre toute installation d&#8217;\u00e9clairage encore plus efficace et attrayante. <\/p>\n","protected":false},"excerpt":{"rendered":"<p>Contr\u00f4leur LED RVB avec t\u00e9l\u00e9commande \u00e0 24 boutons, id\u00e9al pour contr\u00f4ler les bandes lumineuses 12V et 24V jusqu&#8217;\u00e0 432W. Il offre un contr\u00f4le total des couleurs, un r\u00e9glage de l&#8217;intensit\u00e9 et des modes dynamiques. Facile \u00e0 installer, il garantit des performances \u00e9lev\u00e9es et une longue dur\u00e9e de vie.  <\/p>\n","protected":false},"featured_media":11304,"comment_status":"open","ping_status":"closed","template":"","meta":[],"product_brand":[],"product_cat":[1756,1280],"product_tag":[1055,1758,1224],"class_list":{"0":"post-11303","1":"product","2":"type-product","3":"status-publish","4":"has-post-thumbnail","6":"product_cat-controleur","7":"product_cat-unites-de-controle","8":"product_tag-12v","9":"product_tag-216w-432w","10":"product_tag-24v","12":"first","13":"instock","14":"taxable","15":"shipping-taxable","16":"purchasable","17":"product-type-simple"},"yoast_head":"<!-- This site is optimized with the Yoast SEO plugin v27.3 - https:\/\/yoast.com\/product\/yoast-seo-wordpress\/ -->\n<title>Contr\u00f4leur LED RVB 12V-24V 3CH 18A avec t\u00e9l\u00e9commande 24 boutons - Easyledstore<\/title>\n<meta name=\"description\" content=\"Contr\u00f4leur LED RVB avec t\u00e9l\u00e9commande 24 boutons, compatible avec les bandes LED 12V-24V jusqu&#039;\u00e0 432W. Facile \u00e0 utiliser, pr\u00e9cis et fiable.\" \/>\n<meta name=\"robots\" content=\"index, follow, max-snippet:-1, max-image-preview:large, max-video-preview:-1\" \/>\n<link rel=\"canonical\" href=\"https:\/\/www.easyledstore.it\/fr\/produit\/controleur-led-rvb-12v-24v-3ch-18a-avec-telecommande-24-boutons\/\" \/>\n<meta property=\"og:locale\" content=\"fr_FR\" \/>\n<meta property=\"og:type\" content=\"article\" \/>\n<meta property=\"og:title\" content=\"Contr\u00f4leur LED RVB 12V-24V 3CH 18A avec t\u00e9l\u00e9commande 24 boutons - Easyledstore\" \/>\n<meta property=\"og:description\" content=\"Contr\u00f4leur LED RVB avec t\u00e9l\u00e9commande 24 boutons, compatible avec les bandes LED 12V-24V jusqu&#039;\u00e0 432W. Facile \u00e0 utiliser, pr\u00e9cis et fiable.\" \/>\n<meta property=\"og:url\" content=\"https:\/\/www.easyledstore.it\/fr\/produit\/controleur-led-rvb-12v-24v-3ch-18a-avec-telecommande-24-boutons\/\" \/>\n<meta property=\"og:site_name\" content=\"Easyledstore\" \/>\n<meta property=\"article:publisher\" content=\"https:\/\/www.facebook.com\/easyledstore\" \/>\n<meta property=\"og:image\" content=\"https:\/\/www.easyledstore.it\/wp-content\/uploads\/2025\/08\/2-scaled.jpg\" \/>\n\t<meta property=\"og:image:width\" content=\"2560\" \/>\n\t<meta property=\"og:image:height\" content=\"2560\" \/>\n\t<meta property=\"og:image:type\" content=\"image\/jpeg\" \/>\n<meta name=\"twitter:card\" content=\"summary_large_image\" \/>\n<meta name=\"twitter:label1\" content=\"Dur\u00e9e de lecture estim\u00e9e\" \/>\n\t<meta name=\"twitter:data1\" content=\"2 minutes\" \/>\n<!-- \/ Yoast SEO plugin. -->","yoast_head_json":{"title":"Contr\u00f4leur LED RVB 12V-24V 3CH 18A avec t\u00e9l\u00e9commande 24 boutons - Easyledstore","description":"Contr\u00f4leur LED RVB avec t\u00e9l\u00e9commande 24 boutons, compatible avec les bandes LED 12V-24V jusqu'\u00e0 432W. Facile \u00e0 utiliser, pr\u00e9cis et fiable.","robots":{"index":"index","follow":"follow","max-snippet":"max-snippet:-1","max-image-preview":"max-image-preview:large","max-video-preview":"max-video-preview:-1"},"canonical":"https:\/\/www.easyledstore.it\/fr\/produit\/controleur-led-rvb-12v-24v-3ch-18a-avec-telecommande-24-boutons\/","og_locale":"fr_FR","og_type":"article","og_title":"Contr\u00f4leur LED RVB 12V-24V 3CH 18A avec t\u00e9l\u00e9commande 24 boutons - Easyledstore","og_description":"Contr\u00f4leur LED RVB avec t\u00e9l\u00e9commande 24 boutons, compatible avec les bandes LED 12V-24V jusqu'\u00e0 432W. Facile \u00e0 utiliser, pr\u00e9cis et fiable.","og_url":"https:\/\/www.easyledstore.it\/fr\/produit\/controleur-led-rvb-12v-24v-3ch-18a-avec-telecommande-24-boutons\/","og_site_name":"Easyledstore","article_publisher":"https:\/\/www.facebook.com\/easyledstore","og_image":[{"width":2560,"height":2560,"url":"https:\/\/www.easyledstore.it\/wp-content\/uploads\/2025\/08\/2-scaled.jpg","type":"image\/jpeg"}],"twitter_card":"summary_large_image","twitter_misc":{"Dur\u00e9e de lecture estim\u00e9e":"2 minutes"},"schema":{"@context":"https:\/\/schema.org","@graph":[{"@type":"WebPage","@id":"https:\/\/www.easyledstore.it\/fr\/produit\/controleur-led-rvb-12v-24v-3ch-18a-avec-telecommande-24-boutons\/","url":"https:\/\/www.easyledstore.it\/fr\/produit\/controleur-led-rvb-12v-24v-3ch-18a-avec-telecommande-24-boutons\/","name":"Contr\u00f4leur LED RVB 12V-24V 3CH 18A avec t\u00e9l\u00e9commande 24 boutons - Easyledstore","isPartOf":{"@id":"https:\/\/www.easyledstore.it\/fr\/#website"},"primaryImageOfPage":{"@id":"https:\/\/www.easyledstore.it\/fr\/produit\/controleur-led-rvb-12v-24v-3ch-18a-avec-telecommande-24-boutons\/#primaryimage"},"image":{"@id":"https:\/\/www.easyledstore.it\/fr\/produit\/controleur-led-rvb-12v-24v-3ch-18a-avec-telecommande-24-boutons\/#primaryimage"},"thumbnailUrl":"https:\/\/www.easyledstore.it\/wp-content\/uploads\/2025\/08\/2-scaled.jpg","datePublished":"2025-09-01T07:09:02+00:00","description":"Contr\u00f4leur LED RVB avec t\u00e9l\u00e9commande 24 boutons, compatible avec les bandes LED 12V-24V jusqu'\u00e0 432W. Facile \u00e0 utiliser, pr\u00e9cis et fiable.","breadcrumb":{"@id":"https:\/\/www.easyledstore.it\/fr\/produit\/controleur-led-rvb-12v-24v-3ch-18a-avec-telecommande-24-boutons\/#breadcrumb"},"inLanguage":"fr-FR","potentialAction":[{"@type":"ReadAction","target":["https:\/\/www.easyledstore.it\/fr\/produit\/controleur-led-rvb-12v-24v-3ch-18a-avec-telecommande-24-boutons\/"]}]},{"@type":"ImageObject","inLanguage":"fr-FR","@id":"https:\/\/www.easyledstore.it\/fr\/produit\/controleur-led-rvb-12v-24v-3ch-18a-avec-telecommande-24-boutons\/#primaryimage","url":"https:\/\/www.easyledstore.it\/wp-content\/uploads\/2025\/08\/2-scaled.jpg","contentUrl":"https:\/\/www.easyledstore.it\/wp-content\/uploads\/2025\/08\/2-scaled.jpg","width":2560,"height":2560,"caption":"RGB RF Controller"},{"@type":"BreadcrumbList","@id":"https:\/\/www.easyledstore.it\/fr\/produit\/controleur-led-rvb-12v-24v-3ch-18a-avec-telecommande-24-boutons\/#breadcrumb","itemListElement":[{"@type":"ListItem","position":1,"name":"Home","item":"https:\/\/www.easyledstore.it\/fr\/modules-de-signalisation-led\/"},{"@type":"ListItem","position":2,"name":"Shop IT","item":"https:\/\/www.easyledstore.it\/fr\/boutique\/"},{"@type":"ListItem","position":3,"name":"Contr\u00f4leur LED RVB 12V-24V 3CH 18A avec t\u00e9l\u00e9commande 24 boutons"}]},{"@type":"WebSite","@id":"https:\/\/www.easyledstore.it\/fr\/#website","url":"https:\/\/www.easyledstore.it\/fr\/","name":"Easyledstore","description":"Alimentatori e Moduli LED per Insegne Luminose","publisher":{"@id":"https:\/\/www.easyledstore.it\/fr\/#organization"},"potentialAction":[{"@type":"SearchAction","target":{"@type":"EntryPoint","urlTemplate":"https:\/\/www.easyledstore.it\/fr\/?s={search_term_string}"},"query-input":{"@type":"PropertyValueSpecification","valueRequired":true,"valueName":"search_term_string"}}],"inLanguage":"fr-FR"},{"@type":"Organization","@id":"https:\/\/www.easyledstore.it\/fr\/#organization","name":"LTC Lighting Trading Company srls","url":"https:\/\/www.easyledstore.it\/fr\/","logo":{"@type":"ImageObject","inLanguage":"fr-FR","@id":"https:\/\/www.easyledstore.it\/fr\/#\/schema\/logo\/image\/","url":"https:\/\/www.easyledstore.it\/wp-content\/uploads\/2018\/03\/Landscape-FullColor-2000.png","contentUrl":"https:\/\/www.easyledstore.it\/wp-content\/uploads\/2018\/03\/Landscape-FullColor-2000.png","width":2000,"height":641,"caption":"LTC Lighting Trading Company srls"},"image":{"@id":"https:\/\/www.easyledstore.it\/fr\/#\/schema\/logo\/image\/"},"sameAs":["https:\/\/www.facebook.com\/easyledstore"]}]}},"_links":{"self":[{"href":"https:\/\/www.easyledstore.it\/fr\/wp-json\/wp\/v2\/product\/11303","targetHints":{"allow":["GET"]}}],"collection":[{"href":"https:\/\/www.easyledstore.it\/fr\/wp-json\/wp\/v2\/product"}],"about":[{"href":"https:\/\/www.easyledstore.it\/fr\/wp-json\/wp\/v2\/types\/product"}],"replies":[{"embeddable":true,"href":"https:\/\/www.easyledstore.it\/fr\/wp-json\/wp\/v2\/comments?post=11303"}],"wp:featuredmedia":[{"embeddable":true,"href":"https:\/\/www.easyledstore.it\/fr\/wp-json\/wp\/v2\/media\/11304"}],"wp:attachment":[{"href":"https:\/\/www.easyledstore.it\/fr\/wp-json\/wp\/v2\/media?parent=11303"}],"wp:term":[{"taxonomy":"product_brand","embeddable":true,"href":"https:\/\/www.easyledstore.it\/fr\/wp-json\/wp\/v2\/product_brand?post=11303"},{"taxonomy":"product_cat","embeddable":true,"href":"https:\/\/www.easyledstore.it\/fr\/wp-json\/wp\/v2\/product_cat?post=11303"},{"taxonomy":"product_tag","embeddable":true,"href":"https:\/\/www.easyledstore.it\/fr\/wp-json\/wp\/v2\/product_tag?post=11303"}],"curies":[{"name":"wp","href":"https:\/\/api.w.org\/{rel}","templated":true}]}}