{"id":11277,"date":"2025-09-11T09:21:26","date_gmt":"2025-09-11T07:21:26","guid":{"rendered":"https:\/\/www.easyledstore.it\/prodotto\/novadrive-ultra-slim-power-supply-ultra-slim-60w-12v\/"},"modified":"2025-09-11T09:21:26","modified_gmt":"2025-09-11T07:21:26","slug":"novadrive-ultra-slim-power-supply-ultra-slim-60w-12v","status":"publish","type":"product","link":"https:\/\/www.easyledstore.it\/fr\/produit\/novadrive-ultra-slim-power-supply-ultra-slim-60w-12v\/","title":{"rendered":"NovaDrive Ultra Slim Power Supply &#8211; Ultra Slim 60W &#8211; 12V"},"content":{"rendered":"<p data-start=\"78\" data-end=\"123\"><strong data-start=\"78\" data-end=\"121\">Bloc d&#8217;alimentation Ultraslim LED 12V 60W &#8211; 5A<\/strong><\/p>\n<p data-start=\"125\" data-end=\"436\">L&#8217;alimentation ultraslim 12V 60W 5A est la solution id\u00e9ale pour ceux qui recherchent la fiabilit\u00e9, la s\u00e9curit\u00e9 et la compacit\u00e9 en un seul produit. Parfaite pour alimenter les bandes LED, les modules lumineux, les enseignes publicitaires et autres appareils \u00e9lectroniques 12V, elle garantit une tension constante et stable dans toutes les situations. <\/p>\n<p data-start=\"438\" data-end=\"644\">Gr\u00e2ce \u00e0 son <strong data-start=\"448\" data-end=\"486\">design ultra-mince (17x17x294 mm)<\/strong>, il peut \u00eatre facilement install\u00e9 m\u00eame dans des espaces tr\u00e8s r\u00e9duits, tels que les profil\u00e9s en aluminium, les faux plafonds ou les structures o\u00f9 l&#8217;espace est un facteur critique.<\/p>\n<p data-start=\"646\" data-end=\"879\">Ce transformateur LED fournit une <strong data-start=\"680\" data-end=\"712\">puissance de 60W (12V DC &#8211; 5A<\/strong> ) et int\u00e8gre des protections \u00e9lectroniques avanc\u00e9es contre les surcharges, les courts-circuits et la surchauffe, garantissant un fonctionnement s\u00fbr et une longue dur\u00e9e de vie.<\/p>\n<hr data-start=\"881\" data-end=\"884\">\n<h3 data-start=\"886\" data-end=\"918\"><strong data-start=\"890\" data-end=\"918\">Sp\u00e9cifications techniques<\/strong><\/h3>\n<ul data-start=\"919\" data-end=\"1174\">\n<li data-start=\"919\" data-end=\"950\">\n<p data-start=\"921\" data-end=\"950\"><strong data-start=\"921\" data-end=\"933\">Mod\u00e8le :<\/strong> ND-12V-60W-SLM<\/p>\n<\/li>\n<li data-start=\"951\" data-end=\"987\">\n<p data-start=\"953\" data-end=\"987\"><strong data-start=\"953\" data-end=\"966\">Entr\u00e9e :<\/strong> 170-250V AC &#8211; 0,6A<\/p>\n<\/li>\n<li data-start=\"988\" data-end=\"1021\">\n<p data-start=\"990\" data-end=\"1021\"><strong data-start=\"990\" data-end=\"1001\">Sortie :<\/strong> 12V DC &#8211; 5A &#8211; 60W<\/p>\n<\/li>\n<li data-start=\"1022\" data-end=\"1058\">\n<p data-start=\"1024\" data-end=\"1058\"><strong data-start=\"1024\" data-end=\"1039\">Dimensions :<\/strong> 17 x 17 x 294 mm<\/p>\n<\/li>\n<li data-start=\"1059\" data-end=\"1119\">\n<p data-start=\"1061\" data-end=\"1119\"><strong data-start=\"1061\" data-end=\"1075\">Structure :<\/strong> compacte et ultra-mince, facile \u00e0 int\u00e9grer<\/p>\n<\/li>\n<li data-start=\"1120\" data-end=\"1174\">\n<p data-start=\"1122\" data-end=\"1174\"><strong data-start=\"1122\" data-end=\"1137\">Efficacit\u00e9 :<\/strong> \u00e9lev\u00e9e, avec une consommation r\u00e9duite<\/p>\n<\/li>\n<\/ul>\n<hr data-start=\"1176\" data-end=\"1179\">\n<h3 data-start=\"1181\" data-end=\"1197\"><strong data-start=\"1185\" data-end=\"1197\">Avantages<\/strong><\/h3>\n<p data-start=\"1198\" data-end=\"1581\">\u2714\ufe0f <strong data-start=\"1201\" data-end=\"1229\">Compatibilit\u00e9 universelle<\/strong> avec la plupart des bandes LED et modules d&#8217;\u00e9clairage de 12V<br data-start=\"1292\" data-end=\"1295\">\u2714\ufe0f <strong data-start=\"1298\" data-end=\"1313\">Design fin<\/strong>, id\u00e9al pour l&#8217;installation dans les petits espaces<br data-start=\"1356\" data-end=\"1359\">\u2714\ufe0f <strong data-start=\"1362\" data-end=\"1385\">S\u00e9curit\u00e9 garantie<\/strong>, gr\u00e2ce aux protections et certifications int\u00e9gr\u00e9es<br data-start=\"1441\" data-end=\"1444\">\u2714\ufe0f <strong data-start=\"1447\" data-end=\"1460\">Polyvalent<\/strong>, adapt\u00e9 aux applications professionnelles et domestiques<br data-start=\"1517\" data-end=\"1520\">\u2714\ufe0f <strong data-start=\"1523\" data-end=\"1546\">Performances stables<\/strong>, con\u00e7u pour durer<\/p>\n<hr data-start=\"1583\" data-end=\"1586\">\n<p data-start=\"1588\" data-end=\"1799\">Id\u00e9ale pour les <strong data-start=\"1619\" data-end=\"1686\">enseignes lumineuses, les vitrines, les meubles \u00e0 LED et les projets de bricolage<\/strong>, cette alimentation est le choix parfait pour ceux qui recherchent un \u00e9clairage uniforme, constant et \u00e9conome en \u00e9nergie.<\/p>\n<p data-start=\"1801\" data-end=\"1929\">\ud83d\udc49 <strong data-start=\"1804\" data-end=\"1927\">Avec l&#8217;alimentation ultraslim 12V 60W de EasyLedStore.co.uk, vous obtenez un syst\u00e8me LED s\u00fbr, performant et facile \u00e0 g\u00e9rer !<\/strong><\/p>\n<p><strong style=\"font-size: 18px;\">Suivez EasyLedStore.co.uk \u00e9galement sur les m\u00e9dias sociaux<\/strong><\/p>\n<ul style=\"list-style: none; padding: 0; font-size: 18px;\">\n<li style=\"text-align: left;\"><a href=\"https:\/\/www.instagram.com\/easyledstore.it\" target=\"_blank\" rel=\"noopener noreferrer nofollow\">Instagram &#8211; <\/a><a href=\"https:\/\/www.facebook.com\/easyledstore\" target=\"_blank\" rel=\"noopener noreferrer nofollow\">Facebook &#8211; <\/a><a href=\"https:\/\/www.tiktok.com\/@easyledstore.it\" target=\"_blank\" rel=\"noopener noreferrer nofollow\">TikTok &#8211; <\/a><a href=\"https:\/\/www.youtube.com\/@easyledstore4589\" target=\"_blank\" rel=\"noopener noreferrer nofollow\">YouTube<\/a><\/li>\n<\/ul>\n","protected":false},"excerpt":{"rendered":"<p>Alimentation ultra-mince 12V 60W 4A avec certification CE, design compact et protection contre les surcharges. Parfaite pour les LED, les enseignes et les installations lumineuses. <\/p>\n","protected":false},"featured_media":11279,"comment_status":"open","ping_status":"closed","template":"","meta":[],"product_brand":[],"product_cat":[1254,1839],"product_tag":[1055,1678],"class_list":{"0":"post-11277","1":"product","2":"type-product","3":"status-publish","4":"has-post-thumbnail","6":"product_cat-alimentations-electriques","7":"product_cat-alimentations-ultra-minces","8":"product_tag-12v","9":"product_tag-60w","11":"first","12":"onbackorder","13":"taxable","14":"shipping-taxable","15":"purchasable","16":"product-type-simple"},"yoast_head":"<!-- This site is optimized with the Yoast SEO plugin v27.3 - https:\/\/yoast.com\/product\/yoast-seo-wordpress\/ -->\n<title>NovaDrive Ultra Slim Power Supply - Ultra Slim 60W - 12V - Easyledstore<\/title>\n<meta name=\"description\" content=\"Alimentation ultra-mince 12V 60W 5A certifi\u00e9e CE. Id\u00e9ale pour les bandes LED, les enseignes et les modules d&#039;\u00e9clairage. Conception compacte, s\u00fbre et tr\u00e8s efficace.\" \/>\n<meta name=\"robots\" content=\"index, follow, max-snippet:-1, max-image-preview:large, max-video-preview:-1\" \/>\n<link rel=\"canonical\" href=\"https:\/\/www.easyledstore.it\/fr\/produit\/novadrive-ultra-slim-power-supply-ultra-slim-60w-12v\/\" \/>\n<meta property=\"og:locale\" content=\"fr_FR\" \/>\n<meta property=\"og:type\" content=\"article\" \/>\n<meta property=\"og:title\" content=\"NovaDrive Ultra Slim Power Supply - Ultra Slim 60W - 12V - Easyledstore\" \/>\n<meta property=\"og:description\" content=\"Alimentation ultra-mince 12V 60W 5A certifi\u00e9e CE. Id\u00e9ale pour les bandes LED, les enseignes et les modules d&#039;\u00e9clairage. Conception compacte, s\u00fbre et tr\u00e8s efficace.\" \/>\n<meta property=\"og:url\" content=\"https:\/\/www.easyledstore.it\/fr\/produit\/novadrive-ultra-slim-power-supply-ultra-slim-60w-12v\/\" \/>\n<meta property=\"og:site_name\" content=\"Easyledstore\" \/>\n<meta property=\"article:publisher\" content=\"https:\/\/www.facebook.com\/easyledstore\" \/>\n<meta property=\"og:image\" content=\"https:\/\/www.easyledstore.it\/wp-content\/uploads\/2025\/09\/60.jpg\" \/>\n\t<meta property=\"og:image:width\" content=\"2000\" \/>\n\t<meta property=\"og:image:height\" content=\"2000\" \/>\n\t<meta property=\"og:image:type\" content=\"image\/jpeg\" \/>\n<meta name=\"twitter:card\" content=\"summary_large_image\" \/>\n<meta name=\"twitter:label1\" content=\"Dur\u00e9e de lecture estim\u00e9e\" \/>\n\t<meta name=\"twitter:data1\" content=\"2 minutes\" \/>\n<!-- \/ Yoast SEO plugin. -->","yoast_head_json":{"title":"NovaDrive Ultra Slim Power Supply - Ultra Slim 60W - 12V - Easyledstore","description":"Alimentation ultra-mince 12V 60W 5A certifi\u00e9e CE. Id\u00e9ale pour les bandes LED, les enseignes et les modules d'\u00e9clairage. Conception compacte, s\u00fbre et tr\u00e8s efficace.","robots":{"index":"index","follow":"follow","max-snippet":"max-snippet:-1","max-image-preview":"max-image-preview:large","max-video-preview":"max-video-preview:-1"},"canonical":"https:\/\/www.easyledstore.it\/fr\/produit\/novadrive-ultra-slim-power-supply-ultra-slim-60w-12v\/","og_locale":"fr_FR","og_type":"article","og_title":"NovaDrive Ultra Slim Power Supply - Ultra Slim 60W - 12V - Easyledstore","og_description":"Alimentation ultra-mince 12V 60W 5A certifi\u00e9e CE. Id\u00e9ale pour les bandes LED, les enseignes et les modules d'\u00e9clairage. Conception compacte, s\u00fbre et tr\u00e8s efficace.","og_url":"https:\/\/www.easyledstore.it\/fr\/produit\/novadrive-ultra-slim-power-supply-ultra-slim-60w-12v\/","og_site_name":"Easyledstore","article_publisher":"https:\/\/www.facebook.com\/easyledstore","og_image":[{"width":2000,"height":2000,"url":"https:\/\/www.easyledstore.it\/wp-content\/uploads\/2025\/09\/60.jpg","type":"image\/jpeg"}],"twitter_card":"summary_large_image","twitter_misc":{"Dur\u00e9e de lecture estim\u00e9e":"2 minutes"},"schema":{"@context":"https:\/\/schema.org","@graph":[{"@type":"WebPage","@id":"https:\/\/www.easyledstore.it\/fr\/produit\/novadrive-ultra-slim-power-supply-ultra-slim-60w-12v\/","url":"https:\/\/www.easyledstore.it\/fr\/produit\/novadrive-ultra-slim-power-supply-ultra-slim-60w-12v\/","name":"NovaDrive Ultra Slim Power Supply - Ultra Slim 60W - 12V - Easyledstore","isPartOf":{"@id":"https:\/\/www.easyledstore.it\/fr\/#website"},"primaryImageOfPage":{"@id":"https:\/\/www.easyledstore.it\/fr\/produit\/novadrive-ultra-slim-power-supply-ultra-slim-60w-12v\/#primaryimage"},"image":{"@id":"https:\/\/www.easyledstore.it\/fr\/produit\/novadrive-ultra-slim-power-supply-ultra-slim-60w-12v\/#primaryimage"},"thumbnailUrl":"https:\/\/www.easyledstore.it\/wp-content\/uploads\/2025\/09\/60.jpg","datePublished":"2025-09-11T07:21:26+00:00","description":"Alimentation ultra-mince 12V 60W 5A certifi\u00e9e CE. Id\u00e9ale pour les bandes LED, les enseignes et les modules d'\u00e9clairage. Conception compacte, s\u00fbre et tr\u00e8s efficace.","breadcrumb":{"@id":"https:\/\/www.easyledstore.it\/fr\/produit\/novadrive-ultra-slim-power-supply-ultra-slim-60w-12v\/#breadcrumb"},"inLanguage":"fr-FR","potentialAction":[{"@type":"ReadAction","target":["https:\/\/www.easyledstore.it\/fr\/produit\/novadrive-ultra-slim-power-supply-ultra-slim-60w-12v\/"]}]},{"@type":"ImageObject","inLanguage":"fr-FR","@id":"https:\/\/www.easyledstore.it\/fr\/produit\/novadrive-ultra-slim-power-supply-ultra-slim-60w-12v\/#primaryimage","url":"https:\/\/www.easyledstore.it\/wp-content\/uploads\/2025\/09\/60.jpg","contentUrl":"https:\/\/www.easyledstore.it\/wp-content\/uploads\/2025\/09\/60.jpg","width":2000,"height":2000,"caption":"Alimentatore"},{"@type":"BreadcrumbList","@id":"https:\/\/www.easyledstore.it\/fr\/produit\/novadrive-ultra-slim-power-supply-ultra-slim-60w-12v\/#breadcrumb","itemListElement":[{"@type":"ListItem","position":1,"name":"Home","item":"https:\/\/www.easyledstore.it\/fr\/modules-de-signalisation-led\/"},{"@type":"ListItem","position":2,"name":"Shop IT","item":"https:\/\/www.easyledstore.it\/fr\/boutique\/"},{"@type":"ListItem","position":3,"name":"NovaDrive Ultra Slim Power Supply &#8211; Ultra Slim 60W &#8211; 12V"}]},{"@type":"WebSite","@id":"https:\/\/www.easyledstore.it\/fr\/#website","url":"https:\/\/www.easyledstore.it\/fr\/","name":"Easyledstore","description":"Alimentatori e Moduli LED per Insegne Luminose","publisher":{"@id":"https:\/\/www.easyledstore.it\/fr\/#organization"},"potentialAction":[{"@type":"SearchAction","target":{"@type":"EntryPoint","urlTemplate":"https:\/\/www.easyledstore.it\/fr\/?s={search_term_string}"},"query-input":{"@type":"PropertyValueSpecification","valueRequired":true,"valueName":"search_term_string"}}],"inLanguage":"fr-FR"},{"@type":"Organization","@id":"https:\/\/www.easyledstore.it\/fr\/#organization","name":"LTC Lighting Trading Company srls","url":"https:\/\/www.easyledstore.it\/fr\/","logo":{"@type":"ImageObject","inLanguage":"fr-FR","@id":"https:\/\/www.easyledstore.it\/fr\/#\/schema\/logo\/image\/","url":"https:\/\/www.easyledstore.it\/wp-content\/uploads\/2018\/03\/Landscape-FullColor-2000.png","contentUrl":"https:\/\/www.easyledstore.it\/wp-content\/uploads\/2018\/03\/Landscape-FullColor-2000.png","width":2000,"height":641,"caption":"LTC Lighting Trading Company srls"},"image":{"@id":"https:\/\/www.easyledstore.it\/fr\/#\/schema\/logo\/image\/"},"sameAs":["https:\/\/www.facebook.com\/easyledstore"]}]}},"_links":{"self":[{"href":"https:\/\/www.easyledstore.it\/fr\/wp-json\/wp\/v2\/product\/11277","targetHints":{"allow":["GET"]}}],"collection":[{"href":"https:\/\/www.easyledstore.it\/fr\/wp-json\/wp\/v2\/product"}],"about":[{"href":"https:\/\/www.easyledstore.it\/fr\/wp-json\/wp\/v2\/types\/product"}],"replies":[{"embeddable":true,"href":"https:\/\/www.easyledstore.it\/fr\/wp-json\/wp\/v2\/comments?post=11277"}],"wp:featuredmedia":[{"embeddable":true,"href":"https:\/\/www.easyledstore.it\/fr\/wp-json\/wp\/v2\/media\/11279"}],"wp:attachment":[{"href":"https:\/\/www.easyledstore.it\/fr\/wp-json\/wp\/v2\/media?parent=11277"}],"wp:term":[{"taxonomy":"product_brand","embeddable":true,"href":"https:\/\/www.easyledstore.it\/fr\/wp-json\/wp\/v2\/product_brand?post=11277"},{"taxonomy":"product_cat","embeddable":true,"href":"https:\/\/www.easyledstore.it\/fr\/wp-json\/wp\/v2\/product_cat?post=11277"},{"taxonomy":"product_tag","embeddable":true,"href":"https:\/\/www.easyledstore.it\/fr\/wp-json\/wp\/v2\/product_tag?post=11277"}],"curies":[{"name":"wp","href":"https:\/\/api.w.org\/{rel}","templated":true}]}}