{"id":11245,"date":"2025-11-12T14:40:31","date_gmt":"2025-11-12T13:40:31","guid":{"rendered":"https:\/\/www.easyledstore.it\/prodotto\/module-led-smd2835-blanc-2-diodes-0-72w-12v\/"},"modified":"2025-11-12T14:40:31","modified_gmt":"2025-11-12T13:40:31","slug":"module-led-smd2835-blanc-2-diodes-0-72w-12v","status":"publish","type":"product","link":"https:\/\/www.easyledstore.it\/fr\/produit\/module-led-smd2835-blanc-2-diodes-0-72w-12v\/","title":{"rendered":"Module LED SMD2835 Blanc 2 Diodes &#8211; 0.72W &#8211; 12V"},"content":{"rendered":"<p>De la luminosit\u00e9 et du style pour vos enseignes et installations avec notre module LED SMD2835 blanc froid 2 diodes &#8211; 0,72W. Gr\u00e2ce \u00e0 sa puissance et \u00e0 sa couleur blanc froid (6500k), il transformera vos enseignes en v\u00e9ritables accroches-regards. <\/p>\n<h3>Caract\u00e9ristiques principales Module LED SMD2835 Blanc froid 12V<\/h3>\n<ul>\n<li><strong>Couleur<\/strong>: blanc froid (6500k)<\/li>\n<li><strong>Dimensions<\/strong>: 49x15x6,8 mm<\/li>\n<li><strong>Angle d&#8217;ouverture<\/strong>: 160\u00b0.<\/li>\n<li><strong>Rayon lumineux<\/strong>: 46 lumens<\/li>\n<li>Recommand\u00e9 <strong>pour les panneaux d&#8217;une \u00e9paisseur de 8 \u00e0 15 cm<\/strong><\/li>\n<li><strong>Tension<\/strong>: 24 Volts.<\/li>\n<\/ul>\n<h3>Brillance et dimensions optimis\u00e9es<\/h3>\n<p>Avec ses dimensions compactes de 49x15x6,8 mm, ce module LED est con\u00e7u pour s&#8217;int\u00e9grer parfaitement \u00e0 votre signal\u00e9tique, en fournissant un \u00e9clairage uniforme et puissant. Gr\u00e2ce \u00e0 son angle de rayonnement de 160\u00b0 et \u00e0 son faisceau de 46 lumens, il offre une couverture large et lumineuse. <\/p>\n<h3>Polyvalence de l&#8217;\u00e9clairage<\/h3>\n<p>Adapt\u00e9 aux<strong> enseignes d&#8217;une \u00e9paisseur comprise entre 8 et 15 cm<\/strong>, ce module LED est le choix id\u00e9al pour un large \u00e9ventail d&#8217;applications. <strong> Qu&#8217;il s&#8217;agisse de lettres bo\u00eetiers ou d&#8217;enseignes \u00e0 lumi\u00e8re directe ou r\u00e9fl\u00e9chie<\/strong>, notre module LED SMD2835 blanc 12V s&#8217;adapte parfaitement \u00e0 tous les contextes, apportant une touche de luminosit\u00e9 et de charme. <\/p>\n<h3>Des performances fiables et durables, m\u00eame \u00e0 l&#8217;ext\u00e9rieur<\/h3>\n<p>Con\u00e7u pour r\u00e9sister aux \u00e9l\u00e9ments et aux d\u00e9fis de l&#8217;environnement ext\u00e9rieur, notre module LED ne d\u00e9\u00e7oit jamais. La <strong>plaque en aluminium pour une<\/strong> meilleure <strong>dissipation de la chaleur<\/strong> garantit que les performances restent constantes dans le temps, m\u00eame dans les conditions les plus exigeantes. Gr\u00e2ce au <strong>ruban adh\u00e9sif double face 3M<\/strong> et aux <strong>lentilles 160\u00b0<\/strong>, l&#8217;installation est un jeu d&#8217;enfant, garantissant une <strong>stabilit\u00e9 et une durabilit\u00e9 sup\u00e9rieures<\/strong>. Avec un indice de <strong>protection IP67<\/strong>, ce module LED est <strong>pr\u00eat \u00e0 briller sous le soleil, la pluie ou la neige<\/strong>, offrant une luminosit\u00e9 fiable et durable dans n&#8217;importe quel environnement.   <\/p>\n<h3>D\u00e9couvrez la gamme vari\u00e9e de couleurs<\/h3>\n<p>le module LED SMD2835 0,72W est \u00e9galement <strong><a href=\"https:\/\/www.easyledstore.it\/fr\/tag-produit\/0-72w\/\">\u00e9galement disponible en diff\u00e9rentes couleurs<\/a><\/strong>pour r\u00e9pondre au mieux \u00e0 vos besoins en mati\u00e8re de design et d&#8217;\u00e9clairage.<\/p>\n<p>Commandez d\u00e8s maintenant et transformez votre signalisation avec \u00e9clat, \u00e9l\u00e9gance et style !<\/p>\n","protected":false},"excerpt":{"rendered":"<p>Module \u00e0 haute luminosit\u00e9 de petites dimensions, polyvalent et facilement adaptable aux enseignes de petite taille. Parfait pour les lettres bo\u00eetiers en lumi\u00e8re directe ou r\u00e9fl\u00e9chie. \u00c9quip\u00e9 d&#8217;une plaque en aluminium pour une meilleure dissipation de la chaleur, d&#8217;un ruban adh\u00e9sif double face de 3 m et d&#8217;une lentille de 160\u00b0.  <\/p>\n","protected":false},"featured_media":11247,"comment_status":"open","ping_status":"closed","template":"","meta":[],"product_brand":[],"product_cat":[1174,1267],"product_tag":[1268,1270,1055,1056,1269,1767,1080,1768,1176,1079,1177,1186,1187],"class_list":{"0":"post-11245","1":"product","2":"type-product","3":"status-publish","4":"has-post-thumbnail","6":"product_cat-modules-led","7":"product_cat-modules-led-pour-faces-simples-boites-et-lettres","8":"product_tag-0-72w","9":"product_tag-1270","10":"product_tag-12v","11":"product_tag-160-degres","12":"product_tag-2-led","13":"product_tag-46-lumen","14":"product_tag-6500k","15":"product_tag-8-15cm","16":"product_tag-avec-lentille","17":"product_tag-blanc-froid","18":"product_tag-certification-ip67","19":"product_tag-led-blanches","20":"product_tag-oui","22":"first","23":"instock","24":"taxable","25":"shipping-taxable","26":"purchasable","27":"product-type-simple"},"yoast_head":"<!-- This site is optimized with the Yoast SEO plugin v27.3 - https:\/\/yoast.com\/product\/yoast-seo-wordpress\/ -->\n<title>LED SMD2835 Blanc 12V - 2 Diodes - 0.72W | Easyledstore<\/title>\n<meta name=\"description\" content=\"Module LED SMD2835 blanc 12V haute luminosit\u00e9 pour lettres bo\u00eetiers \u00e0 lumi\u00e8re directe ou r\u00e9fl\u00e9chie. Plaque en aluminium, ruban adh\u00e9sif double face de 3 m et lentille de 160\u00b0.\" \/>\n<meta name=\"robots\" content=\"index, follow, max-snippet:-1, max-image-preview:large, max-video-preview:-1\" \/>\n<link rel=\"canonical\" href=\"https:\/\/www.easyledstore.it\/fr\/produit\/module-led-smd2835-blanc-2-diodes-0-72w-12v\/\" \/>\n<meta property=\"og:locale\" content=\"fr_FR\" \/>\n<meta property=\"og:type\" content=\"article\" \/>\n<meta property=\"og:title\" content=\"LED SMD2835 Blanc 12V - 2 Diodes - 0.72W | Easyledstore\" \/>\n<meta property=\"og:description\" content=\"Module LED SMD2835 blanc 12V haute luminosit\u00e9 pour lettres bo\u00eetiers \u00e0 lumi\u00e8re directe ou r\u00e9fl\u00e9chie. Plaque en aluminium, ruban adh\u00e9sif double face de 3 m et lentille de 160\u00b0.\" \/>\n<meta property=\"og:url\" content=\"https:\/\/www.easyledstore.it\/fr\/produit\/module-led-smd2835-blanc-2-diodes-0-72w-12v\/\" \/>\n<meta property=\"og:site_name\" content=\"Easyledstore\" \/>\n<meta property=\"article:publisher\" content=\"https:\/\/www.facebook.com\/easyledstore\" \/>\n<meta property=\"og:image\" content=\"https:\/\/www.easyledstore.it\/wp-content\/uploads\/2024\/03\/LED-072W-24V-BiancoFreddo.jpg\" \/>\n\t<meta property=\"og:image:width\" content=\"800\" \/>\n\t<meta property=\"og:image:height\" content=\"800\" \/>\n\t<meta property=\"og:image:type\" content=\"image\/jpeg\" \/>\n<meta name=\"twitter:card\" content=\"summary_large_image\" \/>\n<meta name=\"twitter:label1\" content=\"Dur\u00e9e de lecture estim\u00e9e\" \/>\n\t<meta name=\"twitter:data1\" content=\"2 minutes\" \/>\n<!-- \/ Yoast SEO plugin. -->","yoast_head_json":{"title":"LED SMD2835 Blanc 12V - 2 Diodes - 0.72W | Easyledstore","description":"Module LED SMD2835 blanc 12V haute luminosit\u00e9 pour lettres bo\u00eetiers \u00e0 lumi\u00e8re directe ou r\u00e9fl\u00e9chie. Plaque en aluminium, ruban adh\u00e9sif double face de 3 m et lentille de 160\u00b0.","robots":{"index":"index","follow":"follow","max-snippet":"max-snippet:-1","max-image-preview":"max-image-preview:large","max-video-preview":"max-video-preview:-1"},"canonical":"https:\/\/www.easyledstore.it\/fr\/produit\/module-led-smd2835-blanc-2-diodes-0-72w-12v\/","og_locale":"fr_FR","og_type":"article","og_title":"LED SMD2835 Blanc 12V - 2 Diodes - 0.72W | Easyledstore","og_description":"Module LED SMD2835 blanc 12V haute luminosit\u00e9 pour lettres bo\u00eetiers \u00e0 lumi\u00e8re directe ou r\u00e9fl\u00e9chie. Plaque en aluminium, ruban adh\u00e9sif double face de 3 m et lentille de 160\u00b0.","og_url":"https:\/\/www.easyledstore.it\/fr\/produit\/module-led-smd2835-blanc-2-diodes-0-72w-12v\/","og_site_name":"Easyledstore","article_publisher":"https:\/\/www.facebook.com\/easyledstore","og_image":[{"width":800,"height":800,"url":"https:\/\/www.easyledstore.it\/wp-content\/uploads\/2024\/03\/LED-072W-24V-BiancoFreddo.jpg","type":"image\/jpeg"}],"twitter_card":"summary_large_image","twitter_misc":{"Dur\u00e9e de lecture estim\u00e9e":"2 minutes"},"schema":{"@context":"https:\/\/schema.org","@graph":[{"@type":"WebPage","@id":"https:\/\/www.easyledstore.it\/fr\/produit\/module-led-smd2835-blanc-2-diodes-0-72w-12v\/","url":"https:\/\/www.easyledstore.it\/fr\/produit\/module-led-smd2835-blanc-2-diodes-0-72w-12v\/","name":"LED SMD2835 Blanc 12V - 2 Diodes - 0.72W | Easyledstore","isPartOf":{"@id":"https:\/\/www.easyledstore.it\/fr\/#website"},"primaryImageOfPage":{"@id":"https:\/\/www.easyledstore.it\/fr\/produit\/module-led-smd2835-blanc-2-diodes-0-72w-12v\/#primaryimage"},"image":{"@id":"https:\/\/www.easyledstore.it\/fr\/produit\/module-led-smd2835-blanc-2-diodes-0-72w-12v\/#primaryimage"},"thumbnailUrl":"https:\/\/www.easyledstore.it\/wp-content\/uploads\/2024\/03\/LED-072W-24V-BiancoFreddo.jpg","datePublished":"2025-11-12T13:40:31+00:00","description":"Module LED SMD2835 blanc 12V haute luminosit\u00e9 pour lettres bo\u00eetiers \u00e0 lumi\u00e8re directe ou r\u00e9fl\u00e9chie. Plaque en aluminium, ruban adh\u00e9sif double face de 3 m et lentille de 160\u00b0.","breadcrumb":{"@id":"https:\/\/www.easyledstore.it\/fr\/produit\/module-led-smd2835-blanc-2-diodes-0-72w-12v\/#breadcrumb"},"inLanguage":"fr-FR","potentialAction":[{"@type":"ReadAction","target":["https:\/\/www.easyledstore.it\/fr\/produit\/module-led-smd2835-blanc-2-diodes-0-72w-12v\/"]}]},{"@type":"ImageObject","inLanguage":"fr-FR","@id":"https:\/\/www.easyledstore.it\/fr\/produit\/module-led-smd2835-blanc-2-diodes-0-72w-12v\/#primaryimage","url":"https:\/\/www.easyledstore.it\/wp-content\/uploads\/2024\/03\/LED-072W-24V-BiancoFreddo.jpg","contentUrl":"https:\/\/www.easyledstore.it\/wp-content\/uploads\/2024\/03\/LED-072W-24V-BiancoFreddo.jpg","width":800,"height":800,"caption":"LED SMD2835 Blanc froid 24V"},{"@type":"BreadcrumbList","@id":"https:\/\/www.easyledstore.it\/fr\/produit\/module-led-smd2835-blanc-2-diodes-0-72w-12v\/#breadcrumb","itemListElement":[{"@type":"ListItem","position":1,"name":"Home","item":"https:\/\/www.easyledstore.it\/fr\/modules-de-signalisation-led\/"},{"@type":"ListItem","position":2,"name":"Shop IT","item":"https:\/\/www.easyledstore.it\/fr\/boutique\/"},{"@type":"ListItem","position":3,"name":"Module LED SMD2835 Blanc 2 Diodes &#8211; 0.72W &#8211; 12V"}]},{"@type":"WebSite","@id":"https:\/\/www.easyledstore.it\/fr\/#website","url":"https:\/\/www.easyledstore.it\/fr\/","name":"Easyledstore","description":"Alimentatori e Moduli LED per Insegne Luminose","publisher":{"@id":"https:\/\/www.easyledstore.it\/fr\/#organization"},"potentialAction":[{"@type":"SearchAction","target":{"@type":"EntryPoint","urlTemplate":"https:\/\/www.easyledstore.it\/fr\/?s={search_term_string}"},"query-input":{"@type":"PropertyValueSpecification","valueRequired":true,"valueName":"search_term_string"}}],"inLanguage":"fr-FR"},{"@type":"Organization","@id":"https:\/\/www.easyledstore.it\/fr\/#organization","name":"LTC Lighting Trading Company srls","url":"https:\/\/www.easyledstore.it\/fr\/","logo":{"@type":"ImageObject","inLanguage":"fr-FR","@id":"https:\/\/www.easyledstore.it\/fr\/#\/schema\/logo\/image\/","url":"https:\/\/www.easyledstore.it\/wp-content\/uploads\/2018\/03\/Landscape-FullColor-2000.png","contentUrl":"https:\/\/www.easyledstore.it\/wp-content\/uploads\/2018\/03\/Landscape-FullColor-2000.png","width":2000,"height":641,"caption":"LTC Lighting Trading Company srls"},"image":{"@id":"https:\/\/www.easyledstore.it\/fr\/#\/schema\/logo\/image\/"},"sameAs":["https:\/\/www.facebook.com\/easyledstore"]}]}},"_links":{"self":[{"href":"https:\/\/www.easyledstore.it\/fr\/wp-json\/wp\/v2\/product\/11245","targetHints":{"allow":["GET"]}}],"collection":[{"href":"https:\/\/www.easyledstore.it\/fr\/wp-json\/wp\/v2\/product"}],"about":[{"href":"https:\/\/www.easyledstore.it\/fr\/wp-json\/wp\/v2\/types\/product"}],"replies":[{"embeddable":true,"href":"https:\/\/www.easyledstore.it\/fr\/wp-json\/wp\/v2\/comments?post=11245"}],"wp:featuredmedia":[{"embeddable":true,"href":"https:\/\/www.easyledstore.it\/fr\/wp-json\/wp\/v2\/media\/11247"}],"wp:attachment":[{"href":"https:\/\/www.easyledstore.it\/fr\/wp-json\/wp\/v2\/media?parent=11245"}],"wp:term":[{"taxonomy":"product_brand","embeddable":true,"href":"https:\/\/www.easyledstore.it\/fr\/wp-json\/wp\/v2\/product_brand?post=11245"},{"taxonomy":"product_cat","embeddable":true,"href":"https:\/\/www.easyledstore.it\/fr\/wp-json\/wp\/v2\/product_cat?post=11245"},{"taxonomy":"product_tag","embeddable":true,"href":"https:\/\/www.easyledstore.it\/fr\/wp-json\/wp\/v2\/product_tag?post=11245"}],"curies":[{"name":"wp","href":"https:\/\/api.w.org\/{rel}","templated":true}]}}