{"id":11196,"date":"2025-12-23T10:22:30","date_gmt":"2025-12-23T09:22:30","guid":{"rendered":"https:\/\/www.easyledstore.it\/prodotto\/fraise-pour-flex-neon-split-6mm-avec-tige-de-6mm\/"},"modified":"2026-02-23T16:34:45","modified_gmt":"2026-02-23T15:34:45","slug":"fraise-pour-flex-neon-split-6mm-avec-tige-de-6mm","status":"publish","type":"product","link":"https:\/\/www.easyledstore.it\/fr\/produit\/fraise-pour-flex-neon-split-6mm-avec-tige-de-6mm\/","title":{"rendered":"Fraise pour Flex Neon Split 6mm avec tige de 6mm"},"content":{"rendered":"<ul data-start=\"476\" data-end=\"833\">\n<li data-start=\"476\" data-end=\"534\">\n<p data-start=\"478\" data-end=\"534\">Pointe de coupe compatible avec <strong data-start=\"509\" data-end=\"532\">Flex Neon Split 6mm<\/strong><\/p>\n<\/li>\n<li data-start=\"535\" data-end=\"600\">\n<p data-start=\"537\" data-end=\"600\">Queue universelle de <strong data-start=\"556\" data-end=\"563\">6 mm<\/strong> pour la plupart des fraiseuses<\/p>\n<\/li>\n<li data-start=\"601\" data-end=\"671\">\n<p data-start=\"603\" data-end=\"671\">Fabriqu\u00e9 dans un mat\u00e9riau durable pour une coupe nette et durable<\/p>\n<\/li>\n<li data-start=\"672\" data-end=\"744\">\n<p data-start=\"674\" data-end=\"744\">Parfait pour les installations professionnelles et l&#8217;usinage de pr\u00e9cision<\/p>\n<\/li>\n<li data-start=\"745\" data-end=\"833\">\n<p data-start=\"747\" data-end=\"833\">Facilite les coupes nettes et la mise en forme des n\u00e9ons flexibles sans endommager le mat\u00e9riau<\/p>\n<\/li>\n<\/ul>\n<p data-start=\"835\" data-end=\"885\"><strong data-start=\"835\" data-end=\"844\">Note :<\/strong> vendu individuellement, pr\u00eat \u00e0 l&#8217;emploi.<\/p>\n<p><img loading=\"lazy\" decoding=\"async\" class=\"alignnone wp-image-4279 size-full\" src=\"https:\/\/www.easyledstore.it\/wp-content\/uploads\/2024\/05\/fresa-led-split-neon.jpg\" alt=\"Fraisage d'un lettrage LED n\u00e9on en deux parties\" width=\"640\" height=\"301\" srcset=\"https:\/\/www.easyledstore.it\/wp-content\/uploads\/2024\/05\/fresa-led-split-neon.jpg 640w, https:\/\/www.easyledstore.it\/wp-content\/uploads\/2024\/05\/fresa-led-split-neon-480x226.jpg 480w\" sizes=\"(min-width: 0px) and (max-width: 480px) 480px, (min-width: 481px) 640px, 100vw\" \/><\/p>\n","protected":false},"excerpt":{"rendered":"<p>M\u00e8che de d\u00e9fonceuse professionnelle pour l&#8217;usinage du <strong data-start=\"340\" data-end=\"363\">Flex Neon Split de<\/strong> 6 mm. Id\u00e9ale pour la gravure, la d\u00e9coupe et la personnalisation de pr\u00e9cision. <\/p>\n","protected":false},"featured_media":11197,"comment_status":"open","ping_status":"closed","template":"","meta":[],"product_brand":[],"product_cat":[1124,1125],"product_tag":[1126,1128,1127,1129],"class_list":{"0":"post-11196","1":"product","2":"type-product","3":"status-publish","4":"has-post-thumbnail","6":"product_cat-accessoires","7":"product_cat-accessoires-flex-neon-split","8":"product_tag-accessoires","9":"product_tag-accessoires-de-signalisation","10":"product_tag-led-neon-split","11":"product_tag-outils-enseignants","13":"first","14":"instock","15":"taxable","16":"shipping-taxable","17":"purchasable","18":"product-type-simple"},"yoast_head":"<!-- This site is optimized with the Yoast SEO plugin v27.3 - https:\/\/yoast.com\/product\/yoast-seo-wordpress\/ -->\n<title>fraise pour Flex Neon Split 6mm |Easyledstore%.<\/title>\n<meta name=\"description\" content=\"M\u00e8che de d\u00e9fonceuse professionnelle pour 6mm Flex Neon Split. Id\u00e9ale pour une coupe et un fa\u00e7onnage pr\u00e9cis, parfaite pour les travaux de pr\u00e9cision.\" \/>\n<meta name=\"robots\" content=\"index, follow, max-snippet:-1, max-image-preview:large, max-video-preview:-1\" \/>\n<link rel=\"canonical\" href=\"https:\/\/www.easyledstore.it\/fr\/produit\/fraise-pour-flex-neon-split-6mm-avec-tige-de-6mm\/\" \/>\n<meta property=\"og:locale\" content=\"fr_FR\" \/>\n<meta property=\"og:type\" content=\"article\" \/>\n<meta property=\"og:title\" content=\"fraise pour Flex Neon Split 6mm |Easyledstore%.\" \/>\n<meta property=\"og:description\" content=\"M\u00e8che de d\u00e9fonceuse professionnelle pour 6mm Flex Neon Split. Id\u00e9ale pour une coupe et un fa\u00e7onnage pr\u00e9cis, parfaite pour les travaux de pr\u00e9cision.\" \/>\n<meta property=\"og:url\" content=\"https:\/\/www.easyledstore.it\/fr\/produit\/fraise-pour-flex-neon-split-6mm-avec-tige-de-6mm\/\" \/>\n<meta property=\"og:site_name\" content=\"Easyledstore\" \/>\n<meta property=\"article:publisher\" content=\"https:\/\/www.facebook.com\/easyledstore\" \/>\n<meta property=\"article:modified_time\" content=\"2026-02-23T15:34:45+00:00\" \/>\n<meta property=\"og:image\" content=\"https:\/\/www.easyledstore.it\/wp-content\/uploads\/2025\/12\/Punta-6-6.jpg\" \/>\n\t<meta property=\"og:image:width\" content=\"600\" \/>\n\t<meta property=\"og:image:height\" content=\"600\" \/>\n\t<meta property=\"og:image:type\" content=\"image\/jpeg\" \/>\n<meta name=\"twitter:card\" content=\"summary_large_image\" \/>\n<!-- \/ Yoast SEO plugin. -->","yoast_head_json":{"title":"fraise pour Flex Neon Split 6mm |Easyledstore%.","description":"M\u00e8che de d\u00e9fonceuse professionnelle pour 6mm Flex Neon Split. Id\u00e9ale pour une coupe et un fa\u00e7onnage pr\u00e9cis, parfaite pour les travaux de pr\u00e9cision.","robots":{"index":"index","follow":"follow","max-snippet":"max-snippet:-1","max-image-preview":"max-image-preview:large","max-video-preview":"max-video-preview:-1"},"canonical":"https:\/\/www.easyledstore.it\/fr\/produit\/fraise-pour-flex-neon-split-6mm-avec-tige-de-6mm\/","og_locale":"fr_FR","og_type":"article","og_title":"fraise pour Flex Neon Split 6mm |Easyledstore%.","og_description":"M\u00e8che de d\u00e9fonceuse professionnelle pour 6mm Flex Neon Split. Id\u00e9ale pour une coupe et un fa\u00e7onnage pr\u00e9cis, parfaite pour les travaux de pr\u00e9cision.","og_url":"https:\/\/www.easyledstore.it\/fr\/produit\/fraise-pour-flex-neon-split-6mm-avec-tige-de-6mm\/","og_site_name":"Easyledstore","article_publisher":"https:\/\/www.facebook.com\/easyledstore","article_modified_time":"2026-02-23T15:34:45+00:00","og_image":[{"width":600,"height":600,"url":"https:\/\/www.easyledstore.it\/wp-content\/uploads\/2025\/12\/Punta-6-6.jpg","type":"image\/jpeg"}],"twitter_card":"summary_large_image","schema":{"@context":"https:\/\/schema.org","@graph":[{"@type":"WebPage","@id":"https:\/\/www.easyledstore.it\/fr\/produit\/fraise-pour-flex-neon-split-6mm-avec-tige-de-6mm\/","url":"https:\/\/www.easyledstore.it\/fr\/produit\/fraise-pour-flex-neon-split-6mm-avec-tige-de-6mm\/","name":"fraise pour Flex Neon Split 6mm |Easyledstore%.","isPartOf":{"@id":"https:\/\/www.easyledstore.it\/fr\/#website"},"primaryImageOfPage":{"@id":"https:\/\/www.easyledstore.it\/fr\/produit\/fraise-pour-flex-neon-split-6mm-avec-tige-de-6mm\/#primaryimage"},"image":{"@id":"https:\/\/www.easyledstore.it\/fr\/produit\/fraise-pour-flex-neon-split-6mm-avec-tige-de-6mm\/#primaryimage"},"thumbnailUrl":"https:\/\/www.easyledstore.it\/wp-content\/uploads\/2025\/12\/Punta-6-6.jpg","datePublished":"2025-12-23T09:22:30+00:00","dateModified":"2026-02-23T15:34:45+00:00","description":"M\u00e8che de d\u00e9fonceuse professionnelle pour 6mm Flex Neon Split. Id\u00e9ale pour une coupe et un fa\u00e7onnage pr\u00e9cis, parfaite pour les travaux de pr\u00e9cision.","breadcrumb":{"@id":"https:\/\/www.easyledstore.it\/fr\/produit\/fraise-pour-flex-neon-split-6mm-avec-tige-de-6mm\/#breadcrumb"},"inLanguage":"fr-FR","potentialAction":[{"@type":"ReadAction","target":["https:\/\/www.easyledstore.it\/fr\/produit\/fraise-pour-flex-neon-split-6mm-avec-tige-de-6mm\/"]}]},{"@type":"ImageObject","inLanguage":"fr-FR","@id":"https:\/\/www.easyledstore.it\/fr\/produit\/fraise-pour-flex-neon-split-6mm-avec-tige-de-6mm\/#primaryimage","url":"https:\/\/www.easyledstore.it\/wp-content\/uploads\/2025\/12\/Punta-6-6.jpg","contentUrl":"https:\/\/www.easyledstore.it\/wp-content\/uploads\/2025\/12\/Punta-6-6.jpg","width":600,"height":600,"caption":"Attacco 6 Attacco 6"},{"@type":"BreadcrumbList","@id":"https:\/\/www.easyledstore.it\/fr\/produit\/fraise-pour-flex-neon-split-6mm-avec-tige-de-6mm\/#breadcrumb","itemListElement":[{"@type":"ListItem","position":1,"name":"Home","item":"https:\/\/www.easyledstore.it\/fr\/modules-de-signalisation-led\/"},{"@type":"ListItem","position":2,"name":"Shop IT","item":"https:\/\/www.easyledstore.it\/fr\/boutique\/"},{"@type":"ListItem","position":3,"name":"Fraise pour Flex Neon Split 6mm avec tige de 6mm"}]},{"@type":"WebSite","@id":"https:\/\/www.easyledstore.it\/fr\/#website","url":"https:\/\/www.easyledstore.it\/fr\/","name":"Easyledstore","description":"Alimentatori e Moduli LED per Insegne Luminose","publisher":{"@id":"https:\/\/www.easyledstore.it\/fr\/#organization"},"potentialAction":[{"@type":"SearchAction","target":{"@type":"EntryPoint","urlTemplate":"https:\/\/www.easyledstore.it\/fr\/?s={search_term_string}"},"query-input":{"@type":"PropertyValueSpecification","valueRequired":true,"valueName":"search_term_string"}}],"inLanguage":"fr-FR"},{"@type":"Organization","@id":"https:\/\/www.easyledstore.it\/fr\/#organization","name":"LTC Lighting Trading Company srls","url":"https:\/\/www.easyledstore.it\/fr\/","logo":{"@type":"ImageObject","inLanguage":"fr-FR","@id":"https:\/\/www.easyledstore.it\/fr\/#\/schema\/logo\/image\/","url":"https:\/\/www.easyledstore.it\/wp-content\/uploads\/2018\/03\/Landscape-FullColor-2000.png","contentUrl":"https:\/\/www.easyledstore.it\/wp-content\/uploads\/2018\/03\/Landscape-FullColor-2000.png","width":2000,"height":641,"caption":"LTC Lighting Trading Company srls"},"image":{"@id":"https:\/\/www.easyledstore.it\/fr\/#\/schema\/logo\/image\/"},"sameAs":["https:\/\/www.facebook.com\/easyledstore"]}]}},"_links":{"self":[{"href":"https:\/\/www.easyledstore.it\/fr\/wp-json\/wp\/v2\/product\/11196","targetHints":{"allow":["GET"]}}],"collection":[{"href":"https:\/\/www.easyledstore.it\/fr\/wp-json\/wp\/v2\/product"}],"about":[{"href":"https:\/\/www.easyledstore.it\/fr\/wp-json\/wp\/v2\/types\/product"}],"replies":[{"embeddable":true,"href":"https:\/\/www.easyledstore.it\/fr\/wp-json\/wp\/v2\/comments?post=11196"}],"wp:featuredmedia":[{"embeddable":true,"href":"https:\/\/www.easyledstore.it\/fr\/wp-json\/wp\/v2\/media\/11197"}],"wp:attachment":[{"href":"https:\/\/www.easyledstore.it\/fr\/wp-json\/wp\/v2\/media?parent=11196"}],"wp:term":[{"taxonomy":"product_brand","embeddable":true,"href":"https:\/\/www.easyledstore.it\/fr\/wp-json\/wp\/v2\/product_brand?post=11196"},{"taxonomy":"product_cat","embeddable":true,"href":"https:\/\/www.easyledstore.it\/fr\/wp-json\/wp\/v2\/product_cat?post=11196"},{"taxonomy":"product_tag","embeddable":true,"href":"https:\/\/www.easyledstore.it\/fr\/wp-json\/wp\/v2\/product_tag?post=11196"}],"curies":[{"name":"wp","href":"https:\/\/api.w.org\/{rel}","templated":true}]}}