{"id":11181,"date":"2026-01-07T16:11:02","date_gmt":"2026-01-07T15:11:02","guid":{"rendered":"https:\/\/www.easyledstore.it\/prodotto\/led-flex-neon-ice-blue-led-neon-6mm-5m\/"},"modified":"2026-02-04T12:23:36","modified_gmt":"2026-02-04T11:23:36","slug":"led-flex-neon-ice-blue-led-neon-6mm-5m","status":"publish","type":"product","link":"https:\/\/www.easyledstore.it\/fr\/produit\/led-flex-neon-ice-blue-led-neon-6mm-5m\/","title":{"rendered":"LED Flex Neon Ice Blue &#8211; LED Neon 6mm 5m"},"content":{"rendered":"<h2>Flex Neon Blue 6mm &#8211; 5 m\u00e8tres de tube flexible LED Neon<\/h2>\n<p>Donnez forme \u00e0 votre cr\u00e9ativit\u00e9 avec <strong>Flex Neon Blue<\/strong>, le tube LED flexible de 6 mm id\u00e9al pour les lettres lumineuses, les conceptions d\u00e9coratives et les installations artistiques \u00e0 fort impact. Gr\u00e2ce \u00e0 sa flexibilit\u00e9, il est facile \u00e0 fa\u00e7onner et parfait pour une utilisation en int\u00e9rieur comme en ext\u00e9rieur. <\/p>\n<p>Fabriqu\u00e9 en silicone \u00e9tanche et r\u00e9sistant aux UV avec un indice de <strong>protection IP65<\/strong>, ce tube LED est con\u00e7u pour durer m\u00eame dans des environnements expos\u00e9s. Il fonctionne sur un courant constant de <strong>12 V<\/strong>, offrant une luminosit\u00e9 uniforme sur toute sa longueur et un rendement lumineux de <strong>344 lumens par m\u00e8tre.<\/strong> <\/p>\n<h3>Sp\u00e9cifications techniques<\/h3>\n<ul>\n<li><strong>Longueur :<\/strong> 5 m\u00e8tres<\/li>\n<li><strong>Section transversale :<\/strong> 6 mm<\/li>\n<li><strong>LED par m\u00e8tre :<\/strong> 96<\/li>\n<li><strong>Tension de fonctionnement :<\/strong> 12V DC<\/li>\n<li><strong>Consommation \u00e9lectrique :<\/strong> 9W par m\u00e8tre<\/li>\n<li><strong>Luminosit\u00e9 :<\/strong> 344 lumens\/m\u00e8tre<\/li>\n<li><strong>Degr\u00e9 de protection :<\/strong> IP65 (\u00e9tanche et r\u00e9sistant aux UV)<\/li>\n<li><strong>Diam\u00e8tre de coupe :<\/strong> 8,3 mm<\/li>\n<li><strong>Mat\u00e9riau :<\/strong> Silicone<\/li>\n<li><strong>Type de courant :<\/strong> courant constant<\/li>\n<\/ul>\n<p>Pour des performances optimales et s\u00fbres, nous recommandons l&#8217;utilisation d&#8217;une <a href=\"https:\/\/www.easyledstore.it\/fr\/categories-produits\/alimentations-electriques\/?av2_pa_voltaggio=251&#038;av2_filter_id=2\" target=\"_blank\" rel=\"noopener\">alimentation LED compatible \u00e0<\/a> haut rendement.<\/p>\n<p><strong>Flex Neon Blue<\/strong> est le choix id\u00e9al pour la signalisation, les installations sc\u00e9niques et les projets professionnels qui exigent qualit\u00e9 et fiabilit\u00e9.<\/p>\n<h3>Disponible en plusieurs variantes<\/h3>\n<p>D\u00e9couvrez toutes les versions de notre Neon Flex 6mm de 5 m\u00e8tres :<\/p>\n<ul>\n<li><a href=\"https:\/\/www.easyledstore.it\/prodotto\/led-neon-flex-rgb-dig-6-mm-5-metri\/\" target=\"_blank\" rel=\"noopener\">RGB Magic Digital<\/a><\/li>\n<li><a href=\"https:\/\/www.easyledstore.it\/prodotto\/led-neon-flex-rgb-6-mm-5-metri\/\" target=\"_blank\" rel=\"noopener\">RVB<\/a><\/li>\n<li><a href=\"https:\/\/www.easyledstore.it\/prodotto\/led-neon-flex-giallo-6-mm-5-metri\/\" target=\"_blank\" rel=\"noopener\">Jaune citron<\/a><\/li>\n<li><a href=\"https:\/\/www.easyledstore.it\/prodotto\/led-neon-flex-rosa-6-mm-5-metri\/\" target=\"_blank\" rel=\"noopener\">Rose<\/a><\/li>\n<li><a href=\"https:\/\/www.easyledstore.it\/prodotto\/led-neon-flex-rosso-6-mm-5-metri-2\/\" target=\"_blank\" rel=\"noopener\">Rouge<\/a><\/li>\n<li><a href=\"https:\/\/www.easyledstore.it\/prodotto\/led-neon-flex-bianco-caldo-6-mm-5-metri\/\" target=\"_blank\" rel=\"noopener\">Blanc chaud<\/a><\/li>\n<li><a href=\"https:\/\/www.easyledstore.it\/prodotto\/led-neon-flex-bianco-puro-6-mm-5-metri\/\" target=\"_blank\" rel=\"noopener\">Blanc pur<\/a><\/li>\n<li><a href=\"https:\/\/www.easyledstore.it\/prodotto\/led-neon-flex-bianco-naturale-6-mm-5-metri\/\" target=\"_blank\" rel=\"noopener\">Blanc naturel<\/a><\/li>\n<li><a href=\"https:\/\/www.easyledstore.it\/prodotto\/led-neon-flex-arancione-6-mm-5-metri\/\" target=\"_blank\" rel=\"noopener\">Orange<\/a><\/li>\n<li><a href=\"https:\/\/www.easyledstore.it\/prodotto\/led-neon-flex-blu-6-mm-5-metri\/\" target=\"_blank\" rel=\"noopener\">Bleu<\/a><\/li>\n<li><a href=\"https:\/\/www.easyledstore.it\/prodotto\/led-neon-flex-verde-6-mm-5-metri\/\" target=\"_blank\" rel=\"noopener\">Vert<\/a><\/li>\n<\/ul>\n","protected":false},"excerpt":{"rendered":"<p><strong>Flex Neon Ice Blue 6mm &#8211; 5 Metres<\/strong><br \/>\nTube LED flexible en silicone r\u00e9sistant aux UV, id\u00e9al pour le lettrage et les d\u00e9corations. Facile \u00e0 fa\u00e7onner, \u00e9tanche (IP65) et pouvant \u00eatre coup\u00e9 tous les 8,3 mm. Alimentation 12V avec courant constant, 9W\/m et 344 lumens\/m. Parfait pour l&#8217;int\u00e9rieur et l&#8217;ext\u00e9rieur.  <\/p>\n<p>L&#8217;utilisation d&#8217;un <a href=\"https:\/\/www.easyledstore.it\/categoria-prodotto\/alimentatori\/?av2_pa_voltaggio=251&amp;av2_filter_id=2\" target=\"_blank\" rel=\"noopener\">bloc d&#8217;alimentation compatible<\/a> est recommand\u00e9e.<\/p>\n<p>D\u00e9couvrez toutes les versions de notre Neon Flex 6mm de 5 m\u00e8tres :<\/p>\n<ul>\n<li><a href=\"https:\/\/www.easyledstore.it\/prodotto\/led-neon-flex-rgb-dig-6-mm-5-metri\/\" target=\"_blank\" rel=\"noopener\">RGB Magic Digital<\/a><\/li>\n<li><a href=\"https:\/\/www.easyledstore.it\/prodotto\/led-neon-flex-rgb-6-mm-5-metri\/\" target=\"_blank\" rel=\"noopener\">RVB<\/a><\/li>\n<li><a href=\"https:\/\/www.easyledstore.it\/prodotto\/led-neon-flex-giallo-6-mm-5-metri\/\" target=\"_blank\" rel=\"noopener\">Jaune citron<\/a><\/li>\n<li><a href=\"https:\/\/www.easyledstore.it\/prodotto\/led-neon-flex-rosa-6-mm-5-metri\/\" target=\"_blank\" rel=\"noopener\">Rose<\/a><\/li>\n<li><a href=\"https:\/\/www.easyledstore.it\/prodotto\/led-neon-flex-rosso-6-mm-5-metri-2\/\" target=\"_blank\" rel=\"noopener\">Rouge<\/a><\/li>\n<li><a href=\"https:\/\/www.easyledstore.it\/prodotto\/led-neon-flex-bianco-caldo-6-mm-5-metri\/\" target=\"_blank\" rel=\"noopener\">Blanc chaud<\/a><\/li>\n<li><a href=\"https:\/\/www.easyledstore.it\/prodotto\/led-neon-flex-bianco-puro-6-mm-5-metri\/\" target=\"_blank\" rel=\"noopener\">Blanc pur<\/a><\/li>\n<li><a href=\"https:\/\/www.easyledstore.it\/prodotto\/led-neon-flex-bianco-naturale-6-mm-5-metri\/\" target=\"_blank\" rel=\"noopener\">Blanc naturel<\/a><\/li>\n<li><a href=\"https:\/\/www.easyledstore.it\/prodotto\/led-neon-flex-arancione-6-mm-5-metri\/\" target=\"_blank\" rel=\"noopener\">Orange<\/a><\/li>\n<li><a href=\"https:\/\/www.easyledstore.it\/prodotto\/led-neon-flex-blu-6-mm-5-metri\/\" target=\"_blank\" rel=\"noopener\">Bleu<\/a><\/li>\n<li><a href=\"https:\/\/www.easyledstore.it\/prodotto\/led-neon-flex-verde-6-mm-5-metri\/\" target=\"_blank\" rel=\"noopener\">Vert<\/a><\/li>\n<\/ul>\n<p>&nbsp;<\/p>\n","protected":false},"featured_media":11182,"comment_status":"open","ping_status":"closed","template":"","meta":[],"product_brand":[],"product_cat":[1085,1084],"product_tag":[1055,1087,1061,1807,1060],"class_list":{"0":"post-11181","1":"product","2":"type-product","3":"status-publish","4":"has-post-thumbnail","6":"product_cat-flex-led","7":"product_cat-neon-flex","8":"product_tag-12v","9":"product_tag-344lm-m","10":"product_tag-certifie-ip65","11":"product_tag-couleur-bleu-glacier","12":"product_tag-del-colorees","14":"first","15":"instock","16":"taxable","17":"shipping-taxable","18":"purchasable","19":"product-type-simple"},"yoast_head":"<!-- This site is optimized with the Yoast SEO plugin v27.3 - https:\/\/yoast.com\/product\/yoast-seo-wordpress\/ -->\n<title>LED Flex Neon Ice Blue - LED Neon 6mm 5m - Easyledstore<\/title>\n<meta name=\"description\" content=\"Flex Neon Blue 6mm 5 m\u00e8tres : bande LED flexible et programmable pour des effets dynamiques et des installations lumineuses. D\u00e9couvrez-le en ligne !\" \/>\n<meta name=\"robots\" content=\"index, follow, max-snippet:-1, max-image-preview:large, max-video-preview:-1\" \/>\n<link rel=\"canonical\" href=\"https:\/\/www.easyledstore.it\/fr\/produit\/led-flex-neon-ice-blue-led-neon-6mm-5m\/\" \/>\n<meta property=\"og:locale\" content=\"fr_FR\" \/>\n<meta property=\"og:type\" content=\"article\" \/>\n<meta property=\"og:title\" content=\"LED Flex Neon Ice Blue - LED Neon 6mm 5m - Easyledstore\" \/>\n<meta property=\"og:description\" content=\"Flex Neon Blue 6mm 5 m\u00e8tres : bande LED flexible et programmable pour des effets dynamiques et des installations lumineuses. D\u00e9couvrez-le en ligne !\" \/>\n<meta property=\"og:url\" content=\"https:\/\/www.easyledstore.it\/fr\/produit\/led-flex-neon-ice-blue-led-neon-6mm-5m\/\" \/>\n<meta property=\"og:site_name\" content=\"Easyledstore\" \/>\n<meta property=\"article:publisher\" content=\"https:\/\/www.facebook.com\/easyledstore\" \/>\n<meta property=\"article:modified_time\" content=\"2026-02-04T11:23:36+00:00\" \/>\n<meta property=\"og:image\" content=\"https:\/\/www.easyledstore.it\/wp-content\/uploads\/2026\/01\/Photoroom-20250612_084538-1024x1024.png\" \/>\n\t<meta property=\"og:image:width\" content=\"1024\" \/>\n\t<meta property=\"og:image:height\" content=\"1024\" \/>\n\t<meta property=\"og:image:type\" content=\"image\/png\" \/>\n<meta name=\"twitter:card\" content=\"summary_large_image\" \/>\n<meta name=\"twitter:label1\" content=\"Dur\u00e9e de lecture estim\u00e9e\" \/>\n\t<meta name=\"twitter:data1\" content=\"1 minute\" \/>\n<!-- \/ Yoast SEO plugin. -->","yoast_head_json":{"title":"LED Flex Neon Ice Blue - LED Neon 6mm 5m - Easyledstore","description":"Flex Neon Blue 6mm 5 m\u00e8tres : bande LED flexible et programmable pour des effets dynamiques et des installations lumineuses. D\u00e9couvrez-le en ligne !","robots":{"index":"index","follow":"follow","max-snippet":"max-snippet:-1","max-image-preview":"max-image-preview:large","max-video-preview":"max-video-preview:-1"},"canonical":"https:\/\/www.easyledstore.it\/fr\/produit\/led-flex-neon-ice-blue-led-neon-6mm-5m\/","og_locale":"fr_FR","og_type":"article","og_title":"LED Flex Neon Ice Blue - LED Neon 6mm 5m - Easyledstore","og_description":"Flex Neon Blue 6mm 5 m\u00e8tres : bande LED flexible et programmable pour des effets dynamiques et des installations lumineuses. D\u00e9couvrez-le en ligne !","og_url":"https:\/\/www.easyledstore.it\/fr\/produit\/led-flex-neon-ice-blue-led-neon-6mm-5m\/","og_site_name":"Easyledstore","article_publisher":"https:\/\/www.facebook.com\/easyledstore","article_modified_time":"2026-02-04T11:23:36+00:00","og_image":[{"width":1024,"height":1024,"url":"https:\/\/www.easyledstore.it\/wp-content\/uploads\/2026\/01\/Photoroom-20250612_084538-1024x1024.png","type":"image\/png"}],"twitter_card":"summary_large_image","twitter_misc":{"Dur\u00e9e de lecture estim\u00e9e":"1 minute"},"schema":{"@context":"https:\/\/schema.org","@graph":[{"@type":"WebPage","@id":"https:\/\/www.easyledstore.it\/fr\/produit\/led-flex-neon-ice-blue-led-neon-6mm-5m\/","url":"https:\/\/www.easyledstore.it\/fr\/produit\/led-flex-neon-ice-blue-led-neon-6mm-5m\/","name":"LED Flex Neon Ice Blue - LED Neon 6mm 5m - Easyledstore","isPartOf":{"@id":"https:\/\/www.easyledstore.it\/fr\/#website"},"primaryImageOfPage":{"@id":"https:\/\/www.easyledstore.it\/fr\/produit\/led-flex-neon-ice-blue-led-neon-6mm-5m\/#primaryimage"},"image":{"@id":"https:\/\/www.easyledstore.it\/fr\/produit\/led-flex-neon-ice-blue-led-neon-6mm-5m\/#primaryimage"},"thumbnailUrl":"https:\/\/www.easyledstore.it\/wp-content\/uploads\/2026\/01\/Photoroom-20250612_084538.png","datePublished":"2026-01-07T15:11:02+00:00","dateModified":"2026-02-04T11:23:36+00:00","description":"Flex Neon Blue 6mm 5 m\u00e8tres : bande LED flexible et programmable pour des effets dynamiques et des installations lumineuses. D\u00e9couvrez-le en ligne !","breadcrumb":{"@id":"https:\/\/www.easyledstore.it\/fr\/produit\/led-flex-neon-ice-blue-led-neon-6mm-5m\/#breadcrumb"},"inLanguage":"fr-FR","potentialAction":[{"@type":"ReadAction","target":["https:\/\/www.easyledstore.it\/fr\/produit\/led-flex-neon-ice-blue-led-neon-6mm-5m\/"]}]},{"@type":"ImageObject","inLanguage":"fr-FR","@id":"https:\/\/www.easyledstore.it\/fr\/produit\/led-flex-neon-ice-blue-led-neon-6mm-5m\/#primaryimage","url":"https:\/\/www.easyledstore.it\/wp-content\/uploads\/2026\/01\/Photoroom-20250612_084538.png","contentUrl":"https:\/\/www.easyledstore.it\/wp-content\/uploads\/2026\/01\/Photoroom-20250612_084538.png","width":2000,"height":2000,"caption":"Flex Neon Ice Blue"},{"@type":"BreadcrumbList","@id":"https:\/\/www.easyledstore.it\/fr\/produit\/led-flex-neon-ice-blue-led-neon-6mm-5m\/#breadcrumb","itemListElement":[{"@type":"ListItem","position":1,"name":"Home","item":"https:\/\/www.easyledstore.it\/fr\/modules-de-signalisation-led\/"},{"@type":"ListItem","position":2,"name":"Shop IT","item":"https:\/\/www.easyledstore.it\/fr\/boutique\/"},{"@type":"ListItem","position":3,"name":"LED Flex Neon Ice Blue &#8211; LED Neon 6mm 5m"}]},{"@type":"WebSite","@id":"https:\/\/www.easyledstore.it\/fr\/#website","url":"https:\/\/www.easyledstore.it\/fr\/","name":"Easyledstore","description":"Alimentatori e Moduli LED per Insegne Luminose","publisher":{"@id":"https:\/\/www.easyledstore.it\/fr\/#organization"},"potentialAction":[{"@type":"SearchAction","target":{"@type":"EntryPoint","urlTemplate":"https:\/\/www.easyledstore.it\/fr\/?s={search_term_string}"},"query-input":{"@type":"PropertyValueSpecification","valueRequired":true,"valueName":"search_term_string"}}],"inLanguage":"fr-FR"},{"@type":"Organization","@id":"https:\/\/www.easyledstore.it\/fr\/#organization","name":"LTC Lighting Trading Company srls","url":"https:\/\/www.easyledstore.it\/fr\/","logo":{"@type":"ImageObject","inLanguage":"fr-FR","@id":"https:\/\/www.easyledstore.it\/fr\/#\/schema\/logo\/image\/","url":"https:\/\/www.easyledstore.it\/wp-content\/uploads\/2018\/03\/Landscape-FullColor-2000.png","contentUrl":"https:\/\/www.easyledstore.it\/wp-content\/uploads\/2018\/03\/Landscape-FullColor-2000.png","width":2000,"height":641,"caption":"LTC Lighting Trading Company srls"},"image":{"@id":"https:\/\/www.easyledstore.it\/fr\/#\/schema\/logo\/image\/"},"sameAs":["https:\/\/www.facebook.com\/easyledstore"]}]}},"_links":{"self":[{"href":"https:\/\/www.easyledstore.it\/fr\/wp-json\/wp\/v2\/product\/11181","targetHints":{"allow":["GET"]}}],"collection":[{"href":"https:\/\/www.easyledstore.it\/fr\/wp-json\/wp\/v2\/product"}],"about":[{"href":"https:\/\/www.easyledstore.it\/fr\/wp-json\/wp\/v2\/types\/product"}],"replies":[{"embeddable":true,"href":"https:\/\/www.easyledstore.it\/fr\/wp-json\/wp\/v2\/comments?post=11181"}],"wp:featuredmedia":[{"embeddable":true,"href":"https:\/\/www.easyledstore.it\/fr\/wp-json\/wp\/v2\/media\/11182"}],"wp:attachment":[{"href":"https:\/\/www.easyledstore.it\/fr\/wp-json\/wp\/v2\/media?parent=11181"}],"wp:term":[{"taxonomy":"product_brand","embeddable":true,"href":"https:\/\/www.easyledstore.it\/fr\/wp-json\/wp\/v2\/product_brand?post=11181"},{"taxonomy":"product_cat","embeddable":true,"href":"https:\/\/www.easyledstore.it\/fr\/wp-json\/wp\/v2\/product_cat?post=11181"},{"taxonomy":"product_tag","embeddable":true,"href":"https:\/\/www.easyledstore.it\/fr\/wp-json\/wp\/v2\/product_tag?post=11181"}],"curies":[{"name":"wp","href":"https:\/\/api.w.org\/{rel}","templated":true}]}}