{"id":11178,"date":"2026-01-09T12:03:45","date_gmt":"2026-01-09T11:03:45","guid":{"rendered":"https:\/\/www.easyledstore.it\/prodotto\/bande-led-avec-lentille-blanc-naturel-4000k-18w-m\/"},"modified":"2026-01-09T12:03:45","modified_gmt":"2026-01-09T11:03:45","slug":"bande-led-avec-lentille-blanc-naturel-4000k-18w-m","status":"publish","type":"product","link":"https:\/\/www.easyledstore.it\/fr\/produit\/bande-led-avec-lentille-blanc-naturel-4000k-18w-m\/","title":{"rendered":"Bande LED avec lentille &#8211; Blanc naturel 4000K &#8211; 18W\/m"},"content":{"rendered":"<p>Bande LED avec lentille avec 48 LED par m\u00e8tre.<\/p>\n<p>SP\u00c9CIFICATIONS TECHNIQUES<\/p>\n<ul>\n<li>Longueur : <strong>20 m\u00e8tres<\/strong><\/li>\n<li>Tension : <strong>24V<\/strong><\/li>\n<li>Couleur : Blanc naturel <strong>4000K<\/strong><\/li>\n<li>Watts par m\u00e8tre : <strong>18 W\/m<\/strong><\/li>\n<li>IP Degr\u00e9 de protection :<strong> IP20<\/strong><\/li>\n<li>Ouverture de l&#8217;objectif : <strong>178\u00b0<\/strong>.<\/li>\n<\/ul>\n<p>Il peut \u00eatre appliqu\u00e9 \u00e0 une vari\u00e9t\u00e9 de mat\u00e9riaux tels que le plastique PP, le PE, le m\u00e9tal et les textiles.<\/p>\n<p>Applicable aux : lettres de grande taille, lettres sans bordure, lettres plates, lettres en acier inoxydable, lumi\u00e8res lin\u00e9aires de forme sp\u00e9ciale.<\/p>\n","protected":false},"excerpt":{"rendered":"<p>Bande LED avec lentille avec 48 LED par m\u00e8tre.<\/p>\n","protected":false},"featured_media":10192,"comment_status":"open","ping_status":"closed","template":"","meta":[],"product_brand":[],"product_cat":[1221],"product_tag":[1589,1224,1405,1176,1584,1225],"class_list":{"0":"post-11178","1":"product","2":"type-product","3":"status-publish","4":"has-post-thumbnail","6":"product_cat-bande-led","7":"product_tag-18w-m","8":"product_tag-24v","9":"product_tag-4000k","10":"product_tag-avec-lentille","11":"product_tag-blanc-naturel","12":"product_tag-certification-ip20","14":"first","15":"instock","16":"taxable","17":"shipping-taxable","18":"purchasable","19":"product-type-simple"},"yoast_head":"<!-- This site is optimized with the Yoast SEO plugin v27.3 - https:\/\/yoast.com\/product\/yoast-seo-wordpress\/ -->\n<title>Bande LED avec lentille - Blanc naturel 4000K - 18W\/m - Easyledstore<\/title>\n<meta name=\"description\" content=\"Bande LED de 20 m\u00e8tres avec lentille et 48 LED par m\u00e8tre. Peut \u00eatre appliqu\u00e9e sur une vari\u00e9t\u00e9 de mat\u00e9riaux tels que le plastique PP, le PE, le m\u00e9tal et le textile.\" \/>\n<meta name=\"robots\" content=\"index, follow, max-snippet:-1, max-image-preview:large, max-video-preview:-1\" \/>\n<link rel=\"canonical\" href=\"https:\/\/www.easyledstore.it\/fr\/produit\/bande-led-avec-lentille-blanc-naturel-4000k-18w-m\/\" \/>\n<meta property=\"og:locale\" content=\"fr_FR\" \/>\n<meta property=\"og:type\" content=\"article\" \/>\n<meta property=\"og:title\" content=\"Bande LED avec lentille - Blanc naturel 4000K - 18W\/m - Easyledstore\" \/>\n<meta property=\"og:description\" content=\"Bande LED de 20 m\u00e8tres avec lentille et 48 LED par m\u00e8tre. Peut \u00eatre appliqu\u00e9e sur une vari\u00e9t\u00e9 de mat\u00e9riaux tels que le plastique PP, le PE, le m\u00e9tal et le textile.\" \/>\n<meta property=\"og:url\" content=\"https:\/\/www.easyledstore.it\/fr\/produit\/bande-led-avec-lentille-blanc-naturel-4000k-18w-m\/\" \/>\n<meta property=\"og:site_name\" content=\"Easyledstore\" \/>\n<meta property=\"article:publisher\" content=\"https:\/\/www.facebook.com\/easyledstore\" \/>\n<meta property=\"og:image\" content=\"https:\/\/www.easyledstore.it\/wp-content\/uploads\/2024\/06\/Strip-Lente.jpg\" \/>\n\t<meta property=\"og:image:width\" content=\"800\" \/>\n\t<meta property=\"og:image:height\" content=\"800\" \/>\n\t<meta property=\"og:image:type\" content=\"image\/jpeg\" \/>\n<meta name=\"twitter:card\" content=\"summary_large_image\" \/>\n<!-- \/ Yoast SEO plugin. -->","yoast_head_json":{"title":"Bande LED avec lentille - Blanc naturel 4000K - 18W\/m - Easyledstore","description":"Bande LED de 20 m\u00e8tres avec lentille et 48 LED par m\u00e8tre. Peut \u00eatre appliqu\u00e9e sur une vari\u00e9t\u00e9 de mat\u00e9riaux tels que le plastique PP, le PE, le m\u00e9tal et le textile.","robots":{"index":"index","follow":"follow","max-snippet":"max-snippet:-1","max-image-preview":"max-image-preview:large","max-video-preview":"max-video-preview:-1"},"canonical":"https:\/\/www.easyledstore.it\/fr\/produit\/bande-led-avec-lentille-blanc-naturel-4000k-18w-m\/","og_locale":"fr_FR","og_type":"article","og_title":"Bande LED avec lentille - Blanc naturel 4000K - 18W\/m - Easyledstore","og_description":"Bande LED de 20 m\u00e8tres avec lentille et 48 LED par m\u00e8tre. Peut \u00eatre appliqu\u00e9e sur une vari\u00e9t\u00e9 de mat\u00e9riaux tels que le plastique PP, le PE, le m\u00e9tal et le textile.","og_url":"https:\/\/www.easyledstore.it\/fr\/produit\/bande-led-avec-lentille-blanc-naturel-4000k-18w-m\/","og_site_name":"Easyledstore","article_publisher":"https:\/\/www.facebook.com\/easyledstore","og_image":[{"width":800,"height":800,"url":"https:\/\/www.easyledstore.it\/wp-content\/uploads\/2024\/06\/Strip-Lente.jpg","type":"image\/jpeg"}],"twitter_card":"summary_large_image","schema":{"@context":"https:\/\/schema.org","@graph":[{"@type":"WebPage","@id":"https:\/\/www.easyledstore.it\/fr\/produit\/bande-led-avec-lentille-blanc-naturel-4000k-18w-m\/","url":"https:\/\/www.easyledstore.it\/fr\/produit\/bande-led-avec-lentille-blanc-naturel-4000k-18w-m\/","name":"Bande LED avec lentille - Blanc naturel 4000K - 18W\/m - Easyledstore","isPartOf":{"@id":"https:\/\/www.easyledstore.it\/fr\/#website"},"primaryImageOfPage":{"@id":"https:\/\/www.easyledstore.it\/fr\/produit\/bande-led-avec-lentille-blanc-naturel-4000k-18w-m\/#primaryimage"},"image":{"@id":"https:\/\/www.easyledstore.it\/fr\/produit\/bande-led-avec-lentille-blanc-naturel-4000k-18w-m\/#primaryimage"},"thumbnailUrl":"https:\/\/www.easyledstore.it\/wp-content\/uploads\/2024\/06\/Strip-Lente.jpg","datePublished":"2026-01-09T11:03:45+00:00","description":"Bande LED de 20 m\u00e8tres avec lentille et 48 LED par m\u00e8tre. Peut \u00eatre appliqu\u00e9e sur une vari\u00e9t\u00e9 de mat\u00e9riaux tels que le plastique PP, le PE, le m\u00e9tal et le textile.","breadcrumb":{"@id":"https:\/\/www.easyledstore.it\/fr\/produit\/bande-led-avec-lentille-blanc-naturel-4000k-18w-m\/#breadcrumb"},"inLanguage":"fr-FR","potentialAction":[{"@type":"ReadAction","target":["https:\/\/www.easyledstore.it\/fr\/produit\/bande-led-avec-lentille-blanc-naturel-4000k-18w-m\/"]}]},{"@type":"ImageObject","inLanguage":"fr-FR","@id":"https:\/\/www.easyledstore.it\/fr\/produit\/bande-led-avec-lentille-blanc-naturel-4000k-18w-m\/#primaryimage","url":"https:\/\/www.easyledstore.it\/wp-content\/uploads\/2024\/06\/Strip-Lente.jpg","contentUrl":"https:\/\/www.easyledstore.it\/wp-content\/uploads\/2024\/06\/Strip-Lente.jpg","width":800,"height":800,"caption":"Strip Con Lente"},{"@type":"BreadcrumbList","@id":"https:\/\/www.easyledstore.it\/fr\/produit\/bande-led-avec-lentille-blanc-naturel-4000k-18w-m\/#breadcrumb","itemListElement":[{"@type":"ListItem","position":1,"name":"Home","item":"https:\/\/www.easyledstore.it\/fr\/modules-de-signalisation-led\/"},{"@type":"ListItem","position":2,"name":"Shop IT","item":"https:\/\/www.easyledstore.it\/fr\/boutique\/"},{"@type":"ListItem","position":3,"name":"Bande LED avec lentille &#8211; Blanc naturel 4000K &#8211; 18W\/m"}]},{"@type":"WebSite","@id":"https:\/\/www.easyledstore.it\/fr\/#website","url":"https:\/\/www.easyledstore.it\/fr\/","name":"Easyledstore","description":"Alimentatori e Moduli LED per Insegne Luminose","publisher":{"@id":"https:\/\/www.easyledstore.it\/fr\/#organization"},"potentialAction":[{"@type":"SearchAction","target":{"@type":"EntryPoint","urlTemplate":"https:\/\/www.easyledstore.it\/fr\/?s={search_term_string}"},"query-input":{"@type":"PropertyValueSpecification","valueRequired":true,"valueName":"search_term_string"}}],"inLanguage":"fr-FR"},{"@type":"Organization","@id":"https:\/\/www.easyledstore.it\/fr\/#organization","name":"LTC Lighting Trading Company srls","url":"https:\/\/www.easyledstore.it\/fr\/","logo":{"@type":"ImageObject","inLanguage":"fr-FR","@id":"https:\/\/www.easyledstore.it\/fr\/#\/schema\/logo\/image\/","url":"https:\/\/www.easyledstore.it\/wp-content\/uploads\/2018\/03\/Landscape-FullColor-2000.png","contentUrl":"https:\/\/www.easyledstore.it\/wp-content\/uploads\/2018\/03\/Landscape-FullColor-2000.png","width":2000,"height":641,"caption":"LTC Lighting Trading Company srls"},"image":{"@id":"https:\/\/www.easyledstore.it\/fr\/#\/schema\/logo\/image\/"},"sameAs":["https:\/\/www.facebook.com\/easyledstore"]}]}},"_links":{"self":[{"href":"https:\/\/www.easyledstore.it\/fr\/wp-json\/wp\/v2\/product\/11178","targetHints":{"allow":["GET"]}}],"collection":[{"href":"https:\/\/www.easyledstore.it\/fr\/wp-json\/wp\/v2\/product"}],"about":[{"href":"https:\/\/www.easyledstore.it\/fr\/wp-json\/wp\/v2\/types\/product"}],"replies":[{"embeddable":true,"href":"https:\/\/www.easyledstore.it\/fr\/wp-json\/wp\/v2\/comments?post=11178"}],"wp:featuredmedia":[{"embeddable":true,"href":"https:\/\/www.easyledstore.it\/fr\/wp-json\/wp\/v2\/media\/10192"}],"wp:attachment":[{"href":"https:\/\/www.easyledstore.it\/fr\/wp-json\/wp\/v2\/media?parent=11178"}],"wp:term":[{"taxonomy":"product_brand","embeddable":true,"href":"https:\/\/www.easyledstore.it\/fr\/wp-json\/wp\/v2\/product_brand?post=11178"},{"taxonomy":"product_cat","embeddable":true,"href":"https:\/\/www.easyledstore.it\/fr\/wp-json\/wp\/v2\/product_cat?post=11178"},{"taxonomy":"product_tag","embeddable":true,"href":"https:\/\/www.easyledstore.it\/fr\/wp-json\/wp\/v2\/product_tag?post=11178"}],"curies":[{"name":"wp","href":"https:\/\/api.w.org\/{rel}","templated":true}]}}