{"id":11060,"date":"2025-06-24T16:16:41","date_gmt":"2025-06-24T14:16:41","guid":{"rendered":"https:\/\/www.easyledstore.it\/prodotto\/bande-led-zigzag-haute-puissance-blanc-pur-ip65-5-metres\/"},"modified":"2026-03-17T14:52:22","modified_gmt":"2026-03-17T13:52:22","slug":"bande-led-zigzag-haute-puissance-blanc-pur-ip65-5-metres","status":"publish","type":"product","link":"https:\/\/www.easyledstore.it\/fr\/produit\/bande-led-zigzag-haute-puissance-blanc-pur-ip65-5-metres\/","title":{"rendered":"Bande LED ZigZag Haute Puissance &#8211; Blanc pur &#8211; IP65 &#8211; 5 m\u00e8tres"},"content":{"rendered":"<p data-start=\"314\" data-end=\"756\">La <strong data-start=\"317\" data-end=\"359\">bande LED ZigZag High Power Pure White<\/strong> est la solution id\u00e9ale pour ceux qui recherchent un \u00e9clairage puissant, polyvalent et professionnel, tant \u00e0 l&#8217;int\u00e9rieur qu&#8217;\u00e0 l&#8217;ext\u00e9rieur. Con\u00e7ue avec une configuration en zigzag, cette bande LED offre une plus grande flexibilit\u00e9 que les bandes lin\u00e9aires traditionnelles, ce qui la rend parfaite pour les applications sur les surfaces incurv\u00e9es, les angles irr\u00e9guliers, les enseignes lumineuses et les installations cr\u00e9atives. <\/p>\n<p data-start=\"758\" data-end=\"1109\">Gr\u00e2ce \u00e0 sa <strong data-start=\"774\" data-end=\"806\">temp\u00e9rature de couleur de 7000\u00b0K<\/strong>, la lumi\u00e8re \u00e9mise est d&#8217;un <strong data-start=\"828\" data-end=\"843\">blanc pur<\/strong> et brillant qui met en valeur chaque d\u00e9tail avec clart\u00e9 et pr\u00e9cision. Il est particuli\u00e8rement adapt\u00e9 aux environnements n\u00e9cessitant une grande visibilit\u00e9, tels que les salles d&#8217;exposition, les vitrines, les pr\u00e9sentoirs, ou pour cr\u00e9er des effets de lumi\u00e8re raffin\u00e9s dans des environnements r\u00e9sidentiels ou commerciaux. <\/p>\n<p data-start=\"1111\" data-end=\"1557\">D&#8217;un point de vue technique, la <strong data-start=\"1142\" data-end=\"1184\">bande LED ZigZag High Power Pure White<\/strong> a une consommation de <strong data-start=\"1216\" data-end=\"1234\">9,6 W par m\u00e8tre<\/strong>, ce qui garantit un excellent rapport entre l&#8217;efficacit\u00e9 \u00e9nerg\u00e9tique et le rendement lumineux. La longueur de <strong data-start=\"1329\" data-end=\"1340\">5 m\u00e8tres<\/strong> offre une large couverture, tandis que l&#8217;indice de protection <strong data-start=\"1394\" data-end=\"1402\">IP65<\/strong> garantit la r\u00e9sistance \u00e0 la poussi\u00e8re et aux \u00e9claboussures d&#8217;eau, ce qui permet de l&#8217;utiliser \u00e0 l&#8217;ext\u00e9rieur ou dans des environnements humides tels que les salles de bains, les cuisines, les jardins et les terrasses. <\/p>\n<p data-start=\"1559\" data-end=\"1602\">\ud83d\udd27 <strong data-start=\"1562\" data-end=\"1601\">Principales caract\u00e9ristiques techniques<\/strong>:<\/p>\n<ul data-start=\"1603\" data-end=\"1722\">\n<li data-start=\"1603\" data-end=\"1625\">\n<p data-start=\"1605\" data-end=\"1625\">Longueur : 5 m\u00e8tres<\/p>\n<\/li>\n<li data-start=\"1626\" data-end=\"1643\">\n<p data-start=\"1628\" data-end=\"1643\">Tension : 12 V<\/p>\n<\/li>\n<li data-start=\"1644\" data-end=\"1673\">\n<p data-start=\"1646\" data-end=\"1673\">Couleur : blanc pur 7000\u00b0K<\/p>\n<\/li>\n<li data-start=\"1674\" data-end=\"1694\">\n<p data-start=\"1676\" data-end=\"1694\">Puissance : 9,6 W\/m<\/p>\n<\/li>\n<li data-start=\"1695\" data-end=\"1722\">\n<p data-start=\"1697\" data-end=\"1722\">Degr\u00e9 de protection : IP65<\/p>\n<\/li>\n<\/ul>\n<p data-start=\"1724\" data-end=\"1789\">\u2705 <strong data-start=\"1726\" data-end=\"1788\">Pourquoi choisir la bande LED ZigZag High Power Pure White :<\/strong><\/p>\n<ul data-start=\"1790\" data-end=\"2052\">\n<li data-start=\"1790\" data-end=\"1843\">\n<p data-start=\"1792\" data-end=\"1843\">Une plus grande flexibilit\u00e9 pour les installations complexes<\/p>\n<\/li>\n<li data-start=\"1844\" data-end=\"1885\">\n<p data-start=\"1846\" data-end=\"1885\">\u00c9clairage intense et professionnel<\/p>\n<\/li>\n<li data-start=\"1886\" data-end=\"1928\">\n<p data-start=\"1888\" data-end=\"1928\">Peut \u00e9galement \u00eatre utilis\u00e9 \u00e0 l&#8217;ext\u00e9rieur<\/p>\n<\/li>\n<li data-start=\"1929\" data-end=\"1985\">\n<p data-start=\"1931\" data-end=\"1985\">Facile \u00e0 assembler, il peut \u00eatre coup\u00e9 \u00e0 des endroits pr\u00e9d\u00e9termin\u00e9s.<\/p>\n<\/li>\n<li data-start=\"1986\" data-end=\"2052\">\n<p data-start=\"1988\" data-end=\"2052\">Id\u00e9al pour la signal\u00e9tique, le mobilier, les vitrines et l&#8217;architecture lumineuse<\/p>\n<\/li>\n<\/ul>\n<p data-start=\"2054\" data-end=\"2318\">\ud83d\udca1 Pour un fonctionnement s\u00fbr et optimal, nous vous recommandons d&#8217;associer la r\u00e9glette \u00e0 une alimentation \u00e9lectrique adapt\u00e9e. D\u00e9couvrez notre gamme compl\u00e8te d&#8217;alimentations <a class=\"\" href=\"https:\/\/www.easyledstore.it\/fr\/categories-produits\/alimentations-electriques\/\" target=\"_new\" rel=\"noopener\" data-start=\"2193\" data-end=\"2285\"><strong data-start=\"2194\" data-end=\"2222\">d&#8217;alimentations pour LED 12V<\/strong><\/a> compatibles avec ce produit. <\/p>\n<p data-start=\"2320\" data-end=\"2428\">Choisissez la <strong data-start=\"2335\" data-end=\"2377\">bande LED haute puissance ZigZag<\/strong> d\u00e8s aujourd&#8217;hui et apportez de la lumi\u00e8re, du style et de la fonctionnalit\u00e9 \u00e0 votre espace.<\/p>\n<p><strong style=\"font-size: 18px;\">Suivez EasyLedStore.co.uk \u00e9galement sur les m\u00e9dias sociaux<\/strong><\/p>\n<ul style=\"list-style: none; padding: 0; font-size: 18px;\">\n<li style=\"text-align: left;\"><a href=\"https:\/\/www.instagram.com\/easyledstore.it\" target=\"_blank\" rel=\"noopener noreferrer nofollow\">Instagram &#8211; <\/a><a href=\"https:\/\/www.facebook.com\/easyledstore\" target=\"_blank\" rel=\"noopener noreferrer nofollow\">Facebook &#8211; <\/a><a href=\"https:\/\/www.tiktok.com\/@easyledstore.it\" target=\"_blank\" rel=\"noopener noreferrer nofollow\">TikTok &#8211; <\/a><a href=\"https:\/\/www.youtube.com\/@easyledstore4589\" target=\"_blank\" rel=\"noopener noreferrer nofollow\">YouTube<\/a><\/li>\n<\/ul>\n","protected":false},"excerpt":{"rendered":"<p data-start=\"103\" data-end=\"172\"><strong data-start=\"103\" data-end=\"172\">ZigZag Bande LED Haute Puissance Blanc Pur pour l&#8217;Ext\u00e9rieur &#8211; 5m, 12V, IP65<\/strong><\/p>\n<p data-start=\"174\" data-end=\"568\">Illuminez les surfaces les plus complexes avec style gr\u00e2ce \u00e0 la <strong data-start=\"238\" data-end=\"280\">bande LED ZigZag High Power Pure White<\/strong>. Avec une lumi\u00e8re blanche intense \u00e0 7000K, 9,6W\/m et une structure flexible, elle est parfaite pour les enseignes, les courbes et les installations cr\u00e9atives. Protection IP65, convient \u00e9galement \u00e0 une utilisation en ext\u00e9rieur. Id\u00e9ale avec les alimentations 12V &#8211; <a class=\"\" href=\"https:\/\/www.easyledstore.it\/categoria-prodotto\/alimentatori\/\" target=\"_new\" rel=\"noopener\" data-start=\"488\" data-end=\"567\">d\u00e9couvrez la gamme<\/a>.   <\/p>\n<p><strong style=\"font-size: 18px;\">Suivez EasyLedStore.co.uk \u00e9galement sur les m\u00e9dias sociaux<\/strong><\/p>\n<ul style=\"list-style: none; padding: 0; font-size: 18px;\">\n<li style=\"text-align: left;\"><a href=\"https:\/\/www.instagram.com\/easyledstore.it\" target=\"_blank\" rel=\"noopener\">Instagram &#8211; <\/a><a href=\"https:\/\/www.facebook.com\/easyledstore\" target=\"_blank\" rel=\"noopener\">Facebook &#8211; <\/a><a href=\"https:\/\/www.tiktok.com\/@easyledstore.it\" target=\"_blank\" rel=\"noopener\">TikTok &#8211; <\/a><a href=\"https:\/\/www.youtube.com\/@easyledstore4589\" target=\"_blank\" rel=\"noopener\">YouTube<\/a><\/li>\n<\/ul>\n","protected":false},"featured_media":11061,"comment_status":"open","ping_status":"closed","template":"","meta":[],"product_brand":[],"product_cat":[1396,1221,1397],"product_tag":[1055,1541,1793,1540,1061],"class_list":{"0":"post-11060","1":"product","2":"type-product","3":"status-publish","4":"has-post-thumbnail","6":"product_cat-bande-en-zig-zag","7":"product_cat-bande-led","8":"product_cat-zigzag-outdoor","9":"product_tag-12v","10":"product_tag-7000k","11":"product_tag-9-6w","12":"product_tag-blanc-pur","13":"product_tag-certifie-ip65","15":"first","16":"instock","17":"taxable","18":"shipping-taxable","19":"purchasable","20":"product-type-simple"},"yoast_head":"<!-- This site is optimized with the Yoast SEO plugin v27.3 - https:\/\/yoast.com\/product\/yoast-seo-wordpress\/ -->\n<title>Bande LED ZigZag Haute Puissance - Blanc pur - IP65 - 5 m\u00e8tres - Easyledstore<\/title>\n<meta name=\"description\" content=\"Bande LED ZigZag High Power Pure White 3000K - outdoor - pour la signalisation et la d\u00e9coration ext\u00e9rieure. Longueur : 5 m\u00e8tres\" \/>\n<meta name=\"robots\" content=\"index, follow, max-snippet:-1, max-image-preview:large, max-video-preview:-1\" \/>\n<link rel=\"canonical\" href=\"https:\/\/www.easyledstore.it\/fr\/produit\/bande-led-zigzag-haute-puissance-blanc-pur-ip65-5-metres\/\" \/>\n<meta property=\"og:locale\" content=\"fr_FR\" \/>\n<meta property=\"og:type\" content=\"article\" \/>\n<meta property=\"og:title\" content=\"Bande LED ZigZag Haute Puissance - Blanc pur - IP65 - 5 m\u00e8tres - Easyledstore\" \/>\n<meta property=\"og:description\" content=\"Bande LED ZigZag High Power Pure White 3000K - outdoor - pour la signalisation et la d\u00e9coration ext\u00e9rieure. Longueur : 5 m\u00e8tres\" \/>\n<meta property=\"og:url\" content=\"https:\/\/www.easyledstore.it\/fr\/produit\/bande-led-zigzag-haute-puissance-blanc-pur-ip65-5-metres\/\" \/>\n<meta property=\"og:site_name\" content=\"Easyledstore\" \/>\n<meta property=\"article:publisher\" content=\"https:\/\/www.facebook.com\/easyledstore\" \/>\n<meta property=\"article:modified_time\" content=\"2026-03-17T13:52:22+00:00\" \/>\n<meta property=\"og:image\" content=\"https:\/\/www.easyledstore.it\/wp-content\/uploads\/2025\/06\/3.jpg\" \/>\n\t<meta property=\"og:image:width\" content=\"2000\" \/>\n\t<meta property=\"og:image:height\" content=\"2000\" \/>\n\t<meta property=\"og:image:type\" content=\"image\/jpeg\" \/>\n<meta name=\"twitter:card\" content=\"summary_large_image\" \/>\n<meta name=\"twitter:label1\" content=\"Dur\u00e9e de lecture estim\u00e9e\" \/>\n\t<meta name=\"twitter:data1\" content=\"2 minutes\" \/>\n<!-- \/ Yoast SEO plugin. -->","yoast_head_json":{"title":"Bande LED ZigZag Haute Puissance - Blanc pur - IP65 - 5 m\u00e8tres - Easyledstore","description":"Bande LED ZigZag High Power Pure White 3000K - outdoor - pour la signalisation et la d\u00e9coration ext\u00e9rieure. Longueur : 5 m\u00e8tres","robots":{"index":"index","follow":"follow","max-snippet":"max-snippet:-1","max-image-preview":"max-image-preview:large","max-video-preview":"max-video-preview:-1"},"canonical":"https:\/\/www.easyledstore.it\/fr\/produit\/bande-led-zigzag-haute-puissance-blanc-pur-ip65-5-metres\/","og_locale":"fr_FR","og_type":"article","og_title":"Bande LED ZigZag Haute Puissance - Blanc pur - IP65 - 5 m\u00e8tres - Easyledstore","og_description":"Bande LED ZigZag High Power Pure White 3000K - outdoor - pour la signalisation et la d\u00e9coration ext\u00e9rieure. Longueur : 5 m\u00e8tres","og_url":"https:\/\/www.easyledstore.it\/fr\/produit\/bande-led-zigzag-haute-puissance-blanc-pur-ip65-5-metres\/","og_site_name":"Easyledstore","article_publisher":"https:\/\/www.facebook.com\/easyledstore","article_modified_time":"2026-03-17T13:52:22+00:00","og_image":[{"width":2000,"height":2000,"url":"https:\/\/www.easyledstore.it\/wp-content\/uploads\/2025\/06\/3.jpg","type":"image\/jpeg"}],"twitter_card":"summary_large_image","twitter_misc":{"Dur\u00e9e de lecture estim\u00e9e":"2 minutes"},"schema":{"@context":"https:\/\/schema.org","@graph":[{"@type":"WebPage","@id":"https:\/\/www.easyledstore.it\/fr\/produit\/bande-led-zigzag-haute-puissance-blanc-pur-ip65-5-metres\/","url":"https:\/\/www.easyledstore.it\/fr\/produit\/bande-led-zigzag-haute-puissance-blanc-pur-ip65-5-metres\/","name":"Bande LED ZigZag Haute Puissance - Blanc pur - IP65 - 5 m\u00e8tres - Easyledstore","isPartOf":{"@id":"https:\/\/www.easyledstore.it\/fr\/#website"},"primaryImageOfPage":{"@id":"https:\/\/www.easyledstore.it\/fr\/produit\/bande-led-zigzag-haute-puissance-blanc-pur-ip65-5-metres\/#primaryimage"},"image":{"@id":"https:\/\/www.easyledstore.it\/fr\/produit\/bande-led-zigzag-haute-puissance-blanc-pur-ip65-5-metres\/#primaryimage"},"thumbnailUrl":"https:\/\/www.easyledstore.it\/wp-content\/uploads\/2025\/06\/3.jpg","datePublished":"2025-06-24T14:16:41+00:00","dateModified":"2026-03-17T13:52:22+00:00","description":"Bande LED ZigZag High Power Pure White 3000K - outdoor - pour la signalisation et la d\u00e9coration ext\u00e9rieure. Longueur : 5 m\u00e8tres","breadcrumb":{"@id":"https:\/\/www.easyledstore.it\/fr\/produit\/bande-led-zigzag-haute-puissance-blanc-pur-ip65-5-metres\/#breadcrumb"},"inLanguage":"fr-FR","potentialAction":[{"@type":"ReadAction","target":["https:\/\/www.easyledstore.it\/fr\/produit\/bande-led-zigzag-haute-puissance-blanc-pur-ip65-5-metres\/"]}]},{"@type":"ImageObject","inLanguage":"fr-FR","@id":"https:\/\/www.easyledstore.it\/fr\/produit\/bande-led-zigzag-haute-puissance-blanc-pur-ip65-5-metres\/#primaryimage","url":"https:\/\/www.easyledstore.it\/wp-content\/uploads\/2025\/06\/3.jpg","contentUrl":"https:\/\/www.easyledstore.it\/wp-content\/uploads\/2025\/06\/3.jpg","width":2000,"height":2000,"caption":"Zig Zag 7000k"},{"@type":"BreadcrumbList","@id":"https:\/\/www.easyledstore.it\/fr\/produit\/bande-led-zigzag-haute-puissance-blanc-pur-ip65-5-metres\/#breadcrumb","itemListElement":[{"@type":"ListItem","position":1,"name":"Home","item":"https:\/\/www.easyledstore.it\/fr\/modules-de-signalisation-led\/"},{"@type":"ListItem","position":2,"name":"Shop IT","item":"https:\/\/www.easyledstore.it\/fr\/boutique\/"},{"@type":"ListItem","position":3,"name":"Bande LED ZigZag Haute Puissance &#8211; Blanc pur &#8211; IP65 &#8211; 5 m\u00e8tres"}]},{"@type":"WebSite","@id":"https:\/\/www.easyledstore.it\/fr\/#website","url":"https:\/\/www.easyledstore.it\/fr\/","name":"Easyledstore","description":"Alimentatori e Moduli LED per Insegne Luminose","publisher":{"@id":"https:\/\/www.easyledstore.it\/fr\/#organization"},"potentialAction":[{"@type":"SearchAction","target":{"@type":"EntryPoint","urlTemplate":"https:\/\/www.easyledstore.it\/fr\/?s={search_term_string}"},"query-input":{"@type":"PropertyValueSpecification","valueRequired":true,"valueName":"search_term_string"}}],"inLanguage":"fr-FR"},{"@type":"Organization","@id":"https:\/\/www.easyledstore.it\/fr\/#organization","name":"LTC Lighting Trading Company srls","url":"https:\/\/www.easyledstore.it\/fr\/","logo":{"@type":"ImageObject","inLanguage":"fr-FR","@id":"https:\/\/www.easyledstore.it\/fr\/#\/schema\/logo\/image\/","url":"https:\/\/www.easyledstore.it\/wp-content\/uploads\/2018\/03\/Landscape-FullColor-2000.png","contentUrl":"https:\/\/www.easyledstore.it\/wp-content\/uploads\/2018\/03\/Landscape-FullColor-2000.png","width":2000,"height":641,"caption":"LTC Lighting Trading Company srls"},"image":{"@id":"https:\/\/www.easyledstore.it\/fr\/#\/schema\/logo\/image\/"},"sameAs":["https:\/\/www.facebook.com\/easyledstore"]}]}},"_links":{"self":[{"href":"https:\/\/www.easyledstore.it\/fr\/wp-json\/wp\/v2\/product\/11060","targetHints":{"allow":["GET"]}}],"collection":[{"href":"https:\/\/www.easyledstore.it\/fr\/wp-json\/wp\/v2\/product"}],"about":[{"href":"https:\/\/www.easyledstore.it\/fr\/wp-json\/wp\/v2\/types\/product"}],"replies":[{"embeddable":true,"href":"https:\/\/www.easyledstore.it\/fr\/wp-json\/wp\/v2\/comments?post=11060"}],"wp:featuredmedia":[{"embeddable":true,"href":"https:\/\/www.easyledstore.it\/fr\/wp-json\/wp\/v2\/media\/11061"}],"wp:attachment":[{"href":"https:\/\/www.easyledstore.it\/fr\/wp-json\/wp\/v2\/media?parent=11060"}],"wp:term":[{"taxonomy":"product_brand","embeddable":true,"href":"https:\/\/www.easyledstore.it\/fr\/wp-json\/wp\/v2\/product_brand?post=11060"},{"taxonomy":"product_cat","embeddable":true,"href":"https:\/\/www.easyledstore.it\/fr\/wp-json\/wp\/v2\/product_cat?post=11060"},{"taxonomy":"product_tag","embeddable":true,"href":"https:\/\/www.easyledstore.it\/fr\/wp-json\/wp\/v2\/product_tag?post=11060"}],"curies":[{"name":"wp","href":"https:\/\/api.w.org\/{rel}","templated":true}]}}