{"id":11048,"date":"2025-06-27T15:48:04","date_gmt":"2025-06-27T13:48:04","guid":{"rendered":"https:\/\/www.easyledstore.it\/prodotto\/mini-module-led-blanc-naturel-036w-12v-1-diode\/"},"modified":"2025-06-27T15:48:04","modified_gmt":"2025-06-27T13:48:04","slug":"mini-module-led-blanc-naturel-036w-12v-1-diode","status":"publish","type":"product","link":"https:\/\/www.easyledstore.it\/fr\/produit\/mini-module-led-blanc-naturel-036w-12v-1-diode\/","title":{"rendered":"Mini module LED blanc naturel &#8211; 0,36W &#8211; 12V &#8211; 1 diode"},"content":{"rendered":"<h2 data-start=\"306\" data-end=\"391\">Mini module LED blanc naturel 12V &#8211; Le choix compact pour un \u00e9clairage de qualit\u00e9<\/h2>\n<p data-start=\"393\" data-end=\"692\">Le <strong data-start=\"396\" data-end=\"430\">Mini Natural White 12V LED Module<\/strong> est la solution parfaite pour ceux qui recherchent une <strong data-start=\"469\" data-end=\"513\">grande luminosit\u00e9 dans un espace r\u00e9duit<\/strong>. Con\u00e7u pour des applications professionnelles et cr\u00e9atives, il offre une <strong data-start=\"579\" data-end=\"601\">lumi\u00e8re naturelle de 4000K<\/strong> id\u00e9ale pour les lettres bo\u00eetiers, les enseignes lumineuses, les d\u00e9corations et les installations de pr\u00e9cision. <\/p>\n<p data-start=\"694\" data-end=\"942\">Malgr\u00e9 ses <strong data-start=\"708\" data-end=\"744\">dimensions extr\u00eamement compactes<\/strong> (14 x 8,4 x 7,1 mm), ce module garantit des performances \u00e9tonnantes : un <strong data-start=\"817\" data-end=\"849\">angle de rayonnement de 120\u00b0-160\u00b0<\/strong>, une <strong data-start=\"851\" data-end=\"887\">consommation d&#8217;\u00e9nergie de seulement 0,36 W<\/strong> et une efficacit\u00e9 lumineuse qui met en valeur chaque d\u00e9tail.<\/p>\n<h3 data-start=\"944\" data-end=\"1010\">\u2705 Caract\u00e9ristiques techniques du mini-module LED :<\/h3>\n<ul data-start=\"1011\" data-end=\"1391\">\n<li data-start=\"1011\" data-end=\"1051\">\n<p data-start=\"1013\" data-end=\"1051\"><strong data-start=\"1015\" data-end=\"1044\">\u2705 Tension d&#8217;alimentation<\/strong>: 12V<\/p>\n<\/li>\n<li data-start=\"1052\" data-end=\"1098\">\n<p data-start=\"1054\" data-end=\"1098\"><strong data-start=\"1056\" data-end=\"1078\">Temp\u00e9rature de couleur<\/strong>: Blanc naturel 4000K<\/p>\n<\/li>\n<li data-start=\"1099\" data-end=\"1166\">\n<p data-start=\"1101\" data-end=\"1166\">\u2705 <strong data-start=\"1103\" data-end=\"1126\">Degr\u00e9 de protection<\/strong>: IP67 (r\u00e9sistant \u00e0 l&#8217;eau et \u00e0 la poussi\u00e8re)<\/p>\n<\/li>\n<li data-start=\"1167\" data-end=\"1206\">\n<p data-start=\"1169\" data-end=\"1206\"><strong data-start=\"1171\" data-end=\"1193\">Angle d&#8217;ouverture<\/strong>: 120\u00b0-160\u00b0.<\/p>\n<\/li>\n<li data-start=\"1207\" data-end=\"1244\">\n<p data-start=\"1209\" data-end=\"1244\">\u2705 <strong data-start=\"1211\" data-end=\"1228\">Nombre de LED<\/strong>: 1 par module<\/p>\n<\/li>\n<li data-start=\"1245\" data-end=\"1280\">\n<p data-start=\"1247\" data-end=\"1280\">\u2705 <strong data-start=\"1249\" data-end=\"1260\">Consommation \u00e9lectrique<\/strong>: 0,36 W par module<\/p>\n<\/li>\n<li data-start=\"1281\" data-end=\"1313\">\n<p data-start=\"1283\" data-end=\"1313\">\u2705 <strong data-start=\"1285\" data-end=\"1295\">Coupe<\/strong>: module unique<\/p>\n<\/li>\n<li data-start=\"1314\" data-end=\"1391\">\n<p data-start=\"1316\" data-end=\"1391\">\u2705 <strong data-start=\"1318\" data-end=\"1335\">Installation<\/strong>: facile avec le <strong data-start=\"1348\" data-end=\"1364\">ruban adh\u00e9sif double face 3M<\/strong><\/p>\n<\/li>\n<\/ul>\n<p data-start=\"1393\" data-end=\"1689\">Le <strong data-start=\"1396\" data-end=\"1430\">mini module LED <\/strong>est parfait pour les \u00e9paisseurs comprises entre <strong data-start=\"1459\" data-end=\"1472\">5 et 10 cm<\/strong>, ce qui le rend id\u00e9al pour les projets o\u00f9 l&#8217;espace est limit\u00e9 mais o\u00f9 la visibilit\u00e9 est primordiale. Gr\u00e2ce \u00e0 sa fiabilit\u00e9 et \u00e0 sa facilit\u00e9 de montage, il est tr\u00e8s appr\u00e9ci\u00e9 des installateurs, des concepteurs et des fabricants d&#8217;enseignes. <\/p>\n<p data-start=\"1691\" data-end=\"1861\"><strong data-start=\"1694\" data-end=\"1716\">\ud83d\udca1 Petit mais puissant<\/strong>: ne vous laissez pas tromper par la taille. Ce module offre une <strong data-start=\"1784\" data-end=\"1818\">luminosit\u00e9 homog\u00e8ne et constante<\/strong>, m\u00eame dans des conditions ambiantes difficiles. <\/p>\n<p data-start=\"1863\" data-end=\"2021\">\ud83c\udf10 Vous souhaitez en savoir plus sur nos produits LED ? Visitez notre <a class=\"cursor-pointer\" target=\"_new\" rel=\"noopener\" data-start=\"1929\" data-end=\"2020\">page sur les modules LED<\/a>. <\/p>\n<p><strong style=\"font-size: 18px;\">Suivez EasyLedStore.co.uk \u00e9galement sur les m\u00e9dias sociaux<\/strong><\/p>\n<ul style=\"list-style: none; padding: 0; font-size: 18px;\">\n<li style=\"text-align: left;\"><a href=\"https:\/\/www.instagram.com\/easyledstore.it\" target=\"_blank\" rel=\"noopener noreferrer nofollow\">Instagram &#8211; <\/a><a href=\"https:\/\/www.facebook.com\/easyledstore\" target=\"_blank\" rel=\"noopener noreferrer nofollow\">Facebook &#8211; <\/a><a href=\"https:\/\/www.tiktok.com\/@easyledstore.it\" target=\"_blank\" rel=\"noopener noreferrer nofollow\">TikTok &#8211; <\/a><a href=\"https:\/\/www.youtube.com\/@easyledstore4589\" target=\"_blank\" rel=\"noopener noreferrer nofollow\">YouTube<\/a><\/li>\n<\/ul>\n","protected":false},"excerpt":{"rendered":"<p>Mini module LED blanc naturel 12V, compact et puissant, id\u00e9al pour les enseignes et les lettres bo\u00eetiers. IP67, 4000K, facile \u00e0 installer. D\u00e9couvrez la qualit\u00e9 professionnelle.  <\/p>\n","protected":false},"featured_media":11040,"comment_status":"open","ping_status":"closed","template":"","meta":[],"product_brand":[],"product_cat":[1412,1174,1411],"product_tag":[1180,1270,1055,1405,1782,1177,1404],"class_list":{"0":"post-11048","1":"product","2":"type-product","3":"status-publish","4":"has-post-thumbnail","6":"product_cat-mini-led","7":"product_cat-modules-led","8":"product_cat-petits-modules-led","9":"product_tag-1-led","10":"product_tag-1270","11":"product_tag-12v","12":"product_tag-4000k","13":"product_tag-41-lumen","14":"product_tag-certification-ip67","15":"product_tag-lumiere-naturelle","17":"first","18":"instock","19":"taxable","20":"shipping-taxable","21":"purchasable","22":"product-type-simple"},"yoast_head":"<!-- This site is optimized with the Yoast SEO plugin v27.3 - https:\/\/yoast.com\/product\/yoast-seo-wordpress\/ -->\n<title>Mini module LED blanc naturel - 0,36W - 12V - 1 diode - Easyledstore<\/title>\n<meta name=\"description\" content=\"D\u00e9couvrez le Mini Natural White 12V LED Module : 4000K lumi\u00e8re naturelle, IP67, ultra-compact, puissant et facile \u00e0 monter. Id\u00e9al pour la signalisation et les installations cr\u00e9atives.\" \/>\n<meta name=\"robots\" content=\"index, follow, max-snippet:-1, max-image-preview:large, max-video-preview:-1\" \/>\n<link rel=\"canonical\" href=\"https:\/\/www.easyledstore.it\/fr\/produit\/mini-module-led-blanc-naturel-036w-12v-1-diode\/\" \/>\n<meta property=\"og:locale\" content=\"fr_FR\" \/>\n<meta property=\"og:type\" content=\"article\" \/>\n<meta property=\"og:title\" content=\"Mini module LED blanc naturel - 0,36W - 12V - 1 diode - Easyledstore\" \/>\n<meta property=\"og:description\" content=\"D\u00e9couvrez le Mini Natural White 12V LED Module : 4000K lumi\u00e8re naturelle, IP67, ultra-compact, puissant et facile \u00e0 monter. Id\u00e9al pour la signalisation et les installations cr\u00e9atives.\" \/>\n<meta property=\"og:url\" content=\"https:\/\/www.easyledstore.it\/fr\/produit\/mini-module-led-blanc-naturel-036w-12v-1-diode\/\" \/>\n<meta property=\"og:site_name\" content=\"Easyledstore\" \/>\n<meta property=\"article:publisher\" content=\"https:\/\/www.facebook.com\/easyledstore\" \/>\n<meta property=\"og:image\" content=\"https:\/\/www.easyledstore.it\/wp-content\/uploads\/2025\/06\/w.jpg\" \/>\n\t<meta property=\"og:image:width\" content=\"2000\" \/>\n\t<meta property=\"og:image:height\" content=\"2000\" \/>\n\t<meta property=\"og:image:type\" content=\"image\/jpeg\" \/>\n<meta name=\"twitter:card\" content=\"summary_large_image\" \/>\n<meta name=\"twitter:label1\" content=\"Dur\u00e9e de lecture estim\u00e9e\" \/>\n\t<meta name=\"twitter:data1\" content=\"1 minute\" \/>\n<!-- \/ Yoast SEO plugin. -->","yoast_head_json":{"title":"Mini module LED blanc naturel - 0,36W - 12V - 1 diode - Easyledstore","description":"D\u00e9couvrez le Mini Natural White 12V LED Module : 4000K lumi\u00e8re naturelle, IP67, ultra-compact, puissant et facile \u00e0 monter. Id\u00e9al pour la signalisation et les installations cr\u00e9atives.","robots":{"index":"index","follow":"follow","max-snippet":"max-snippet:-1","max-image-preview":"max-image-preview:large","max-video-preview":"max-video-preview:-1"},"canonical":"https:\/\/www.easyledstore.it\/fr\/produit\/mini-module-led-blanc-naturel-036w-12v-1-diode\/","og_locale":"fr_FR","og_type":"article","og_title":"Mini module LED blanc naturel - 0,36W - 12V - 1 diode - Easyledstore","og_description":"D\u00e9couvrez le Mini Natural White 12V LED Module : 4000K lumi\u00e8re naturelle, IP67, ultra-compact, puissant et facile \u00e0 monter. Id\u00e9al pour la signalisation et les installations cr\u00e9atives.","og_url":"https:\/\/www.easyledstore.it\/fr\/produit\/mini-module-led-blanc-naturel-036w-12v-1-diode\/","og_site_name":"Easyledstore","article_publisher":"https:\/\/www.facebook.com\/easyledstore","og_image":[{"width":2000,"height":2000,"url":"https:\/\/www.easyledstore.it\/wp-content\/uploads\/2025\/06\/w.jpg","type":"image\/jpeg"}],"twitter_card":"summary_large_image","twitter_misc":{"Dur\u00e9e de lecture estim\u00e9e":"1 minute"},"schema":{"@context":"https:\/\/schema.org","@graph":[{"@type":"WebPage","@id":"https:\/\/www.easyledstore.it\/fr\/produit\/mini-module-led-blanc-naturel-036w-12v-1-diode\/","url":"https:\/\/www.easyledstore.it\/fr\/produit\/mini-module-led-blanc-naturel-036w-12v-1-diode\/","name":"Mini module LED blanc naturel - 0,36W - 12V - 1 diode - Easyledstore","isPartOf":{"@id":"https:\/\/www.easyledstore.it\/fr\/#website"},"primaryImageOfPage":{"@id":"https:\/\/www.easyledstore.it\/fr\/produit\/mini-module-led-blanc-naturel-036w-12v-1-diode\/#primaryimage"},"image":{"@id":"https:\/\/www.easyledstore.it\/fr\/produit\/mini-module-led-blanc-naturel-036w-12v-1-diode\/#primaryimage"},"thumbnailUrl":"https:\/\/www.easyledstore.it\/wp-content\/uploads\/2025\/06\/w.jpg","datePublished":"2025-06-27T13:48:04+00:00","description":"D\u00e9couvrez le Mini Natural White 12V LED Module : 4000K lumi\u00e8re naturelle, IP67, ultra-compact, puissant et facile \u00e0 monter. Id\u00e9al pour la signalisation et les installations cr\u00e9atives.","breadcrumb":{"@id":"https:\/\/www.easyledstore.it\/fr\/produit\/mini-module-led-blanc-naturel-036w-12v-1-diode\/#breadcrumb"},"inLanguage":"fr-FR","potentialAction":[{"@type":"ReadAction","target":["https:\/\/www.easyledstore.it\/fr\/produit\/mini-module-led-blanc-naturel-036w-12v-1-diode\/"]}]},{"@type":"ImageObject","inLanguage":"fr-FR","@id":"https:\/\/www.easyledstore.it\/fr\/produit\/mini-module-led-blanc-naturel-036w-12v-1-diode\/#primaryimage","url":"https:\/\/www.easyledstore.it\/wp-content\/uploads\/2025\/06\/w.jpg","contentUrl":"https:\/\/www.easyledstore.it\/wp-content\/uploads\/2025\/06\/w.jpg","width":2000,"height":2000,"caption":"Led Micro White"},{"@type":"BreadcrumbList","@id":"https:\/\/www.easyledstore.it\/fr\/produit\/mini-module-led-blanc-naturel-036w-12v-1-diode\/#breadcrumb","itemListElement":[{"@type":"ListItem","position":1,"name":"Home","item":"https:\/\/www.easyledstore.it\/fr\/modules-de-signalisation-led\/"},{"@type":"ListItem","position":2,"name":"Shop IT","item":"https:\/\/www.easyledstore.it\/fr\/boutique\/"},{"@type":"ListItem","position":3,"name":"Mini module LED blanc naturel &#8211; 0,36W &#8211; 12V &#8211; 1 diode"}]},{"@type":"WebSite","@id":"https:\/\/www.easyledstore.it\/fr\/#website","url":"https:\/\/www.easyledstore.it\/fr\/","name":"Easyledstore","description":"Alimentatori e Moduli LED per Insegne Luminose","publisher":{"@id":"https:\/\/www.easyledstore.it\/fr\/#organization"},"potentialAction":[{"@type":"SearchAction","target":{"@type":"EntryPoint","urlTemplate":"https:\/\/www.easyledstore.it\/fr\/?s={search_term_string}"},"query-input":{"@type":"PropertyValueSpecification","valueRequired":true,"valueName":"search_term_string"}}],"inLanguage":"fr-FR"},{"@type":"Organization","@id":"https:\/\/www.easyledstore.it\/fr\/#organization","name":"LTC Lighting Trading Company srls","url":"https:\/\/www.easyledstore.it\/fr\/","logo":{"@type":"ImageObject","inLanguage":"fr-FR","@id":"https:\/\/www.easyledstore.it\/fr\/#\/schema\/logo\/image\/","url":"https:\/\/www.easyledstore.it\/wp-content\/uploads\/2018\/03\/Landscape-FullColor-2000.png","contentUrl":"https:\/\/www.easyledstore.it\/wp-content\/uploads\/2018\/03\/Landscape-FullColor-2000.png","width":2000,"height":641,"caption":"LTC Lighting Trading Company srls"},"image":{"@id":"https:\/\/www.easyledstore.it\/fr\/#\/schema\/logo\/image\/"},"sameAs":["https:\/\/www.facebook.com\/easyledstore"]}]}},"_links":{"self":[{"href":"https:\/\/www.easyledstore.it\/fr\/wp-json\/wp\/v2\/product\/11048","targetHints":{"allow":["GET"]}}],"collection":[{"href":"https:\/\/www.easyledstore.it\/fr\/wp-json\/wp\/v2\/product"}],"about":[{"href":"https:\/\/www.easyledstore.it\/fr\/wp-json\/wp\/v2\/types\/product"}],"replies":[{"embeddable":true,"href":"https:\/\/www.easyledstore.it\/fr\/wp-json\/wp\/v2\/comments?post=11048"}],"wp:featuredmedia":[{"embeddable":true,"href":"https:\/\/www.easyledstore.it\/fr\/wp-json\/wp\/v2\/media\/11040"}],"wp:attachment":[{"href":"https:\/\/www.easyledstore.it\/fr\/wp-json\/wp\/v2\/media?parent=11048"}],"wp:term":[{"taxonomy":"product_brand","embeddable":true,"href":"https:\/\/www.easyledstore.it\/fr\/wp-json\/wp\/v2\/product_brand?post=11048"},{"taxonomy":"product_cat","embeddable":true,"href":"https:\/\/www.easyledstore.it\/fr\/wp-json\/wp\/v2\/product_cat?post=11048"},{"taxonomy":"product_tag","embeddable":true,"href":"https:\/\/www.easyledstore.it\/fr\/wp-json\/wp\/v2\/product_tag?post=11048"}],"curies":[{"name":"wp","href":"https:\/\/api.w.org\/{rel}","templated":true}]}}