{"id":11025,"date":"2025-07-10T15:44:48","date_gmt":"2025-07-10T13:44:48","guid":{"rendered":"https:\/\/www.easyledstore.it\/prodotto\/controleur-led-rgbw-12-24v-avec-telecommande-ir\/"},"modified":"2025-07-10T15:44:48","modified_gmt":"2025-07-10T13:44:48","slug":"controleur-led-rgbw-12-24v-avec-telecommande-ir","status":"publish","type":"product","link":"https:\/\/www.easyledstore.it\/fr\/produit\/controleur-led-rgbw-12-24v-avec-telecommande-ir\/","title":{"rendered":"Contr\u00f4leur LED RGBW 12-24V avec t\u00e9l\u00e9commande IR"},"content":{"rendered":"<p data-start=\"515\" data-end=\"885\">Le <strong data-start=\"518\" data-end=\"567\">contr\u00f4leur LED RGBW 12-24V avec t\u00e9l\u00e9commande IR<\/strong> est la solution id\u00e9ale pour ceux qui souhaitent contr\u00f4ler compl\u00e8tement les bandes LED RGB+W \u00e0 4 canaux. Cet appareil permet de g\u00e9rer ind\u00e9pendamment les composants RVB et blanc (W), ce qui permet d&#8217;obtenir une gamme compl\u00e8te d&#8217;effets d&#8217;\u00e9clairage, de r\u00e9glages de couleurs, d&#8217;intensit\u00e9s et de transitions. <\/p>\n<p data-start=\"887\" data-end=\"1337\">Il prend en charge une large gamme d&#8217;alimentation en courant continu de 12 \u00e0 24 V et est compatible avec les installations professionnelles et d\u00e9coratives. Le contr\u00f4leur g\u00e8re jusqu&#8217;\u00e0 4 canaux avec une charge maximale de 2A par canal, ce qui garantit des performances stables et efficaces. La t\u00e9l\u00e9commande IR pratique fournie offre plus de 20 modes statiques et dynamiques : des simples changements de couleur aux effets de fondu, de flash, de saut et d&#8217;auto, ainsi que la possibilit\u00e9 de r\u00e9gler la vitesse et la luminosit\u00e9.  <\/p>\n<p data-start=\"1339\" data-end=\"1550\">La fonction de sortie CMOS \u00e0 drain ouvert et le mode de connexion \u00e0 anode commune rendent ce <strong data-start=\"1440\" data-end=\"1489\">contr\u00f4leur LED RGBW 12-24V avec t\u00e9l\u00e9commande IR<\/strong> extr\u00eamement polyvalent et adapt\u00e9 aux bandes LED RGBW standard.<\/p>\n<p data-start=\"1552\" data-end=\"1758\">Gr\u00e2ce \u00e0 son design compact (50x35x23 mm) et \u00e0 son mat\u00e9riau durable, il s&#8217;int\u00e8gre facilement dans n&#8217;importe quelle installation. Des indications claires sur le panneau rendent la connexion simple et s\u00fbre. <\/p>\n<p data-start=\"1760\" data-end=\"1972\">Si vous recherchez un contr\u00f4leur de LED fiable, fonctionnel et facile \u00e0 utiliser, le <strong data-start=\"1840\" data-end=\"1889\">contr\u00f4leur RGBW <\/strong> est le choix id\u00e9al pour personnaliser votre \u00e9clairage avec style et pr\u00e9cision.<\/p>\n<p><strong style=\"font-size: 18px;\">Suivez EasyLedStore.co.uk \u00e9galement sur les m\u00e9dias sociaux<\/strong><\/p>\n<ul style=\"list-style: none; padding: 0; font-size: 18px;\">\n<li style=\"text-align: left;\"><a href=\"https:\/\/www.instagram.com\/easyledstore.it\" target=\"_blank\" rel=\"noopener noreferrer nofollow\">Instagram &#8211; <\/a><a href=\"https:\/\/www.facebook.com\/easyledstore\" target=\"_blank\" rel=\"noopener noreferrer nofollow\">Facebook &#8211; <\/a><a href=\"https:\/\/www.tiktok.com\/@easyledstore.it\" target=\"_blank\" rel=\"noopener noreferrer nofollow\">TikTok &#8211; <\/a><a href=\"https:\/\/www.youtube.com\/@easyledstore4589\" target=\"_blank\" rel=\"noopener noreferrer nofollow\">YouTube<\/a><\/li>\n<\/ul>\n","protected":false},"excerpt":{"rendered":"<p>Contr\u00f4leur LED RGBW 12-24V avec t\u00e9l\u00e9commande IR, id\u00e9al pour un contr\u00f4le complet des bandes lumineuses \u00e0 4 canaux. R\u00e9glez les couleurs, la luminosit\u00e9 et les effets dynamiques en toute simplicit\u00e9 gr\u00e2ce \u00e0 la t\u00e9l\u00e9commande pratique fournie. <\/p>\n<p><strong style=\"font-size: 18px;\">Suivez EasyLedStore.co.uk \u00e9galement sur les m\u00e9dias sociaux<\/strong><\/p>\n<ul style=\"list-style: none; padding: 0; font-size: 18px;\">\n<li style=\"text-align: left;\"><a href=\"https:\/\/www.instagram.com\/easyledstore.it\" target=\"_blank\" rel=\"noopener\">Instagram &#8211; <\/a><a href=\"https:\/\/www.facebook.com\/easyledstore\" target=\"_blank\" rel=\"noopener\">Facebook &#8211; <\/a><a href=\"https:\/\/www.tiktok.com\/@easyledstore.it\" target=\"_blank\" rel=\"noopener\">TikTok &#8211; <\/a><a href=\"https:\/\/www.youtube.com\/@easyledstore4589\" target=\"_blank\" rel=\"noopener\">YouTube<\/a><\/li>\n<\/ul>\n<p>&nbsp;<\/p>\n","protected":false},"featured_media":11029,"comment_status":"open","ping_status":"closed","template":"","meta":[],"product_brand":[],"product_cat":[1756,1280],"product_tag":[1055,1224,1223],"class_list":{"0":"post-11025","1":"product","2":"type-product","3":"status-publish","4":"has-post-thumbnail","6":"product_cat-controleur","7":"product_cat-unites-de-controle","8":"product_tag-12v","9":"product_tag-24v","10":"product_tag-rvb","12":"first","13":"instock","14":"taxable","15":"shipping-taxable","16":"purchasable","17":"product-type-simple"},"yoast_head":"<!-- This site is optimized with the Yoast SEO plugin v27.3 - https:\/\/yoast.com\/product\/yoast-seo-wordpress\/ -->\n<title>Contr\u00f4leur LED RGBW 12-24V avec t\u00e9l\u00e9commande IR - Easyledstore<\/title>\n<meta name=\"description\" content=\"Contr\u00f4leur LED RGBW 12-24V avec t\u00e9l\u00e9commande IR. Contr\u00f4lez les couleurs, les effets et la luminosit\u00e9 des bandes LED RGBW avec facilit\u00e9 et pr\u00e9cision.\" \/>\n<meta name=\"robots\" content=\"index, follow, max-snippet:-1, max-image-preview:large, max-video-preview:-1\" \/>\n<link rel=\"canonical\" href=\"https:\/\/www.easyledstore.it\/fr\/produit\/controleur-led-rgbw-12-24v-avec-telecommande-ir\/\" \/>\n<meta property=\"og:locale\" content=\"fr_FR\" \/>\n<meta property=\"og:type\" content=\"article\" \/>\n<meta property=\"og:title\" content=\"Contr\u00f4leur LED RGBW 12-24V avec t\u00e9l\u00e9commande IR - Easyledstore\" \/>\n<meta property=\"og:description\" content=\"Contr\u00f4leur LED RGBW 12-24V avec t\u00e9l\u00e9commande IR. Contr\u00f4lez les couleurs, les effets et la luminosit\u00e9 des bandes LED RGBW avec facilit\u00e9 et pr\u00e9cision.\" \/>\n<meta property=\"og:url\" content=\"https:\/\/www.easyledstore.it\/fr\/produit\/controleur-led-rgbw-12-24v-avec-telecommande-ir\/\" \/>\n<meta property=\"og:site_name\" content=\"Easyledstore\" \/>\n<meta property=\"article:publisher\" content=\"https:\/\/www.facebook.com\/easyledstore\" \/>\n<meta property=\"og:image\" content=\"https:\/\/www.easyledstore.it\/wp-content\/uploads\/2025\/07\/2-1.jpg\" \/>\n\t<meta property=\"og:image:width\" content=\"2000\" \/>\n\t<meta property=\"og:image:height\" content=\"2000\" \/>\n\t<meta property=\"og:image:type\" content=\"image\/jpeg\" \/>\n<meta name=\"twitter:card\" content=\"summary_large_image\" \/>\n<meta name=\"twitter:label1\" content=\"Dur\u00e9e de lecture estim\u00e9e\" \/>\n\t<meta name=\"twitter:data1\" content=\"1 minute\" \/>\n<!-- \/ Yoast SEO plugin. -->","yoast_head_json":{"title":"Contr\u00f4leur LED RGBW 12-24V avec t\u00e9l\u00e9commande IR - Easyledstore","description":"Contr\u00f4leur LED RGBW 12-24V avec t\u00e9l\u00e9commande IR. Contr\u00f4lez les couleurs, les effets et la luminosit\u00e9 des bandes LED RGBW avec facilit\u00e9 et pr\u00e9cision.","robots":{"index":"index","follow":"follow","max-snippet":"max-snippet:-1","max-image-preview":"max-image-preview:large","max-video-preview":"max-video-preview:-1"},"canonical":"https:\/\/www.easyledstore.it\/fr\/produit\/controleur-led-rgbw-12-24v-avec-telecommande-ir\/","og_locale":"fr_FR","og_type":"article","og_title":"Contr\u00f4leur LED RGBW 12-24V avec t\u00e9l\u00e9commande IR - Easyledstore","og_description":"Contr\u00f4leur LED RGBW 12-24V avec t\u00e9l\u00e9commande IR. Contr\u00f4lez les couleurs, les effets et la luminosit\u00e9 des bandes LED RGBW avec facilit\u00e9 et pr\u00e9cision.","og_url":"https:\/\/www.easyledstore.it\/fr\/produit\/controleur-led-rgbw-12-24v-avec-telecommande-ir\/","og_site_name":"Easyledstore","article_publisher":"https:\/\/www.facebook.com\/easyledstore","og_image":[{"width":2000,"height":2000,"url":"https:\/\/www.easyledstore.it\/wp-content\/uploads\/2025\/07\/2-1.jpg","type":"image\/jpeg"}],"twitter_card":"summary_large_image","twitter_misc":{"Dur\u00e9e de lecture estim\u00e9e":"1 minute"},"schema":{"@context":"https:\/\/schema.org","@graph":[{"@type":"WebPage","@id":"https:\/\/www.easyledstore.it\/fr\/produit\/controleur-led-rgbw-12-24v-avec-telecommande-ir\/","url":"https:\/\/www.easyledstore.it\/fr\/produit\/controleur-led-rgbw-12-24v-avec-telecommande-ir\/","name":"Contr\u00f4leur LED RGBW 12-24V avec t\u00e9l\u00e9commande IR - Easyledstore","isPartOf":{"@id":"https:\/\/www.easyledstore.it\/fr\/#website"},"primaryImageOfPage":{"@id":"https:\/\/www.easyledstore.it\/fr\/produit\/controleur-led-rgbw-12-24v-avec-telecommande-ir\/#primaryimage"},"image":{"@id":"https:\/\/www.easyledstore.it\/fr\/produit\/controleur-led-rgbw-12-24v-avec-telecommande-ir\/#primaryimage"},"thumbnailUrl":"https:\/\/www.easyledstore.it\/wp-content\/uploads\/2025\/07\/2-1.jpg","datePublished":"2025-07-10T13:44:48+00:00","description":"Contr\u00f4leur LED RGBW 12-24V avec t\u00e9l\u00e9commande IR. Contr\u00f4lez les couleurs, les effets et la luminosit\u00e9 des bandes LED RGBW avec facilit\u00e9 et pr\u00e9cision.","breadcrumb":{"@id":"https:\/\/www.easyledstore.it\/fr\/produit\/controleur-led-rgbw-12-24v-avec-telecommande-ir\/#breadcrumb"},"inLanguage":"fr-FR","potentialAction":[{"@type":"ReadAction","target":["https:\/\/www.easyledstore.it\/fr\/produit\/controleur-led-rgbw-12-24v-avec-telecommande-ir\/"]}]},{"@type":"ImageObject","inLanguage":"fr-FR","@id":"https:\/\/www.easyledstore.it\/fr\/produit\/controleur-led-rgbw-12-24v-avec-telecommande-ir\/#primaryimage","url":"https:\/\/www.easyledstore.it\/wp-content\/uploads\/2025\/07\/2-1.jpg","contentUrl":"https:\/\/www.easyledstore.it\/wp-content\/uploads\/2025\/07\/2-1.jpg","width":2000,"height":2000,"caption":"Controller RGBW LED 12-24V con Telecomando IR"},{"@type":"BreadcrumbList","@id":"https:\/\/www.easyledstore.it\/fr\/produit\/controleur-led-rgbw-12-24v-avec-telecommande-ir\/#breadcrumb","itemListElement":[{"@type":"ListItem","position":1,"name":"Home","item":"https:\/\/www.easyledstore.it\/fr\/modules-de-signalisation-led\/"},{"@type":"ListItem","position":2,"name":"Shop IT","item":"https:\/\/www.easyledstore.it\/fr\/boutique\/"},{"@type":"ListItem","position":3,"name":"Contr\u00f4leur LED RGBW 12-24V avec t\u00e9l\u00e9commande IR"}]},{"@type":"WebSite","@id":"https:\/\/www.easyledstore.it\/fr\/#website","url":"https:\/\/www.easyledstore.it\/fr\/","name":"Easyledstore","description":"Alimentatori e Moduli LED per Insegne Luminose","publisher":{"@id":"https:\/\/www.easyledstore.it\/fr\/#organization"},"potentialAction":[{"@type":"SearchAction","target":{"@type":"EntryPoint","urlTemplate":"https:\/\/www.easyledstore.it\/fr\/?s={search_term_string}"},"query-input":{"@type":"PropertyValueSpecification","valueRequired":true,"valueName":"search_term_string"}}],"inLanguage":"fr-FR"},{"@type":"Organization","@id":"https:\/\/www.easyledstore.it\/fr\/#organization","name":"LTC Lighting Trading Company srls","url":"https:\/\/www.easyledstore.it\/fr\/","logo":{"@type":"ImageObject","inLanguage":"fr-FR","@id":"https:\/\/www.easyledstore.it\/fr\/#\/schema\/logo\/image\/","url":"https:\/\/www.easyledstore.it\/wp-content\/uploads\/2018\/03\/Landscape-FullColor-2000.png","contentUrl":"https:\/\/www.easyledstore.it\/wp-content\/uploads\/2018\/03\/Landscape-FullColor-2000.png","width":2000,"height":641,"caption":"LTC Lighting Trading Company srls"},"image":{"@id":"https:\/\/www.easyledstore.it\/fr\/#\/schema\/logo\/image\/"},"sameAs":["https:\/\/www.facebook.com\/easyledstore"]}]}},"_links":{"self":[{"href":"https:\/\/www.easyledstore.it\/fr\/wp-json\/wp\/v2\/product\/11025","targetHints":{"allow":["GET"]}}],"collection":[{"href":"https:\/\/www.easyledstore.it\/fr\/wp-json\/wp\/v2\/product"}],"about":[{"href":"https:\/\/www.easyledstore.it\/fr\/wp-json\/wp\/v2\/types\/product"}],"replies":[{"embeddable":true,"href":"https:\/\/www.easyledstore.it\/fr\/wp-json\/wp\/v2\/comments?post=11025"}],"wp:featuredmedia":[{"embeddable":true,"href":"https:\/\/www.easyledstore.it\/fr\/wp-json\/wp\/v2\/media\/11029"}],"wp:attachment":[{"href":"https:\/\/www.easyledstore.it\/fr\/wp-json\/wp\/v2\/media?parent=11025"}],"wp:term":[{"taxonomy":"product_brand","embeddable":true,"href":"https:\/\/www.easyledstore.it\/fr\/wp-json\/wp\/v2\/product_brand?post=11025"},{"taxonomy":"product_cat","embeddable":true,"href":"https:\/\/www.easyledstore.it\/fr\/wp-json\/wp\/v2\/product_cat?post=11025"},{"taxonomy":"product_tag","embeddable":true,"href":"https:\/\/www.easyledstore.it\/fr\/wp-json\/wp\/v2\/product_tag?post=11025"}],"curies":[{"name":"wp","href":"https:\/\/api.w.org\/{rel}","templated":true}]}}