{"id":11003,"date":"2025-07-10T14:40:15","date_gmt":"2025-07-10T12:40:15","guid":{"rendered":"https:\/\/www.easyledstore.it\/prodotto\/controleur-de-pixels-bluetooth-led-rgb-5-24v-avec-telecommande\/"},"modified":"2026-04-07T08:10:10","modified_gmt":"2026-04-07T06:10:10","slug":"controleur-de-pixels-bluetooth-led-rgb-5-24v-avec-telecommande","status":"publish","type":"product","link":"https:\/\/www.easyledstore.it\/fr\/produit\/controleur-de-pixels-bluetooth-led-rgb-5-24v-avec-telecommande\/","title":{"rendered":"Contr\u00f4leur de pixels Bluetooth LED RGB 5-24V avec t\u00e9l\u00e9commande"},"content":{"rendered":"<p data-start=\"160\" data-end=\"452\">Le <strong data-start=\"163\" data-end=\"193\">contr\u00f4leur de pixels Bluetooth<\/strong> est la solution id\u00e9ale pour g\u00e9rer les bandes de LED RVB num\u00e9riques (WS2811, WS2812B) avec facilit\u00e9 et pr\u00e9cision. Compatible avec les alimentations DC de 5V \u00e0 24V, ce contr\u00f4leur compact prend en charge jusqu&#8217;\u00e0 2048 pixels, offrant plus de 300 effets dynamiques personnalisables. <\/p>\n<p data-start=\"454\" data-end=\"765\">Avec ses deux modes de contr\u00f4le &#8211; via l&#8217;<strong data-start=\"505\" data-end=\"522\">application Bluetooth<\/strong> ou la <strong data-start=\"525\" data-end=\"552\">t\u00e9l\u00e9commande RF sans fil<\/strong> &#8211; le <strong data-start=\"558\" data-end=\"588\">contr\u00f4leur Pixel Bluetooth<\/strong> offre une exp\u00e9rience utilisateur intuitive et polyvalente. Vous pouvez r\u00e9gler les couleurs, la vitesse et la luminosit\u00e9 directement depuis votre smartphone, avec une connexion automatique en quelques secondes. <\/p>\n<p data-start=\"767\" data-end=\"969\">Fabriqu\u00e9 en plastique ABS durable et \u00e9quip\u00e9 d&#8217;un connecteur \u00e0 3 broches, le <strong data-start=\"840\" data-end=\"870\">contr\u00f4leur de pixels Bluetooth<\/strong> est parfait pour les enseignes lumineuses, les installations d\u00e9coratives et les projets LED professionnels ou cr\u00e9atifs.<\/p>\n<p data-start=\"135\" data-end=\"159\"><strong data-start=\"135\" data-end=\"159\">Caract\u00e9ristiques techniques :<\/strong><\/p>\n<ul data-start=\"161\" data-end=\"766\">\n<li data-start=\"161\" data-end=\"283\">\n<p data-start=\"163\" data-end=\"283\"><strong data-start=\"163\" data-end=\"181\">Compatibilit\u00e9 :<\/strong> convient uniquement aux bandes LED RVB num\u00e9riques (type WS2811 \/ WS2812B) avec une tension de 5V \u00e0 24V.<\/p>\n<\/li>\n<li data-start=\"284\" data-end=\"352\">\n<p data-start=\"286\" data-end=\"352\"><strong data-start=\"286\" data-end=\"311\">Syst\u00e8me de contr\u00f4le :<\/strong> via l&#8217;application Bluetooth et la t\u00e9l\u00e9commande RF<\/p>\n<\/li>\n<li data-start=\"353\" data-end=\"384\">\n<p data-start=\"355\" data-end=\"384\"><strong data-start=\"355\" data-end=\"373\">Alimentation :<\/strong> DC 5-24V<\/p>\n<\/li>\n<li data-start=\"385\" data-end=\"423\">\n<p data-start=\"387\" data-end=\"423\"><strong data-start=\"387\" data-end=\"415\">Connecteur de bande LED :<\/strong> 3 broches<\/p>\n<\/li>\n<li data-start=\"424\" data-end=\"453\">\n<p data-start=\"426\" data-end=\"453\"><strong data-start=\"426\" data-end=\"446\">Consommation \u00e9lectrique statique :<\/strong> &lt; 1W<\/p>\n<\/li>\n<li data-start=\"454\" data-end=\"494\">\n<p data-start=\"456\" data-end=\"494\"><strong data-start=\"456\" data-end=\"487\">Courant de sortie maximal :<\/strong> &lt; 6A<\/p>\n<\/li>\n<li data-start=\"495\" data-end=\"570\">\n<p data-start=\"497\" data-end=\"522\"><strong data-start=\"497\" data-end=\"520\">Puissance prise en charge :<\/strong><\/p>\n<ul data-start=\"525\" data-end=\"570\">\n<li data-start=\"525\" data-end=\"537\">\n<p data-start=\"527\" data-end=\"537\">5V \/ 30W<\/p>\n<\/li>\n<li data-start=\"540\" data-end=\"553\">\n<p data-start=\"542\" data-end=\"553\">12V \/ 72W<\/p>\n<\/li>\n<li data-start=\"556\" data-end=\"570\">\n<p data-start=\"558\" data-end=\"570\">24V \/ 144W<\/p>\n<\/li>\n<\/ul>\n<\/li>\n<li data-start=\"571\" data-end=\"614\">\n<p data-start=\"573\" data-end=\"614\"><strong data-start=\"573\" data-end=\"594\">Pixels pris en charge :<\/strong> jusqu&#8217;\u00e0 2048 pixels<\/p>\n<\/li>\n<li data-start=\"615\" data-end=\"644\">\n<p data-start=\"617\" data-end=\"644\"><strong data-start=\"617\" data-end=\"636\">Longueur du c\u00e2ble :<\/strong> 15 cm<\/p>\n<\/li>\n<li data-start=\"645\" data-end=\"698\">\n<p data-start=\"647\" data-end=\"698\"><strong data-start=\"647\" data-end=\"661\">Mat\u00e9riau :<\/strong> plastique ABS r\u00e9sistant et durable<\/p>\n<\/li>\n<li data-start=\"699\" data-end=\"766\">\n<p data-start=\"701\" data-end=\"766\"><strong data-start=\"701\" data-end=\"732\">Contenu du paquet :<\/strong> 1 contr\u00f4leur + 1 t\u00e9l\u00e9commande RF<\/p>\n<\/li>\n<\/ul>\n<p data-start=\"768\" data-end=\"785\"><strong data-start=\"768\" data-end=\"785\">Fonctionnalit\u00e9 :<\/strong><\/p>\n<ul data-start=\"787\" data-end=\"1109\">\n<li data-start=\"787\" data-end=\"863\">\n<p data-start=\"789\" data-end=\"863\">Contr\u00f4le rapide et facile via l&#8217;application Bluetooth ou la t\u00e9l\u00e9commande sans fil<\/p>\n<\/li>\n<li data-start=\"864\" data-end=\"907\">\n<p data-start=\"866\" data-end=\"907\">Connexion automatique en quelques secondes<\/p>\n<\/li>\n<li data-start=\"908\" data-end=\"951\">\n<p data-start=\"910\" data-end=\"951\">Plus de 300 effets de lumi\u00e8re pr\u00e9d\u00e9finis<\/p>\n<\/li>\n<li data-start=\"952\" data-end=\"1022\">\n<p data-start=\"954\" data-end=\"1022\">R\u00e9glage de la couleur, de la luminosit\u00e9 et de la vitesse directement \u00e0 partir de l&#8217;application<\/p>\n<\/li>\n<li data-start=\"1023\" data-end=\"1109\">\n<p data-start=\"1025\" data-end=\"1109\">Id\u00e9al pour les enseignes LED, les bandes num\u00e9riques, les installations lumineuses et les projets cr\u00e9atifs<\/p>\n<\/li>\n<\/ul>\n<p><strong style=\"font-size: 18px;\">Suivez EasyLedStore.co.uk \u00e9galement sur les m\u00e9dias sociaux<\/strong><\/p>\n<ul style=\"list-style: none; padding: 0; font-size: 18px;\">\n<li style=\"text-align: left;\"><a href=\"https:\/\/www.instagram.com\/easyledstore.it\" target=\"_blank\" rel=\"noopener noreferrer nofollow\">Instagram &#8211; <\/a><a href=\"https:\/\/www.facebook.com\/easyledstore\" target=\"_blank\" rel=\"noopener noreferrer nofollow\">Facebook &#8211; <\/a><a href=\"https:\/\/www.tiktok.com\/@easyledstore.it\" target=\"_blank\" rel=\"noopener noreferrer nofollow\">TikTok &#8211; <\/a><a href=\"https:\/\/www.youtube.com\/@easyledstore4589\" target=\"_blank\" rel=\"noopener noreferrer nofollow\">YouTube<\/a><\/li>\n<\/ul>\n","protected":false},"excerpt":{"rendered":"<p data-start=\"160\" data-end=\"452\">Le <strong data-start=\"163\" data-end=\"193\">contr\u00f4leur de pixels Bluetooth<\/strong> est la solution id\u00e9ale pour g\u00e9rer les bandes de LED RVB num\u00e9riques (WS2811, WS2812B) avec facilit\u00e9 et pr\u00e9cision. Compatible avec les alimentations DC de 5V \u00e0 24V, ce contr\u00f4leur compact prend en charge jusqu&#8217;\u00e0 2048 pixels, offrant plus de 300 effets dynamiques personnalisables. <\/p>\n<p data-start=\"454\" data-end=\"765\">Avec ses deux modes de contr\u00f4le &#8211; via l&#8217;<strong data-start=\"505\" data-end=\"522\">application Bluetooth<\/strong> ou la <strong data-start=\"525\" data-end=\"552\">t\u00e9l\u00e9commande RF sans fil<\/strong> &#8211; le <strong data-start=\"558\" data-end=\"588\">contr\u00f4leur Pixel Bluetooth<\/strong> offre une exp\u00e9rience utilisateur intuitive et polyvalente. Vous pouvez r\u00e9gler les couleurs, la vitesse et la luminosit\u00e9 directement depuis votre smartphone, avec une connexion automatique en quelques secondes. <\/p>\n<p data-start=\"767\" data-end=\"969\">Fabriqu\u00e9 en plastique ABS durable et \u00e9quip\u00e9 d&#8217;un connecteur \u00e0 3 broches, le <strong data-start=\"840\" data-end=\"870\">contr\u00f4leur de pixels Bluetooth<\/strong> est parfait pour les enseignes lumineuses, les installations d\u00e9coratives et les projets LED professionnels ou cr\u00e9atifs.<\/p>\n<p><strong style=\"font-size: 18px;\">Suivez EasyLedStore.co.uk \u00e9galement sur les m\u00e9dias sociaux<\/strong><\/p>\n<ul style=\"list-style: none; padding: 0; font-size: 18px;\">\n<li style=\"text-align: left;\"><a href=\"https:\/\/www.instagram.com\/easyledstore.it\" target=\"_blank\" rel=\"noopener\">Instagram &#8211; <\/a><a href=\"https:\/\/www.facebook.com\/easyledstore\" target=\"_blank\" rel=\"noopener\">Facebook &#8211; <\/a><a href=\"https:\/\/www.tiktok.com\/@easyledstore.it\" target=\"_blank\" rel=\"noopener\">TikTok &#8211; <\/a><a href=\"https:\/\/www.youtube.com\/@easyledstore4589\" target=\"_blank\" rel=\"noopener\">YouTube<\/a><\/li>\n<\/ul>\n","protected":false},"featured_media":11011,"comment_status":"open","ping_status":"closed","template":"","meta":[],"product_brand":[],"product_cat":[1756,1280],"product_tag":[1055,1224,1332,1282,1223],"class_list":{"0":"post-11003","1":"product","2":"type-product","3":"status-publish","4":"has-post-thumbnail","6":"product_cat-controleur","7":"product_cat-unites-de-controle","8":"product_tag-12v","9":"product_tag-24v","10":"product_tag-5v","11":"product_tag-dc-5v-12v-24v","12":"product_tag-rvb","14":"first","15":"instock","16":"taxable","17":"shipping-taxable","18":"purchasable","19":"product-type-simple"},"yoast_head":"<!-- This site is optimized with the Yoast SEO plugin v27.3 - https:\/\/yoast.com\/product\/yoast-seo-wordpress\/ -->\n<title>Contr\u00f4leur de pixels Bluetooth LED RGB 5-24V avec t\u00e9l\u00e9commande - Easyledstore<\/title>\n<meta name=\"description\" content=\"Contr\u00f4lez jusqu&#039;\u00e0 2048 pixels LED avec le contr\u00f4leur de pixels Bluetooth. Compatible avec les bandes WS2811\/WS2812B, offrant un contr\u00f4le via l&#039;APP et la t\u00e9l\u00e9commande.\" \/>\n<meta name=\"robots\" content=\"index, follow, max-snippet:-1, max-image-preview:large, max-video-preview:-1\" \/>\n<link rel=\"canonical\" href=\"https:\/\/www.easyledstore.it\/fr\/produit\/controleur-de-pixels-bluetooth-led-rgb-5-24v-avec-telecommande\/\" \/>\n<meta property=\"og:locale\" content=\"fr_FR\" \/>\n<meta property=\"og:type\" content=\"article\" \/>\n<meta property=\"og:title\" content=\"Contr\u00f4leur de pixels Bluetooth LED RGB 5-24V avec t\u00e9l\u00e9commande - Easyledstore\" \/>\n<meta property=\"og:description\" content=\"Contr\u00f4lez jusqu&#039;\u00e0 2048 pixels LED avec le contr\u00f4leur de pixels Bluetooth. Compatible avec les bandes WS2811\/WS2812B, offrant un contr\u00f4le via l&#039;APP et la t\u00e9l\u00e9commande.\" \/>\n<meta property=\"og:url\" content=\"https:\/\/www.easyledstore.it\/fr\/produit\/controleur-de-pixels-bluetooth-led-rgb-5-24v-avec-telecommande\/\" \/>\n<meta property=\"og:site_name\" content=\"Easyledstore\" \/>\n<meta property=\"article:publisher\" content=\"https:\/\/www.facebook.com\/easyledstore\" \/>\n<meta property=\"article:modified_time\" content=\"2026-04-07T06:10:10+00:00\" \/>\n<meta property=\"og:image\" content=\"https:\/\/www.easyledstore.it\/wp-content\/uploads\/2025\/07\/C-1.jpg\" \/>\n\t<meta property=\"og:image:width\" content=\"2000\" \/>\n\t<meta property=\"og:image:height\" content=\"2000\" \/>\n\t<meta property=\"og:image:type\" content=\"image\/jpeg\" \/>\n<meta name=\"twitter:card\" content=\"summary_large_image\" \/>\n<meta name=\"twitter:label1\" content=\"Dur\u00e9e de lecture estim\u00e9e\" \/>\n\t<meta name=\"twitter:data1\" content=\"2 minutes\" \/>\n<!-- \/ Yoast SEO plugin. -->","yoast_head_json":{"title":"Contr\u00f4leur de pixels Bluetooth LED RGB 5-24V avec t\u00e9l\u00e9commande - Easyledstore","description":"Contr\u00f4lez jusqu'\u00e0 2048 pixels LED avec le contr\u00f4leur de pixels Bluetooth. Compatible avec les bandes WS2811\/WS2812B, offrant un contr\u00f4le via l'APP et la t\u00e9l\u00e9commande.","robots":{"index":"index","follow":"follow","max-snippet":"max-snippet:-1","max-image-preview":"max-image-preview:large","max-video-preview":"max-video-preview:-1"},"canonical":"https:\/\/www.easyledstore.it\/fr\/produit\/controleur-de-pixels-bluetooth-led-rgb-5-24v-avec-telecommande\/","og_locale":"fr_FR","og_type":"article","og_title":"Contr\u00f4leur de pixels Bluetooth LED RGB 5-24V avec t\u00e9l\u00e9commande - Easyledstore","og_description":"Contr\u00f4lez jusqu'\u00e0 2048 pixels LED avec le contr\u00f4leur de pixels Bluetooth. Compatible avec les bandes WS2811\/WS2812B, offrant un contr\u00f4le via l'APP et la t\u00e9l\u00e9commande.","og_url":"https:\/\/www.easyledstore.it\/fr\/produit\/controleur-de-pixels-bluetooth-led-rgb-5-24v-avec-telecommande\/","og_site_name":"Easyledstore","article_publisher":"https:\/\/www.facebook.com\/easyledstore","article_modified_time":"2026-04-07T06:10:10+00:00","og_image":[{"width":2000,"height":2000,"url":"https:\/\/www.easyledstore.it\/wp-content\/uploads\/2025\/07\/C-1.jpg","type":"image\/jpeg"}],"twitter_card":"summary_large_image","twitter_misc":{"Dur\u00e9e de lecture estim\u00e9e":"2 minutes"},"schema":{"@context":"https:\/\/schema.org","@graph":[{"@type":"WebPage","@id":"https:\/\/www.easyledstore.it\/fr\/produit\/controleur-de-pixels-bluetooth-led-rgb-5-24v-avec-telecommande\/","url":"https:\/\/www.easyledstore.it\/fr\/produit\/controleur-de-pixels-bluetooth-led-rgb-5-24v-avec-telecommande\/","name":"Contr\u00f4leur de pixels Bluetooth LED RGB 5-24V avec t\u00e9l\u00e9commande - Easyledstore","isPartOf":{"@id":"https:\/\/www.easyledstore.it\/fr\/#website"},"primaryImageOfPage":{"@id":"https:\/\/www.easyledstore.it\/fr\/produit\/controleur-de-pixels-bluetooth-led-rgb-5-24v-avec-telecommande\/#primaryimage"},"image":{"@id":"https:\/\/www.easyledstore.it\/fr\/produit\/controleur-de-pixels-bluetooth-led-rgb-5-24v-avec-telecommande\/#primaryimage"},"thumbnailUrl":"https:\/\/www.easyledstore.it\/wp-content\/uploads\/2025\/07\/C-1.jpg","datePublished":"2025-07-10T12:40:15+00:00","dateModified":"2026-04-07T06:10:10+00:00","description":"Contr\u00f4lez jusqu'\u00e0 2048 pixels LED avec le contr\u00f4leur de pixels Bluetooth. Compatible avec les bandes WS2811\/WS2812B, offrant un contr\u00f4le via l'APP et la t\u00e9l\u00e9commande.","breadcrumb":{"@id":"https:\/\/www.easyledstore.it\/fr\/produit\/controleur-de-pixels-bluetooth-led-rgb-5-24v-avec-telecommande\/#breadcrumb"},"inLanguage":"fr-FR","potentialAction":[{"@type":"ReadAction","target":["https:\/\/www.easyledstore.it\/fr\/produit\/controleur-de-pixels-bluetooth-led-rgb-5-24v-avec-telecommande\/"]}]},{"@type":"ImageObject","inLanguage":"fr-FR","@id":"https:\/\/www.easyledstore.it\/fr\/produit\/controleur-de-pixels-bluetooth-led-rgb-5-24v-avec-telecommande\/#primaryimage","url":"https:\/\/www.easyledstore.it\/wp-content\/uploads\/2025\/07\/C-1.jpg","contentUrl":"https:\/\/www.easyledstore.it\/wp-content\/uploads\/2025\/07\/C-1.jpg","width":2000,"height":2000,"caption":"Bluetooth Pixel Controller LED RGB 5-24V Con Telecomando"},{"@type":"BreadcrumbList","@id":"https:\/\/www.easyledstore.it\/fr\/produit\/controleur-de-pixels-bluetooth-led-rgb-5-24v-avec-telecommande\/#breadcrumb","itemListElement":[{"@type":"ListItem","position":1,"name":"Home","item":"https:\/\/www.easyledstore.it\/fr\/modules-de-signalisation-led\/"},{"@type":"ListItem","position":2,"name":"Shop IT","item":"https:\/\/www.easyledstore.it\/fr\/boutique\/"},{"@type":"ListItem","position":3,"name":"Contr\u00f4leur de pixels Bluetooth LED RGB 5-24V avec t\u00e9l\u00e9commande"}]},{"@type":"WebSite","@id":"https:\/\/www.easyledstore.it\/fr\/#website","url":"https:\/\/www.easyledstore.it\/fr\/","name":"Easyledstore","description":"Alimentatori e Moduli LED per Insegne Luminose","publisher":{"@id":"https:\/\/www.easyledstore.it\/fr\/#organization"},"potentialAction":[{"@type":"SearchAction","target":{"@type":"EntryPoint","urlTemplate":"https:\/\/www.easyledstore.it\/fr\/?s={search_term_string}"},"query-input":{"@type":"PropertyValueSpecification","valueRequired":true,"valueName":"search_term_string"}}],"inLanguage":"fr-FR"},{"@type":"Organization","@id":"https:\/\/www.easyledstore.it\/fr\/#organization","name":"LTC Lighting Trading Company srls","url":"https:\/\/www.easyledstore.it\/fr\/","logo":{"@type":"ImageObject","inLanguage":"fr-FR","@id":"https:\/\/www.easyledstore.it\/fr\/#\/schema\/logo\/image\/","url":"https:\/\/www.easyledstore.it\/wp-content\/uploads\/2018\/03\/Landscape-FullColor-2000.png","contentUrl":"https:\/\/www.easyledstore.it\/wp-content\/uploads\/2018\/03\/Landscape-FullColor-2000.png","width":2000,"height":641,"caption":"LTC Lighting Trading Company srls"},"image":{"@id":"https:\/\/www.easyledstore.it\/fr\/#\/schema\/logo\/image\/"},"sameAs":["https:\/\/www.facebook.com\/easyledstore"]}]}},"_links":{"self":[{"href":"https:\/\/www.easyledstore.it\/fr\/wp-json\/wp\/v2\/product\/11003","targetHints":{"allow":["GET"]}}],"collection":[{"href":"https:\/\/www.easyledstore.it\/fr\/wp-json\/wp\/v2\/product"}],"about":[{"href":"https:\/\/www.easyledstore.it\/fr\/wp-json\/wp\/v2\/types\/product"}],"replies":[{"embeddable":true,"href":"https:\/\/www.easyledstore.it\/fr\/wp-json\/wp\/v2\/comments?post=11003"}],"wp:featuredmedia":[{"embeddable":true,"href":"https:\/\/www.easyledstore.it\/fr\/wp-json\/wp\/v2\/media\/11011"}],"wp:attachment":[{"href":"https:\/\/www.easyledstore.it\/fr\/wp-json\/wp\/v2\/media?parent=11003"}],"wp:term":[{"taxonomy":"product_brand","embeddable":true,"href":"https:\/\/www.easyledstore.it\/fr\/wp-json\/wp\/v2\/product_brand?post=11003"},{"taxonomy":"product_cat","embeddable":true,"href":"https:\/\/www.easyledstore.it\/fr\/wp-json\/wp\/v2\/product_cat?post=11003"},{"taxonomy":"product_tag","embeddable":true,"href":"https:\/\/www.easyledstore.it\/fr\/wp-json\/wp\/v2\/product_tag?post=11003"}],"curies":[{"name":"wp","href":"https:\/\/api.w.org\/{rel}","templated":true}]}}