{"id":11002,"date":"2025-07-10T16:13:19","date_gmt":"2025-07-10T14:13:19","guid":{"rendered":"https:\/\/www.easyledstore.it\/prodotto\/variateur-led-12-24v-8a-controleur-dintensite-compact\/"},"modified":"2025-07-10T16:13:19","modified_gmt":"2025-07-10T14:13:19","slug":"variateur-led-12-24v-8a-controleur-dintensite-compact","status":"publish","type":"product","link":"https:\/\/www.easyledstore.it\/fr\/produit\/variateur-led-12-24v-8a-controleur-dintensite-compact\/","title":{"rendered":"Variateur LED 12-24V 8A &#8211; Contr\u00f4leur d&#8217;intensit\u00e9 compact"},"content":{"rendered":"<p data-start=\"638\" data-end=\"960\">Le <strong data-start=\"641\" data-end=\"665\">variateur LED 12-24V 8A<\/strong> est la solution id\u00e9ale pour ajuster l&#8217;intensit\u00e9 lumineuse de vos bandes LED unicolores de mani\u00e8re simple et pr\u00e9cise. Con\u00e7u pour fonctionner avec des tensions comprises entre 12 et 24V DC, il supporte un courant maximum de 8A, garantissant des performances optimales m\u00eame dans les configurations \u00e0 forte puissance. <\/p>\n<p data-start=\"962\" data-end=\"1282\">Avec des dimensions compactes de <strong data-start=\"989\" data-end=\"1005\">88,5 x 48 x 59 mm<\/strong>, il s&#8217;int\u00e8gre parfaitement dans les bo\u00eetes de jonction ou les installations o\u00f9 l&#8217;espace est limit\u00e9. Sa conception pratique et robuste lui permet de s&#8217;adapter aux environnements r\u00e9sidentiels et professionnels, tandis que le bouton de commande permet une gradation fluide et intuitive. <\/p>\n<p data-start=\"1284\" data-end=\"1587\">Le <strong data-start=\"1287\" data-end=\"1311\">variateur LED 12-24V 8A<\/strong> est parfait pour ceux qui recherchent un dispositif fiable, s\u00fbr et facile \u00e0 installer pour ajuster la lumi\u00e8re en fonction de leurs besoins. Gr\u00e2ce \u00e0 son efficacit\u00e9 et \u00e0 sa compatibilit\u00e9, il peut \u00eatre utilis\u00e9 \u00e0 l&#8217;int\u00e9rieur, dans les enseignes, les vitrines, les salles de travail ou les espaces de d\u00e9tente. <\/p>\n<p data-start=\"1589\" data-end=\"1687\">Choisissez d\u00e8s maintenant votre <strong data-start=\"1607\" data-end=\"1631\">variateur LED <\/strong>pour un contr\u00f4le maximal de votre \u00e9clairage.<\/p>\n<p><strong style=\"font-size: 18px;\">Suivez EasyLedStore.co.uk \u00e9galement sur les m\u00e9dias sociaux<\/strong><\/p>\n<ul style=\"list-style: none; padding: 0; font-size: 18px;\">\n<li style=\"text-align: left;\"><a href=\"https:\/\/www.instagram.com\/easyledstore.it\" target=\"_blank\" rel=\"noopener noreferrer nofollow\">Instagram &#8211; <\/a><a href=\"https:\/\/www.facebook.com\/easyledstore\" target=\"_blank\" rel=\"noopener noreferrer nofollow\">Facebook &#8211; <\/a><a href=\"https:\/\/www.tiktok.com\/@easyledstore.it\" target=\"_blank\" rel=\"noopener noreferrer nofollow\">TikTok &#8211; <\/a><a href=\"https:\/\/www.youtube.com\/@easyledstore4589\" target=\"_blank\" rel=\"noopener noreferrer nofollow\">YouTube<\/a><\/li>\n<\/ul>\n","protected":false},"excerpt":{"rendered":"<p>Contr\u00f4lez facilement la luminosit\u00e9 de vos bandes d&#8217;\u00e9clairage avec le variateur LED 12-24V 8A. Compact, efficace et parfait pour les installations professionnelles ou domestiques. <\/p>\n<p><strong style=\"font-size: 18px;\">Suivez EasyLedStore.co.uk \u00e9galement sur les m\u00e9dias sociaux<\/strong><\/p>\n<ul style=\"list-style: none; padding: 0; font-size: 18px;\">\n<li style=\"text-align: left;\"><a href=\"https:\/\/www.instagram.com\/easyledstore.it\" target=\"_blank\" rel=\"noopener\">Instagram &#8211; <\/a><a href=\"https:\/\/www.facebook.com\/easyledstore\" target=\"_blank\" rel=\"noopener\">Facebook &#8211; <\/a><a href=\"https:\/\/www.tiktok.com\/@easyledstore.it\" target=\"_blank\" rel=\"noopener\">TikTok &#8211; <\/a><a href=\"https:\/\/www.youtube.com\/@easyledstore4589\" target=\"_blank\" rel=\"noopener\">YouTube<\/a><\/li>\n<\/ul>\n","protected":false},"featured_media":11004,"comment_status":"open","ping_status":"closed","template":"","meta":[],"product_brand":[],"product_cat":[1280,1785],"product_tag":[1055,1224],"class_list":{"0":"post-11002","1":"product","2":"type-product","3":"status-publish","4":"has-post-thumbnail","6":"product_cat-unites-de-controle","7":"product_cat-variateur","8":"product_tag-12v","9":"product_tag-24v","11":"first","12":"instock","13":"taxable","14":"shipping-taxable","15":"purchasable","16":"product-type-simple"},"yoast_head":"<!-- This site is optimized with the Yoast SEO plugin v27.3 - https:\/\/yoast.com\/product\/yoast-seo-wordpress\/ -->\n<title>Variateur LED 12-24V 8A - Contr\u00f4leur d&#039;intensit\u00e9 compact%page%%%%.<\/title>\n<meta name=\"description\" content=\"D\u00e9couvrez le variateur LED 12-24V 8A : compact, efficace et facile \u00e0 installer. Ajustez la luminosit\u00e9 de vos bandes LED avec pr\u00e9cision et s\u00e9curit\u00e9.\" \/>\n<meta name=\"robots\" content=\"index, follow, max-snippet:-1, max-image-preview:large, max-video-preview:-1\" \/>\n<link rel=\"canonical\" href=\"https:\/\/www.easyledstore.it\/fr\/produit\/variateur-led-12-24v-8a-controleur-dintensite-compact\/\" \/>\n<meta property=\"og:locale\" content=\"fr_FR\" \/>\n<meta property=\"og:type\" content=\"article\" \/>\n<meta property=\"og:title\" content=\"Variateur LED 12-24V 8A - Contr\u00f4leur d&#039;intensit\u00e9 compact%page%%%%.\" \/>\n<meta property=\"og:description\" content=\"D\u00e9couvrez le variateur LED 12-24V 8A : compact, efficace et facile \u00e0 installer. Ajustez la luminosit\u00e9 de vos bandes LED avec pr\u00e9cision et s\u00e9curit\u00e9.\" \/>\n<meta property=\"og:url\" content=\"https:\/\/www.easyledstore.it\/fr\/produit\/variateur-led-12-24v-8a-controleur-dintensite-compact\/\" \/>\n<meta property=\"og:site_name\" content=\"Easyledstore\" \/>\n<meta property=\"article:publisher\" content=\"https:\/\/www.facebook.com\/easyledstore\" \/>\n<meta property=\"og:image\" content=\"https:\/\/www.easyledstore.it\/wp-content\/uploads\/2025\/07\/2-2.jpg\" \/>\n\t<meta property=\"og:image:width\" content=\"2000\" \/>\n\t<meta property=\"og:image:height\" content=\"2000\" \/>\n\t<meta property=\"og:image:type\" content=\"image\/jpeg\" \/>\n<meta name=\"twitter:card\" content=\"summary_large_image\" \/>\n<meta name=\"twitter:label1\" content=\"Dur\u00e9e de lecture estim\u00e9e\" \/>\n\t<meta name=\"twitter:data1\" content=\"1 minute\" \/>\n<!-- \/ Yoast SEO plugin. -->","yoast_head_json":{"title":"Variateur LED 12-24V 8A - Contr\u00f4leur d'intensit\u00e9 compact%page%%%%.","description":"D\u00e9couvrez le variateur LED 12-24V 8A : compact, efficace et facile \u00e0 installer. Ajustez la luminosit\u00e9 de vos bandes LED avec pr\u00e9cision et s\u00e9curit\u00e9.","robots":{"index":"index","follow":"follow","max-snippet":"max-snippet:-1","max-image-preview":"max-image-preview:large","max-video-preview":"max-video-preview:-1"},"canonical":"https:\/\/www.easyledstore.it\/fr\/produit\/variateur-led-12-24v-8a-controleur-dintensite-compact\/","og_locale":"fr_FR","og_type":"article","og_title":"Variateur LED 12-24V 8A - Contr\u00f4leur d'intensit\u00e9 compact%page%%%%.","og_description":"D\u00e9couvrez le variateur LED 12-24V 8A : compact, efficace et facile \u00e0 installer. Ajustez la luminosit\u00e9 de vos bandes LED avec pr\u00e9cision et s\u00e9curit\u00e9.","og_url":"https:\/\/www.easyledstore.it\/fr\/produit\/variateur-led-12-24v-8a-controleur-dintensite-compact\/","og_site_name":"Easyledstore","article_publisher":"https:\/\/www.facebook.com\/easyledstore","og_image":[{"width":2000,"height":2000,"url":"https:\/\/www.easyledstore.it\/wp-content\/uploads\/2025\/07\/2-2.jpg","type":"image\/jpeg"}],"twitter_card":"summary_large_image","twitter_misc":{"Dur\u00e9e de lecture estim\u00e9e":"1 minute"},"schema":{"@context":"https:\/\/schema.org","@graph":[{"@type":"WebPage","@id":"https:\/\/www.easyledstore.it\/fr\/produit\/variateur-led-12-24v-8a-controleur-dintensite-compact\/","url":"https:\/\/www.easyledstore.it\/fr\/produit\/variateur-led-12-24v-8a-controleur-dintensite-compact\/","name":"Variateur LED 12-24V 8A - Contr\u00f4leur d'intensit\u00e9 compact%page%%%%.","isPartOf":{"@id":"https:\/\/www.easyledstore.it\/fr\/#website"},"primaryImageOfPage":{"@id":"https:\/\/www.easyledstore.it\/fr\/produit\/variateur-led-12-24v-8a-controleur-dintensite-compact\/#primaryimage"},"image":{"@id":"https:\/\/www.easyledstore.it\/fr\/produit\/variateur-led-12-24v-8a-controleur-dintensite-compact\/#primaryimage"},"thumbnailUrl":"https:\/\/www.easyledstore.it\/wp-content\/uploads\/2025\/07\/2-2.jpg","datePublished":"2025-07-10T14:13:19+00:00","description":"D\u00e9couvrez le variateur LED 12-24V 8A : compact, efficace et facile \u00e0 installer. Ajustez la luminosit\u00e9 de vos bandes LED avec pr\u00e9cision et s\u00e9curit\u00e9.","breadcrumb":{"@id":"https:\/\/www.easyledstore.it\/fr\/produit\/variateur-led-12-24v-8a-controleur-dintensite-compact\/#breadcrumb"},"inLanguage":"fr-FR","potentialAction":[{"@type":"ReadAction","target":["https:\/\/www.easyledstore.it\/fr\/produit\/variateur-led-12-24v-8a-controleur-dintensite-compact\/"]}]},{"@type":"ImageObject","inLanguage":"fr-FR","@id":"https:\/\/www.easyledstore.it\/fr\/produit\/variateur-led-12-24v-8a-controleur-dintensite-compact\/#primaryimage","url":"https:\/\/www.easyledstore.it\/wp-content\/uploads\/2025\/07\/2-2.jpg","contentUrl":"https:\/\/www.easyledstore.it\/wp-content\/uploads\/2025\/07\/2-2.jpg","width":2000,"height":2000,"caption":"Dimmer LED 12-24V 8A \u2013 Regolatore di Intensit\u00e0 Compatto"},{"@type":"BreadcrumbList","@id":"https:\/\/www.easyledstore.it\/fr\/produit\/variateur-led-12-24v-8a-controleur-dintensite-compact\/#breadcrumb","itemListElement":[{"@type":"ListItem","position":1,"name":"Home","item":"https:\/\/www.easyledstore.it\/fr\/modules-de-signalisation-led\/"},{"@type":"ListItem","position":2,"name":"Shop IT","item":"https:\/\/www.easyledstore.it\/fr\/boutique\/"},{"@type":"ListItem","position":3,"name":"Variateur LED 12-24V 8A &#8211; Contr\u00f4leur d&#8217;intensit\u00e9 compact"}]},{"@type":"WebSite","@id":"https:\/\/www.easyledstore.it\/fr\/#website","url":"https:\/\/www.easyledstore.it\/fr\/","name":"Easyledstore","description":"Alimentatori e Moduli LED per Insegne Luminose","publisher":{"@id":"https:\/\/www.easyledstore.it\/fr\/#organization"},"potentialAction":[{"@type":"SearchAction","target":{"@type":"EntryPoint","urlTemplate":"https:\/\/www.easyledstore.it\/fr\/?s={search_term_string}"},"query-input":{"@type":"PropertyValueSpecification","valueRequired":true,"valueName":"search_term_string"}}],"inLanguage":"fr-FR"},{"@type":"Organization","@id":"https:\/\/www.easyledstore.it\/fr\/#organization","name":"LTC Lighting Trading Company srls","url":"https:\/\/www.easyledstore.it\/fr\/","logo":{"@type":"ImageObject","inLanguage":"fr-FR","@id":"https:\/\/www.easyledstore.it\/fr\/#\/schema\/logo\/image\/","url":"https:\/\/www.easyledstore.it\/wp-content\/uploads\/2018\/03\/Landscape-FullColor-2000.png","contentUrl":"https:\/\/www.easyledstore.it\/wp-content\/uploads\/2018\/03\/Landscape-FullColor-2000.png","width":2000,"height":641,"caption":"LTC Lighting Trading Company srls"},"image":{"@id":"https:\/\/www.easyledstore.it\/fr\/#\/schema\/logo\/image\/"},"sameAs":["https:\/\/www.facebook.com\/easyledstore"]}]}},"_links":{"self":[{"href":"https:\/\/www.easyledstore.it\/fr\/wp-json\/wp\/v2\/product\/11002","targetHints":{"allow":["GET"]}}],"collection":[{"href":"https:\/\/www.easyledstore.it\/fr\/wp-json\/wp\/v2\/product"}],"about":[{"href":"https:\/\/www.easyledstore.it\/fr\/wp-json\/wp\/v2\/types\/product"}],"replies":[{"embeddable":true,"href":"https:\/\/www.easyledstore.it\/fr\/wp-json\/wp\/v2\/comments?post=11002"}],"wp:featuredmedia":[{"embeddable":true,"href":"https:\/\/www.easyledstore.it\/fr\/wp-json\/wp\/v2\/media\/11004"}],"wp:attachment":[{"href":"https:\/\/www.easyledstore.it\/fr\/wp-json\/wp\/v2\/media?parent=11002"}],"wp:term":[{"taxonomy":"product_brand","embeddable":true,"href":"https:\/\/www.easyledstore.it\/fr\/wp-json\/wp\/v2\/product_brand?post=11002"},{"taxonomy":"product_cat","embeddable":true,"href":"https:\/\/www.easyledstore.it\/fr\/wp-json\/wp\/v2\/product_cat?post=11002"},{"taxonomy":"product_tag","embeddable":true,"href":"https:\/\/www.easyledstore.it\/fr\/wp-json\/wp\/v2\/product_tag?post=11002"}],"curies":[{"name":"wp","href":"https:\/\/api.w.org\/{rel}","templated":true}]}}