{"id":10978,"date":"2025-07-10T16:30:13","date_gmt":"2025-07-10T14:30:13","guid":{"rendered":"https:\/\/www.easyledstore.it\/prodotto\/variateur-led-5v-12v-24v-30a-noir-regulateur-dintensite-86x62-5x35-5-mm\/"},"modified":"2025-07-10T16:30:13","modified_gmt":"2025-07-10T14:30:13","slug":"variateur-led-5v-12v-24v-30a-noir-regulateur-dintensite-86x62-5x35-5-mm","status":"publish","type":"product","link":"https:\/\/www.easyledstore.it\/fr\/produit\/variateur-led-5v-12v-24v-30a-noir-regulateur-dintensite-86x62-5x35-5-mm\/","title":{"rendered":"Variateur LED 5V 12V 24V 30A Noir | R\u00e9gulateur d&#8217;intensit\u00e9 86&#215;62.5&#215;35.5 mm"},"content":{"rendered":"<p data-start=\"501\" data-end=\"842\">Le <strong data-start=\"504\" data-end=\"533\">variateur LED 5V 12V 24V 30A<\/strong> est la solution id\u00e9ale pour ceux qui souhaitent ajuster avec pr\u00e9cision l&#8217;intensit\u00e9 lumineuse de leurs bandes LED basse tension. Compatible avec les syst\u00e8mes 5V, 12V et 24V, ce variateur supporte un courant \u00e9lev\u00e9 allant jusqu&#8217;\u00e0 30A, offrant des performances stables et fiables m\u00eame dans les installations d&#8217;\u00e9clairage \u00e9tendues. <\/p>\n<p data-start=\"844\" data-end=\"1214\">Avec un design compact (86&#215;62,5&#215;35,5 mm) et une \u00e9l\u00e9gante finition noire, il s&#8217;int\u00e8gre parfaitement dans tout environnement. Le <strong data-start=\"973\" data-end=\"1002\">variateur LED 5V 12V 24V 30A<\/strong> permet une gradation en douceur, \u00e9vitant le scintillement et optimisant la consommation d&#8217;\u00e9nergie. Parfait pour les installations r\u00e9sidentielles, commerciales ou d\u00e9coratives, il est facile \u00e0 installer et \u00e0 utiliser.  <\/p>\n<p data-start=\"1216\" data-end=\"1357\">Comptez sur le <strong data-start=\"1228\" data-end=\"1257\">variateur LED <\/strong> pour un contr\u00f4le complet de votre \u00e9clairage LED, avec un maximum de flexibilit\u00e9 et de durabilit\u00e9.<\/p>\n<p><strong style=\"font-size: 18px;\">Suivez EasyLedStore.co.uk \u00e9galement sur les m\u00e9dias sociaux<\/strong><\/p>\n<ul style=\"list-style: none; padding: 0; font-size: 18px;\">\n<li style=\"text-align: left;\"><a href=\"https:\/\/www.instagram.com\/easyledstore.it\" target=\"_blank\" rel=\"noopener noreferrer nofollow\">Instagram &#8211; <\/a><a href=\"https:\/\/www.facebook.com\/easyledstore\" target=\"_blank\" rel=\"noopener noreferrer nofollow\">Facebook &#8211; <\/a><a href=\"https:\/\/www.tiktok.com\/@easyledstore.it\" target=\"_blank\" rel=\"noopener noreferrer nofollow\">TikTok &#8211; <\/a><a href=\"https:\/\/www.youtube.com\/@easyledstore4589\" target=\"_blank\" rel=\"noopener noreferrer nofollow\">YouTube<\/a><\/li>\n<\/ul>\n","protected":false},"excerpt":{"rendered":"<p>Contr\u00f4lez facilement la luminosit\u00e9 de vos bandes LED avec le variateur LED 5V 12V 24V 30A. Compact, puissant et dot\u00e9 d&#8217;un design noir \u00e9l\u00e9gant. <\/p>\n","protected":false},"featured_media":10981,"comment_status":"open","ping_status":"closed","template":"","meta":[],"product_brand":[],"product_cat":[1280,1785],"product_tag":[1055,1224,1332,1282],"class_list":{"0":"post-10978","1":"product","2":"type-product","3":"status-publish","4":"has-post-thumbnail","6":"product_cat-unites-de-controle","7":"product_cat-variateur","8":"product_tag-12v","9":"product_tag-24v","10":"product_tag-5v","11":"product_tag-dc-5v-12v-24v","13":"first","14":"instock","15":"taxable","16":"shipping-taxable","17":"purchasable","18":"product-type-simple"},"yoast_head":"<!-- This site is optimized with the Yoast SEO plugin v27.3 - https:\/\/yoast.com\/product\/yoast-seo-wordpress\/ -->\n<title>Variateur LED 5V 12V 24V 30A Noir 86x62.5x35.5 mm<\/title>\n<meta name=\"description\" content=\"Variateur LED 5V 12V 24V 30A noir, compact et puissant (86x62,5x35,5 mm). Ajuste la luminosit\u00e9 des bandes LED avec facilit\u00e9 et pr\u00e9cision.\" \/>\n<meta name=\"robots\" content=\"index, follow, max-snippet:-1, max-image-preview:large, max-video-preview:-1\" \/>\n<link rel=\"canonical\" href=\"https:\/\/www.easyledstore.it\/fr\/produit\/variateur-led-5v-12v-24v-30a-noir-regulateur-dintensite-86x62-5x35-5-mm\/\" \/>\n<meta property=\"og:locale\" content=\"fr_FR\" \/>\n<meta property=\"og:type\" content=\"article\" \/>\n<meta property=\"og:title\" content=\"Variateur LED 5V 12V 24V 30A Noir 86x62.5x35.5 mm\" \/>\n<meta property=\"og:description\" content=\"Variateur LED 5V 12V 24V 30A noir, compact et puissant (86x62,5x35,5 mm). Ajuste la luminosit\u00e9 des bandes LED avec facilit\u00e9 et pr\u00e9cision.\" \/>\n<meta property=\"og:url\" content=\"https:\/\/www.easyledstore.it\/fr\/produit\/variateur-led-5v-12v-24v-30a-noir-regulateur-dintensite-86x62-5x35-5-mm\/\" \/>\n<meta property=\"og:site_name\" content=\"Easyledstore\" \/>\n<meta property=\"article:publisher\" content=\"https:\/\/www.facebook.com\/easyledstore\" \/>\n<meta property=\"og:image\" content=\"https:\/\/www.easyledstore.it\/wp-content\/uploads\/2025\/07\/3-3.jpg\" \/>\n\t<meta property=\"og:image:width\" content=\"2000\" \/>\n\t<meta property=\"og:image:height\" content=\"2000\" \/>\n\t<meta property=\"og:image:type\" content=\"image\/jpeg\" \/>\n<meta name=\"twitter:card\" content=\"summary_large_image\" \/>\n<meta name=\"twitter:label1\" content=\"Dur\u00e9e de lecture estim\u00e9e\" \/>\n\t<meta name=\"twitter:data1\" content=\"1 minute\" \/>\n<!-- \/ Yoast SEO plugin. -->","yoast_head_json":{"title":"Variateur LED 5V 12V 24V 30A Noir 86x62.5x35.5 mm","description":"Variateur LED 5V 12V 24V 30A noir, compact et puissant (86x62,5x35,5 mm). Ajuste la luminosit\u00e9 des bandes LED avec facilit\u00e9 et pr\u00e9cision.","robots":{"index":"index","follow":"follow","max-snippet":"max-snippet:-1","max-image-preview":"max-image-preview:large","max-video-preview":"max-video-preview:-1"},"canonical":"https:\/\/www.easyledstore.it\/fr\/produit\/variateur-led-5v-12v-24v-30a-noir-regulateur-dintensite-86x62-5x35-5-mm\/","og_locale":"fr_FR","og_type":"article","og_title":"Variateur LED 5V 12V 24V 30A Noir 86x62.5x35.5 mm","og_description":"Variateur LED 5V 12V 24V 30A noir, compact et puissant (86x62,5x35,5 mm). Ajuste la luminosit\u00e9 des bandes LED avec facilit\u00e9 et pr\u00e9cision.","og_url":"https:\/\/www.easyledstore.it\/fr\/produit\/variateur-led-5v-12v-24v-30a-noir-regulateur-dintensite-86x62-5x35-5-mm\/","og_site_name":"Easyledstore","article_publisher":"https:\/\/www.facebook.com\/easyledstore","og_image":[{"width":2000,"height":2000,"url":"https:\/\/www.easyledstore.it\/wp-content\/uploads\/2025\/07\/3-3.jpg","type":"image\/jpeg"}],"twitter_card":"summary_large_image","twitter_misc":{"Dur\u00e9e de lecture estim\u00e9e":"1 minute"},"schema":{"@context":"https:\/\/schema.org","@graph":[{"@type":"WebPage","@id":"https:\/\/www.easyledstore.it\/fr\/produit\/variateur-led-5v-12v-24v-30a-noir-regulateur-dintensite-86x62-5x35-5-mm\/","url":"https:\/\/www.easyledstore.it\/fr\/produit\/variateur-led-5v-12v-24v-30a-noir-regulateur-dintensite-86x62-5x35-5-mm\/","name":"Variateur LED 5V 12V 24V 30A Noir 86x62.5x35.5 mm","isPartOf":{"@id":"https:\/\/www.easyledstore.it\/fr\/#website"},"primaryImageOfPage":{"@id":"https:\/\/www.easyledstore.it\/fr\/produit\/variateur-led-5v-12v-24v-30a-noir-regulateur-dintensite-86x62-5x35-5-mm\/#primaryimage"},"image":{"@id":"https:\/\/www.easyledstore.it\/fr\/produit\/variateur-led-5v-12v-24v-30a-noir-regulateur-dintensite-86x62-5x35-5-mm\/#primaryimage"},"thumbnailUrl":"https:\/\/www.easyledstore.it\/wp-content\/uploads\/2025\/07\/3-3.jpg","datePublished":"2025-07-10T14:30:13+00:00","description":"Variateur LED 5V 12V 24V 30A noir, compact et puissant (86x62,5x35,5 mm). Ajuste la luminosit\u00e9 des bandes LED avec facilit\u00e9 et pr\u00e9cision.","breadcrumb":{"@id":"https:\/\/www.easyledstore.it\/fr\/produit\/variateur-led-5v-12v-24v-30a-noir-regulateur-dintensite-86x62-5x35-5-mm\/#breadcrumb"},"inLanguage":"fr-FR","potentialAction":[{"@type":"ReadAction","target":["https:\/\/www.easyledstore.it\/fr\/produit\/variateur-led-5v-12v-24v-30a-noir-regulateur-dintensite-86x62-5x35-5-mm\/"]}]},{"@type":"ImageObject","inLanguage":"fr-FR","@id":"https:\/\/www.easyledstore.it\/fr\/produit\/variateur-led-5v-12v-24v-30a-noir-regulateur-dintensite-86x62-5x35-5-mm\/#primaryimage","url":"https:\/\/www.easyledstore.it\/wp-content\/uploads\/2025\/07\/3-3.jpg","contentUrl":"https:\/\/www.easyledstore.it\/wp-content\/uploads\/2025\/07\/3-3.jpg","width":2000,"height":2000,"caption":"Dimmer LED 5V 12V 24V 30A Nero"},{"@type":"BreadcrumbList","@id":"https:\/\/www.easyledstore.it\/fr\/produit\/variateur-led-5v-12v-24v-30a-noir-regulateur-dintensite-86x62-5x35-5-mm\/#breadcrumb","itemListElement":[{"@type":"ListItem","position":1,"name":"Home","item":"https:\/\/www.easyledstore.it\/fr\/modules-de-signalisation-led\/"},{"@type":"ListItem","position":2,"name":"Shop IT","item":"https:\/\/www.easyledstore.it\/fr\/boutique\/"},{"@type":"ListItem","position":3,"name":"Variateur LED 5V 12V 24V 30A Noir | R\u00e9gulateur d&#8217;intensit\u00e9 86&#215;62.5&#215;35.5 mm"}]},{"@type":"WebSite","@id":"https:\/\/www.easyledstore.it\/fr\/#website","url":"https:\/\/www.easyledstore.it\/fr\/","name":"Easyledstore","description":"Alimentatori e Moduli LED per Insegne Luminose","publisher":{"@id":"https:\/\/www.easyledstore.it\/fr\/#organization"},"potentialAction":[{"@type":"SearchAction","target":{"@type":"EntryPoint","urlTemplate":"https:\/\/www.easyledstore.it\/fr\/?s={search_term_string}"},"query-input":{"@type":"PropertyValueSpecification","valueRequired":true,"valueName":"search_term_string"}}],"inLanguage":"fr-FR"},{"@type":"Organization","@id":"https:\/\/www.easyledstore.it\/fr\/#organization","name":"LTC Lighting Trading Company srls","url":"https:\/\/www.easyledstore.it\/fr\/","logo":{"@type":"ImageObject","inLanguage":"fr-FR","@id":"https:\/\/www.easyledstore.it\/fr\/#\/schema\/logo\/image\/","url":"https:\/\/www.easyledstore.it\/wp-content\/uploads\/2018\/03\/Landscape-FullColor-2000.png","contentUrl":"https:\/\/www.easyledstore.it\/wp-content\/uploads\/2018\/03\/Landscape-FullColor-2000.png","width":2000,"height":641,"caption":"LTC Lighting Trading Company srls"},"image":{"@id":"https:\/\/www.easyledstore.it\/fr\/#\/schema\/logo\/image\/"},"sameAs":["https:\/\/www.facebook.com\/easyledstore"]}]}},"_links":{"self":[{"href":"https:\/\/www.easyledstore.it\/fr\/wp-json\/wp\/v2\/product\/10978","targetHints":{"allow":["GET"]}}],"collection":[{"href":"https:\/\/www.easyledstore.it\/fr\/wp-json\/wp\/v2\/product"}],"about":[{"href":"https:\/\/www.easyledstore.it\/fr\/wp-json\/wp\/v2\/types\/product"}],"replies":[{"embeddable":true,"href":"https:\/\/www.easyledstore.it\/fr\/wp-json\/wp\/v2\/comments?post=10978"}],"wp:featuredmedia":[{"embeddable":true,"href":"https:\/\/www.easyledstore.it\/fr\/wp-json\/wp\/v2\/media\/10981"}],"wp:attachment":[{"href":"https:\/\/www.easyledstore.it\/fr\/wp-json\/wp\/v2\/media?parent=10978"}],"wp:term":[{"taxonomy":"product_brand","embeddable":true,"href":"https:\/\/www.easyledstore.it\/fr\/wp-json\/wp\/v2\/product_brand?post=10978"},{"taxonomy":"product_cat","embeddable":true,"href":"https:\/\/www.easyledstore.it\/fr\/wp-json\/wp\/v2\/product_cat?post=10978"},{"taxonomy":"product_tag","embeddable":true,"href":"https:\/\/www.easyledstore.it\/fr\/wp-json\/wp\/v2\/product_tag?post=10978"}],"curies":[{"name":"wp","href":"https:\/\/api.w.org\/{rel}","templated":true}]}}