{"id":10960,"date":"2025-07-11T11:02:52","date_gmt":"2025-07-11T09:02:52","guid":{"rendered":"https:\/\/www.easyledstore.it\/prodotto\/amplificateur-led-rvb-24a\/"},"modified":"2026-01-19T12:55:44","modified_gmt":"2026-01-19T11:55:44","slug":"amplificateur-led-rvb-24a","status":"publish","type":"product","link":"https:\/\/www.easyledstore.it\/fr\/produit\/amplificateur-led-rvb-24a\/","title":{"rendered":"Amplificateur LED RVB 24A"},"content":{"rendered":"<p data-start=\"298\" data-end=\"619\">L&#8217;<strong data-start=\"300\" data-end=\"325\">amplificateur LED RVB<\/strong> est le composant id\u00e9al pour \u00e9tendre les syst\u00e8mes d&#8217;\u00e9clairage LED tout en conservant des couleurs et une luminosit\u00e9 parfaitement synchronis\u00e9es. Gr\u00e2ce \u00e0 ses <strong data-start=\"470\" data-end=\"505\">3 canaux ind\u00e9pendants (R, G, B)<\/strong> de <strong data-start=\"509\" data-end=\"524\">8A chacun<\/strong>, il permet de connecter des bandes LED RVB suppl\u00e9mentaires sans perte de signal ni variation de luminosit\u00e9. <\/p>\n<p data-start=\"621\" data-end=\"1035\">Compatible avec les alimentations <strong data-start=\"653\" data-end=\"669\">12V et 24V DC<\/strong>, l&#8217;<strong data-start=\"673\" data-end=\"698\">amplificateur LED RVB<\/strong> convient \u00e0 un large \u00e9ventail d&#8217;applications, tant professionnelles que domestiques : enseignes lumineuses, installations sc\u00e9niques, d\u00e9cors architecturaux, vitrines et d\u00e9corations LED. L&#8217;appareil est \u00e9quip\u00e9 de bornes \u00e0 vis pour un c\u00e2blage s\u00fbr et facile, et comprend une LED d&#8217;\u00e9tat pour un contr\u00f4le visuel de l&#8217;alimentation. <\/p>\n<p data-start=\"1037\" data-end=\"1369\">L&#8217;<strong data-start=\"1039\" data-end=\"1064\">amplificateur LED <\/strong>est construit avec des mat\u00e9riaux durables et des dimensions compactes, id\u00e9al pour une int\u00e9gration rapide et discr\u00e8te dans les syst\u00e8mes existants. Son utilisation garantit la continuit\u00e9 du signal, un rendement lumineux constant et une installation efficace, sans avoir \u00e0 remplacer ou \u00e0 reprogrammer le contr\u00f4leur principal. <\/p>\n<p><strong style=\"font-size: 18px;\">Suivez EasyLedStore.co.uk \u00e9galement sur les m\u00e9dias sociaux<\/strong><\/p>\n<ul style=\"list-style: none; padding: 0; font-size: 18px;\">\n<li style=\"text-align: left;\"><a href=\"https:\/\/www.instagram.com\/easyledstore.it\" target=\"_blank\" rel=\"noopener noreferrer nofollow\">Instagram &#8211; <\/a><a href=\"https:\/\/www.facebook.com\/easyledstore\" target=\"_blank\" rel=\"noopener noreferrer nofollow\">Facebook &#8211; <\/a><a href=\"https:\/\/www.tiktok.com\/@easyledstore.it\" target=\"_blank\" rel=\"noopener noreferrer nofollow\">TikTok &#8211; <\/a><a href=\"https:\/\/www.youtube.com\/@easyledstore4589\" target=\"_blank\" rel=\"noopener noreferrer nofollow\">YouTube<\/a><\/li>\n<\/ul>\n","protected":false},"excerpt":{"rendered":"<p>Amplificateur LED RVB 12-24V, 3 canaux de 8A chacun. Prolonge l&#8217;alimentation et le signal pour les installations LED tout en maintenant des couleurs synchronis\u00e9es et une luminosit\u00e9 uniforme. <\/p>\n<p><strong style=\"font-size: 18px;\">Suivez EasyLedStore.co.uk \u00e9galement sur les m\u00e9dias sociaux<\/strong><\/p>\n<ul style=\"list-style: none; padding: 0; font-size: 18px;\">\n<li style=\"text-align: left;\"><a href=\"https:\/\/www.instagram.com\/easyledstore.it\" target=\"_blank\" rel=\"noopener\">Instagram &#8211; <\/a><a href=\"https:\/\/www.facebook.com\/easyledstore\" target=\"_blank\" rel=\"noopener\">Facebook &#8211; <\/a><a href=\"https:\/\/www.tiktok.com\/@easyledstore.it\" target=\"_blank\" rel=\"noopener\">TikTok &#8211; <\/a><a href=\"https:\/\/www.youtube.com\/@easyledstore4589\" target=\"_blank\" rel=\"noopener\">YouTube<\/a><\/li>\n<\/ul>\n","protected":false},"featured_media":10961,"comment_status":"open","ping_status":"closed","template":"","meta":[],"product_brand":[],"product_cat":[1281,1280],"product_tag":[1055,1224,1223],"class_list":{"0":"post-10960","1":"product","2":"type-product","3":"status-publish","4":"has-post-thumbnail","6":"product_cat-amplificateurs","7":"product_cat-unites-de-controle","8":"product_tag-12v","9":"product_tag-24v","10":"product_tag-rvb","12":"first","13":"instock","14":"taxable","15":"shipping-taxable","16":"purchasable","17":"product-type-simple"},"yoast_head":"<!-- This site is optimized with the Yoast SEO plugin v27.3 - https:\/\/yoast.com\/product\/yoast-seo-wordpress\/ -->\n<title>Amplificateur LED RVB 24A - Easyledstore<\/title>\n<meta name=\"description\" content=\"Amplificateur LED RVB 12-24V, 3 canaux 8A. Prolonge les installations LED tout en maintenant une couleur et une puissance constantes sans perte de signal.\" \/>\n<meta name=\"robots\" content=\"index, follow, max-snippet:-1, max-image-preview:large, max-video-preview:-1\" \/>\n<link rel=\"canonical\" href=\"https:\/\/www.easyledstore.it\/fr\/produit\/amplificateur-led-rvb-24a\/\" \/>\n<meta property=\"og:locale\" content=\"fr_FR\" \/>\n<meta property=\"og:type\" content=\"article\" \/>\n<meta property=\"og:title\" content=\"Amplificateur LED RVB 24A - Easyledstore\" \/>\n<meta property=\"og:description\" content=\"Amplificateur LED RVB 12-24V, 3 canaux 8A. Prolonge les installations LED tout en maintenant une couleur et une puissance constantes sans perte de signal.\" \/>\n<meta property=\"og:url\" content=\"https:\/\/www.easyledstore.it\/fr\/produit\/amplificateur-led-rvb-24a\/\" \/>\n<meta property=\"og:site_name\" content=\"Easyledstore\" \/>\n<meta property=\"article:publisher\" content=\"https:\/\/www.facebook.com\/easyledstore\" \/>\n<meta property=\"article:modified_time\" content=\"2026-01-19T11:55:44+00:00\" \/>\n<meta property=\"og:image\" content=\"https:\/\/www.easyledstore.it\/wp-content\/uploads\/2025\/07\/5-1.jpg\" \/>\n\t<meta property=\"og:image:width\" content=\"2000\" \/>\n\t<meta property=\"og:image:height\" content=\"2000\" \/>\n\t<meta property=\"og:image:type\" content=\"image\/jpeg\" \/>\n<meta name=\"twitter:card\" content=\"summary_large_image\" \/>\n<meta name=\"twitter:label1\" content=\"Dur\u00e9e de lecture estim\u00e9e\" \/>\n\t<meta name=\"twitter:data1\" content=\"1 minute\" \/>\n<!-- \/ Yoast SEO plugin. -->","yoast_head_json":{"title":"Amplificateur LED RVB 24A - Easyledstore","description":"Amplificateur LED RVB 12-24V, 3 canaux 8A. Prolonge les installations LED tout en maintenant une couleur et une puissance constantes sans perte de signal.","robots":{"index":"index","follow":"follow","max-snippet":"max-snippet:-1","max-image-preview":"max-image-preview:large","max-video-preview":"max-video-preview:-1"},"canonical":"https:\/\/www.easyledstore.it\/fr\/produit\/amplificateur-led-rvb-24a\/","og_locale":"fr_FR","og_type":"article","og_title":"Amplificateur LED RVB 24A - Easyledstore","og_description":"Amplificateur LED RVB 12-24V, 3 canaux 8A. Prolonge les installations LED tout en maintenant une couleur et une puissance constantes sans perte de signal.","og_url":"https:\/\/www.easyledstore.it\/fr\/produit\/amplificateur-led-rvb-24a\/","og_site_name":"Easyledstore","article_publisher":"https:\/\/www.facebook.com\/easyledstore","article_modified_time":"2026-01-19T11:55:44+00:00","og_image":[{"width":2000,"height":2000,"url":"https:\/\/www.easyledstore.it\/wp-content\/uploads\/2025\/07\/5-1.jpg","type":"image\/jpeg"}],"twitter_card":"summary_large_image","twitter_misc":{"Dur\u00e9e de lecture estim\u00e9e":"1 minute"},"schema":{"@context":"https:\/\/schema.org","@graph":[{"@type":"WebPage","@id":"https:\/\/www.easyledstore.it\/fr\/produit\/amplificateur-led-rvb-24a\/","url":"https:\/\/www.easyledstore.it\/fr\/produit\/amplificateur-led-rvb-24a\/","name":"Amplificateur LED RVB 24A - Easyledstore","isPartOf":{"@id":"https:\/\/www.easyledstore.it\/fr\/#website"},"primaryImageOfPage":{"@id":"https:\/\/www.easyledstore.it\/fr\/produit\/amplificateur-led-rvb-24a\/#primaryimage"},"image":{"@id":"https:\/\/www.easyledstore.it\/fr\/produit\/amplificateur-led-rvb-24a\/#primaryimage"},"thumbnailUrl":"https:\/\/www.easyledstore.it\/wp-content\/uploads\/2025\/07\/5-1.jpg","datePublished":"2025-07-11T09:02:52+00:00","dateModified":"2026-01-19T11:55:44+00:00","description":"Amplificateur LED RVB 12-24V, 3 canaux 8A. Prolonge les installations LED tout en maintenant une couleur et une puissance constantes sans perte de signal.","breadcrumb":{"@id":"https:\/\/www.easyledstore.it\/fr\/produit\/amplificateur-led-rvb-24a\/#breadcrumb"},"inLanguage":"fr-FR","potentialAction":[{"@type":"ReadAction","target":["https:\/\/www.easyledstore.it\/fr\/produit\/amplificateur-led-rvb-24a\/"]}]},{"@type":"ImageObject","inLanguage":"fr-FR","@id":"https:\/\/www.easyledstore.it\/fr\/produit\/amplificateur-led-rvb-24a\/#primaryimage","url":"https:\/\/www.easyledstore.it\/wp-content\/uploads\/2025\/07\/5-1.jpg","contentUrl":"https:\/\/www.easyledstore.it\/wp-content\/uploads\/2025\/07\/5-1.jpg","width":2000,"height":2000,"caption":"Amplificatore LED RGB"},{"@type":"BreadcrumbList","@id":"https:\/\/www.easyledstore.it\/fr\/produit\/amplificateur-led-rvb-24a\/#breadcrumb","itemListElement":[{"@type":"ListItem","position":1,"name":"Home","item":"https:\/\/www.easyledstore.it\/fr\/modules-de-signalisation-led\/"},{"@type":"ListItem","position":2,"name":"Shop IT","item":"https:\/\/www.easyledstore.it\/fr\/boutique\/"},{"@type":"ListItem","position":3,"name":"Amplificateur LED RVB 24A"}]},{"@type":"WebSite","@id":"https:\/\/www.easyledstore.it\/fr\/#website","url":"https:\/\/www.easyledstore.it\/fr\/","name":"Easyledstore","description":"Alimentatori e Moduli LED per Insegne Luminose","publisher":{"@id":"https:\/\/www.easyledstore.it\/fr\/#organization"},"potentialAction":[{"@type":"SearchAction","target":{"@type":"EntryPoint","urlTemplate":"https:\/\/www.easyledstore.it\/fr\/?s={search_term_string}"},"query-input":{"@type":"PropertyValueSpecification","valueRequired":true,"valueName":"search_term_string"}}],"inLanguage":"fr-FR"},{"@type":"Organization","@id":"https:\/\/www.easyledstore.it\/fr\/#organization","name":"LTC Lighting Trading Company srls","url":"https:\/\/www.easyledstore.it\/fr\/","logo":{"@type":"ImageObject","inLanguage":"fr-FR","@id":"https:\/\/www.easyledstore.it\/fr\/#\/schema\/logo\/image\/","url":"https:\/\/www.easyledstore.it\/wp-content\/uploads\/2018\/03\/Landscape-FullColor-2000.png","contentUrl":"https:\/\/www.easyledstore.it\/wp-content\/uploads\/2018\/03\/Landscape-FullColor-2000.png","width":2000,"height":641,"caption":"LTC Lighting Trading Company srls"},"image":{"@id":"https:\/\/www.easyledstore.it\/fr\/#\/schema\/logo\/image\/"},"sameAs":["https:\/\/www.facebook.com\/easyledstore"]}]}},"_links":{"self":[{"href":"https:\/\/www.easyledstore.it\/fr\/wp-json\/wp\/v2\/product\/10960","targetHints":{"allow":["GET"]}}],"collection":[{"href":"https:\/\/www.easyledstore.it\/fr\/wp-json\/wp\/v2\/product"}],"about":[{"href":"https:\/\/www.easyledstore.it\/fr\/wp-json\/wp\/v2\/types\/product"}],"replies":[{"embeddable":true,"href":"https:\/\/www.easyledstore.it\/fr\/wp-json\/wp\/v2\/comments?post=10960"}],"wp:featuredmedia":[{"embeddable":true,"href":"https:\/\/www.easyledstore.it\/fr\/wp-json\/wp\/v2\/media\/10961"}],"wp:attachment":[{"href":"https:\/\/www.easyledstore.it\/fr\/wp-json\/wp\/v2\/media?parent=10960"}],"wp:term":[{"taxonomy":"product_brand","embeddable":true,"href":"https:\/\/www.easyledstore.it\/fr\/wp-json\/wp\/v2\/product_brand?post=10960"},{"taxonomy":"product_cat","embeddable":true,"href":"https:\/\/www.easyledstore.it\/fr\/wp-json\/wp\/v2\/product_cat?post=10960"},{"taxonomy":"product_tag","embeddable":true,"href":"https:\/\/www.easyledstore.it\/fr\/wp-json\/wp\/v2\/product_tag?post=10960"}],"curies":[{"name":"wp","href":"https:\/\/api.w.org\/{rel}","templated":true}]}}