{"id":10945,"date":"2025-07-21T09:25:56","date_gmt":"2025-07-21T07:25:56","guid":{"rendered":"https:\/\/www.easyledstore.it\/prodotto\/module-led-12v-haute-efficacite-rvb-072w\/"},"modified":"2026-02-02T11:16:45","modified_gmt":"2026-02-02T10:16:45","slug":"module-led-12v-haute-efficacite-rvb-072w","status":"publish","type":"product","link":"https:\/\/www.easyledstore.it\/fr\/produit\/module-led-12v-haute-efficacite-rvb-072w\/","title":{"rendered":"Module LED 12V &#8211; Haute efficacit\u00e9 &#8211; RVB &#8211; 0,72W"},"content":{"rendered":"<p>Module LED haute efficacit\u00e9 100 lm\/W &#8211; RGB- Id\u00e9al pour les applications int\u00e9rieures et ext\u00e9rieures<\/p>\n<p>Vous recherchez une solution d&#8217;\u00e9clairage fiable et performante pour votre signal\u00e9tique ? Ce module LED est con\u00e7u pour offrir une efficacit\u00e9 sup\u00e9rieure \u00e0 100 lm\/W, avec un \u00e9clairage lumineux et uniforme, parfait pour une large gamme d&#8217;applications. <\/p>\n<h2>Caract\u00e9ristiques principales<\/h2>\n<ul>\n<li><strong>Optique 175\u00b0 :<\/strong> offre une diffusion large et uniforme de la lumi\u00e8re, id\u00e9ale pour les lettres bo\u00eetiers et les caissons lumineux d&#8217;une profondeur comprise entre 5 et 25 cm.<\/li>\n<li><strong>R\u00e9sistance aux intemp\u00e9ries :<\/strong> l&#8217;indice de protection IP68 permet de l&#8217;installer \u00e0 l&#8217;ext\u00e9rieur et de r\u00e9sister \u00e0 la poussi\u00e8re et \u00e0 l&#8217;eau.<\/li>\n<li><strong>Fiabilit\u00e9 garantie :<\/strong> test\u00e9 selon la norme LM80 pour garantir une longue dur\u00e9e de vie et des performances constantes.<\/li>\n<li><strong>Certification CE :<\/strong> conforme aux normes europ\u00e9ennes de s\u00e9curit\u00e9 et de qualit\u00e9.<\/li>\n<\/ul>\n<h2>Sp\u00e9cifications techniques<\/h2>\n<ul>\n<li><strong>Dimensions :<\/strong> 63,5 x 13 x 10,1 mm<\/li>\n<li><strong>Angle de rayonnement : <\/strong>175\u00b0.<\/li>\n<li><strong>Tension de fonctionnement :<\/strong> DC 12V<\/li>\n<li><strong>Consommation \u00e9lectrique : <\/strong>0,72 W par module<\/li>\n<li><strong>Efficacit\u00e9 lumineuse :<\/strong> 100 lm\/W<\/li>\n<\/ul>\n<ul>\n<li style=\"list-style-type: none;\">\n<ul>\n<li>Temp\u00e9rature de fonctionnement : -20\u00b0C \u00e0 +45\u00b0C<\/li>\n<li>Temp\u00e9rature de stockage : -30\u00b0C \u00e0 +70\u00b0C<\/li>\n<\/ul>\n<\/li>\n<li><strong>Cascade :<\/strong> Connexion en s\u00e9rie d&#8217;un maximum de 50 modules avec une <a href=\"https:\/\/www.easyledstore.it\/fr\/categories-produits\/alimentations-electriques\/\">alimentation 12V DC.<\/a><\/li>\n<\/ul>\n<h2>Applications recommand\u00e9es<\/h2>\n<p><strong>Lettres de caisse :<\/strong> parfaites pour les faibles et moyennes profondeurs.<\/p>\n<p><strong>Caissons lumineux :<\/strong> pour des panneaux publicitaires de qualit\u00e9 sup\u00e9rieure.<\/p>\n<p><strong>Environnements ext\u00e9rieurs : <\/strong>gr\u00e2ce \u00e0 une protection \u00e9lev\u00e9e contre la poussi\u00e8re et l&#8217;eau.<\/p>\n<h2>Avantages du module LED \u00e0 haute efficacit\u00e9 100 lm\/W<\/h2>\n<p>Ce module LED est con\u00e7u pour de hautes performances et une longue dur\u00e9e de vie, alliant technologie avanc\u00e9e et facilit\u00e9 d&#8217;installation. Son optique \u00e0 175\u00b0 \u00e9limine les ombres, assurant un \u00e9clairage homog\u00e8ne m\u00eame dans les configurations les plus complexes. <\/p>\n","protected":false},"excerpt":{"rendered":"<p>Module LED <strong>\u00e0 haute efficacit\u00e9 100 lm\/W<\/strong> &#8211; Id\u00e9al pour les applications int\u00e9rieures et ext\u00e9rieures<\/p>\n<ul>\n<li><strong>Dimensions :<\/strong> 63,5 x 13 x 10,1 mm<\/li>\n<li><strong>Angle de rayonnement : <\/strong>175\u00b0.<\/li>\n<li><strong>Tension de fonctionnement :<\/strong> DC 12V<\/li>\n<li><strong>Consommation \u00e9lectrique : <\/strong>0,72 W par module<\/li>\n<li><strong>Efficacit\u00e9 lumineuse :<\/strong> 100 lm\/W<\/li>\n<li><strong>Couleur :<\/strong> RGB<\/li>\n<\/ul>\n","protected":false},"featured_media":10949,"comment_status":"open","ping_status":"closed","template":"","meta":[],"product_brand":[],"product_cat":[1174,1267,1329],"product_tag":[1268,1270,1274,1055,1271,1306,1537,1176,1272,1060,1187,1223],"class_list":{"0":"post-10945","1":"product","2":"type-product","3":"status-publish","4":"has-post-thumbnail","6":"product_cat-modules-led","7":"product_cat-modules-led-pour-faces-simples-boites-et-lettres","8":"product_cat-modules-rgb","9":"product_tag-0-72w","10":"product_tag-1270","11":"product_tag-100-lumen","12":"product_tag-12v","13":"product_tag-175-degres","14":"product_tag-1w","15":"product_tag-3-led","16":"product_tag-avec-lentille","17":"product_tag-certifie-ip68","18":"product_tag-del-colorees","19":"product_tag-oui","20":"product_tag-rvb","22":"first","23":"instock","24":"taxable","25":"shipping-taxable","26":"purchasable","27":"product-type-simple"},"yoast_head":"<!-- This site is optimized with the Yoast SEO plugin v27.3 - https:\/\/yoast.com\/product\/yoast-seo-wordpress\/ -->\n<title>Module LED haute efficacit\u00e9 100 lm\/W RGB - 12V - Easyledstore.<\/title>\n<meta name=\"description\" content=\"Module LED RVB haute efficacit\u00e9 100 lm\/W pour le r\u00e9tro-\u00e9clairage, les enseignes, les totems et autres. Puissance 0,72W et tension 12V. Lentille de 175\u00b0 et flux lumineux de 100lm\" \/>\n<meta name=\"robots\" content=\"index, follow, max-snippet:-1, max-image-preview:large, max-video-preview:-1\" \/>\n<link rel=\"canonical\" href=\"https:\/\/www.easyledstore.it\/fr\/produit\/module-led-12v-haute-efficacite-rvb-072w\/\" \/>\n<meta property=\"og:locale\" content=\"fr_FR\" \/>\n<meta property=\"og:type\" content=\"article\" \/>\n<meta property=\"og:title\" content=\"Module LED haute efficacit\u00e9 100 lm\/W RGB - 12V - Easyledstore.\" \/>\n<meta property=\"og:description\" content=\"Module LED RVB haute efficacit\u00e9 100 lm\/W pour le r\u00e9tro-\u00e9clairage, les enseignes, les totems et autres. Puissance 0,72W et tension 12V. Lentille de 175\u00b0 et flux lumineux de 100lm\" \/>\n<meta property=\"og:url\" content=\"https:\/\/www.easyledstore.it\/fr\/produit\/module-led-12v-haute-efficacite-rvb-072w\/\" \/>\n<meta property=\"og:site_name\" content=\"Easyledstore\" \/>\n<meta property=\"article:publisher\" content=\"https:\/\/www.facebook.com\/easyledstore\" \/>\n<meta property=\"article:modified_time\" content=\"2026-02-02T10:16:45+00:00\" \/>\n<meta property=\"og:image\" content=\"https:\/\/www.easyledstore.it\/wp-content\/uploads\/2025\/07\/12Vrgb-1.jpg\" \/>\n\t<meta property=\"og:image:width\" content=\"2000\" \/>\n\t<meta property=\"og:image:height\" content=\"2000\" \/>\n\t<meta property=\"og:image:type\" content=\"image\/jpeg\" \/>\n<meta name=\"twitter:card\" content=\"summary_large_image\" \/>\n<meta name=\"twitter:label1\" content=\"Dur\u00e9e de lecture estim\u00e9e\" \/>\n\t<meta name=\"twitter:data1\" content=\"1 minute\" \/>\n<!-- \/ Yoast SEO plugin. -->","yoast_head_json":{"title":"Module LED haute efficacit\u00e9 100 lm\/W RGB - 12V - Easyledstore.","description":"Module LED RVB haute efficacit\u00e9 100 lm\/W pour le r\u00e9tro-\u00e9clairage, les enseignes, les totems et autres. Puissance 0,72W et tension 12V. Lentille de 175\u00b0 et flux lumineux de 100lm","robots":{"index":"index","follow":"follow","max-snippet":"max-snippet:-1","max-image-preview":"max-image-preview:large","max-video-preview":"max-video-preview:-1"},"canonical":"https:\/\/www.easyledstore.it\/fr\/produit\/module-led-12v-haute-efficacite-rvb-072w\/","og_locale":"fr_FR","og_type":"article","og_title":"Module LED haute efficacit\u00e9 100 lm\/W RGB - 12V - Easyledstore.","og_description":"Module LED RVB haute efficacit\u00e9 100 lm\/W pour le r\u00e9tro-\u00e9clairage, les enseignes, les totems et autres. Puissance 0,72W et tension 12V. Lentille de 175\u00b0 et flux lumineux de 100lm","og_url":"https:\/\/www.easyledstore.it\/fr\/produit\/module-led-12v-haute-efficacite-rvb-072w\/","og_site_name":"Easyledstore","article_publisher":"https:\/\/www.facebook.com\/easyledstore","article_modified_time":"2026-02-02T10:16:45+00:00","og_image":[{"width":2000,"height":2000,"url":"https:\/\/www.easyledstore.it\/wp-content\/uploads\/2025\/07\/12Vrgb-1.jpg","type":"image\/jpeg"}],"twitter_card":"summary_large_image","twitter_misc":{"Dur\u00e9e de lecture estim\u00e9e":"1 minute"},"schema":{"@context":"https:\/\/schema.org","@graph":[{"@type":"WebPage","@id":"https:\/\/www.easyledstore.it\/fr\/produit\/module-led-12v-haute-efficacite-rvb-072w\/","url":"https:\/\/www.easyledstore.it\/fr\/produit\/module-led-12v-haute-efficacite-rvb-072w\/","name":"Module LED haute efficacit\u00e9 100 lm\/W RGB - 12V - Easyledstore.","isPartOf":{"@id":"https:\/\/www.easyledstore.it\/fr\/#website"},"primaryImageOfPage":{"@id":"https:\/\/www.easyledstore.it\/fr\/produit\/module-led-12v-haute-efficacite-rvb-072w\/#primaryimage"},"image":{"@id":"https:\/\/www.easyledstore.it\/fr\/produit\/module-led-12v-haute-efficacite-rvb-072w\/#primaryimage"},"thumbnailUrl":"https:\/\/www.easyledstore.it\/wp-content\/uploads\/2025\/07\/12Vrgb-1.jpg","datePublished":"2025-07-21T07:25:56+00:00","dateModified":"2026-02-02T10:16:45+00:00","description":"Module LED RVB haute efficacit\u00e9 100 lm\/W pour le r\u00e9tro-\u00e9clairage, les enseignes, les totems et autres. Puissance 0,72W et tension 12V. Lentille de 175\u00b0 et flux lumineux de 100lm","breadcrumb":{"@id":"https:\/\/www.easyledstore.it\/fr\/produit\/module-led-12v-haute-efficacite-rvb-072w\/#breadcrumb"},"inLanguage":"fr-FR","potentialAction":[{"@type":"ReadAction","target":["https:\/\/www.easyledstore.it\/fr\/produit\/module-led-12v-haute-efficacite-rvb-072w\/"]}]},{"@type":"ImageObject","inLanguage":"fr-FR","@id":"https:\/\/www.easyledstore.it\/fr\/produit\/module-led-12v-haute-efficacite-rvb-072w\/#primaryimage","url":"https:\/\/www.easyledstore.it\/wp-content\/uploads\/2025\/07\/12Vrgb-1.jpg","contentUrl":"https:\/\/www.easyledstore.it\/wp-content\/uploads\/2025\/07\/12Vrgb-1.jpg","width":2000,"height":2000,"caption":"Module RVB 175"},{"@type":"BreadcrumbList","@id":"https:\/\/www.easyledstore.it\/fr\/produit\/module-led-12v-haute-efficacite-rvb-072w\/#breadcrumb","itemListElement":[{"@type":"ListItem","position":1,"name":"Home","item":"https:\/\/www.easyledstore.it\/fr\/modules-de-signalisation-led\/"},{"@type":"ListItem","position":2,"name":"Shop IT","item":"https:\/\/www.easyledstore.it\/fr\/boutique\/"},{"@type":"ListItem","position":3,"name":"Module LED 12V &#8211; Haute efficacit\u00e9 &#8211; RVB &#8211; 0,72W"}]},{"@type":"WebSite","@id":"https:\/\/www.easyledstore.it\/fr\/#website","url":"https:\/\/www.easyledstore.it\/fr\/","name":"Easyledstore","description":"Alimentatori e Moduli LED per Insegne Luminose","publisher":{"@id":"https:\/\/www.easyledstore.it\/fr\/#organization"},"potentialAction":[{"@type":"SearchAction","target":{"@type":"EntryPoint","urlTemplate":"https:\/\/www.easyledstore.it\/fr\/?s={search_term_string}"},"query-input":{"@type":"PropertyValueSpecification","valueRequired":true,"valueName":"search_term_string"}}],"inLanguage":"fr-FR"},{"@type":"Organization","@id":"https:\/\/www.easyledstore.it\/fr\/#organization","name":"LTC Lighting Trading Company srls","url":"https:\/\/www.easyledstore.it\/fr\/","logo":{"@type":"ImageObject","inLanguage":"fr-FR","@id":"https:\/\/www.easyledstore.it\/fr\/#\/schema\/logo\/image\/","url":"https:\/\/www.easyledstore.it\/wp-content\/uploads\/2018\/03\/Landscape-FullColor-2000.png","contentUrl":"https:\/\/www.easyledstore.it\/wp-content\/uploads\/2018\/03\/Landscape-FullColor-2000.png","width":2000,"height":641,"caption":"LTC Lighting Trading Company srls"},"image":{"@id":"https:\/\/www.easyledstore.it\/fr\/#\/schema\/logo\/image\/"},"sameAs":["https:\/\/www.facebook.com\/easyledstore"]}]}},"_links":{"self":[{"href":"https:\/\/www.easyledstore.it\/fr\/wp-json\/wp\/v2\/product\/10945","targetHints":{"allow":["GET"]}}],"collection":[{"href":"https:\/\/www.easyledstore.it\/fr\/wp-json\/wp\/v2\/product"}],"about":[{"href":"https:\/\/www.easyledstore.it\/fr\/wp-json\/wp\/v2\/types\/product"}],"replies":[{"embeddable":true,"href":"https:\/\/www.easyledstore.it\/fr\/wp-json\/wp\/v2\/comments?post=10945"}],"wp:featuredmedia":[{"embeddable":true,"href":"https:\/\/www.easyledstore.it\/fr\/wp-json\/wp\/v2\/media\/10949"}],"wp:attachment":[{"href":"https:\/\/www.easyledstore.it\/fr\/wp-json\/wp\/v2\/media?parent=10945"}],"wp:term":[{"taxonomy":"product_brand","embeddable":true,"href":"https:\/\/www.easyledstore.it\/fr\/wp-json\/wp\/v2\/product_brand?post=10945"},{"taxonomy":"product_cat","embeddable":true,"href":"https:\/\/www.easyledstore.it\/fr\/wp-json\/wp\/v2\/product_cat?post=10945"},{"taxonomy":"product_tag","embeddable":true,"href":"https:\/\/www.easyledstore.it\/fr\/wp-json\/wp\/v2\/product_tag?post=10945"}],"curies":[{"name":"wp","href":"https:\/\/api.w.org\/{rel}","templated":true}]}}