{"id":10925,"date":"2025-08-05T11:54:15","date_gmt":"2025-08-05T09:54:15","guid":{"rendered":"https:\/\/www.easyledstore.it\/prodotto\/barre-led-12w-24v-6500k-avec-connecteur-rapide\/"},"modified":"2025-08-05T11:54:15","modified_gmt":"2025-08-05T09:54:15","slug":"barre-led-12w-24v-6500k-avec-connecteur-rapide","status":"publish","type":"product","link":"https:\/\/www.easyledstore.it\/fr\/produit\/barre-led-12w-24v-6500k-avec-connecteur-rapide\/","title":{"rendered":"Barre LED 12W 24V 6500K &#8211; Avec connecteur rapide"},"content":{"rendered":"<p>Barre LED sans 12W 24V &#8211; Puissance et uniformit\u00e9 de la lumi\u00e8re pour les grandes bo\u00eetes et les caissons lumineux<\/p>\n<p>La <strong>barre LED 12W 24V<\/strong> est con\u00e7ue pour fournir un \u00e9clairage puissant, uniforme et tr\u00e8s efficace, id\u00e9al pour les caissons lumineux et les bo\u00eetes \u00e0 lumi\u00e8re d&#8217;une profondeur de <strong>40 \u00e0 250 mm.<\/strong> Gr\u00e2ce \u00e0 ses <strong>lentilles optimis\u00e9es<\/strong>, cette barre assure une diffusion uniforme de la lumi\u00e8re sur toute la surface, \u00e9liminant les halos, les ombres et les points d&#8217;accumulation de lumi\u00e8re, m\u00eame dans les applications les plus exigeantes. <\/p>\n<p>Avec une puissance de <strong>12W par module<\/strong> et une luminosit\u00e9 de <strong>1320 lumens<\/strong>, la barre LED g\u00e9n\u00e8re une lumi\u00e8re <strong>blanche froide de 6500K<\/strong>, parfaite pour les applications de publicit\u00e9 et de signalisation n\u00e9cessitant une brillance et une visibilit\u00e9 maximales. Son efficacit\u00e9 optique, combin\u00e9e \u00e0 un rendu des couleurs \u00e9lev\u00e9 et \u00e0 l&#8217;absence d&#8217;effet pinpoint, en fait une solution professionnelle pour la signalisation haut de gamme. <\/p>\n<p>La <strong>protection IP65<\/strong> garantit la r\u00e9sistance \u00e0 la poussi\u00e8re, aux \u00e9claboussures d&#8217;eau et aux intemp\u00e9ries, tandis que la dur\u00e9e de vie estim\u00e9e \u00e0 <strong>cinq ans <\/strong> garantit un investissement s\u00fbr et n\u00e9cessitant peu d&#8217;entretien. En outre, il est possible d&#8217;en r\u00e9gler l&#8217;intensit\u00e9 lumineuse en fonction du contexte gr\u00e2ce \u00e0 la fonction PWM. <\/p>\n<h3>Caract\u00e9ristiques principales<\/h3>\n<p><strong>Tension :<\/strong> DC 24V<br \/>\n<strong>Puissance :<\/strong> 12W\/bar<br \/>\n<strong>Flux lumineux :<\/strong> 1320 lm<br \/>\n<strong>Couleur de la lumi\u00e8re :<\/strong> Blanc froid 6500K<br \/>\n<strong>Angle d&#8217;\u00e9mission :<\/strong> 178\u00b0.<br \/>\n<strong>Dimensions :<\/strong> 950 x 17 x 6,8 mm<br \/>\n<strong>Degr\u00e9 de protection :<\/strong> IP65 (r\u00e9sistant \u00e0 la poussi\u00e8re et aux \u00e9claboussures)<br \/>\n<strong>Dur\u00e9e de vie moyenne :<\/strong> 5 ans<br \/>\n<strong>Dimmable :<\/strong> oui, PWM<br \/>\n<strong>Nombre maximal par cha\u00eene :<\/strong> 10 barres<\/p>\n<h2>Avantages de l&#8217;installation de la barre LED 12W 24V<\/h2>\n<ul>\n<li>Lentilles optimis\u00e9es pour un \u00e9clairage homog\u00e8ne sans effet de pointe<\/li>\n<li>Installation simple \u00e0 l&#8217;aide de vis, de rivets ou de silicone neutre (pas d&#8217;acides\/alcalins)<\/li>\n<li>Montage s\u00fbr sur des surfaces \u00e0 bonne dissipation thermique (par exemple, l&#8217;aluminium)<\/li>\n<li>Connexion en parall\u00e8le pour la s\u00e9curit\u00e9 \u00e9lectrique et la stabilit\u00e9<\/li>\n<li>Compatible avec les plexiglas WH02 et WH73 pour des effets de lumi\u00e8re optimaux<\/li>\n<li>R\u00e9sistant aux vibrations, id\u00e9al pour une utilisation \u00e0 l&#8217;int\u00e9rieur et \u00e0 l&#8217;ext\u00e9rieur<\/li>\n<\/ul>\n<h2>Applications id\u00e9ales<\/h2>\n<ul>\n<li>Caissons lumineux simple face et<\/li>\n<li>Caissons lumineux moyens et grands<\/li>\n<li>Enseignes publicitaires pour magasins, centres commerciaux, a\u00e9roports<\/li>\n<li>Totems et signal\u00e9tique en ext\u00e9rieur<\/li>\n<li>Mise en sc\u00e8ne et foires commerciales<\/li>\n<\/ul>\n<h2>Pourquoi choisir cette barre LED<\/h2>\n<p>La <strong>barre LED 12W 24V<\/strong> est la solution parfaite pour ceux qui recherchent des performances \u00e9lev\u00e9es, une durabilit\u00e9 et un \u00e9clairage parfait. Elle offre une combinaison gagnante de puissance, d&#8217;efficacit\u00e9 et de fiabilit\u00e9, r\u00e9duisant les co\u00fbts d&#8217;exploitation et maximisant l&#8217;impact visuel de toute conception d&#8217;\u00e9clairage. <\/p>\n","protected":false},"excerpt":{"rendered":"<p>\u00c9clairage uniforme pour les bo\u00eetes et les caissons lumineux (40-250 mm), efficacit\u00e9 lumineuse \u00e9lev\u00e9e, longue dur\u00e9e de vie (5 ans) et protection contre l&#8217;eau et la poussi\u00e8re.<\/p>\n<p>Barre LED 12W 24V. Couleur Blanc froid 6500K.<br \/>\nFlux lumineux 1320 lm.<br \/>\nClasse de protection IP65. <\/p>\n","protected":false},"featured_media":9984,"comment_status":"open","ping_status":"closed","template":"","meta":[],"product_brand":[],"product_cat":[1450,1451],"product_tag":[1305,1452,1453,1454,1224,1455,1080,1079,1061],"class_list":{"0":"post-10925","1":"product","2":"type-product","3":"status-publish","4":"has-post-thumbnail","6":"product_cat-barres-led","7":"product_cat-barres-led-ip65","8":"product_tag-1305","9":"product_tag-12w","10":"product_tag-1320-lumens","11":"product_tag-178-degres","12":"product_tag-24v","13":"product_tag-4-25-cm","14":"product_tag-6500k","15":"product_tag-blanc-froid","16":"product_tag-certifie-ip65","18":"first","19":"onbackorder","20":"taxable","21":"shipping-taxable","22":"purchasable","23":"product-type-simple"},"yoast_head":"<!-- This site is optimized with the Yoast SEO plugin v27.3 - https:\/\/yoast.com\/product\/yoast-seo-wordpress\/ -->\n<title>Barre LED 12W 24V 6500K - Avec connecteur rapide - Easyledstore<\/title>\n<meta name=\"description\" content=\"La barre LED 12W 24V est con\u00e7ue pour fournir un \u00e9clairage puissant et uniforme. Id\u00e9ale pour les caissons lumineux et les caissons lumineux d&#039;une profondeur de 40 \u00e0 250 mm.\" \/>\n<meta name=\"robots\" content=\"index, follow, max-snippet:-1, max-image-preview:large, max-video-preview:-1\" \/>\n<link rel=\"canonical\" href=\"https:\/\/www.easyledstore.it\/fr\/produit\/barre-led-12w-24v-6500k-avec-connecteur-rapide\/\" \/>\n<meta property=\"og:locale\" content=\"fr_FR\" \/>\n<meta property=\"og:type\" content=\"article\" \/>\n<meta property=\"og:title\" content=\"Barre LED 12W 24V 6500K - Avec connecteur rapide - Easyledstore\" \/>\n<meta property=\"og:description\" content=\"La barre LED 12W 24V est con\u00e7ue pour fournir un \u00e9clairage puissant et uniforme. Id\u00e9ale pour les caissons lumineux et les caissons lumineux d&#039;une profondeur de 40 \u00e0 250 mm.\" \/>\n<meta property=\"og:url\" content=\"https:\/\/www.easyledstore.it\/fr\/produit\/barre-led-12w-24v-6500k-avec-connecteur-rapide\/\" \/>\n<meta property=\"og:site_name\" content=\"Easyledstore\" \/>\n<meta property=\"article:publisher\" content=\"https:\/\/www.facebook.com\/easyledstore\" \/>\n<meta property=\"og:image\" content=\"https:\/\/www.easyledstore.it\/wp-content\/uploads\/2025\/05\/Barra-OK-scaled.jpg\" \/>\n\t<meta property=\"og:image:width\" content=\"2560\" \/>\n\t<meta property=\"og:image:height\" content=\"2560\" \/>\n\t<meta property=\"og:image:type\" content=\"image\/jpeg\" \/>\n<meta name=\"twitter:card\" content=\"summary_large_image\" \/>\n<meta name=\"twitter:label1\" content=\"Dur\u00e9e de lecture estim\u00e9e\" \/>\n\t<meta name=\"twitter:data1\" content=\"2 minutes\" \/>\n<!-- \/ Yoast SEO plugin. -->","yoast_head_json":{"title":"Barre LED 12W 24V 6500K - Avec connecteur rapide - Easyledstore","description":"La barre LED 12W 24V est con\u00e7ue pour fournir un \u00e9clairage puissant et uniforme. Id\u00e9ale pour les caissons lumineux et les caissons lumineux d'une profondeur de 40 \u00e0 250 mm.","robots":{"index":"index","follow":"follow","max-snippet":"max-snippet:-1","max-image-preview":"max-image-preview:large","max-video-preview":"max-video-preview:-1"},"canonical":"https:\/\/www.easyledstore.it\/fr\/produit\/barre-led-12w-24v-6500k-avec-connecteur-rapide\/","og_locale":"fr_FR","og_type":"article","og_title":"Barre LED 12W 24V 6500K - Avec connecteur rapide - Easyledstore","og_description":"La barre LED 12W 24V est con\u00e7ue pour fournir un \u00e9clairage puissant et uniforme. Id\u00e9ale pour les caissons lumineux et les caissons lumineux d'une profondeur de 40 \u00e0 250 mm.","og_url":"https:\/\/www.easyledstore.it\/fr\/produit\/barre-led-12w-24v-6500k-avec-connecteur-rapide\/","og_site_name":"Easyledstore","article_publisher":"https:\/\/www.facebook.com\/easyledstore","og_image":[{"width":2560,"height":2560,"url":"https:\/\/www.easyledstore.it\/wp-content\/uploads\/2025\/05\/Barra-OK-scaled.jpg","type":"image\/jpeg"}],"twitter_card":"summary_large_image","twitter_misc":{"Dur\u00e9e de lecture estim\u00e9e":"2 minutes"},"schema":{"@context":"https:\/\/schema.org","@graph":[{"@type":"WebPage","@id":"https:\/\/www.easyledstore.it\/fr\/produit\/barre-led-12w-24v-6500k-avec-connecteur-rapide\/","url":"https:\/\/www.easyledstore.it\/fr\/produit\/barre-led-12w-24v-6500k-avec-connecteur-rapide\/","name":"Barre LED 12W 24V 6500K - Avec connecteur rapide - Easyledstore","isPartOf":{"@id":"https:\/\/www.easyledstore.it\/fr\/#website"},"primaryImageOfPage":{"@id":"https:\/\/www.easyledstore.it\/fr\/produit\/barre-led-12w-24v-6500k-avec-connecteur-rapide\/#primaryimage"},"image":{"@id":"https:\/\/www.easyledstore.it\/fr\/produit\/barre-led-12w-24v-6500k-avec-connecteur-rapide\/#primaryimage"},"thumbnailUrl":"https:\/\/www.easyledstore.it\/wp-content\/uploads\/2025\/05\/Barra-OK-scaled.jpg","datePublished":"2025-08-05T09:54:15+00:00","description":"La barre LED 12W 24V est con\u00e7ue pour fournir un \u00e9clairage puissant et uniforme. Id\u00e9ale pour les caissons lumineux et les caissons lumineux d'une profondeur de 40 \u00e0 250 mm.","breadcrumb":{"@id":"https:\/\/www.easyledstore.it\/fr\/produit\/barre-led-12w-24v-6500k-avec-connecteur-rapide\/#breadcrumb"},"inLanguage":"fr-FR","potentialAction":[{"@type":"ReadAction","target":["https:\/\/www.easyledstore.it\/fr\/produit\/barre-led-12w-24v-6500k-avec-connecteur-rapide\/"]}]},{"@type":"ImageObject","inLanguage":"fr-FR","@id":"https:\/\/www.easyledstore.it\/fr\/produit\/barre-led-12w-24v-6500k-avec-connecteur-rapide\/#primaryimage","url":"https:\/\/www.easyledstore.it\/wp-content\/uploads\/2025\/05\/Barra-OK-scaled.jpg","contentUrl":"https:\/\/www.easyledstore.it\/wp-content\/uploads\/2025\/05\/Barra-OK-scaled.jpg","width":2560,"height":2560,"caption":"Bar avec logo"},{"@type":"BreadcrumbList","@id":"https:\/\/www.easyledstore.it\/fr\/produit\/barre-led-12w-24v-6500k-avec-connecteur-rapide\/#breadcrumb","itemListElement":[{"@type":"ListItem","position":1,"name":"Home","item":"https:\/\/www.easyledstore.it\/fr\/modules-de-signalisation-led\/"},{"@type":"ListItem","position":2,"name":"Shop IT","item":"https:\/\/www.easyledstore.it\/fr\/boutique\/"},{"@type":"ListItem","position":3,"name":"Barre LED 12W 24V 6500K &#8211; Avec connecteur rapide"}]},{"@type":"WebSite","@id":"https:\/\/www.easyledstore.it\/fr\/#website","url":"https:\/\/www.easyledstore.it\/fr\/","name":"Easyledstore","description":"Alimentatori e Moduli LED per Insegne Luminose","publisher":{"@id":"https:\/\/www.easyledstore.it\/fr\/#organization"},"potentialAction":[{"@type":"SearchAction","target":{"@type":"EntryPoint","urlTemplate":"https:\/\/www.easyledstore.it\/fr\/?s={search_term_string}"},"query-input":{"@type":"PropertyValueSpecification","valueRequired":true,"valueName":"search_term_string"}}],"inLanguage":"fr-FR"},{"@type":"Organization","@id":"https:\/\/www.easyledstore.it\/fr\/#organization","name":"LTC Lighting Trading Company srls","url":"https:\/\/www.easyledstore.it\/fr\/","logo":{"@type":"ImageObject","inLanguage":"fr-FR","@id":"https:\/\/www.easyledstore.it\/fr\/#\/schema\/logo\/image\/","url":"https:\/\/www.easyledstore.it\/wp-content\/uploads\/2018\/03\/Landscape-FullColor-2000.png","contentUrl":"https:\/\/www.easyledstore.it\/wp-content\/uploads\/2018\/03\/Landscape-FullColor-2000.png","width":2000,"height":641,"caption":"LTC Lighting Trading Company srls"},"image":{"@id":"https:\/\/www.easyledstore.it\/fr\/#\/schema\/logo\/image\/"},"sameAs":["https:\/\/www.facebook.com\/easyledstore"]}]}},"_links":{"self":[{"href":"https:\/\/www.easyledstore.it\/fr\/wp-json\/wp\/v2\/product\/10925","targetHints":{"allow":["GET"]}}],"collection":[{"href":"https:\/\/www.easyledstore.it\/fr\/wp-json\/wp\/v2\/product"}],"about":[{"href":"https:\/\/www.easyledstore.it\/fr\/wp-json\/wp\/v2\/types\/product"}],"replies":[{"embeddable":true,"href":"https:\/\/www.easyledstore.it\/fr\/wp-json\/wp\/v2\/comments?post=10925"}],"wp:featuredmedia":[{"embeddable":true,"href":"https:\/\/www.easyledstore.it\/fr\/wp-json\/wp\/v2\/media\/9984"}],"wp:attachment":[{"href":"https:\/\/www.easyledstore.it\/fr\/wp-json\/wp\/v2\/media?parent=10925"}],"wp:term":[{"taxonomy":"product_brand","embeddable":true,"href":"https:\/\/www.easyledstore.it\/fr\/wp-json\/wp\/v2\/product_brand?post=10925"},{"taxonomy":"product_cat","embeddable":true,"href":"https:\/\/www.easyledstore.it\/fr\/wp-json\/wp\/v2\/product_cat?post=10925"},{"taxonomy":"product_tag","embeddable":true,"href":"https:\/\/www.easyledstore.it\/fr\/wp-json\/wp\/v2\/product_tag?post=10925"}],"curies":[{"name":"wp","href":"https:\/\/api.w.org\/{rel}","templated":true}]}}