{"id":10864,"date":"2025-07-10T11:32:57","date_gmt":"2025-07-10T09:32:57","guid":{"rendered":"https:\/\/www.easyledstore.it\/prodotto\/mini-controleur-de-reve-led-avec-telecommande\/"},"modified":"2025-07-10T11:32:57","modified_gmt":"2025-07-10T09:32:57","slug":"mini-controleur-de-reve-led-avec-telecommande","status":"publish","type":"product","link":"https:\/\/www.easyledstore.it\/fr\/produit\/mini-controleur-de-reve-led-avec-telecommande\/","title":{"rendered":"Mini contr\u00f4leur de r\u00eave LED avec t\u00e9l\u00e9commande"},"content":{"rendered":"<p data-start=\"170\" data-end=\"556\">Le <strong data-start=\"173\" data-end=\"202\">LED Mini Dream Controller<\/strong> est la solution id\u00e9ale pour ceux qui recherchent un contr\u00f4le avanc\u00e9 mais intuitif de l&#8217;\u00e9clairage LED. Fabriqu\u00e9 en mat\u00e9riaux plastiques de haute qualit\u00e9, il est robuste, r\u00e9sistant \u00e0 l&#8217;usure et con\u00e7u pour durer. Sa taille compacte le rend facile \u00e0 installer et \u00e0 utiliser, id\u00e9al m\u00eame pour les novices en mati\u00e8re de syst\u00e8mes de contr\u00f4le des LED.  <\/p>\n<p data-start=\"558\" data-end=\"1013\">\u00c9quip\u00e9e d&#8217;une <strong data-start=\"568\" data-end=\"595\">t\u00e9l\u00e9commande RF<\/strong> sans fil longue distance (10-30 m\u00e8tres), elle permet de contr\u00f4ler facilement et sans fil plus de 300 modes d&#8217;\u00e9clairage, y compris des effets dynamiques tels que l&#8217;arc-en-ciel, les vagues, la respiration, le fondu, la poursuite et les effets statiques. La luminosit\u00e9 et la vitesse des effets sont r\u00e9glables pour s&#8217;adapter \u00e0 n&#8217;importe quelle atmosph\u00e8re ou \u00e9v\u00e9nement. Gr\u00e2ce \u00e0 la <strong data-start=\"925\" data-end=\"946\">m\u00e9moire int\u00e9gr\u00e9e<\/strong>, les r\u00e9glages sont automatiquement sauvegard\u00e9s lorsque l&#8217;appareil est \u00e9teint.  <\/p>\n<p data-start=\"1015\" data-end=\"1467\">Compatible avec les <strong data-start=\"1031\" data-end=\"1063\">bandes LED WS2811 et WS2812B<\/strong>, il prend en charge un maximum de 2048 pixels (300 pixels recommand\u00e9s, soit environ 5 m\u00e8tres de bande) et convient parfaitement \u00e0 un large \u00e9ventail d&#8217;applications : enseignes lumineuses, modules LED, caissons lumineux et mots lumineux. Elle comprend des connecteurs JST \u00e0 3 broches et des connecteurs DC femelles, ne n\u00e9cessite aucune soudure et est <strong data-start=\"1339\" data-end=\"1356\">pr\u00eate \u00e0 l&#8217;emploi.<\/strong> Les couleurs RVB, GRB, BRG et autres peuvent \u00eatre personnalis\u00e9es via les param\u00e8tres de la t\u00e9l\u00e9commande.  <\/p>\n<p data-start=\"1469\" data-end=\"1814\">Le <strong data-start=\"1472\" data-end=\"1501\">LED Mini Dream Controller<\/strong> est multifonctionnel : il comprend \u00e9galement le contr\u00f4le de la s\u00e9quence RVB, le r\u00e9glage du nombre de pixels, le contr\u00f4le point par point et la fonction de m\u00e9morisation de la mise hors tension. Il peut contr\u00f4ler plusieurs r\u00e9cepteurs \u00e0 l&#8217;aide d&#8217;une seule t\u00e9l\u00e9commande, ce qui offre une grande souplesse dans la conception d&#8217;\u00e9clairages LED personnalis\u00e9s. <\/p>\n<blockquote data-start=\"1816\" data-end=\"2061\">\n<p data-start=\"1818\" data-end=\"2061\">\u26a0\ufe0f <em data-start=\"1821\" data-end=\"1827\">Note<\/em>: Non compatible avec les lumi\u00e8res LED SK6812 RGBW ou les LED RGB sans puce IC. Si le contr\u00f4leur surchauffe, les bandes doivent \u00eatre aliment\u00e9es s\u00e9par\u00e9ment ou des amplificateurs doivent \u00eatre utilis\u00e9s. Prend en charge les puissances jusqu&#8217;\u00e0 5V &lt; 30W, 12V &lt; 72W, 24V &lt; 144W.  <\/p>\n<\/blockquote>\n<p data-start=\"2063\" data-end=\"2094\"><strong data-start=\"2063\" data-end=\"2094\">Contenu de l&#8217;emballage :<\/strong><\/p>\n<ul data-start=\"2095\" data-end=\"2182\">\n<li data-start=\"2095\" data-end=\"2128\">\n<p data-start=\"2097\" data-end=\"2128\">1 x Mini contr\u00f4leur de r\u00eave LED<\/p>\n<\/li>\n<li data-start=\"2129\" data-end=\"2160\">\n<p data-start=\"2131\" data-end=\"2160\">1 x T\u00e9l\u00e9commande RF sans fil<\/p>\n<\/li>\n<li data-start=\"2161\" data-end=\"2182\">\n<p data-start=\"2163\" data-end=\"2182\">1 x Manuel de l&#8217;utilisateur<\/p>\n<\/li>\n<\/ul>\n<p><strong style=\"font-size: 18px;\">Suivez EasyLedStore.co.uk \u00e9galement sur les m\u00e9dias sociaux<\/strong><\/p>\n<ul style=\"list-style: none; padding: 0; font-size: 18px;\">\n<li style=\"text-align: left;\"><a href=\"https:\/\/www.instagram.com\/easyledstore.it\" target=\"_blank\" rel=\"noopener noreferrer nofollow\">Instagram &#8211; <\/a><a href=\"https:\/\/www.facebook.com\/easyledstore\" target=\"_blank\" rel=\"noopener noreferrer nofollow\">Facebook &#8211; <\/a><a href=\"https:\/\/www.tiktok.com\/@easyledstore.it\" target=\"_blank\" rel=\"noopener noreferrer nofollow\">TikTok &#8211; <\/a><a href=\"https:\/\/www.youtube.com\/@easyledstore4589\" target=\"_blank\" rel=\"noopener noreferrer nofollow\">YouTube<\/a><\/li>\n<\/ul>\n<p>&nbsp;<\/p>\n<p>&nbsp;<\/p>\n","protected":false},"excerpt":{"rendered":"<p>Le <strong data-start=\"138\" data-end=\"167\">LED Mini Dream<\/strong> Controller est un contr\u00f4leur compact et puissant pour les bandes LED WS2811 et WS2812B. Facile \u00e0 installer et \u00e0 utiliser, il offre plus de 300 effets d&#8217;\u00e9clairage personnalisables via une t\u00e9l\u00e9commande RF sans fil \u00e0 longue distance. Id\u00e9al pour les enseignes, les modules et les caissons lumineux, il prend en charge jusqu&#8217;\u00e0 2048 pixels et permet de r\u00e9gler la couleur, la vitesse et la luminosit\u00e9. Le <strong data-start=\"500\" data-end=\"529\">LED Mini Dream Controller<\/strong> est pr\u00eat \u00e0 l&#8217;emploi, avec une m\u00e9moire int\u00e9gr\u00e9e et une fonction de gradation RVB. Il est parfait pour ceux qui recherchent le contr\u00f4le, la simplicit\u00e9 et la polyvalence dans un seul appareil. Comprend un contr\u00f4leur, une t\u00e9l\u00e9commande et un mode d&#8217;emploi. Choisissez d\u00e8s maintenant votre <strong data-start=\"754\" data-end=\"783\">LED Mini Dream Controller<\/strong> pour des effets lumineux professionnels !      <\/p>\n<p data-start=\"2063\" data-end=\"2094\"><strong data-start=\"2063\" data-end=\"2094\">Contenu de l&#8217;emballage :<\/strong><\/p>\n<ul data-start=\"2095\" data-end=\"2182\">\n<li data-start=\"2095\" data-end=\"2128\">\n<p data-start=\"2097\" data-end=\"2128\">1 x Mini contr\u00f4leur de r\u00eave LED<\/p>\n<\/li>\n<li data-start=\"2129\" data-end=\"2160\">\n<p data-start=\"2131\" data-end=\"2160\">1 x T\u00e9l\u00e9commande RF sans fil<\/p>\n<\/li>\n<li data-start=\"2161\" data-end=\"2182\">\n<p data-start=\"2163\" data-end=\"2182\">1 x Manuel de l&#8217;utilisateur<\/p>\n<\/li>\n<\/ul>\n<p><strong style=\"font-size: 18px;\">Suivez EasyLedStore.co.uk \u00e9galement sur les m\u00e9dias sociaux<\/strong><\/p>\n<ul style=\"list-style: none; padding: 0; font-size: 18px;\">\n<li style=\"text-align: left;\"><a href=\"https:\/\/www.instagram.com\/easyledstore.it\" target=\"_blank\" rel=\"noopener\">Instagram &#8211; <\/a><a href=\"https:\/\/www.facebook.com\/easyledstore\" target=\"_blank\" rel=\"noopener\">Facebook &#8211; <\/a><a href=\"https:\/\/www.tiktok.com\/@easyledstore.it\" target=\"_blank\" rel=\"noopener\">TikTok &#8211; <\/a><a href=\"https:\/\/www.youtube.com\/@easyledstore4589\" target=\"_blank\" rel=\"noopener\">YouTube<\/a><\/li>\n<\/ul>\n","protected":false},"featured_media":10869,"comment_status":"open","ping_status":"closed","template":"","meta":[],"product_brand":[],"product_cat":[1756,1280],"product_tag":[1055,1224,1332,1282,1223],"class_list":{"0":"post-10864","1":"product","2":"type-product","3":"status-publish","4":"has-post-thumbnail","6":"product_cat-controleur","7":"product_cat-unites-de-controle","8":"product_tag-12v","9":"product_tag-24v","10":"product_tag-5v","11":"product_tag-dc-5v-12v-24v","12":"product_tag-rvb","14":"first","15":"instock","16":"taxable","17":"shipping-taxable","18":"purchasable","19":"product-type-simple"},"yoast_head":"<!-- This site is optimized with the Yoast SEO plugin v27.3 - https:\/\/yoast.com\/product\/yoast-seo-wordpress\/ -->\n<title>Mini contr\u00f4leur de r\u00eave LED avec t\u00e9l\u00e9commande - Easyledstore<\/title>\n<meta name=\"description\" content=\"Contr\u00f4lez jusqu&#039;\u00e0 2048 pixels LED avec le LED Mini Dream Controller : compact, sans fil, avec plus de 300 effets de lumi\u00e8re et une m\u00e9moire int\u00e9gr\u00e9e. Facile \u00e0 utiliser.\" \/>\n<meta name=\"robots\" content=\"index, follow, max-snippet:-1, max-image-preview:large, max-video-preview:-1\" \/>\n<link rel=\"canonical\" href=\"https:\/\/www.easyledstore.it\/fr\/produit\/mini-controleur-de-reve-led-avec-telecommande\/\" \/>\n<meta property=\"og:locale\" content=\"fr_FR\" \/>\n<meta property=\"og:type\" content=\"article\" \/>\n<meta property=\"og:title\" content=\"Mini contr\u00f4leur de r\u00eave LED avec t\u00e9l\u00e9commande - Easyledstore\" \/>\n<meta property=\"og:description\" content=\"Contr\u00f4lez jusqu&#039;\u00e0 2048 pixels LED avec le LED Mini Dream Controller : compact, sans fil, avec plus de 300 effets de lumi\u00e8re et une m\u00e9moire int\u00e9gr\u00e9e. Facile \u00e0 utiliser.\" \/>\n<meta property=\"og:url\" content=\"https:\/\/www.easyledstore.it\/fr\/produit\/mini-controleur-de-reve-led-avec-telecommande\/\" \/>\n<meta property=\"og:site_name\" content=\"Easyledstore\" \/>\n<meta property=\"article:publisher\" content=\"https:\/\/www.facebook.com\/easyledstore\" \/>\n<meta property=\"og:image\" content=\"https:\/\/www.easyledstore.it\/wp-content\/uploads\/2025\/07\/3.jpg\" \/>\n\t<meta property=\"og:image:width\" content=\"2000\" \/>\n\t<meta property=\"og:image:height\" content=\"2000\" \/>\n\t<meta property=\"og:image:type\" content=\"image\/jpeg\" \/>\n<meta name=\"twitter:card\" content=\"summary_large_image\" \/>\n<meta name=\"twitter:label1\" content=\"Dur\u00e9e de lecture estim\u00e9e\" \/>\n\t<meta name=\"twitter:data1\" content=\"2 minutes\" \/>\n<!-- \/ Yoast SEO plugin. -->","yoast_head_json":{"title":"Mini contr\u00f4leur de r\u00eave LED avec t\u00e9l\u00e9commande - Easyledstore","description":"Contr\u00f4lez jusqu'\u00e0 2048 pixels LED avec le LED Mini Dream Controller : compact, sans fil, avec plus de 300 effets de lumi\u00e8re et une m\u00e9moire int\u00e9gr\u00e9e. Facile \u00e0 utiliser.","robots":{"index":"index","follow":"follow","max-snippet":"max-snippet:-1","max-image-preview":"max-image-preview:large","max-video-preview":"max-video-preview:-1"},"canonical":"https:\/\/www.easyledstore.it\/fr\/produit\/mini-controleur-de-reve-led-avec-telecommande\/","og_locale":"fr_FR","og_type":"article","og_title":"Mini contr\u00f4leur de r\u00eave LED avec t\u00e9l\u00e9commande - Easyledstore","og_description":"Contr\u00f4lez jusqu'\u00e0 2048 pixels LED avec le LED Mini Dream Controller : compact, sans fil, avec plus de 300 effets de lumi\u00e8re et une m\u00e9moire int\u00e9gr\u00e9e. Facile \u00e0 utiliser.","og_url":"https:\/\/www.easyledstore.it\/fr\/produit\/mini-controleur-de-reve-led-avec-telecommande\/","og_site_name":"Easyledstore","article_publisher":"https:\/\/www.facebook.com\/easyledstore","og_image":[{"width":2000,"height":2000,"url":"https:\/\/www.easyledstore.it\/wp-content\/uploads\/2025\/07\/3.jpg","type":"image\/jpeg"}],"twitter_card":"summary_large_image","twitter_misc":{"Dur\u00e9e de lecture estim\u00e9e":"2 minutes"},"schema":{"@context":"https:\/\/schema.org","@graph":[{"@type":"WebPage","@id":"https:\/\/www.easyledstore.it\/fr\/produit\/mini-controleur-de-reve-led-avec-telecommande\/","url":"https:\/\/www.easyledstore.it\/fr\/produit\/mini-controleur-de-reve-led-avec-telecommande\/","name":"Mini contr\u00f4leur de r\u00eave LED avec t\u00e9l\u00e9commande - Easyledstore","isPartOf":{"@id":"https:\/\/www.easyledstore.it\/fr\/#website"},"primaryImageOfPage":{"@id":"https:\/\/www.easyledstore.it\/fr\/produit\/mini-controleur-de-reve-led-avec-telecommande\/#primaryimage"},"image":{"@id":"https:\/\/www.easyledstore.it\/fr\/produit\/mini-controleur-de-reve-led-avec-telecommande\/#primaryimage"},"thumbnailUrl":"https:\/\/www.easyledstore.it\/wp-content\/uploads\/2025\/07\/3.jpg","datePublished":"2025-07-10T09:32:57+00:00","description":"Contr\u00f4lez jusqu'\u00e0 2048 pixels LED avec le LED Mini Dream Controller : compact, sans fil, avec plus de 300 effets de lumi\u00e8re et une m\u00e9moire int\u00e9gr\u00e9e. Facile \u00e0 utiliser.","breadcrumb":{"@id":"https:\/\/www.easyledstore.it\/fr\/produit\/mini-controleur-de-reve-led-avec-telecommande\/#breadcrumb"},"inLanguage":"fr-FR","potentialAction":[{"@type":"ReadAction","target":["https:\/\/www.easyledstore.it\/fr\/produit\/mini-controleur-de-reve-led-avec-telecommande\/"]}]},{"@type":"ImageObject","inLanguage":"fr-FR","@id":"https:\/\/www.easyledstore.it\/fr\/produit\/mini-controleur-de-reve-led-avec-telecommande\/#primaryimage","url":"https:\/\/www.easyledstore.it\/wp-content\/uploads\/2025\/07\/3.jpg","contentUrl":"https:\/\/www.easyledstore.it\/wp-content\/uploads\/2025\/07\/3.jpg","width":2000,"height":2000,"caption":"LED Mini Dream Controller con Telecomando"},{"@type":"BreadcrumbList","@id":"https:\/\/www.easyledstore.it\/fr\/produit\/mini-controleur-de-reve-led-avec-telecommande\/#breadcrumb","itemListElement":[{"@type":"ListItem","position":1,"name":"Home","item":"https:\/\/www.easyledstore.it\/fr\/modules-de-signalisation-led\/"},{"@type":"ListItem","position":2,"name":"Shop IT","item":"https:\/\/www.easyledstore.it\/fr\/boutique\/"},{"@type":"ListItem","position":3,"name":"Mini contr\u00f4leur de r\u00eave LED avec t\u00e9l\u00e9commande"}]},{"@type":"WebSite","@id":"https:\/\/www.easyledstore.it\/fr\/#website","url":"https:\/\/www.easyledstore.it\/fr\/","name":"Easyledstore","description":"Alimentatori e Moduli LED per Insegne Luminose","publisher":{"@id":"https:\/\/www.easyledstore.it\/fr\/#organization"},"potentialAction":[{"@type":"SearchAction","target":{"@type":"EntryPoint","urlTemplate":"https:\/\/www.easyledstore.it\/fr\/?s={search_term_string}"},"query-input":{"@type":"PropertyValueSpecification","valueRequired":true,"valueName":"search_term_string"}}],"inLanguage":"fr-FR"},{"@type":"Organization","@id":"https:\/\/www.easyledstore.it\/fr\/#organization","name":"LTC Lighting Trading Company srls","url":"https:\/\/www.easyledstore.it\/fr\/","logo":{"@type":"ImageObject","inLanguage":"fr-FR","@id":"https:\/\/www.easyledstore.it\/fr\/#\/schema\/logo\/image\/","url":"https:\/\/www.easyledstore.it\/wp-content\/uploads\/2018\/03\/Landscape-FullColor-2000.png","contentUrl":"https:\/\/www.easyledstore.it\/wp-content\/uploads\/2018\/03\/Landscape-FullColor-2000.png","width":2000,"height":641,"caption":"LTC Lighting Trading Company srls"},"image":{"@id":"https:\/\/www.easyledstore.it\/fr\/#\/schema\/logo\/image\/"},"sameAs":["https:\/\/www.facebook.com\/easyledstore"]}]}},"_links":{"self":[{"href":"https:\/\/www.easyledstore.it\/fr\/wp-json\/wp\/v2\/product\/10864","targetHints":{"allow":["GET"]}}],"collection":[{"href":"https:\/\/www.easyledstore.it\/fr\/wp-json\/wp\/v2\/product"}],"about":[{"href":"https:\/\/www.easyledstore.it\/fr\/wp-json\/wp\/v2\/types\/product"}],"replies":[{"embeddable":true,"href":"https:\/\/www.easyledstore.it\/fr\/wp-json\/wp\/v2\/comments?post=10864"}],"wp:featuredmedia":[{"embeddable":true,"href":"https:\/\/www.easyledstore.it\/fr\/wp-json\/wp\/v2\/media\/10869"}],"wp:attachment":[{"href":"https:\/\/www.easyledstore.it\/fr\/wp-json\/wp\/v2\/media?parent=10864"}],"wp:term":[{"taxonomy":"product_brand","embeddable":true,"href":"https:\/\/www.easyledstore.it\/fr\/wp-json\/wp\/v2\/product_brand?post=10864"},{"taxonomy":"product_cat","embeddable":true,"href":"https:\/\/www.easyledstore.it\/fr\/wp-json\/wp\/v2\/product_cat?post=10864"},{"taxonomy":"product_tag","embeddable":true,"href":"https:\/\/www.easyledstore.it\/fr\/wp-json\/wp\/v2\/product_tag?post=10864"}],"curies":[{"name":"wp","href":"https:\/\/api.w.org\/{rel}","templated":true}]}}