{"id":10697,"date":"2018-03-22T12:04:40","date_gmt":"2018-03-22T11:04:40","guid":{"rendered":"https:\/\/www.easyledstore.it\/prodotto\/controleur-led-rgb-touch-18a\/"},"modified":"2026-01-19T12:52:26","modified_gmt":"2026-01-19T11:52:26","slug":"controleur-led-rgb-touch-18a","status":"publish","type":"product","link":"https:\/\/www.easyledstore.it\/fr\/produit\/controleur-led-rgb-touch-18a\/","title":{"rendered":"Contr\u00f4leur LED RGB Touch &#8211; 18A"},"content":{"rendered":"<p>Dimensions : 84x54x23 mm<\/p>\n<p>Tension de sortie : DC 12-24 V<\/p>\n<p>Amp\u00e8re de sortie : 18A (6A x 3)<\/p>\n<p>Alimentation : 12V, 216W, 24V, 432W. Quantit\u00e9 de Led contr\u00f4l\u00e9e : Modules 300 pcs ; Bande 30m ; Pixels 300 pcs <\/p>\n","protected":false},"excerpt":{"rendered":"<p>Contr\u00f4leur LED RVB avec t\u00e9l\u00e9commande tactile infrarouge &#8211; 3 canaux. Vous pouvez changer la couleur directement en la touchant. Peut \u00eatre utilis\u00e9 pour des bandes, des modules ou des pixels. (voir fiche technique pour l&#8217;amp\u00e9rage et la quantit\u00e9)   <\/p>\n","protected":false},"featured_media":10699,"comment_status":"open","ping_status":"closed","template":"","meta":[],"product_brand":[],"product_cat":[1756,1280],"product_tag":[1758,1282,1223],"class_list":{"0":"post-10697","1":"product","2":"type-product","3":"status-publish","4":"has-post-thumbnail","6":"product_cat-controleur","7":"product_cat-unites-de-controle","8":"product_tag-216w-432w","9":"product_tag-dc-5v-12v-24v","10":"product_tag-rvb","12":"first","13":"instock","14":"taxable","15":"shipping-taxable","16":"purchasable","17":"product-type-simple"},"yoast_head":"<!-- This site is optimized with the Yoast SEO plugin v27.3 - https:\/\/yoast.com\/product\/yoast-seo-wordpress\/ -->\n<title>Contr\u00f4leur Led RGB Touch - 18A | Easyledstore<\/title>\n<meta name=\"description\" content=\"Contr\u00f4leur LED RVB avec t\u00e9l\u00e9commande tactile infrarouge - 3 canaux. Vous pouvez changer la couleur directement en la touchant. Peut \u00eatre utilis\u00e9 pour des bandes, des modules ou des pixels. (voir fiche technique pour l&#039;amp\u00e9rage et la quantit\u00e9)\" \/>\n<meta name=\"robots\" content=\"index, follow, max-snippet:-1, max-image-preview:large, max-video-preview:-1\" \/>\n<link rel=\"canonical\" href=\"https:\/\/www.easyledstore.it\/fr\/produit\/controleur-led-rgb-touch-18a\/\" \/>\n<meta property=\"og:locale\" content=\"fr_FR\" \/>\n<meta property=\"og:type\" content=\"article\" \/>\n<meta property=\"og:title\" content=\"Contr\u00f4leur Led RGB Touch - 18A | Easyledstore\" \/>\n<meta property=\"og:description\" content=\"Contr\u00f4leur LED RVB avec t\u00e9l\u00e9commande tactile infrarouge - 3 canaux. Vous pouvez changer la couleur directement en la touchant. Peut \u00eatre utilis\u00e9 pour des bandes, des modules ou des pixels. (voir fiche technique pour l&#039;amp\u00e9rage et la quantit\u00e9)\" \/>\n<meta property=\"og:url\" content=\"https:\/\/www.easyledstore.it\/fr\/produit\/controleur-led-rgb-touch-18a\/\" \/>\n<meta property=\"og:site_name\" content=\"Easyledstore\" \/>\n<meta property=\"article:publisher\" content=\"https:\/\/www.facebook.com\/easyledstore\" \/>\n<meta property=\"article:modified_time\" content=\"2026-01-19T11:52:26+00:00\" \/>\n<meta property=\"og:image\" content=\"https:\/\/www.easyledstore.it\/wp-content\/uploads\/2018\/03\/CT18-2.jpg\" \/>\n\t<meta property=\"og:image:width\" content=\"800\" \/>\n\t<meta property=\"og:image:height\" content=\"800\" \/>\n\t<meta property=\"og:image:type\" content=\"image\/jpeg\" \/>\n<meta name=\"twitter:card\" content=\"summary_large_image\" \/>\n<!-- \/ Yoast SEO plugin. -->","yoast_head_json":{"title":"Contr\u00f4leur Led RGB Touch - 18A | Easyledstore","description":"Contr\u00f4leur LED RVB avec t\u00e9l\u00e9commande tactile infrarouge - 3 canaux. Vous pouvez changer la couleur directement en la touchant. Peut \u00eatre utilis\u00e9 pour des bandes, des modules ou des pixels. (voir fiche technique pour l'amp\u00e9rage et la quantit\u00e9)","robots":{"index":"index","follow":"follow","max-snippet":"max-snippet:-1","max-image-preview":"max-image-preview:large","max-video-preview":"max-video-preview:-1"},"canonical":"https:\/\/www.easyledstore.it\/fr\/produit\/controleur-led-rgb-touch-18a\/","og_locale":"fr_FR","og_type":"article","og_title":"Contr\u00f4leur Led RGB Touch - 18A | Easyledstore","og_description":"Contr\u00f4leur LED RVB avec t\u00e9l\u00e9commande tactile infrarouge - 3 canaux. Vous pouvez changer la couleur directement en la touchant. Peut \u00eatre utilis\u00e9 pour des bandes, des modules ou des pixels. (voir fiche technique pour l'amp\u00e9rage et la quantit\u00e9)","og_url":"https:\/\/www.easyledstore.it\/fr\/produit\/controleur-led-rgb-touch-18a\/","og_site_name":"Easyledstore","article_publisher":"https:\/\/www.facebook.com\/easyledstore","article_modified_time":"2026-01-19T11:52:26+00:00","og_image":[{"width":800,"height":800,"url":"https:\/\/www.easyledstore.it\/wp-content\/uploads\/2018\/03\/CT18-2.jpg","type":"image\/jpeg"}],"twitter_card":"summary_large_image","schema":{"@context":"https:\/\/schema.org","@graph":[{"@type":"WebPage","@id":"https:\/\/www.easyledstore.it\/fr\/produit\/controleur-led-rgb-touch-18a\/","url":"https:\/\/www.easyledstore.it\/fr\/produit\/controleur-led-rgb-touch-18a\/","name":"Contr\u00f4leur Led RGB Touch - 18A | Easyledstore","isPartOf":{"@id":"https:\/\/www.easyledstore.it\/fr\/#website"},"primaryImageOfPage":{"@id":"https:\/\/www.easyledstore.it\/fr\/produit\/controleur-led-rgb-touch-18a\/#primaryimage"},"image":{"@id":"https:\/\/www.easyledstore.it\/fr\/produit\/controleur-led-rgb-touch-18a\/#primaryimage"},"thumbnailUrl":"https:\/\/www.easyledstore.it\/wp-content\/uploads\/2018\/03\/CT18-2.jpg","datePublished":"2018-03-22T11:04:40+00:00","dateModified":"2026-01-19T11:52:26+00:00","description":"Contr\u00f4leur LED RVB avec t\u00e9l\u00e9commande tactile infrarouge - 3 canaux. Vous pouvez changer la couleur directement en la touchant. Peut \u00eatre utilis\u00e9 pour des bandes, des modules ou des pixels. (voir fiche technique pour l'amp\u00e9rage et la quantit\u00e9)","breadcrumb":{"@id":"https:\/\/www.easyledstore.it\/fr\/produit\/controleur-led-rgb-touch-18a\/#breadcrumb"},"inLanguage":"fr-FR","potentialAction":[{"@type":"ReadAction","target":["https:\/\/www.easyledstore.it\/fr\/produit\/controleur-led-rgb-touch-18a\/"]}]},{"@type":"ImageObject","inLanguage":"fr-FR","@id":"https:\/\/www.easyledstore.it\/fr\/produit\/controleur-led-rgb-touch-18a\/#primaryimage","url":"https:\/\/www.easyledstore.it\/wp-content\/uploads\/2018\/03\/CT18-2.jpg","contentUrl":"https:\/\/www.easyledstore.it\/wp-content\/uploads\/2018\/03\/CT18-2.jpg","width":800,"height":800,"caption":"CT18"},{"@type":"BreadcrumbList","@id":"https:\/\/www.easyledstore.it\/fr\/produit\/controleur-led-rgb-touch-18a\/#breadcrumb","itemListElement":[{"@type":"ListItem","position":1,"name":"Home","item":"https:\/\/www.easyledstore.it\/fr\/modules-de-signalisation-led\/"},{"@type":"ListItem","position":2,"name":"Shop IT","item":"https:\/\/www.easyledstore.it\/fr\/boutique\/"},{"@type":"ListItem","position":3,"name":"Contr\u00f4leur LED RGB Touch &#8211; 18A"}]},{"@type":"WebSite","@id":"https:\/\/www.easyledstore.it\/fr\/#website","url":"https:\/\/www.easyledstore.it\/fr\/","name":"Easyledstore","description":"Alimentatori e Moduli LED per Insegne Luminose","publisher":{"@id":"https:\/\/www.easyledstore.it\/fr\/#organization"},"potentialAction":[{"@type":"SearchAction","target":{"@type":"EntryPoint","urlTemplate":"https:\/\/www.easyledstore.it\/fr\/?s={search_term_string}"},"query-input":{"@type":"PropertyValueSpecification","valueRequired":true,"valueName":"search_term_string"}}],"inLanguage":"fr-FR"},{"@type":"Organization","@id":"https:\/\/www.easyledstore.it\/fr\/#organization","name":"LTC Lighting Trading Company srls","url":"https:\/\/www.easyledstore.it\/fr\/","logo":{"@type":"ImageObject","inLanguage":"fr-FR","@id":"https:\/\/www.easyledstore.it\/fr\/#\/schema\/logo\/image\/","url":"https:\/\/www.easyledstore.it\/wp-content\/uploads\/2018\/03\/Landscape-FullColor-2000.png","contentUrl":"https:\/\/www.easyledstore.it\/wp-content\/uploads\/2018\/03\/Landscape-FullColor-2000.png","width":2000,"height":641,"caption":"LTC Lighting Trading Company srls"},"image":{"@id":"https:\/\/www.easyledstore.it\/fr\/#\/schema\/logo\/image\/"},"sameAs":["https:\/\/www.facebook.com\/easyledstore"]}]}},"_links":{"self":[{"href":"https:\/\/www.easyledstore.it\/fr\/wp-json\/wp\/v2\/product\/10697","targetHints":{"allow":["GET"]}}],"collection":[{"href":"https:\/\/www.easyledstore.it\/fr\/wp-json\/wp\/v2\/product"}],"about":[{"href":"https:\/\/www.easyledstore.it\/fr\/wp-json\/wp\/v2\/types\/product"}],"replies":[{"embeddable":true,"href":"https:\/\/www.easyledstore.it\/fr\/wp-json\/wp\/v2\/comments?post=10697"}],"wp:featuredmedia":[{"embeddable":true,"href":"https:\/\/www.easyledstore.it\/fr\/wp-json\/wp\/v2\/media\/10699"}],"wp:attachment":[{"href":"https:\/\/www.easyledstore.it\/fr\/wp-json\/wp\/v2\/media?parent=10697"}],"wp:term":[{"taxonomy":"product_brand","embeddable":true,"href":"https:\/\/www.easyledstore.it\/fr\/wp-json\/wp\/v2\/product_brand?post=10697"},{"taxonomy":"product_cat","embeddable":true,"href":"https:\/\/www.easyledstore.it\/fr\/wp-json\/wp\/v2\/product_cat?post=10697"},{"taxonomy":"product_tag","embeddable":true,"href":"https:\/\/www.easyledstore.it\/fr\/wp-json\/wp\/v2\/product_tag?post=10697"}],"curies":[{"name":"wp","href":"https:\/\/api.w.org\/{rel}","templated":true}]}}