{"id":10672,"date":"2018-04-09T17:09:17","date_gmt":"2018-04-09T15:09:17","guid":{"rendered":"https:\/\/www.easyledstore.it\/prodotto\/controleur-led-couleur-avec-carte-sd-programmable-jusqua-2000-led\/"},"modified":"2026-01-19T12:51:57","modified_gmt":"2026-01-19T11:51:57","slug":"controleur-led-couleur-avec-carte-sd-programmable-jusqua-2000-led","status":"publish","type":"product","link":"https:\/\/www.easyledstore.it\/fr\/produit\/controleur-led-couleur-avec-carte-sd-programmable-jusqua-2000-led\/","title":{"rendered":"Contr\u00f4leur LED couleur avec carte SD programmable &#8211; jusqu&#8217;\u00e0 2000 LED"},"content":{"rendered":"<p>Dimensions : 145x95x50 mm<\/p>\n<p>Volts de sortie : DC 5-24 V<\/p>\n<p>Quantit\u00e9 de diodes contr\u00f4l\u00e9es : 2048 pcs<\/p>\n","protected":false},"excerpt":{"rendered":"<p>Contr\u00f4leur de LED programmable par ordinateur via une carte SD. Utile pour ceux qui recherchent des jeux de couleurs d\u00e9finis \u00e0 l&#8217;aide d&#8217;un programme tr\u00e8s simple. Contr\u00f4le jusqu&#8217;\u00e0 2048 points lumineux.  <\/p>\n","protected":false},"featured_media":10678,"comment_status":"open","ping_status":"closed","template":"","meta":[],"product_brand":[],"product_cat":[1756,1280],"product_tag":[1282],"class_list":{"0":"post-10672","1":"product","2":"type-product","3":"status-publish","4":"has-post-thumbnail","6":"product_cat-controleur","7":"product_cat-unites-de-controle","8":"product_tag-dc-5v-12v-24v","10":"first","11":"instock","12":"taxable","13":"shipping-taxable","14":"purchasable","15":"product-type-simple"},"yoast_head":"<!-- This site is optimized with the Yoast SEO plugin v27.3 - https:\/\/yoast.com\/product\/yoast-seo-wordpress\/ -->\n<title>Contr\u00f4leur Led - Carte SD - jusqu&#039;\u00e0 2000 leds | Easyledstore<\/title>\n<meta name=\"description\" content=\"Contr\u00f4leur de LED programmable par ordinateur via une carte SD. Utile pour ceux qui recherchent des jeux de couleurs d\u00e9finis \u00e0 l&#039;aide d&#039;un programme tr\u00e8s simple. Contr\u00f4le jusqu&#039;\u00e0 2048 points lumineux.\" \/>\n<meta name=\"robots\" content=\"index, follow, max-snippet:-1, max-image-preview:large, max-video-preview:-1\" \/>\n<link rel=\"canonical\" href=\"https:\/\/www.easyledstore.it\/fr\/produit\/controleur-led-couleur-avec-carte-sd-programmable-jusqua-2000-led\/\" \/>\n<meta property=\"og:locale\" content=\"fr_FR\" \/>\n<meta property=\"og:type\" content=\"article\" \/>\n<meta property=\"og:title\" content=\"Contr\u00f4leur Led - Carte SD - jusqu&#039;\u00e0 2000 leds | Easyledstore\" \/>\n<meta property=\"og:description\" content=\"Contr\u00f4leur de LED programmable par ordinateur via une carte SD. Utile pour ceux qui recherchent des jeux de couleurs d\u00e9finis \u00e0 l&#039;aide d&#039;un programme tr\u00e8s simple. Contr\u00f4le jusqu&#039;\u00e0 2048 points lumineux.\" \/>\n<meta property=\"og:url\" content=\"https:\/\/www.easyledstore.it\/fr\/produit\/controleur-led-couleur-avec-carte-sd-programmable-jusqua-2000-led\/\" \/>\n<meta property=\"og:site_name\" content=\"Easyledstore\" \/>\n<meta property=\"article:publisher\" content=\"https:\/\/www.facebook.com\/easyledstore\" \/>\n<meta property=\"article:modified_time\" content=\"2026-01-19T11:51:57+00:00\" \/>\n<meta property=\"og:image\" content=\"https:\/\/www.easyledstore.it\/wp-content\/uploads\/2018\/04\/CT-FULL-SD-OK.jpg\" \/>\n\t<meta property=\"og:image:width\" content=\"800\" \/>\n\t<meta property=\"og:image:height\" content=\"800\" \/>\n\t<meta property=\"og:image:type\" content=\"image\/jpeg\" \/>\n<meta name=\"twitter:card\" content=\"summary_large_image\" \/>\n<!-- \/ Yoast SEO plugin. -->","yoast_head_json":{"title":"Contr\u00f4leur Led - Carte SD - jusqu'\u00e0 2000 leds | Easyledstore","description":"Contr\u00f4leur de LED programmable par ordinateur via une carte SD. Utile pour ceux qui recherchent des jeux de couleurs d\u00e9finis \u00e0 l'aide d'un programme tr\u00e8s simple. Contr\u00f4le jusqu'\u00e0 2048 points lumineux.","robots":{"index":"index","follow":"follow","max-snippet":"max-snippet:-1","max-image-preview":"max-image-preview:large","max-video-preview":"max-video-preview:-1"},"canonical":"https:\/\/www.easyledstore.it\/fr\/produit\/controleur-led-couleur-avec-carte-sd-programmable-jusqua-2000-led\/","og_locale":"fr_FR","og_type":"article","og_title":"Contr\u00f4leur Led - Carte SD - jusqu'\u00e0 2000 leds | Easyledstore","og_description":"Contr\u00f4leur de LED programmable par ordinateur via une carte SD. Utile pour ceux qui recherchent des jeux de couleurs d\u00e9finis \u00e0 l'aide d'un programme tr\u00e8s simple. Contr\u00f4le jusqu'\u00e0 2048 points lumineux.","og_url":"https:\/\/www.easyledstore.it\/fr\/produit\/controleur-led-couleur-avec-carte-sd-programmable-jusqua-2000-led\/","og_site_name":"Easyledstore","article_publisher":"https:\/\/www.facebook.com\/easyledstore","article_modified_time":"2026-01-19T11:51:57+00:00","og_image":[{"width":800,"height":800,"url":"https:\/\/www.easyledstore.it\/wp-content\/uploads\/2018\/04\/CT-FULL-SD-OK.jpg","type":"image\/jpeg"}],"twitter_card":"summary_large_image","schema":{"@context":"https:\/\/schema.org","@graph":[{"@type":"WebPage","@id":"https:\/\/www.easyledstore.it\/fr\/produit\/controleur-led-couleur-avec-carte-sd-programmable-jusqua-2000-led\/","url":"https:\/\/www.easyledstore.it\/fr\/produit\/controleur-led-couleur-avec-carte-sd-programmable-jusqua-2000-led\/","name":"Contr\u00f4leur Led - Carte SD - jusqu'\u00e0 2000 leds | Easyledstore","isPartOf":{"@id":"https:\/\/www.easyledstore.it\/fr\/#website"},"primaryImageOfPage":{"@id":"https:\/\/www.easyledstore.it\/fr\/produit\/controleur-led-couleur-avec-carte-sd-programmable-jusqua-2000-led\/#primaryimage"},"image":{"@id":"https:\/\/www.easyledstore.it\/fr\/produit\/controleur-led-couleur-avec-carte-sd-programmable-jusqua-2000-led\/#primaryimage"},"thumbnailUrl":"https:\/\/www.easyledstore.it\/wp-content\/uploads\/2018\/04\/CT-FULL-SD-OK.jpg","datePublished":"2018-04-09T15:09:17+00:00","dateModified":"2026-01-19T11:51:57+00:00","description":"Contr\u00f4leur de LED programmable par ordinateur via une carte SD. Utile pour ceux qui recherchent des jeux de couleurs d\u00e9finis \u00e0 l'aide d'un programme tr\u00e8s simple. Contr\u00f4le jusqu'\u00e0 2048 points lumineux.","breadcrumb":{"@id":"https:\/\/www.easyledstore.it\/fr\/produit\/controleur-led-couleur-avec-carte-sd-programmable-jusqua-2000-led\/#breadcrumb"},"inLanguage":"fr-FR","potentialAction":[{"@type":"ReadAction","target":["https:\/\/www.easyledstore.it\/fr\/produit\/controleur-led-couleur-avec-carte-sd-programmable-jusqua-2000-led\/"]}]},{"@type":"ImageObject","inLanguage":"fr-FR","@id":"https:\/\/www.easyledstore.it\/fr\/produit\/controleur-led-couleur-avec-carte-sd-programmable-jusqua-2000-led\/#primaryimage","url":"https:\/\/www.easyledstore.it\/wp-content\/uploads\/2018\/04\/CT-FULL-SD-OK.jpg","contentUrl":"https:\/\/www.easyledstore.it\/wp-content\/uploads\/2018\/04\/CT-FULL-SD-OK.jpg","width":800,"height":800,"caption":"Controller Led Full Color con Scheda SD programmabile - fino a 2000 led"},{"@type":"BreadcrumbList","@id":"https:\/\/www.easyledstore.it\/fr\/produit\/controleur-led-couleur-avec-carte-sd-programmable-jusqua-2000-led\/#breadcrumb","itemListElement":[{"@type":"ListItem","position":1,"name":"Home","item":"https:\/\/www.easyledstore.it\/fr\/modules-de-signalisation-led\/"},{"@type":"ListItem","position":2,"name":"Shop IT","item":"https:\/\/www.easyledstore.it\/fr\/boutique\/"},{"@type":"ListItem","position":3,"name":"Contr\u00f4leur LED couleur avec carte SD programmable &#8211; jusqu&#8217;\u00e0 2000 LED"}]},{"@type":"WebSite","@id":"https:\/\/www.easyledstore.it\/fr\/#website","url":"https:\/\/www.easyledstore.it\/fr\/","name":"Easyledstore","description":"Alimentatori e Moduli LED per Insegne Luminose","publisher":{"@id":"https:\/\/www.easyledstore.it\/fr\/#organization"},"potentialAction":[{"@type":"SearchAction","target":{"@type":"EntryPoint","urlTemplate":"https:\/\/www.easyledstore.it\/fr\/?s={search_term_string}"},"query-input":{"@type":"PropertyValueSpecification","valueRequired":true,"valueName":"search_term_string"}}],"inLanguage":"fr-FR"},{"@type":"Organization","@id":"https:\/\/www.easyledstore.it\/fr\/#organization","name":"LTC Lighting Trading Company srls","url":"https:\/\/www.easyledstore.it\/fr\/","logo":{"@type":"ImageObject","inLanguage":"fr-FR","@id":"https:\/\/www.easyledstore.it\/fr\/#\/schema\/logo\/image\/","url":"https:\/\/www.easyledstore.it\/wp-content\/uploads\/2018\/03\/Landscape-FullColor-2000.png","contentUrl":"https:\/\/www.easyledstore.it\/wp-content\/uploads\/2018\/03\/Landscape-FullColor-2000.png","width":2000,"height":641,"caption":"LTC Lighting Trading Company srls"},"image":{"@id":"https:\/\/www.easyledstore.it\/fr\/#\/schema\/logo\/image\/"},"sameAs":["https:\/\/www.facebook.com\/easyledstore"]}]}},"_links":{"self":[{"href":"https:\/\/www.easyledstore.it\/fr\/wp-json\/wp\/v2\/product\/10672","targetHints":{"allow":["GET"]}}],"collection":[{"href":"https:\/\/www.easyledstore.it\/fr\/wp-json\/wp\/v2\/product"}],"about":[{"href":"https:\/\/www.easyledstore.it\/fr\/wp-json\/wp\/v2\/types\/product"}],"replies":[{"embeddable":true,"href":"https:\/\/www.easyledstore.it\/fr\/wp-json\/wp\/v2\/comments?post=10672"}],"wp:featuredmedia":[{"embeddable":true,"href":"https:\/\/www.easyledstore.it\/fr\/wp-json\/wp\/v2\/media\/10678"}],"wp:attachment":[{"href":"https:\/\/www.easyledstore.it\/fr\/wp-json\/wp\/v2\/media?parent=10672"}],"wp:term":[{"taxonomy":"product_brand","embeddable":true,"href":"https:\/\/www.easyledstore.it\/fr\/wp-json\/wp\/v2\/product_brand?post=10672"},{"taxonomy":"product_cat","embeddable":true,"href":"https:\/\/www.easyledstore.it\/fr\/wp-json\/wp\/v2\/product_cat?post=10672"},{"taxonomy":"product_tag","embeddable":true,"href":"https:\/\/www.easyledstore.it\/fr\/wp-json\/wp\/v2\/product_tag?post=10672"}],"curies":[{"name":"wp","href":"https:\/\/api.w.org\/{rel}","templated":true}]}}