{"id":10669,"date":"2018-04-09T17:09:18","date_gmt":"2018-04-09T15:09:18","guid":{"rendered":"https:\/\/www.easyledstore.it\/prodotto\/controleur-led-avec-telecommande-ir-6a\/"},"modified":"2026-01-19T12:51:54","modified_gmt":"2026-01-19T11:51:54","slug":"controleur-led-avec-telecommande-ir-6a","status":"publish","type":"product","link":"https:\/\/www.easyledstore.it\/fr\/produit\/controleur-led-avec-telecommande-ir-6a\/","title":{"rendered":"Contr\u00f4leur LED avec t\u00e9l\u00e9commande IR &#8211; 6A"},"content":{"rendered":"<p>Dimensions : 62x40x93 mm<\/p>\n<p>Volts de sortie : DC 12-24 V<\/p>\n<p>Amp\u00e8res de sortie : 6A (2Ax3)<\/p>\n","protected":false},"excerpt":{"rendered":"<p>Contr\u00f4leur LED infrarouge \u00e0 3 canaux avec t\u00e9l\u00e9commande. Utile et polyvalent gr\u00e2ce \u00e0 sa petite taille. Peut \u00eatre utilis\u00e9 pour les petites bandes, les modules ou les pixels. (voir la fiche technique pour l&#8217;amp\u00e9rage et la quantit\u00e9)   <\/p>\n","protected":false},"featured_media":10671,"comment_status":"open","ping_status":"closed","template":"","meta":[],"product_brand":[],"product_cat":[1756,1280],"product_tag":[1282],"class_list":{"0":"post-10669","1":"product","2":"type-product","3":"status-publish","4":"has-post-thumbnail","6":"product_cat-controleur","7":"product_cat-unites-de-controle","8":"product_tag-dc-5v-12v-24v","10":"first","11":"instock","12":"taxable","13":"shipping-taxable","14":"purchasable","15":"product-type-simple"},"yoast_head":"<!-- This site is optimized with the Yoast SEO plugin v27.3 - https:\/\/yoast.com\/product\/yoast-seo-wordpress\/ -->\n<title>Contr\u00f4leur led - t\u00e9l\u00e9commande IR - 6A | Easyledstore<\/title>\n<meta name=\"description\" content=\"Contr\u00f4leur LED infrarouge \u00e0 3 canaux avec t\u00e9l\u00e9commande. Utile et polyvalent gr\u00e2ce \u00e0 sa petite taille. Peut \u00eatre utilis\u00e9 pour les petites bandes, les modules ou les pixels. (voir la fiche technique pour l&#039;amp\u00e9rage et la quantit\u00e9)\" \/>\n<meta name=\"robots\" content=\"index, follow, max-snippet:-1, max-image-preview:large, max-video-preview:-1\" \/>\n<link rel=\"canonical\" href=\"https:\/\/www.easyledstore.it\/fr\/produit\/controleur-led-avec-telecommande-ir-6a\/\" \/>\n<meta property=\"og:locale\" content=\"fr_FR\" \/>\n<meta property=\"og:type\" content=\"article\" \/>\n<meta property=\"og:title\" content=\"Contr\u00f4leur led - t\u00e9l\u00e9commande IR - 6A | Easyledstore\" \/>\n<meta property=\"og:description\" content=\"Contr\u00f4leur LED infrarouge \u00e0 3 canaux avec t\u00e9l\u00e9commande. Utile et polyvalent gr\u00e2ce \u00e0 sa petite taille. Peut \u00eatre utilis\u00e9 pour les petites bandes, les modules ou les pixels. (voir la fiche technique pour l&#039;amp\u00e9rage et la quantit\u00e9)\" \/>\n<meta property=\"og:url\" content=\"https:\/\/www.easyledstore.it\/fr\/produit\/controleur-led-avec-telecommande-ir-6a\/\" \/>\n<meta property=\"og:site_name\" content=\"Easyledstore\" \/>\n<meta property=\"article:publisher\" content=\"https:\/\/www.facebook.com\/easyledstore\" \/>\n<meta property=\"article:modified_time\" content=\"2026-01-19T11:51:54+00:00\" \/>\n<meta property=\"og:image\" content=\"https:\/\/www.easyledstore.it\/wp-content\/uploads\/2018\/04\/CTT6A-OK.jpg\" \/>\n\t<meta property=\"og:image:width\" content=\"800\" \/>\n\t<meta property=\"og:image:height\" content=\"800\" \/>\n\t<meta property=\"og:image:type\" content=\"image\/jpeg\" \/>\n<meta name=\"twitter:card\" content=\"summary_large_image\" \/>\n<!-- \/ Yoast SEO plugin. -->","yoast_head_json":{"title":"Contr\u00f4leur led - t\u00e9l\u00e9commande IR - 6A | Easyledstore","description":"Contr\u00f4leur LED infrarouge \u00e0 3 canaux avec t\u00e9l\u00e9commande. Utile et polyvalent gr\u00e2ce \u00e0 sa petite taille. Peut \u00eatre utilis\u00e9 pour les petites bandes, les modules ou les pixels. (voir la fiche technique pour l'amp\u00e9rage et la quantit\u00e9)","robots":{"index":"index","follow":"follow","max-snippet":"max-snippet:-1","max-image-preview":"max-image-preview:large","max-video-preview":"max-video-preview:-1"},"canonical":"https:\/\/www.easyledstore.it\/fr\/produit\/controleur-led-avec-telecommande-ir-6a\/","og_locale":"fr_FR","og_type":"article","og_title":"Contr\u00f4leur led - t\u00e9l\u00e9commande IR - 6A | Easyledstore","og_description":"Contr\u00f4leur LED infrarouge \u00e0 3 canaux avec t\u00e9l\u00e9commande. Utile et polyvalent gr\u00e2ce \u00e0 sa petite taille. Peut \u00eatre utilis\u00e9 pour les petites bandes, les modules ou les pixels. (voir la fiche technique pour l'amp\u00e9rage et la quantit\u00e9)","og_url":"https:\/\/www.easyledstore.it\/fr\/produit\/controleur-led-avec-telecommande-ir-6a\/","og_site_name":"Easyledstore","article_publisher":"https:\/\/www.facebook.com\/easyledstore","article_modified_time":"2026-01-19T11:51:54+00:00","og_image":[{"width":800,"height":800,"url":"https:\/\/www.easyledstore.it\/wp-content\/uploads\/2018\/04\/CTT6A-OK.jpg","type":"image\/jpeg"}],"twitter_card":"summary_large_image","schema":{"@context":"https:\/\/schema.org","@graph":[{"@type":"WebPage","@id":"https:\/\/www.easyledstore.it\/fr\/produit\/controleur-led-avec-telecommande-ir-6a\/","url":"https:\/\/www.easyledstore.it\/fr\/produit\/controleur-led-avec-telecommande-ir-6a\/","name":"Contr\u00f4leur led - t\u00e9l\u00e9commande IR - 6A | Easyledstore","isPartOf":{"@id":"https:\/\/www.easyledstore.it\/fr\/#website"},"primaryImageOfPage":{"@id":"https:\/\/www.easyledstore.it\/fr\/produit\/controleur-led-avec-telecommande-ir-6a\/#primaryimage"},"image":{"@id":"https:\/\/www.easyledstore.it\/fr\/produit\/controleur-led-avec-telecommande-ir-6a\/#primaryimage"},"thumbnailUrl":"https:\/\/www.easyledstore.it\/wp-content\/uploads\/2018\/04\/CTT6A-OK.jpg","datePublished":"2018-04-09T15:09:18+00:00","dateModified":"2026-01-19T11:51:54+00:00","description":"Contr\u00f4leur LED infrarouge \u00e0 3 canaux avec t\u00e9l\u00e9commande. Utile et polyvalent gr\u00e2ce \u00e0 sa petite taille. Peut \u00eatre utilis\u00e9 pour les petites bandes, les modules ou les pixels. (voir la fiche technique pour l'amp\u00e9rage et la quantit\u00e9)","breadcrumb":{"@id":"https:\/\/www.easyledstore.it\/fr\/produit\/controleur-led-avec-telecommande-ir-6a\/#breadcrumb"},"inLanguage":"fr-FR","potentialAction":[{"@type":"ReadAction","target":["https:\/\/www.easyledstore.it\/fr\/produit\/controleur-led-avec-telecommande-ir-6a\/"]}]},{"@type":"ImageObject","inLanguage":"fr-FR","@id":"https:\/\/www.easyledstore.it\/fr\/produit\/controleur-led-avec-telecommande-ir-6a\/#primaryimage","url":"https:\/\/www.easyledstore.it\/wp-content\/uploads\/2018\/04\/CTT6A-OK.jpg","contentUrl":"https:\/\/www.easyledstore.it\/wp-content\/uploads\/2018\/04\/CTT6A-OK.jpg","width":800,"height":800,"caption":"Controller Led con telecomando IR - 6A"},{"@type":"BreadcrumbList","@id":"https:\/\/www.easyledstore.it\/fr\/produit\/controleur-led-avec-telecommande-ir-6a\/#breadcrumb","itemListElement":[{"@type":"ListItem","position":1,"name":"Home","item":"https:\/\/www.easyledstore.it\/fr\/modules-de-signalisation-led\/"},{"@type":"ListItem","position":2,"name":"Shop IT","item":"https:\/\/www.easyledstore.it\/fr\/boutique\/"},{"@type":"ListItem","position":3,"name":"Contr\u00f4leur LED avec t\u00e9l\u00e9commande IR &#8211; 6A"}]},{"@type":"WebSite","@id":"https:\/\/www.easyledstore.it\/fr\/#website","url":"https:\/\/www.easyledstore.it\/fr\/","name":"Easyledstore","description":"Alimentatori e Moduli LED per Insegne Luminose","publisher":{"@id":"https:\/\/www.easyledstore.it\/fr\/#organization"},"potentialAction":[{"@type":"SearchAction","target":{"@type":"EntryPoint","urlTemplate":"https:\/\/www.easyledstore.it\/fr\/?s={search_term_string}"},"query-input":{"@type":"PropertyValueSpecification","valueRequired":true,"valueName":"search_term_string"}}],"inLanguage":"fr-FR"},{"@type":"Organization","@id":"https:\/\/www.easyledstore.it\/fr\/#organization","name":"LTC Lighting Trading Company srls","url":"https:\/\/www.easyledstore.it\/fr\/","logo":{"@type":"ImageObject","inLanguage":"fr-FR","@id":"https:\/\/www.easyledstore.it\/fr\/#\/schema\/logo\/image\/","url":"https:\/\/www.easyledstore.it\/wp-content\/uploads\/2018\/03\/Landscape-FullColor-2000.png","contentUrl":"https:\/\/www.easyledstore.it\/wp-content\/uploads\/2018\/03\/Landscape-FullColor-2000.png","width":2000,"height":641,"caption":"LTC Lighting Trading Company srls"},"image":{"@id":"https:\/\/www.easyledstore.it\/fr\/#\/schema\/logo\/image\/"},"sameAs":["https:\/\/www.facebook.com\/easyledstore"]}]}},"_links":{"self":[{"href":"https:\/\/www.easyledstore.it\/fr\/wp-json\/wp\/v2\/product\/10669","targetHints":{"allow":["GET"]}}],"collection":[{"href":"https:\/\/www.easyledstore.it\/fr\/wp-json\/wp\/v2\/product"}],"about":[{"href":"https:\/\/www.easyledstore.it\/fr\/wp-json\/wp\/v2\/types\/product"}],"replies":[{"embeddable":true,"href":"https:\/\/www.easyledstore.it\/fr\/wp-json\/wp\/v2\/comments?post=10669"}],"wp:featuredmedia":[{"embeddable":true,"href":"https:\/\/www.easyledstore.it\/fr\/wp-json\/wp\/v2\/media\/10671"}],"wp:attachment":[{"href":"https:\/\/www.easyledstore.it\/fr\/wp-json\/wp\/v2\/media?parent=10669"}],"wp:term":[{"taxonomy":"product_brand","embeddable":true,"href":"https:\/\/www.easyledstore.it\/fr\/wp-json\/wp\/v2\/product_brand?post=10669"},{"taxonomy":"product_cat","embeddable":true,"href":"https:\/\/www.easyledstore.it\/fr\/wp-json\/wp\/v2\/product_cat?post=10669"},{"taxonomy":"product_tag","embeddable":true,"href":"https:\/\/www.easyledstore.it\/fr\/wp-json\/wp\/v2\/product_tag?post=10669"}],"curies":[{"name":"wp","href":"https:\/\/api.w.org\/{rel}","templated":true}]}}