{"id":10631,"date":"2018-04-09T17:09:19","date_gmt":"2018-04-09T15:09:19","guid":{"rendered":"https:\/\/www.easyledstore.it\/prodotto\/module-led-smd3030-blanc-6500k-15w\/"},"modified":"2026-01-19T12:51:26","modified_gmt":"2026-01-19T11:51:26","slug":"module-led-smd3030-blanc-6500k-15w","status":"publish","type":"product","link":"https:\/\/www.easyledstore.it\/fr\/produit\/module-led-smd3030-blanc-6500k-15w\/","title":{"rendered":"Module LED SMD3030 Blanc 6500K &#8211; 1,5W"},"content":{"rendered":"<p>Couleur : blanc froid (6500k)<\/p>\n<p>Dimensions : 48&#215;29,7&#215;4 mm<\/p>\n<p>Angle d&#8217;ouverture : 160\u00b0<\/p>\n<p>Faisceau lumineux : 120-140 Lumen<\/p>\n","protected":false},"excerpt":{"rendered":"<p>Module de signalisation de grande taille, \u00e9quip\u00e9 d&#8217;une LED avec une lentille de 160\u00b0. Environ 35 pi\u00e8ces\/m\u00e8tre carr\u00e9 sont n\u00e9cessaires pour \u00e9clairer une enseigne. Recommand\u00e9 pour optimiser le temps de construction.  <\/p>\n","protected":false},"featured_media":10639,"comment_status":"open","ping_status":"closed","template":"","meta":[],"product_brand":[],"product_cat":[1174,1267],"product_tag":[1180,1721,1270,1722,1055,1056,1080,1723,1176,1079,1177,1186],"class_list":{"0":"post-10631","1":"product","2":"type-product","3":"status-publish","4":"has-post-thumbnail","6":"product_cat-modules-led","7":"product_cat-modules-led-pour-faces-simples-boites-et-lettres","8":"product_tag-1-led","9":"product_tag-1-5w","10":"product_tag-1270","11":"product_tag-120-140-lumen","12":"product_tag-12v","13":"product_tag-160-degres","14":"product_tag-6500k","15":"product_tag-8-20cm","16":"product_tag-avec-lentille","17":"product_tag-blanc-froid","18":"product_tag-certification-ip67","19":"product_tag-led-blanches","21":"first","22":"instock","23":"taxable","24":"shipping-taxable","25":"purchasable","26":"product-type-simple"},"yoast_head":"<!-- This site is optimized with the Yoast SEO plugin v27.3 - https:\/\/yoast.com\/product\/yoast-seo-wordpress\/ -->\n<title>LED SMD3030 Blanc 6500K - 1.5W | Easyledstore<\/title>\n<meta name=\"description\" content=\"Module LED SMD3030 pour grandes enseignes, \u00e9quip\u00e9 d&#039;une LED avec lentille de 160\u00b0. Environ 35 pi\u00e8ces sont n\u00e9cessaires pour \u00e9clairer une enseigne.\" \/>\n<meta name=\"robots\" content=\"index, follow, max-snippet:-1, max-image-preview:large, max-video-preview:-1\" \/>\n<link rel=\"canonical\" href=\"https:\/\/www.easyledstore.it\/fr\/produit\/module-led-smd3030-blanc-6500k-15w\/\" \/>\n<meta property=\"og:locale\" content=\"fr_FR\" \/>\n<meta property=\"og:type\" content=\"article\" \/>\n<meta property=\"og:title\" content=\"LED SMD3030 Blanc 6500K - 1.5W | Easyledstore\" \/>\n<meta property=\"og:description\" content=\"Module LED SMD3030 pour grandes enseignes, \u00e9quip\u00e9 d&#039;une LED avec lentille de 160\u00b0. Environ 35 pi\u00e8ces sont n\u00e9cessaires pour \u00e9clairer une enseigne.\" \/>\n<meta property=\"og:url\" content=\"https:\/\/www.easyledstore.it\/fr\/produit\/module-led-smd3030-blanc-6500k-15w\/\" \/>\n<meta property=\"og:site_name\" content=\"Easyledstore\" \/>\n<meta property=\"article:publisher\" content=\"https:\/\/www.facebook.com\/easyledstore\" \/>\n<meta property=\"article:modified_time\" content=\"2026-01-19T11:51:26+00:00\" \/>\n<meta property=\"og:image\" content=\"https:\/\/www.easyledstore.it\/wp-content\/uploads\/2018\/04\/modulo-led-LIL0115.jpg\" \/>\n\t<meta property=\"og:image:width\" content=\"800\" \/>\n\t<meta property=\"og:image:height\" content=\"800\" \/>\n\t<meta property=\"og:image:type\" content=\"image\/jpeg\" \/>\n<meta name=\"twitter:card\" content=\"summary_large_image\" \/>\n<!-- \/ Yoast SEO plugin. -->","yoast_head_json":{"title":"LED SMD3030 Blanc 6500K - 1.5W | Easyledstore","description":"Module LED SMD3030 pour grandes enseignes, \u00e9quip\u00e9 d'une LED avec lentille de 160\u00b0. Environ 35 pi\u00e8ces sont n\u00e9cessaires pour \u00e9clairer une enseigne.","robots":{"index":"index","follow":"follow","max-snippet":"max-snippet:-1","max-image-preview":"max-image-preview:large","max-video-preview":"max-video-preview:-1"},"canonical":"https:\/\/www.easyledstore.it\/fr\/produit\/module-led-smd3030-blanc-6500k-15w\/","og_locale":"fr_FR","og_type":"article","og_title":"LED SMD3030 Blanc 6500K - 1.5W | Easyledstore","og_description":"Module LED SMD3030 pour grandes enseignes, \u00e9quip\u00e9 d'une LED avec lentille de 160\u00b0. Environ 35 pi\u00e8ces sont n\u00e9cessaires pour \u00e9clairer une enseigne.","og_url":"https:\/\/www.easyledstore.it\/fr\/produit\/module-led-smd3030-blanc-6500k-15w\/","og_site_name":"Easyledstore","article_publisher":"https:\/\/www.facebook.com\/easyledstore","article_modified_time":"2026-01-19T11:51:26+00:00","og_image":[{"width":800,"height":800,"url":"https:\/\/www.easyledstore.it\/wp-content\/uploads\/2018\/04\/modulo-led-LIL0115.jpg","type":"image\/jpeg"}],"twitter_card":"summary_large_image","schema":{"@context":"https:\/\/schema.org","@graph":[{"@type":"WebPage","@id":"https:\/\/www.easyledstore.it\/fr\/produit\/module-led-smd3030-blanc-6500k-15w\/","url":"https:\/\/www.easyledstore.it\/fr\/produit\/module-led-smd3030-blanc-6500k-15w\/","name":"LED SMD3030 Blanc 6500K - 1.5W | Easyledstore","isPartOf":{"@id":"https:\/\/www.easyledstore.it\/fr\/#website"},"primaryImageOfPage":{"@id":"https:\/\/www.easyledstore.it\/fr\/produit\/module-led-smd3030-blanc-6500k-15w\/#primaryimage"},"image":{"@id":"https:\/\/www.easyledstore.it\/fr\/produit\/module-led-smd3030-blanc-6500k-15w\/#primaryimage"},"thumbnailUrl":"https:\/\/www.easyledstore.it\/wp-content\/uploads\/2018\/04\/modulo-led-LIL0115.jpg","datePublished":"2018-04-09T15:09:19+00:00","dateModified":"2026-01-19T11:51:26+00:00","description":"Module LED SMD3030 pour grandes enseignes, \u00e9quip\u00e9 d'une LED avec lentille de 160\u00b0. Environ 35 pi\u00e8ces sont n\u00e9cessaires pour \u00e9clairer une enseigne.","breadcrumb":{"@id":"https:\/\/www.easyledstore.it\/fr\/produit\/module-led-smd3030-blanc-6500k-15w\/#breadcrumb"},"inLanguage":"fr-FR","potentialAction":[{"@type":"ReadAction","target":["https:\/\/www.easyledstore.it\/fr\/produit\/module-led-smd3030-blanc-6500k-15w\/"]}]},{"@type":"ImageObject","inLanguage":"fr-FR","@id":"https:\/\/www.easyledstore.it\/fr\/produit\/module-led-smd3030-blanc-6500k-15w\/#primaryimage","url":"https:\/\/www.easyledstore.it\/wp-content\/uploads\/2018\/04\/modulo-led-LIL0115.jpg","contentUrl":"https:\/\/www.easyledstore.it\/wp-content\/uploads\/2018\/04\/modulo-led-LIL0115.jpg","width":800,"height":800,"caption":"LED SMD3030 modulo led LIL0115"},{"@type":"BreadcrumbList","@id":"https:\/\/www.easyledstore.it\/fr\/produit\/module-led-smd3030-blanc-6500k-15w\/#breadcrumb","itemListElement":[{"@type":"ListItem","position":1,"name":"Home","item":"https:\/\/www.easyledstore.it\/fr\/modules-de-signalisation-led\/"},{"@type":"ListItem","position":2,"name":"Shop IT","item":"https:\/\/www.easyledstore.it\/fr\/boutique\/"},{"@type":"ListItem","position":3,"name":"Module LED SMD3030 Blanc 6500K &#8211; 1,5W"}]},{"@type":"WebSite","@id":"https:\/\/www.easyledstore.it\/fr\/#website","url":"https:\/\/www.easyledstore.it\/fr\/","name":"Easyledstore","description":"Alimentatori e Moduli LED per Insegne Luminose","publisher":{"@id":"https:\/\/www.easyledstore.it\/fr\/#organization"},"potentialAction":[{"@type":"SearchAction","target":{"@type":"EntryPoint","urlTemplate":"https:\/\/www.easyledstore.it\/fr\/?s={search_term_string}"},"query-input":{"@type":"PropertyValueSpecification","valueRequired":true,"valueName":"search_term_string"}}],"inLanguage":"fr-FR"},{"@type":"Organization","@id":"https:\/\/www.easyledstore.it\/fr\/#organization","name":"LTC Lighting Trading Company srls","url":"https:\/\/www.easyledstore.it\/fr\/","logo":{"@type":"ImageObject","inLanguage":"fr-FR","@id":"https:\/\/www.easyledstore.it\/fr\/#\/schema\/logo\/image\/","url":"https:\/\/www.easyledstore.it\/wp-content\/uploads\/2018\/03\/Landscape-FullColor-2000.png","contentUrl":"https:\/\/www.easyledstore.it\/wp-content\/uploads\/2018\/03\/Landscape-FullColor-2000.png","width":2000,"height":641,"caption":"LTC Lighting Trading Company srls"},"image":{"@id":"https:\/\/www.easyledstore.it\/fr\/#\/schema\/logo\/image\/"},"sameAs":["https:\/\/www.facebook.com\/easyledstore"]}]}},"_links":{"self":[{"href":"https:\/\/www.easyledstore.it\/fr\/wp-json\/wp\/v2\/product\/10631","targetHints":{"allow":["GET"]}}],"collection":[{"href":"https:\/\/www.easyledstore.it\/fr\/wp-json\/wp\/v2\/product"}],"about":[{"href":"https:\/\/www.easyledstore.it\/fr\/wp-json\/wp\/v2\/types\/product"}],"replies":[{"embeddable":true,"href":"https:\/\/www.easyledstore.it\/fr\/wp-json\/wp\/v2\/comments?post=10631"}],"wp:featuredmedia":[{"embeddable":true,"href":"https:\/\/www.easyledstore.it\/fr\/wp-json\/wp\/v2\/media\/10639"}],"wp:attachment":[{"href":"https:\/\/www.easyledstore.it\/fr\/wp-json\/wp\/v2\/media?parent=10631"}],"wp:term":[{"taxonomy":"product_brand","embeddable":true,"href":"https:\/\/www.easyledstore.it\/fr\/wp-json\/wp\/v2\/product_brand?post=10631"},{"taxonomy":"product_cat","embeddable":true,"href":"https:\/\/www.easyledstore.it\/fr\/wp-json\/wp\/v2\/product_cat?post=10631"},{"taxonomy":"product_tag","embeddable":true,"href":"https:\/\/www.easyledstore.it\/fr\/wp-json\/wp\/v2\/product_tag?post=10631"}],"curies":[{"name":"wp","href":"https:\/\/api.w.org\/{rel}","templated":true}]}}