{"id":10630,"date":"2018-04-09T17:09:21","date_gmt":"2018-04-09T15:09:21","guid":{"rendered":"https:\/\/www.easyledstore.it\/prodotto\/smd5730-module-led-blanc-3-diodes-12w\/"},"modified":"2026-01-19T12:51:27","modified_gmt":"2026-01-19T11:51:27","slug":"smd5730-module-led-blanc-3-diodes-12w","status":"publish","type":"product","link":"https:\/\/www.easyledstore.it\/fr\/produit\/smd5730-module-led-blanc-3-diodes-12w\/","title":{"rendered":"SMD5730 Module LED blanc &#8211; 3 diodes &#8211; 1,2W"},"content":{"rendered":"<p>Couleur : blanc froid (6500k)<\/p>\n<p>Dimensions : 65x15x7.8mm<\/p>\n<p>Angle d&#8217;ouverture : 160\u00b0<\/p>\n<p>Angle de rayonnement : 102 Lumen<\/p>\n","protected":false},"excerpt":{"rendered":"<p>Module 3 LED avec lentille 160\u00b0, recommand\u00e9 pour ceux qui exigent une forte luminosit\u00e9 de l&#8217;enseigne. Equip\u00e9 d&#8217;un noyau en aluminium et d&#8217;un ruban adh\u00e9sif double face de 3 m\u00e8tres. <\/p>\n","protected":false},"featured_media":10632,"comment_status":"open","ping_status":"closed","template":"","meta":[],"product_brand":[],"product_cat":[1174,1267],"product_tag":[1715,1716,1056,1717,1537,1080,1176,1079,1186],"class_list":{"0":"post-10630","1":"product","2":"type-product","3":"status-publish","4":"has-post-thumbnail","6":"product_cat-modules-led","7":"product_cat-modules-led-pour-faces-simples-boites-et-lettres","8":"product_tag-1-2w","9":"product_tag-102-lumen","10":"product_tag-160-degres","11":"product_tag-1717","12":"product_tag-3-led","13":"product_tag-6500k","14":"product_tag-avec-lentille","15":"product_tag-blanc-froid","16":"product_tag-led-blanches","18":"first","19":"outofstock","20":"taxable","21":"shipping-taxable","22":"purchasable","23":"product-type-simple"},"yoast_head":"<!-- This site is optimized with the Yoast SEO plugin v27.3 - https:\/\/yoast.com\/product\/yoast-seo-wordpress\/ -->\n<title>LED SMD5730 blanche - 3 diodes - 1,2W | Easyledstore<\/title>\n<meta name=\"description\" content=\"Module 3 LED avec lentille 160\u00b0, recommand\u00e9 pour les enseignes n\u00e9cessitant une forte luminosit\u00e9. Equip\u00e9 d&#039;un noyau en aluminium et d&#039;un ruban adh\u00e9sif double face de 3m.\" \/>\n<meta name=\"robots\" content=\"index, follow, max-snippet:-1, max-image-preview:large, max-video-preview:-1\" \/>\n<link rel=\"canonical\" href=\"https:\/\/www.easyledstore.it\/fr\/produit\/smd5730-module-led-blanc-3-diodes-12w\/\" \/>\n<meta property=\"og:locale\" content=\"fr_FR\" \/>\n<meta property=\"og:type\" content=\"article\" \/>\n<meta property=\"og:title\" content=\"LED SMD5730 blanche - 3 diodes - 1,2W | Easyledstore\" \/>\n<meta property=\"og:description\" content=\"Module 3 LED avec lentille 160\u00b0, recommand\u00e9 pour les enseignes n\u00e9cessitant une forte luminosit\u00e9. Equip\u00e9 d&#039;un noyau en aluminium et d&#039;un ruban adh\u00e9sif double face de 3m.\" \/>\n<meta property=\"og:url\" content=\"https:\/\/www.easyledstore.it\/fr\/produit\/smd5730-module-led-blanc-3-diodes-12w\/\" \/>\n<meta property=\"og:site_name\" content=\"Easyledstore\" \/>\n<meta property=\"article:publisher\" content=\"https:\/\/www.facebook.com\/easyledstore\" \/>\n<meta property=\"article:modified_time\" content=\"2026-01-19T11:51:27+00:00\" \/>\n<meta property=\"og:image\" content=\"https:\/\/www.easyledstore.it\/wp-content\/uploads\/2018\/04\/LIL0312-1.jpg\" \/>\n\t<meta property=\"og:image:width\" content=\"800\" \/>\n\t<meta property=\"og:image:height\" content=\"800\" \/>\n\t<meta property=\"og:image:type\" content=\"image\/jpeg\" \/>\n<meta name=\"twitter:card\" content=\"summary_large_image\" \/>\n<!-- \/ Yoast SEO plugin. -->","yoast_head_json":{"title":"LED SMD5730 blanche - 3 diodes - 1,2W | Easyledstore","description":"Module 3 LED avec lentille 160\u00b0, recommand\u00e9 pour les enseignes n\u00e9cessitant une forte luminosit\u00e9. Equip\u00e9 d'un noyau en aluminium et d'un ruban adh\u00e9sif double face de 3m.","robots":{"index":"index","follow":"follow","max-snippet":"max-snippet:-1","max-image-preview":"max-image-preview:large","max-video-preview":"max-video-preview:-1"},"canonical":"https:\/\/www.easyledstore.it\/fr\/produit\/smd5730-module-led-blanc-3-diodes-12w\/","og_locale":"fr_FR","og_type":"article","og_title":"LED SMD5730 blanche - 3 diodes - 1,2W | Easyledstore","og_description":"Module 3 LED avec lentille 160\u00b0, recommand\u00e9 pour les enseignes n\u00e9cessitant une forte luminosit\u00e9. Equip\u00e9 d'un noyau en aluminium et d'un ruban adh\u00e9sif double face de 3m.","og_url":"https:\/\/www.easyledstore.it\/fr\/produit\/smd5730-module-led-blanc-3-diodes-12w\/","og_site_name":"Easyledstore","article_publisher":"https:\/\/www.facebook.com\/easyledstore","article_modified_time":"2026-01-19T11:51:27+00:00","og_image":[{"width":800,"height":800,"url":"https:\/\/www.easyledstore.it\/wp-content\/uploads\/2018\/04\/LIL0312-1.jpg","type":"image\/jpeg"}],"twitter_card":"summary_large_image","schema":{"@context":"https:\/\/schema.org","@graph":[{"@type":"WebPage","@id":"https:\/\/www.easyledstore.it\/fr\/produit\/smd5730-module-led-blanc-3-diodes-12w\/","url":"https:\/\/www.easyledstore.it\/fr\/produit\/smd5730-module-led-blanc-3-diodes-12w\/","name":"LED SMD5730 blanche - 3 diodes - 1,2W | Easyledstore","isPartOf":{"@id":"https:\/\/www.easyledstore.it\/fr\/#website"},"primaryImageOfPage":{"@id":"https:\/\/www.easyledstore.it\/fr\/produit\/smd5730-module-led-blanc-3-diodes-12w\/#primaryimage"},"image":{"@id":"https:\/\/www.easyledstore.it\/fr\/produit\/smd5730-module-led-blanc-3-diodes-12w\/#primaryimage"},"thumbnailUrl":"https:\/\/www.easyledstore.it\/wp-content\/uploads\/2018\/04\/LIL0312-1.jpg","datePublished":"2018-04-09T15:09:21+00:00","dateModified":"2026-01-19T11:51:27+00:00","description":"Module 3 LED avec lentille 160\u00b0, recommand\u00e9 pour les enseignes n\u00e9cessitant une forte luminosit\u00e9. Equip\u00e9 d'un noyau en aluminium et d'un ruban adh\u00e9sif double face de 3m.","breadcrumb":{"@id":"https:\/\/www.easyledstore.it\/fr\/produit\/smd5730-module-led-blanc-3-diodes-12w\/#breadcrumb"},"inLanguage":"fr-FR","potentialAction":[{"@type":"ReadAction","target":["https:\/\/www.easyledstore.it\/fr\/produit\/smd5730-module-led-blanc-3-diodes-12w\/"]}]},{"@type":"ImageObject","inLanguage":"fr-FR","@id":"https:\/\/www.easyledstore.it\/fr\/produit\/smd5730-module-led-blanc-3-diodes-12w\/#primaryimage","url":"https:\/\/www.easyledstore.it\/wp-content\/uploads\/2018\/04\/LIL0312-1.jpg","contentUrl":"https:\/\/www.easyledstore.it\/wp-content\/uploads\/2018\/04\/LIL0312-1.jpg","width":800,"height":800,"caption":"LIL0312"},{"@type":"BreadcrumbList","@id":"https:\/\/www.easyledstore.it\/fr\/produit\/smd5730-module-led-blanc-3-diodes-12w\/#breadcrumb","itemListElement":[{"@type":"ListItem","position":1,"name":"Home","item":"https:\/\/www.easyledstore.it\/fr\/modules-de-signalisation-led\/"},{"@type":"ListItem","position":2,"name":"Shop IT","item":"https:\/\/www.easyledstore.it\/fr\/boutique\/"},{"@type":"ListItem","position":3,"name":"SMD5730 Module LED blanc &#8211; 3 diodes &#8211; 1,2W"}]},{"@type":"WebSite","@id":"https:\/\/www.easyledstore.it\/fr\/#website","url":"https:\/\/www.easyledstore.it\/fr\/","name":"Easyledstore","description":"Alimentatori e Moduli LED per Insegne Luminose","publisher":{"@id":"https:\/\/www.easyledstore.it\/fr\/#organization"},"potentialAction":[{"@type":"SearchAction","target":{"@type":"EntryPoint","urlTemplate":"https:\/\/www.easyledstore.it\/fr\/?s={search_term_string}"},"query-input":{"@type":"PropertyValueSpecification","valueRequired":true,"valueName":"search_term_string"}}],"inLanguage":"fr-FR"},{"@type":"Organization","@id":"https:\/\/www.easyledstore.it\/fr\/#organization","name":"LTC Lighting Trading Company srls","url":"https:\/\/www.easyledstore.it\/fr\/","logo":{"@type":"ImageObject","inLanguage":"fr-FR","@id":"https:\/\/www.easyledstore.it\/fr\/#\/schema\/logo\/image\/","url":"https:\/\/www.easyledstore.it\/wp-content\/uploads\/2018\/03\/Landscape-FullColor-2000.png","contentUrl":"https:\/\/www.easyledstore.it\/wp-content\/uploads\/2018\/03\/Landscape-FullColor-2000.png","width":2000,"height":641,"caption":"LTC Lighting Trading Company srls"},"image":{"@id":"https:\/\/www.easyledstore.it\/fr\/#\/schema\/logo\/image\/"},"sameAs":["https:\/\/www.facebook.com\/easyledstore"]}]}},"_links":{"self":[{"href":"https:\/\/www.easyledstore.it\/fr\/wp-json\/wp\/v2\/product\/10630","targetHints":{"allow":["GET"]}}],"collection":[{"href":"https:\/\/www.easyledstore.it\/fr\/wp-json\/wp\/v2\/product"}],"about":[{"href":"https:\/\/www.easyledstore.it\/fr\/wp-json\/wp\/v2\/types\/product"}],"replies":[{"embeddable":true,"href":"https:\/\/www.easyledstore.it\/fr\/wp-json\/wp\/v2\/comments?post=10630"}],"wp:featuredmedia":[{"embeddable":true,"href":"https:\/\/www.easyledstore.it\/fr\/wp-json\/wp\/v2\/media\/10632"}],"wp:attachment":[{"href":"https:\/\/www.easyledstore.it\/fr\/wp-json\/wp\/v2\/media?parent=10630"}],"wp:term":[{"taxonomy":"product_brand","embeddable":true,"href":"https:\/\/www.easyledstore.it\/fr\/wp-json\/wp\/v2\/product_brand?post=10630"},{"taxonomy":"product_cat","embeddable":true,"href":"https:\/\/www.easyledstore.it\/fr\/wp-json\/wp\/v2\/product_cat?post=10630"},{"taxonomy":"product_tag","embeddable":true,"href":"https:\/\/www.easyledstore.it\/fr\/wp-json\/wp\/v2\/product_tag?post=10630"}],"curies":[{"name":"wp","href":"https:\/\/api.w.org\/{rel}","templated":true}]}}