{"id":10620,"date":"2018-04-09T17:09:23","date_gmt":"2018-04-09T15:09:23","guid":{"rendered":"https:\/\/www.easyledstore.it\/prodotto\/raccords-rapides-de-pression-bornes\/"},"modified":"2026-01-19T12:51:19","modified_gmt":"2026-01-19T11:51:19","slug":"raccords-rapides-de-pression-bornes","status":"publish","type":"product","link":"https:\/\/www.easyledstore.it\/fr\/produit\/raccords-rapides-de-pression-bornes\/","title":{"rendered":"Raccords rapides de pression &#8211; Bornes"},"content":{"rendered":"<h3>Fiabilit\u00e9 et s\u00e9curit\u00e9 de vos installations<\/h3>\n<p>Con\u00e7us pour simplifier l&#8217;installation et garantir une connexion s\u00fbre, nos connecteurs \u00e0 pression sont essentiels pour fermer les terminaux avec pr\u00e9cision. Ces connecteurs innovants sont dot\u00e9s de silicone et d&#8217;un syst\u00e8me de verrouillage \u00e0 pression fiable, garantissant une connexion s\u00fbre et durable. <\/p>\n<p><strong>Caract\u00e9ristiques principales :<\/strong><\/p>\n<ul>\n<li><strong>Dimensions :<\/strong> Adapt\u00e9s <strong>aux c\u00e2bles de 0,4 \u00e0 0,9 mm<\/strong>, ces connecteurs s&#8217;adaptent parfaitement \u00e0 vos exigences d&#8217;installation, garantissant une connexion pr\u00e9cise et stable.<\/li>\n<li><strong>Mat\u00e9riaux de haute qualit\u00e9 :<\/strong> Fabriqu\u00e9s \u00e0 partir de cuivre de haute qualit\u00e9 et d&#8217;un bo\u00eetier en polypropyl\u00e8ne durable, nos connecteurs garantissent une durabilit\u00e9 et une fiabilit\u00e9 \u00e0 long terme. Le rembourrage interne en gel prot\u00e8ge davantage la connexion des agents externes, garantissant des performances optimales m\u00eame dans les conditions les plus exigeantes. <\/li>\n<li><strong>Conception fonctionnelle :<\/strong> gr\u00e2ce \u00e0 leur conception \u00e0 connexion rapide, ces connecteurs simplifient le processus d&#8217;installation, r\u00e9duisent le temps d&#8217;installation et garantissent une connexion s\u00fbre sans n\u00e9cessiter d&#8217;outils suppl\u00e9mentaires.<\/li>\n<li><strong>Large gamme de temp\u00e9ratures :<\/strong> Con\u00e7us pour faire face aux conditions les plus extr\u00eames, nos connecteurs peuvent fonctionner dans une gamme de temp\u00e9ratures allant de -40\u00b0C \u00e0 140\u00b0C, garantissant ainsi des performances fiables dans n&#8217;importe quel environnement.<\/li>\n<li><strong>Emballage pratique :<\/strong> chaque bo\u00eete contient 100 pi\u00e8ces de connecteurs, ce qui permet de disposer d&#8217;une grande quantit\u00e9 de connecteurs pour vos installations et de garantir une solution pr\u00eate \u00e0 l&#8217;emploi lorsque vous en avez besoin.<\/li>\n<\/ul>\n<h3>Sp\u00e9cifications techniques :<\/h3>\n<ul>\n<li><strong>Couleur :<\/strong> orange et transparent, les connecteurs s&#8217;int\u00e8grent facilement dans votre syst\u00e8me sans compromettre l&#8217;esth\u00e9tique.<\/li>\n<li><strong>Mat\u00e9riau :<\/strong> Fabriqu\u00e9s \u00e0 partir de mat\u00e9riaux de haute qualit\u00e9 tels que le cuivre et le polypropyl\u00e8ne, les connecteurs garantissent des performances fiables et durables.<\/li>\n<li><strong>Type de connecteur :<\/strong> Gr\u00e2ce \u00e0 leur conception \u00e0 connexion rapide, les connecteurs simplifient le processus d&#8217;installation et garantissent une connexion s\u00fbre et stable.<\/li>\n<\/ul>\n<p>Choisissez les connecteurs \u00e0 pression de easyledstore.com pour garantir la s\u00e9curit\u00e9, la fiabilit\u00e9 et les performances sup\u00e9rieures de vos installations LED. Faciles \u00e0 installer et con\u00e7us pour r\u00e9sister aux conditions les plus exigeantes, ces connecteurs sont la solution id\u00e9ale pour tout projet d&#8217;\u00e9clairage. <\/p>\n","protected":false},"excerpt":{"rendered":"<p>Connecteurs \u00e0 pression pour fermer les terminaux. Equip\u00e9 de silicone et de fermeture \u00e0 pression. Bo\u00eete de 100 pi\u00e8ces.  <\/p>\n","protected":false},"featured_media":10622,"comment_status":"open","ping_status":"closed","template":"","meta":[],"product_brand":[],"product_cat":[1124,1125],"product_tag":[],"class_list":{"0":"post-10620","1":"product","2":"type-product","3":"status-publish","4":"has-post-thumbnail","6":"product_cat-accessoires","7":"product_cat-accessoires-flex-neon-split","9":"first","10":"outofstock","11":"taxable","12":"shipping-taxable","13":"purchasable","14":"product-type-simple"},"yoast_head":"<!-- This site is optimized with the Yoast SEO plugin v27.3 - https:\/\/yoast.com\/product\/yoast-seo-wordpress\/ -->\n<title>Connecteurs \u00e0 pression - Bornes - (100pcs) | Easyledstore<\/title>\n<meta name=\"description\" content=\"Connecteurs \u00e0 pression pour fermer les terminaux. Equip\u00e9s de silicone et de fermeture \u00e0 pression. Bo\u00eete de 100 pi\u00e8ces. Connexion rapide\" \/>\n<meta name=\"robots\" content=\"index, follow, max-snippet:-1, max-image-preview:large, max-video-preview:-1\" \/>\n<link rel=\"canonical\" href=\"https:\/\/www.easyledstore.it\/fr\/produit\/raccords-rapides-de-pression-bornes\/\" \/>\n<meta property=\"og:locale\" content=\"fr_FR\" \/>\n<meta property=\"og:type\" content=\"article\" \/>\n<meta property=\"og:title\" content=\"Connecteurs \u00e0 pression - Bornes - (100pcs) | Easyledstore\" \/>\n<meta property=\"og:description\" content=\"Connecteurs \u00e0 pression pour fermer les terminaux. Equip\u00e9s de silicone et de fermeture \u00e0 pression. Bo\u00eete de 100 pi\u00e8ces. Connexion rapide\" \/>\n<meta property=\"og:url\" content=\"https:\/\/www.easyledstore.it\/fr\/produit\/raccords-rapides-de-pression-bornes\/\" \/>\n<meta property=\"og:site_name\" content=\"Easyledstore\" \/>\n<meta property=\"article:publisher\" content=\"https:\/\/www.facebook.com\/easyledstore\" \/>\n<meta property=\"article:modified_time\" content=\"2026-01-19T11:51:19+00:00\" \/>\n<meta property=\"og:image\" content=\"https:\/\/www.easyledstore.it\/wp-content\/uploads\/2018\/04\/PIN-CUP.jpg\" \/>\n\t<meta property=\"og:image:width\" content=\"800\" \/>\n\t<meta property=\"og:image:height\" content=\"800\" \/>\n\t<meta property=\"og:image:type\" content=\"image\/jpeg\" \/>\n<meta name=\"twitter:card\" content=\"summary_large_image\" \/>\n<meta name=\"twitter:label1\" content=\"Dur\u00e9e de lecture estim\u00e9e\" \/>\n\t<meta name=\"twitter:data1\" content=\"2 minutes\" \/>\n<!-- \/ Yoast SEO plugin. -->","yoast_head_json":{"title":"Connecteurs \u00e0 pression - Bornes - (100pcs) | Easyledstore","description":"Connecteurs \u00e0 pression pour fermer les terminaux. Equip\u00e9s de silicone et de fermeture \u00e0 pression. Bo\u00eete de 100 pi\u00e8ces. Connexion rapide","robots":{"index":"index","follow":"follow","max-snippet":"max-snippet:-1","max-image-preview":"max-image-preview:large","max-video-preview":"max-video-preview:-1"},"canonical":"https:\/\/www.easyledstore.it\/fr\/produit\/raccords-rapides-de-pression-bornes\/","og_locale":"fr_FR","og_type":"article","og_title":"Connecteurs \u00e0 pression - Bornes - (100pcs) | Easyledstore","og_description":"Connecteurs \u00e0 pression pour fermer les terminaux. Equip\u00e9s de silicone et de fermeture \u00e0 pression. Bo\u00eete de 100 pi\u00e8ces. Connexion rapide","og_url":"https:\/\/www.easyledstore.it\/fr\/produit\/raccords-rapides-de-pression-bornes\/","og_site_name":"Easyledstore","article_publisher":"https:\/\/www.facebook.com\/easyledstore","article_modified_time":"2026-01-19T11:51:19+00:00","og_image":[{"width":800,"height":800,"url":"https:\/\/www.easyledstore.it\/wp-content\/uploads\/2018\/04\/PIN-CUP.jpg","type":"image\/jpeg"}],"twitter_card":"summary_large_image","twitter_misc":{"Dur\u00e9e de lecture estim\u00e9e":"2 minutes"},"schema":{"@context":"https:\/\/schema.org","@graph":[{"@type":"WebPage","@id":"https:\/\/www.easyledstore.it\/fr\/produit\/raccords-rapides-de-pression-bornes\/","url":"https:\/\/www.easyledstore.it\/fr\/produit\/raccords-rapides-de-pression-bornes\/","name":"Connecteurs \u00e0 pression - Bornes - (100pcs) | Easyledstore","isPartOf":{"@id":"https:\/\/www.easyledstore.it\/fr\/#website"},"primaryImageOfPage":{"@id":"https:\/\/www.easyledstore.it\/fr\/produit\/raccords-rapides-de-pression-bornes\/#primaryimage"},"image":{"@id":"https:\/\/www.easyledstore.it\/fr\/produit\/raccords-rapides-de-pression-bornes\/#primaryimage"},"thumbnailUrl":"https:\/\/www.easyledstore.it\/wp-content\/uploads\/2018\/04\/PIN-CUP.jpg","datePublished":"2018-04-09T15:09:23+00:00","dateModified":"2026-01-19T11:51:19+00:00","description":"Connecteurs \u00e0 pression pour fermer les terminaux. Equip\u00e9s de silicone et de fermeture \u00e0 pression. Bo\u00eete de 100 pi\u00e8ces. Connexion rapide","breadcrumb":{"@id":"https:\/\/www.easyledstore.it\/fr\/produit\/raccords-rapides-de-pression-bornes\/#breadcrumb"},"inLanguage":"fr-FR","potentialAction":[{"@type":"ReadAction","target":["https:\/\/www.easyledstore.it\/fr\/produit\/raccords-rapides-de-pression-bornes\/"]}]},{"@type":"ImageObject","inLanguage":"fr-FR","@id":"https:\/\/www.easyledstore.it\/fr\/produit\/raccords-rapides-de-pression-bornes\/#primaryimage","url":"https:\/\/www.easyledstore.it\/wp-content\/uploads\/2018\/04\/PIN-CUP.jpg","contentUrl":"https:\/\/www.easyledstore.it\/wp-content\/uploads\/2018\/04\/PIN-CUP.jpg","width":800,"height":800,"caption":"Connettori a Pressione PIN-CUP"},{"@type":"BreadcrumbList","@id":"https:\/\/www.easyledstore.it\/fr\/produit\/raccords-rapides-de-pression-bornes\/#breadcrumb","itemListElement":[{"@type":"ListItem","position":1,"name":"Home","item":"https:\/\/www.easyledstore.it\/fr\/modules-de-signalisation-led\/"},{"@type":"ListItem","position":2,"name":"Shop IT","item":"https:\/\/www.easyledstore.it\/fr\/boutique\/"},{"@type":"ListItem","position":3,"name":"Raccords rapides de pression &#8211; Bornes"}]},{"@type":"WebSite","@id":"https:\/\/www.easyledstore.it\/fr\/#website","url":"https:\/\/www.easyledstore.it\/fr\/","name":"Easyledstore","description":"Alimentatori e Moduli LED per Insegne Luminose","publisher":{"@id":"https:\/\/www.easyledstore.it\/fr\/#organization"},"potentialAction":[{"@type":"SearchAction","target":{"@type":"EntryPoint","urlTemplate":"https:\/\/www.easyledstore.it\/fr\/?s={search_term_string}"},"query-input":{"@type":"PropertyValueSpecification","valueRequired":true,"valueName":"search_term_string"}}],"inLanguage":"fr-FR"},{"@type":"Organization","@id":"https:\/\/www.easyledstore.it\/fr\/#organization","name":"LTC Lighting Trading Company srls","url":"https:\/\/www.easyledstore.it\/fr\/","logo":{"@type":"ImageObject","inLanguage":"fr-FR","@id":"https:\/\/www.easyledstore.it\/fr\/#\/schema\/logo\/image\/","url":"https:\/\/www.easyledstore.it\/wp-content\/uploads\/2018\/03\/Landscape-FullColor-2000.png","contentUrl":"https:\/\/www.easyledstore.it\/wp-content\/uploads\/2018\/03\/Landscape-FullColor-2000.png","width":2000,"height":641,"caption":"LTC Lighting Trading Company srls"},"image":{"@id":"https:\/\/www.easyledstore.it\/fr\/#\/schema\/logo\/image\/"},"sameAs":["https:\/\/www.facebook.com\/easyledstore"]}]}},"_links":{"self":[{"href":"https:\/\/www.easyledstore.it\/fr\/wp-json\/wp\/v2\/product\/10620","targetHints":{"allow":["GET"]}}],"collection":[{"href":"https:\/\/www.easyledstore.it\/fr\/wp-json\/wp\/v2\/product"}],"about":[{"href":"https:\/\/www.easyledstore.it\/fr\/wp-json\/wp\/v2\/types\/product"}],"replies":[{"embeddable":true,"href":"https:\/\/www.easyledstore.it\/fr\/wp-json\/wp\/v2\/comments?post=10620"}],"wp:featuredmedia":[{"embeddable":true,"href":"https:\/\/www.easyledstore.it\/fr\/wp-json\/wp\/v2\/media\/10622"}],"wp:attachment":[{"href":"https:\/\/www.easyledstore.it\/fr\/wp-json\/wp\/v2\/media?parent=10620"}],"wp:term":[{"taxonomy":"product_brand","embeddable":true,"href":"https:\/\/www.easyledstore.it\/fr\/wp-json\/wp\/v2\/product_brand?post=10620"},{"taxonomy":"product_cat","embeddable":true,"href":"https:\/\/www.easyledstore.it\/fr\/wp-json\/wp\/v2\/product_cat?post=10620"},{"taxonomy":"product_tag","embeddable":true,"href":"https:\/\/www.easyledstore.it\/fr\/wp-json\/wp\/v2\/product_tag?post=10620"}],"curies":[{"name":"wp","href":"https:\/\/api.w.org\/{rel}","templated":true}]}}