{"id":10612,"date":"2018-04-09T17:09:23","date_gmt":"2018-04-09T15:09:23","guid":{"rendered":"https:\/\/www.easyledstore.it\/prodotto\/pixel-led-blanc-chaud-012w\/"},"modified":"2026-01-19T12:50:57","modified_gmt":"2026-01-19T11:50:57","slug":"pixel-led-blanc-chaud-012w","status":"publish","type":"product","link":"https:\/\/www.easyledstore.it\/fr\/produit\/pixel-led-blanc-chaud-012w\/","title":{"rendered":"Pixel LED blanc chaud &#8211; 0,12W"},"content":{"rendered":"<h3>Simplicit\u00e9 et commodit\u00e9 avec la LED Pixel Warm White<\/h3>\n<p>Apportez une touche de chaleur et de luminosit\u00e9 \u00e0 votre projet avec la LED Pixel Warm White de EasyLEDStore.co.uk. Avec une puissance de 0,12 W, cette LED petite mais puissante est un v\u00e9ritable champion de la luminosit\u00e9. <\/p>\n<h3>Sp\u00e9cifications techniques :<\/h3>\n<ul>\n<li><strong>Couleur :<\/strong> blanc chaud<\/li>\n<li><strong>Angle d&#8217;ouverture :<\/strong> 120<\/li>\n<li><strong>Tension :<\/strong> 12 <strong>V<\/strong> <\/li>\n<li><strong>Luminosit\u00e9 :<\/strong> 18-20 lumens<\/li>\n<li><strong>Temp\u00e9rature de couleur :<\/strong> 2700-3300K<\/li>\n<li><strong>Protection IP65 :<\/strong> R\u00e9sistante aux intemp\u00e9ries, cette LED peut \u00eatre install\u00e9e \u00e0 l&#8217;ext\u00e9rieur et dans des environnements humides.<\/li>\n<\/ul>\n<h3>Caract\u00e9ristiques principales :<\/h3>\n<ul>\n<li><strong>Luminosit\u00e9 agr\u00e9able :<\/strong> Avec une temp\u00e9rature de couleur de 2700 \u00e0 3300K, cette LED \u00e9met une lumi\u00e8re blanche chaude, parfaite pour cr\u00e9er une atmosph\u00e8re agr\u00e9able et invitante.<\/li>\n<li><strong>Design<\/strong> fin et <strong>polyvalent :<\/strong> Gr\u00e2ce \u00e0 son design fin et compact, cette LED est id\u00e9ale pour une installation dans des espaces confin\u00e9s ou lorsqu&#8217;une discr\u00e9tion esth\u00e9tique est requise.<\/li>\n<li><strong>Applications infinies :<\/strong> parfait pour cr\u00e9er des enseignes lumineuses, des lettres ou des bo\u00eetes, ce pixel LED est un excellent choix pour les projets d&#8217;\u00e9clairage ext\u00e9rieur qui requi\u00e8rent une touche de cr\u00e9ativit\u00e9 et de style.<\/li>\n<li><strong>Compatibilit\u00e9 universelle :<\/strong> pour une utilisation avec des unit\u00e9s de contr\u00f4le adapt\u00e9es aux LED unicolores, ce pixel LED offre la flexibilit\u00e9 n\u00e9cessaire pour cr\u00e9er une vari\u00e9t\u00e9 de mouvements lumineux et d&#8217;effets dynamiques.<\/li>\n<\/ul>\n<h3>D\u00e9couvrez la gamme LED Pixel d&#8217;Easyledstore<\/h3>\n<p>Que vous souhaitiez \u00e9clairer un magasin, un bar ou un \u00e9v\u00e9nement sp\u00e9cial, la LED Single Pixel Warm White est pr\u00eate \u00e0 mettre en lumi\u00e8re votre vision. Choisissez la luminosit\u00e9, choisissez l&#8217;\u00e9l\u00e9gance, choisissez EasyLEDStore.co.uk. <strong><a href=\"https:\/\/www.easyledstore.it\/fr\/categories-produits\/pixel-led\/\">D\u00e9couvrez notre large gamme de pixels LED disponibles<\/a><\/strong> dans une grande vari\u00e9t\u00e9 de couleurs, y compris en RVB programmable. Transformez n&#8217;importe quelle pi\u00e8ce en une \u0153uvre d&#8217;art lumineuse.  <\/p>\n","protected":false},"excerpt":{"rendered":"<p>LED Pixel Blanc Chaud encastrable disponible. Id\u00e9ales pour donner une luminosit\u00e9 externe aux lettres ou aux bo\u00eetes. S&#8217;utilise \u00e9galement avec des unit\u00e9s de contr\u00f4le adapt\u00e9es aux LED unicolores pour cr\u00e9er diff\u00e9rents mouvements lumineux.  <\/p>\n","protected":false},"featured_media":9563,"comment_status":"open","ping_status":"closed","template":"","meta":[],"product_brand":[],"product_cat":[1054],"product_tag":[1059,1055,1056,1058,1179,1178,1061],"class_list":{"0":"post-10612","1":"product","2":"type-product","3":"status-publish","4":"has-post-thumbnail","6":"product_cat-pixel-led","7":"product_tag-0-12w","8":"product_tag-12v","9":"product_tag-160-degres","10":"product_tag-1058","11":"product_tag-3000k","12":"product_tag-blanc-chaud","13":"product_tag-certifie-ip65","15":"first","16":"instock","17":"taxable","18":"shipping-taxable","19":"purchasable","20":"product-type-simple"},"yoast_head":"<!-- This site is optimized with the Yoast SEO plugin v27.3 - https:\/\/yoast.com\/product\/yoast-seo-wordpress\/ -->\n<title>Led Pixel Blanc Chaud - 0.12W | Easyledstore<\/title>\n<meta name=\"description\" content=\"LED Pixel Blanc Chaud Encastr\u00e9. Id\u00e9al pour les lettres ou les bo\u00eetes. S&#039;utilise \u00e9galement avec des unit\u00e9s de contr\u00f4le pour cr\u00e9er diff\u00e9rents mouvements de lumi\u00e8re.\" \/>\n<meta name=\"robots\" content=\"index, follow, max-snippet:-1, max-image-preview:large, max-video-preview:-1\" \/>\n<link rel=\"canonical\" href=\"https:\/\/www.easyledstore.it\/fr\/produit\/pixel-led-blanc-chaud-012w\/\" \/>\n<meta property=\"og:locale\" content=\"fr_FR\" \/>\n<meta property=\"og:type\" content=\"article\" \/>\n<meta property=\"og:title\" content=\"Led Pixel Blanc Chaud - 0.12W | Easyledstore\" \/>\n<meta property=\"og:description\" content=\"LED Pixel Blanc Chaud Encastr\u00e9. Id\u00e9al pour les lettres ou les bo\u00eetes. S&#039;utilise \u00e9galement avec des unit\u00e9s de contr\u00f4le pour cr\u00e9er diff\u00e9rents mouvements de lumi\u00e8re.\" \/>\n<meta property=\"og:url\" content=\"https:\/\/www.easyledstore.it\/fr\/produit\/pixel-led-blanc-chaud-012w\/\" \/>\n<meta property=\"og:site_name\" content=\"Easyledstore\" \/>\n<meta property=\"article:publisher\" content=\"https:\/\/www.facebook.com\/easyledstore\" \/>\n<meta property=\"article:modified_time\" content=\"2026-01-19T11:50:57+00:00\" \/>\n<meta property=\"og:image\" content=\"https:\/\/www.easyledstore.it\/wp-content\/uploads\/2018\/03\/pixelbianco.png\" \/>\n\t<meta property=\"og:image:width\" content=\"1500\" \/>\n\t<meta property=\"og:image:height\" content=\"1500\" \/>\n\t<meta property=\"og:image:type\" content=\"image\/png\" \/>\n<meta name=\"twitter:card\" content=\"summary_large_image\" \/>\n<meta name=\"twitter:label1\" content=\"Dur\u00e9e de lecture estim\u00e9e\" \/>\n\t<meta name=\"twitter:data1\" content=\"2 minutes\" \/>\n<!-- \/ Yoast SEO plugin. -->","yoast_head_json":{"title":"Led Pixel Blanc Chaud - 0.12W | Easyledstore","description":"LED Pixel Blanc Chaud Encastr\u00e9. Id\u00e9al pour les lettres ou les bo\u00eetes. S'utilise \u00e9galement avec des unit\u00e9s de contr\u00f4le pour cr\u00e9er diff\u00e9rents mouvements de lumi\u00e8re.","robots":{"index":"index","follow":"follow","max-snippet":"max-snippet:-1","max-image-preview":"max-image-preview:large","max-video-preview":"max-video-preview:-1"},"canonical":"https:\/\/www.easyledstore.it\/fr\/produit\/pixel-led-blanc-chaud-012w\/","og_locale":"fr_FR","og_type":"article","og_title":"Led Pixel Blanc Chaud - 0.12W | Easyledstore","og_description":"LED Pixel Blanc Chaud Encastr\u00e9. Id\u00e9al pour les lettres ou les bo\u00eetes. S'utilise \u00e9galement avec des unit\u00e9s de contr\u00f4le pour cr\u00e9er diff\u00e9rents mouvements de lumi\u00e8re.","og_url":"https:\/\/www.easyledstore.it\/fr\/produit\/pixel-led-blanc-chaud-012w\/","og_site_name":"Easyledstore","article_publisher":"https:\/\/www.facebook.com\/easyledstore","article_modified_time":"2026-01-19T11:50:57+00:00","og_image":[{"width":1500,"height":1500,"url":"https:\/\/www.easyledstore.it\/wp-content\/uploads\/2018\/03\/pixelbianco.png","type":"image\/png"}],"twitter_card":"summary_large_image","twitter_misc":{"Dur\u00e9e de lecture estim\u00e9e":"2 minutes"},"schema":{"@context":"https:\/\/schema.org","@graph":[{"@type":"WebPage","@id":"https:\/\/www.easyledstore.it\/fr\/produit\/pixel-led-blanc-chaud-012w\/","url":"https:\/\/www.easyledstore.it\/fr\/produit\/pixel-led-blanc-chaud-012w\/","name":"Led Pixel Blanc Chaud - 0.12W | Easyledstore","isPartOf":{"@id":"https:\/\/www.easyledstore.it\/fr\/#website"},"primaryImageOfPage":{"@id":"https:\/\/www.easyledstore.it\/fr\/produit\/pixel-led-blanc-chaud-012w\/#primaryimage"},"image":{"@id":"https:\/\/www.easyledstore.it\/fr\/produit\/pixel-led-blanc-chaud-012w\/#primaryimage"},"thumbnailUrl":"https:\/\/www.easyledstore.it\/wp-content\/uploads\/2018\/03\/pixelbianco.png","datePublished":"2018-04-09T15:09:23+00:00","dateModified":"2026-01-19T11:50:57+00:00","description":"LED Pixel Blanc Chaud Encastr\u00e9. Id\u00e9al pour les lettres ou les bo\u00eetes. S'utilise \u00e9galement avec des unit\u00e9s de contr\u00f4le pour cr\u00e9er diff\u00e9rents mouvements de lumi\u00e8re.","breadcrumb":{"@id":"https:\/\/www.easyledstore.it\/fr\/produit\/pixel-led-blanc-chaud-012w\/#breadcrumb"},"inLanguage":"fr-FR","potentialAction":[{"@type":"ReadAction","target":["https:\/\/www.easyledstore.it\/fr\/produit\/pixel-led-blanc-chaud-012w\/"]}]},{"@type":"ImageObject","inLanguage":"fr-FR","@id":"https:\/\/www.easyledstore.it\/fr\/produit\/pixel-led-blanc-chaud-012w\/#primaryimage","url":"https:\/\/www.easyledstore.it\/wp-content\/uploads\/2018\/03\/pixelbianco.png","contentUrl":"https:\/\/www.easyledstore.it\/wp-content\/uploads\/2018\/03\/pixelbianco.png","width":1500,"height":1500,"caption":"LED Pixel White"},{"@type":"BreadcrumbList","@id":"https:\/\/www.easyledstore.it\/fr\/produit\/pixel-led-blanc-chaud-012w\/#breadcrumb","itemListElement":[{"@type":"ListItem","position":1,"name":"Home","item":"https:\/\/www.easyledstore.it\/fr\/modules-de-signalisation-led\/"},{"@type":"ListItem","position":2,"name":"Shop IT","item":"https:\/\/www.easyledstore.it\/fr\/boutique\/"},{"@type":"ListItem","position":3,"name":"Pixel LED blanc chaud &#8211; 0,12W"}]},{"@type":"WebSite","@id":"https:\/\/www.easyledstore.it\/fr\/#website","url":"https:\/\/www.easyledstore.it\/fr\/","name":"Easyledstore","description":"Alimentatori e Moduli LED per Insegne Luminose","publisher":{"@id":"https:\/\/www.easyledstore.it\/fr\/#organization"},"potentialAction":[{"@type":"SearchAction","target":{"@type":"EntryPoint","urlTemplate":"https:\/\/www.easyledstore.it\/fr\/?s={search_term_string}"},"query-input":{"@type":"PropertyValueSpecification","valueRequired":true,"valueName":"search_term_string"}}],"inLanguage":"fr-FR"},{"@type":"Organization","@id":"https:\/\/www.easyledstore.it\/fr\/#organization","name":"LTC Lighting Trading Company srls","url":"https:\/\/www.easyledstore.it\/fr\/","logo":{"@type":"ImageObject","inLanguage":"fr-FR","@id":"https:\/\/www.easyledstore.it\/fr\/#\/schema\/logo\/image\/","url":"https:\/\/www.easyledstore.it\/wp-content\/uploads\/2018\/03\/Landscape-FullColor-2000.png","contentUrl":"https:\/\/www.easyledstore.it\/wp-content\/uploads\/2018\/03\/Landscape-FullColor-2000.png","width":2000,"height":641,"caption":"LTC Lighting Trading Company srls"},"image":{"@id":"https:\/\/www.easyledstore.it\/fr\/#\/schema\/logo\/image\/"},"sameAs":["https:\/\/www.facebook.com\/easyledstore"]}]}},"_links":{"self":[{"href":"https:\/\/www.easyledstore.it\/fr\/wp-json\/wp\/v2\/product\/10612","targetHints":{"allow":["GET"]}}],"collection":[{"href":"https:\/\/www.easyledstore.it\/fr\/wp-json\/wp\/v2\/product"}],"about":[{"href":"https:\/\/www.easyledstore.it\/fr\/wp-json\/wp\/v2\/types\/product"}],"replies":[{"embeddable":true,"href":"https:\/\/www.easyledstore.it\/fr\/wp-json\/wp\/v2\/comments?post=10612"}],"wp:featuredmedia":[{"embeddable":true,"href":"https:\/\/www.easyledstore.it\/fr\/wp-json\/wp\/v2\/media\/9563"}],"wp:attachment":[{"href":"https:\/\/www.easyledstore.it\/fr\/wp-json\/wp\/v2\/media?parent=10612"}],"wp:term":[{"taxonomy":"product_brand","embeddable":true,"href":"https:\/\/www.easyledstore.it\/fr\/wp-json\/wp\/v2\/product_brand?post=10612"},{"taxonomy":"product_cat","embeddable":true,"href":"https:\/\/www.easyledstore.it\/fr\/wp-json\/wp\/v2\/product_cat?post=10612"},{"taxonomy":"product_tag","embeddable":true,"href":"https:\/\/www.easyledstore.it\/fr\/wp-json\/wp\/v2\/product_tag?post=10612"}],"curies":[{"name":"wp","href":"https:\/\/api.w.org\/{rel}","templated":true}]}}