{"id":10607,"date":"2018-04-09T17:09:24","date_gmt":"2018-04-09T15:09:24","guid":{"rendered":"https:\/\/www.easyledstore.it\/prodotto\/led-pixel-rgb-digital-programmable-0-3w\/"},"modified":"2026-01-19T12:51:00","modified_gmt":"2026-01-19T11:51:00","slug":"led-pixel-rgb-digital-programmable-0-3w","status":"publish","type":"product","link":"https:\/\/www.easyledstore.it\/fr\/produit\/led-pixel-rgb-digital-programmable-0-3w\/","title":{"rendered":"LED Pixel RGB Digital Programmable &#8211; 0.3W"},"content":{"rendered":"<h3>Cr\u00e9ativit\u00e9 pour votre signal\u00e9tique avec les Led num\u00e9riques programmables RGB Pixel<\/h3>\n<p>Si vous cherchez \u00e0 faire passer votre cr\u00e9ativit\u00e9 en mati\u00e8re d&#8217;\u00e9clairage au niveau sup\u00e9rieur, nos pixels LED RVB programmables num\u00e9riques sont exactement ce qu&#8217;il vous faut. C&#8217;est pourquoi vous devriez envisager de les int\u00e9grer dans votre conception de l&#8217;\u00e9clairage : <\/p>\n<p><strong>1. Illumination programmable haute performance<\/strong>: Ces pixels LED RVB num\u00e9riques sont con\u00e7us pour ceux qui recherchent des mouvements de pr\u00e9cision et une cr\u00e9ativit\u00e9 sans limite. Gr\u00e2ce \u00e0 leur programmabilit\u00e9 via la carte SD de l&#8217;ordinateur, vous pouvez cr\u00e9er des effets de lumi\u00e8re personnalis\u00e9s et des mouvements immersifs qui attirent l&#8217;attention et transforment n&#8217;importe quel environnement. <\/p>\n<p><strong>2. Polyvalence num\u00e9rique<\/strong>: Avec la possibilit\u00e9 d&#8217;\u00eatre programm\u00e9s directement \u00e0 partir de votre PC, ces pixels LED offrent un contr\u00f4le total sur les couleurs et les effets d&#8217;\u00e9clairage. Qu&#8217;il s&#8217;agisse de concevoir une chor\u00e9graphie lumineuse pour un \u00e9v\u00e9nement sp\u00e9cial ou de dynamiser une installation permanente, ces pixels num\u00e9riques s&#8217;adaptent \u00e0 vos besoins cr\u00e9atifs. <\/p>\n<p><strong>3. Intensit\u00e9 et couleurs \u00e9clatantes<\/strong>: avec une puissance de 0,3 W, ces LED Pixel offrent une luminosit\u00e9 impressionnante, tandis que la technologie RVB vous permet de cr\u00e9er une large gamme de couleurs \u00e9clatantes. Le large angle de rayonnement de 120\u00b0 assure une distribution uniforme de la lumi\u00e8re, \u00e9clairant efficacement les zones les plus vastes. <\/p>\n<p><strong>4. Installation et utilisation faciles<\/strong>: Ces pixels de signalisation encastr\u00e9s s&#8217;int\u00e8grent sans effort dans votre design, offrant une installation discr\u00e8te et professionnelle. La tension de 5V les rend s\u00fbrs et pratiques \u00e0 utiliser, tandis que leur programmabilit\u00e9 les rend adapt\u00e9s \u00e0 une vari\u00e9t\u00e9 d&#8217;applications d&#8217;\u00e9clairage. <\/p>\n<p><strong>5. Cr\u00e9ativit\u00e9 illimit\u00e9e<\/strong>: des panneaux publicitaires aux spectacles lumineux, ces pixels LED offrent des possibilit\u00e9s infinies d&#8217;expression cr\u00e9ative. Que vous soyez un professionnel de l&#8217;\u00e9clairage ou un passionn\u00e9 de design, ces pixels num\u00e9riques vous permettent de donner vie \u00e0 vos id\u00e9es d&#8217;\u00e9clairage de mani\u00e8re surprenante et attrayante. <\/p>\n<h3>D\u00e9couvrez toute la gamme Led Pixel chez Easyledstore<\/h3>\n<p>Laissez libre cours \u00e0 votre imagination avec nos LED Pixels RVB programmables et transformez n&#8217;importe quelle pi\u00e8ce en une sc\u00e8ne lumineuse qui laissera une impression ind\u00e9l\u00e9bile dans l&#8217;esprit de tous ceux qui la rencontreront. <strong><a href=\"https:\/\/www.easyledstore.it\/fr\/categories-produits\/pixel-led\/\">D\u00e9couvrez la gamme de LED Pixel d&#8217;Easyledstore.co.uk<\/a><\/strong> et transformez votre projet d&#8217;\u00e9clairage en une \u0153uvre d&#8217;art lumineuse qui attire l&#8217;attention et laisse une impression durable ! <\/p>\n","protected":false},"excerpt":{"rendered":"<p>Led num\u00e9riques RVB programmables. Pixels encastr\u00e9s pour enseignes lumineuses. Utilis\u00e9s pour ceux qui ont une recherche de mouvement d\u00e9finie et programmable via une carte SD \u00e0 partir d&#8217;un ordinateur.  <\/p>\n","protected":false},"featured_media":9679,"comment_status":"open","ping_status":"closed","template":"","meta":[],"product_brand":[],"product_cat":[1174,1329,1054],"product_tag":[1330,1331,1058,1332,1060,1695,1223],"class_list":{"0":"post-10607","1":"product","2":"type-product","3":"status-publish","4":"has-post-thumbnail","6":"product_cat-modules-led","7":"product_cat-modules-rgb","8":"product_cat-pixel-led","9":"product_tag-0-3w","10":"product_tag-120-degres","11":"product_tag-1058","12":"product_tag-5v","13":"product_tag-del-colorees","14":"product_tag-numerique","15":"product_tag-rvb","17":"first","18":"onbackorder","19":"taxable","20":"shipping-taxable","21":"purchasable","22":"product-type-simple"},"yoast_head":"<!-- This site is optimized with the Yoast SEO plugin v27.3 - https:\/\/yoast.com\/product\/yoast-seo-wordpress\/ -->\n<title>Led digitale programmable RVB - 0.3W | Easyledstore<\/title>\n<meta name=\"description\" content=\"Led Pixel RGB Digital, 5 Volts, 120 degr\u00e9s d&#039;ouverture. Utilis\u00e9 pour le mouvement, programmable avec une carte SD \u00e0 partir d&#039;un ordinateur.\" \/>\n<meta name=\"robots\" content=\"index, follow, max-snippet:-1, max-image-preview:large, max-video-preview:-1\" \/>\n<link rel=\"canonical\" href=\"https:\/\/www.easyledstore.it\/fr\/produit\/led-pixel-rgb-digital-programmable-0-3w\/\" \/>\n<meta property=\"og:locale\" content=\"fr_FR\" \/>\n<meta property=\"og:type\" content=\"article\" \/>\n<meta property=\"og:title\" content=\"Led digitale programmable RVB - 0.3W | Easyledstore\" \/>\n<meta property=\"og:description\" content=\"Led Pixel RGB Digital, 5 Volts, 120 degr\u00e9s d&#039;ouverture. Utilis\u00e9 pour le mouvement, programmable avec une carte SD \u00e0 partir d&#039;un ordinateur.\" \/>\n<meta property=\"og:url\" content=\"https:\/\/www.easyledstore.it\/fr\/produit\/led-pixel-rgb-digital-programmable-0-3w\/\" \/>\n<meta property=\"og:site_name\" content=\"Easyledstore\" \/>\n<meta property=\"article:publisher\" content=\"https:\/\/www.facebook.com\/easyledstore\" \/>\n<meta property=\"article:modified_time\" content=\"2026-01-19T11:51:00+00:00\" \/>\n<meta property=\"og:image\" content=\"https:\/\/www.easyledstore.it\/wp-content\/uploads\/2018\/03\/pixekrgb-1.png\" \/>\n\t<meta property=\"og:image:width\" content=\"1500\" \/>\n\t<meta property=\"og:image:height\" content=\"1500\" \/>\n\t<meta property=\"og:image:type\" content=\"image\/png\" \/>\n<meta name=\"twitter:card\" content=\"summary_large_image\" \/>\n<meta name=\"twitter:label1\" content=\"Dur\u00e9e de lecture estim\u00e9e\" \/>\n\t<meta name=\"twitter:data1\" content=\"2 minutes\" \/>\n<!-- \/ Yoast SEO plugin. -->","yoast_head_json":{"title":"Led digitale programmable RVB - 0.3W | Easyledstore","description":"Led Pixel RGB Digital, 5 Volts, 120 degr\u00e9s d'ouverture. Utilis\u00e9 pour le mouvement, programmable avec une carte SD \u00e0 partir d'un ordinateur.","robots":{"index":"index","follow":"follow","max-snippet":"max-snippet:-1","max-image-preview":"max-image-preview:large","max-video-preview":"max-video-preview:-1"},"canonical":"https:\/\/www.easyledstore.it\/fr\/produit\/led-pixel-rgb-digital-programmable-0-3w\/","og_locale":"fr_FR","og_type":"article","og_title":"Led digitale programmable RVB - 0.3W | Easyledstore","og_description":"Led Pixel RGB Digital, 5 Volts, 120 degr\u00e9s d'ouverture. Utilis\u00e9 pour le mouvement, programmable avec une carte SD \u00e0 partir d'un ordinateur.","og_url":"https:\/\/www.easyledstore.it\/fr\/produit\/led-pixel-rgb-digital-programmable-0-3w\/","og_site_name":"Easyledstore","article_publisher":"https:\/\/www.facebook.com\/easyledstore","article_modified_time":"2026-01-19T11:51:00+00:00","og_image":[{"width":1500,"height":1500,"url":"https:\/\/www.easyledstore.it\/wp-content\/uploads\/2018\/03\/pixekrgb-1.png","type":"image\/png"}],"twitter_card":"summary_large_image","twitter_misc":{"Dur\u00e9e de lecture estim\u00e9e":"2 minutes"},"schema":{"@context":"https:\/\/schema.org","@graph":[{"@type":"WebPage","@id":"https:\/\/www.easyledstore.it\/fr\/produit\/led-pixel-rgb-digital-programmable-0-3w\/","url":"https:\/\/www.easyledstore.it\/fr\/produit\/led-pixel-rgb-digital-programmable-0-3w\/","name":"Led digitale programmable RVB - 0.3W | Easyledstore","isPartOf":{"@id":"https:\/\/www.easyledstore.it\/fr\/#website"},"primaryImageOfPage":{"@id":"https:\/\/www.easyledstore.it\/fr\/produit\/led-pixel-rgb-digital-programmable-0-3w\/#primaryimage"},"image":{"@id":"https:\/\/www.easyledstore.it\/fr\/produit\/led-pixel-rgb-digital-programmable-0-3w\/#primaryimage"},"thumbnailUrl":"https:\/\/www.easyledstore.it\/wp-content\/uploads\/2018\/03\/pixekrgb-1.png","datePublished":"2018-04-09T15:09:24+00:00","dateModified":"2026-01-19T11:51:00+00:00","description":"Led Pixel RGB Digital, 5 Volts, 120 degr\u00e9s d'ouverture. Utilis\u00e9 pour le mouvement, programmable avec une carte SD \u00e0 partir d'un ordinateur.","breadcrumb":{"@id":"https:\/\/www.easyledstore.it\/fr\/produit\/led-pixel-rgb-digital-programmable-0-3w\/#breadcrumb"},"inLanguage":"fr-FR","potentialAction":[{"@type":"ReadAction","target":["https:\/\/www.easyledstore.it\/fr\/produit\/led-pixel-rgb-digital-programmable-0-3w\/"]}]},{"@type":"ImageObject","inLanguage":"fr-FR","@id":"https:\/\/www.easyledstore.it\/fr\/produit\/led-pixel-rgb-digital-programmable-0-3w\/#primaryimage","url":"https:\/\/www.easyledstore.it\/wp-content\/uploads\/2018\/03\/pixekrgb-1.png","contentUrl":"https:\/\/www.easyledstore.it\/wp-content\/uploads\/2018\/03\/pixekrgb-1.png","width":1500,"height":1500,"caption":"Led Pixel RGB"},{"@type":"BreadcrumbList","@id":"https:\/\/www.easyledstore.it\/fr\/produit\/led-pixel-rgb-digital-programmable-0-3w\/#breadcrumb","itemListElement":[{"@type":"ListItem","position":1,"name":"Home","item":"https:\/\/www.easyledstore.it\/fr\/modules-de-signalisation-led\/"},{"@type":"ListItem","position":2,"name":"Shop IT","item":"https:\/\/www.easyledstore.it\/fr\/boutique\/"},{"@type":"ListItem","position":3,"name":"LED Pixel RGB Digital Programmable &#8211; 0.3W"}]},{"@type":"WebSite","@id":"https:\/\/www.easyledstore.it\/fr\/#website","url":"https:\/\/www.easyledstore.it\/fr\/","name":"Easyledstore","description":"Alimentatori e Moduli LED per Insegne Luminose","publisher":{"@id":"https:\/\/www.easyledstore.it\/fr\/#organization"},"potentialAction":[{"@type":"SearchAction","target":{"@type":"EntryPoint","urlTemplate":"https:\/\/www.easyledstore.it\/fr\/?s={search_term_string}"},"query-input":{"@type":"PropertyValueSpecification","valueRequired":true,"valueName":"search_term_string"}}],"inLanguage":"fr-FR"},{"@type":"Organization","@id":"https:\/\/www.easyledstore.it\/fr\/#organization","name":"LTC Lighting Trading Company srls","url":"https:\/\/www.easyledstore.it\/fr\/","logo":{"@type":"ImageObject","inLanguage":"fr-FR","@id":"https:\/\/www.easyledstore.it\/fr\/#\/schema\/logo\/image\/","url":"https:\/\/www.easyledstore.it\/wp-content\/uploads\/2018\/03\/Landscape-FullColor-2000.png","contentUrl":"https:\/\/www.easyledstore.it\/wp-content\/uploads\/2018\/03\/Landscape-FullColor-2000.png","width":2000,"height":641,"caption":"LTC Lighting Trading Company srls"},"image":{"@id":"https:\/\/www.easyledstore.it\/fr\/#\/schema\/logo\/image\/"},"sameAs":["https:\/\/www.facebook.com\/easyledstore"]}]}},"_links":{"self":[{"href":"https:\/\/www.easyledstore.it\/fr\/wp-json\/wp\/v2\/product\/10607","targetHints":{"allow":["GET"]}}],"collection":[{"href":"https:\/\/www.easyledstore.it\/fr\/wp-json\/wp\/v2\/product"}],"about":[{"href":"https:\/\/www.easyledstore.it\/fr\/wp-json\/wp\/v2\/types\/product"}],"replies":[{"embeddable":true,"href":"https:\/\/www.easyledstore.it\/fr\/wp-json\/wp\/v2\/comments?post=10607"}],"wp:featuredmedia":[{"embeddable":true,"href":"https:\/\/www.easyledstore.it\/fr\/wp-json\/wp\/v2\/media\/9679"}],"wp:attachment":[{"href":"https:\/\/www.easyledstore.it\/fr\/wp-json\/wp\/v2\/media?parent=10607"}],"wp:term":[{"taxonomy":"product_brand","embeddable":true,"href":"https:\/\/www.easyledstore.it\/fr\/wp-json\/wp\/v2\/product_brand?post=10607"},{"taxonomy":"product_cat","embeddable":true,"href":"https:\/\/www.easyledstore.it\/fr\/wp-json\/wp\/v2\/product_cat?post=10607"},{"taxonomy":"product_tag","embeddable":true,"href":"https:\/\/www.easyledstore.it\/fr\/wp-json\/wp\/v2\/product_tag?post=10607"}],"curies":[{"name":"wp","href":"https:\/\/api.w.org\/{rel}","templated":true}]}}