{"id":10448,"date":"2024-05-07T17:37:22","date_gmt":"2024-05-07T15:37:22","guid":{"rendered":"https:\/\/www.easyledstore.it\/prodotto\/couteau-de-coupe-couteau-a-pointe-circulaire\/"},"modified":"2026-03-18T11:06:14","modified_gmt":"2026-03-18T10:06:14","slug":"couteau-de-coupe-couteau-a-pointe-circulaire","status":"publish","type":"product","link":"https:\/\/www.easyledstore.it\/fr\/produit\/couteau-de-coupe-couteau-a-pointe-circulaire\/","title":{"rendered":"Couteau de coupe &#8211; Couteau \u00e0 pointe circulaire"},"content":{"rendered":"<p>Cutting Knife Circular Knife for Neon Split LED Strips<\/p>\n<p>Outil de coupe \u00e0 bout circulaire utilis\u00e9 pour la finition de la d\u00e9coupe du couvercle en silicone des bandes LED Neon Split.<\/p>\n<p><img loading=\"lazy\" decoding=\"async\" class=\"alignnone wp-image-4179 size-full\" src=\"https:\/\/www.easyledstore.it\/wp-content\/uploads\/2024\/05\/round-cutting-knife.jpg\" alt=\"Couteau circulaire pour bandes de diodes \u00e9lectroluminescentes fendues au n\u00e9on\" width=\"720\" height=\"272\" srcset=\"https:\/\/www.easyledstore.it\/wp-content\/uploads\/2024\/05\/round-cutting-knife.jpg 720w, https:\/\/www.easyledstore.it\/wp-content\/uploads\/2024\/05\/round-cutting-knife-480x181.jpg 480w\" sizes=\"(min-width: 0px) and (max-width: 480px) 480px, (min-width: 481px) 720px, 100vw\" \/><\/p>\n","protected":false},"excerpt":{"rendered":"<p>Dispositif de coupe <strong>circulaire<\/strong> pour les extr\u00e9mit\u00e9s des bandes de LED n\u00e9on SPLIT<\/p>\n","protected":false},"featured_media":10452,"comment_status":"open","ping_status":"closed","template":"","meta":[],"product_brand":[],"product_cat":[1124,1125],"product_tag":[1126,1128,1639,1127,1638,1640,1129],"class_list":{"0":"post-10448","1":"product","2":"type-product","3":"status-publish","4":"has-post-thumbnail","6":"product_cat-accessoires","7":"product_cat-accessoires-flex-neon-split","8":"product_tag-accessoires","9":"product_tag-accessoires-de-signalisation","10":"product_tag-bandes-led-neon","11":"product_tag-led-neon-split","12":"product_tag-neon-fendu","13":"product_tag-neon-led","14":"product_tag-outils-enseignants","16":"first","17":"instock","18":"taxable","19":"shipping-taxable","20":"purchasable","21":"product-type-simple"},"yoast_head":"<!-- This site is optimized with the Yoast SEO plugin v27.3 - https:\/\/yoast.com\/product\/yoast-seo-wordpress\/ -->\n<title>Couteau de coupe - Couteau \u00e0 pointe circulaire - Easyledstore<\/title>\n<meta name=\"description\" content=\"Cutting Knife Circular Knife for LED Neon Strips Split for finishing the final cut of the silicone cover for LED strips\" \/>\n<meta name=\"robots\" content=\"index, follow, max-snippet:-1, max-image-preview:large, max-video-preview:-1\" \/>\n<link rel=\"canonical\" href=\"https:\/\/www.easyledstore.it\/fr\/produit\/couteau-de-coupe-couteau-a-pointe-circulaire\/\" \/>\n<meta property=\"og:locale\" content=\"fr_FR\" \/>\n<meta property=\"og:type\" content=\"article\" \/>\n<meta property=\"og:title\" content=\"Couteau de coupe - Couteau \u00e0 pointe circulaire - Easyledstore\" \/>\n<meta property=\"og:description\" content=\"Cutting Knife Circular Knife for LED Neon Strips Split for finishing the final cut of the silicone cover for LED strips\" \/>\n<meta property=\"og:url\" content=\"https:\/\/www.easyledstore.it\/fr\/produit\/couteau-de-coupe-couteau-a-pointe-circulaire\/\" \/>\n<meta property=\"og:site_name\" content=\"Easyledstore\" \/>\n<meta property=\"article:publisher\" content=\"https:\/\/www.facebook.com\/easyledstore\" \/>\n<meta property=\"article:modified_time\" content=\"2026-03-18T10:06:14+00:00\" \/>\n<meta property=\"og:image\" content=\"https:\/\/www.easyledstore.it\/wp-content\/uploads\/2024\/05\/CK-round-1.jpg\" \/>\n\t<meta property=\"og:image:width\" content=\"800\" \/>\n\t<meta property=\"og:image:height\" content=\"800\" \/>\n\t<meta property=\"og:image:type\" content=\"image\/jpeg\" \/>\n<meta name=\"twitter:card\" content=\"summary_large_image\" \/>\n<!-- \/ Yoast SEO plugin. -->","yoast_head_json":{"title":"Couteau de coupe - Couteau \u00e0 pointe circulaire - Easyledstore","description":"Cutting Knife Circular Knife for LED Neon Strips Split for finishing the final cut of the silicone cover for LED strips","robots":{"index":"index","follow":"follow","max-snippet":"max-snippet:-1","max-image-preview":"max-image-preview:large","max-video-preview":"max-video-preview:-1"},"canonical":"https:\/\/www.easyledstore.it\/fr\/produit\/couteau-de-coupe-couteau-a-pointe-circulaire\/","og_locale":"fr_FR","og_type":"article","og_title":"Couteau de coupe - Couteau \u00e0 pointe circulaire - Easyledstore","og_description":"Cutting Knife Circular Knife for LED Neon Strips Split for finishing the final cut of the silicone cover for LED strips","og_url":"https:\/\/www.easyledstore.it\/fr\/produit\/couteau-de-coupe-couteau-a-pointe-circulaire\/","og_site_name":"Easyledstore","article_publisher":"https:\/\/www.facebook.com\/easyledstore","article_modified_time":"2026-03-18T10:06:14+00:00","og_image":[{"width":800,"height":800,"url":"https:\/\/www.easyledstore.it\/wp-content\/uploads\/2024\/05\/CK-round-1.jpg","type":"image\/jpeg"}],"twitter_card":"summary_large_image","schema":{"@context":"https:\/\/schema.org","@graph":[{"@type":"WebPage","@id":"https:\/\/www.easyledstore.it\/fr\/produit\/couteau-de-coupe-couteau-a-pointe-circulaire\/","url":"https:\/\/www.easyledstore.it\/fr\/produit\/couteau-de-coupe-couteau-a-pointe-circulaire\/","name":"Couteau de coupe - Couteau \u00e0 pointe circulaire - Easyledstore","isPartOf":{"@id":"https:\/\/www.easyledstore.it\/fr\/#website"},"primaryImageOfPage":{"@id":"https:\/\/www.easyledstore.it\/fr\/produit\/couteau-de-coupe-couteau-a-pointe-circulaire\/#primaryimage"},"image":{"@id":"https:\/\/www.easyledstore.it\/fr\/produit\/couteau-de-coupe-couteau-a-pointe-circulaire\/#primaryimage"},"thumbnailUrl":"https:\/\/www.easyledstore.it\/wp-content\/uploads\/2024\/05\/CK-round-1.jpg","datePublished":"2024-05-07T15:37:22+00:00","dateModified":"2026-03-18T10:06:14+00:00","description":"Cutting Knife Circular Knife for LED Neon Strips Split for finishing the final cut of the silicone cover for LED strips","breadcrumb":{"@id":"https:\/\/www.easyledstore.it\/fr\/produit\/couteau-de-coupe-couteau-a-pointe-circulaire\/#breadcrumb"},"inLanguage":"fr-FR","potentialAction":[{"@type":"ReadAction","target":["https:\/\/www.easyledstore.it\/fr\/produit\/couteau-de-coupe-couteau-a-pointe-circulaire\/"]}]},{"@type":"ImageObject","inLanguage":"fr-FR","@id":"https:\/\/www.easyledstore.it\/fr\/produit\/couteau-de-coupe-couteau-a-pointe-circulaire\/#primaryimage","url":"https:\/\/www.easyledstore.it\/wp-content\/uploads\/2024\/05\/CK-round-1.jpg","contentUrl":"https:\/\/www.easyledstore.it\/wp-content\/uploads\/2024\/05\/CK-round-1.jpg","width":800,"height":800},{"@type":"BreadcrumbList","@id":"https:\/\/www.easyledstore.it\/fr\/produit\/couteau-de-coupe-couteau-a-pointe-circulaire\/#breadcrumb","itemListElement":[{"@type":"ListItem","position":1,"name":"Home","item":"https:\/\/www.easyledstore.it\/fr\/modules-de-signalisation-led\/"},{"@type":"ListItem","position":2,"name":"Shop IT","item":"https:\/\/www.easyledstore.it\/fr\/boutique\/"},{"@type":"ListItem","position":3,"name":"Couteau de coupe &#8211; Couteau \u00e0 pointe circulaire"}]},{"@type":"WebSite","@id":"https:\/\/www.easyledstore.it\/fr\/#website","url":"https:\/\/www.easyledstore.it\/fr\/","name":"Easyledstore","description":"Alimentatori e Moduli LED per Insegne Luminose","publisher":{"@id":"https:\/\/www.easyledstore.it\/fr\/#organization"},"potentialAction":[{"@type":"SearchAction","target":{"@type":"EntryPoint","urlTemplate":"https:\/\/www.easyledstore.it\/fr\/?s={search_term_string}"},"query-input":{"@type":"PropertyValueSpecification","valueRequired":true,"valueName":"search_term_string"}}],"inLanguage":"fr-FR"},{"@type":"Organization","@id":"https:\/\/www.easyledstore.it\/fr\/#organization","name":"LTC Lighting Trading Company srls","url":"https:\/\/www.easyledstore.it\/fr\/","logo":{"@type":"ImageObject","inLanguage":"fr-FR","@id":"https:\/\/www.easyledstore.it\/fr\/#\/schema\/logo\/image\/","url":"https:\/\/www.easyledstore.it\/wp-content\/uploads\/2018\/03\/Landscape-FullColor-2000.png","contentUrl":"https:\/\/www.easyledstore.it\/wp-content\/uploads\/2018\/03\/Landscape-FullColor-2000.png","width":2000,"height":641,"caption":"LTC Lighting Trading Company srls"},"image":{"@id":"https:\/\/www.easyledstore.it\/fr\/#\/schema\/logo\/image\/"},"sameAs":["https:\/\/www.facebook.com\/easyledstore"]}]}},"_links":{"self":[{"href":"https:\/\/www.easyledstore.it\/fr\/wp-json\/wp\/v2\/product\/10448","targetHints":{"allow":["GET"]}}],"collection":[{"href":"https:\/\/www.easyledstore.it\/fr\/wp-json\/wp\/v2\/product"}],"about":[{"href":"https:\/\/www.easyledstore.it\/fr\/wp-json\/wp\/v2\/types\/product"}],"replies":[{"embeddable":true,"href":"https:\/\/www.easyledstore.it\/fr\/wp-json\/wp\/v2\/comments?post=10448"}],"wp:featuredmedia":[{"embeddable":true,"href":"https:\/\/www.easyledstore.it\/fr\/wp-json\/wp\/v2\/media\/10452"}],"wp:attachment":[{"href":"https:\/\/www.easyledstore.it\/fr\/wp-json\/wp\/v2\/media?parent=10448"}],"wp:term":[{"taxonomy":"product_brand","embeddable":true,"href":"https:\/\/www.easyledstore.it\/fr\/wp-json\/wp\/v2\/product_brand?post=10448"},{"taxonomy":"product_cat","embeddable":true,"href":"https:\/\/www.easyledstore.it\/fr\/wp-json\/wp\/v2\/product_cat?post=10448"},{"taxonomy":"product_tag","embeddable":true,"href":"https:\/\/www.easyledstore.it\/fr\/wp-json\/wp\/v2\/product_tag?post=10448"}],"curies":[{"name":"wp","href":"https:\/\/api.w.org\/{rel}","templated":true}]}}