{"id":10239,"date":"2024-05-13T10:21:55","date_gmt":"2024-05-13T08:21:55","guid":{"rendered":"https:\/\/www.easyledstore.it\/prodotto\/led-flex-rgb-magic-digital-neon-led-6mm-programmable-5m\/"},"modified":"2026-04-07T11:48:29","modified_gmt":"2026-04-07T09:48:29","slug":"led-flex-rgb-magic-digital-neon-led-6mm-programmable-5m","status":"publish","type":"product","link":"https:\/\/www.easyledstore.it\/fr\/produit\/led-flex-rgb-magic-digital-neon-led-6mm-programmable-5m\/","title":{"rendered":"LED Flex RGB Magic Digital &#8211; N\u00e9on LED 6mm programmable 5m"},"content":{"rendered":"<h2>Flex RGB Magic Digital 6mm &#8211; Tube n\u00e9on LED flexible de 5 m\u00e8tres<\/h2>\n<p>Illuminez vos projets cr\u00e9atifs avec le Flex <strong>RGB Magic Digital<\/strong>, le tube n\u00e9on LED flexible con\u00e7u pour offrir des effets dynamiques et personnalis\u00e9s. Gr\u00e2ce \u00e0 sa technologie avanc\u00e9e, il permet un contr\u00f4le pixel par pixel de chaque LED, ce qui permet des animations fluides, des transitions multicolores et des effets lumineux programmables. Son format compact de 6 mm le rend id\u00e9al pour l&#8217;\u00e9clairage de lettres, de contours, de designs d\u00e9coratifs et de sc\u00e9nographies \u00e0 fort impact.  <\/p>\n<p>Avec une longueur de 5 m\u00e8tres et 96 LED par m\u00e8tre, le <strong>Flex RGB Magic Digital<\/strong> offre une densit\u00e9 lumineuse \u00e9lev\u00e9e et uniforme. La structure est enti\u00e8rement flexible et compos\u00e9e de mat\u00e9riaux de haute qualit\u00e9, dont une gaine en silicone anti-UV qui prot\u00e8ge le circuit de la lumi\u00e8re du soleil et des intemp\u00e9ries. Ce tube LED est \u00e9tanche selon la norme IP65, ce qui le rend adapt\u00e9 aux environnements ext\u00e9rieurs, aux installations urbaines et aux projets de fen\u00eatres ou de fa\u00e7ades architecturales.  <\/p>\n<h3>Sp\u00e9cifications techniques<\/h3>\n<ul>\n<li><strong>Longueur :<\/strong> 5 m\u00e8tres<\/li>\n<li><strong>Section transversale :<\/strong> 6 mm<\/li>\n<li><strong>LED par m\u00e8tre :<\/strong> 96<\/li>\n<li><strong>Tension de fonctionnement :<\/strong> 12V DC<\/li>\n<li><strong>Consommation \u00e9lectrique :<\/strong> 18W par m\u00e8tre<\/li>\n<li><strong>Degr\u00e9 de protection :<\/strong> IP65<\/li>\n<li>Longueur <strong>de coupe :<\/strong> 31,25 mm<\/li>\n<li><strong>Mat\u00e9riau :<\/strong> silicone anti-UV<\/li>\n<li><strong>Type de courant :<\/strong> courant constant<\/li>\n<\/ul>\n<p>Le tube peut \u00eatre facilement coup\u00e9 pour s&#8217;adapter \u00e0 n&#8217;importe quelle forme ou dessin. Chaque section est aliment\u00e9e par un courant constant, ce qui garantit une dur\u00e9e de vie plus longue et des performances stables dans le temps. Ceci est essentiel pour \u00e9viter la variation de l&#8217;intensit\u00e9 lumineuse ou les dysfonctionnements sur de longues p\u00e9riodes. Pour un fonctionnement correct, il est essentiel d&#8217;utiliser une <a href=\"https:\/\/www.easyledstore.it\/fr\/categories-produits\/alimentations-electriques\/\" target=\"_blank\" rel=\"noopener\">alimentation LED compatible<\/a> capable de supporter la charge totale requise par la bande.   <\/p>\n<p>Le <strong>Flex RGB Magic Digital<\/strong> est la solution id\u00e9ale pour les installateurs, les designers et les architectes qui souhaitent d\u00e9passer les limites traditionnelles de la lumi\u00e8re. Qu&#8217;il s&#8217;agisse de d\u00e9corer une pi\u00e8ce, de cr\u00e9er une enseigne ou de mettre en valeur un espace d&#8217;exposition, ce produit garantit un effet sc\u00e9nique professionnel et facilement programmable via des unit\u00e9s de contr\u00f4le compatibles. <\/p>\n<h3>Disponible en plusieurs variantes<\/h3>\n<p>D\u00e9couvrez toutes les versions de notre Neon Flex 6mm de 5 m\u00e8tres :<\/p>\n<ul>\n<li><a href=\"https:\/\/www.easyledstore.it\/prodotto\/led-neon-flex-rgb-dig-6-mm-5-metri\/\" target=\"_blank\" rel=\"noopener\">RGB Magic Digital<\/a><\/li>\n<li><a href=\"https:\/\/www.easyledstore.it\/prodotto\/led-neon-flex-rgb-6-mm-5-metri\/\" target=\"_blank\" rel=\"noopener\">RVB<\/a><\/li>\n<li><a href=\"https:\/\/www.easyledstore.it\/prodotto\/led-neon-flex-giallo-6-mm-5-metri\/\" target=\"_blank\" rel=\"noopener\">Jaune citron<\/a><\/li>\n<li><a href=\"https:\/\/www.easyledstore.it\/prodotto\/led-neon-flex-rosa-6-mm-5-metri\/\" target=\"_blank\" rel=\"noopener\">Rose<\/a><\/li>\n<li><a href=\"https:\/\/www.easyledstore.it\/prodotto\/led-neon-flex-rosso-6-mm-5-metri-2\/\" target=\"_blank\" rel=\"noopener\">Rouge<\/a><\/li>\n<li><a href=\"https:\/\/www.easyledstore.it\/prodotto\/led-neon-flex-bianco-caldo-6-mm-5-metri\/\" target=\"_blank\" rel=\"noopener\">Blanc chaud<\/a><\/li>\n<li><a href=\"https:\/\/www.easyledstore.it\/prodotto\/led-neon-flex-bianco-freddo-6-mm-5-metri\/\" target=\"_blank\" rel=\"noopener\">Blanc pur<\/a><\/li>\n<li><a href=\"https:\/\/www.easyledstore.it\/prodotto\/led-neon-flex-natural-white-6-mm-5-metri\/\">Blanc naturel<\/a><\/li>\n<li><a href=\"https:\/\/www.easyledstore.it\/prodotto\/led-neon-flex-arancione-6-mm-5-metri\/\" target=\"_blank\" rel=\"noopener\">Orange<\/a><\/li>\n<li><a href=\"https:\/\/www.easyledstore.it\/prodotto\/led-neon-flex-blu-6-mm-5-metri\/\" target=\"_blank\" rel=\"noopener\">Bleu<\/a><\/li>\n<li><a href=\"https:\/\/www.easyledstore.it\/prodotto\/led-neon-flex-verde-6-mm-5-metri\/\" target=\"_blank\" rel=\"noopener\">Vert<\/a><\/li>\n<\/ul>\n","protected":false},"excerpt":{"rendered":"<p>Les <strong>LED Neon Flex RGB Magic Digital<\/strong> de 6 mm et 5 m\u00e8tres sont id\u00e9ales pour les lettrages lumineux, les effets dynamiques et les d\u00e9corations personnalis\u00e9es. Avec 96 LED\/m\u00e8tre, coup\u00e9es tous les 31,25 mm et aliment\u00e9es par un courant constant de 12V (18W\/m\u00e8tre), elle offre de hautes performances et une programmabilit\u00e9 pixel par pixel. \u00c9tanche IP65, il est rev\u00eatu de silicone r\u00e9sistant aux UV pour une utilisation en int\u00e9rieur et en ext\u00e9rieur.  <\/p>\n<p>Pour un fonctionnement s\u00fbr, associez-le \u00e0 une <a href=\"https:\/\/www.easyledstore.it\/categoria-prodotto\/alimentatori\/\" target=\"_blank\" rel=\"noopener\">alimentation LED compatible.<\/a><\/p>\n<p>D\u00e9couvrez toutes les versions de notre Neon Flex 6mm de 5 m\u00e8tres :<\/p>\n<ul>\n<li><a href=\"\/?p=4272\" target=\"_blank\" rel=\"noopener\">RGB Magic Digital<\/a><\/li>\n<li><a href=\"https:\/\/www.easyledstore.it\/prodotto\/led-neon-flex-rgb-6-mm-5-metri\/\" target=\"_blank\" rel=\"noopener\">RVB<\/a><\/li>\n<li><a href=\"https:\/\/www.easyledstore.it\/prodotto\/led-neon-flex-giallo-6-mm-5-metri\/\" target=\"_blank\" rel=\"noopener\">Jaune citron<\/a><\/li>\n<li><a href=\"https:\/\/www.easyledstore.it\/prodotto\/led-neon-flex-rosa-6-mm-5-metri\/\" target=\"_blank\" rel=\"noopener\">Rose<\/a><\/li>\n<li><a href=\"https:\/\/www.easyledstore.it\/prodotto\/led-neon-flex-rosso-6-mm-5-metri-2\/\" target=\"_blank\" rel=\"noopener\">Rouge<\/a><\/li>\n<li><a href=\"https:\/\/www.easyledstore.it\/prodotto\/led-neon-flex-bianco-caldo-6-mm-5-metri\/\" target=\"_blank\" rel=\"noopener\">Blanc chaud<\/a><\/li>\n<li><a href=\"https:\/\/www.easyledstore.it\/prodotto\/led-neon-flex-bianco-freddo-6-mm-5-metri\/\" target=\"_blank\" rel=\"noopener\">Blanc pur<\/a><\/li>\n<li><a href=\"https:\/\/www.easyledstore.it\/prodotto\/led-neon-flex-natural-white-6-mm-5-metri\/\">Blanc naturel<\/a><\/li>\n<li><a href=\"https:\/\/www.easyledstore.it\/prodotto\/led-neon-flex-arancione-6-mm-5-metri-copia\/\" target=\"_blank\" rel=\"noopener\">Orange<\/a><\/li>\n<li><a href=\"https:\/\/www.easyledstore.it\/prodotto\/led-neon-flex-blu-6-mm-5-metri\/\" target=\"_blank\" rel=\"noopener\">Bleu<\/a><\/li>\n<li><a href=\"https:\/\/www.easyledstore.it\/prodotto\/led-neon-flex-verde-6-mm-5-metri\/\" target=\"_blank\" rel=\"noopener\">Vert<\/a><\/li>\n<\/ul>\n","protected":false},"featured_media":10245,"comment_status":"open","ping_status":"closed","template":"","meta":[],"product_brand":[],"product_cat":[1085,1329,1084],"product_tag":[1055,1589,1061,1060,1223],"class_list":{"0":"post-10239","1":"product","2":"type-product","3":"status-publish","4":"has-post-thumbnail","6":"product_cat-flex-led","7":"product_cat-modules-rgb","8":"product_cat-neon-flex","9":"product_tag-12v","10":"product_tag-18w-m","11":"product_tag-certifie-ip65","12":"product_tag-del-colorees","13":"product_tag-rvb","15":"first","16":"onbackorder","17":"taxable","18":"shipping-taxable","19":"purchasable","20":"product-type-simple"},"yoast_head":"<!-- This site is optimized with the Yoast SEO plugin v27.3 - https:\/\/yoast.com\/product\/yoast-seo-wordpress\/ -->\n<title>LED Flex RGB Magic Digital - N\u00e9on LED 6mm programmable - Easyledstore.<\/title>\n<meta name=\"description\" content=\"Flex RGB Magic Digital 6mm de 5 m\u00e8tres : bande LED flexible et programmable pour des effets dynamiques et des installations lumineuses. D\u00e9couvrez-en plus en ligne !\" \/>\n<meta name=\"robots\" content=\"index, follow, max-snippet:-1, max-image-preview:large, max-video-preview:-1\" \/>\n<link rel=\"canonical\" href=\"https:\/\/www.easyledstore.it\/fr\/produit\/led-flex-rgb-magic-digital-neon-led-6mm-programmable-5m\/\" \/>\n<meta property=\"og:locale\" content=\"fr_FR\" \/>\n<meta property=\"og:type\" content=\"article\" \/>\n<meta property=\"og:title\" content=\"LED Flex RGB Magic Digital - N\u00e9on LED 6mm programmable - Easyledstore.\" \/>\n<meta property=\"og:description\" content=\"Flex RGB Magic Digital 6mm de 5 m\u00e8tres : bande LED flexible et programmable pour des effets dynamiques et des installations lumineuses. D\u00e9couvrez-en plus en ligne !\" \/>\n<meta property=\"og:url\" content=\"https:\/\/www.easyledstore.it\/fr\/produit\/led-flex-rgb-magic-digital-neon-led-6mm-programmable-5m\/\" \/>\n<meta property=\"og:site_name\" content=\"Easyledstore\" \/>\n<meta property=\"article:publisher\" content=\"https:\/\/www.facebook.com\/easyledstore\" \/>\n<meta property=\"article:modified_time\" content=\"2026-04-07T09:48:29+00:00\" \/>\n<meta property=\"og:image\" content=\"https:\/\/www.easyledstore.it\/wp-content\/uploads\/2024\/05\/Photoroom-20250612_084355.png\" \/>\n\t<meta property=\"og:image:width\" content=\"2000\" \/>\n\t<meta property=\"og:image:height\" content=\"2000\" \/>\n\t<meta property=\"og:image:type\" content=\"image\/png\" \/>\n<meta name=\"twitter:card\" content=\"summary_large_image\" \/>\n<meta name=\"twitter:label1\" content=\"Dur\u00e9e de lecture estim\u00e9e\" \/>\n\t<meta name=\"twitter:data1\" content=\"2 minutes\" \/>\n<!-- \/ Yoast SEO plugin. -->","yoast_head_json":{"title":"LED Flex RGB Magic Digital - N\u00e9on LED 6mm programmable - Easyledstore.","description":"Flex RGB Magic Digital 6mm de 5 m\u00e8tres : bande LED flexible et programmable pour des effets dynamiques et des installations lumineuses. D\u00e9couvrez-en plus en ligne !","robots":{"index":"index","follow":"follow","max-snippet":"max-snippet:-1","max-image-preview":"max-image-preview:large","max-video-preview":"max-video-preview:-1"},"canonical":"https:\/\/www.easyledstore.it\/fr\/produit\/led-flex-rgb-magic-digital-neon-led-6mm-programmable-5m\/","og_locale":"fr_FR","og_type":"article","og_title":"LED Flex RGB Magic Digital - N\u00e9on LED 6mm programmable - Easyledstore.","og_description":"Flex RGB Magic Digital 6mm de 5 m\u00e8tres : bande LED flexible et programmable pour des effets dynamiques et des installations lumineuses. D\u00e9couvrez-en plus en ligne !","og_url":"https:\/\/www.easyledstore.it\/fr\/produit\/led-flex-rgb-magic-digital-neon-led-6mm-programmable-5m\/","og_site_name":"Easyledstore","article_publisher":"https:\/\/www.facebook.com\/easyledstore","article_modified_time":"2026-04-07T09:48:29+00:00","og_image":[{"width":2000,"height":2000,"url":"https:\/\/www.easyledstore.it\/wp-content\/uploads\/2024\/05\/Photoroom-20250612_084355.png","type":"image\/png"}],"twitter_card":"summary_large_image","twitter_misc":{"Dur\u00e9e de lecture estim\u00e9e":"2 minutes"},"schema":{"@context":"https:\/\/schema.org","@graph":[{"@type":"WebPage","@id":"https:\/\/www.easyledstore.it\/fr\/produit\/led-flex-rgb-magic-digital-neon-led-6mm-programmable-5m\/","url":"https:\/\/www.easyledstore.it\/fr\/produit\/led-flex-rgb-magic-digital-neon-led-6mm-programmable-5m\/","name":"LED Flex RGB Magic Digital - N\u00e9on LED 6mm programmable - Easyledstore.","isPartOf":{"@id":"https:\/\/www.easyledstore.it\/fr\/#website"},"primaryImageOfPage":{"@id":"https:\/\/www.easyledstore.it\/fr\/produit\/led-flex-rgb-magic-digital-neon-led-6mm-programmable-5m\/#primaryimage"},"image":{"@id":"https:\/\/www.easyledstore.it\/fr\/produit\/led-flex-rgb-magic-digital-neon-led-6mm-programmable-5m\/#primaryimage"},"thumbnailUrl":"https:\/\/www.easyledstore.it\/wp-content\/uploads\/2024\/05\/Photoroom-20250612_084355.png","datePublished":"2024-05-13T08:21:55+00:00","dateModified":"2026-04-07T09:48:29+00:00","description":"Flex RGB Magic Digital 6mm de 5 m\u00e8tres : bande LED flexible et programmable pour des effets dynamiques et des installations lumineuses. D\u00e9couvrez-en plus en ligne !","breadcrumb":{"@id":"https:\/\/www.easyledstore.it\/fr\/produit\/led-flex-rgb-magic-digital-neon-led-6mm-programmable-5m\/#breadcrumb"},"inLanguage":"fr-FR","potentialAction":[{"@type":"ReadAction","target":["https:\/\/www.easyledstore.it\/fr\/produit\/led-flex-rgb-magic-digital-neon-led-6mm-programmable-5m\/"]}]},{"@type":"ImageObject","inLanguage":"fr-FR","@id":"https:\/\/www.easyledstore.it\/fr\/produit\/led-flex-rgb-magic-digital-neon-led-6mm-programmable-5m\/#primaryimage","url":"https:\/\/www.easyledstore.it\/wp-content\/uploads\/2024\/05\/Photoroom-20250612_084355.png","contentUrl":"https:\/\/www.easyledstore.it\/wp-content\/uploads\/2024\/05\/Photoroom-20250612_084355.png","width":2000,"height":2000,"caption":"Flex Neon RGB Magic Digital"},{"@type":"BreadcrumbList","@id":"https:\/\/www.easyledstore.it\/fr\/produit\/led-flex-rgb-magic-digital-neon-led-6mm-programmable-5m\/#breadcrumb","itemListElement":[{"@type":"ListItem","position":1,"name":"Home","item":"https:\/\/www.easyledstore.it\/fr\/modules-de-signalisation-led\/"},{"@type":"ListItem","position":2,"name":"Shop IT","item":"https:\/\/www.easyledstore.it\/fr\/boutique\/"},{"@type":"ListItem","position":3,"name":"LED Flex RGB Magic Digital &#8211; N\u00e9on LED 6mm programmable 5m"}]},{"@type":"WebSite","@id":"https:\/\/www.easyledstore.it\/fr\/#website","url":"https:\/\/www.easyledstore.it\/fr\/","name":"Easyledstore","description":"Alimentatori e Moduli LED per Insegne Luminose","publisher":{"@id":"https:\/\/www.easyledstore.it\/fr\/#organization"},"potentialAction":[{"@type":"SearchAction","target":{"@type":"EntryPoint","urlTemplate":"https:\/\/www.easyledstore.it\/fr\/?s={search_term_string}"},"query-input":{"@type":"PropertyValueSpecification","valueRequired":true,"valueName":"search_term_string"}}],"inLanguage":"fr-FR"},{"@type":"Organization","@id":"https:\/\/www.easyledstore.it\/fr\/#organization","name":"LTC Lighting Trading Company srls","url":"https:\/\/www.easyledstore.it\/fr\/","logo":{"@type":"ImageObject","inLanguage":"fr-FR","@id":"https:\/\/www.easyledstore.it\/fr\/#\/schema\/logo\/image\/","url":"https:\/\/www.easyledstore.it\/wp-content\/uploads\/2018\/03\/Landscape-FullColor-2000.png","contentUrl":"https:\/\/www.easyledstore.it\/wp-content\/uploads\/2018\/03\/Landscape-FullColor-2000.png","width":2000,"height":641,"caption":"LTC Lighting Trading Company srls"},"image":{"@id":"https:\/\/www.easyledstore.it\/fr\/#\/schema\/logo\/image\/"},"sameAs":["https:\/\/www.facebook.com\/easyledstore"]}]}},"_links":{"self":[{"href":"https:\/\/www.easyledstore.it\/fr\/wp-json\/wp\/v2\/product\/10239","targetHints":{"allow":["GET"]}}],"collection":[{"href":"https:\/\/www.easyledstore.it\/fr\/wp-json\/wp\/v2\/product"}],"about":[{"href":"https:\/\/www.easyledstore.it\/fr\/wp-json\/wp\/v2\/types\/product"}],"replies":[{"embeddable":true,"href":"https:\/\/www.easyledstore.it\/fr\/wp-json\/wp\/v2\/comments?post=10239"}],"wp:featuredmedia":[{"embeddable":true,"href":"https:\/\/www.easyledstore.it\/fr\/wp-json\/wp\/v2\/media\/10245"}],"wp:attachment":[{"href":"https:\/\/www.easyledstore.it\/fr\/wp-json\/wp\/v2\/media?parent=10239"}],"wp:term":[{"taxonomy":"product_brand","embeddable":true,"href":"https:\/\/www.easyledstore.it\/fr\/wp-json\/wp\/v2\/product_brand?post=10239"},{"taxonomy":"product_cat","embeddable":true,"href":"https:\/\/www.easyledstore.it\/fr\/wp-json\/wp\/v2\/product_cat?post=10239"},{"taxonomy":"product_tag","embeddable":true,"href":"https:\/\/www.easyledstore.it\/fr\/wp-json\/wp\/v2\/product_tag?post=10239"}],"curies":[{"name":"wp","href":"https:\/\/api.w.org\/{rel}","templated":true}]}}