{"id":10129,"date":"2024-12-09T13:08:38","date_gmt":"2024-12-09T12:08:38","guid":{"rendered":"https:\/\/www.easyledstore.it\/prodotto\/module-led-12v-haute-efficacite-100lm-0-72w-6700k\/"},"modified":"2026-03-23T14:55:50","modified_gmt":"2026-03-23T13:55:50","slug":"module-led-12v-haute-efficacite-100lm-0-72w-6700k","status":"publish","type":"product","link":"https:\/\/www.easyledstore.it\/fr\/produit\/module-led-12v-haute-efficacite-100lm-0-72w-6700k\/","title":{"rendered":"Module LED 12V Haute efficacit\u00e9 &#8211; 100lm &#8211; 0.72W &#8211; 6700K"},"content":{"rendered":"<p>Le module LED 12V \u00e0 haute efficacit\u00e9 avec 100 lm\/W 0,72W &#8211; Solution de signalisation compacte<\/p>\n<p>Con\u00e7u pour r\u00e9pondre aux besoins des installations d&#8217;\u00e9clairage professionnelles, ce module LED offre d&#8217;excellentes performances avec une lumi\u00e8re blanche froide (6700K) qui garantit luminosit\u00e9 et clart\u00e9 dans chaque projet.<\/p>\n<h2>Caract\u00e9ristiques principales<\/h2>\n<p><strong>Rendement lumineux \u00e9lev\u00e9 :<\/strong> avec plus de 100 lm\/W, il garantit un \u00e9clairage lumineux et une faible consommation d&#8217;\u00e9nergie.<\/p>\n<p><strong>Optique 175\u00b0 :<\/strong> parfaite pour une r\u00e9partition homog\u00e8ne de la lumi\u00e8re, id\u00e9ale pour les lettres bo\u00eetiers et les caissons lumineux d&#8217;une profondeur de 5 \u00e0 25 cm.<\/p>\n<p><strong>Protection IP68 :<\/strong> r\u00e9sistant \u00e0 la poussi\u00e8re et \u00e0 l&#8217;eau, il est id\u00e9al pour les applications ext\u00e9rieures et les environnements difficiles.<\/p>\n<p><strong>Certifications de qualit\u00e9 :<\/strong> Test\u00e9 selon la norme LM80 et certifi\u00e9 CE, synonyme de fiabilit\u00e9 et de s\u00e9curit\u00e9.<\/p>\n<p><strong>Compact et pratique : <\/strong>chaque module est \u00e9quip\u00e9 de 2 LED, avec des dimensions compactes pour une int\u00e9gration facile dans n&#8217;importe quel design.<\/p>\n<h2>Sp\u00e9cifications techniques du module LED \u00e0 haute efficacit\u00e9 de 12V<\/h2>\n<ul>\n<li><strong>Dimensions :<\/strong> 41,5 x 13 x 10,1 mm<\/li>\n<li><strong>Angle de rayonnement : <\/strong>175\u00b0.<\/li>\n<li><strong>Tension de fonctionnement : <\/strong>DC 12V<\/li>\n<li><strong>Consommation \u00e9lectrique : <\/strong>0,72 W par module<\/li>\n<li><strong>Temp\u00e9rature de couleur :<\/strong> 6700K (blanc froid)<\/li>\n<li><strong>Temp\u00e9rature de fonctionnement :<\/strong> -20\u00b0C \u00e0 +45\u00b0C<\/li>\n<li><strong>Temp\u00e9rature de stockage :<\/strong> -30\u00b0C \u00e0 +70\u00b0C<\/li>\n<li><strong>Cascade :<\/strong> Connexion en s\u00e9rie d&#8217;un maximum de 50 modules avec une <a href=\"https:\/\/www.easyledstore.it\/fr\/categories-produits\/alimentations-electriques\/?av2_pa_voltaggio=250&#038;av2_filter_id=2\">alimentation 12V DC.<\/a><\/li>\n<\/ul>\n<h2>Applications recommand\u00e9es<\/h2>\n<ul>\n<li><strong>Lettres en bo\u00eete : <\/strong>Id\u00e9ales pour les faibles et moyennes profondeurs.<\/li>\n<li><strong>Bo\u00eetes \u00e0 lumi\u00e8re : <\/strong>assure un \u00e9clairage uniforme et sans ombre.<\/li>\n<li><strong>Installations ext\u00e9rieures :<\/strong> r\u00e9siste aux conditions m\u00e9t\u00e9orologiques extr\u00eames gr\u00e2ce \u00e0 la protection IP68.<\/li>\n<\/ul>\n<h2>Avantages<\/h2>\n<p>Ce module LED 12V \u00e0 haute efficacit\u00e9 est le choix id\u00e9al pour ceux qui recherchent un produit compact, facile \u00e0 installer et tr\u00e8s performant. Le blanc froid de 6700K fournit un \u00e9clairage brillant, id\u00e9al pour les applications commerciales et publicitaires, mettant en valeur n&#8217;importe quel projet. <\/p>\n","protected":false},"excerpt":{"rendered":"<p>Module LED \u00e0 haute efficacit\u00e9 100 lm\/W &#8211; Solution compacte pour la signalisation.<\/p>\n<ul>\n<li>Angle de rayonnement : 175\u00b0.<\/li>\n<li>Tension de fonctionnement : DC 12V<\/li>\n<li>Consommation \u00e9lectrique : 0,72 W par module<\/li>\n<li>Temp\u00e9rature de couleur : 6700K (blanc froid)<\/li>\n<\/ul>\n","protected":false},"featured_media":9626,"comment_status":"open","ping_status":"closed","template":"","meta":[],"product_brand":[],"product_cat":[1174,1267],"product_tag":[1268,1270,1274,1055,1271,1269,1275,1273,1176,1079,1272,1186,1187],"class_list":{"0":"post-10129","1":"product","2":"type-product","3":"status-publish","4":"has-post-thumbnail","6":"product_cat-modules-led","7":"product_cat-modules-led-pour-faces-simples-boites-et-lettres","8":"product_tag-0-72w","9":"product_tag-1270","10":"product_tag-100-lumen","11":"product_tag-12v","12":"product_tag-175-degres","13":"product_tag-2-led","14":"product_tag-5-15cm","15":"product_tag-6700k","16":"product_tag-avec-lentille","17":"product_tag-blanc-froid","18":"product_tag-certifie-ip68","19":"product_tag-led-blanches","20":"product_tag-oui","22":"first","23":"instock","24":"taxable","25":"shipping-taxable","26":"purchasable","27":"product-type-simple"},"yoast_head":"<!-- This site is optimized with the Yoast SEO plugin v27.3 - https:\/\/yoast.com\/product\/yoast-seo-wordpress\/ -->\n<title>Module LED 12V Haute efficacit\u00e9 - 100lm - 0.72W - 6700K - Easyledstore<\/title>\n<meta name=\"description\" content=\"Module LED 12V haute efficacit\u00e9 100 lm\/W 0.72W - Angle de rayonnement : 175\u00b0Tension de fonctionnement : DC 12V - Temp\u00e9rature de couleur : 6700K (Cool White)\" \/>\n<meta name=\"robots\" content=\"index, follow, max-snippet:-1, max-image-preview:large, max-video-preview:-1\" \/>\n<link rel=\"canonical\" href=\"https:\/\/www.easyledstore.it\/fr\/produit\/module-led-12v-haute-efficacite-100lm-0-72w-6700k\/\" \/>\n<meta property=\"og:locale\" content=\"fr_FR\" \/>\n<meta property=\"og:type\" content=\"article\" \/>\n<meta property=\"og:title\" content=\"Module LED 12V Haute efficacit\u00e9 - 100lm - 0.72W - 6700K - Easyledstore\" \/>\n<meta property=\"og:description\" content=\"Module LED 12V haute efficacit\u00e9 100 lm\/W 0.72W - Angle de rayonnement : 175\u00b0Tension de fonctionnement : DC 12V - Temp\u00e9rature de couleur : 6700K (Cool White)\" \/>\n<meta property=\"og:url\" content=\"https:\/\/www.easyledstore.it\/fr\/produit\/module-led-12v-haute-efficacite-100lm-0-72w-6700k\/\" \/>\n<meta property=\"og:site_name\" content=\"Easyledstore\" \/>\n<meta property=\"article:publisher\" content=\"https:\/\/www.facebook.com\/easyledstore\" \/>\n<meta property=\"article:modified_time\" content=\"2026-03-23T13:55:50+00:00\" \/>\n<meta property=\"og:image\" content=\"https:\/\/www.easyledstore.it\/wp-content\/uploads\/2024\/12\/6700k-1.png\" \/>\n\t<meta property=\"og:image:width\" content=\"2000\" \/>\n\t<meta property=\"og:image:height\" content=\"2000\" \/>\n\t<meta property=\"og:image:type\" content=\"image\/png\" \/>\n<meta name=\"twitter:card\" content=\"summary_large_image\" \/>\n<meta name=\"twitter:label1\" content=\"Dur\u00e9e de lecture estim\u00e9e\" \/>\n\t<meta name=\"twitter:data1\" content=\"2 minutes\" \/>\n<!-- \/ Yoast SEO plugin. -->","yoast_head_json":{"title":"Module LED 12V Haute efficacit\u00e9 - 100lm - 0.72W - 6700K - Easyledstore","description":"Module LED 12V haute efficacit\u00e9 100 lm\/W 0.72W - Angle de rayonnement : 175\u00b0Tension de fonctionnement : DC 12V - Temp\u00e9rature de couleur : 6700K (Cool White)","robots":{"index":"index","follow":"follow","max-snippet":"max-snippet:-1","max-image-preview":"max-image-preview:large","max-video-preview":"max-video-preview:-1"},"canonical":"https:\/\/www.easyledstore.it\/fr\/produit\/module-led-12v-haute-efficacite-100lm-0-72w-6700k\/","og_locale":"fr_FR","og_type":"article","og_title":"Module LED 12V Haute efficacit\u00e9 - 100lm - 0.72W - 6700K - Easyledstore","og_description":"Module LED 12V haute efficacit\u00e9 100 lm\/W 0.72W - Angle de rayonnement : 175\u00b0Tension de fonctionnement : DC 12V - Temp\u00e9rature de couleur : 6700K (Cool White)","og_url":"https:\/\/www.easyledstore.it\/fr\/produit\/module-led-12v-haute-efficacite-100lm-0-72w-6700k\/","og_site_name":"Easyledstore","article_publisher":"https:\/\/www.facebook.com\/easyledstore","article_modified_time":"2026-03-23T13:55:50+00:00","og_image":[{"width":2000,"height":2000,"url":"https:\/\/www.easyledstore.it\/wp-content\/uploads\/2024\/12\/6700k-1.png","type":"image\/png"}],"twitter_card":"summary_large_image","twitter_misc":{"Dur\u00e9e de lecture estim\u00e9e":"2 minutes"},"schema":{"@context":"https:\/\/schema.org","@graph":[{"@type":"WebPage","@id":"https:\/\/www.easyledstore.it\/fr\/produit\/module-led-12v-haute-efficacite-100lm-0-72w-6700k\/","url":"https:\/\/www.easyledstore.it\/fr\/produit\/module-led-12v-haute-efficacite-100lm-0-72w-6700k\/","name":"Module LED 12V Haute efficacit\u00e9 - 100lm - 0.72W - 6700K - Easyledstore","isPartOf":{"@id":"https:\/\/www.easyledstore.it\/fr\/#website"},"primaryImageOfPage":{"@id":"https:\/\/www.easyledstore.it\/fr\/produit\/module-led-12v-haute-efficacite-100lm-0-72w-6700k\/#primaryimage"},"image":{"@id":"https:\/\/www.easyledstore.it\/fr\/produit\/module-led-12v-haute-efficacite-100lm-0-72w-6700k\/#primaryimage"},"thumbnailUrl":"https:\/\/www.easyledstore.it\/wp-content\/uploads\/2024\/12\/6700k-1.png","datePublished":"2024-12-09T12:08:38+00:00","dateModified":"2026-03-23T13:55:50+00:00","description":"Module LED 12V haute efficacit\u00e9 100 lm\/W 0.72W - Angle de rayonnement : 175\u00b0Tension de fonctionnement : DC 12V - Temp\u00e9rature de couleur : 6700K (Cool White)","breadcrumb":{"@id":"https:\/\/www.easyledstore.it\/fr\/produit\/module-led-12v-haute-efficacite-100lm-0-72w-6700k\/#breadcrumb"},"inLanguage":"fr-FR","potentialAction":[{"@type":"ReadAction","target":["https:\/\/www.easyledstore.it\/fr\/produit\/module-led-12v-haute-efficacite-100lm-0-72w-6700k\/"]}]},{"@type":"ImageObject","inLanguage":"fr-FR","@id":"https:\/\/www.easyledstore.it\/fr\/produit\/module-led-12v-haute-efficacite-100lm-0-72w-6700k\/#primaryimage","url":"https:\/\/www.easyledstore.it\/wp-content\/uploads\/2024\/12\/6700k-1.png","contentUrl":"https:\/\/www.easyledstore.it\/wp-content\/uploads\/2024\/12\/6700k-1.png","width":2000,"height":2000,"caption":"Led 2 Modules 6700K"},{"@type":"BreadcrumbList","@id":"https:\/\/www.easyledstore.it\/fr\/produit\/module-led-12v-haute-efficacite-100lm-0-72w-6700k\/#breadcrumb","itemListElement":[{"@type":"ListItem","position":1,"name":"Home","item":"https:\/\/www.easyledstore.it\/fr\/modules-de-signalisation-led\/"},{"@type":"ListItem","position":2,"name":"Shop IT","item":"https:\/\/www.easyledstore.it\/fr\/boutique\/"},{"@type":"ListItem","position":3,"name":"Module LED 12V Haute efficacit\u00e9 &#8211; 100lm &#8211; 0.72W &#8211; 6700K"}]},{"@type":"WebSite","@id":"https:\/\/www.easyledstore.it\/fr\/#website","url":"https:\/\/www.easyledstore.it\/fr\/","name":"Easyledstore","description":"Alimentatori e Moduli LED per Insegne Luminose","publisher":{"@id":"https:\/\/www.easyledstore.it\/fr\/#organization"},"potentialAction":[{"@type":"SearchAction","target":{"@type":"EntryPoint","urlTemplate":"https:\/\/www.easyledstore.it\/fr\/?s={search_term_string}"},"query-input":{"@type":"PropertyValueSpecification","valueRequired":true,"valueName":"search_term_string"}}],"inLanguage":"fr-FR"},{"@type":"Organization","@id":"https:\/\/www.easyledstore.it\/fr\/#organization","name":"LTC Lighting Trading Company srls","url":"https:\/\/www.easyledstore.it\/fr\/","logo":{"@type":"ImageObject","inLanguage":"fr-FR","@id":"https:\/\/www.easyledstore.it\/fr\/#\/schema\/logo\/image\/","url":"https:\/\/www.easyledstore.it\/wp-content\/uploads\/2018\/03\/Landscape-FullColor-2000.png","contentUrl":"https:\/\/www.easyledstore.it\/wp-content\/uploads\/2018\/03\/Landscape-FullColor-2000.png","width":2000,"height":641,"caption":"LTC Lighting Trading Company srls"},"image":{"@id":"https:\/\/www.easyledstore.it\/fr\/#\/schema\/logo\/image\/"},"sameAs":["https:\/\/www.facebook.com\/easyledstore"]}]}},"_links":{"self":[{"href":"https:\/\/www.easyledstore.it\/fr\/wp-json\/wp\/v2\/product\/10129","targetHints":{"allow":["GET"]}}],"collection":[{"href":"https:\/\/www.easyledstore.it\/fr\/wp-json\/wp\/v2\/product"}],"about":[{"href":"https:\/\/www.easyledstore.it\/fr\/wp-json\/wp\/v2\/types\/product"}],"replies":[{"embeddable":true,"href":"https:\/\/www.easyledstore.it\/fr\/wp-json\/wp\/v2\/comments?post=10129"}],"wp:featuredmedia":[{"embeddable":true,"href":"https:\/\/www.easyledstore.it\/fr\/wp-json\/wp\/v2\/media\/9626"}],"wp:attachment":[{"href":"https:\/\/www.easyledstore.it\/fr\/wp-json\/wp\/v2\/media?parent=10129"}],"wp:term":[{"taxonomy":"product_brand","embeddable":true,"href":"https:\/\/www.easyledstore.it\/fr\/wp-json\/wp\/v2\/product_brand?post=10129"},{"taxonomy":"product_cat","embeddable":true,"href":"https:\/\/www.easyledstore.it\/fr\/wp-json\/wp\/v2\/product_cat?post=10129"},{"taxonomy":"product_tag","embeddable":true,"href":"https:\/\/www.easyledstore.it\/fr\/wp-json\/wp\/v2\/product_tag?post=10129"}],"curies":[{"name":"wp","href":"https:\/\/api.w.org\/{rel}","templated":true}]}}