{"id":9468,"date":"2018-03-22T10:57:40","date_gmt":"2018-03-22T09:57:40","guid":{"rendered":"https:\/\/www.easyledstore.it\/modules-de-signalisation-led\/"},"modified":"2026-02-27T17:29:10","modified_gmt":"2026-02-27T16:29:10","slug":"modules-de-signalisation-led","status":"publish","type":"page","link":"https:\/\/www.easyledstore.it\/fr\/","title":{"rendered":"Modules de signalisation LED"},"content":{"rendered":"<div class=\"et_pb_section_0 et_pb_section et_section_regular et_flex_section et-dark-mode-capable preset--module--divi-section--57786d5c-347b-4809-a686-8b51e51a0365\">\n<div class=\"et_pb_row_0 et_pb_row et_block_row\">\n<div class=\"et_pb_column_0 et_pb_column et_pb_column_4_4 et-last-child et_block_column et_pb_css_mix_blend_mode_passthrough\">\n<div class=\"et_pb_group_carousel_0 et_pb_group_carousel et_pb_group et_pb_module et_pb_group_carousel_arrows_inside et_pb_group_carousel_dots_center et_pb_group_carousel_dots_below\"><div class=\"et_pb_group_carousel_container\"><div class=\"et_pb_group_carousel_track\"><div class=\"et_pb_group_carousel_slide\"><div class=\"et_pb_group_0 et_pb_group et_pb_module et_flex_group et_pb_css_mix_blend_mode_passthrough et_clickable\">\n<div class=\"et_pb_image_0 et_pb_image et_pb_module et_flex_module\"><span class=\"et_pb_image_wrap\"><img loading=\"lazy\" decoding=\"async\" src=\"https:\/\/www.easyledstore.it\/wp-content\/uploads\/2025\/12\/Banner1-desk.jpg\" title=\"Banner1-mob\" width=\"1920\" height=\"350\" srcset=\"https:\/\/www.easyledstore.it\/wp-content\/uploads\/2025\/12\/Banner1-desk.jpg 1920w, https:\/\/www.easyledstore.it\/wp-content\/uploads\/2025\/12\/Banner1-desk-1280x233.jpg 1280w, https:\/\/www.easyledstore.it\/wp-content\/uploads\/2025\/12\/Banner1-desk-980x179.jpg 980w, https:\/\/www.easyledstore.it\/wp-content\/uploads\/2025\/12\/Banner1-desk-480x88.jpg 480w\" sizes=\"(min-width: 0px) and (max-width: 480px) 480px, (min-width: 481px) and (max-width: 980px) 980px, (min-width: 981px) and (max-width: 1280px) 1280px, (min-width: 1281px) 1920px, 100vw\" class=\"wp-image-8976 wp-image-8982\" \/><\/span><\/div>\n<\/div><\/div><div class=\"et_pb_group_carousel_slide\"><div class=\"et_pb_group_1 et_pb_group et_pb_module et_flex_group et_pb_css_mix_blend_mode_passthrough et_clickable\">\n<div class=\"et_pb_image_1 et_pb_image et_pb_module et_flex_module\"><span class=\"et_pb_image_wrap\"><img loading=\"lazy\" decoding=\"async\" src=\"https:\/\/www.easyledstore.it\/wp-content\/uploads\/2026\/01\/Banner-DESK3.jpg\" title=\"Banner-MOB\" width=\"1920\" height=\"350\" srcset=\"https:\/\/www.easyledstore.it\/wp-content\/uploads\/2026\/01\/Banner-DESK3.jpg 1920w, https:\/\/www.easyledstore.it\/wp-content\/uploads\/2026\/01\/Banner-DESK3-1280x233.jpg 1280w, https:\/\/www.easyledstore.it\/wp-content\/uploads\/2026\/01\/Banner-DESK3-980x179.jpg 980w, https:\/\/www.easyledstore.it\/wp-content\/uploads\/2026\/01\/Banner-DESK3-480x88.jpg 480w\" sizes=\"(min-width: 0px) and (max-width: 480px) 480px, (min-width: 481px) and (max-width: 980px) 980px, (min-width: 981px) and (max-width: 1280px) 1280px, (min-width: 1281px) 1920px, 100vw\" class=\"wp-image-12524 wp-image-12529\" \/><\/span><\/div>\n<\/div><\/div><div class=\"et_pb_group_carousel_slide\"><div class=\"et_pb_group_2 et_pb_group et_pb_module et_flex_group et_pb_css_mix_blend_mode_passthrough et_clickable\">\n<div class=\"et_pb_image_2 et_pb_image et_pb_module et_flex_module\"><a href=\"https:\/\/www.easyledstore.it\/mio-account\/\"><span class=\"et_pb_image_wrap\"><img loading=\"lazy\" decoding=\"async\" src=\"https:\/\/www.easyledstore.it\/wp-content\/uploads\/2026\/01\/Banner-Iscrizione-2.jpg\" title=\"Banner-Iscrizione\" width=\"1920\" height=\"350\" srcset=\"https:\/\/www.easyledstore.it\/wp-content\/uploads\/2026\/01\/Banner-Iscrizione-2.jpg 1920w, https:\/\/www.easyledstore.it\/wp-content\/uploads\/2026\/01\/Banner-Iscrizione-2-1280x233.jpg 1280w, https:\/\/www.easyledstore.it\/wp-content\/uploads\/2026\/01\/Banner-Iscrizione-2-980x179.jpg 980w, https:\/\/www.easyledstore.it\/wp-content\/uploads\/2026\/01\/Banner-Iscrizione-2-480x88.jpg 480w\" sizes=\"(min-width: 0px) and (max-width: 480px) 480px, (min-width: 481px) and (max-width: 980px) 980px, (min-width: 981px) and (max-width: 1280px) 1280px, (min-width: 1281px) 1920px, 100vw\" class=\"wp-image-9400 wp-image-8982\" \/><\/span><\/a><\/div>\n<\/div><\/div><div class=\"et_pb_group_carousel_slide\"><div class=\"et_pb_group_3 et_pb_group et-last-child et_pb_module et_flex_group et_pb_css_mix_blend_mode_passthrough et_clickable\">\n<div class=\"et_pb_image_3 et_pb_image et_pb_module et_flex_module\"><span class=\"et_pb_image_wrap\"><img loading=\"lazy\" decoding=\"async\" src=\"https:\/\/www.easyledstore.it\/wp-content\/uploads\/2025\/12\/Banner-DESK2.jpg\" title=\"Banner-MOB2\" width=\"1920\" height=\"350\" srcset=\"https:\/\/www.easyledstore.it\/wp-content\/uploads\/2025\/12\/Banner-DESK2.jpg 1920w, https:\/\/www.easyledstore.it\/wp-content\/uploads\/2025\/12\/Banner-DESK2-1280x233.jpg 1280w, https:\/\/www.easyledstore.it\/wp-content\/uploads\/2025\/12\/Banner-DESK2-980x179.jpg 980w, https:\/\/www.easyledstore.it\/wp-content\/uploads\/2025\/12\/Banner-DESK2-480x88.jpg 480w\" sizes=\"(min-width: 0px) and (max-width: 480px) 480px, (min-width: 481px) and (max-width: 980px) 980px, (min-width: 981px) and (max-width: 1280px) 1280px, (min-width: 1281px) 1920px, 100vw\" class=\"wp-image-8978 wp-image-8980\" \/><\/span><\/div>\n<\/div><\/div><\/div><\/div><span class=\"et_pb_group_carousel_arrow et_pb_group_carousel_arrow_prev\" role=\"button\" tabindex=\"0\" aria-label=\"Previous slide\"><span class=\"et-pb-icon\">4<\/span><\/span><span class=\"et_pb_group_carousel_arrow et_pb_group_carousel_arrow_next\" role=\"button\" tabindex=\"0\" aria-label=\"Next slide\"><span class=\"et-pb-icon\">5<\/span><\/span><div class=\"et_pb_group_carousel_dots\"><\/div><\/div>\n<\/div>\n<\/div>\n\n<div class=\"et_pb_row_1 et_pb_row et_flex_row\">\n<div class=\"et_pb_column_1 et_pb_column et-last-child et_flex_column et_pb_css_mix_blend_mode_passthrough et_flex_column_24_24 et_flex_column_24_24_tablet et_flex_column_24_24_phone\">\n<div class=\"et_pb_divider_0 et_pb_divider et_pb_space et_pb_divider_position_center et_pb_module\"><div class=\"et_pb_divider_internal\"><\/div><\/div>\n\n<div class=\"et_pb_code_0 et_pb_code et_pb_module\"><div class=\"et_pb_code_inner\">\t\t<div class=\"wc-helper-category-loop\">\n\t\t\t\t\t\t\t<a href=\"https:\/\/www.easyledstore.it\/fr\/categories-produits\/modules-led\/\" class=\"wc-helper-category-item\">\n\t\t\t\t\t<img decoding=\"async\" src=\"https:\/\/www.easyledstore.it\/wp-content\/uploads\/2026\/01\/Categoria-Moduli.jpg\" alt=\"Modules LED\">\n\t\t\t\t\t<h3 class=\"wc-helper-category-name\">Modules LED<\/h3>\n\t\t\t\t<\/a>\n\t\t\t\t\t\t\t<a href=\"https:\/\/www.easyledstore.it\/fr\/categories-produits\/modules-led\/petits-modules-led\/\" class=\"wc-helper-category-item\">\n\t\t\t\t\t<img decoding=\"async\" src=\"https:\/\/www.easyledstore.it\/wp-content\/uploads\/2026\/01\/Car.-Mini.jpg\" alt=\"Petits modules LED\">\n\t\t\t\t\t<h3 class=\"wc-helper-category-name\">Petits modules LED<\/h3>\n\t\t\t\t<\/a>\n\t\t\t\t\t\t\t<a href=\"https:\/\/www.easyledstore.it\/fr\/categories-produits\/modules-led\/modules-pour-double-face\/\" class=\"wc-helper-category-item\">\n\t\t\t\t\t<img decoding=\"async\" src=\"https:\/\/www.easyledstore.it\/wp-content\/uploads\/2026\/01\/Categoria-Bifacciale-1.jpg\" alt=\"Modules pour double face\">\n\t\t\t\t\t<h3 class=\"wc-helper-category-name\">Modules pour double face<\/h3>\n\t\t\t\t<\/a>\n\t\t\t\t\t\t\t<a href=\"https:\/\/www.easyledstore.it\/fr\/categories-produits\/modules-led\/modules-rgb\/\" class=\"wc-helper-category-item\">\n\t\t\t\t\t<img decoding=\"async\" src=\"https:\/\/www.easyledstore.it\/wp-content\/uploads\/2025\/12\/categoria-RGB.jpg\" alt=\"Modules RGB\">\n\t\t\t\t\t<h3 class=\"wc-helper-category-name\">Modules RGB<\/h3>\n\t\t\t\t<\/a>\n\t\t\t\t\t\t\t<a href=\"https:\/\/www.easyledstore.it\/fr\/categories-produits\/barres-led\/barres-lumineuses\/\" class=\"wc-helper-category-item\">\n\t\t\t\t\t<img decoding=\"async\" src=\"https:\/\/www.easyledstore.it\/wp-content\/uploads\/2026\/01\/Cat-Lightbox.jpg\" alt=\"Barres lumineuses\">\n\t\t\t\t\t<h3 class=\"wc-helper-category-name\">Barres lumineuses<\/h3>\n\t\t\t\t<\/a>\n\t\t\t\t\t\t\t<a href=\"https:\/\/www.easyledstore.it\/fr\/categories-produits\/barres-led\/barres-led-ip65\/\" class=\"wc-helper-category-item\">\n\t\t\t\t\t<img decoding=\"async\" src=\"https:\/\/www.easyledstore.it\/wp-content\/uploads\/2026\/01\/Cat-Barre-IP65-1.jpg\" alt=\"Barres LED IP65\">\n\t\t\t\t\t<h3 class=\"wc-helper-category-name\">Barres LED IP65<\/h3>\n\t\t\t\t<\/a>\n\t\t\t\t\t\t\t<a href=\"https:\/\/www.easyledstore.it\/fr\/categories-produits\/pixel-led\/\" class=\"wc-helper-category-item\">\n\t\t\t\t\t<img decoding=\"async\" src=\"https:\/\/www.easyledstore.it\/wp-content\/uploads\/2026\/01\/Cat.-Pixel.jpg\" alt=\"Pixel LED\">\n\t\t\t\t\t<h3 class=\"wc-helper-category-name\">Pixel LED<\/h3>\n\t\t\t\t<\/a>\n\t\t\t\t\t\t\t<a href=\"https:\/\/www.easyledstore.it\/fr\/categories-produits\/flex-led\/flex-neon-split\/\" class=\"wc-helper-category-item\">\n\t\t\t\t\t<img decoding=\"async\" src=\"https:\/\/www.easyledstore.it\/wp-content\/uploads\/2025\/04\/Photoroom-20250611_122147.png\" alt=\"Flex Neon Split\">\n\t\t\t\t\t<h3 class=\"wc-helper-category-name\">Flex Neon Split<\/h3>\n\t\t\t\t<\/a>\n\t\t\t\t\t\t\t<a href=\"https:\/\/www.easyledstore.it\/fr\/categories-produits\/flex-led\/neon-flex\/\" class=\"wc-helper-category-item\">\n\t\t\t\t\t<img decoding=\"async\" src=\"https:\/\/www.easyledstore.it\/wp-content\/uploads\/2026\/01\/Cat.-Flex-Neon.jpg\" alt=\"Neon Flex\">\n\t\t\t\t\t<h3 class=\"wc-helper-category-name\">Neon Flex<\/h3>\n\t\t\t\t<\/a>\n\t\t\t\t\t\t\t<a href=\"https:\/\/www.easyledstore.it\/fr\/categories-produits\/alimentations-electriques\/alimentations-interieures\/\" class=\"wc-helper-category-item\">\n\t\t\t\t\t<img decoding=\"async\" src=\"https:\/\/www.easyledstore.it\/wp-content\/uploads\/2026\/01\/Categoria-Alimentatori-Interno.jpg\" alt=\"Alimentations int\u00e9rieures\">\n\t\t\t\t\t<h3 class=\"wc-helper-category-name\">Alimentations int\u00e9rieures<\/h3>\n\t\t\t\t<\/a>\n\t\t\t\t\t\t\t<a href=\"https:\/\/www.easyledstore.it\/fr\/categories-produits\/alimentations-electriques\/alimentations-ip68\/\" class=\"wc-helper-category-item\">\n\t\t\t\t\t<img decoding=\"async\" src=\"https:\/\/www.easyledstore.it\/wp-content\/uploads\/2026\/01\/Categoria-Alimentatori-Esterno.jpg\" alt=\"Alimentations IP68\">\n\t\t\t\t\t<h3 class=\"wc-helper-category-name\">Alimentations IP68<\/h3>\n\t\t\t\t<\/a>\n\t\t\t\t\t\t\t<a href=\"https:\/\/www.easyledstore.it\/fr\/categories-produits\/alimentations-electriques\/alimentations-ultra-minces\/\" class=\"wc-helper-category-item\">\n\t\t\t\t\t<img decoding=\"async\" src=\"https:\/\/www.easyledstore.it\/wp-content\/uploads\/2026\/01\/Categoria-Ultra-Slim.jpg\" alt=\"Alimentations ultra-minces\">\n\t\t\t\t\t<h3 class=\"wc-helper-category-name\">Alimentations ultra-minces<\/h3>\n\t\t\t\t<\/a>\n\t\t\t\t\t\t\t<a href=\"https:\/\/www.easyledstore.it\/fr\/categories-produits\/bande-led\/\" class=\"wc-helper-category-item\">\n\t\t\t\t\t<img decoding=\"async\" src=\"https:\/\/www.easyledstore.it\/wp-content\/uploads\/2026\/01\/Categoria-Zig-Zag-Esterno.jpg\" alt=\"Bande LED\">\n\t\t\t\t\t<h3 class=\"wc-helper-category-name\">Bande LED<\/h3>\n\t\t\t\t<\/a>\n\t\t\t\t\t\t\t<a href=\"https:\/\/www.easyledstore.it\/fr\/categories-produits\/unites-de-controle\/\" class=\"wc-helper-category-item\">\n\t\t\t\t\t<img decoding=\"async\" src=\"https:\/\/www.easyledstore.it\/wp-content\/uploads\/2026\/01\/Centraline-1.jpg\" alt=\"Unit\u00e9s de contr\u00f4le\">\n\t\t\t\t\t<h3 class=\"wc-helper-category-name\">Unit\u00e9s de contr\u00f4le<\/h3>\n\t\t\t\t<\/a>\n\t\t\t\t\t<\/div>\n\t\t<\/div><\/div>\n\n<div class=\"et_pb_divider_1 et_pb_divider et_pb_space et_pb_divider_position_center et_pb_module\"><div class=\"et_pb_divider_internal\"><\/div><\/div>\n<\/div>\n<\/div>\n\n\n<\/div>","protected":false},"excerpt":{"rendered":"<p>Modules Led pour la signalisation double face Enseignes lumineuses Lettres bo\u00eetiers Installations<\/p>\n","protected":false},"author":2,"featured_media":9482,"parent":0,"menu_order":0,"comment_status":"closed","ping_status":"closed","template":"","meta":{"footnotes":""},"class_list":["post-9468","page","type-page","status-publish","has-post-thumbnail","hentry"],"yoast_head":"<!-- This site is optimized with the Yoast SEO plugin v27.3 - https:\/\/yoast.com\/product\/yoast-seo-wordpress\/ -->\n<title>Modules et accessoires de signalisation par diodes \u00e9lectroluminescentes - Easyledstore%.<\/title>\n<meta name=\"description\" content=\"Modules de signalisation \u00e0 LED, alimentations et accessoires pour la technologie d&#039;\u00e9clairage \u00e0 LED. LED pour le lettrage en caisson, double face et simple face.\" \/>\n<meta name=\"robots\" content=\"index, follow, max-snippet:-1, max-image-preview:large, max-video-preview:-1\" \/>\n<link rel=\"canonical\" href=\"https:\/\/www.easyledstore.it\/fr\/\" \/>\n<meta property=\"og:locale\" content=\"fr_FR\" \/>\n<meta property=\"og:type\" content=\"article\" \/>\n<meta property=\"og:title\" content=\"Modules et accessoires de signalisation par diodes \u00e9lectroluminescentes - Easyledstore%.\" \/>\n<meta property=\"og:description\" content=\"Modules de signalisation \u00e0 LED, alimentations et accessoires pour la technologie d&#039;\u00e9clairage \u00e0 LED. LED pour le lettrage en caisson, double face et simple face.\" \/>\n<meta property=\"og:url\" content=\"https:\/\/www.easyledstore.it\/fr\/\" \/>\n<meta property=\"og:site_name\" content=\"Easyledstore\" \/>\n<meta property=\"article:publisher\" content=\"https:\/\/www.facebook.com\/easyledstore\" \/>\n<meta property=\"article:modified_time\" content=\"2026-02-27T16:29:10+00:00\" \/>\n<meta property=\"og:image\" content=\"https:\/\/www.easyledstore.it\/wp-content\/uploads\/2025\/07\/BG.jpg\" \/>\n\t<meta property=\"og:image:width\" content=\"1080\" \/>\n\t<meta property=\"og:image:height\" content=\"1080\" \/>\n\t<meta property=\"og:image:type\" content=\"image\/jpeg\" \/>\n<meta name=\"twitter:card\" content=\"summary_large_image\" \/>\n<!-- \/ Yoast SEO plugin. -->","yoast_head_json":{"title":"Modules et accessoires de signalisation par diodes \u00e9lectroluminescentes - Easyledstore%.","description":"Modules de signalisation \u00e0 LED, alimentations et accessoires pour la technologie d'\u00e9clairage \u00e0 LED. LED pour le lettrage en caisson, double face et simple face.","robots":{"index":"index","follow":"follow","max-snippet":"max-snippet:-1","max-image-preview":"max-image-preview:large","max-video-preview":"max-video-preview:-1"},"canonical":"https:\/\/www.easyledstore.it\/fr\/","og_locale":"fr_FR","og_type":"article","og_title":"Modules et accessoires de signalisation par diodes \u00e9lectroluminescentes - Easyledstore%.","og_description":"Modules de signalisation \u00e0 LED, alimentations et accessoires pour la technologie d'\u00e9clairage \u00e0 LED. LED pour le lettrage en caisson, double face et simple face.","og_url":"https:\/\/www.easyledstore.it\/fr\/","og_site_name":"Easyledstore","article_publisher":"https:\/\/www.facebook.com\/easyledstore","article_modified_time":"2026-02-27T16:29:10+00:00","og_image":[{"width":1080,"height":1080,"url":"https:\/\/www.easyledstore.it\/wp-content\/uploads\/2025\/07\/BG.jpg","type":"image\/jpeg"}],"twitter_card":"summary_large_image","schema":{"@context":"https:\/\/schema.org","@graph":[{"@type":"WebPage","@id":"https:\/\/www.easyledstore.it\/fr\/","url":"https:\/\/www.easyledstore.it\/fr\/","name":"Modules et accessoires de signalisation par diodes \u00e9lectroluminescentes - Easyledstore%.","isPartOf":{"@id":"https:\/\/www.easyledstore.it\/fr\/#website"},"primaryImageOfPage":{"@id":"https:\/\/www.easyledstore.it\/fr\/#primaryimage"},"image":{"@id":"https:\/\/www.easyledstore.it\/fr\/#primaryimage"},"thumbnailUrl":"https:\/\/www.easyledstore.it\/wp-content\/uploads\/2025\/07\/BG.jpg","datePublished":"2018-03-22T09:57:40+00:00","dateModified":"2026-02-27T16:29:10+00:00","description":"Modules de signalisation \u00e0 LED, alimentations et accessoires pour la technologie d'\u00e9clairage \u00e0 LED. LED pour le lettrage en caisson, double face et simple face.","breadcrumb":{"@id":"https:\/\/www.easyledstore.it\/fr\/#breadcrumb"},"inLanguage":"fr-FR","potentialAction":[{"@type":"ReadAction","target":["https:\/\/www.easyledstore.it\/fr\/"]}]},{"@type":"ImageObject","inLanguage":"fr-FR","@id":"https:\/\/www.easyledstore.it\/fr\/#primaryimage","url":"https:\/\/www.easyledstore.it\/wp-content\/uploads\/2025\/07\/BG.jpg","contentUrl":"https:\/\/www.easyledstore.it\/wp-content\/uploads\/2025\/07\/BG.jpg","width":1080,"height":1080},{"@type":"BreadcrumbList","@id":"https:\/\/www.easyledstore.it\/fr\/#breadcrumb","itemListElement":[{"@type":"ListItem","position":1,"name":"Home","item":"https:\/\/www.easyledstore.it\/fr\/modules-de-signalisation-led\/"},{"@type":"ListItem","position":2,"name":"Modules de signalisation LED"}]},{"@type":"WebSite","@id":"https:\/\/www.easyledstore.it\/fr\/#website","url":"https:\/\/www.easyledstore.it\/fr\/","name":"Easyledstore","description":"Alimentatori e Moduli LED per Insegne Luminose","publisher":{"@id":"https:\/\/www.easyledstore.it\/fr\/#organization"},"potentialAction":[{"@type":"SearchAction","target":{"@type":"EntryPoint","urlTemplate":"https:\/\/www.easyledstore.it\/fr\/?s={search_term_string}"},"query-input":{"@type":"PropertyValueSpecification","valueRequired":true,"valueName":"search_term_string"}}],"inLanguage":"fr-FR"},{"@type":"Organization","@id":"https:\/\/www.easyledstore.it\/fr\/#organization","name":"LTC Lighting Trading Company srls","url":"https:\/\/www.easyledstore.it\/fr\/","logo":{"@type":"ImageObject","inLanguage":"fr-FR","@id":"https:\/\/www.easyledstore.it\/fr\/#\/schema\/logo\/image\/","url":"https:\/\/www.easyledstore.it\/wp-content\/uploads\/2018\/03\/Landscape-FullColor-2000.png","contentUrl":"https:\/\/www.easyledstore.it\/wp-content\/uploads\/2018\/03\/Landscape-FullColor-2000.png","width":2000,"height":641,"caption":"LTC Lighting Trading Company srls"},"image":{"@id":"https:\/\/www.easyledstore.it\/fr\/#\/schema\/logo\/image\/"},"sameAs":["https:\/\/www.facebook.com\/easyledstore"]}]}},"_links":{"self":[{"href":"https:\/\/www.easyledstore.it\/fr\/wp-json\/wp\/v2\/pages\/9468","targetHints":{"allow":["GET"]}}],"collection":[{"href":"https:\/\/www.easyledstore.it\/fr\/wp-json\/wp\/v2\/pages"}],"about":[{"href":"https:\/\/www.easyledstore.it\/fr\/wp-json\/wp\/v2\/types\/page"}],"author":[{"embeddable":true,"href":"https:\/\/www.easyledstore.it\/fr\/wp-json\/wp\/v2\/users\/2"}],"replies":[{"embeddable":true,"href":"https:\/\/www.easyledstore.it\/fr\/wp-json\/wp\/v2\/comments?post=9468"}],"version-history":[{"count":10,"href":"https:\/\/www.easyledstore.it\/fr\/wp-json\/wp\/v2\/pages\/9468\/revisions"}],"predecessor-version":[{"id":13272,"href":"https:\/\/www.easyledstore.it\/fr\/wp-json\/wp\/v2\/pages\/9468\/revisions\/13272"}],"wp:featuredmedia":[{"embeddable":true,"href":"https:\/\/www.easyledstore.it\/fr\/wp-json\/wp\/v2\/media\/9482"}],"wp:attachment":[{"href":"https:\/\/www.easyledstore.it\/fr\/wp-json\/wp\/v2\/media?parent=9468"}],"curies":[{"name":"wp","href":"https:\/\/api.w.org\/{rel}","templated":true}]}}