{"id":9420,"date":"2018-03-22T10:59:13","date_gmt":"2018-03-22T09:59:13","guid":{"rendered":"https:\/\/www.easyledstore.it\/contact\/"},"modified":"2026-01-19T11:48:48","modified_gmt":"2026-01-19T10:48:48","slug":"contact","status":"publish","type":"page","link":"https:\/\/www.easyledstore.it\/fr\/contact\/","title":{"rendered":"Contact"},"content":{"rendered":"<div class=\"et_pb_section_0 et_pb_section et_section_regular et_block_section et-dark-mode-capable woocommerce preset--module--divi-section--d4100fb4-fb6f-4ab5-8833-3cc530d2fcfb\">\n<div class=\"et_pb_row_0 et_pb_row et_flex_row\">\n<div class=\"et_pb_column_0 et_pb_column et_flex_column et_pb_css_mix_blend_mode_passthrough et_flex_column_12_24 et_flex_column_12_24_tablet et_flex_column_24_24_phone\">\n<div class=\"et_pb_text_0 et_pb_text et_pb_bg_layout_light et_pb_module et_block_module\"><div class=\"et_pb_text_inner\"><h1>Contactez nous<\/h1>\n<p>Utilisez le formulaire ci-dessous pour nous envoyer un message<\/p>\n<p>ou contactez-nous sur WhatsApp<\/p>\n<p>Heures d'ouverture 8:00 - 13:00 \/ 14:00 - 17:00 du lundi au vendredi<\/p>\n<p>Pour des informations techniques urgentes, contactez <strong>+39 3282497836<\/strong> - <strong>+39<\/strong> <strong>0689812109<\/strong><\/p>\n<\/div><\/div>\n\n<div class=\"et_pb_image_0 et_pb_image et_pb_module et_block_module\"><span class=\"et_pb_image_wrap\"><img loading=\"lazy\" decoding=\"async\" src=\"https:\/\/www.easyledstore.it\/wp-content\/uploads\/2024\/02\/EasyLedStore-logo.png\" width=\"200\" height=\"50\" srcset=\"https:\/\/www.easyledstore.it\/wp-content\/uploads\/2024\/02\/EasyLedStore-logo.png 200w, https:\/\/www.easyledstore.it\/wp-content\/uploads\/2024\/02\/EasyLedStore-logo-64x16.png 64w\" sizes=\"(max-width: 200px) 100vw, 200px\" class=\"wp-image-3431\" title=\"EasyLedStore-logo\" \/><\/span><\/div>\n\n<div class=\"et_pb_text_1 et_pb_text et_pb_bg_layout_light et_pb_module et_block_module\"><div class=\"et_pb_text_inner\"><p><strong>L.T.C. S.R.L.<\/strong><\/p>\n<p>T\u00e9l\u00e9phone : +39 0689812109<\/p>\n<p>Via San Michele 78 - 04011 - Aprilia (LT)<\/p>\n<p>NUM\u00c9RO DE TVA : 02763940596<\/p>\n<p>info@easyledstore.it<\/p>\n<\/div><\/div>\n\n<ul class=\"et_pb_social_media_follow_0 et_pb_social_media_follow et_pb_bg_layout_light et_pb_text_align_center-phone et_pb_module et_flex_module\">\n<li class=\"et_pb_social_media_follow_network_0 et_pb_social_media_follow_network et_pb_social_icon et_pb_social_network_link et-social-instagram et_pb_module et_flex_module\"><a href=\"https:\/\/www.instagram.com\/easyledstore.it\/\" class=\"icon\" target=\"_self\" title=\"Follow on Instagram\" rel=\"noopener noreferrer nofollow\"><span class=\"et_pb_social_media_follow_network_name\">Follow<\/span><\/a><\/li>\n\n<li class=\"et_pb_social_media_follow_network_1 et_pb_social_media_follow_network et_pb_social_icon et_pb_social_network_link et-social-facebook et_pb_module et_flex_module\"><a href=\"https:\/\/www.facebook.com\/easyledstore\" class=\"icon\" target=\"_self\" title=\"Follow on Facebook\" rel=\"noopener noreferrer nofollow\"><span class=\"et_pb_social_media_follow_network_name\">Follow<\/span><\/a><\/li>\n\n<li class=\"et_pb_social_media_follow_network_2 et_pb_social_media_follow_network et_pb_social_icon et_pb_social_network_link et-pb-social-fa-icon et-social-tiktok et_pb_module et_flex_module\"><a href=\"https:\/\/www.tiktok.com\/@easyledstore.it\" class=\"icon\" target=\"_self\" title=\"Follow on TikTok\" rel=\"noopener noreferrer nofollow\"><span class=\"et_pb_social_media_follow_network_name\">Follow<\/span><\/a><\/li>\n\n<li class=\"et_pb_social_media_follow_network_3 et_pb_social_media_follow_network et_pb_social_icon et_pb_social_network_link et-social-youtube et_pb_module et_flex_module\"><a href=\"https:\/\/www.youtube.com\/channel\/UCadmBU3-vC9_KmxdkWDh8IQ\" class=\"icon\" target=\"_self\" title=\"Follow on Youtube\" rel=\"noopener noreferrer nofollow\"><span class=\"et_pb_social_media_follow_network_name\">Follow<\/span><\/a><\/li>\n<\/ul>\n<\/div>\n\n<div class=\"et_pb_column_1 et_pb_column et-last-child et_flex_column et_pb_css_mix_blend_mode_passthrough et_flex_column_12_24 et_flex_column_12_24_tablet et_flex_column_24_24_phone\">\n<div class=\"et_pb_contact_form_0 et_pb_contact_form_container clearfix et_pb_recaptcha_enabled et_pb_module et_flex_module\" data-form_unique_num=\"0\" data-form_unique_id=\"e5065220-b1ba-4cba-b9bc-7d0dbd6c54ca\" data-redirect_url=\"\/grazie-richiesta\" id=\"et_pb_contact_form_0\"><h1 class=\"et_pb_contact_main_title\">avez-vous des doutes ?<\/h1><div class=\"et-pb-contact-message\"><\/div><div class=\"et_pb_contact\"><form class=\"et_pb_contact_form et_flex_module\" method=\"post\" action=\"https:\/\/www.easyledstore.it\/fr\/wp-json\/wp\/v2\/pages\/9420\">\n<div class=\"et_pb_contact_field_0 et_pb_contact_field et_pb_module et_flex_module et_flex_column_24_24 et_flex_column_24_24_tablet et_flex_column_24_24_phone\" data-id=\"email\" data-type=\"email\"><label class=\"et_pb_contact_form_label\" for=\"et_pb_contact_0_email_0\">Adresse \u00e9lectronique<\/label><input type=\"text\" name=\"et_pb_contact_0_email_0\" id=\"et_pb_contact_0_email_0\" class=\"input\" data-required_mark=\"required\" data-field_type=\"email\" data-original_id=\"email\" placeholder=\"Adresse \u00e9lectronique\" title=\"\" value=\"\" \/><\/div>\n\n<div class=\"et_pb_contact_field_1 et_pb_contact_field et_pb_module et_flex_module et_flex_column_24_24 et_flex_column_24_24_tablet et_flex_column_24_24_phone\" data-id=\"nome\" data-type=\"input\"><label class=\"et_pb_contact_form_label\" for=\"et_pb_contact_0_nome_1\">Nom<\/label><input type=\"text\" name=\"et_pb_contact_0_nome_1\" id=\"et_pb_contact_0_nome_1\" class=\"input\" data-required_mark=\"not_required\" data-field_type=\"input\" data-original_id=\"nome\" placeholder=\"Nom\" title=\"\" value=\"\" \/><\/div>\n\n<div class=\"et_pb_contact_field_2 et_pb_contact_field et_pb_module et_flex_module et_flex_column_24_24 et_flex_column_24_24_tablet et_flex_column_24_24_phone\" data-id=\"telefono\" data-type=\"input\"><label class=\"et_pb_contact_form_label\" for=\"et_pb_contact_0_telefono_2\">T\u00e9l\u00e9phone<\/label><input type=\"text\" name=\"et_pb_contact_0_telefono_2\" id=\"et_pb_contact_0_telefono_2\" class=\"input\" data-required_mark=\"not_required\" data-field_type=\"input\" data-original_id=\"telefono\" placeholder=\"T\u00e9l\u00e9phone\" pattern=\".{8,}\" title=\"Minimum length: 8 characters. \" value=\"\" \/><\/div>\n\n<div class=\"et_pb_contact_field_3 et_pb_contact_field et_pb_module et_flex_module et_flex_column_24_24 et_flex_column_24_24_tablet et_flex_column_24_24_phone\" data-id=\"messaggio\" data-type=\"text\"><label class=\"et_pb_contact_form_label\" for=\"et_pb_contact_0_messaggio_3\">Message<\/label><textarea name=\"et_pb_contact_0_messaggio_3\" id=\"et_pb_contact_0_messaggio_3\" class=\"et_pb_contact_message input\" data-required_mark=\"not_required\" data-field_type=\"text\" data-original_id=\"messaggio\" placeholder=\"Message\"><\/textarea><\/div>\n<input type=\"hidden\" name=\"et_pb_contactform_submit_e5065220-b1ba-4cba-b9bc-7d0dbd6c54ca\" value=\"et_contact_proccess\" \/><div class=\"et_contact_bottom_container\"><div class=\"et_pb_button_wrapper\"><button type=\"submit\" name=\"et_builder_submit_button\" class=\"et_pb_button et_pb_contact_submit\">Envoyer<\/button><\/div><\/div><input type=\"hidden\" id=\"_wpnonce-et-pb-contact-form-submitted-e5065220-b1ba-4cba-b9bc-7d0dbd6c54ca\" name=\"_wpnonce-et-pb-contact-form-submitted-e5065220-b1ba-4cba-b9bc-7d0dbd6c54ca\" value=\"fe36bc109b\" \/><input type=\"hidden\" name=\"_wp_http_referer\" value=\"\/fr\/wp-json\/wp\/v2\/pages\/9420\" \/><\/form><\/div><\/div>\n<\/div>\n<\/div>\n\n\n\n<div class=\"et_pb_row_1 et_pb_row et_pb_equal_columns et_block_row\">\n<div class=\"et_pb_column_2 et_pb_column et_pb_column_4_4 et-last-child et_block_column et_pb_css_mix_blend_mode_passthrough\">\n<div class=\"et_pb_text_2 et_pb_text et_pb_bg_layout_light et_pb_module et_block_module\"><div class=\"et_pb_text_inner\"><h2>Produits offerts !<\/h2>\n<\/div><\/div>\n\n<div class=\"et_pb_shop_0 et_pb_shop et_pb_shop_grid et_pb_module preset--module--divi-shop--default\" data-shortcode_index=\"0\"><div class=\"woocommerce columns-4 \"><ul class=\"products columns-4\">\n<li class=\"product type-product post-10411 status-publish first instock product_cat-bande-led product_cat-bandes-cob product_tag-11w-m product_tag-certification-ip20 product_tag-couleur-rouge product_tag-del-colorees has-post-thumbnail taxable shipping-taxable purchasable product-type-simple\">\n\t<a href=\"https:\/\/www.easyledstore.it\/fr\/produit\/bande-led-cob-rouge-5m\/\" class=\"woocommerce-LoopProduct-link woocommerce-loop-product__link\"><span class=\"et_shop_image\"><img loading=\"lazy\" decoding=\"async\" width=\"400\" height=\"400\" src=\"https:\/\/www.easyledstore.it\/wp-content\/uploads\/2024\/05\/SCOB-11W-R-400x400.jpg\" class=\"attachment-woocommerce_thumbnail size-woocommerce_thumbnail\" alt=\"Striscia LED COB Rosso\" \/><span class=\"et_overlay\"><\/span><\/span><div class=\"star-rating\" role=\"img\" aria-label=\"Note 4.00 sur 5\"><span style=\"width:80%\">Note <strong class=\"rating\">4.00<\/strong> sur 5<\/span><\/div><h2 class=\"woocommerce-loop-product__title\">Bande LED COB &#8211; Rouge &#8211; 5m<\/h2><div class=\"pai-attribute-images-wrapper\"><\/div>\n\t<span class=\"price\"><span class=\"woocommerce-Price-amount amount\"><bdi>16,50<span class=\"woocommerce-Price-currencySymbol\">&euro;<\/span><\/bdi><\/span> <small class=\"woocommerce-price-suffix\">TVA non comprise.<\/small><\/span>\n<p class=\"wc-helper-pack-loop-single-price\"><span class=\"woocommerce-Price-amount amount\"><bdi>16,50<span class=\"woocommerce-Price-currencySymbol\">&euro;<\/span><\/bdi><\/span> <small>TVA non comprise.<\/small><\/p><\/a><\/li>\n<li class=\"product type-product post-11016 status-publish instock product_cat-mini-led product_cat-modules-led product_cat-petits-modules-led product_tag-1-led product_tag-1270 product_tag-12v product_tag-41-lumen product_tag-certification-ip67 product_tag-couleur-rouge product_tag-del-colorees has-post-thumbnail taxable shipping-taxable purchasable product-type-simple\">\n\t<a href=\"https:\/\/www.easyledstore.it\/fr\/produit\/mini-module-led-rouge-0-36w-12v-1-diode\/\" class=\"woocommerce-LoopProduct-link woocommerce-loop-product__link\"><span class=\"et_shop_image\"><img loading=\"lazy\" decoding=\"async\" width=\"400\" height=\"400\" src=\"https:\/\/www.easyledstore.it\/wp-content\/uploads\/2025\/06\/r-400x400.jpg\" class=\"attachment-woocommerce_thumbnail size-woocommerce_thumbnail\" alt=\"Led Micro Red\" \/><span class=\"et_overlay\"><\/span><\/span><div class=\"star-rating\"><span style=\"width:0%\"><\/span><\/div><h2 class=\"woocommerce-loop-product__title\">Mini module LED rouge &#8211; 0.36W &#8211; 12V &#8211; 1 diode<\/h2><div class=\"pai-attribute-images-wrapper\"><\/div>\n\t<span class=\"price\"><span class=\"woocommerce-Price-amount amount\"><bdi>38,00<span class=\"woocommerce-Price-currencySymbol\">&euro;<\/span><\/bdi><\/span> <small class=\"woocommerce-price-suffix\">TVA non comprise.<\/small> <span class=\"wc-helper-pack-suffix\">par paquet: 100 pi\u00e8ces<\/span><\/span>\n<p class=\"wc-helper-pack-loop-single-price\"><span class=\"woocommerce-Price-amount amount\"><bdi>0,38<span class=\"woocommerce-Price-currencySymbol\">&euro;<\/span><\/bdi><\/span> <small>TVA non comprise.<\/small><\/p><\/a><\/li>\n<\/ul>\n<\/div><\/div>\n\n<div class=\"et_pb_module et_pb_button_module_wrapper et_pb_button_0_wrapper\"><a class=\"et_pb_button_0 et_pb_button et_pb_bg_layout_light et_pb_module et_block_module\" href=\"https:\/\/www.easyledstore.it\/prodotti-in-offerta\/\" target=\"_blank\">Voir toutes les offres \u279c<\/a><\/div>\n<\/div>\n<\/div>\n\n<div class=\"et_pb_row_2 et_pb_row et_flex_row\">\n<div class=\"et_pb_column_3 et_pb_column et_flex_column et_pb_css_mix_blend_mode_passthrough et_flex_column_24_24 et_flex_column_24_24_tablet et_flex_column_24_24_phone\">\n<div class=\"et_pb_divider_0 et_pb_divider et_pb_space et_pb_divider_position_center et_pb_module\"><div class=\"et_pb_divider_internal\"><\/div><\/div>\n<\/div>\n\n<div class=\"et_pb_column_4 et_pb_column et_flex_column et_pb_css_mix_blend_mode_passthrough et_flex_column_24_24 et_flex_column_24_24_tablet et_flex_column_24_24_phone\">\n<div class=\"et_pb_text_3 et_pb_text et_pb_bg_layout_light et_pb_module et_block_module\"><div class=\"et_pb_text_inner\"><h4><a href=\"https:\/\/easyledstore.it\/spedizione-rapida-easyledstore\/\" target=\"_blank\" rel=\"noopener noreferrer nofollow\"><img loading=\"lazy\" decoding=\"async\" class=\"wp-image-2660 aligncenter size-full\" style=\"display: block; margin-left: auto; margin-right: auto;\" src=\"https:\/\/www.easyledstore.it\/\/wp-content\/uploads\/2023\/11\/spedizione-rapida-easyledstore.png\" alt=\"\" width=\"130\" height=\"47\"><\/a><\/h4>\n<h2>Livraison express en 24 heures<\/h2>\n<p><strong>Si vous commandez avant midi<\/strong> du lundi au vendredi, vous avez <strong>la garantie d'\u00eatre livr\u00e9 dans les 24 heures dans<\/strong> toute l'Italie.<\/p>\n<p><em>\u00celes et r\u00e9gions \u00e9loign\u00e9es 48h<\/em><\/p>\n<\/div><\/div>\n<\/div>\n\n<div class=\"et_pb_column_5 et_pb_column et-last-child et_flex_column et_pb_css_mix_blend_mode_passthrough et_flex_column_24_24 et_flex_column_24_24_tablet et_flex_column_24_24_phone\">\n<div class=\"et_pb_divider_1 et_pb_divider et_pb_space et_pb_divider_position_center et_pb_module\"><div class=\"et_pb_divider_internal\"><\/div><\/div>\n<\/div>\n<\/div>\n<\/div>","protected":false},"excerpt":{"rendered":"","protected":false},"author":2,"featured_media":0,"parent":0,"menu_order":0,"comment_status":"closed","ping_status":"closed","template":"","meta":{"footnotes":""},"class_list":["post-9420","page","type-page","status-publish","hentry"],"yoast_head":"<!-- This site is optimized with the Yoast SEO plugin v27.3 - https:\/\/yoast.com\/product\/yoast-seo-wordpress\/ -->\n<title>Contact - Easyledstore Modules Led et accessoires pour enseignes lumineuses<\/title>\n<meta name=\"description\" content=\"Easyledstore : Modules LED, Alimentations, Accessoires pour votre signal\u00e9tique. Contactez-nous pour un devis personnalis\u00e9. Paiements s\u00e9curis\u00e9s et exp\u00e9dition rapide dans toute l&#039;Italie !\" \/>\n<meta name=\"robots\" content=\"index, follow, max-snippet:-1, max-image-preview:large, max-video-preview:-1\" \/>\n<link rel=\"canonical\" href=\"https:\/\/www.easyledstore.it\/fr\/contact\/\" \/>\n<meta property=\"og:locale\" content=\"fr_FR\" \/>\n<meta property=\"og:type\" content=\"article\" \/>\n<meta property=\"og:title\" content=\"Contact - Easyledstore Modules Led et accessoires pour enseignes lumineuses\" \/>\n<meta property=\"og:description\" content=\"Easyledstore : Modules LED, Alimentations, Accessoires pour votre signal\u00e9tique. Contactez-nous pour un devis personnalis\u00e9. Paiements s\u00e9curis\u00e9s et exp\u00e9dition rapide dans toute l&#039;Italie !\" \/>\n<meta property=\"og:url\" content=\"https:\/\/www.easyledstore.it\/fr\/contact\/\" \/>\n<meta property=\"og:site_name\" content=\"Easyledstore\" \/>\n<meta property=\"article:publisher\" content=\"https:\/\/www.facebook.com\/easyledstore\" \/>\n<meta property=\"article:modified_time\" content=\"2026-01-19T10:48:48+00:00\" \/>\n<meta name=\"twitter:card\" content=\"summary_large_image\" \/>\n<!-- \/ Yoast SEO plugin. -->","yoast_head_json":{"title":"Contact - Easyledstore Modules Led et accessoires pour enseignes lumineuses","description":"Easyledstore : Modules LED, Alimentations, Accessoires pour votre signal\u00e9tique. Contactez-nous pour un devis personnalis\u00e9. Paiements s\u00e9curis\u00e9s et exp\u00e9dition rapide dans toute l'Italie !","robots":{"index":"index","follow":"follow","max-snippet":"max-snippet:-1","max-image-preview":"max-image-preview:large","max-video-preview":"max-video-preview:-1"},"canonical":"https:\/\/www.easyledstore.it\/fr\/contact\/","og_locale":"fr_FR","og_type":"article","og_title":"Contact - Easyledstore Modules Led et accessoires pour enseignes lumineuses","og_description":"Easyledstore : Modules LED, Alimentations, Accessoires pour votre signal\u00e9tique. Contactez-nous pour un devis personnalis\u00e9. Paiements s\u00e9curis\u00e9s et exp\u00e9dition rapide dans toute l'Italie !","og_url":"https:\/\/www.easyledstore.it\/fr\/contact\/","og_site_name":"Easyledstore","article_publisher":"https:\/\/www.facebook.com\/easyledstore","article_modified_time":"2026-01-19T10:48:48+00:00","twitter_card":"summary_large_image","schema":{"@context":"https:\/\/schema.org","@graph":[{"@type":"WebPage","@id":"https:\/\/www.easyledstore.it\/fr\/contact\/","url":"https:\/\/www.easyledstore.it\/fr\/contact\/","name":"Contact - Easyledstore Modules Led et accessoires pour enseignes lumineuses","isPartOf":{"@id":"https:\/\/www.easyledstore.it\/fr\/#website"},"datePublished":"2018-03-22T09:59:13+00:00","dateModified":"2026-01-19T10:48:48+00:00","description":"Easyledstore : Modules LED, Alimentations, Accessoires pour votre signal\u00e9tique. Contactez-nous pour un devis personnalis\u00e9. Paiements s\u00e9curis\u00e9s et exp\u00e9dition rapide dans toute l'Italie !","breadcrumb":{"@id":"https:\/\/www.easyledstore.it\/fr\/contact\/#breadcrumb"},"inLanguage":"fr-FR","potentialAction":[{"@type":"ReadAction","target":["https:\/\/www.easyledstore.it\/fr\/contact\/"]}]},{"@type":"BreadcrumbList","@id":"https:\/\/www.easyledstore.it\/fr\/contact\/#breadcrumb","itemListElement":[{"@type":"ListItem","position":1,"name":"Home","item":"https:\/\/www.easyledstore.it\/fr\/modules-de-signalisation-led\/"},{"@type":"ListItem","position":2,"name":"Contact"}]},{"@type":"WebSite","@id":"https:\/\/www.easyledstore.it\/fr\/#website","url":"https:\/\/www.easyledstore.it\/fr\/","name":"Easyledstore","description":"Alimentatori e Moduli LED per Insegne Luminose","publisher":{"@id":"https:\/\/www.easyledstore.it\/fr\/#organization"},"potentialAction":[{"@type":"SearchAction","target":{"@type":"EntryPoint","urlTemplate":"https:\/\/www.easyledstore.it\/fr\/?s={search_term_string}"},"query-input":{"@type":"PropertyValueSpecification","valueRequired":true,"valueName":"search_term_string"}}],"inLanguage":"fr-FR"},{"@type":"Organization","@id":"https:\/\/www.easyledstore.it\/fr\/#organization","name":"LTC Lighting Trading Company srls","url":"https:\/\/www.easyledstore.it\/fr\/","logo":{"@type":"ImageObject","inLanguage":"fr-FR","@id":"https:\/\/www.easyledstore.it\/fr\/#\/schema\/logo\/image\/","url":"https:\/\/www.easyledstore.it\/wp-content\/uploads\/2018\/03\/Landscape-FullColor-2000.png","contentUrl":"https:\/\/www.easyledstore.it\/wp-content\/uploads\/2018\/03\/Landscape-FullColor-2000.png","width":2000,"height":641,"caption":"LTC Lighting Trading Company srls"},"image":{"@id":"https:\/\/www.easyledstore.it\/fr\/#\/schema\/logo\/image\/"},"sameAs":["https:\/\/www.facebook.com\/easyledstore"]}]}},"_links":{"self":[{"href":"https:\/\/www.easyledstore.it\/fr\/wp-json\/wp\/v2\/pages\/9420","targetHints":{"allow":["GET"]}}],"collection":[{"href":"https:\/\/www.easyledstore.it\/fr\/wp-json\/wp\/v2\/pages"}],"about":[{"href":"https:\/\/www.easyledstore.it\/fr\/wp-json\/wp\/v2\/types\/page"}],"author":[{"embeddable":true,"href":"https:\/\/www.easyledstore.it\/fr\/wp-json\/wp\/v2\/users\/2"}],"replies":[{"embeddable":true,"href":"https:\/\/www.easyledstore.it\/fr\/wp-json\/wp\/v2\/comments?post=9420"}],"version-history":[{"count":1,"href":"https:\/\/www.easyledstore.it\/fr\/wp-json\/wp\/v2\/pages\/9420\/revisions"}],"predecessor-version":[{"id":9421,"href":"https:\/\/www.easyledstore.it\/fr\/wp-json\/wp\/v2\/pages\/9420\/revisions\/9421"}],"wp:attachment":[{"href":"https:\/\/www.easyledstore.it\/fr\/wp-json\/wp\/v2\/media?parent=9420"}],"curies":[{"name":"wp","href":"https:\/\/api.w.org\/{rel}","templated":true}]}}