{"id":9793,"date":"2025-05-23T15:53:35","date_gmt":"2025-05-23T13:53:35","guid":{"rendered":"https:\/\/www.easyledstore.it\/prodotto\/tira-led-zigzag-ip65-verde-5metros\/"},"modified":"2026-01-19T12:38:23","modified_gmt":"2026-01-19T11:38:23","slug":"tira-led-zigzag-ip65-verde-5metros","status":"publish","type":"product","link":"https:\/\/www.easyledstore.it\/es\/producto\/tira-led-zigzag-ip65-verde-5metros\/","title":{"rendered":"Tira LED ZigZag &#8211; IP65 &#8211; Verde &#8211; 5metros"},"content":{"rendered":"<p>Tira LED Zig Zag Verde Exterior<\/p>\n<p>ESPECIFICACIONES T\u00c9CNICAS<\/p>\n<ul>\n<li>Longitud: <strong>5 metros<\/strong><\/li>\n<li>Tensi\u00f3n: <strong>12<\/strong> V<\/li>\n<li>Color: Verde<\/li>\n<li>Vatios por metro: <strong>7,2 W\/m<\/strong><\/li>\n<li>Grado de protecci\u00f3n IP:<strong> IP65<\/strong><\/li>\n<\/ul>\n","protected":false},"excerpt":{"rendered":"<p>Verde &#8211; Tira LED Zig Zag para exteriores &#8211; para se\u00f1alizaci\u00f3n y decoraci\u00f3n de exteriores<\/p>\n","protected":false},"featured_media":9794,"comment_status":"open","ping_status":"closed","template":"","meta":[],"product_brand":[],"product_cat":[1285,1399,1400],"product_tag":[1070,1401,1076,1367,1150],"class_list":{"0":"post-9793","1":"product","2":"type-product","3":"status-publish","4":"has-post-thumbnail","6":"product_cat-tira-de-led","7":"product_cat-tira-en-zig-zag","8":"product_cat-zigzag-exterior","9":"product_tag-12v","10":"product_tag-72-w-m","11":"product_tag-certificado-ip65","12":"product_tag-color-verde","13":"product_tag-leds-de-colores","15":"first","16":"instock","17":"taxable","18":"shipping-taxable","19":"purchasable","20":"product-type-simple"},"yoast_head":"<!-- This site is optimized with the Yoast SEO plugin v27.3 - https:\/\/yoast.com\/product\/yoast-seo-wordpress\/ -->\n<title>Tira LED ZigZag - IP65 - Verde - 5metros - Easyledstore<\/title>\n<meta name=\"robots\" content=\"index, follow, max-snippet:-1, max-image-preview:large, max-video-preview:-1\" \/>\n<link rel=\"canonical\" href=\"https:\/\/www.easyledstore.it\/es\/producto\/tira-led-zigzag-ip65-verde-5metros\/\" \/>\n<meta property=\"og:locale\" content=\"es_ES\" \/>\n<meta property=\"og:type\" content=\"article\" \/>\n<meta property=\"og:title\" content=\"Tira LED ZigZag - IP65 - Verde - 5metros - Easyledstore\" \/>\n<meta property=\"og:description\" content=\"Verde - Tira LED Zig Zag para exteriores - para se\u00f1alizaci\u00f3n y decoraci\u00f3n de exteriores\" \/>\n<meta property=\"og:url\" content=\"https:\/\/www.easyledstore.it\/es\/producto\/tira-led-zigzag-ip65-verde-5metros\/\" \/>\n<meta property=\"og:site_name\" content=\"Easyledstore\" \/>\n<meta property=\"article:publisher\" content=\"https:\/\/www.facebook.com\/easyledstore\" \/>\n<meta property=\"article:modified_time\" content=\"2026-01-19T11:38:23+00:00\" \/>\n<meta property=\"og:image\" content=\"https:\/\/www.easyledstore.it\/wp-content\/uploads\/2024\/05\/strisciaLed-zigzag-IP65.jpg\" \/>\n\t<meta property=\"og:image:width\" content=\"800\" \/>\n\t<meta property=\"og:image:height\" content=\"800\" \/>\n\t<meta property=\"og:image:type\" content=\"image\/jpeg\" \/>\n<meta name=\"twitter:card\" content=\"summary_large_image\" \/>\n<!-- \/ Yoast SEO plugin. -->","yoast_head_json":{"title":"Tira LED ZigZag - IP65 - Verde - 5metros - Easyledstore","robots":{"index":"index","follow":"follow","max-snippet":"max-snippet:-1","max-image-preview":"max-image-preview:large","max-video-preview":"max-video-preview:-1"},"canonical":"https:\/\/www.easyledstore.it\/es\/producto\/tira-led-zigzag-ip65-verde-5metros\/","og_locale":"es_ES","og_type":"article","og_title":"Tira LED ZigZag - IP65 - Verde - 5metros - Easyledstore","og_description":"Verde - Tira LED Zig Zag para exteriores - para se\u00f1alizaci\u00f3n y decoraci\u00f3n de exteriores","og_url":"https:\/\/www.easyledstore.it\/es\/producto\/tira-led-zigzag-ip65-verde-5metros\/","og_site_name":"Easyledstore","article_publisher":"https:\/\/www.facebook.com\/easyledstore","article_modified_time":"2026-01-19T11:38:23+00:00","og_image":[{"width":800,"height":800,"url":"https:\/\/www.easyledstore.it\/wp-content\/uploads\/2024\/05\/strisciaLed-zigzag-IP65.jpg","type":"image\/jpeg"}],"twitter_card":"summary_large_image","schema":{"@context":"https:\/\/schema.org","@graph":[{"@type":"WebPage","@id":"https:\/\/www.easyledstore.it\/es\/producto\/tira-led-zigzag-ip65-verde-5metros\/","url":"https:\/\/www.easyledstore.it\/es\/producto\/tira-led-zigzag-ip65-verde-5metros\/","name":"Tira LED ZigZag - IP65 - Verde - 5metros - Easyledstore","isPartOf":{"@id":"https:\/\/www.easyledstore.it\/es\/#website"},"primaryImageOfPage":{"@id":"https:\/\/www.easyledstore.it\/es\/producto\/tira-led-zigzag-ip65-verde-5metros\/#primaryimage"},"image":{"@id":"https:\/\/www.easyledstore.it\/es\/producto\/tira-led-zigzag-ip65-verde-5metros\/#primaryimage"},"thumbnailUrl":"https:\/\/www.easyledstore.it\/wp-content\/uploads\/2024\/05\/strisciaLed-zigzag-IP65.jpg","datePublished":"2025-05-23T13:53:35+00:00","dateModified":"2026-01-19T11:38:23+00:00","breadcrumb":{"@id":"https:\/\/www.easyledstore.it\/es\/producto\/tira-led-zigzag-ip65-verde-5metros\/#breadcrumb"},"inLanguage":"es","potentialAction":[{"@type":"ReadAction","target":["https:\/\/www.easyledstore.it\/es\/producto\/tira-led-zigzag-ip65-verde-5metros\/"]}]},{"@type":"ImageObject","inLanguage":"es","@id":"https:\/\/www.easyledstore.it\/es\/producto\/tira-led-zigzag-ip65-verde-5metros\/#primaryimage","url":"https:\/\/www.easyledstore.it\/wp-content\/uploads\/2024\/05\/strisciaLed-zigzag-IP65.jpg","contentUrl":"https:\/\/www.easyledstore.it\/wp-content\/uploads\/2024\/05\/strisciaLed-zigzag-IP65.jpg","width":800,"height":800,"caption":"IP65 Tira LED ZigZag - 5 metros"},{"@type":"BreadcrumbList","@id":"https:\/\/www.easyledstore.it\/es\/producto\/tira-led-zigzag-ip65-verde-5metros\/#breadcrumb","itemListElement":[{"@type":"ListItem","position":1,"name":"Home","item":"https:\/\/www.easyledstore.it\/es\/modulos-de-senalizacion-led\/"},{"@type":"ListItem","position":2,"name":"Tienda IT","item":"https:\/\/www.easyledstore.it\/es\/tienda\/"},{"@type":"ListItem","position":3,"name":"Tira LED ZigZag &#8211; IP65 &#8211; Verde &#8211; 5metros"}]},{"@type":"WebSite","@id":"https:\/\/www.easyledstore.it\/es\/#website","url":"https:\/\/www.easyledstore.it\/es\/","name":"Easyledstore","description":"Alimentatori e Moduli LED per Insegne Luminose","publisher":{"@id":"https:\/\/www.easyledstore.it\/es\/#organization"},"potentialAction":[{"@type":"SearchAction","target":{"@type":"EntryPoint","urlTemplate":"https:\/\/www.easyledstore.it\/es\/?s={search_term_string}"},"query-input":{"@type":"PropertyValueSpecification","valueRequired":true,"valueName":"search_term_string"}}],"inLanguage":"es"},{"@type":"Organization","@id":"https:\/\/www.easyledstore.it\/es\/#organization","name":"LTC Lighting Trading Company srls","url":"https:\/\/www.easyledstore.it\/es\/","logo":{"@type":"ImageObject","inLanguage":"es","@id":"https:\/\/www.easyledstore.it\/es\/#\/schema\/logo\/image\/","url":"https:\/\/www.easyledstore.it\/wp-content\/uploads\/2018\/03\/Landscape-FullColor-2000.png","contentUrl":"https:\/\/www.easyledstore.it\/wp-content\/uploads\/2018\/03\/Landscape-FullColor-2000.png","width":2000,"height":641,"caption":"LTC Lighting Trading Company srls"},"image":{"@id":"https:\/\/www.easyledstore.it\/es\/#\/schema\/logo\/image\/"},"sameAs":["https:\/\/www.facebook.com\/easyledstore"]}]}},"_links":{"self":[{"href":"https:\/\/www.easyledstore.it\/es\/wp-json\/wp\/v2\/product\/9793","targetHints":{"allow":["GET"]}}],"collection":[{"href":"https:\/\/www.easyledstore.it\/es\/wp-json\/wp\/v2\/product"}],"about":[{"href":"https:\/\/www.easyledstore.it\/es\/wp-json\/wp\/v2\/types\/product"}],"replies":[{"embeddable":true,"href":"https:\/\/www.easyledstore.it\/es\/wp-json\/wp\/v2\/comments?post=9793"}],"wp:featuredmedia":[{"embeddable":true,"href":"https:\/\/www.easyledstore.it\/es\/wp-json\/wp\/v2\/media\/9794"}],"wp:attachment":[{"href":"https:\/\/www.easyledstore.it\/es\/wp-json\/wp\/v2\/media?parent=9793"}],"wp:term":[{"taxonomy":"product_brand","embeddable":true,"href":"https:\/\/www.easyledstore.it\/es\/wp-json\/wp\/v2\/product_brand?post=9793"},{"taxonomy":"product_cat","embeddable":true,"href":"https:\/\/www.easyledstore.it\/es\/wp-json\/wp\/v2\/product_cat?post=9793"},{"taxonomy":"product_tag","embeddable":true,"href":"https:\/\/www.easyledstore.it\/es\/wp-json\/wp\/v2\/product_tag?post=9793"}],"curies":[{"name":"wp","href":"https:\/\/api.w.org\/{rel}","templated":true}]}}