{"id":13425,"date":"2026-03-18T09:25:43","date_gmt":"2026-03-18T08:25:43","guid":{"rendered":"https:\/\/www.easyledstore.it\/?post_type=product&#038;p=13425"},"modified":"2026-03-18T09:28:41","modified_gmt":"2026-03-18T08:28:41","slug":"barra-led-para-caja-de-luz-de-doble-cara-12v-27w-lente-de-45-recortable-copia","status":"publish","type":"product","link":"https:\/\/www.easyledstore.it\/es\/producto\/barra-led-para-caja-de-luz-de-doble-cara-12v-27w-lente-de-45-recortable-copia\/","title":{"rendered":"Barra LED para caja de luz de doble cara 12V 27W &#8211; Lente de 45\u00b0 &#8211; Recortable (Copia)"},"content":{"rendered":"<p data-start=\"315\" data-end=\"703\">La <strong data-start=\"318\" data-end=\"362\">barra LED de doble cara de 12 V y 27 W<\/strong> est\u00e1 dise\u00f1ada exclusivamente para obtener la m\u00e1xima potencia luminosa en r\u00f3tulos de doble cara, como t\u00f3tems y cajas publicitarias visibles por ambos lados. Gracias a su dise\u00f1o compacto y robusto, de 94 cm de largo y s\u00f3lo 25 mm de ancho, esta barra LED ofrece potencia, precisi\u00f3n y fiabilidad en un solo producto profesional. <\/p>\n<p data-start=\"705\" data-end=\"1085\">La tecnolog\u00eda de iluminaci\u00f3n se basa en <strong data-start=\"748\" data-end=\"797\">18 LED de alta eficiencia con una lente integrada<\/strong>, dise\u00f1ada para generar un haz de luz uniforme y directo. La apertura de 45\u00b0 de la lente est\u00e1 especialmente dise\u00f1ada para r\u00f3tulos de doble cara: evita la dispersi\u00f3n de la luz, reduce las zonas de sombra y garantiza que ambos lados del r\u00f3tulo queden iluminados de forma uniforme y atractiva. <\/p>\n<p data-start=\"1087\" data-end=\"1434\">Una de las ventajas m\u00e1s apreciadas por los instaladores es la <strong data-start=\"1143\" data-end=\"1199\">posibilidad de cortar la barra de cada LED individual<\/strong>, una caracter\u00edstica que permite adaptar perfectamente la longitud del m\u00f3dulo al tama\u00f1o real del r\u00f3tulo. El resultado es una instalaci\u00f3n limpia y sin residuos, con un ahorro considerable de tiempo y materiales. <\/p>\n<p data-start=\"1436\" data-end=\"1715\">La combinaci\u00f3n de <strong data-start=\"1455\" data-end=\"1468\">12 V y 27 W<\/strong> ofrece un excelente compromiso entre eficiencia energ\u00e9tica y potencia luminosa. El bajo consumo reduce los costes de funcionamiento, mientras que el rendimiento garantiza que el r\u00f3tulo sea siempre luminoso y claramente visible, de d\u00eda y de noche. <\/p>\n<p data-start=\"1717\" data-end=\"2047\">En cuanto a la durabilidad, los LED integrados en la lente est\u00e1n dise\u00f1ados para durar mucho tiempo, con una disipaci\u00f3n t\u00e9rmica optimizada que garantiza la estabilidad y fiabilidad incluso con un uso prolongado e intensivo. Esto reduce la necesidad de mantenimiento, proporcionando un producto robusto y rentable a lo largo del tiempo. <\/p>\n<p data-start=\"2049\" data-end=\"2375\">Gracias a sus reducidas dimensiones (25 mm de ancho), la barra LED tambi\u00e9n puede instalarse f\u00e1cilmente en r\u00f3tulos finos de doble cara sin comprometer la calidad de la iluminaci\u00f3n. Adem\u00e1s, es perfectamente compatible con fuentes de alimentaci\u00f3n de 12 V, lo que la hace vers\u00e1til y f\u00e1cil de integrar en los dise\u00f1os existentes. <\/p>\n<p data-start=\"2377\" data-end=\"2754\">En conclusi\u00f3n, la <strong data-start=\"2396\" data-end=\"2440\">barra LED para r\u00f3tulos de doble cara 12V 27W<\/strong> con lente de 45\u00b0, de 94 cm de longitud y recortable en cada LED individual, es la soluci\u00f3n ideal para quienes desean realizar r\u00f3tulos de doble cara luminosos, profesionales y de gran impacto. Combina eficacia, ahorro y calidad, convirti\u00e9ndose en una referencia para instaladores y empresas del sector publicitario. <\/p>\n","protected":false},"excerpt":{"rendered":"<p data-start=\"2794\" data-end=\"3101\">La <strong data-start=\"2797\" data-end=\"2841\">barra LED de doble cara de 12 V y 27 W<\/strong> es la soluci\u00f3n perfecta para iluminar de forma uniforme y profesional t\u00f3tems y cajas de doble cara. Con una longitud de 94 cm y una anchura de s\u00f3lo 25 mm, consta de 18 LED con una lente de 45\u00b0 que difunde la luz de forma \u00f3ptima por ambos lados. <\/p>\n<p data-start=\"3103\" data-end=\"3465\">Su particularidad es que se puede <strong data-start=\"3151\" data-end=\"3183\">cortar a la medida de cada LED<\/strong>, lo que permite adaptarlo al tama\u00f1o exacto del r\u00f3tulo y hace que la instalaci\u00f3n sea sencilla y personalizada. La fuente de alimentaci\u00f3n de 12 V y la potencia de 27 W ofrecen un equilibrio ideal entre bajo consumo y alta luminosidad, garantizando un r\u00f3tulo siempre visible y llamativo. <\/p>\n<p data-start=\"3467\" data-end=\"3688\">Gracias a su dise\u00f1o espec\u00edfico para r\u00f3tulos de doble cara, esta barra de LED garantiza durabilidad, eficacia y fiabilidad incluso en uso continuo, minimizando el mantenimiento.<\/p>\n","protected":false},"featured_media":11266,"comment_status":"open","ping_status":"closed","template":"","meta":[],"product_brand":[],"product_cat":[1834,1464],"product_tag":[1467,1070,1652,1835,1356],"class_list":{"0":"post-13425","1":"product","2":"type-product","3":"status-publish","4":"has-post-thumbnail","6":"product_cat-barras-de-la-caja-de-luz","7":"product_cat-barras-led","8":"product_tag-1467","9":"product_tag-12v","10":"product_tag-20-x-45-grados","11":"product_tag-27w-m","12":"product_tag-4000k","14":"first","15":"instock","16":"taxable","17":"shipping-taxable","18":"purchasable","19":"product-type-simple"},"yoast_head":"<!-- This site is optimized with the Yoast SEO plugin v27.3 - https:\/\/yoast.com\/product\/yoast-seo-wordpress\/ -->\n<title>Se\u00f1alizaci\u00f3n de doble cara Barra LED 12V 27W - Lente 45<\/title>\n<meta name=\"description\" content=\"Barra LED de 12 V y 27 W para r\u00f3tulos de doble cara, 94 cm con 18 LED y lente de 45\u00b0. Se puede cortar a cualquier LED, potente, eficaz y adecuada para t\u00f3tems y papeleras.\" \/>\n<meta name=\"robots\" content=\"index, follow, max-snippet:-1, max-image-preview:large, max-video-preview:-1\" \/>\n<link rel=\"canonical\" href=\"https:\/\/www.easyledstore.it\/es\/producto\/barra-led-para-caja-de-luz-de-doble-cara-12v-27w-lente-de-45-recortable-copia\/\" \/>\n<meta property=\"og:locale\" content=\"es_ES\" \/>\n<meta property=\"og:type\" content=\"article\" \/>\n<meta property=\"og:title\" content=\"Se\u00f1alizaci\u00f3n de doble cara Barra LED 12V 27W - Lente 45\" \/>\n<meta property=\"og:description\" content=\"Barra LED de 12 V y 27 W para r\u00f3tulos de doble cara, 94 cm con 18 LED y lente de 45\u00b0. Se puede cortar a cualquier LED, potente, eficaz y adecuada para t\u00f3tems y papeleras.\" \/>\n<meta property=\"og:url\" content=\"https:\/\/www.easyledstore.it\/es\/producto\/barra-led-para-caja-de-luz-de-doble-cara-12v-27w-lente-de-45-recortable-copia\/\" \/>\n<meta property=\"og:site_name\" content=\"Easyledstore\" \/>\n<meta property=\"article:publisher\" content=\"https:\/\/www.facebook.com\/easyledstore\" \/>\n<meta property=\"article:modified_time\" content=\"2026-03-18T08:28:41+00:00\" \/>\n<meta property=\"og:image\" content=\"https:\/\/www.easyledstore.it\/wp-content\/uploads\/2025\/09\/4-scaled.jpg\" \/>\n\t<meta property=\"og:image:width\" content=\"2560\" \/>\n\t<meta property=\"og:image:height\" content=\"2560\" \/>\n\t<meta property=\"og:image:type\" content=\"image\/jpeg\" \/>\n<meta name=\"twitter:card\" content=\"summary_large_image\" \/>\n<meta name=\"twitter:label1\" content=\"Tiempo de lectura\" \/>\n\t<meta name=\"twitter:data1\" content=\"2 minuto\" \/>\n<!-- \/ Yoast SEO plugin. -->","yoast_head_json":{"title":"Se\u00f1alizaci\u00f3n de doble cara Barra LED 12V 27W - Lente 45","description":"Barra LED de 12 V y 27 W para r\u00f3tulos de doble cara, 94 cm con 18 LED y lente de 45\u00b0. Se puede cortar a cualquier LED, potente, eficaz y adecuada para t\u00f3tems y papeleras.","robots":{"index":"index","follow":"follow","max-snippet":"max-snippet:-1","max-image-preview":"max-image-preview:large","max-video-preview":"max-video-preview:-1"},"canonical":"https:\/\/www.easyledstore.it\/es\/producto\/barra-led-para-caja-de-luz-de-doble-cara-12v-27w-lente-de-45-recortable-copia\/","og_locale":"es_ES","og_type":"article","og_title":"Se\u00f1alizaci\u00f3n de doble cara Barra LED 12V 27W - Lente 45","og_description":"Barra LED de 12 V y 27 W para r\u00f3tulos de doble cara, 94 cm con 18 LED y lente de 45\u00b0. Se puede cortar a cualquier LED, potente, eficaz y adecuada para t\u00f3tems y papeleras.","og_url":"https:\/\/www.easyledstore.it\/es\/producto\/barra-led-para-caja-de-luz-de-doble-cara-12v-27w-lente-de-45-recortable-copia\/","og_site_name":"Easyledstore","article_publisher":"https:\/\/www.facebook.com\/easyledstore","article_modified_time":"2026-03-18T08:28:41+00:00","og_image":[{"width":2560,"height":2560,"url":"https:\/\/www.easyledstore.it\/wp-content\/uploads\/2025\/09\/4-scaled.jpg","type":"image\/jpeg"}],"twitter_card":"summary_large_image","twitter_misc":{"Tiempo de lectura":"2 minuto"},"schema":{"@context":"https:\/\/schema.org","@graph":[{"@type":"WebPage","@id":"https:\/\/www.easyledstore.it\/es\/producto\/barra-led-para-caja-de-luz-de-doble-cara-12v-27w-lente-de-45-recortable-copia\/","url":"https:\/\/www.easyledstore.it\/es\/producto\/barra-led-para-caja-de-luz-de-doble-cara-12v-27w-lente-de-45-recortable-copia\/","name":"Se\u00f1alizaci\u00f3n de doble cara Barra LED 12V 27W - Lente 45","isPartOf":{"@id":"https:\/\/www.easyledstore.it\/es\/#website"},"primaryImageOfPage":{"@id":"https:\/\/www.easyledstore.it\/es\/producto\/barra-led-para-caja-de-luz-de-doble-cara-12v-27w-lente-de-45-recortable-copia\/#primaryimage"},"image":{"@id":"https:\/\/www.easyledstore.it\/es\/producto\/barra-led-para-caja-de-luz-de-doble-cara-12v-27w-lente-de-45-recortable-copia\/#primaryimage"},"thumbnailUrl":"https:\/\/www.easyledstore.it\/wp-content\/uploads\/2025\/09\/4-scaled.jpg","datePublished":"2026-03-18T08:25:43+00:00","dateModified":"2026-03-18T08:28:41+00:00","description":"Barra LED de 12 V y 27 W para r\u00f3tulos de doble cara, 94 cm con 18 LED y lente de 45\u00b0. Se puede cortar a cualquier LED, potente, eficaz y adecuada para t\u00f3tems y papeleras.","breadcrumb":{"@id":"https:\/\/www.easyledstore.it\/es\/producto\/barra-led-para-caja-de-luz-de-doble-cara-12v-27w-lente-de-45-recortable-copia\/#breadcrumb"},"inLanguage":"es","potentialAction":[{"@type":"ReadAction","target":["https:\/\/www.easyledstore.it\/es\/producto\/barra-led-para-caja-de-luz-de-doble-cara-12v-27w-lente-de-45-recortable-copia\/"]}]},{"@type":"ImageObject","inLanguage":"es","@id":"https:\/\/www.easyledstore.it\/es\/producto\/barra-led-para-caja-de-luz-de-doble-cara-12v-27w-lente-de-45-recortable-copia\/#primaryimage","url":"https:\/\/www.easyledstore.it\/wp-content\/uploads\/2025\/09\/4-scaled.jpg","contentUrl":"https:\/\/www.easyledstore.it\/wp-content\/uploads\/2025\/09\/4-scaled.jpg","width":2560,"height":2560,"caption":"Barra Led Bifacciale"},{"@type":"BreadcrumbList","@id":"https:\/\/www.easyledstore.it\/es\/producto\/barra-led-para-caja-de-luz-de-doble-cara-12v-27w-lente-de-45-recortable-copia\/#breadcrumb","itemListElement":[{"@type":"ListItem","position":1,"name":"Home","item":"https:\/\/www.easyledstore.it\/es\/modulos-de-senalizacion-led\/"},{"@type":"ListItem","position":2,"name":"Tienda IT","item":"https:\/\/www.easyledstore.it\/es\/tienda\/"},{"@type":"ListItem","position":3,"name":"Barra LED para caja de luz de doble cara 12V 27W &#8211; Lente de 45\u00b0 &#8211; Recortable (Copia)"}]},{"@type":"WebSite","@id":"https:\/\/www.easyledstore.it\/es\/#website","url":"https:\/\/www.easyledstore.it\/es\/","name":"Easyledstore","description":"Alimentatori e Moduli LED per Insegne Luminose","publisher":{"@id":"https:\/\/www.easyledstore.it\/es\/#organization"},"potentialAction":[{"@type":"SearchAction","target":{"@type":"EntryPoint","urlTemplate":"https:\/\/www.easyledstore.it\/es\/?s={search_term_string}"},"query-input":{"@type":"PropertyValueSpecification","valueRequired":true,"valueName":"search_term_string"}}],"inLanguage":"es"},{"@type":"Organization","@id":"https:\/\/www.easyledstore.it\/es\/#organization","name":"LTC Lighting Trading Company srls","url":"https:\/\/www.easyledstore.it\/es\/","logo":{"@type":"ImageObject","inLanguage":"es","@id":"https:\/\/www.easyledstore.it\/es\/#\/schema\/logo\/image\/","url":"https:\/\/www.easyledstore.it\/wp-content\/uploads\/2018\/03\/Landscape-FullColor-2000.png","contentUrl":"https:\/\/www.easyledstore.it\/wp-content\/uploads\/2018\/03\/Landscape-FullColor-2000.png","width":2000,"height":641,"caption":"LTC Lighting Trading Company srls"},"image":{"@id":"https:\/\/www.easyledstore.it\/es\/#\/schema\/logo\/image\/"},"sameAs":["https:\/\/www.facebook.com\/easyledstore"]}]}},"_links":{"self":[{"href":"https:\/\/www.easyledstore.it\/es\/wp-json\/wp\/v2\/product\/13425","targetHints":{"allow":["GET"]}}],"collection":[{"href":"https:\/\/www.easyledstore.it\/es\/wp-json\/wp\/v2\/product"}],"about":[{"href":"https:\/\/www.easyledstore.it\/es\/wp-json\/wp\/v2\/types\/product"}],"replies":[{"embeddable":true,"href":"https:\/\/www.easyledstore.it\/es\/wp-json\/wp\/v2\/comments?post=13425"}],"wp:featuredmedia":[{"embeddable":true,"href":"https:\/\/www.easyledstore.it\/es\/wp-json\/wp\/v2\/media\/11266"}],"wp:attachment":[{"href":"https:\/\/www.easyledstore.it\/es\/wp-json\/wp\/v2\/media?parent=13425"}],"wp:term":[{"taxonomy":"product_brand","embeddable":true,"href":"https:\/\/www.easyledstore.it\/es\/wp-json\/wp\/v2\/product_brand?post=13425"},{"taxonomy":"product_cat","embeddable":true,"href":"https:\/\/www.easyledstore.it\/es\/wp-json\/wp\/v2\/product_cat?post=13425"},{"taxonomy":"product_tag","embeddable":true,"href":"https:\/\/www.easyledstore.it\/es\/wp-json\/wp\/v2\/product_tag?post=13425"}],"curies":[{"name":"wp","href":"https:\/\/api.w.org\/{rel}","templated":true}]}}