{"id":13231,"date":"2026-02-23T15:44:48","date_gmt":"2026-02-23T14:44:48","guid":{"rendered":"https:\/\/www.easyledstore.it\/?post_type=product&#038;p=13231"},"modified":"2026-02-23T15:49:24","modified_gmt":"2026-02-23T14:49:24","slug":"modulo-led-12v-azul-alta-eficiencia-100lm-060w-copia","status":"publish","type":"product","link":"https:\/\/www.easyledstore.it\/es\/producto\/modulo-led-12v-azul-alta-eficiencia-100lm-060w-copia\/","title":{"rendered":"M\u00f3dulo LED 12V Azul &#8211; Alta eficiencia &#8211; 100lm &#8211; 0,60W (Copia)"},"content":{"rendered":"<p>LED de alta eficiencia 100 lm\/W 0,60W Azul &#8211; Compacidad y calidez para tu se\u00f1alizaci\u00f3n<\/p>\n<p>Este m\u00f3dulo LED con luz Azul es la soluci\u00f3n ideal para crear ambientes acogedores y refinados. Dise\u00f1ado para proporcionar una iluminaci\u00f3n uniforme y fiable, combina eficiencia energ\u00e9tica, resistencia a la intemperie y facilidad de instalaci\u00f3n. <\/p>\n<h2>Caracter\u00edsticas principales<\/h2>\n<p><strong>Eficacia luminosa de 100 lm\/W:<\/strong> perfecta para una iluminaci\u00f3n brillante y de bajo consumo.<\/p>\n<p><strong>\u00d3ptica de 175\u00b0: <\/strong>Proporciona una difusi\u00f3n uniforme de la luz, ideal para letras de caj\u00f3n y cajas de luz con una profundidad de 5 a 25 cm.<\/p>\n<p><strong>Resistencia a la intemperie: <\/strong>El grado de protecci\u00f3n IP68 lo hace adecuado para instalaciones en exteriores, garantizando su resistencia al polvo y al agua.<\/p>\n<p><strong>Certificaciones de calidad:<\/strong> Probado seg\u00fan la norma LM80 y certificado CE, sin\u00f3nimo de fiabilidad y seguridad.<\/p>\n<p><strong>Dise\u00f1o compacto: <\/strong>Equipado con 2 LED por m\u00f3dulo, encaja perfectamente incluso en los espacios m\u00e1s reducidos.<\/p>\n<h2>Especificaciones t\u00e9cnicas<\/h2>\n<ul>\n<li><strong>Dimensiones:<\/strong> 41,5 x 13 x 10,1 mm<\/li>\n<li><strong>\u00c1ngulo del haz:<\/strong> 175<\/li>\n<li><strong>Tensi\u00f3n de funcionamiento: <\/strong>12 V CC<\/li>\n<li><strong>Consumo:<\/strong> 0,60 W por m\u00f3dulo<\/li>\n<li><strong>Color:<\/strong> Azul<\/li>\n<li><strong>Temperatura de funcionamiento:<\/strong> de -20\u00b0C a +45\u00b0C<\/li>\n<li><strong>Temperatura de almacenamiento: <\/strong>de -30\u00b0C a +70\u00b0C<\/li>\n<li><strong>Cascada:<\/strong> Conexi\u00f3n en serie de hasta 100 m\u00f3dulos con <a href=\"https:\/\/www.easyledstore.it\/es\/categoria-producto\/fuentes-de-alimentacion\/\">alimentaci\u00f3n de 12 V CC<\/a>.<\/li>\n<\/ul>\n<h2>Aplicaciones recomendadas<\/h2>\n<p><strong>Letras de caja:<\/strong> Ideales para crear r\u00f3tulos con una iluminaci\u00f3n c\u00e1lida y uniforme.<\/p>\n<p><strong>Cajas luminosas:<\/strong> Para proyectos que requieren una luz m\u00e1s suave y acogedora.<\/p>\n<p><strong>Instalaciones exteriores:<\/strong> la protecci\u00f3n IP68 lo hace perfecto para aplicaciones exteriores en cualquier condici\u00f3n meteorol\u00f3gica.<\/p>\n<h2>Por qu\u00e9 elegir LED de alta eficiencia<\/h2>\n<p>Este m\u00f3dulo LED de alta eficiencia 100 lm\/W 0,60W Azul combina tecnolog\u00eda avanzada y una luz c\u00e1lida, ideal para crear un ambiente \u00fanico y acogedor. Su eficiencia energ\u00e9tica y durabilidad lo convierten en una excelente elecci\u00f3n para los profesionales de la iluminaci\u00f3n. <\/p>\n<p>\u00a1Elige lo mejor para tus proyectos y mejora tus creaciones con un m\u00f3dulo LED profesional, fiable y superior!<\/p>\n","protected":false},"excerpt":{"rendered":"<p>M\u00f3dulo LED de alta eficiencia 100 lm\/W con \u00e1ngulo de haz de 175\u00b0. Color Azul <\/p>\n","protected":false},"featured_media":11082,"comment_status":"open","ping_status":"closed","template":"","meta":[],"product_brand":[],"product_cat":[1237,1238],"product_tag":[1797,1244,1249,1070,1246,1242,1250,1247,1616,1241,1150,1252],"class_list":{"0":"post-13231","1":"product","2":"type-product","3":"status-publish","4":"has-post-thumbnail","6":"product_cat-modulos-led","7":"product_cat-modulos-led-para-una-cara-cajas-y-letras","8":"product_tag-0-60w","9":"product_tag-1244","10":"product_tag-100-lumenes","11":"product_tag-12v","12":"product_tag-175-grados","13":"product_tag-2-led","14":"product_tag-5-15cm","15":"product_tag-certificado-ip68","16":"product_tag-color-azul","17":"product_tag-con-lente","18":"product_tag-leds-de-colores","19":"product_tag-si","21":"first","22":"instock","23":"taxable","24":"shipping-taxable","25":"purchasable","26":"product-type-simple"},"yoast_head":"<!-- This site is optimized with the Yoast SEO plugin v27.3 - https:\/\/yoast.com\/product\/yoast-seo-wordpress\/ -->\n<title>LED de alta eficiencia 100 lm\/W 0,60W Azul%- Easyledstore<\/title>\n<meta name=\"description\" content=\"LED de alta eficiencia 100 lm\/W 0,60W con \u00e1ngulo de haz de 175\u00b0. Color Azul- Grado de protecci\u00f3n IP68\" \/>\n<meta name=\"robots\" content=\"index, follow, max-snippet:-1, max-image-preview:large, max-video-preview:-1\" \/>\n<link rel=\"canonical\" href=\"https:\/\/www.easyledstore.it\/es\/producto\/modulo-led-12v-azul-alta-eficiencia-100lm-060w-copia\/\" \/>\n<meta property=\"og:locale\" content=\"es_ES\" \/>\n<meta property=\"og:type\" content=\"article\" \/>\n<meta property=\"og:title\" content=\"LED de alta eficiencia 100 lm\/W 0,60W Azul%- Easyledstore\" \/>\n<meta property=\"og:description\" content=\"LED de alta eficiencia 100 lm\/W 0,60W con \u00e1ngulo de haz de 175\u00b0. Color Azul- Grado de protecci\u00f3n IP68\" \/>\n<meta property=\"og:url\" content=\"https:\/\/www.easyledstore.it\/es\/producto\/modulo-led-12v-azul-alta-eficiencia-100lm-060w-copia\/\" \/>\n<meta property=\"og:site_name\" content=\"Easyledstore\" \/>\n<meta property=\"article:publisher\" content=\"https:\/\/www.facebook.com\/easyledstore\" \/>\n<meta property=\"article:modified_time\" content=\"2026-02-23T14:49:24+00:00\" \/>\n<meta property=\"og:image\" content=\"https:\/\/www.easyledstore.it\/wp-content\/uploads\/2025\/06\/Template-Prodottocccc.png\" \/>\n\t<meta property=\"og:image:width\" content=\"2000\" \/>\n\t<meta property=\"og:image:height\" content=\"2000\" \/>\n\t<meta property=\"og:image:type\" content=\"image\/png\" \/>\n<meta name=\"twitter:card\" content=\"summary_large_image\" \/>\n<meta name=\"twitter:label1\" content=\"Tiempo de lectura\" \/>\n\t<meta name=\"twitter:data1\" content=\"2 minuto\" \/>\n<!-- \/ Yoast SEO plugin. -->","yoast_head_json":{"title":"LED de alta eficiencia 100 lm\/W 0,60W Azul%- Easyledstore","description":"LED de alta eficiencia 100 lm\/W 0,60W con \u00e1ngulo de haz de 175\u00b0. Color Azul- Grado de protecci\u00f3n IP68","robots":{"index":"index","follow":"follow","max-snippet":"max-snippet:-1","max-image-preview":"max-image-preview:large","max-video-preview":"max-video-preview:-1"},"canonical":"https:\/\/www.easyledstore.it\/es\/producto\/modulo-led-12v-azul-alta-eficiencia-100lm-060w-copia\/","og_locale":"es_ES","og_type":"article","og_title":"LED de alta eficiencia 100 lm\/W 0,60W Azul%- Easyledstore","og_description":"LED de alta eficiencia 100 lm\/W 0,60W con \u00e1ngulo de haz de 175\u00b0. Color Azul- Grado de protecci\u00f3n IP68","og_url":"https:\/\/www.easyledstore.it\/es\/producto\/modulo-led-12v-azul-alta-eficiencia-100lm-060w-copia\/","og_site_name":"Easyledstore","article_publisher":"https:\/\/www.facebook.com\/easyledstore","article_modified_time":"2026-02-23T14:49:24+00:00","og_image":[{"width":2000,"height":2000,"url":"https:\/\/www.easyledstore.it\/wp-content\/uploads\/2025\/06\/Template-Prodottocccc.png","type":"image\/png"}],"twitter_card":"summary_large_image","twitter_misc":{"Tiempo de lectura":"2 minuto"},"schema":{"@context":"https:\/\/schema.org","@graph":[{"@type":"WebPage","@id":"https:\/\/www.easyledstore.it\/es\/producto\/modulo-led-12v-azul-alta-eficiencia-100lm-060w-copia\/","url":"https:\/\/www.easyledstore.it\/es\/producto\/modulo-led-12v-azul-alta-eficiencia-100lm-060w-copia\/","name":"LED de alta eficiencia 100 lm\/W 0,60W Azul%- Easyledstore","isPartOf":{"@id":"https:\/\/www.easyledstore.it\/es\/#website"},"primaryImageOfPage":{"@id":"https:\/\/www.easyledstore.it\/es\/producto\/modulo-led-12v-azul-alta-eficiencia-100lm-060w-copia\/#primaryimage"},"image":{"@id":"https:\/\/www.easyledstore.it\/es\/producto\/modulo-led-12v-azul-alta-eficiencia-100lm-060w-copia\/#primaryimage"},"thumbnailUrl":"https:\/\/www.easyledstore.it\/wp-content\/uploads\/2025\/06\/Template-Prodottocccc.png","datePublished":"2026-02-23T14:44:48+00:00","dateModified":"2026-02-23T14:49:24+00:00","description":"LED de alta eficiencia 100 lm\/W 0,60W con \u00e1ngulo de haz de 175\u00b0. Color Azul- Grado de protecci\u00f3n IP68","breadcrumb":{"@id":"https:\/\/www.easyledstore.it\/es\/producto\/modulo-led-12v-azul-alta-eficiencia-100lm-060w-copia\/#breadcrumb"},"inLanguage":"es","potentialAction":[{"@type":"ReadAction","target":["https:\/\/www.easyledstore.it\/es\/producto\/modulo-led-12v-azul-alta-eficiencia-100lm-060w-copia\/"]}]},{"@type":"ImageObject","inLanguage":"es","@id":"https:\/\/www.easyledstore.it\/es\/producto\/modulo-led-12v-azul-alta-eficiencia-100lm-060w-copia\/#primaryimage","url":"https:\/\/www.easyledstore.it\/wp-content\/uploads\/2025\/06\/Template-Prodottocccc.png","contentUrl":"https:\/\/www.easyledstore.it\/wp-content\/uploads\/2025\/06\/Template-Prodottocccc.png","width":2000,"height":2000,"caption":"Led 2 M\u00f3dulos Azules"},{"@type":"BreadcrumbList","@id":"https:\/\/www.easyledstore.it\/es\/producto\/modulo-led-12v-azul-alta-eficiencia-100lm-060w-copia\/#breadcrumb","itemListElement":[{"@type":"ListItem","position":1,"name":"Home","item":"https:\/\/www.easyledstore.it\/es\/modulos-de-senalizacion-led\/"},{"@type":"ListItem","position":2,"name":"Tienda IT","item":"https:\/\/www.easyledstore.it\/es\/tienda\/"},{"@type":"ListItem","position":3,"name":"M\u00f3dulo LED 12V Azul &#8211; Alta eficiencia &#8211; 100lm &#8211; 0,60W (Copia)"}]},{"@type":"WebSite","@id":"https:\/\/www.easyledstore.it\/es\/#website","url":"https:\/\/www.easyledstore.it\/es\/","name":"Easyledstore","description":"Alimentatori e Moduli LED per Insegne Luminose","publisher":{"@id":"https:\/\/www.easyledstore.it\/es\/#organization"},"potentialAction":[{"@type":"SearchAction","target":{"@type":"EntryPoint","urlTemplate":"https:\/\/www.easyledstore.it\/es\/?s={search_term_string}"},"query-input":{"@type":"PropertyValueSpecification","valueRequired":true,"valueName":"search_term_string"}}],"inLanguage":"es"},{"@type":"Organization","@id":"https:\/\/www.easyledstore.it\/es\/#organization","name":"LTC Lighting Trading Company srls","url":"https:\/\/www.easyledstore.it\/es\/","logo":{"@type":"ImageObject","inLanguage":"es","@id":"https:\/\/www.easyledstore.it\/es\/#\/schema\/logo\/image\/","url":"https:\/\/www.easyledstore.it\/wp-content\/uploads\/2018\/03\/Landscape-FullColor-2000.png","contentUrl":"https:\/\/www.easyledstore.it\/wp-content\/uploads\/2018\/03\/Landscape-FullColor-2000.png","width":2000,"height":641,"caption":"LTC Lighting Trading Company srls"},"image":{"@id":"https:\/\/www.easyledstore.it\/es\/#\/schema\/logo\/image\/"},"sameAs":["https:\/\/www.facebook.com\/easyledstore"]}]}},"_links":{"self":[{"href":"https:\/\/www.easyledstore.it\/es\/wp-json\/wp\/v2\/product\/13231","targetHints":{"allow":["GET"]}}],"collection":[{"href":"https:\/\/www.easyledstore.it\/es\/wp-json\/wp\/v2\/product"}],"about":[{"href":"https:\/\/www.easyledstore.it\/es\/wp-json\/wp\/v2\/types\/product"}],"replies":[{"embeddable":true,"href":"https:\/\/www.easyledstore.it\/es\/wp-json\/wp\/v2\/comments?post=13231"}],"wp:featuredmedia":[{"embeddable":true,"href":"https:\/\/www.easyledstore.it\/es\/wp-json\/wp\/v2\/media\/11082"}],"wp:attachment":[{"href":"https:\/\/www.easyledstore.it\/es\/wp-json\/wp\/v2\/media?parent=13231"}],"wp:term":[{"taxonomy":"product_brand","embeddable":true,"href":"https:\/\/www.easyledstore.it\/es\/wp-json\/wp\/v2\/product_brand?post=13231"},{"taxonomy":"product_cat","embeddable":true,"href":"https:\/\/www.easyledstore.it\/es\/wp-json\/wp\/v2\/product_cat?post=13231"},{"taxonomy":"product_tag","embeddable":true,"href":"https:\/\/www.easyledstore.it\/es\/wp-json\/wp\/v2\/product_tag?post=13231"}],"curies":[{"name":"wp","href":"https:\/\/api.w.org\/{rel}","templated":true}]}}