{"id":12570,"date":"2026-01-29T16:54:17","date_gmt":"2026-01-29T15:54:17","guid":{"rendered":"https:\/\/www.easyledstore.it\/prodotto\/cable-de-cc-de-55-mm-con-conector-hembra-de-2-patillas\/"},"modified":"2026-01-29T16:54:17","modified_gmt":"2026-01-29T15:54:17","slug":"cable-de-cc-de-55-mm-con-conector-hembra-de-2-patillas","status":"publish","type":"product","link":"https:\/\/www.easyledstore.it\/es\/producto\/cable-de-cc-de-55-mm-con-conector-hembra-de-2-patillas\/","title":{"rendered":"Cable de CC de 5,5 mm con conector hembra de 2 patillas"},"content":{"rendered":"<p>Cable de CC de 5,5 mm con conector hembra de 2 patillas con clip, ideal para conectar de forma r\u00e1pida y segura tiras LED, m\u00f3dulos LED y fuentes de alimentaci\u00f3n sin necesidad de soldar.<\/p>\n","protected":false},"excerpt":{"rendered":"<p data-start=\"363\" data-end=\"683\">Cable de alimentaci\u00f3n de CC con clavija de <strong data-start=\"400\" data-end=\"410\">5,5 mm<\/strong> dise\u00f1ado para garantizar una conexi\u00f3n fiable entre <strong data-start=\"467\" data-end=\"487\">fuentes de alimentaci\u00f3n LED<\/strong>, <strong data-start=\"489\" data-end=\"502\">tiras LED<\/strong> y <strong data-start=\"505\" data-end=\"519\">m\u00f3dulos LED<\/strong>.<br data-start=\"520\" data-end=\"523\">El conector <strong data-start=\"537\" data-end=\"575\">hembra de 2 patillas con sistema de clip<\/strong> permite una instalaci\u00f3n r\u00e1pida, ordenada y sin soldaduras, lo que reduce el tiempo de montaje.<\/p>\n<p data-start=\"685\" data-end=\"996\">Compatible con la mayor\u00eda de fuentes de alimentaci\u00f3n est\u00e1ndar <strong data-start=\"746\" data-end=\"759\">de 12 V y 24 V<\/strong>, es ideal para sistemas de iluminaci\u00f3n LED, se\u00f1alizaci\u00f3n, retroiluminaci\u00f3n y aplicaciones de bajo voltaje.<br data-start=\"874\" data-end=\"877\">Su robusto dise\u00f1o garantiza una conexi\u00f3n estable y duradera tanto en aplicaciones profesionales como de aficionados.<\/p>\n","protected":false},"featured_media":12557,"comment_status":"open","ping_status":"closed","template":"","meta":[],"product_brand":[],"product_cat":[1206],"product_tag":[],"class_list":{"0":"post-12570","1":"product","2":"type-product","3":"status-publish","4":"has-post-thumbnail","6":"product_cat-accesorios","8":"first","9":"instock","10":"taxable","11":"shipping-taxable","12":"purchasable","13":"product-type-simple"},"yoast_head":"<!-- This site is optimized with the Yoast SEO plugin v27.3 - https:\/\/yoast.com\/product\/yoast-seo-wordpress\/ -->\n<title>Cable de CC de 5,5 mm con conector hembra de 2 patillas - Easyledstore<\/title>\n<meta name=\"description\" content=\"Cable de CC de 5,5 mm con conector clip hembra de 2 patillas para tiras LED, m\u00f3dulos LED y fuentes de alimentaci\u00f3n. Conexi\u00f3n r\u00e1pida, segura y sin soldaduras.\" \/>\n<meta name=\"robots\" content=\"index, follow, max-snippet:-1, max-image-preview:large, max-video-preview:-1\" \/>\n<link rel=\"canonical\" href=\"https:\/\/www.easyledstore.it\/es\/producto\/cable-de-cc-de-55-mm-con-conector-hembra-de-2-patillas\/\" \/>\n<meta property=\"og:locale\" content=\"es_ES\" \/>\n<meta property=\"og:type\" content=\"article\" \/>\n<meta property=\"og:title\" content=\"Cable de CC de 5,5 mm con conector hembra de 2 patillas - Easyledstore\" \/>\n<meta property=\"og:description\" content=\"Cable de CC de 5,5 mm con conector clip hembra de 2 patillas para tiras LED, m\u00f3dulos LED y fuentes de alimentaci\u00f3n. Conexi\u00f3n r\u00e1pida, segura y sin soldaduras.\" \/>\n<meta property=\"og:url\" content=\"https:\/\/www.easyledstore.it\/es\/producto\/cable-de-cc-de-55-mm-con-conector-hembra-de-2-patillas\/\" \/>\n<meta property=\"og:site_name\" content=\"Easyledstore\" \/>\n<meta property=\"article:publisher\" content=\"https:\/\/www.facebook.com\/easyledstore\" \/>\n<meta property=\"og:image\" content=\"https:\/\/www.easyledstore.it\/wp-content\/uploads\/2026\/01\/2-1.jpg\" \/>\n\t<meta property=\"og:image:width\" content=\"600\" \/>\n\t<meta property=\"og:image:height\" content=\"600\" \/>\n\t<meta property=\"og:image:type\" content=\"image\/jpeg\" \/>\n<meta name=\"twitter:card\" content=\"summary_large_image\" \/>\n<!-- \/ Yoast SEO plugin. -->","yoast_head_json":{"title":"Cable de CC de 5,5 mm con conector hembra de 2 patillas - Easyledstore","description":"Cable de CC de 5,5 mm con conector clip hembra de 2 patillas para tiras LED, m\u00f3dulos LED y fuentes de alimentaci\u00f3n. Conexi\u00f3n r\u00e1pida, segura y sin soldaduras.","robots":{"index":"index","follow":"follow","max-snippet":"max-snippet:-1","max-image-preview":"max-image-preview:large","max-video-preview":"max-video-preview:-1"},"canonical":"https:\/\/www.easyledstore.it\/es\/producto\/cable-de-cc-de-55-mm-con-conector-hembra-de-2-patillas\/","og_locale":"es_ES","og_type":"article","og_title":"Cable de CC de 5,5 mm con conector hembra de 2 patillas - Easyledstore","og_description":"Cable de CC de 5,5 mm con conector clip hembra de 2 patillas para tiras LED, m\u00f3dulos LED y fuentes de alimentaci\u00f3n. Conexi\u00f3n r\u00e1pida, segura y sin soldaduras.","og_url":"https:\/\/www.easyledstore.it\/es\/producto\/cable-de-cc-de-55-mm-con-conector-hembra-de-2-patillas\/","og_site_name":"Easyledstore","article_publisher":"https:\/\/www.facebook.com\/easyledstore","og_image":[{"width":600,"height":600,"url":"https:\/\/www.easyledstore.it\/wp-content\/uploads\/2026\/01\/2-1.jpg","type":"image\/jpeg"}],"twitter_card":"summary_large_image","schema":{"@context":"https:\/\/schema.org","@graph":[{"@type":"WebPage","@id":"https:\/\/www.easyledstore.it\/es\/producto\/cable-de-cc-de-55-mm-con-conector-hembra-de-2-patillas\/","url":"https:\/\/www.easyledstore.it\/es\/producto\/cable-de-cc-de-55-mm-con-conector-hembra-de-2-patillas\/","name":"Cable de CC de 5,5 mm con conector hembra de 2 patillas - Easyledstore","isPartOf":{"@id":"https:\/\/www.easyledstore.it\/es\/#website"},"primaryImageOfPage":{"@id":"https:\/\/www.easyledstore.it\/es\/producto\/cable-de-cc-de-55-mm-con-conector-hembra-de-2-patillas\/#primaryimage"},"image":{"@id":"https:\/\/www.easyledstore.it\/es\/producto\/cable-de-cc-de-55-mm-con-conector-hembra-de-2-patillas\/#primaryimage"},"thumbnailUrl":"https:\/\/www.easyledstore.it\/wp-content\/uploads\/2026\/01\/2-1.jpg","datePublished":"2026-01-29T15:54:17+00:00","description":"Cable de CC de 5,5 mm con conector clip hembra de 2 patillas para tiras LED, m\u00f3dulos LED y fuentes de alimentaci\u00f3n. Conexi\u00f3n r\u00e1pida, segura y sin soldaduras.","breadcrumb":{"@id":"https:\/\/www.easyledstore.it\/es\/producto\/cable-de-cc-de-55-mm-con-conector-hembra-de-2-patillas\/#breadcrumb"},"inLanguage":"es","potentialAction":[{"@type":"ReadAction","target":["https:\/\/www.easyledstore.it\/es\/producto\/cable-de-cc-de-55-mm-con-conector-hembra-de-2-patillas\/"]}]},{"@type":"ImageObject","inLanguage":"es","@id":"https:\/\/www.easyledstore.it\/es\/producto\/cable-de-cc-de-55-mm-con-conector-hembra-de-2-patillas\/#primaryimage","url":"https:\/\/www.easyledstore.it\/wp-content\/uploads\/2026\/01\/2-1.jpg","contentUrl":"https:\/\/www.easyledstore.it\/wp-content\/uploads\/2026\/01\/2-1.jpg","width":600,"height":600},{"@type":"BreadcrumbList","@id":"https:\/\/www.easyledstore.it\/es\/producto\/cable-de-cc-de-55-mm-con-conector-hembra-de-2-patillas\/#breadcrumb","itemListElement":[{"@type":"ListItem","position":1,"name":"Home","item":"https:\/\/www.easyledstore.it\/es\/modulos-de-senalizacion-led\/"},{"@type":"ListItem","position":2,"name":"Tienda IT","item":"https:\/\/www.easyledstore.it\/es\/tienda\/"},{"@type":"ListItem","position":3,"name":"Cable de CC de 5,5 mm con conector hembra de 2 patillas"}]},{"@type":"WebSite","@id":"https:\/\/www.easyledstore.it\/es\/#website","url":"https:\/\/www.easyledstore.it\/es\/","name":"Easyledstore","description":"Alimentatori e Moduli LED per Insegne Luminose","publisher":{"@id":"https:\/\/www.easyledstore.it\/es\/#organization"},"potentialAction":[{"@type":"SearchAction","target":{"@type":"EntryPoint","urlTemplate":"https:\/\/www.easyledstore.it\/es\/?s={search_term_string}"},"query-input":{"@type":"PropertyValueSpecification","valueRequired":true,"valueName":"search_term_string"}}],"inLanguage":"es"},{"@type":"Organization","@id":"https:\/\/www.easyledstore.it\/es\/#organization","name":"LTC Lighting Trading Company srls","url":"https:\/\/www.easyledstore.it\/es\/","logo":{"@type":"ImageObject","inLanguage":"es","@id":"https:\/\/www.easyledstore.it\/es\/#\/schema\/logo\/image\/","url":"https:\/\/www.easyledstore.it\/wp-content\/uploads\/2018\/03\/Landscape-FullColor-2000.png","contentUrl":"https:\/\/www.easyledstore.it\/wp-content\/uploads\/2018\/03\/Landscape-FullColor-2000.png","width":2000,"height":641,"caption":"LTC Lighting Trading Company srls"},"image":{"@id":"https:\/\/www.easyledstore.it\/es\/#\/schema\/logo\/image\/"},"sameAs":["https:\/\/www.facebook.com\/easyledstore"]}]}},"_links":{"self":[{"href":"https:\/\/www.easyledstore.it\/es\/wp-json\/wp\/v2\/product\/12570","targetHints":{"allow":["GET"]}}],"collection":[{"href":"https:\/\/www.easyledstore.it\/es\/wp-json\/wp\/v2\/product"}],"about":[{"href":"https:\/\/www.easyledstore.it\/es\/wp-json\/wp\/v2\/types\/product"}],"replies":[{"embeddable":true,"href":"https:\/\/www.easyledstore.it\/es\/wp-json\/wp\/v2\/comments?post=12570"}],"wp:featuredmedia":[{"embeddable":true,"href":"https:\/\/www.easyledstore.it\/es\/wp-json\/wp\/v2\/media\/12557"}],"wp:attachment":[{"href":"https:\/\/www.easyledstore.it\/es\/wp-json\/wp\/v2\/media?parent=12570"}],"wp:term":[{"taxonomy":"product_brand","embeddable":true,"href":"https:\/\/www.easyledstore.it\/es\/wp-json\/wp\/v2\/product_brand?post=12570"},{"taxonomy":"product_cat","embeddable":true,"href":"https:\/\/www.easyledstore.it\/es\/wp-json\/wp\/v2\/product_cat?post=12570"},{"taxonomy":"product_tag","embeddable":true,"href":"https:\/\/www.easyledstore.it\/es\/wp-json\/wp\/v2\/product_tag?post=12570"}],"curies":[{"name":"wp","href":"https:\/\/api.w.org\/{rel}","templated":true}]}}