{"id":11401,"date":"2025-08-28T11:43:04","date_gmt":"2025-08-28T09:43:04","guid":{"rendered":"https:\/\/www.easyledstore.it\/prodotto\/fuente-de-alimentacion-novadrive-ultra-slim-ultra-slim-36w-12v\/"},"modified":"2025-08-28T11:43:04","modified_gmt":"2025-08-28T09:43:04","slug":"fuente-de-alimentacion-novadrive-ultra-slim-ultra-slim-36w-12v","status":"publish","type":"product","link":"https:\/\/www.easyledstore.it\/es\/producto\/fuente-de-alimentacion-novadrive-ultra-slim-ultra-slim-36w-12v\/","title":{"rendered":"Fuente de alimentaci\u00f3n NovaDrive Ultra Slim &#8211; Ultra Slim 36W &#8211; 12V"},"content":{"rendered":"<p data-start=\"251\" data-end=\"746\">La<strong data-start=\"253\" data-end=\"290\">fuente de alimentaci\u00f3n ultrafina de 12 V 36 W y 3 A<\/strong> es la opci\u00f3n ideal para quienes buscan un dispositivo fiable y seguro para alimentar <strong data-start=\"384\" data-end=\"470\">tiras de LED, m\u00f3dulos luminosos, carteles publicitarios y otros dispositivos electr\u00f3nicos<\/strong> que requieren una corriente estable de 12 V. Gracias a su <strong data-start=\"532\" data-end=\"566\">dise\u00f1o ultrafino y compacto<\/strong>, este transformador LED cabe f\u00e1cilmente en espacios reducidos, como perfiles de aluminio, falsos techos o estructuras donde el espacio es reducido. <\/p>\n<p data-start=\"748\" data-end=\"1109\">Dise\u00f1ada para garantizar <strong data-start=\"773\" data-end=\"807\">un rendimiento constante a lo largo del tiempo<\/strong>, la fuente de alimentaci\u00f3n proporciona <strong>36 W (12 V CC 3 A)<\/strong> y est\u00e1 equipada con un sistema de protecci\u00f3n integrado contra <strong data-start=\"925\" data-end=\"976\">sobrecargas, cortocircuitos y sobrecalentamiento<\/strong>. Esto garantiza un funcionamiento seguro y duradero, minimizando los riesgos durante la instalaci\u00f3n y el uso diario. <\/p>\n<h3 data-start=\"1111\" data-end=\"1153\">Principales caracter\u00edsticas t\u00e9cnicas:<\/h3>\n<ul data-start=\"1154\" data-end=\"1392\">\n<li data-start=\"1154\" data-end=\"1185\">\n<p data-start=\"1156\" data-end=\"1185\"><strong data-start=\"1156\" data-end=\"1168\">Modelo:<\/strong> ND-12V-36W-SLM<\/p>\n<\/li>\n<li data-start=\"1186\" data-end=\"1223\">\n<p data-start=\"1188\" data-end=\"1223\"><strong data-start=\"1188\" data-end=\"1201\">Entrada:<\/strong> 170-250V CA &#8211; 0,34A<\/p>\n<\/li>\n<li data-start=\"1224\" data-end=\"1257\">\n<p data-start=\"1226\" data-end=\"1257\"><strong data-start=\"1226\" data-end=\"1237\">Salida:<\/strong> 12 V CC &#8211; 3 A &#8211; 36 W<\/p>\n<\/li>\n<li data-start=\"1224\" data-end=\"1257\"><strong>Dimensiones: <\/strong>17x17x262mm<\/li>\n<li data-start=\"1258\" data-end=\"1326\">\n<p data-start=\"1260\" data-end=\"1326\"><strong data-start=\"1260\" data-end=\"1274\">Estructura:<\/strong> compacta y ultrafina, f\u00e1cil de integrar en cualquier lugar<\/p>\n<\/li>\n<li data-start=\"1327\" data-end=\"1392\">\n<p data-start=\"1329\" data-end=\"1392\"><strong data-start=\"1329\" data-end=\"1355\">Eficiencia energ\u00e9tica:<\/strong> alta, con un consumo reducido<\/p>\n<\/li>\n<\/ul>\n<h3 data-start=\"1394\" data-end=\"1445\">Ventajas de la fuente de alimentaci\u00f3n ultrafina de 12 V y 36 W:<\/h3>\n<p data-start=\"1446\" data-end=\"1883\">\u2714\ufe0f <strong data-start=\"1449\" data-end=\"1477\">Compatibilidad universal<\/strong> con la mayor\u00eda de tiras y m\u00f3dulos luminosos LED de 12 V disponibles en el mercado<br data-start=\"1566\" data-end=\"1569\">\u2714\ufe0f <strong data-start=\"1572\" data-end=\"1587\">Dise\u00f1o delgado<\/strong> que permite una instalaci\u00f3n discreta incluso en espacios muy reducidos<br data-start=\"1654\" data-end=\"1657\">Seguridad <strong data-start=\"1660\" data-end=\"1683\">garantizada<\/strong> por certificaciones y protecciones electr\u00f3nicas avanzadas<br data-start=\"1736\" data-end=\"1739\">\u2714\ufe0f <strong data-start=\"1742\" data-end=\"1763\">Versatilidad de uso<\/strong>, perfecto para aplicaciones profesionales y dom\u00e9sticas<br data-start=\"1817\" data-end=\"1820\">\u2714\ufe0f <strong data-start=\"1823\" data-end=\"1843\">Durabilidad<\/strong>, con un rendimiento estable y fiable<\/p>\n<p data-start=\"1885\" data-end=\"2231\">Esta fuente de alimentaci\u00f3n es especialmente adecuada para <strong data-start=\"1960\" data-end=\"2044\">r\u00f3tulos luminosos, escaparates, mobiliario luminoso y proyectos de bricolaje<\/strong> que requieran una iluminaci\u00f3n uniforme y constante. Su eficiencia energ\u00e9tica la convierte en una opci\u00f3n sostenible y rentable, ideal tanto para instalaciones permanentes como temporales. <\/p>\n<p data-start=\"2233\" data-end=\"2373\">\ud83d\udc49 Con la<strong data-start=\"2242\" data-end=\"2276\">fuente de alimentaci\u00f3n ultrafina de 12 V y 36 W<\/strong> de EasyLedStore.es conseguir\u00e1s una iluminaci\u00f3n LED segura, de alto rendimiento y sencilla.<\/p>\n<p><strong style=\"font-size: 18px;\">Sigue a EasyLedStore.co.uk tambi\u00e9n en las redes sociales<\/strong><\/p>\n<ul style=\"list-style: none; padding: 0; font-size: 18px;\">\n<li style=\"text-align: left;\"><a href=\"https:\/\/www.instagram.com\/easyledstore.it\" target=\"_blank\" rel=\"noopener noreferrer nofollow\">Instagram &#8211; <\/a><a href=\"https:\/\/www.facebook.com\/easyledstore\" target=\"_blank\" rel=\"noopener noreferrer nofollow\">Facebook &#8211; <\/a><a href=\"https:\/\/www.tiktok.com\/@easyledstore.it\" target=\"_blank\" rel=\"noopener noreferrer nofollow\">TikTok &#8211; <\/a><a href=\"https:\/\/www.youtube.com\/@easyledstore4589\" target=\"_blank\" rel=\"noopener noreferrer nofollow\">YouTube<\/a><\/li>\n<\/ul>\n","protected":false},"excerpt":{"rendered":"<p>Fuente de alimentaci\u00f3n ultrafina de 12 V 36 W y 3 A con certificaci\u00f3n CE, dise\u00f1o compacto y protecci\u00f3n contra sobrecargas. Perfecta para LED, se\u00f1ales e instalaciones luminosas. <\/p>\n","protected":false},"featured_media":11402,"comment_status":"open","ping_status":"closed","template":"","meta":[],"product_brand":[],"product_cat":[1205,1840],"product_tag":[1070,1477],"class_list":{"0":"post-11401","1":"product","2":"type-product","3":"status-publish","4":"has-post-thumbnail","6":"product_cat-fuentes-de-alimentacion","7":"product_cat-fuentes-de-alimentacion-ultrafinas","8":"product_tag-12v","9":"product_tag-36w","11":"first","12":"instock","13":"taxable","14":"shipping-taxable","15":"purchasable","16":"product-type-simple"},"yoast_head":"<!-- This site is optimized with the Yoast SEO plugin v27.3 - https:\/\/yoast.com\/product\/yoast-seo-wordpress\/ -->\n<title>Fuente de alimentaci\u00f3n NovaDrive Ultra Slim - Ultra Slim 36W - 12V - Easyledstore<\/title>\n<meta name=\"description\" content=\"Fuente de alimentaci\u00f3n ultrafina de 12 V 36 W y 3 A con certificaci\u00f3n CE. Ideal para tiras de LED, r\u00f3tulos y m\u00f3dulos luminosos. Dise\u00f1o compacto, seguro y muy eficiente.\" \/>\n<meta name=\"robots\" content=\"index, follow, max-snippet:-1, max-image-preview:large, max-video-preview:-1\" \/>\n<link rel=\"canonical\" href=\"https:\/\/www.easyledstore.it\/es\/producto\/fuente-de-alimentacion-novadrive-ultra-slim-ultra-slim-36w-12v\/\" \/>\n<meta property=\"og:locale\" content=\"es_ES\" \/>\n<meta property=\"og:type\" content=\"article\" \/>\n<meta property=\"og:title\" content=\"Fuente de alimentaci\u00f3n NovaDrive Ultra Slim - Ultra Slim 36W - 12V - Easyledstore\" \/>\n<meta property=\"og:description\" content=\"Fuente de alimentaci\u00f3n ultrafina de 12 V 36 W y 3 A con certificaci\u00f3n CE. Ideal para tiras de LED, r\u00f3tulos y m\u00f3dulos luminosos. Dise\u00f1o compacto, seguro y muy eficiente.\" \/>\n<meta property=\"og:url\" content=\"https:\/\/www.easyledstore.it\/es\/producto\/fuente-de-alimentacion-novadrive-ultra-slim-ultra-slim-36w-12v\/\" \/>\n<meta property=\"og:site_name\" content=\"Easyledstore\" \/>\n<meta property=\"article:publisher\" content=\"https:\/\/www.facebook.com\/easyledstore\" \/>\n<meta property=\"og:image\" content=\"https:\/\/www.easyledstore.it\/wp-content\/uploads\/2025\/08\/36.jpg\" \/>\n\t<meta property=\"og:image:width\" content=\"2000\" \/>\n\t<meta property=\"og:image:height\" content=\"2000\" \/>\n\t<meta property=\"og:image:type\" content=\"image\/jpeg\" \/>\n<meta name=\"twitter:card\" content=\"summary_large_image\" \/>\n<meta name=\"twitter:label1\" content=\"Tiempo de lectura\" \/>\n\t<meta name=\"twitter:data1\" content=\"2 minuto\" \/>\n<!-- \/ Yoast SEO plugin. -->","yoast_head_json":{"title":"Fuente de alimentaci\u00f3n NovaDrive Ultra Slim - Ultra Slim 36W - 12V - Easyledstore","description":"Fuente de alimentaci\u00f3n ultrafina de 12 V 36 W y 3 A con certificaci\u00f3n CE. Ideal para tiras de LED, r\u00f3tulos y m\u00f3dulos luminosos. Dise\u00f1o compacto, seguro y muy eficiente.","robots":{"index":"index","follow":"follow","max-snippet":"max-snippet:-1","max-image-preview":"max-image-preview:large","max-video-preview":"max-video-preview:-1"},"canonical":"https:\/\/www.easyledstore.it\/es\/producto\/fuente-de-alimentacion-novadrive-ultra-slim-ultra-slim-36w-12v\/","og_locale":"es_ES","og_type":"article","og_title":"Fuente de alimentaci\u00f3n NovaDrive Ultra Slim - Ultra Slim 36W - 12V - Easyledstore","og_description":"Fuente de alimentaci\u00f3n ultrafina de 12 V 36 W y 3 A con certificaci\u00f3n CE. Ideal para tiras de LED, r\u00f3tulos y m\u00f3dulos luminosos. Dise\u00f1o compacto, seguro y muy eficiente.","og_url":"https:\/\/www.easyledstore.it\/es\/producto\/fuente-de-alimentacion-novadrive-ultra-slim-ultra-slim-36w-12v\/","og_site_name":"Easyledstore","article_publisher":"https:\/\/www.facebook.com\/easyledstore","og_image":[{"width":2000,"height":2000,"url":"https:\/\/www.easyledstore.it\/wp-content\/uploads\/2025\/08\/36.jpg","type":"image\/jpeg"}],"twitter_card":"summary_large_image","twitter_misc":{"Tiempo de lectura":"2 minuto"},"schema":{"@context":"https:\/\/schema.org","@graph":[{"@type":"WebPage","@id":"https:\/\/www.easyledstore.it\/es\/producto\/fuente-de-alimentacion-novadrive-ultra-slim-ultra-slim-36w-12v\/","url":"https:\/\/www.easyledstore.it\/es\/producto\/fuente-de-alimentacion-novadrive-ultra-slim-ultra-slim-36w-12v\/","name":"Fuente de alimentaci\u00f3n NovaDrive Ultra Slim - Ultra Slim 36W - 12V - Easyledstore","isPartOf":{"@id":"https:\/\/www.easyledstore.it\/es\/#website"},"primaryImageOfPage":{"@id":"https:\/\/www.easyledstore.it\/es\/producto\/fuente-de-alimentacion-novadrive-ultra-slim-ultra-slim-36w-12v\/#primaryimage"},"image":{"@id":"https:\/\/www.easyledstore.it\/es\/producto\/fuente-de-alimentacion-novadrive-ultra-slim-ultra-slim-36w-12v\/#primaryimage"},"thumbnailUrl":"https:\/\/www.easyledstore.it\/wp-content\/uploads\/2025\/08\/36.jpg","datePublished":"2025-08-28T09:43:04+00:00","description":"Fuente de alimentaci\u00f3n ultrafina de 12 V 36 W y 3 A con certificaci\u00f3n CE. Ideal para tiras de LED, r\u00f3tulos y m\u00f3dulos luminosos. Dise\u00f1o compacto, seguro y muy eficiente.","breadcrumb":{"@id":"https:\/\/www.easyledstore.it\/es\/producto\/fuente-de-alimentacion-novadrive-ultra-slim-ultra-slim-36w-12v\/#breadcrumb"},"inLanguage":"es","potentialAction":[{"@type":"ReadAction","target":["https:\/\/www.easyledstore.it\/es\/producto\/fuente-de-alimentacion-novadrive-ultra-slim-ultra-slim-36w-12v\/"]}]},{"@type":"ImageObject","inLanguage":"es","@id":"https:\/\/www.easyledstore.it\/es\/producto\/fuente-de-alimentacion-novadrive-ultra-slim-ultra-slim-36w-12v\/#primaryimage","url":"https:\/\/www.easyledstore.it\/wp-content\/uploads\/2025\/08\/36.jpg","contentUrl":"https:\/\/www.easyledstore.it\/wp-content\/uploads\/2025\/08\/36.jpg","width":2000,"height":2000,"caption":"Alimentatore Ultra Slim 36W"},{"@type":"BreadcrumbList","@id":"https:\/\/www.easyledstore.it\/es\/producto\/fuente-de-alimentacion-novadrive-ultra-slim-ultra-slim-36w-12v\/#breadcrumb","itemListElement":[{"@type":"ListItem","position":1,"name":"Home","item":"https:\/\/www.easyledstore.it\/es\/modulos-de-senalizacion-led\/"},{"@type":"ListItem","position":2,"name":"Tienda IT","item":"https:\/\/www.easyledstore.it\/es\/tienda\/"},{"@type":"ListItem","position":3,"name":"Fuente de alimentaci\u00f3n NovaDrive Ultra Slim &#8211; Ultra Slim 36W &#8211; 12V"}]},{"@type":"WebSite","@id":"https:\/\/www.easyledstore.it\/es\/#website","url":"https:\/\/www.easyledstore.it\/es\/","name":"Easyledstore","description":"Alimentatori e Moduli LED per Insegne Luminose","publisher":{"@id":"https:\/\/www.easyledstore.it\/es\/#organization"},"potentialAction":[{"@type":"SearchAction","target":{"@type":"EntryPoint","urlTemplate":"https:\/\/www.easyledstore.it\/es\/?s={search_term_string}"},"query-input":{"@type":"PropertyValueSpecification","valueRequired":true,"valueName":"search_term_string"}}],"inLanguage":"es"},{"@type":"Organization","@id":"https:\/\/www.easyledstore.it\/es\/#organization","name":"LTC Lighting Trading Company srls","url":"https:\/\/www.easyledstore.it\/es\/","logo":{"@type":"ImageObject","inLanguage":"es","@id":"https:\/\/www.easyledstore.it\/es\/#\/schema\/logo\/image\/","url":"https:\/\/www.easyledstore.it\/wp-content\/uploads\/2018\/03\/Landscape-FullColor-2000.png","contentUrl":"https:\/\/www.easyledstore.it\/wp-content\/uploads\/2018\/03\/Landscape-FullColor-2000.png","width":2000,"height":641,"caption":"LTC Lighting Trading Company srls"},"image":{"@id":"https:\/\/www.easyledstore.it\/es\/#\/schema\/logo\/image\/"},"sameAs":["https:\/\/www.facebook.com\/easyledstore"]}]}},"_links":{"self":[{"href":"https:\/\/www.easyledstore.it\/es\/wp-json\/wp\/v2\/product\/11401","targetHints":{"allow":["GET"]}}],"collection":[{"href":"https:\/\/www.easyledstore.it\/es\/wp-json\/wp\/v2\/product"}],"about":[{"href":"https:\/\/www.easyledstore.it\/es\/wp-json\/wp\/v2\/types\/product"}],"replies":[{"embeddable":true,"href":"https:\/\/www.easyledstore.it\/es\/wp-json\/wp\/v2\/comments?post=11401"}],"wp:featuredmedia":[{"embeddable":true,"href":"https:\/\/www.easyledstore.it\/es\/wp-json\/wp\/v2\/media\/11402"}],"wp:attachment":[{"href":"https:\/\/www.easyledstore.it\/es\/wp-json\/wp\/v2\/media?parent=11401"}],"wp:term":[{"taxonomy":"product_brand","embeddable":true,"href":"https:\/\/www.easyledstore.it\/es\/wp-json\/wp\/v2\/product_brand?post=11401"},{"taxonomy":"product_cat","embeddable":true,"href":"https:\/\/www.easyledstore.it\/es\/wp-json\/wp\/v2\/product_cat?post=11401"},{"taxonomy":"product_tag","embeddable":true,"href":"https:\/\/www.easyledstore.it\/es\/wp-json\/wp\/v2\/product_tag?post=11401"}],"curies":[{"name":"wp","href":"https:\/\/api.w.org\/{rel}","templated":true}]}}