{"id":11373,"date":"2025-09-11T09:49:13","date_gmt":"2025-09-11T07:49:13","guid":{"rendered":"https:\/\/www.easyledstore.it\/prodotto\/novadrive-24v-150w-fuente-de-alimentacion-nwp\/"},"modified":"2025-09-11T09:49:13","modified_gmt":"2025-09-11T07:49:13","slug":"novadrive-24v-150w-fuente-de-alimentacion-nwp","status":"publish","type":"product","link":"https:\/\/www.easyledstore.it\/es\/producto\/novadrive-24v-150w-fuente-de-alimentacion-nwp\/","title":{"rendered":"NovaDrive 24V &#8211; 150W &#8211; Fuente de alimentaci\u00f3n NWP"},"content":{"rendered":"<p data-start=\"114\" data-end=\"813\">La fuente de alimentaci\u00f3n<strong data-start=\"116\" data-end=\"182\">no estanca Novadrive ND-24V-150W-NWP de 24 V y 150 W<\/strong> est\u00e1 dise\u00f1ada para proporcionar una alimentaci\u00f3n estable, segura y continua a sistemas de bajo voltaje. Con una salida de <strong data-start=\"292\" data-end=\"310\">24 V CC &#8211; 6,25 A<\/strong> y <strong data-start=\"321\" data-end=\"329\">150 W de<\/strong> potencia, es ideal para <strong data-start=\"344\" data-end=\"435\">tiras de LED, se\u00f1alizaci\u00f3n, m\u00f3dulos LED, unidades de control y peque\u00f1os sistemas de automatizaci\u00f3n<\/strong>.<br data-start=\"436\" data-end=\"439\">Dise\u00f1ada para instalaciones <strong data-start=\"465\" data-end=\"475\">en interiores<\/strong>, este modelo no es apto para la exposici\u00f3n directa al agua o la humedad, pero ofrece un rendimiento fiable en <strong data-start=\"587\" data-end=\"628\">hogares, oficinas, tiendas y salas de exposiciones<\/strong>. Sus dimensiones compactas <strong data-start=\"653\" data-end=\"674\">de 160 \u00d7 100 \u00d7 40 mm<\/strong> permiten su instalaci\u00f3n incluso en espacios reducidos, mientras que la <strong data-start=\"733\" data-end=\"753\">carcasa met\u00e1lica<\/strong> garantiza su robustez y una disipaci\u00f3n eficaz del calor.  <\/p>\n<p data-start=\"815\" data-end=\"1314\">La entrada universal <strong data-start=\"837\" data-end=\"851\">de 170-250 VCA<\/strong> (consumo t\u00edpico <strong data-start=\"873\" data-end=\"888\">de 1,2 A a 230 V<\/strong>) maximiza la compatibilidad con las redes el\u00e9ctricas m\u00e1s comunes y contribuye a la eficiencia del sistema. <strong data-start=\"1001\" data-end=\"1025\">Las protecciones integradas<\/strong> contra sobrecarga, cortocircuito y sobrecalentamiento protegen los dispositivos conectados, reduciendo el riesgo de inactividad del sistema. Los orificios de montaje pretaladrados simplifican la instalaci\u00f3n en superficies planas, mientras que los bloques de terminales claramente serigrafiados agilizan el cableado.  <\/p>\n<p data-start=\"1316\" data-end=\"1747\">Gracias a su alimentaci\u00f3n constante, la<strong data-start=\"1355\" data-end=\"1395\">fuente de alimentaci\u00f3n no estanca de 24 V y 150 W<\/strong> mantiene un voltaje estable incluso en presencia de variaciones de carga, una caracter\u00edstica esencial para equipos sensibles como controladores LED, sistemas de videovigilancia o instrumentos electr\u00f3nicos. Su cuidada construcci\u00f3n y la atenci\u00f3n prestada a la disipaci\u00f3n t\u00e9rmica la hacen adecuada para un uso <strong data-start=\"1698\" data-end=\"1714\">continuo<\/strong> sin degradaci\u00f3n del rendimiento. <\/p>\n<p data-start=\"1749\" data-end=\"2250\">Si buscas una soluci\u00f3n profesional, robusta y f\u00e1cil de instalar, la<strong data-start=\"1824\" data-end=\"1864\">fuente de alimentaci\u00f3n no estanca<\/strong> <strong data-start=\"1865\" data-end=\"1878\">Novadrive<\/strong><strong data-start=\"1824\" data-end=\"1864\">24V 150W<\/strong> es una aut\u00e9ntica elecci\u00f3n para quienes trabajan en la industria de la iluminaci\u00f3n y la electr\u00f3nica, as\u00ed como para quienes desean una fuente de alimentaci\u00f3n estable en un entorno dom\u00e9stico o comercial. En resumen: dimensiones compactas, protecci\u00f3n integral, salida limpia y compatibilidad ampliada hacen de esta <strong data-start=\"2169\" data-end=\"2209\">fuente de alimentaci\u00f3n no estanca 24V 150W<\/strong> una aut\u00e9ntica referencia en su categor\u00eda. <\/p>\n<p><strong style=\"font-size: 18px;\">Sigue a EasyLedStore.co.uk tambi\u00e9n en las redes sociales<\/strong><\/p>\n<ul style=\"list-style: none; padding: 0; font-size: 18px;\">\n<li style=\"text-align: left;\"><a href=\"https:\/\/www.instagram.com\/easyledstore.it\" target=\"_blank\" rel=\"noopener noreferrer nofollow\">Instagram &#8211; <\/a><a href=\"https:\/\/www.facebook.com\/easyledstore\" target=\"_blank\" rel=\"noopener noreferrer nofollow\">Facebook &#8211; <\/a><a href=\"https:\/\/www.tiktok.com\/@easyledstore.it\" target=\"_blank\" rel=\"noopener noreferrer nofollow\">TikTok &#8211; <\/a><a href=\"https:\/\/www.youtube.com\/@easyledstore4589\" target=\"_blank\" rel=\"noopener noreferrer nofollow\">YouTube<\/a><\/li>\n<\/ul>\n","protected":false},"excerpt":{"rendered":"<p>Fuente de alimentaci\u00f3n Novadrive 24V 150W no estanca. Potencia de 150 W, salida de 24 V CC 6,25 A, carcasa met\u00e1lica y protecciones integradas. Ideal para LED, letreros luminosos y dispositivos electr\u00f3nicos de interior.  <\/p>\n","protected":false},"featured_media":11330,"comment_status":"open","ping_status":"closed","template":"","meta":[],"product_brand":[],"product_cat":[1205,1847],"product_tag":[1668,1213],"class_list":{"0":"post-11373","1":"product","2":"type-product","3":"status-publish","4":"has-post-thumbnail","6":"product_cat-fuentes-de-alimentacion","7":"product_cat-fuentes-de-alimentacion-de-interior","8":"product_tag-150w","9":"product_tag-24v","11":"first","12":"instock","13":"taxable","14":"shipping-taxable","15":"purchasable","16":"product-type-simple"},"yoast_head":"<!-- This site is optimized with the Yoast SEO plugin v27.3 - https:\/\/yoast.com\/product\/yoast-seo-wordpress\/ -->\n<title>NovaDrive 24V - 150W - Fuente de alimentaci\u00f3n NWP - Easyledstore<\/title>\n<meta name=\"description\" content=\"Fuente de alimentaci\u00f3n Novadrive de 24 V y 150 W no estanca. Salida de 24V CC 6,25A, segura y fiable para LED, se\u00f1ales y electr\u00f3nica de interior.\" \/>\n<meta name=\"robots\" content=\"index, follow, max-snippet:-1, max-image-preview:large, max-video-preview:-1\" \/>\n<link rel=\"canonical\" href=\"https:\/\/www.easyledstore.it\/es\/producto\/novadrive-24v-150w-fuente-de-alimentacion-nwp\/\" \/>\n<meta property=\"og:locale\" content=\"es_ES\" \/>\n<meta property=\"og:type\" content=\"article\" \/>\n<meta property=\"og:title\" content=\"NovaDrive 24V - 150W - Fuente de alimentaci\u00f3n NWP - Easyledstore\" \/>\n<meta property=\"og:description\" content=\"Fuente de alimentaci\u00f3n Novadrive de 24 V y 150 W no estanca. Salida de 24V CC 6,25A, segura y fiable para LED, se\u00f1ales y electr\u00f3nica de interior.\" \/>\n<meta property=\"og:url\" content=\"https:\/\/www.easyledstore.it\/es\/producto\/novadrive-24v-150w-fuente-de-alimentacion-nwp\/\" \/>\n<meta property=\"og:site_name\" content=\"Easyledstore\" \/>\n<meta property=\"article:publisher\" content=\"https:\/\/www.facebook.com\/easyledstore\" \/>\n<meta property=\"og:image\" content=\"https:\/\/www.easyledstore.it\/wp-content\/uploads\/2025\/08\/150-24.jpg\" \/>\n\t<meta property=\"og:image:width\" content=\"2000\" \/>\n\t<meta property=\"og:image:height\" content=\"2000\" \/>\n\t<meta property=\"og:image:type\" content=\"image\/jpeg\" \/>\n<meta name=\"twitter:card\" content=\"summary_large_image\" \/>\n<meta name=\"twitter:label1\" content=\"Tiempo de lectura\" \/>\n\t<meta name=\"twitter:data1\" content=\"2 minuto\" \/>\n<!-- \/ Yoast SEO plugin. -->","yoast_head_json":{"title":"NovaDrive 24V - 150W - Fuente de alimentaci\u00f3n NWP - Easyledstore","description":"Fuente de alimentaci\u00f3n Novadrive de 24 V y 150 W no estanca. Salida de 24V CC 6,25A, segura y fiable para LED, se\u00f1ales y electr\u00f3nica de interior.","robots":{"index":"index","follow":"follow","max-snippet":"max-snippet:-1","max-image-preview":"max-image-preview:large","max-video-preview":"max-video-preview:-1"},"canonical":"https:\/\/www.easyledstore.it\/es\/producto\/novadrive-24v-150w-fuente-de-alimentacion-nwp\/","og_locale":"es_ES","og_type":"article","og_title":"NovaDrive 24V - 150W - Fuente de alimentaci\u00f3n NWP - Easyledstore","og_description":"Fuente de alimentaci\u00f3n Novadrive de 24 V y 150 W no estanca. Salida de 24V CC 6,25A, segura y fiable para LED, se\u00f1ales y electr\u00f3nica de interior.","og_url":"https:\/\/www.easyledstore.it\/es\/producto\/novadrive-24v-150w-fuente-de-alimentacion-nwp\/","og_site_name":"Easyledstore","article_publisher":"https:\/\/www.facebook.com\/easyledstore","og_image":[{"width":2000,"height":2000,"url":"https:\/\/www.easyledstore.it\/wp-content\/uploads\/2025\/08\/150-24.jpg","type":"image\/jpeg"}],"twitter_card":"summary_large_image","twitter_misc":{"Tiempo de lectura":"2 minuto"},"schema":{"@context":"https:\/\/schema.org","@graph":[{"@type":"WebPage","@id":"https:\/\/www.easyledstore.it\/es\/producto\/novadrive-24v-150w-fuente-de-alimentacion-nwp\/","url":"https:\/\/www.easyledstore.it\/es\/producto\/novadrive-24v-150w-fuente-de-alimentacion-nwp\/","name":"NovaDrive 24V - 150W - Fuente de alimentaci\u00f3n NWP - Easyledstore","isPartOf":{"@id":"https:\/\/www.easyledstore.it\/es\/#website"},"primaryImageOfPage":{"@id":"https:\/\/www.easyledstore.it\/es\/producto\/novadrive-24v-150w-fuente-de-alimentacion-nwp\/#primaryimage"},"image":{"@id":"https:\/\/www.easyledstore.it\/es\/producto\/novadrive-24v-150w-fuente-de-alimentacion-nwp\/#primaryimage"},"thumbnailUrl":"https:\/\/www.easyledstore.it\/wp-content\/uploads\/2025\/08\/150-24.jpg","datePublished":"2025-09-11T07:49:13+00:00","description":"Fuente de alimentaci\u00f3n Novadrive de 24 V y 150 W no estanca. Salida de 24V CC 6,25A, segura y fiable para LED, se\u00f1ales y electr\u00f3nica de interior.","breadcrumb":{"@id":"https:\/\/www.easyledstore.it\/es\/producto\/novadrive-24v-150w-fuente-de-alimentacion-nwp\/#breadcrumb"},"inLanguage":"es","potentialAction":[{"@type":"ReadAction","target":["https:\/\/www.easyledstore.it\/es\/producto\/novadrive-24v-150w-fuente-de-alimentacion-nwp\/"]}]},{"@type":"ImageObject","inLanguage":"es","@id":"https:\/\/www.easyledstore.it\/es\/producto\/novadrive-24v-150w-fuente-de-alimentacion-nwp\/#primaryimage","url":"https:\/\/www.easyledstore.it\/wp-content\/uploads\/2025\/08\/150-24.jpg","contentUrl":"https:\/\/www.easyledstore.it\/wp-content\/uploads\/2025\/08\/150-24.jpg","width":2000,"height":2000,"caption":"Fuente de alimentaci\u00f3n ND-24V-150W-NWP"},{"@type":"BreadcrumbList","@id":"https:\/\/www.easyledstore.it\/es\/producto\/novadrive-24v-150w-fuente-de-alimentacion-nwp\/#breadcrumb","itemListElement":[{"@type":"ListItem","position":1,"name":"Home","item":"https:\/\/www.easyledstore.it\/es\/modulos-de-senalizacion-led\/"},{"@type":"ListItem","position":2,"name":"Tienda IT","item":"https:\/\/www.easyledstore.it\/es\/tienda\/"},{"@type":"ListItem","position":3,"name":"NovaDrive 24V &#8211; 150W &#8211; Fuente de alimentaci\u00f3n NWP"}]},{"@type":"WebSite","@id":"https:\/\/www.easyledstore.it\/es\/#website","url":"https:\/\/www.easyledstore.it\/es\/","name":"Easyledstore","description":"Alimentatori e Moduli LED per Insegne Luminose","publisher":{"@id":"https:\/\/www.easyledstore.it\/es\/#organization"},"potentialAction":[{"@type":"SearchAction","target":{"@type":"EntryPoint","urlTemplate":"https:\/\/www.easyledstore.it\/es\/?s={search_term_string}"},"query-input":{"@type":"PropertyValueSpecification","valueRequired":true,"valueName":"search_term_string"}}],"inLanguage":"es"},{"@type":"Organization","@id":"https:\/\/www.easyledstore.it\/es\/#organization","name":"LTC Lighting Trading Company srls","url":"https:\/\/www.easyledstore.it\/es\/","logo":{"@type":"ImageObject","inLanguage":"es","@id":"https:\/\/www.easyledstore.it\/es\/#\/schema\/logo\/image\/","url":"https:\/\/www.easyledstore.it\/wp-content\/uploads\/2018\/03\/Landscape-FullColor-2000.png","contentUrl":"https:\/\/www.easyledstore.it\/wp-content\/uploads\/2018\/03\/Landscape-FullColor-2000.png","width":2000,"height":641,"caption":"LTC Lighting Trading Company srls"},"image":{"@id":"https:\/\/www.easyledstore.it\/es\/#\/schema\/logo\/image\/"},"sameAs":["https:\/\/www.facebook.com\/easyledstore"]}]}},"_links":{"self":[{"href":"https:\/\/www.easyledstore.it\/es\/wp-json\/wp\/v2\/product\/11373","targetHints":{"allow":["GET"]}}],"collection":[{"href":"https:\/\/www.easyledstore.it\/es\/wp-json\/wp\/v2\/product"}],"about":[{"href":"https:\/\/www.easyledstore.it\/es\/wp-json\/wp\/v2\/types\/product"}],"replies":[{"embeddable":true,"href":"https:\/\/www.easyledstore.it\/es\/wp-json\/wp\/v2\/comments?post=11373"}],"wp:featuredmedia":[{"embeddable":true,"href":"https:\/\/www.easyledstore.it\/es\/wp-json\/wp\/v2\/media\/11330"}],"wp:attachment":[{"href":"https:\/\/www.easyledstore.it\/es\/wp-json\/wp\/v2\/media?parent=11373"}],"wp:term":[{"taxonomy":"product_brand","embeddable":true,"href":"https:\/\/www.easyledstore.it\/es\/wp-json\/wp\/v2\/product_brand?post=11373"},{"taxonomy":"product_cat","embeddable":true,"href":"https:\/\/www.easyledstore.it\/es\/wp-json\/wp\/v2\/product_cat?post=11373"},{"taxonomy":"product_tag","embeddable":true,"href":"https:\/\/www.easyledstore.it\/es\/wp-json\/wp\/v2\/product_tag?post=11373"}],"curies":[{"name":"wp","href":"https:\/\/api.w.org\/{rel}","templated":true}]}}