{"id":11366,"date":"2025-09-03T12:22:19","date_gmt":"2025-09-03T10:22:19","guid":{"rendered":"https:\/\/www.easyledstore.it\/prodotto\/regulador-led-con-mando-a-distancia-12-24v-30a\/"},"modified":"2025-09-03T12:22:19","modified_gmt":"2025-09-03T10:22:19","slug":"regulador-led-con-mando-a-distancia-12-24v-30a","status":"publish","type":"product","link":"https:\/\/www.easyledstore.it\/es\/producto\/regulador-led-con-mando-a-distancia-12-24v-30a\/","title":{"rendered":"Regulador LED con mando a distancia 12-24V 30A"},"content":{"rendered":"<p data-start=\"758\" data-end=\"1079\">Si buscas una forma sencilla, pr\u00e1ctica y funcional de controlar tus tiras de iluminaci\u00f3n, el <strong data-start=\"858\" data-end=\"888\">Regulador LED con mando a distancia<\/strong> es la soluci\u00f3n perfecta. Este dispositivo compacto te permite ajustar con precisi\u00f3n la intensidad de la luz, creando el ambiente ideal en cualquier entorno, ya sea dom\u00e9stico o profesional. <\/p>\n<p data-start=\"1081\" data-end=\"1474\">El Regulador LED funciona con una alimentaci\u00f3n de corriente continua (CC) y admite una amplia gama de tensiones de entrada y salida, de 12 V a 24 V. Con una potencia m\u00e1xima de 360 W a 12 V y de hasta 720 W a 24 V, puede soportar cargas elevadas sin problemas, por lo que es adecuado incluso para las instalaciones de iluminaci\u00f3n m\u00e1s complejas. Adem\u00e1s, la salida de 30 A garantiza la estabilidad y la seguridad durante el uso.  <\/p>\n<p data-start=\"1476\" data-end=\"2003\">Una de las principales ventajas de este <strong data-start=\"1514\" data-end=\"1544\">Regulador LED con<\/strong> mando a distancia es la posibilidad de controlar las luces a distancia. Gracias al pr\u00e1ctico mando a distancia incluido, con s\u00f3lo 3 botones puedes encender, apagar o ajustar el brillo de tus tiras de LED de forma r\u00e1pida e intuitiva. Ya no tienes que intervenir manualmente en el aparato: basta un clic para cambiar la intensidad de la luz y crear el ambiente adecuado en el sal\u00f3n, el dormitorio, la oficina o incluso en entornos comerciales como bares, restaurantes y tiendas.  <\/p>\n<p data-start=\"2005\" data-end=\"2268\">Su dise\u00f1o compacto y robusto facilita la instalaci\u00f3n y ahorra espacio. Se puede colocar en cajas de empalmes, muebles o detr\u00e1s de paneles, sin comprometer el espacio disponible. Viene en un paquete blanco est\u00e1ndar, listo para usar.  <\/p>\n<p data-start=\"2270\" data-end=\"2580\">Gracias a su versatilidad, este controlador es adecuado para distintos tipos de instalaciones LED, como tiras monocrom\u00e1ticas, luces decorativas y sistemas de iluminaci\u00f3n arquitect\u00f3nica. Es especialmente \u00fatil para quienes desean ahorrar energ\u00eda y, al mismo tiempo, tener un control total de la iluminaci\u00f3n. <\/p>\n<p data-start=\"2582\" data-end=\"2850\">En resumen, el <strong data-start=\"2597\" data-end=\"2627\">Regulador LED con mando a distancia<\/strong> es la elecci\u00f3n ideal para quienes buscan un producto fiable, potente y f\u00e1cil de usar. Con un solo dispositivo podr\u00e1s sacar el m\u00e1ximo partido a tus tiras LED, mejorando la est\u00e9tica y la eficacia de tu sistema de iluminaci\u00f3n. <\/p>\n","protected":false},"excerpt":{"rendered":"<p>Regulador LED con mando a distancia 12-24V 30A, ideal para regular tiras LED de hasta 720W. Sencillo, compacto y con mando a distancia. <\/p>\n","protected":false},"featured_media":11368,"comment_status":"open","ping_status":"closed","template":"","meta":[],"product_brand":[],"product_cat":[1786,1749],"product_tag":[1070,1213,1869],"class_list":{"0":"post-11366","1":"product","2":"type-product","3":"status-publish","4":"has-post-thumbnail","6":"product_cat-regulador-de-intensidad","7":"product_cat-unidades-de-control","8":"product_tag-12v","9":"product_tag-24v","10":"product_tag-360w-720w","12":"first","13":"instock","14":"taxable","15":"shipping-taxable","16":"purchasable","17":"product-type-simple"},"yoast_head":"<!-- This site is optimized with the Yoast SEO plugin v27.3 - https:\/\/yoast.com\/product\/yoast-seo-wordpress\/ -->\n<title>Regulador LED con mando a distancia 12-24V 30A - Easyledstore<\/title>\n<meta name=\"description\" content=\"Descubre el Regulador LED con mando a distancia 12-24V 30A, ideal para ajustar la intensidad de tus tiras LED de hasta 720W. F\u00e1cil de usar, compacto y potente.\" \/>\n<meta name=\"robots\" content=\"index, follow, max-snippet:-1, max-image-preview:large, max-video-preview:-1\" \/>\n<link rel=\"canonical\" href=\"https:\/\/www.easyledstore.it\/es\/producto\/regulador-led-con-mando-a-distancia-12-24v-30a\/\" \/>\n<meta property=\"og:locale\" content=\"es_ES\" \/>\n<meta property=\"og:type\" content=\"article\" \/>\n<meta property=\"og:title\" content=\"Regulador LED con mando a distancia 12-24V 30A - Easyledstore\" \/>\n<meta property=\"og:description\" content=\"Descubre el Regulador LED con mando a distancia 12-24V 30A, ideal para ajustar la intensidad de tus tiras LED de hasta 720W. F\u00e1cil de usar, compacto y potente.\" \/>\n<meta property=\"og:url\" content=\"https:\/\/www.easyledstore.it\/es\/producto\/regulador-led-con-mando-a-distancia-12-24v-30a\/\" \/>\n<meta property=\"og:site_name\" content=\"Easyledstore\" \/>\n<meta property=\"article:publisher\" content=\"https:\/\/www.facebook.com\/easyledstore\" \/>\n<meta property=\"og:image\" content=\"https:\/\/www.easyledstore.it\/wp-content\/uploads\/2025\/08\/91-scaled.jpg\" \/>\n\t<meta property=\"og:image:width\" content=\"2560\" \/>\n\t<meta property=\"og:image:height\" content=\"2560\" \/>\n\t<meta property=\"og:image:type\" content=\"image\/jpeg\" \/>\n<meta name=\"twitter:card\" content=\"summary_large_image\" \/>\n<meta name=\"twitter:label1\" content=\"Tiempo de lectura\" \/>\n\t<meta name=\"twitter:data1\" content=\"2 minuto\" \/>\n<!-- \/ Yoast SEO plugin. -->","yoast_head_json":{"title":"Regulador LED con mando a distancia 12-24V 30A - Easyledstore","description":"Descubre el Regulador LED con mando a distancia 12-24V 30A, ideal para ajustar la intensidad de tus tiras LED de hasta 720W. F\u00e1cil de usar, compacto y potente.","robots":{"index":"index","follow":"follow","max-snippet":"max-snippet:-1","max-image-preview":"max-image-preview:large","max-video-preview":"max-video-preview:-1"},"canonical":"https:\/\/www.easyledstore.it\/es\/producto\/regulador-led-con-mando-a-distancia-12-24v-30a\/","og_locale":"es_ES","og_type":"article","og_title":"Regulador LED con mando a distancia 12-24V 30A - Easyledstore","og_description":"Descubre el Regulador LED con mando a distancia 12-24V 30A, ideal para ajustar la intensidad de tus tiras LED de hasta 720W. F\u00e1cil de usar, compacto y potente.","og_url":"https:\/\/www.easyledstore.it\/es\/producto\/regulador-led-con-mando-a-distancia-12-24v-30a\/","og_site_name":"Easyledstore","article_publisher":"https:\/\/www.facebook.com\/easyledstore","og_image":[{"width":2560,"height":2560,"url":"https:\/\/www.easyledstore.it\/wp-content\/uploads\/2025\/08\/91-scaled.jpg","type":"image\/jpeg"}],"twitter_card":"summary_large_image","twitter_misc":{"Tiempo de lectura":"2 minuto"},"schema":{"@context":"https:\/\/schema.org","@graph":[{"@type":"WebPage","@id":"https:\/\/www.easyledstore.it\/es\/producto\/regulador-led-con-mando-a-distancia-12-24v-30a\/","url":"https:\/\/www.easyledstore.it\/es\/producto\/regulador-led-con-mando-a-distancia-12-24v-30a\/","name":"Regulador LED con mando a distancia 12-24V 30A - Easyledstore","isPartOf":{"@id":"https:\/\/www.easyledstore.it\/es\/#website"},"primaryImageOfPage":{"@id":"https:\/\/www.easyledstore.it\/es\/producto\/regulador-led-con-mando-a-distancia-12-24v-30a\/#primaryimage"},"image":{"@id":"https:\/\/www.easyledstore.it\/es\/producto\/regulador-led-con-mando-a-distancia-12-24v-30a\/#primaryimage"},"thumbnailUrl":"https:\/\/www.easyledstore.it\/wp-content\/uploads\/2025\/08\/91-scaled.jpg","datePublished":"2025-09-03T10:22:19+00:00","description":"Descubre el Regulador LED con mando a distancia 12-24V 30A, ideal para ajustar la intensidad de tus tiras LED de hasta 720W. F\u00e1cil de usar, compacto y potente.","breadcrumb":{"@id":"https:\/\/www.easyledstore.it\/es\/producto\/regulador-led-con-mando-a-distancia-12-24v-30a\/#breadcrumb"},"inLanguage":"es","potentialAction":[{"@type":"ReadAction","target":["https:\/\/www.easyledstore.it\/es\/producto\/regulador-led-con-mando-a-distancia-12-24v-30a\/"]}]},{"@type":"ImageObject","inLanguage":"es","@id":"https:\/\/www.easyledstore.it\/es\/producto\/regulador-led-con-mando-a-distancia-12-24v-30a\/#primaryimage","url":"https:\/\/www.easyledstore.it\/wp-content\/uploads\/2025\/08\/91-scaled.jpg","contentUrl":"https:\/\/www.easyledstore.it\/wp-content\/uploads\/2025\/08\/91-scaled.jpg","width":2560,"height":2560,"caption":"Led Single Color Dimmer"},{"@type":"BreadcrumbList","@id":"https:\/\/www.easyledstore.it\/es\/producto\/regulador-led-con-mando-a-distancia-12-24v-30a\/#breadcrumb","itemListElement":[{"@type":"ListItem","position":1,"name":"Home","item":"https:\/\/www.easyledstore.it\/es\/modulos-de-senalizacion-led\/"},{"@type":"ListItem","position":2,"name":"Tienda IT","item":"https:\/\/www.easyledstore.it\/es\/tienda\/"},{"@type":"ListItem","position":3,"name":"Regulador LED con mando a distancia 12-24V 30A"}]},{"@type":"WebSite","@id":"https:\/\/www.easyledstore.it\/es\/#website","url":"https:\/\/www.easyledstore.it\/es\/","name":"Easyledstore","description":"Alimentatori e Moduli LED per Insegne Luminose","publisher":{"@id":"https:\/\/www.easyledstore.it\/es\/#organization"},"potentialAction":[{"@type":"SearchAction","target":{"@type":"EntryPoint","urlTemplate":"https:\/\/www.easyledstore.it\/es\/?s={search_term_string}"},"query-input":{"@type":"PropertyValueSpecification","valueRequired":true,"valueName":"search_term_string"}}],"inLanguage":"es"},{"@type":"Organization","@id":"https:\/\/www.easyledstore.it\/es\/#organization","name":"LTC Lighting Trading Company srls","url":"https:\/\/www.easyledstore.it\/es\/","logo":{"@type":"ImageObject","inLanguage":"es","@id":"https:\/\/www.easyledstore.it\/es\/#\/schema\/logo\/image\/","url":"https:\/\/www.easyledstore.it\/wp-content\/uploads\/2018\/03\/Landscape-FullColor-2000.png","contentUrl":"https:\/\/www.easyledstore.it\/wp-content\/uploads\/2018\/03\/Landscape-FullColor-2000.png","width":2000,"height":641,"caption":"LTC Lighting Trading Company srls"},"image":{"@id":"https:\/\/www.easyledstore.it\/es\/#\/schema\/logo\/image\/"},"sameAs":["https:\/\/www.facebook.com\/easyledstore"]}]}},"_links":{"self":[{"href":"https:\/\/www.easyledstore.it\/es\/wp-json\/wp\/v2\/product\/11366","targetHints":{"allow":["GET"]}}],"collection":[{"href":"https:\/\/www.easyledstore.it\/es\/wp-json\/wp\/v2\/product"}],"about":[{"href":"https:\/\/www.easyledstore.it\/es\/wp-json\/wp\/v2\/types\/product"}],"replies":[{"embeddable":true,"href":"https:\/\/www.easyledstore.it\/es\/wp-json\/wp\/v2\/comments?post=11366"}],"wp:featuredmedia":[{"embeddable":true,"href":"https:\/\/www.easyledstore.it\/es\/wp-json\/wp\/v2\/media\/11368"}],"wp:attachment":[{"href":"https:\/\/www.easyledstore.it\/es\/wp-json\/wp\/v2\/media?parent=11366"}],"wp:term":[{"taxonomy":"product_brand","embeddable":true,"href":"https:\/\/www.easyledstore.it\/es\/wp-json\/wp\/v2\/product_brand?post=11366"},{"taxonomy":"product_cat","embeddable":true,"href":"https:\/\/www.easyledstore.it\/es\/wp-json\/wp\/v2\/product_cat?post=11366"},{"taxonomy":"product_tag","embeddable":true,"href":"https:\/\/www.easyledstore.it\/es\/wp-json\/wp\/v2\/product_tag?post=11366"}],"curies":[{"name":"wp","href":"https:\/\/api.w.org\/{rel}","templated":true}]}}