{"id":11340,"date":"2025-09-01T09:35:26","date_gmt":"2025-09-01T07:35:26","guid":{"rendered":"https:\/\/www.easyledstore.it\/prodotto\/regulador-led-rf-12-24v-con-mando-a-distancia-de-11-teclas-regulador-8a\/"},"modified":"2025-09-01T09:35:26","modified_gmt":"2025-09-01T07:35:26","slug":"regulador-led-rf-12-24v-con-mando-a-distancia-de-11-teclas-regulador-8a","status":"publish","type":"product","link":"https:\/\/www.easyledstore.it\/es\/producto\/regulador-led-rf-12-24v-con-mando-a-distancia-de-11-teclas-regulador-8a\/","title":{"rendered":"Regulador LED RF 12-24V con mando a distancia de 11 teclas &#8211; Regulador 8A"},"content":{"rendered":"<p data-start=\"941\" data-end=\"1302\">El <strong data-start=\"944\" data-end=\"984\">Regulador LED RF 12-24V con mando a distancia<\/strong> es la soluci\u00f3n ideal para quienes desean tener un control total de su iluminaci\u00f3n LED de forma sencilla, pr\u00e1ctica y r\u00e1pida. Gracias al mando a distancia de 11 botones incluido, puedes ajustar la intensidad luminosa de las tiras de LED y crear el ambiente perfecto para cada ocasi\u00f3n, tanto en casa como en entornos comerciales. <\/p>\n<p data-start=\"1304\" data-end=\"1664\">Este regulador funciona con una fuente de alimentaci\u00f3n <strong data-start=\"1345\" data-end=\"1359\">de 12V-24V CC<\/strong> y ofrece una salida de corriente m\u00e1xima de <strong data-start=\"1405\" data-end=\"1411\">8A<\/strong>, lo que garantiza un alto rendimiento y compatibilidad con varios tipos de tiras LED monocrom\u00e1ticas. Su capacidad de manejo de potencia es de hasta <strong data-start=\"1561\" data-end=\"1574\">96 W a 12 V<\/strong> y <strong data-start=\"1577\" data-end=\"1591\">192 W a 24 V<\/strong>, lo que lo hace adecuado para instalaciones medianas y grandes. <\/p>\n<p data-start=\"1666\" data-end=\"2136\">Una de las principales ventajas del <strong data-start=\"1698\" data-end=\"1738\">Regulador LED RF 12-24V con<\/strong> mando a distancia es la comodidad del control remoto. De hecho, el mando a distancia RF (radiofrecuencia) te permite gestionar el nivel de luminosidad sin tener que estar cerca del aparato, ofreciendo mayor libertad que los cl\u00e1sicos reguladores manuales. Con sus 11 botones, te permite encender, apagar, aumentar o disminuir la luminosidad y almacenar tus ajustes favoritos para un uso a\u00fan m\u00e1s intuitivo.  <\/p>\n<p data-start=\"2138\" data-end=\"2517\">Desde el punto de vista de la instalaci\u00f3n, el regulador es extremadamente f\u00e1cil de conectar gracias a los terminales de tornillo que permiten un cableado seguro y estable. Su dise\u00f1o compacto y robusto lo hace adecuado para muchos contextos diferentes: hogares, tiendas, oficinas, salas de exposiciones, bares y restaurantes. Es la elecci\u00f3n perfecta para quienes desean personalizar su iluminaci\u00f3n sin complicaciones t\u00e9cnicas.  <\/p>\n<p data-start=\"2519\" data-end=\"2729\">Adem\u00e1s, este controlador RF LED contribuye al ahorro de energ\u00eda, ya que permite reducir la intensidad de la luz cuando no se necesita la m\u00e1xima potencia, aumentando as\u00ed la vida \u00fatil de las tiras LED.<\/p>\n<p data-start=\"2731\" data-end=\"3098\">En resumen, el <strong data-start=\"2746\" data-end=\"2786\">Regulador LED RF 12-24V con mando a distancia<\/strong> es un accesorio indispensable para quienes desean un control flexible, fiable y moderno de su iluminaci\u00f3n LED. Con sus avanzadas caracter\u00edsticas t\u00e9cnicas, su potencia gestionada de hasta 192 W y la comodidad del mando a distancia RF, es una soluci\u00f3n completa para cualquier necesidad de iluminaci\u00f3n. <\/p>\n","protected":false},"excerpt":{"rendered":"<p>Regulador de luminosidad LED RF 12-24V con mando a distancia de 11 botones, salida de 8 A y hasta 192 W de potencia. Ajusta f\u00e1cilmente el brillo de tus tiras LED con comodidad y precisi\u00f3n. <\/p>\n","protected":false},"featured_media":11344,"comment_status":"open","ping_status":"closed","template":"","meta":[],"product_brand":[],"product_cat":[1786,1749],"product_tag":[1070,1857,1213,1856],"class_list":{"0":"post-11340","1":"product","2":"type-product","3":"status-publish","4":"has-post-thumbnail","6":"product_cat-regulador-de-intensidad","7":"product_cat-unidades-de-control","8":"product_tag-12v","9":"product_tag-192w","10":"product_tag-24v","11":"product_tag-96w","13":"first","14":"instock","15":"taxable","16":"shipping-taxable","17":"purchasable","18":"product-type-simple"},"yoast_head":"<!-- This site is optimized with the Yoast SEO plugin v27.3 - https:\/\/yoast.com\/product\/yoast-seo-wordpress\/ -->\n<title>Regulador LED RF 12-24V con mando a distancia de 11 teclas<\/title>\n<meta name=\"description\" content=\"Descubre el regulador LED RF 12-24V con mando a distancia de 11 botones, ideal para ajustar la intensidad luminosa de tus tiras LED. Potencia de hasta 192 W, salida de 8 A.\" \/>\n<meta name=\"robots\" content=\"index, follow, max-snippet:-1, max-image-preview:large, max-video-preview:-1\" \/>\n<link rel=\"canonical\" href=\"https:\/\/www.easyledstore.it\/es\/producto\/regulador-led-rf-12-24v-con-mando-a-distancia-de-11-teclas-regulador-8a\/\" \/>\n<meta property=\"og:locale\" content=\"es_ES\" \/>\n<meta property=\"og:type\" content=\"article\" \/>\n<meta property=\"og:title\" content=\"Regulador LED RF 12-24V con mando a distancia de 11 teclas\" \/>\n<meta property=\"og:description\" content=\"Descubre el regulador LED RF 12-24V con mando a distancia de 11 botones, ideal para ajustar la intensidad luminosa de tus tiras LED. Potencia de hasta 192 W, salida de 8 A.\" \/>\n<meta property=\"og:url\" content=\"https:\/\/www.easyledstore.it\/es\/producto\/regulador-led-rf-12-24v-con-mando-a-distancia-de-11-teclas-regulador-8a\/\" \/>\n<meta property=\"og:site_name\" content=\"Easyledstore\" \/>\n<meta property=\"article:publisher\" content=\"https:\/\/www.facebook.com\/easyledstore\" \/>\n<meta property=\"og:image\" content=\"https:\/\/www.easyledstore.it\/wp-content\/uploads\/2025\/08\/5-scaled.jpg\" \/>\n\t<meta property=\"og:image:width\" content=\"2560\" \/>\n\t<meta property=\"og:image:height\" content=\"2560\" \/>\n\t<meta property=\"og:image:type\" content=\"image\/jpeg\" \/>\n<meta name=\"twitter:card\" content=\"summary_large_image\" \/>\n<meta name=\"twitter:label1\" content=\"Tiempo de lectura\" \/>\n\t<meta name=\"twitter:data1\" content=\"2 minuto\" \/>\n<!-- \/ Yoast SEO plugin. -->","yoast_head_json":{"title":"Regulador LED RF 12-24V con mando a distancia de 11 teclas","description":"Descubre el regulador LED RF 12-24V con mando a distancia de 11 botones, ideal para ajustar la intensidad luminosa de tus tiras LED. Potencia de hasta 192 W, salida de 8 A.","robots":{"index":"index","follow":"follow","max-snippet":"max-snippet:-1","max-image-preview":"max-image-preview:large","max-video-preview":"max-video-preview:-1"},"canonical":"https:\/\/www.easyledstore.it\/es\/producto\/regulador-led-rf-12-24v-con-mando-a-distancia-de-11-teclas-regulador-8a\/","og_locale":"es_ES","og_type":"article","og_title":"Regulador LED RF 12-24V con mando a distancia de 11 teclas","og_description":"Descubre el regulador LED RF 12-24V con mando a distancia de 11 botones, ideal para ajustar la intensidad luminosa de tus tiras LED. Potencia de hasta 192 W, salida de 8 A.","og_url":"https:\/\/www.easyledstore.it\/es\/producto\/regulador-led-rf-12-24v-con-mando-a-distancia-de-11-teclas-regulador-8a\/","og_site_name":"Easyledstore","article_publisher":"https:\/\/www.facebook.com\/easyledstore","og_image":[{"width":2560,"height":2560,"url":"https:\/\/www.easyledstore.it\/wp-content\/uploads\/2025\/08\/5-scaled.jpg","type":"image\/jpeg"}],"twitter_card":"summary_large_image","twitter_misc":{"Tiempo de lectura":"2 minuto"},"schema":{"@context":"https:\/\/schema.org","@graph":[{"@type":"WebPage","@id":"https:\/\/www.easyledstore.it\/es\/producto\/regulador-led-rf-12-24v-con-mando-a-distancia-de-11-teclas-regulador-8a\/","url":"https:\/\/www.easyledstore.it\/es\/producto\/regulador-led-rf-12-24v-con-mando-a-distancia-de-11-teclas-regulador-8a\/","name":"Regulador LED RF 12-24V con mando a distancia de 11 teclas","isPartOf":{"@id":"https:\/\/www.easyledstore.it\/es\/#website"},"primaryImageOfPage":{"@id":"https:\/\/www.easyledstore.it\/es\/producto\/regulador-led-rf-12-24v-con-mando-a-distancia-de-11-teclas-regulador-8a\/#primaryimage"},"image":{"@id":"https:\/\/www.easyledstore.it\/es\/producto\/regulador-led-rf-12-24v-con-mando-a-distancia-de-11-teclas-regulador-8a\/#primaryimage"},"thumbnailUrl":"https:\/\/www.easyledstore.it\/wp-content\/uploads\/2025\/08\/5-scaled.jpg","datePublished":"2025-09-01T07:35:26+00:00","description":"Descubre el regulador LED RF 12-24V con mando a distancia de 11 botones, ideal para ajustar la intensidad luminosa de tus tiras LED. Potencia de hasta 192 W, salida de 8 A.","breadcrumb":{"@id":"https:\/\/www.easyledstore.it\/es\/producto\/regulador-led-rf-12-24v-con-mando-a-distancia-de-11-teclas-regulador-8a\/#breadcrumb"},"inLanguage":"es","potentialAction":[{"@type":"ReadAction","target":["https:\/\/www.easyledstore.it\/es\/producto\/regulador-led-rf-12-24v-con-mando-a-distancia-de-11-teclas-regulador-8a\/"]}]},{"@type":"ImageObject","inLanguage":"es","@id":"https:\/\/www.easyledstore.it\/es\/producto\/regulador-led-rf-12-24v-con-mando-a-distancia-de-11-teclas-regulador-8a\/#primaryimage","url":"https:\/\/www.easyledstore.it\/wp-content\/uploads\/2025\/08\/5-scaled.jpg","contentUrl":"https:\/\/www.easyledstore.it\/wp-content\/uploads\/2025\/08\/5-scaled.jpg","width":2560,"height":2560,"caption":"Led Single Color Dimmer"},{"@type":"BreadcrumbList","@id":"https:\/\/www.easyledstore.it\/es\/producto\/regulador-led-rf-12-24v-con-mando-a-distancia-de-11-teclas-regulador-8a\/#breadcrumb","itemListElement":[{"@type":"ListItem","position":1,"name":"Home","item":"https:\/\/www.easyledstore.it\/es\/modulos-de-senalizacion-led\/"},{"@type":"ListItem","position":2,"name":"Tienda IT","item":"https:\/\/www.easyledstore.it\/es\/tienda\/"},{"@type":"ListItem","position":3,"name":"Regulador LED RF 12-24V con mando a distancia de 11 teclas &#8211; Regulador 8A"}]},{"@type":"WebSite","@id":"https:\/\/www.easyledstore.it\/es\/#website","url":"https:\/\/www.easyledstore.it\/es\/","name":"Easyledstore","description":"Alimentatori e Moduli LED per Insegne Luminose","publisher":{"@id":"https:\/\/www.easyledstore.it\/es\/#organization"},"potentialAction":[{"@type":"SearchAction","target":{"@type":"EntryPoint","urlTemplate":"https:\/\/www.easyledstore.it\/es\/?s={search_term_string}"},"query-input":{"@type":"PropertyValueSpecification","valueRequired":true,"valueName":"search_term_string"}}],"inLanguage":"es"},{"@type":"Organization","@id":"https:\/\/www.easyledstore.it\/es\/#organization","name":"LTC Lighting Trading Company srls","url":"https:\/\/www.easyledstore.it\/es\/","logo":{"@type":"ImageObject","inLanguage":"es","@id":"https:\/\/www.easyledstore.it\/es\/#\/schema\/logo\/image\/","url":"https:\/\/www.easyledstore.it\/wp-content\/uploads\/2018\/03\/Landscape-FullColor-2000.png","contentUrl":"https:\/\/www.easyledstore.it\/wp-content\/uploads\/2018\/03\/Landscape-FullColor-2000.png","width":2000,"height":641,"caption":"LTC Lighting Trading Company srls"},"image":{"@id":"https:\/\/www.easyledstore.it\/es\/#\/schema\/logo\/image\/"},"sameAs":["https:\/\/www.facebook.com\/easyledstore"]}]}},"_links":{"self":[{"href":"https:\/\/www.easyledstore.it\/es\/wp-json\/wp\/v2\/product\/11340","targetHints":{"allow":["GET"]}}],"collection":[{"href":"https:\/\/www.easyledstore.it\/es\/wp-json\/wp\/v2\/product"}],"about":[{"href":"https:\/\/www.easyledstore.it\/es\/wp-json\/wp\/v2\/types\/product"}],"replies":[{"embeddable":true,"href":"https:\/\/www.easyledstore.it\/es\/wp-json\/wp\/v2\/comments?post=11340"}],"wp:featuredmedia":[{"embeddable":true,"href":"https:\/\/www.easyledstore.it\/es\/wp-json\/wp\/v2\/media\/11344"}],"wp:attachment":[{"href":"https:\/\/www.easyledstore.it\/es\/wp-json\/wp\/v2\/media?parent=11340"}],"wp:term":[{"taxonomy":"product_brand","embeddable":true,"href":"https:\/\/www.easyledstore.it\/es\/wp-json\/wp\/v2\/product_brand?post=11340"},{"taxonomy":"product_cat","embeddable":true,"href":"https:\/\/www.easyledstore.it\/es\/wp-json\/wp\/v2\/product_cat?post=11340"},{"taxonomy":"product_tag","embeddable":true,"href":"https:\/\/www.easyledstore.it\/es\/wp-json\/wp\/v2\/product_tag?post=11340"}],"curies":[{"name":"wp","href":"https:\/\/api.w.org\/{rel}","templated":true}]}}