{"id":11310,"date":"2025-09-01T09:09:02","date_gmt":"2025-09-01T07:09:02","guid":{"rendered":"https:\/\/www.easyledstore.it\/prodotto\/controlador-led-rgb-12v-24v-3ch-18a-con-mando-a-distancia-de-24-botones\/"},"modified":"2025-09-01T09:09:02","modified_gmt":"2025-09-01T07:09:02","slug":"controlador-led-rgb-12v-24v-3ch-18a-con-mando-a-distancia-de-24-botones","status":"publish","type":"product","link":"https:\/\/www.easyledstore.it\/es\/producto\/controlador-led-rgb-12v-24v-3ch-18a-con-mando-a-distancia-de-24-botones\/","title":{"rendered":"Controlador LED RGB 12V-24V 3CH 18A con mando a distancia de 24 botones"},"content":{"rendered":"<p data-start=\"931\" data-end=\"1275\">El <strong data-start=\"934\" data-end=\"981\">controlador LED RGB con mando a distancia de 24 botones<\/strong> es la soluci\u00f3n ideal para quienes desean gestionar f\u00e1cilmente sus tiras de luz multicolor con un solo dispositivo. Este mando te permite controlar la intensidad, los colores y los modos din\u00e1micos de tus luces, transformando cualquier habitaci\u00f3n en un espacio acogedor y personalizado. <\/p>\n<p data-start=\"1277\" data-end=\"1574\">Compatible con tiras de LED RGB <strong data-start=\"1311\" data-end=\"1324\">de 12 V y 24 V<\/strong>, el dispositivo admite una potencia m\u00e1xima de 216 W a 12 V y de hasta 432 W a 24 V, lo que garantiza un uso vers\u00e1til y de alto rendimiento. La salida de 3 canales con corriente de hasta 18 A permite gestionar grandes instalaciones de luz sin p\u00e9rdida de calidad. <\/p>\n<p data-start=\"1576\" data-end=\"1958\">El <strong data-start=\"1579\" data-end=\"1605\">mando a distancia de 24 botones<\/strong> incluido es sencillo e intuitivo, y ofrece la posibilidad de elegir entre una amplia gama de colores, ajustar el brillo y programar varios efectos de iluminaci\u00f3n, como fundidos, estrobosc\u00f3picos y cambios de color autom\u00e1ticos. Gracias a la tecnolog\u00eda RF, la se\u00f1al no requiere una l\u00ednea directa con el mando, lo que garantiza un alcance amplio y estable. <\/p>\n<p data-start=\"1960\" data-end=\"2341\">El <strong data-start=\"1963\" data-end=\"2010\">controlador de LED RGB con mando a distancia de 24 botones<\/strong> tambi\u00e9n destaca por su facilidad de instalaci\u00f3n: basta con conectarlo entre la fuente de alimentaci\u00f3n y la tira de LED para tener inmediatamente todo el control. Es un accesorio perfecto tanto para aplicaciones dom\u00e9sticas, como salones, dormitorios y cocinas, como para entornos profesionales, como tiendas, escaparates, clubes y restaurantes. <\/p>\n<p data-start=\"2343\" data-end=\"2640\">T\u00e9cnicamente, el controlador ofrece una entrada y una salida de tensi\u00f3n continua <strong data-start=\"2432\" data-end=\"2446\">de 12 V-24 V<\/strong>, con protecci\u00f3n integrada contra sobrecargas y cortocircuitos. Su dise\u00f1o compacto y robusto garantiza una larga vida \u00fatil y un funcionamiento fiable incluso con un uso intensivo. <\/p>\n<p data-start=\"2642\" data-end=\"2969\">Con este controlador, puedes crear ambientes llamativos y din\u00e1micos, adaptando la iluminaci\u00f3n a distintas ocasiones: desde una relajante velada en casa hasta un evento especial o una fiesta. La combinaci\u00f3n de potencia, comodidad y fiabilidad lo convierte en una herramienta indispensable para cualquiera que utilice tiras de LED RGB. <\/p>\n<p data-start=\"2971\" data-end=\"3312\">En conclusi\u00f3n, el <strong data-start=\"2990\" data-end=\"3037\">controlador LED RGB con mando a distancia de 24 botones<\/strong> es una soluci\u00f3n vers\u00e1til, segura y de alta calidad para controlar la iluminaci\u00f3n LED. Gracias a su compatibilidad universal y facilidad de uso, es el accesorio perfecto para hacer que cualquier instalaci\u00f3n de iluminaci\u00f3n sea a\u00fan m\u00e1s eficiente y atractiva. <\/p>\n","protected":false},"excerpt":{"rendered":"<p>Controlador LED RGB con mando a distancia de 24 botones, ideal para controlar tiras luminosas de 12 V y 24 V de hasta 432 W. Ofrece control total del color, ajuste de intensidad y modos din\u00e1micos. F\u00e1cil de instalar, garantiza un alto rendimiento y una larga vida \u00fatil.  <\/p>\n","protected":false},"featured_media":11312,"comment_status":"open","ping_status":"closed","template":"","meta":[],"product_brand":[],"product_cat":[1750,1749],"product_tag":[1070,1760,1213],"class_list":{"0":"post-11310","1":"product","2":"type-product","3":"status-publish","4":"has-post-thumbnail","6":"product_cat-controlador","7":"product_cat-unidades-de-control","8":"product_tag-12v","9":"product_tag-216w-432w","10":"product_tag-24v","12":"first","13":"instock","14":"taxable","15":"shipping-taxable","16":"purchasable","17":"product-type-simple"},"yoast_head":"<!-- This site is optimized with the Yoast SEO plugin v27.3 - https:\/\/yoast.com\/product\/yoast-seo-wordpress\/ -->\n<title>Controlador LED RGB 12V-24V 3CH 18A con mando a distancia de 24 botones - Easyledstore<\/title>\n<meta name=\"description\" content=\"Controlador LED RGB con mando a distancia de 24 botones, compatible con tiras LED de 12V-24V de hasta 432W. F\u00e1cil de usar, preciso y fiable.\" \/>\n<meta name=\"robots\" content=\"index, follow, max-snippet:-1, max-image-preview:large, max-video-preview:-1\" \/>\n<link rel=\"canonical\" href=\"https:\/\/www.easyledstore.it\/es\/producto\/controlador-led-rgb-12v-24v-3ch-18a-con-mando-a-distancia-de-24-botones\/\" \/>\n<meta property=\"og:locale\" content=\"es_ES\" \/>\n<meta property=\"og:type\" content=\"article\" \/>\n<meta property=\"og:title\" content=\"Controlador LED RGB 12V-24V 3CH 18A con mando a distancia de 24 botones - Easyledstore\" \/>\n<meta property=\"og:description\" content=\"Controlador LED RGB con mando a distancia de 24 botones, compatible con tiras LED de 12V-24V de hasta 432W. F\u00e1cil de usar, preciso y fiable.\" \/>\n<meta property=\"og:url\" content=\"https:\/\/www.easyledstore.it\/es\/producto\/controlador-led-rgb-12v-24v-3ch-18a-con-mando-a-distancia-de-24-botones\/\" \/>\n<meta property=\"og:site_name\" content=\"Easyledstore\" \/>\n<meta property=\"article:publisher\" content=\"https:\/\/www.facebook.com\/easyledstore\" \/>\n<meta property=\"og:image\" content=\"https:\/\/www.easyledstore.it\/wp-content\/uploads\/2025\/08\/2-scaled.jpg\" \/>\n\t<meta property=\"og:image:width\" content=\"2560\" \/>\n\t<meta property=\"og:image:height\" content=\"2560\" \/>\n\t<meta property=\"og:image:type\" content=\"image\/jpeg\" \/>\n<meta name=\"twitter:card\" content=\"summary_large_image\" \/>\n<meta name=\"twitter:label1\" content=\"Tiempo de lectura\" \/>\n\t<meta name=\"twitter:data1\" content=\"2 minuto\" \/>\n<!-- \/ Yoast SEO plugin. -->","yoast_head_json":{"title":"Controlador LED RGB 12V-24V 3CH 18A con mando a distancia de 24 botones - Easyledstore","description":"Controlador LED RGB con mando a distancia de 24 botones, compatible con tiras LED de 12V-24V de hasta 432W. F\u00e1cil de usar, preciso y fiable.","robots":{"index":"index","follow":"follow","max-snippet":"max-snippet:-1","max-image-preview":"max-image-preview:large","max-video-preview":"max-video-preview:-1"},"canonical":"https:\/\/www.easyledstore.it\/es\/producto\/controlador-led-rgb-12v-24v-3ch-18a-con-mando-a-distancia-de-24-botones\/","og_locale":"es_ES","og_type":"article","og_title":"Controlador LED RGB 12V-24V 3CH 18A con mando a distancia de 24 botones - Easyledstore","og_description":"Controlador LED RGB con mando a distancia de 24 botones, compatible con tiras LED de 12V-24V de hasta 432W. F\u00e1cil de usar, preciso y fiable.","og_url":"https:\/\/www.easyledstore.it\/es\/producto\/controlador-led-rgb-12v-24v-3ch-18a-con-mando-a-distancia-de-24-botones\/","og_site_name":"Easyledstore","article_publisher":"https:\/\/www.facebook.com\/easyledstore","og_image":[{"width":2560,"height":2560,"url":"https:\/\/www.easyledstore.it\/wp-content\/uploads\/2025\/08\/2-scaled.jpg","type":"image\/jpeg"}],"twitter_card":"summary_large_image","twitter_misc":{"Tiempo de lectura":"2 minuto"},"schema":{"@context":"https:\/\/schema.org","@graph":[{"@type":"WebPage","@id":"https:\/\/www.easyledstore.it\/es\/producto\/controlador-led-rgb-12v-24v-3ch-18a-con-mando-a-distancia-de-24-botones\/","url":"https:\/\/www.easyledstore.it\/es\/producto\/controlador-led-rgb-12v-24v-3ch-18a-con-mando-a-distancia-de-24-botones\/","name":"Controlador LED RGB 12V-24V 3CH 18A con mando a distancia de 24 botones - Easyledstore","isPartOf":{"@id":"https:\/\/www.easyledstore.it\/es\/#website"},"primaryImageOfPage":{"@id":"https:\/\/www.easyledstore.it\/es\/producto\/controlador-led-rgb-12v-24v-3ch-18a-con-mando-a-distancia-de-24-botones\/#primaryimage"},"image":{"@id":"https:\/\/www.easyledstore.it\/es\/producto\/controlador-led-rgb-12v-24v-3ch-18a-con-mando-a-distancia-de-24-botones\/#primaryimage"},"thumbnailUrl":"https:\/\/www.easyledstore.it\/wp-content\/uploads\/2025\/08\/2-scaled.jpg","datePublished":"2025-09-01T07:09:02+00:00","description":"Controlador LED RGB con mando a distancia de 24 botones, compatible con tiras LED de 12V-24V de hasta 432W. F\u00e1cil de usar, preciso y fiable.","breadcrumb":{"@id":"https:\/\/www.easyledstore.it\/es\/producto\/controlador-led-rgb-12v-24v-3ch-18a-con-mando-a-distancia-de-24-botones\/#breadcrumb"},"inLanguage":"es","potentialAction":[{"@type":"ReadAction","target":["https:\/\/www.easyledstore.it\/es\/producto\/controlador-led-rgb-12v-24v-3ch-18a-con-mando-a-distancia-de-24-botones\/"]}]},{"@type":"ImageObject","inLanguage":"es","@id":"https:\/\/www.easyledstore.it\/es\/producto\/controlador-led-rgb-12v-24v-3ch-18a-con-mando-a-distancia-de-24-botones\/#primaryimage","url":"https:\/\/www.easyledstore.it\/wp-content\/uploads\/2025\/08\/2-scaled.jpg","contentUrl":"https:\/\/www.easyledstore.it\/wp-content\/uploads\/2025\/08\/2-scaled.jpg","width":2560,"height":2560,"caption":"RGB RF Controller"},{"@type":"BreadcrumbList","@id":"https:\/\/www.easyledstore.it\/es\/producto\/controlador-led-rgb-12v-24v-3ch-18a-con-mando-a-distancia-de-24-botones\/#breadcrumb","itemListElement":[{"@type":"ListItem","position":1,"name":"Home","item":"https:\/\/www.easyledstore.it\/es\/modulos-de-senalizacion-led\/"},{"@type":"ListItem","position":2,"name":"Tienda IT","item":"https:\/\/www.easyledstore.it\/es\/tienda\/"},{"@type":"ListItem","position":3,"name":"Controlador LED RGB 12V-24V 3CH 18A con mando a distancia de 24 botones"}]},{"@type":"WebSite","@id":"https:\/\/www.easyledstore.it\/es\/#website","url":"https:\/\/www.easyledstore.it\/es\/","name":"Easyledstore","description":"Alimentatori e Moduli LED per Insegne Luminose","publisher":{"@id":"https:\/\/www.easyledstore.it\/es\/#organization"},"potentialAction":[{"@type":"SearchAction","target":{"@type":"EntryPoint","urlTemplate":"https:\/\/www.easyledstore.it\/es\/?s={search_term_string}"},"query-input":{"@type":"PropertyValueSpecification","valueRequired":true,"valueName":"search_term_string"}}],"inLanguage":"es"},{"@type":"Organization","@id":"https:\/\/www.easyledstore.it\/es\/#organization","name":"LTC Lighting Trading Company srls","url":"https:\/\/www.easyledstore.it\/es\/","logo":{"@type":"ImageObject","inLanguage":"es","@id":"https:\/\/www.easyledstore.it\/es\/#\/schema\/logo\/image\/","url":"https:\/\/www.easyledstore.it\/wp-content\/uploads\/2018\/03\/Landscape-FullColor-2000.png","contentUrl":"https:\/\/www.easyledstore.it\/wp-content\/uploads\/2018\/03\/Landscape-FullColor-2000.png","width":2000,"height":641,"caption":"LTC Lighting Trading Company srls"},"image":{"@id":"https:\/\/www.easyledstore.it\/es\/#\/schema\/logo\/image\/"},"sameAs":["https:\/\/www.facebook.com\/easyledstore"]}]}},"_links":{"self":[{"href":"https:\/\/www.easyledstore.it\/es\/wp-json\/wp\/v2\/product\/11310","targetHints":{"allow":["GET"]}}],"collection":[{"href":"https:\/\/www.easyledstore.it\/es\/wp-json\/wp\/v2\/product"}],"about":[{"href":"https:\/\/www.easyledstore.it\/es\/wp-json\/wp\/v2\/types\/product"}],"replies":[{"embeddable":true,"href":"https:\/\/www.easyledstore.it\/es\/wp-json\/wp\/v2\/comments?post=11310"}],"wp:featuredmedia":[{"embeddable":true,"href":"https:\/\/www.easyledstore.it\/es\/wp-json\/wp\/v2\/media\/11312"}],"wp:attachment":[{"href":"https:\/\/www.easyledstore.it\/es\/wp-json\/wp\/v2\/media?parent=11310"}],"wp:term":[{"taxonomy":"product_brand","embeddable":true,"href":"https:\/\/www.easyledstore.it\/es\/wp-json\/wp\/v2\/product_brand?post=11310"},{"taxonomy":"product_cat","embeddable":true,"href":"https:\/\/www.easyledstore.it\/es\/wp-json\/wp\/v2\/product_cat?post=11310"},{"taxonomy":"product_tag","embeddable":true,"href":"https:\/\/www.easyledstore.it\/es\/wp-json\/wp\/v2\/product_tag?post=11310"}],"curies":[{"name":"wp","href":"https:\/\/api.w.org\/{rel}","templated":true}]}}