{"id":11302,"date":"2025-09-11T09:18:56","date_gmt":"2025-09-11T07:18:56","guid":{"rendered":"https:\/\/www.easyledstore.it\/prodotto\/fuente-de-alimentacion-novadrive-24v-100w-nwp\/"},"modified":"2025-09-11T09:18:56","modified_gmt":"2025-09-11T07:18:56","slug":"fuente-de-alimentacion-novadrive-24v-100w-nwp","status":"publish","type":"product","link":"https:\/\/www.easyledstore.it\/es\/producto\/fuente-de-alimentacion-novadrive-24v-100w-nwp\/","title":{"rendered":"Fuente de alimentaci\u00f3n NovaDrive &#8211; 24V &#8211; 100W &#8211; NWP"},"content":{"rendered":"<p data-start=\"200\" data-end=\"633\">La<strong data-start=\"202\" data-end=\"268\">fuente de alimentaci\u00f3n no estanca Novadrive ND-24V-100W-NWP 24V 100W<\/strong> es un dispositivo dise\u00f1ado para garantizar la fiabilidad, estabilidad y seguridad al suministrar energ\u00eda a sistemas de baja tensi\u00f3n. Con una salida constante de <strong data-start=\"421\" data-end=\"439\">24 V CC -4,17 A<\/strong> y una potencia m\u00e1xima de <strong data-start=\"465\" data-end=\"473\">100 W<\/strong>, es la soluci\u00f3n ideal para alimentar con seguridad <strong data-start=\"527\" data-end=\"630\">tiras de LED, r\u00f3tulos luminosos, m\u00f3dulos LED, equipos electr\u00f3nicos y peque\u00f1os dispositivos industriales.<\/strong> <\/p>\n<p data-start=\"635\" data-end=\"965\">Esta fuente de alimentaci\u00f3n de 24 V y 100 W no estanca est\u00e1 dise\u00f1ada para aplicaciones de <strong data-start=\"706\" data-end=\"716\">interior<\/strong>, por lo que no es adecuada para su instalaci\u00f3n en exteriores o expuesta al agua y la humedad. Sus dimensiones compactas de <strong data-start=\"834\" data-end=\"854\">110 x 35 x 80 mm<\/strong> permiten una instalaci\u00f3n pr\u00e1ctica incluso en espacios reducidos, sin comprometer la potencia ni la fiabilidad. <\/p>\n<p data-start=\"967\" data-end=\"1306\">El cuerpo met\u00e1lico asegura una excelente disipaci\u00f3n del calor y una larga vida \u00fatil, mientras que <strong data-start=\"1060\" data-end=\"1084\">las protecciones integradas<\/strong> contra cortocircuitos, sobrecargas y sobrecalentamiento garantizan la m\u00e1xima seguridad. Gracias a la entrada universal <strong data-start=\"1203\" data-end=\"1217\">de 170-250 VCA<\/strong>, es compatible con las redes el\u00e9ctricas est\u00e1ndar y garantiza un bajo consumo (1 A a 230 V). <\/p>\n<p data-start=\"1308\" data-end=\"1681\">Otro punto fuerte de la fuente de alimentaci\u00f3n no estanca de 12 V y 100 W es su estabilidad: mantiene un voltaje constante incluso en caso de variaciones de carga, protegiendo a los dispositivos conectados de las subidas de tensi\u00f3n. Esto la hace perfecta para <strong data-start=\"1560\" data-end=\"1678\">instalaciones LED profesionales, sistemas de videovigilancia, unidades de control electr\u00f3nico y peque\u00f1os sistemas de automatizaci\u00f3n.<\/strong> <\/p>\n<p data-start=\"1683\" data-end=\"1971\">La instalaci\u00f3n es sencilla gracias a los orificios de fijaci\u00f3n pretaladrados y a unas conexiones claras e intuitivas. Su dise\u00f1o compacto y robusto lo hace adecuado para un uso continuado sin p\u00e9rdida de rendimiento, garantizando su fiabilidad tanto en entornos <strong data-start=\"1937\" data-end=\"1968\">dom\u00e9sticos como profesionales<\/strong>. <\/p>\n<p data-start=\"1973\" data-end=\"2235\">En conclusi\u00f3n, la fuente de alimentaci\u00f3n no estanca Novadrive 24V 100W combina <strong data-start=\"2045\" data-end=\"2083\">eficacia, protecci\u00f3n y comodidad<\/strong> en un formato compacto. Un producto de calidad dise\u00f1ado para quienes buscan una soluci\u00f3n segura y duradera para alimentar sus dispositivos electr\u00f3nicos. <\/p>\n<p><strong style=\"font-size: 18px;\">Sigue a EasyLedStore.co.uk tambi\u00e9n en las redes sociales<\/strong><\/p>\n<ul style=\"list-style: none; padding: 0; font-size: 18px;\">\n<li style=\"text-align: left;\"><a href=\"https:\/\/www.instagram.com\/easyledstore.it\" target=\"_blank\" rel=\"noopener noreferrer nofollow\">Instagram &#8211; <\/a><a href=\"https:\/\/www.facebook.com\/easyledstore\" target=\"_blank\" rel=\"noopener noreferrer nofollow\">Facebook &#8211; <\/a><a href=\"https:\/\/www.tiktok.com\/@easyledstore.it\" target=\"_blank\" rel=\"noopener noreferrer nofollow\">TikTok &#8211; <\/a><a href=\"https:\/\/www.youtube.com\/@easyledstore4589\" target=\"_blank\" rel=\"noopener noreferrer nofollow\">YouTube<\/a><\/li>\n<\/ul>\n","protected":false},"excerpt":{"rendered":"<p>Fuente de alimentaci\u00f3n Novadrive de 24 V y 100 W no estanca, ideal para tiras de LED y dispositivos electr\u00f3nicos. Salida de 24 V CC 4,17 A, protecciones integradas y carcasa met\u00e1lica para una mayor duraci\u00f3n y seguridad. <\/p>\n","protected":false},"featured_media":11307,"comment_status":"open","ping_status":"closed","template":"","meta":[],"product_brand":[],"product_cat":[1205,1847],"product_tag":[1674,1213],"class_list":{"0":"post-11302","1":"product","2":"type-product","3":"status-publish","4":"has-post-thumbnail","6":"product_cat-fuentes-de-alimentacion","7":"product_cat-fuentes-de-alimentacion-de-interior","8":"product_tag-100w","9":"product_tag-24v","11":"first","12":"instock","13":"taxable","14":"shipping-taxable","15":"purchasable","16":"product-type-simple"},"yoast_head":"<!-- This site is optimized with the Yoast SEO plugin v27.3 - https:\/\/yoast.com\/product\/yoast-seo-wordpress\/ -->\n<title>Fuente de alimentaci\u00f3n NovaDrive - 24V - 100W - NWP - Easyledstore<\/title>\n<meta name=\"description\" content=\"Fuente de alimentaci\u00f3n Novadrive de 24 V y 100 W no estanca. Salida de 24 V CC 4,17 A, ideal para LED y dispositivos electr\u00f3nicos. Fiable, segura y f\u00e1cil de instalar.\" \/>\n<meta name=\"robots\" content=\"index, follow, max-snippet:-1, max-image-preview:large, max-video-preview:-1\" \/>\n<link rel=\"canonical\" href=\"https:\/\/www.easyledstore.it\/es\/producto\/fuente-de-alimentacion-novadrive-24v-100w-nwp\/\" \/>\n<meta property=\"og:locale\" content=\"es_ES\" \/>\n<meta property=\"og:type\" content=\"article\" \/>\n<meta property=\"og:title\" content=\"Fuente de alimentaci\u00f3n NovaDrive - 24V - 100W - NWP - Easyledstore\" \/>\n<meta property=\"og:description\" content=\"Fuente de alimentaci\u00f3n Novadrive de 24 V y 100 W no estanca. Salida de 24 V CC 4,17 A, ideal para LED y dispositivos electr\u00f3nicos. Fiable, segura y f\u00e1cil de instalar.\" \/>\n<meta property=\"og:url\" content=\"https:\/\/www.easyledstore.it\/es\/producto\/fuente-de-alimentacion-novadrive-24v-100w-nwp\/\" \/>\n<meta property=\"og:site_name\" content=\"Easyledstore\" \/>\n<meta property=\"article:publisher\" content=\"https:\/\/www.facebook.com\/easyledstore\" \/>\n<meta property=\"og:image\" content=\"https:\/\/www.easyledstore.it\/wp-content\/uploads\/2025\/08\/100-12v.jpg\" \/>\n\t<meta property=\"og:image:width\" content=\"2000\" \/>\n\t<meta property=\"og:image:height\" content=\"2000\" \/>\n\t<meta property=\"og:image:type\" content=\"image\/jpeg\" \/>\n<meta name=\"twitter:card\" content=\"summary_large_image\" \/>\n<meta name=\"twitter:label1\" content=\"Tiempo de lectura\" \/>\n\t<meta name=\"twitter:data1\" content=\"2 minuto\" \/>\n<!-- \/ Yoast SEO plugin. -->","yoast_head_json":{"title":"Fuente de alimentaci\u00f3n NovaDrive - 24V - 100W - NWP - Easyledstore","description":"Fuente de alimentaci\u00f3n Novadrive de 24 V y 100 W no estanca. Salida de 24 V CC 4,17 A, ideal para LED y dispositivos electr\u00f3nicos. Fiable, segura y f\u00e1cil de instalar.","robots":{"index":"index","follow":"follow","max-snippet":"max-snippet:-1","max-image-preview":"max-image-preview:large","max-video-preview":"max-video-preview:-1"},"canonical":"https:\/\/www.easyledstore.it\/es\/producto\/fuente-de-alimentacion-novadrive-24v-100w-nwp\/","og_locale":"es_ES","og_type":"article","og_title":"Fuente de alimentaci\u00f3n NovaDrive - 24V - 100W - NWP - Easyledstore","og_description":"Fuente de alimentaci\u00f3n Novadrive de 24 V y 100 W no estanca. Salida de 24 V CC 4,17 A, ideal para LED y dispositivos electr\u00f3nicos. Fiable, segura y f\u00e1cil de instalar.","og_url":"https:\/\/www.easyledstore.it\/es\/producto\/fuente-de-alimentacion-novadrive-24v-100w-nwp\/","og_site_name":"Easyledstore","article_publisher":"https:\/\/www.facebook.com\/easyledstore","og_image":[{"width":2000,"height":2000,"url":"https:\/\/www.easyledstore.it\/wp-content\/uploads\/2025\/08\/100-12v.jpg","type":"image\/jpeg"}],"twitter_card":"summary_large_image","twitter_misc":{"Tiempo de lectura":"2 minuto"},"schema":{"@context":"https:\/\/schema.org","@graph":[{"@type":"WebPage","@id":"https:\/\/www.easyledstore.it\/es\/producto\/fuente-de-alimentacion-novadrive-24v-100w-nwp\/","url":"https:\/\/www.easyledstore.it\/es\/producto\/fuente-de-alimentacion-novadrive-24v-100w-nwp\/","name":"Fuente de alimentaci\u00f3n NovaDrive - 24V - 100W - NWP - Easyledstore","isPartOf":{"@id":"https:\/\/www.easyledstore.it\/es\/#website"},"primaryImageOfPage":{"@id":"https:\/\/www.easyledstore.it\/es\/producto\/fuente-de-alimentacion-novadrive-24v-100w-nwp\/#primaryimage"},"image":{"@id":"https:\/\/www.easyledstore.it\/es\/producto\/fuente-de-alimentacion-novadrive-24v-100w-nwp\/#primaryimage"},"thumbnailUrl":"https:\/\/www.easyledstore.it\/wp-content\/uploads\/2025\/08\/100-12v.jpg","datePublished":"2025-09-11T07:18:56+00:00","description":"Fuente de alimentaci\u00f3n Novadrive de 24 V y 100 W no estanca. Salida de 24 V CC 4,17 A, ideal para LED y dispositivos electr\u00f3nicos. Fiable, segura y f\u00e1cil de instalar.","breadcrumb":{"@id":"https:\/\/www.easyledstore.it\/es\/producto\/fuente-de-alimentacion-novadrive-24v-100w-nwp\/#breadcrumb"},"inLanguage":"es","potentialAction":[{"@type":"ReadAction","target":["https:\/\/www.easyledstore.it\/es\/producto\/fuente-de-alimentacion-novadrive-24v-100w-nwp\/"]}]},{"@type":"ImageObject","inLanguage":"es","@id":"https:\/\/www.easyledstore.it\/es\/producto\/fuente-de-alimentacion-novadrive-24v-100w-nwp\/#primaryimage","url":"https:\/\/www.easyledstore.it\/wp-content\/uploads\/2025\/08\/100-12v.jpg","contentUrl":"https:\/\/www.easyledstore.it\/wp-content\/uploads\/2025\/08\/100-12v.jpg","width":2000,"height":2000,"caption":"Fuente de alimentaci\u00f3n ND-12V-100W-NWP"},{"@type":"BreadcrumbList","@id":"https:\/\/www.easyledstore.it\/es\/producto\/fuente-de-alimentacion-novadrive-24v-100w-nwp\/#breadcrumb","itemListElement":[{"@type":"ListItem","position":1,"name":"Home","item":"https:\/\/www.easyledstore.it\/es\/modulos-de-senalizacion-led\/"},{"@type":"ListItem","position":2,"name":"Tienda IT","item":"https:\/\/www.easyledstore.it\/es\/tienda\/"},{"@type":"ListItem","position":3,"name":"Fuente de alimentaci\u00f3n NovaDrive &#8211; 24V &#8211; 100W &#8211; NWP"}]},{"@type":"WebSite","@id":"https:\/\/www.easyledstore.it\/es\/#website","url":"https:\/\/www.easyledstore.it\/es\/","name":"Easyledstore","description":"Alimentatori e Moduli LED per Insegne Luminose","publisher":{"@id":"https:\/\/www.easyledstore.it\/es\/#organization"},"potentialAction":[{"@type":"SearchAction","target":{"@type":"EntryPoint","urlTemplate":"https:\/\/www.easyledstore.it\/es\/?s={search_term_string}"},"query-input":{"@type":"PropertyValueSpecification","valueRequired":true,"valueName":"search_term_string"}}],"inLanguage":"es"},{"@type":"Organization","@id":"https:\/\/www.easyledstore.it\/es\/#organization","name":"LTC Lighting Trading Company srls","url":"https:\/\/www.easyledstore.it\/es\/","logo":{"@type":"ImageObject","inLanguage":"es","@id":"https:\/\/www.easyledstore.it\/es\/#\/schema\/logo\/image\/","url":"https:\/\/www.easyledstore.it\/wp-content\/uploads\/2018\/03\/Landscape-FullColor-2000.png","contentUrl":"https:\/\/www.easyledstore.it\/wp-content\/uploads\/2018\/03\/Landscape-FullColor-2000.png","width":2000,"height":641,"caption":"LTC Lighting Trading Company srls"},"image":{"@id":"https:\/\/www.easyledstore.it\/es\/#\/schema\/logo\/image\/"},"sameAs":["https:\/\/www.facebook.com\/easyledstore"]}]}},"_links":{"self":[{"href":"https:\/\/www.easyledstore.it\/es\/wp-json\/wp\/v2\/product\/11302","targetHints":{"allow":["GET"]}}],"collection":[{"href":"https:\/\/www.easyledstore.it\/es\/wp-json\/wp\/v2\/product"}],"about":[{"href":"https:\/\/www.easyledstore.it\/es\/wp-json\/wp\/v2\/types\/product"}],"replies":[{"embeddable":true,"href":"https:\/\/www.easyledstore.it\/es\/wp-json\/wp\/v2\/comments?post=11302"}],"wp:featuredmedia":[{"embeddable":true,"href":"https:\/\/www.easyledstore.it\/es\/wp-json\/wp\/v2\/media\/11307"}],"wp:attachment":[{"href":"https:\/\/www.easyledstore.it\/es\/wp-json\/wp\/v2\/media?parent=11302"}],"wp:term":[{"taxonomy":"product_brand","embeddable":true,"href":"https:\/\/www.easyledstore.it\/es\/wp-json\/wp\/v2\/product_brand?post=11302"},{"taxonomy":"product_cat","embeddable":true,"href":"https:\/\/www.easyledstore.it\/es\/wp-json\/wp\/v2\/product_cat?post=11302"},{"taxonomy":"product_tag","embeddable":true,"href":"https:\/\/www.easyledstore.it\/es\/wp-json\/wp\/v2\/product_tag?post=11302"}],"curies":[{"name":"wp","href":"https:\/\/api.w.org\/{rel}","templated":true}]}}